{"id":2602,"date":"2021-03-23T02:39:48","date_gmt":"2021-03-23T02:39:48","guid":{"rendered":"https:\/\/glassbottlewholesale.com\/?post_type=product&#038;p=2602"},"modified":"2025-06-23T08:57:13","modified_gmt":"2025-06-23T08:57:13","slug":"bouteilles-de-vin-standard-de-750ml-en-gros","status":"publish","type":"product","link":"https:\/\/glassbottlewholesale.com\/fr\/bouteilles-de-vin-standard-de-750ml-en-gros\/","title":{"rendered":"RS010\u00a0: Vente en gros de bouteilles de vin standard de 750\u00a0ml"},"content":{"rendered":"<h2>Detailed Information About Standard 750ml Wine Bottles Wholesale<\/h2>\n<p>This series 750ml wine bottles wholesale is classical Bordeaux bottle, which is very common in the wine packaging. Featuring round, straight sides, allow for easy labeling, and punted bottom promotes a clean, classic look to boost shelf appeal. Green and brown glass wine bottle offered.<\/p>\n<p>As a professional empty wine bottle supplier, Ruisheng deals with all kinds of glass liquor bottles, such as wine bottles, glass whiskey bottles, brandy bottles, vodka bottles, and etc. As a professional wine bottle manufacturer, we provide OEM\/ODM\/Customized wine bottle service for Wineries, wine companies, beverage manufacturers, bottle wholesalers, etc.<\/p>\n<ul>\n<li>Item: Standard 750ml Wine Bottles Wholesale<\/li>\n<li>Fabricant : Bouteille en verre Ruisheng<\/li>\n<li>Number: RS010<\/li>\n<li>Capacit\u00e9 : 700 ml, 750 ml, 1000 ml, 2 L<\/li>\n<li>Mat\u00e9riau : verre super silex, verre blanc cristal, verre blanc co\u00fbteux.<\/li>\n<li>Utilisation : bouteille de vin en verre.<\/li>\n<li>Surface\u00a0:\u00a0Givre, d\u00e9calcomanie, peinture, marquage \u00e0 chaud, gaufrage, impression, dor\u00e9, s\u00e9rigraphie<\/li>\n<li>Logo\u00a0:\u00a0Logo du client acceptable<\/li>\n<li>\u00c9chantillon:\n<ul>\n<li>Fabrication de moules<\/li>\n<li>Gratuit par moule existant<\/li>\n<li>Comme mots ou votre dessin<\/li>\n<\/ul>\n<\/li>\n<li>Paquet\u00a0: Carton standard d\u2019exportation\u00a0; ou emballage de palettes\u00a0; Emballage de bo\u00eete FGC<\/li>\n<li>D\u00e9lai : 20-30 jours apr\u00e8s confirmation de la commande<\/li>\n<\/ul>","protected":false},"excerpt":{"rendered":"<p>Ruisheng Gass Co, Ltd, a professional glass bottle manufacturer&amp;factory, is specialized in researching, designing, manufacturing, and marketing all kinds of glassware products. The standard 750ml wine bottles wholesale is one of the most popular product categories in our company. The 750ml glass bottle is the most common glass bottle for wine packaging.<\/p>\n<h4>Concerned Information About standard 750ml wine bottles wholesale<\/h4>\n<div><strong><span class=\"mceItemHidden\"><span class=\"hiddenSpellError\">\u2013<\/span><span class=\"hiddenSpellError\">Quantit\u00e9 minimale de commande<\/span>: 10 000 pi\u00e8ces (environ 10 000\u00a0<span class=\"hiddenSpellError\">pi\u00e8ces<\/span>)<\/span><\/strong><\/div>\n<div><span class=\"mceItemHidden\"><span class=\"hiddenSpellError\">-Gratuit<\/span>\u00a0\u00c9chantillon offert. OEM\/ODM disponible<\/span><\/div>\n<div><span class=\"mceItemHidden\"><span class=\"hiddenSpellError\">-Livraison gratuite d&#039;\u00e9chantillons dans les 7 jours\u00a0; livraison de la commande en gros dans les 30 jours apr\u00e8s la confirmation de la commande.<\/span><\/span><\/div>\n<div>If you are interested in our standard 750ml wine bottles wholesale, please feel free to <a href=\"https:\/\/ruishengglassco.com\/contact\" target=\"_blank\" rel=\"noopener\">Contactez-nous.<\/a><\/div>","protected":false},"featured_media":2592,"comment_status":"open","ping_status":"closed","template":"","meta":[],"product_brand":[],"product_cat":[74],"product_tag":[],"class_list":{"0":"post-2602","1":"product","2":"type-product","3":"status-publish","4":"has-post-thumbnail","6":"product_cat-wine-bottle","7":"entry","8":"has-media","10":"first","11":"instock","12":"shipping-taxable","13":"product-type-simple"},"yoast_head":"<!-- This site is optimized with the Yoast SEO plugin v27.3 - https:\/\/yoast.com\/product\/yoast-seo-wordpress\/ -->\n<title>Standard 750ml Wine Bottles Wholesale | Brown Wine Bottle Supplier<\/title>\n<meta name=\"description\" content=\"Ruisheng Glass Co, ltd, a professional glass bottle supplier, provide Standard 750ml Wine Bottles Wholesale at factory outlet price.\" \/>\n<meta name=\"robots\" content=\"index, follow, max-snippet:-1, max-image-preview:large, max-video-preview:-1\" \/>\n<link rel=\"canonical\" href=\"https:\/\/ruishengglassco.com\/product\/rs010-standard-750ml-wine-bottles-wholesale\" \/>\n<meta property=\"og:locale\" content=\"fr_FR\" \/>\n<meta property=\"og:type\" content=\"article\" \/>\n<meta property=\"og:title\" content=\"Standard 750ml Wine Bottles Wholesale | Brown Wine Bottle Supplier\" \/>\n<meta property=\"og:description\" content=\"Ruisheng Glass Co, ltd, a professional glass bottle supplier, provide Standard 750ml Wine Bottles Wholesale at factory outlet price.\" \/>\n<meta property=\"og:url\" content=\"https:\/\/ruishengglassco.com\/product\/rs010-standard-750ml-wine-bottles-wholesale\" \/>\n<meta property=\"og:site_name\" content=\"Glass Bottle Wholesale\" \/>\n<meta property=\"article:modified_time\" content=\"2025-06-23T08:57:13+00:00\" \/>\n<meta property=\"og:image\" content=\"https:\/\/glassbottlewholesale.com\/wp-content\/uploads\/2021\/03\/wine-bottle-9-1.jpeg\" \/>\n\t<meta property=\"og:image:width\" content=\"2304\" \/>\n\t<meta property=\"og:image:height\" content=\"2304\" \/>\n\t<meta property=\"og:image:type\" content=\"image\/jpeg\" \/>\n<meta name=\"twitter:card\" content=\"summary_large_image\" \/>\n<meta name=\"twitter:label1\" content=\"Dur\u00e9e de lecture estim\u00e9e\" \/>\n\t<meta name=\"twitter:data1\" content=\"1 minute\" \/>\n<script type=\"application\/ld+json\" class=\"yoast-schema-graph\">{\"@context\":\"https:\\\/\\\/schema.org\",\"@graph\":[{\"@type\":\"WebPage\",\"@id\":\"https:\\\/\\\/glassbottlewholesale.com\\\/standard-750ml-wine-bottles-wholesale\\\/\",\"url\":\"https:\\\/\\\/ruishengglassco.com\\\/product\\\/rs010-standard-750ml-wine-bottles-wholesale\",\"name\":\"Standard 750ml Wine Bottles Wholesale | Brown Wine Bottle Supplier\",\"isPartOf\":{\"@id\":\"https:\\\/\\\/glassbottlewholesale.com\\\/#website\"},\"primaryImageOfPage\":{\"@id\":\"https:\\\/\\\/ruishengglassco.com\\\/product\\\/rs010-standard-750ml-wine-bottles-wholesale#primaryimage\"},\"image\":{\"@id\":\"https:\\\/\\\/ruishengglassco.com\\\/product\\\/rs010-standard-750ml-wine-bottles-wholesale#primaryimage\"},\"thumbnailUrl\":\"https:\\\/\\\/glassbottlewholesale.com\\\/wp-content\\\/uploads\\\/2021\\\/03\\\/wine-bottle-9-1.jpeg\",\"datePublished\":\"2021-03-23T02:39:48+00:00\",\"dateModified\":\"2025-06-23T08:57:13+00:00\",\"description\":\"Ruisheng Glass Co, ltd, a professional glass bottle supplier, provide Standard 750ml Wine Bottles Wholesale at factory outlet price.\",\"breadcrumb\":{\"@id\":\"https:\\\/\\\/ruishengglassco.com\\\/product\\\/rs010-standard-750ml-wine-bottles-wholesale#breadcrumb\"},\"inLanguage\":\"fr-FR\",\"potentialAction\":[{\"@type\":\"ReadAction\",\"target\":[\"https:\\\/\\\/ruishengglassco.com\\\/product\\\/rs010-standard-750ml-wine-bottles-wholesale\"]}]},{\"@type\":\"ImageObject\",\"inLanguage\":\"fr-FR\",\"@id\":\"https:\\\/\\\/ruishengglassco.com\\\/product\\\/rs010-standard-750ml-wine-bottles-wholesale#primaryimage\",\"url\":\"https:\\\/\\\/glassbottlewholesale.com\\\/wp-content\\\/uploads\\\/2021\\\/03\\\/wine-bottle-9-1.jpeg\",\"contentUrl\":\"https:\\\/\\\/glassbottlewholesale.com\\\/wp-content\\\/uploads\\\/2021\\\/03\\\/wine-bottle-9-1.jpeg\",\"width\":2304,\"height\":2304,\"caption\":\"750ml wine bottles wholesale\"},{\"@type\":\"BreadcrumbList\",\"@id\":\"https:\\\/\\\/ruishengglassco.com\\\/product\\\/rs010-standard-750ml-wine-bottles-wholesale#breadcrumb\",\"itemListElement\":[{\"@type\":\"ListItem\",\"position\":1,\"name\":\"Home\",\"item\":\"https:\\\/\\\/glassbottlewholesale.com\\\/\"},{\"@type\":\"ListItem\",\"position\":2,\"name\":\"Products\",\"item\":\"https:\\\/\\\/glassbottlewholesale.com\\\/shop\\\/\"},{\"@type\":\"ListItem\",\"position\":3,\"name\":\"RS010: Standard 750ml Wine Bottles Wholesale\"}]},{\"@type\":\"WebSite\",\"@id\":\"https:\\\/\\\/glassbottlewholesale.com\\\/#website\",\"url\":\"https:\\\/\\\/glassbottlewholesale.com\\\/\",\"name\":\"Glass Bottle Wholesale\",\"description\":\"\",\"publisher\":{\"@id\":\"https:\\\/\\\/glassbottlewholesale.com\\\/#organization\"},\"potentialAction\":[{\"@type\":\"SearchAction\",\"target\":{\"@type\":\"EntryPoint\",\"urlTemplate\":\"https:\\\/\\\/glassbottlewholesale.com\\\/?s={search_term_string}\"},\"query-input\":{\"@type\":\"PropertyValueSpecification\",\"valueRequired\":true,\"valueName\":\"search_term_string\"}}],\"inLanguage\":\"fr-FR\"},{\"@type\":\"Organization\",\"@id\":\"https:\\\/\\\/glassbottlewholesale.com\\\/#organization\",\"name\":\"Glass Bottle Wholesale\",\"url\":\"https:\\\/\\\/glassbottlewholesale.com\\\/\",\"logo\":{\"@type\":\"ImageObject\",\"inLanguage\":\"fr-FR\",\"@id\":\"https:\\\/\\\/glassbottlewholesale.com\\\/#\\\/schema\\\/logo\\\/image\\\/\",\"url\":\"https:\\\/\\\/glassbottlewholesale.com\\\/wp-content\\\/uploads\\\/2023\\\/12\\\/ruisheng-logo.webp\",\"contentUrl\":\"https:\\\/\\\/glassbottlewholesale.com\\\/wp-content\\\/uploads\\\/2023\\\/12\\\/ruisheng-logo.webp\",\"width\":400,\"height\":233,\"caption\":\"Glass Bottle Wholesale\"},\"image\":{\"@id\":\"https:\\\/\\\/glassbottlewholesale.com\\\/#\\\/schema\\\/logo\\\/image\\\/\"}}]}<\/script>\n<!-- \/ Yoast SEO plugin. -->","yoast_head_json":{"title":"Standard 750ml Wine Bottles Wholesale | Brown Wine Bottle Supplier","description":"Ruisheng Glass Co, ltd, a professional glass bottle supplier, provide Standard 750ml Wine Bottles Wholesale at factory outlet price.","robots":{"index":"index","follow":"follow","max-snippet":"max-snippet:-1","max-image-preview":"max-image-preview:large","max-video-preview":"max-video-preview:-1"},"canonical":"https:\/\/ruishengglassco.com\/product\/rs010-standard-750ml-wine-bottles-wholesale","og_locale":"fr_FR","og_type":"article","og_title":"Standard 750ml Wine Bottles Wholesale | Brown Wine Bottle Supplier","og_description":"Ruisheng Glass Co, ltd, a professional glass bottle supplier, provide Standard 750ml Wine Bottles Wholesale at factory outlet price.","og_url":"https:\/\/ruishengglassco.com\/product\/rs010-standard-750ml-wine-bottles-wholesale","og_site_name":"Glass Bottle Wholesale","article_modified_time":"2025-06-23T08:57:13+00:00","og_image":[{"width":2304,"height":2304,"url":"https:\/\/glassbottlewholesale.com\/wp-content\/uploads\/2021\/03\/wine-bottle-9-1.jpeg","type":"image\/jpeg"}],"twitter_card":"summary_large_image","twitter_misc":{"Dur\u00e9e de lecture estim\u00e9e":"1 minute"},"schema":{"@context":"https:\/\/schema.org","@graph":[{"@type":"WebPage","@id":"https:\/\/glassbottlewholesale.com\/standard-750ml-wine-bottles-wholesale\/","url":"https:\/\/ruishengglassco.com\/product\/rs010-standard-750ml-wine-bottles-wholesale","name":"Standard 750ml Wine Bottles Wholesale | Brown Wine Bottle Supplier","isPartOf":{"@id":"https:\/\/glassbottlewholesale.com\/#website"},"primaryImageOfPage":{"@id":"https:\/\/ruishengglassco.com\/product\/rs010-standard-750ml-wine-bottles-wholesale#primaryimage"},"image":{"@id":"https:\/\/ruishengglassco.com\/product\/rs010-standard-750ml-wine-bottles-wholesale#primaryimage"},"thumbnailUrl":"https:\/\/glassbottlewholesale.com\/wp-content\/uploads\/2021\/03\/wine-bottle-9-1.jpeg","datePublished":"2021-03-23T02:39:48+00:00","dateModified":"2025-06-23T08:57:13+00:00","description":"Ruisheng Glass Co, ltd, a professional glass bottle supplier, provide Standard 750ml Wine Bottles Wholesale at factory outlet price.","breadcrumb":{"@id":"https:\/\/ruishengglassco.com\/product\/rs010-standard-750ml-wine-bottles-wholesale#breadcrumb"},"inLanguage":"fr-FR","potentialAction":[{"@type":"ReadAction","target":["https:\/\/ruishengglassco.com\/product\/rs010-standard-750ml-wine-bottles-wholesale"]}]},{"@type":"ImageObject","inLanguage":"fr-FR","@id":"https:\/\/ruishengglassco.com\/product\/rs010-standard-750ml-wine-bottles-wholesale#primaryimage","url":"https:\/\/glassbottlewholesale.com\/wp-content\/uploads\/2021\/03\/wine-bottle-9-1.jpeg","contentUrl":"https:\/\/glassbottlewholesale.com\/wp-content\/uploads\/2021\/03\/wine-bottle-9-1.jpeg","width":2304,"height":2304,"caption":"750ml wine bottles wholesale"},{"@type":"BreadcrumbList","@id":"https:\/\/ruishengglassco.com\/product\/rs010-standard-750ml-wine-bottles-wholesale#breadcrumb","itemListElement":[{"@type":"ListItem","position":1,"name":"Home","item":"https:\/\/glassbottlewholesale.com\/"},{"@type":"ListItem","position":2,"name":"Products","item":"https:\/\/glassbottlewholesale.com\/shop\/"},{"@type":"ListItem","position":3,"name":"RS010: Standard 750ml Wine Bottles Wholesale"}]},{"@type":"WebSite","@id":"https:\/\/glassbottlewholesale.com\/#website","url":"https:\/\/glassbottlewholesale.com\/","name":"Glass Bottle Wholesale","description":"","publisher":{"@id":"https:\/\/glassbottlewholesale.com\/#organization"},"potentialAction":[{"@type":"SearchAction","target":{"@type":"EntryPoint","urlTemplate":"https:\/\/glassbottlewholesale.com\/?s={search_term_string}"},"query-input":{"@type":"PropertyValueSpecification","valueRequired":true,"valueName":"search_term_string"}}],"inLanguage":"fr-FR"},{"@type":"Organization","@id":"https:\/\/glassbottlewholesale.com\/#organization","name":"Glass Bottle Wholesale","url":"https:\/\/glassbottlewholesale.com\/","logo":{"@type":"ImageObject","inLanguage":"fr-FR","@id":"https:\/\/glassbottlewholesale.com\/#\/schema\/logo\/image\/","url":"https:\/\/glassbottlewholesale.com\/wp-content\/uploads\/2023\/12\/ruisheng-logo.webp","contentUrl":"https:\/\/glassbottlewholesale.com\/wp-content\/uploads\/2023\/12\/ruisheng-logo.webp","width":400,"height":233,"caption":"Glass Bottle Wholesale"},"image":{"@id":"https:\/\/glassbottlewholesale.com\/#\/schema\/logo\/image\/"}}]}},"_links":{"self":[{"href":"https:\/\/glassbottlewholesale.com\/fr\/wp-json\/wp\/v2\/product\/2602","targetHints":{"allow":["GET"]}}],"collection":[{"href":"https:\/\/glassbottlewholesale.com\/fr\/wp-json\/wp\/v2\/product"}],"about":[{"href":"https:\/\/glassbottlewholesale.com\/fr\/wp-json\/wp\/v2\/types\/product"}],"replies":[{"embeddable":true,"href":"https:\/\/glassbottlewholesale.com\/fr\/wp-json\/wp\/v2\/comments?post=2602"}],"wp:featuredmedia":[{"embeddable":true,"href":"https:\/\/glassbottlewholesale.com\/fr\/wp-json\/wp\/v2\/media\/2592"}],"wp:attachment":[{"href":"https:\/\/glassbottlewholesale.com\/fr\/wp-json\/wp\/v2\/media?parent=2602"}],"wp:term":[{"taxonomy":"product_brand","embeddable":true,"href":"https:\/\/glassbottlewholesale.com\/fr\/wp-json\/wp\/v2\/product_brand?post=2602"},{"taxonomy":"product_cat","embeddable":true,"href":"https:\/\/glassbottlewholesale.com\/fr\/wp-json\/wp\/v2\/product_cat?post=2602"},{"taxonomy":"product_tag","embeddable":true,"href":"https:\/\/glassbottlewholesale.com\/fr\/wp-json\/wp\/v2\/product_tag?post=2602"}],"curies":[{"name":"wp","href":"https:\/\/api.w.org\/{rel}","templated":true}]}}