{"id":2603,"date":"2021-03-23T02:42:43","date_gmt":"2021-03-23T02:42:43","guid":{"rendered":"https:\/\/glassbottlewholesale.com\/?post_type=product&#038;p=2603"},"modified":"2025-06-23T08:42:46","modified_gmt":"2025-06-23T08:42:46","slug":"bouteille-de-bordeaux-standard-fabricant-de-bouteilles-de-vin","status":"publish","type":"product","link":"https:\/\/glassbottlewholesale.com\/fr\/bouteille-de-bordeaux-standard-fabricant-de-bouteilles-de-vin\/","title":{"rendered":"RS009 Bouteille de vin en verre standard 750ml Bordeaux Citations"},"content":{"rendered":"<h4>Informations d\u00e9taill\u00e9es sur la vente en gros de bouteilles bordelaises standard de 750 ml<\/h4>\n<ul>\n<li>Article\u00a0: Bouteille bordelaise standard de 750\u00a0ml<\/li>\n<li>Fabricant : Bouteille en verre Ruisheng<\/li>\n<li>Num\u00e9ro : RS009<\/li>\n<li>Capacit\u00e9 : 50 ml, 200 ml, 300 ml, 700 ml, 750 ml, 1000 ml, 2L et service de bouteille de vin personnalis\u00e9<\/li>\n<li>Type d&#039;\u00e9tanch\u00e9it\u00e9\u00a0: Bouchon \u00e0 vis<\/li>\n<li>Mat\u00e9riau : verre super silex, verre blanc cristal, verre blanc co\u00fbteux.<\/li>\n<li>Utilisation : bouteille de vin en verre.<\/li>\n<li>Surface\u00a0:\u00a0Givre, d\u00e9calcomanie, peinture, marquage \u00e0 chaud, gaufrage, impression, dor\u00e9, s\u00e9rigraphie<\/li>\n<li>Logo\u00a0:\u00a0Logo du client acceptable<\/li>\n<li>\u00c9chantillon:\n<ul>\n<li>Fabrication de moules<\/li>\n<li>Gratuit par moule existant<\/li>\n<li>Comme mots ou votre dessin<\/li>\n<\/ul>\n<\/li>\n<li>Paquet\u00a0: Carton standard d\u2019exportation\u00a0; ou emballage de palettes\u00a0; Emballage de bo\u00eete FGC<\/li>\n<li>D\u00e9lai : 20-30 jours apr\u00e8s confirmation de la commande<\/li>\n<\/ul>\n<p>Cette s\u00e9rie de bouteilles bordelaises de 750 ml en gros est trait\u00e9e et produite \u00e0 partir de plus de 10 types de mati\u00e8res premi\u00e8res, comme le sable de silice, le carbonate de sodium, le calcaire, la dolomite, le feldspath, le borax, le baryum, etc. Et trait\u00e9e selon 8 processus de production\u00a0: test des mati\u00e8res premi\u00e8res, m\u00e9lange. , fabrication de bouteilles en verre, refroidissement, fabrication d&#039;\u00e9tiquettes, gla\u00e7age, s\u00e9chage et v\u00e9rification.<\/p>\n<p><img decoding=\"async\" class=\"aligncenter wp-image-1556 size-full\" src=\"https:\/\/glassbottlewholesale.com\/wp-content\/uploads\/2019\/11\/custom-glass-bottle-manufacturing.png\" alt=\"processus de fabrication de bouteilles en verre\" width=\"863\" height=\"881\" srcset=\"https:\/\/glassbottlewholesale.com\/wp-content\/uploads\/2019\/11\/custom-glass-bottle-manufacturing.png 863w, https:\/\/glassbottlewholesale.com\/wp-content\/uploads\/2019\/11\/custom-glass-bottle-manufacturing-294x300.png 294w, https:\/\/glassbottlewholesale.com\/wp-content\/uploads\/2019\/11\/custom-glass-bottle-manufacturing-768x784.png 768w, https:\/\/glassbottlewholesale.com\/wp-content\/uploads\/2019\/11\/custom-glass-bottle-manufacturing-600x613.png 600w\" sizes=\"(max-width: 863px) 100vw, 863px\" \/><\/p>\n<p>En tant que fabricant professionnel de bouteilles de Bordeaux standard, notre soci\u00e9t\u00e9 fournit un service OEM\/ODM\/bouteille en verre personnalis\u00e9. Vous pouvez choisir le moule gratuit qui existe dans notre entreprise, mais \u00e9galement nous envoyer des brouillons de conception ou des photos.<\/p>\n<p>Si vous souhaitez obtenir plus d&#039;informations sur la vente en gros de bouteilles de Bordeaux standard, veuillez <a href=\"https:\/\/ruishengglassco.com\/contact\" target=\"_blank\" rel=\"noopener\">Contactez-nous<\/a> ici.<\/p>\n<p>&nbsp;<\/p>","protected":false},"excerpt":{"rendered":"<p>Vous souhaitez acheter des bouteilles de vin en gros ? Ici, nos bouteilles de vin standards de 750 ml en gros r\u00e9pondront \u00e0 vos besoins !<\/p>\n<p>En tant que fabricant professionnel de bouteilles de Bordeaux en verre, Ruisheng Glass. se concentre sur la conception et la fabrication de bouteilles de vin depuis plus de 10 ans. En outre, nous fournissons un service de bouteilles en verre OEM\/ODM\/personnalis\u00e9 \u00e0 nos clients.<\/p>\n<p>Le Bordeaux est la bouteille la plus courante pour le conditionnement du vin. Il est tr\u00e8s populaire dans le monde entier. Il a des c\u00f4t\u00e9s droits et des \u00e9paules hautes distinctives et peut \u00eatre trouv\u00e9 dans une vari\u00e9t\u00e9 de couleurs. Les vins rouges sont g\u00e9n\u00e9ralement mis en bouteille dans un verre vert fonc\u00e9 ou brun pour les prot\u00e9ger du soleil en vieillissant.<\/p>\n<p>Voici quelques informations concernant votre commande d\u2019achat de bouteilles de vin en gros aupr\u00e8s de notre soci\u00e9t\u00e9\u00a0:<\/p>\n<div><strong><span class=\"mceItemHidden\"><span class=\"hiddenSpellError\">\u2013<\/span><span style=\"color: #ff6600\"><span class=\"hiddenSpellError\">Quantit\u00e9 minimale de commande<\/span>: 10 000 pi\u00e8ces (environ 10 000\u00a0<span class=\"hiddenSpellError\">pi\u00e8ces<\/span>)<\/span><\/span><\/strong><\/div>\n<div><span class=\"mceItemHidden\"><span class=\"hiddenSpellError\">-Gratuit<\/span>\u00a0\u00c9chantillon offert. OEM\/ODM disponible<\/span><\/div>\n<div><span class=\"mceItemHidden\"><span class=\"hiddenSpellError\">-Livraison gratuite d&#039;\u00e9chantillons dans les 7 jours\u00a0; livraison de la commande en gros dans les 30 jours apr\u00e8s la confirmation de la commande.<\/span><\/span><\/div>","protected":false},"featured_media":4459,"comment_status":"open","ping_status":"closed","template":"","meta":[],"product_brand":[],"product_cat":[52,74],"product_tag":[],"class_list":{"0":"post-2603","1":"product","2":"type-product","3":"status-publish","4":"has-post-thumbnail","6":"product_cat-750ml-glass-bottle","7":"product_cat-wine-bottle","8":"entry","9":"has-media","11":"first","12":"instock","13":"shipping-taxable","14":"product-type-simple"},"yoast_head":"<!-- This site is optimized with the Yoast SEO plugin v27.3 - https:\/\/yoast.com\/product\/yoast-seo-wordpress\/ -->\n<title>Buy Wine Bottles in Bulk | Standard Bordeaux Bottle Manufacturer<\/title>\n<meta name=\"description\" content=\"Want to buy wine bottles in bulk? Click here to get 750ml wine bottles wholesale from Standard Bordeaux Bottle Manufacturer.\" \/>\n<meta name=\"robots\" content=\"index, follow, max-snippet:-1, max-image-preview:large, max-video-preview:-1\" \/>\n<link rel=\"canonical\" href=\"https:\/\/ruishengglassco.com\/product\/rs009-standard-750ml-bordeaux-glass-wine-bottle-quotes\" \/>\n<meta property=\"og:locale\" content=\"fr_FR\" \/>\n<meta property=\"og:type\" content=\"article\" \/>\n<meta property=\"og:title\" content=\"Buy Wine Bottles in Bulk | Standard Bordeaux Bottle Manufacturer\" \/>\n<meta property=\"og:description\" content=\"Want to buy wine bottles in bulk? Click here to get 750ml wine bottles wholesale from Standard Bordeaux Bottle Manufacturer.\" \/>\n<meta property=\"og:url\" content=\"https:\/\/ruishengglassco.com\/product\/rs009-standard-750ml-bordeaux-glass-wine-bottle-quotes\" \/>\n<meta property=\"og:site_name\" content=\"Glass Bottle Wholesale\" \/>\n<meta property=\"article:modified_time\" content=\"2025-06-23T08:42:46+00:00\" \/>\n<meta property=\"og:image\" content=\"https:\/\/glassbottlewholesale.com\/wp-content\/uploads\/2023\/12\/Standard-Bordeaux-Bottle.png\" \/>\n\t<meta property=\"og:image:width\" content=\"500\" \/>\n\t<meta property=\"og:image:height\" content=\"500\" \/>\n\t<meta property=\"og:image:type\" content=\"image\/png\" \/>\n<meta name=\"twitter:card\" content=\"summary_large_image\" \/>\n<meta name=\"twitter:label1\" content=\"Dur\u00e9e de lecture estim\u00e9e\" \/>\n\t<meta name=\"twitter:data1\" content=\"2 minutes\" \/>\n<script type=\"application\/ld+json\" class=\"yoast-schema-graph\">{\"@context\":\"https:\\\/\\\/schema.org\",\"@graph\":[{\"@type\":\"WebPage\",\"@id\":\"https:\\\/\\\/glassbottlewholesale.com\\\/standard-bordeaux-bottle-wine-bottle-manufacturer\\\/\",\"url\":\"https:\\\/\\\/ruishengglassco.com\\\/product\\\/rs009-standard-750ml-bordeaux-glass-wine-bottle-quotes\",\"name\":\"Buy Wine Bottles in Bulk | Standard Bordeaux Bottle Manufacturer\",\"isPartOf\":{\"@id\":\"https:\\\/\\\/glassbottlewholesale.com\\\/#website\"},\"primaryImageOfPage\":{\"@id\":\"https:\\\/\\\/ruishengglassco.com\\\/product\\\/rs009-standard-750ml-bordeaux-glass-wine-bottle-quotes#primaryimage\"},\"image\":{\"@id\":\"https:\\\/\\\/ruishengglassco.com\\\/product\\\/rs009-standard-750ml-bordeaux-glass-wine-bottle-quotes#primaryimage\"},\"thumbnailUrl\":\"https:\\\/\\\/glassbottlewholesale.com\\\/wp-content\\\/uploads\\\/2023\\\/12\\\/Standard-Bordeaux-Bottle.png\",\"datePublished\":\"2021-03-23T02:42:43+00:00\",\"dateModified\":\"2025-06-23T08:42:46+00:00\",\"description\":\"Want to buy wine bottles in bulk? Click here to get 750ml wine bottles wholesale from Standard Bordeaux Bottle Manufacturer.\",\"breadcrumb\":{\"@id\":\"https:\\\/\\\/ruishengglassco.com\\\/product\\\/rs009-standard-750ml-bordeaux-glass-wine-bottle-quotes#breadcrumb\"},\"inLanguage\":\"fr-FR\",\"potentialAction\":[{\"@type\":\"ReadAction\",\"target\":[\"https:\\\/\\\/ruishengglassco.com\\\/product\\\/rs009-standard-750ml-bordeaux-glass-wine-bottle-quotes\"]}]},{\"@type\":\"ImageObject\",\"inLanguage\":\"fr-FR\",\"@id\":\"https:\\\/\\\/ruishengglassco.com\\\/product\\\/rs009-standard-750ml-bordeaux-glass-wine-bottle-quotes#primaryimage\",\"url\":\"https:\\\/\\\/glassbottlewholesale.com\\\/wp-content\\\/uploads\\\/2023\\\/12\\\/Standard-Bordeaux-Bottle.png\",\"contentUrl\":\"https:\\\/\\\/glassbottlewholesale.com\\\/wp-content\\\/uploads\\\/2023\\\/12\\\/Standard-Bordeaux-Bottle.png\",\"width\":500,\"height\":500,\"caption\":\"Standard Bordeaux Bottle\"},{\"@type\":\"BreadcrumbList\",\"@id\":\"https:\\\/\\\/ruishengglassco.com\\\/product\\\/rs009-standard-750ml-bordeaux-glass-wine-bottle-quotes#breadcrumb\",\"itemListElement\":[{\"@type\":\"ListItem\",\"position\":1,\"name\":\"Home\",\"item\":\"https:\\\/\\\/glassbottlewholesale.com\\\/\"},{\"@type\":\"ListItem\",\"position\":2,\"name\":\"Products\",\"item\":\"https:\\\/\\\/glassbottlewholesale.com\\\/shop\\\/\"},{\"@type\":\"ListItem\",\"position\":3,\"name\":\"RS009 Standard 750ml Bordeaux Glass Wine Bottle Quotes\"}]},{\"@type\":\"WebSite\",\"@id\":\"https:\\\/\\\/glassbottlewholesale.com\\\/#website\",\"url\":\"https:\\\/\\\/glassbottlewholesale.com\\\/\",\"name\":\"Glass Bottle Wholesale\",\"description\":\"\",\"publisher\":{\"@id\":\"https:\\\/\\\/glassbottlewholesale.com\\\/#organization\"},\"potentialAction\":[{\"@type\":\"SearchAction\",\"target\":{\"@type\":\"EntryPoint\",\"urlTemplate\":\"https:\\\/\\\/glassbottlewholesale.com\\\/?s={search_term_string}\"},\"query-input\":{\"@type\":\"PropertyValueSpecification\",\"valueRequired\":true,\"valueName\":\"search_term_string\"}}],\"inLanguage\":\"fr-FR\"},{\"@type\":\"Organization\",\"@id\":\"https:\\\/\\\/glassbottlewholesale.com\\\/#organization\",\"name\":\"Glass Bottle Wholesale\",\"url\":\"https:\\\/\\\/glassbottlewholesale.com\\\/\",\"logo\":{\"@type\":\"ImageObject\",\"inLanguage\":\"fr-FR\",\"@id\":\"https:\\\/\\\/glassbottlewholesale.com\\\/#\\\/schema\\\/logo\\\/image\\\/\",\"url\":\"https:\\\/\\\/glassbottlewholesale.com\\\/wp-content\\\/uploads\\\/2023\\\/12\\\/ruisheng-logo.webp\",\"contentUrl\":\"https:\\\/\\\/glassbottlewholesale.com\\\/wp-content\\\/uploads\\\/2023\\\/12\\\/ruisheng-logo.webp\",\"width\":400,\"height\":233,\"caption\":\"Glass Bottle Wholesale\"},\"image\":{\"@id\":\"https:\\\/\\\/glassbottlewholesale.com\\\/#\\\/schema\\\/logo\\\/image\\\/\"}}]}<\/script>\n<!-- \/ Yoast SEO plugin. -->","yoast_head_json":{"title":"Achetez des bouteilles de vin en vrac | Fabricant de bouteilles bordelaises standards","description":"Vous souhaitez acheter des bouteilles de vin en gros ? Cliquez ici pour obtenir des bouteilles de vin de 750 ml en gros aupr\u00e8s du fabricant de bouteilles de Bordeaux standard.","robots":{"index":"index","follow":"follow","max-snippet":"max-snippet:-1","max-image-preview":"max-image-preview:large","max-video-preview":"max-video-preview:-1"},"canonical":"https:\/\/ruishengglassco.com\/product\/rs009-standard-750ml-bordeaux-glass-wine-bottle-quotes","og_locale":"fr_FR","og_type":"article","og_title":"Buy Wine Bottles in Bulk | Standard Bordeaux Bottle Manufacturer","og_description":"Want to buy wine bottles in bulk? Click here to get 750ml wine bottles wholesale from Standard Bordeaux Bottle Manufacturer.","og_url":"https:\/\/ruishengglassco.com\/product\/rs009-standard-750ml-bordeaux-glass-wine-bottle-quotes","og_site_name":"Glass Bottle Wholesale","article_modified_time":"2025-06-23T08:42:46+00:00","og_image":[{"width":500,"height":500,"url":"https:\/\/glassbottlewholesale.com\/wp-content\/uploads\/2023\/12\/Standard-Bordeaux-Bottle.png","type":"image\/png"}],"twitter_card":"summary_large_image","twitter_misc":{"Dur\u00e9e de lecture estim\u00e9e":"2 minutes"},"schema":{"@context":"https:\/\/schema.org","@graph":[{"@type":"WebPage","@id":"https:\/\/glassbottlewholesale.com\/standard-bordeaux-bottle-wine-bottle-manufacturer\/","url":"https:\/\/ruishengglassco.com\/product\/rs009-standard-750ml-bordeaux-glass-wine-bottle-quotes","name":"Achetez des bouteilles de vin en vrac | Fabricant de bouteilles bordelaises standards","isPartOf":{"@id":"https:\/\/glassbottlewholesale.com\/#website"},"primaryImageOfPage":{"@id":"https:\/\/ruishengglassco.com\/product\/rs009-standard-750ml-bordeaux-glass-wine-bottle-quotes#primaryimage"},"image":{"@id":"https:\/\/ruishengglassco.com\/product\/rs009-standard-750ml-bordeaux-glass-wine-bottle-quotes#primaryimage"},"thumbnailUrl":"https:\/\/glassbottlewholesale.com\/wp-content\/uploads\/2023\/12\/Standard-Bordeaux-Bottle.png","datePublished":"2021-03-23T02:42:43+00:00","dateModified":"2025-06-23T08:42:46+00:00","description":"Vous souhaitez acheter des bouteilles de vin en gros ? Cliquez ici pour obtenir des bouteilles de vin de 750 ml en gros aupr\u00e8s du fabricant de bouteilles de Bordeaux standard.","breadcrumb":{"@id":"https:\/\/ruishengglassco.com\/product\/rs009-standard-750ml-bordeaux-glass-wine-bottle-quotes#breadcrumb"},"inLanguage":"fr-FR","potentialAction":[{"@type":"ReadAction","target":["https:\/\/ruishengglassco.com\/product\/rs009-standard-750ml-bordeaux-glass-wine-bottle-quotes"]}]},{"@type":"ImageObject","inLanguage":"fr-FR","@id":"https:\/\/ruishengglassco.com\/product\/rs009-standard-750ml-bordeaux-glass-wine-bottle-quotes#primaryimage","url":"https:\/\/glassbottlewholesale.com\/wp-content\/uploads\/2023\/12\/Standard-Bordeaux-Bottle.png","contentUrl":"https:\/\/glassbottlewholesale.com\/wp-content\/uploads\/2023\/12\/Standard-Bordeaux-Bottle.png","width":500,"height":500,"caption":"Standard Bordeaux Bottle"},{"@type":"BreadcrumbList","@id":"https:\/\/ruishengglassco.com\/product\/rs009-standard-750ml-bordeaux-glass-wine-bottle-quotes#breadcrumb","itemListElement":[{"@type":"ListItem","position":1,"name":"Home","item":"https:\/\/glassbottlewholesale.com\/"},{"@type":"ListItem","position":2,"name":"Products","item":"https:\/\/glassbottlewholesale.com\/shop\/"},{"@type":"ListItem","position":3,"name":"RS009 Standard 750ml Bordeaux Glass Wine Bottle Quotes"}]},{"@type":"WebSite","@id":"https:\/\/glassbottlewholesale.com\/#website","url":"https:\/\/glassbottlewholesale.com\/","name":"Glass Bottle Wholesale","description":"","publisher":{"@id":"https:\/\/glassbottlewholesale.com\/#organization"},"potentialAction":[{"@type":"SearchAction","target":{"@type":"EntryPoint","urlTemplate":"https:\/\/glassbottlewholesale.com\/?s={search_term_string}"},"query-input":{"@type":"PropertyValueSpecification","valueRequired":true,"valueName":"search_term_string"}}],"inLanguage":"fr-FR"},{"@type":"Organization","@id":"https:\/\/glassbottlewholesale.com\/#organization","name":"Glass Bottle Wholesale","url":"https:\/\/glassbottlewholesale.com\/","logo":{"@type":"ImageObject","inLanguage":"fr-FR","@id":"https:\/\/glassbottlewholesale.com\/#\/schema\/logo\/image\/","url":"https:\/\/glassbottlewholesale.com\/wp-content\/uploads\/2023\/12\/ruisheng-logo.webp","contentUrl":"https:\/\/glassbottlewholesale.com\/wp-content\/uploads\/2023\/12\/ruisheng-logo.webp","width":400,"height":233,"caption":"Glass Bottle Wholesale"},"image":{"@id":"https:\/\/glassbottlewholesale.com\/#\/schema\/logo\/image\/"}}]}},"_links":{"self":[{"href":"https:\/\/glassbottlewholesale.com\/fr\/wp-json\/wp\/v2\/product\/2603","targetHints":{"allow":["GET"]}}],"collection":[{"href":"https:\/\/glassbottlewholesale.com\/fr\/wp-json\/wp\/v2\/product"}],"about":[{"href":"https:\/\/glassbottlewholesale.com\/fr\/wp-json\/wp\/v2\/types\/product"}],"replies":[{"embeddable":true,"href":"https:\/\/glassbottlewholesale.com\/fr\/wp-json\/wp\/v2\/comments?post=2603"}],"wp:featuredmedia":[{"embeddable":true,"href":"https:\/\/glassbottlewholesale.com\/fr\/wp-json\/wp\/v2\/media\/4459"}],"wp:attachment":[{"href":"https:\/\/glassbottlewholesale.com\/fr\/wp-json\/wp\/v2\/media?parent=2603"}],"wp:term":[{"taxonomy":"product_brand","embeddable":true,"href":"https:\/\/glassbottlewholesale.com\/fr\/wp-json\/wp\/v2\/product_brand?post=2603"},{"taxonomy":"product_cat","embeddable":true,"href":"https:\/\/glassbottlewholesale.com\/fr\/wp-json\/wp\/v2\/product_cat?post=2603"},{"taxonomy":"product_tag","embeddable":true,"href":"https:\/\/glassbottlewholesale.com\/fr\/wp-json\/wp\/v2\/product_tag?post=2603"}],"curies":[{"name":"wp","href":"https:\/\/api.w.org\/{rel}","templated":true}]}}