{"id":2604,"date":"2021-03-23T02:45:34","date_gmt":"2021-03-23T02:45:34","guid":{"rendered":"https:\/\/glassbottlewholesale.com\/?post_type=product&#038;p=2604"},"modified":"2023-12-28T09:53:35","modified_gmt":"2023-12-28T09:53:35","slug":"fournisseur-en-gros-de-bouteille-de-vin-de-bouteille-dalsace-de-750-ml","status":"publish","type":"product","link":"https:\/\/glassbottlewholesale.com\/fr\/fournisseur-en-gros-de-bouteille-de-vin-de-bouteille-dalsace-de-750-ml\/","title":{"rendered":"RS008\u00a0: Fournisseur en gros de bouteilles de vin en bouteille d&#039;Alsace de 750 ml"},"content":{"rendered":"<h4>Informations d\u00e9taill\u00e9es sur la bouteille de vin en gros de 750 ml - Bouteille d&#039;Alsace<\/h4>\n<ul>\n<li>Article: Bouteille de vin d&#039;Alsace de 750 ml en gros<\/li>\n<li>Fabricant : Bouteille en verre Ruisheng<\/li>\n<li>Num\u00e9ro\u00a0:\u00a0RS-008<\/li>\n<li>Capacit\u00e9 : 700 ml, 750 ml, 1000 ml, 2 L<\/li>\n<li>Mat\u00e9riau : verre super silex, verre blanc cristal, verre blanc co\u00fbteux.<\/li>\n<li>Utilisation : bouteille de vin en verre.<\/li>\n<li>Surface\u00a0:\u00a0Givre, d\u00e9calcomanie, peinture, marquage \u00e0 chaud, gaufrage, impression, dor\u00e9, s\u00e9rigraphie<\/li>\n<li>Logo\u00a0:\u00a0Logo du client acceptable<\/li>\n<li>\u00c9chantillon:\n<ul>\n<li>Fabrication de moules<\/li>\n<li>Gratuit par moule existant<\/li>\n<li>Comme mots ou votre dessin<\/li>\n<\/ul>\n<\/li>\n<li>Paquet\u00a0: Carton standard d\u2019exportation\u00a0; ou emballage de palettes\u00a0; Emballage de bo\u00eete FGC<\/li>\n<li>D\u00e9lai : 20-30 jours apr\u00e8s confirmation de la commande<\/li>\n<\/ul>\n<p>&nbsp;<\/p>","protected":false},"excerpt":{"rendered":"<p>Ruisheng, un fabricant professionnel de bouteilles d&#039;Alsace, propose des bouteilles de vin de 750 ml en gros aux \u00e9tablissements vinicoles, aux entreprises vinicoles, aux entreprises d&#039;emballage alimentaire, aux grossistes de bouteilles en verre et aux d\u00e9taillants. Cette bouteille de vin vide est \u00e9galement connue sous le nom de bouteille germanique, sp\u00e9cialement con\u00e7ue pour le conditionnement des bouteilles de vin.<\/p>\n<p>En tant que fabricant et fournisseur professionnel de bouteilles en verre, nous proposons un service de bouteilles de vin personnalis\u00e9 \u00e0 nos clients. Service OEM\/ODM offert.<\/p>\n<div><strong><span class=\"mceItemHidden\"><span class=\"hiddenSpellError\">\u2013<\/span><span class=\"hiddenSpellError\">Quantit\u00e9 minimale de commande<\/span>: 10 000 pi\u00e8ces (environ 10 000\u00a0<span class=\"hiddenSpellError\">pi\u00e8ces<\/span>)<\/span><\/strong><\/div>\n<div><span class=\"mceItemHidden\"><span class=\"hiddenSpellError\">-Gratuit<\/span>\u00a0\u00c9chantillon offert. OEM\/ODM disponible<\/span><\/div>\n<div><span class=\"mceItemHidden\"><span class=\"hiddenSpellError\">-Livraison gratuite d&#039;\u00e9chantillons dans les 7 jours\u00a0; livraison de la commande en gros dans les 30 jours apr\u00e8s la confirmation de la commande.<\/span><\/span><\/div>\n<div><\/div>\n<p>&nbsp;<\/p>","protected":false},"featured_media":4457,"comment_status":"open","ping_status":"closed","template":"","meta":[],"product_brand":[],"product_cat":[52,74],"product_tag":[],"class_list":{"0":"post-2604","1":"product","2":"type-product","3":"status-publish","4":"has-post-thumbnail","6":"product_cat-750ml-glass-bottle","7":"product_cat-wine-bottle","8":"entry","9":"has-media","11":"first","12":"instock","13":"shipping-taxable","14":"product-type-simple"},"yoast_head":"<!-- This site is optimized with the Yoast SEO plugin v27.3 - https:\/\/yoast.com\/product\/yoast-seo-wordpress\/ -->\n<title>750ml Wine Bottle Wholesale Suppliers | Alsace Bottle Manufacturer<\/title>\n<meta name=\"description\" content=\"Ruisheng, a professional Alsace Bottle Manufacturer and supplier, provide 750ml wine bottle wholesale at factory outlet price.\" \/>\n<meta name=\"robots\" content=\"index, follow, max-snippet:-1, max-image-preview:large, max-video-preview:-1\" \/>\n<link rel=\"canonical\" href=\"https:\/\/ruishengglassco.com\/product\/rs008-750ml-alsace-bottle-wine-bottle-wholesale-supplier\" \/>\n<meta property=\"og:locale\" content=\"fr_FR\" \/>\n<meta property=\"og:type\" content=\"article\" \/>\n<meta property=\"og:title\" content=\"750ml Wine Bottle Wholesale Suppliers | Alsace Bottle Manufacturer\" \/>\n<meta property=\"og:description\" content=\"Ruisheng, a professional Alsace Bottle Manufacturer and supplier, provide 750ml wine bottle wholesale at factory outlet price.\" \/>\n<meta property=\"og:url\" content=\"https:\/\/ruishengglassco.com\/product\/rs008-750ml-alsace-bottle-wine-bottle-wholesale-supplier\" \/>\n<meta property=\"og:site_name\" content=\"Glass Bottle Wholesale\" \/>\n<meta property=\"article:modified_time\" content=\"2023-12-28T09:53:35+00:00\" \/>\n<meta property=\"og:image\" content=\"https:\/\/glassbottlewholesale.com\/wp-content\/uploads\/2023\/12\/750ml-Alsace-Bottle-Wine-Bottle.png\" \/>\n\t<meta property=\"og:image:width\" content=\"500\" \/>\n\t<meta property=\"og:image:height\" content=\"500\" \/>\n\t<meta property=\"og:image:type\" content=\"image\/png\" \/>\n<meta name=\"twitter:card\" content=\"summary_large_image\" \/>\n<meta name=\"twitter:label1\" content=\"Dur\u00e9e de lecture estim\u00e9e\" \/>\n\t<meta name=\"twitter:data1\" content=\"1 minute\" \/>\n<script type=\"application\/ld+json\" class=\"yoast-schema-graph\">{\"@context\":\"https:\\\/\\\/schema.org\",\"@graph\":[{\"@type\":\"WebPage\",\"@id\":\"https:\\\/\\\/glassbottlewholesale.com\\\/750ml-alsace-bottle-wine-bottle-wholesale-supplier\\\/\",\"url\":\"https:\\\/\\\/ruishengglassco.com\\\/product\\\/rs008-750ml-alsace-bottle-wine-bottle-wholesale-supplier\",\"name\":\"750ml Wine Bottle Wholesale Suppliers | Alsace Bottle Manufacturer\",\"isPartOf\":{\"@id\":\"https:\\\/\\\/glassbottlewholesale.com\\\/#website\"},\"primaryImageOfPage\":{\"@id\":\"https:\\\/\\\/ruishengglassco.com\\\/product\\\/rs008-750ml-alsace-bottle-wine-bottle-wholesale-supplier#primaryimage\"},\"image\":{\"@id\":\"https:\\\/\\\/ruishengglassco.com\\\/product\\\/rs008-750ml-alsace-bottle-wine-bottle-wholesale-supplier#primaryimage\"},\"thumbnailUrl\":\"https:\\\/\\\/glassbottlewholesale.com\\\/wp-content\\\/uploads\\\/2023\\\/12\\\/750ml-Alsace-Bottle-Wine-Bottle.png\",\"datePublished\":\"2021-03-23T02:45:34+00:00\",\"dateModified\":\"2023-12-28T09:53:35+00:00\",\"description\":\"Ruisheng, a professional Alsace Bottle Manufacturer and supplier, provide 750ml wine bottle wholesale at factory outlet price.\",\"breadcrumb\":{\"@id\":\"https:\\\/\\\/ruishengglassco.com\\\/product\\\/rs008-750ml-alsace-bottle-wine-bottle-wholesale-supplier#breadcrumb\"},\"inLanguage\":\"fr-FR\",\"potentialAction\":[{\"@type\":\"ReadAction\",\"target\":[\"https:\\\/\\\/ruishengglassco.com\\\/product\\\/rs008-750ml-alsace-bottle-wine-bottle-wholesale-supplier\"]}]},{\"@type\":\"ImageObject\",\"inLanguage\":\"fr-FR\",\"@id\":\"https:\\\/\\\/ruishengglassco.com\\\/product\\\/rs008-750ml-alsace-bottle-wine-bottle-wholesale-supplier#primaryimage\",\"url\":\"https:\\\/\\\/glassbottlewholesale.com\\\/wp-content\\\/uploads\\\/2023\\\/12\\\/750ml-Alsace-Bottle-Wine-Bottle.png\",\"contentUrl\":\"https:\\\/\\\/glassbottlewholesale.com\\\/wp-content\\\/uploads\\\/2023\\\/12\\\/750ml-Alsace-Bottle-Wine-Bottle.png\",\"width\":500,\"height\":500,\"caption\":\"750ml Alsace Bottle Wine Bottle Wholesale Supplier\"},{\"@type\":\"BreadcrumbList\",\"@id\":\"https:\\\/\\\/ruishengglassco.com\\\/product\\\/rs008-750ml-alsace-bottle-wine-bottle-wholesale-supplier#breadcrumb\",\"itemListElement\":[{\"@type\":\"ListItem\",\"position\":1,\"name\":\"Home\",\"item\":\"https:\\\/\\\/glassbottlewholesale.com\\\/\"},{\"@type\":\"ListItem\",\"position\":2,\"name\":\"Products\",\"item\":\"https:\\\/\\\/glassbottlewholesale.com\\\/shop\\\/\"},{\"@type\":\"ListItem\",\"position\":3,\"name\":\"RS008: 750ml Alsace Bottle Wine Bottle Wholesale Supplier\"}]},{\"@type\":\"WebSite\",\"@id\":\"https:\\\/\\\/glassbottlewholesale.com\\\/#website\",\"url\":\"https:\\\/\\\/glassbottlewholesale.com\\\/\",\"name\":\"Glass Bottle Wholesale\",\"description\":\"\",\"publisher\":{\"@id\":\"https:\\\/\\\/glassbottlewholesale.com\\\/#organization\"},\"potentialAction\":[{\"@type\":\"SearchAction\",\"target\":{\"@type\":\"EntryPoint\",\"urlTemplate\":\"https:\\\/\\\/glassbottlewholesale.com\\\/?s={search_term_string}\"},\"query-input\":{\"@type\":\"PropertyValueSpecification\",\"valueRequired\":true,\"valueName\":\"search_term_string\"}}],\"inLanguage\":\"fr-FR\"},{\"@type\":\"Organization\",\"@id\":\"https:\\\/\\\/glassbottlewholesale.com\\\/#organization\",\"name\":\"Glass Bottle Wholesale\",\"url\":\"https:\\\/\\\/glassbottlewholesale.com\\\/\",\"logo\":{\"@type\":\"ImageObject\",\"inLanguage\":\"fr-FR\",\"@id\":\"https:\\\/\\\/glassbottlewholesale.com\\\/#\\\/schema\\\/logo\\\/image\\\/\",\"url\":\"https:\\\/\\\/glassbottlewholesale.com\\\/wp-content\\\/uploads\\\/2023\\\/12\\\/ruisheng-logo.webp\",\"contentUrl\":\"https:\\\/\\\/glassbottlewholesale.com\\\/wp-content\\\/uploads\\\/2023\\\/12\\\/ruisheng-logo.webp\",\"width\":400,\"height\":233,\"caption\":\"Glass Bottle Wholesale\"},\"image\":{\"@id\":\"https:\\\/\\\/glassbottlewholesale.com\\\/#\\\/schema\\\/logo\\\/image\\\/\"}}]}<\/script>\n<!-- \/ Yoast SEO plugin. -->","yoast_head_json":{"title":"Fournisseurs en gros de bouteilles de vin de 750 ml | Fabricant de bouteilles alsaciennes","description":"Ruisheng, un fabricant et fournisseur professionnel de bouteilles d&#039;Alsace, propose des bouteilles de vin de 750 ml en gros au prix de sortie d&#039;usine.","robots":{"index":"index","follow":"follow","max-snippet":"max-snippet:-1","max-image-preview":"max-image-preview:large","max-video-preview":"max-video-preview:-1"},"canonical":"https:\/\/ruishengglassco.com\/product\/rs008-750ml-alsace-bottle-wine-bottle-wholesale-supplier","og_locale":"fr_FR","og_type":"article","og_title":"750ml Wine Bottle Wholesale Suppliers | Alsace Bottle Manufacturer","og_description":"Ruisheng, a professional Alsace Bottle Manufacturer and supplier, provide 750ml wine bottle wholesale at factory outlet price.","og_url":"https:\/\/ruishengglassco.com\/product\/rs008-750ml-alsace-bottle-wine-bottle-wholesale-supplier","og_site_name":"Glass Bottle Wholesale","article_modified_time":"2023-12-28T09:53:35+00:00","og_image":[{"width":500,"height":500,"url":"https:\/\/glassbottlewholesale.com\/wp-content\/uploads\/2023\/12\/750ml-Alsace-Bottle-Wine-Bottle.png","type":"image\/png"}],"twitter_card":"summary_large_image","twitter_misc":{"Dur\u00e9e de lecture estim\u00e9e":"1 minute"},"schema":{"@context":"https:\/\/schema.org","@graph":[{"@type":"WebPage","@id":"https:\/\/glassbottlewholesale.com\/750ml-alsace-bottle-wine-bottle-wholesale-supplier\/","url":"https:\/\/ruishengglassco.com\/product\/rs008-750ml-alsace-bottle-wine-bottle-wholesale-supplier","name":"Fournisseurs en gros de bouteilles de vin de 750 ml | Fabricant de bouteilles alsaciennes","isPartOf":{"@id":"https:\/\/glassbottlewholesale.com\/#website"},"primaryImageOfPage":{"@id":"https:\/\/ruishengglassco.com\/product\/rs008-750ml-alsace-bottle-wine-bottle-wholesale-supplier#primaryimage"},"image":{"@id":"https:\/\/ruishengglassco.com\/product\/rs008-750ml-alsace-bottle-wine-bottle-wholesale-supplier#primaryimage"},"thumbnailUrl":"https:\/\/glassbottlewholesale.com\/wp-content\/uploads\/2023\/12\/750ml-Alsace-Bottle-Wine-Bottle.png","datePublished":"2021-03-23T02:45:34+00:00","dateModified":"2023-12-28T09:53:35+00:00","description":"Ruisheng, un fabricant et fournisseur professionnel de bouteilles d&#039;Alsace, propose des bouteilles de vin de 750 ml en gros au prix de sortie d&#039;usine.","breadcrumb":{"@id":"https:\/\/ruishengglassco.com\/product\/rs008-750ml-alsace-bottle-wine-bottle-wholesale-supplier#breadcrumb"},"inLanguage":"fr-FR","potentialAction":[{"@type":"ReadAction","target":["https:\/\/ruishengglassco.com\/product\/rs008-750ml-alsace-bottle-wine-bottle-wholesale-supplier"]}]},{"@type":"ImageObject","inLanguage":"fr-FR","@id":"https:\/\/ruishengglassco.com\/product\/rs008-750ml-alsace-bottle-wine-bottle-wholesale-supplier#primaryimage","url":"https:\/\/glassbottlewholesale.com\/wp-content\/uploads\/2023\/12\/750ml-Alsace-Bottle-Wine-Bottle.png","contentUrl":"https:\/\/glassbottlewholesale.com\/wp-content\/uploads\/2023\/12\/750ml-Alsace-Bottle-Wine-Bottle.png","width":500,"height":500,"caption":"750ml Alsace Bottle Wine Bottle Wholesale Supplier"},{"@type":"BreadcrumbList","@id":"https:\/\/ruishengglassco.com\/product\/rs008-750ml-alsace-bottle-wine-bottle-wholesale-supplier#breadcrumb","itemListElement":[{"@type":"ListItem","position":1,"name":"Home","item":"https:\/\/glassbottlewholesale.com\/"},{"@type":"ListItem","position":2,"name":"Products","item":"https:\/\/glassbottlewholesale.com\/shop\/"},{"@type":"ListItem","position":3,"name":"RS008: 750ml Alsace Bottle Wine Bottle Wholesale Supplier"}]},{"@type":"WebSite","@id":"https:\/\/glassbottlewholesale.com\/#website","url":"https:\/\/glassbottlewholesale.com\/","name":"Glass Bottle Wholesale","description":"","publisher":{"@id":"https:\/\/glassbottlewholesale.com\/#organization"},"potentialAction":[{"@type":"SearchAction","target":{"@type":"EntryPoint","urlTemplate":"https:\/\/glassbottlewholesale.com\/?s={search_term_string}"},"query-input":{"@type":"PropertyValueSpecification","valueRequired":true,"valueName":"search_term_string"}}],"inLanguage":"fr-FR"},{"@type":"Organization","@id":"https:\/\/glassbottlewholesale.com\/#organization","name":"Glass Bottle Wholesale","url":"https:\/\/glassbottlewholesale.com\/","logo":{"@type":"ImageObject","inLanguage":"fr-FR","@id":"https:\/\/glassbottlewholesale.com\/#\/schema\/logo\/image\/","url":"https:\/\/glassbottlewholesale.com\/wp-content\/uploads\/2023\/12\/ruisheng-logo.webp","contentUrl":"https:\/\/glassbottlewholesale.com\/wp-content\/uploads\/2023\/12\/ruisheng-logo.webp","width":400,"height":233,"caption":"Glass Bottle Wholesale"},"image":{"@id":"https:\/\/glassbottlewholesale.com\/#\/schema\/logo\/image\/"}}]}},"_links":{"self":[{"href":"https:\/\/glassbottlewholesale.com\/fr\/wp-json\/wp\/v2\/product\/2604","targetHints":{"allow":["GET"]}}],"collection":[{"href":"https:\/\/glassbottlewholesale.com\/fr\/wp-json\/wp\/v2\/product"}],"about":[{"href":"https:\/\/glassbottlewholesale.com\/fr\/wp-json\/wp\/v2\/types\/product"}],"replies":[{"embeddable":true,"href":"https:\/\/glassbottlewholesale.com\/fr\/wp-json\/wp\/v2\/comments?post=2604"}],"wp:featuredmedia":[{"embeddable":true,"href":"https:\/\/glassbottlewholesale.com\/fr\/wp-json\/wp\/v2\/media\/4457"}],"wp:attachment":[{"href":"https:\/\/glassbottlewholesale.com\/fr\/wp-json\/wp\/v2\/media?parent=2604"}],"wp:term":[{"taxonomy":"product_brand","embeddable":true,"href":"https:\/\/glassbottlewholesale.com\/fr\/wp-json\/wp\/v2\/product_brand?post=2604"},{"taxonomy":"product_cat","embeddable":true,"href":"https:\/\/glassbottlewholesale.com\/fr\/wp-json\/wp\/v2\/product_cat?post=2604"},{"taxonomy":"product_tag","embeddable":true,"href":"https:\/\/glassbottlewholesale.com\/fr\/wp-json\/wp\/v2\/product_tag?post=2604"}],"curies":[{"name":"wp","href":"https:\/\/api.w.org\/{rel}","templated":true}]}}