{"id":2610,"date":"2021-03-23T03:11:52","date_gmt":"2021-03-23T03:11:52","guid":{"rendered":"https:\/\/glassbottlewholesale.com\/?post_type=product&#038;p=2610"},"modified":"2025-06-23T08:35:37","modified_gmt":"2025-06-23T08:35:37","slug":"bulk-wine-bottles-700ml-750ml","status":"publish","type":"product","link":"https:\/\/glassbottlewholesale.com\/fr\/bulk-wine-bottles-700ml-750ml\/","title":{"rendered":"RS006 Bouteilles de vin en vrac 700 ml\/750 ml"},"content":{"rendered":"<h2>D\u00e9tails sur les bouteilles de vin de 75cl en gros<\/h2>\n<p>Pour cette s\u00e9rie de bouteilles de vin en vrac \u00e0 vendre, nous proposons deux types de couleurs au choix : les bouteilles de vin brunes et les bouteilles de vin vertes. Ces deux couleurs permettent d'\u00e9viter l'oxydation du vin et d'en garantir le go\u00fbt. Les bouchons en bois sont offerts. Si vous souhaitez obtenir d'autres bouchons de bouteille en verre, vous pouvez vous adresser \u00e0 notre service des ventes.<\/p>\n<p>Cette bouteille de vin en verre de 75 cl appartient \u00e0 la forme classique de la bouteille de vin de Bordeaux, tr\u00e8s r\u00e9pandue dans notre vie quotidienne et appr\u00e9ci\u00e9e dans le monde entier. Cette bouteille au long col et aux \u00e9paules prononc\u00e9es est la forme de bouteille de vin la plus r\u00e9pandue aujourd'hui. Notre bouteille de vin vide adopte un mat\u00e9riau en verre super silex, ce qui rend nos bouteilles de vin en vrac claires, belles et respectueuses de l'environnement.<\/p>\n<ul>\n<li>Objet : Bouteilles de vin de 75cl en vrac avec bouchon \u00e0 vis<\/li>\n<li>Fabricant : Bouteille en verre Ruisheng<\/li>\n<li>Num\u00e9ro : RS-006<\/li>\n<li>Capacit\u00e9 : 50 ml, 200 ml, 300 ml, 700 ml, 750 ml, 1000 ml, 2L et service de bouteille de vin personnalis\u00e9<\/li>\n<li>Type d&#039;\u00e9tanch\u00e9it\u00e9\u00a0: Bouchon \u00e0 vis<\/li>\n<li>Mat\u00e9riau : verre super silex, verre blanc cristal, verre blanc co\u00fbteux.<\/li>\n<li>Utilisation : bouteille de vin en verre.<\/li>\n<li>Surface\u00a0:\u00a0Givre, d\u00e9calcomanie, peinture, marquage \u00e0 chaud, gaufrage, impression, dor\u00e9, s\u00e9rigraphie<\/li>\n<li>Logo\u00a0:\u00a0Logo du client acceptable<\/li>\n<li>\u00c9chantillon:\n<ul>\n<li>Fabrication de moules<\/li>\n<li>Gratuit par moule existant<\/li>\n<li>Comme mots ou votre dessin<\/li>\n<\/ul>\n<\/li>\n<li>Paquet\u00a0: Carton standard d\u2019exportation\u00a0; ou emballage de palettes\u00a0; Emballage de bo\u00eete FGC<\/li>\n<li>D\u00e9lai : 20-30 jours apr\u00e8s confirmation de la commande<\/li>\n<\/ul>\n<p>Si vous souhaitez obtenir le prix d'une bouteille de vin en vrac, veuillez cliquer ici pour obtenir le prix d'une bouteille de vin en vrac. <a href=\"https:\/\/ruishengglassco.com\/contact\" target=\"_blank\" rel=\"noopener\">Contactez-nous<\/a>.<\/p>","protected":false},"excerpt":{"rendered":"<p>Want to get a bulk wine bottle price? Ruisheng Glass will be your first choice.<\/p>\n<p>Ruisheng, one of the leading glass bottle manufacturers in China, has been involved in wine bottle manufacturing for over 10 years.\u00a0 as a professional wine bottle manufacturer, our company provides wine bottle design&amp;manufacturing services for Winery, wine companies, and glass bottle wholesalers and distributors.<\/p>\n<div><span style=\"color: #ff6600\"><strong><span class=\"mceItemHidden\"><span class=\"hiddenSpellError\">\u2013<\/span><span class=\"hiddenSpellError\">Quantit\u00e9 minimale de commande<\/span>: 10 000 pi\u00e8ces (environ 30 000 <span class=\"hiddenSpellError\">pi\u00e8ces<\/span>)<\/span><\/strong><\/span><\/div>\n<div><span class=\"mceItemHidden\"><span class=\"hiddenSpellError\">-Gratuit<\/span>\u00a0\u00c9chantillon offert. OEM\/ODM disponible<\/span><\/div>\n<div><span class=\"mceItemHidden\"><span class=\"hiddenSpellError\">-Livraison gratuite d&#039;\u00e9chantillons dans les 7 jours\u00a0; livraison de la commande en gros dans les 30 jours apr\u00e8s la confirmation de la commande.<\/span><\/span><\/div>","protected":false},"featured_media":4356,"comment_status":"open","ping_status":"closed","template":"","meta":[],"product_brand":[],"product_cat":[51,52,74],"product_tag":[],"class_list":{"0":"post-2610","1":"product","2":"type-product","3":"status-publish","4":"has-post-thumbnail","6":"product_cat-700ml-glass-bottle","7":"product_cat-750ml-glass-bottle","8":"product_cat-wine-bottle","9":"entry","10":"has-media","12":"first","13":"instock","14":"shipping-taxable","15":"product-type-simple"},"yoast_head":"<!-- This site is optimized with the Yoast SEO plugin v27.3 - https:\/\/yoast.com\/product\/yoast-seo-wordpress\/ -->\n<title>Bulk Wine Bottle Price | 75cl Glass Bottle Manufacturer China<\/title>\n<meta name=\"description\" content=\"Find Bulk Wine Bottle Price At Ruisheng Glass co. ltd. Top 75cl Glass Bottle Manufacturer China, provide Quality assurance glass bottle.\" \/>\n<meta name=\"robots\" content=\"index, follow, max-snippet:-1, max-image-preview:large, max-video-preview:-1\" \/>\n<link rel=\"canonical\" href=\"https:\/\/ruishengglassco.com\/product\/rs006-bulk-wine-bottles-700ml-750ml\" \/>\n<meta property=\"og:locale\" content=\"fr_FR\" \/>\n<meta property=\"og:type\" content=\"article\" \/>\n<meta property=\"og:title\" content=\"Bulk Wine Bottle Price | 75cl Glass Bottle Manufacturer China\" \/>\n<meta property=\"og:description\" content=\"Find Bulk Wine Bottle Price At Ruisheng Glass co. ltd. Top 75cl Glass Bottle Manufacturer China, provide Quality assurance glass bottle.\" \/>\n<meta property=\"og:url\" content=\"https:\/\/ruishengglassco.com\/product\/rs006-bulk-wine-bottles-700ml-750ml\" \/>\n<meta property=\"og:site_name\" content=\"Glass Bottle Wholesale\" \/>\n<meta property=\"article:modified_time\" content=\"2025-06-23T08:35:37+00:00\" \/>\n<meta property=\"og:image\" content=\"https:\/\/glassbottlewholesale.com\/wp-content\/uploads\/2023\/12\/wine-bottle3-4700ml-glass-bottle-wholesale20231218152919-1.png\" \/>\n\t<meta property=\"og:image:width\" content=\"500\" \/>\n\t<meta property=\"og:image:height\" content=\"500\" \/>\n\t<meta property=\"og:image:type\" content=\"image\/png\" \/>\n<meta name=\"twitter:card\" content=\"summary_large_image\" \/>\n<meta name=\"twitter:label1\" content=\"Dur\u00e9e de lecture estim\u00e9e\" \/>\n\t<meta name=\"twitter:data1\" content=\"2 minutes\" \/>\n<script type=\"application\/ld+json\" class=\"yoast-schema-graph\">{\"@context\":\"https:\\\/\\\/schema.org\",\"@graph\":[{\"@type\":\"WebPage\",\"@id\":\"https:\\\/\\\/glassbottlewholesale.com\\\/bulk-wine-bottles-700ml-750ml\\\/\",\"url\":\"https:\\\/\\\/ruishengglassco.com\\\/product\\\/rs006-bulk-wine-bottles-700ml-750ml\",\"name\":\"Bulk Wine Bottle Price | 75cl Glass Bottle Manufacturer China\",\"isPartOf\":{\"@id\":\"https:\\\/\\\/glassbottlewholesale.com\\\/#website\"},\"primaryImageOfPage\":{\"@id\":\"https:\\\/\\\/ruishengglassco.com\\\/product\\\/rs006-bulk-wine-bottles-700ml-750ml#primaryimage\"},\"image\":{\"@id\":\"https:\\\/\\\/ruishengglassco.com\\\/product\\\/rs006-bulk-wine-bottles-700ml-750ml#primaryimage\"},\"thumbnailUrl\":\"https:\\\/\\\/glassbottlewholesale.com\\\/wp-content\\\/uploads\\\/2023\\\/12\\\/wine-bottle3-4700ml-glass-bottle-wholesale20231218152919-1.png\",\"datePublished\":\"2021-03-23T03:11:52+00:00\",\"dateModified\":\"2025-06-23T08:35:37+00:00\",\"description\":\"Find Bulk Wine Bottle Price At Ruisheng Glass co. ltd. Top 75cl Glass Bottle Manufacturer China, provide Quality assurance glass bottle.\",\"breadcrumb\":{\"@id\":\"https:\\\/\\\/ruishengglassco.com\\\/product\\\/rs006-bulk-wine-bottles-700ml-750ml#breadcrumb\"},\"inLanguage\":\"fr-FR\",\"potentialAction\":[{\"@type\":\"ReadAction\",\"target\":[\"https:\\\/\\\/ruishengglassco.com\\\/product\\\/rs006-bulk-wine-bottles-700ml-750ml\"]}]},{\"@type\":\"ImageObject\",\"inLanguage\":\"fr-FR\",\"@id\":\"https:\\\/\\\/ruishengglassco.com\\\/product\\\/rs006-bulk-wine-bottles-700ml-750ml#primaryimage\",\"url\":\"https:\\\/\\\/glassbottlewholesale.com\\\/wp-content\\\/uploads\\\/2023\\\/12\\\/wine-bottle3-4700ml-glass-bottle-wholesale20231218152919-1.png\",\"contentUrl\":\"https:\\\/\\\/glassbottlewholesale.com\\\/wp-content\\\/uploads\\\/2023\\\/12\\\/wine-bottle3-4700ml-glass-bottle-wholesale20231218152919-1.png\",\"width\":500,\"height\":500,\"caption\":\"RS006 Bulk Wine Bottles 700ml\\\/750ml\"},{\"@type\":\"BreadcrumbList\",\"@id\":\"https:\\\/\\\/ruishengglassco.com\\\/product\\\/rs006-bulk-wine-bottles-700ml-750ml#breadcrumb\",\"itemListElement\":[{\"@type\":\"ListItem\",\"position\":1,\"name\":\"Home\",\"item\":\"https:\\\/\\\/glassbottlewholesale.com\\\/\"},{\"@type\":\"ListItem\",\"position\":2,\"name\":\"Products\",\"item\":\"https:\\\/\\\/glassbottlewholesale.com\\\/shop\\\/\"},{\"@type\":\"ListItem\",\"position\":3,\"name\":\"RS006 Bulk Wine Bottles 700ml\\\/750ml\"}]},{\"@type\":\"WebSite\",\"@id\":\"https:\\\/\\\/glassbottlewholesale.com\\\/#website\",\"url\":\"https:\\\/\\\/glassbottlewholesale.com\\\/\",\"name\":\"Glass Bottle Wholesale\",\"description\":\"\",\"publisher\":{\"@id\":\"https:\\\/\\\/glassbottlewholesale.com\\\/#organization\"},\"potentialAction\":[{\"@type\":\"SearchAction\",\"target\":{\"@type\":\"EntryPoint\",\"urlTemplate\":\"https:\\\/\\\/glassbottlewholesale.com\\\/?s={search_term_string}\"},\"query-input\":{\"@type\":\"PropertyValueSpecification\",\"valueRequired\":true,\"valueName\":\"search_term_string\"}}],\"inLanguage\":\"fr-FR\"},{\"@type\":\"Organization\",\"@id\":\"https:\\\/\\\/glassbottlewholesale.com\\\/#organization\",\"name\":\"Glass Bottle Wholesale\",\"url\":\"https:\\\/\\\/glassbottlewholesale.com\\\/\",\"logo\":{\"@type\":\"ImageObject\",\"inLanguage\":\"fr-FR\",\"@id\":\"https:\\\/\\\/glassbottlewholesale.com\\\/#\\\/schema\\\/logo\\\/image\\\/\",\"url\":\"https:\\\/\\\/glassbottlewholesale.com\\\/wp-content\\\/uploads\\\/2023\\\/12\\\/ruisheng-logo.webp\",\"contentUrl\":\"https:\\\/\\\/glassbottlewholesale.com\\\/wp-content\\\/uploads\\\/2023\\\/12\\\/ruisheng-logo.webp\",\"width\":400,\"height\":233,\"caption\":\"Glass Bottle Wholesale\"},\"image\":{\"@id\":\"https:\\\/\\\/glassbottlewholesale.com\\\/#\\\/schema\\\/logo\\\/image\\\/\"}}]}<\/script>\n<!-- \/ Yoast SEO plugin. -->","yoast_head_json":{"title":"Bulk Wine Bottle Price | 75cl Glass Bottle Manufacturer China","description":"Find Bulk Wine Bottle Price At Ruisheng Glass co. ltd. Top 75cl Glass Bottle Manufacturer China, provide Quality assurance glass bottle.","robots":{"index":"index","follow":"follow","max-snippet":"max-snippet:-1","max-image-preview":"max-image-preview:large","max-video-preview":"max-video-preview:-1"},"canonical":"https:\/\/ruishengglassco.com\/product\/rs006-bulk-wine-bottles-700ml-750ml","og_locale":"fr_FR","og_type":"article","og_title":"Bulk Wine Bottle Price | 75cl Glass Bottle Manufacturer China","og_description":"Find Bulk Wine Bottle Price At Ruisheng Glass co. ltd. Top 75cl Glass Bottle Manufacturer China, provide Quality assurance glass bottle.","og_url":"https:\/\/ruishengglassco.com\/product\/rs006-bulk-wine-bottles-700ml-750ml","og_site_name":"Glass Bottle Wholesale","article_modified_time":"2025-06-23T08:35:37+00:00","og_image":[{"width":500,"height":500,"url":"https:\/\/glassbottlewholesale.com\/wp-content\/uploads\/2023\/12\/wine-bottle3-4700ml-glass-bottle-wholesale20231218152919-1.png","type":"image\/png"}],"twitter_card":"summary_large_image","twitter_misc":{"Dur\u00e9e de lecture estim\u00e9e":"2 minutes"},"schema":{"@context":"https:\/\/schema.org","@graph":[{"@type":"WebPage","@id":"https:\/\/glassbottlewholesale.com\/bulk-wine-bottles-700ml-750ml\/","url":"https:\/\/ruishengglassco.com\/product\/rs006-bulk-wine-bottles-700ml-750ml","name":"Bulk Wine Bottle Price | 75cl Glass Bottle Manufacturer China","isPartOf":{"@id":"https:\/\/glassbottlewholesale.com\/#website"},"primaryImageOfPage":{"@id":"https:\/\/ruishengglassco.com\/product\/rs006-bulk-wine-bottles-700ml-750ml#primaryimage"},"image":{"@id":"https:\/\/ruishengglassco.com\/product\/rs006-bulk-wine-bottles-700ml-750ml#primaryimage"},"thumbnailUrl":"https:\/\/glassbottlewholesale.com\/wp-content\/uploads\/2023\/12\/wine-bottle3-4700ml-glass-bottle-wholesale20231218152919-1.png","datePublished":"2021-03-23T03:11:52+00:00","dateModified":"2025-06-23T08:35:37+00:00","description":"Find Bulk Wine Bottle Price At Ruisheng Glass co. ltd. Top 75cl Glass Bottle Manufacturer China, provide Quality assurance glass bottle.","breadcrumb":{"@id":"https:\/\/ruishengglassco.com\/product\/rs006-bulk-wine-bottles-700ml-750ml#breadcrumb"},"inLanguage":"fr-FR","potentialAction":[{"@type":"ReadAction","target":["https:\/\/ruishengglassco.com\/product\/rs006-bulk-wine-bottles-700ml-750ml"]}]},{"@type":"ImageObject","inLanguage":"fr-FR","@id":"https:\/\/ruishengglassco.com\/product\/rs006-bulk-wine-bottles-700ml-750ml#primaryimage","url":"https:\/\/glassbottlewholesale.com\/wp-content\/uploads\/2023\/12\/wine-bottle3-4700ml-glass-bottle-wholesale20231218152919-1.png","contentUrl":"https:\/\/glassbottlewholesale.com\/wp-content\/uploads\/2023\/12\/wine-bottle3-4700ml-glass-bottle-wholesale20231218152919-1.png","width":500,"height":500,"caption":"RS006 Bulk Wine Bottles 700ml\/750ml"},{"@type":"BreadcrumbList","@id":"https:\/\/ruishengglassco.com\/product\/rs006-bulk-wine-bottles-700ml-750ml#breadcrumb","itemListElement":[{"@type":"ListItem","position":1,"name":"Home","item":"https:\/\/glassbottlewholesale.com\/"},{"@type":"ListItem","position":2,"name":"Products","item":"https:\/\/glassbottlewholesale.com\/shop\/"},{"@type":"ListItem","position":3,"name":"RS006 Bulk Wine Bottles 700ml\/750ml"}]},{"@type":"WebSite","@id":"https:\/\/glassbottlewholesale.com\/#website","url":"https:\/\/glassbottlewholesale.com\/","name":"Glass Bottle Wholesale","description":"","publisher":{"@id":"https:\/\/glassbottlewholesale.com\/#organization"},"potentialAction":[{"@type":"SearchAction","target":{"@type":"EntryPoint","urlTemplate":"https:\/\/glassbottlewholesale.com\/?s={search_term_string}"},"query-input":{"@type":"PropertyValueSpecification","valueRequired":true,"valueName":"search_term_string"}}],"inLanguage":"fr-FR"},{"@type":"Organization","@id":"https:\/\/glassbottlewholesale.com\/#organization","name":"Glass Bottle Wholesale","url":"https:\/\/glassbottlewholesale.com\/","logo":{"@type":"ImageObject","inLanguage":"fr-FR","@id":"https:\/\/glassbottlewholesale.com\/#\/schema\/logo\/image\/","url":"https:\/\/glassbottlewholesale.com\/wp-content\/uploads\/2023\/12\/ruisheng-logo.webp","contentUrl":"https:\/\/glassbottlewholesale.com\/wp-content\/uploads\/2023\/12\/ruisheng-logo.webp","width":400,"height":233,"caption":"Glass Bottle Wholesale"},"image":{"@id":"https:\/\/glassbottlewholesale.com\/#\/schema\/logo\/image\/"}}]}},"_links":{"self":[{"href":"https:\/\/glassbottlewholesale.com\/fr\/wp-json\/wp\/v2\/product\/2610","targetHints":{"allow":["GET"]}}],"collection":[{"href":"https:\/\/glassbottlewholesale.com\/fr\/wp-json\/wp\/v2\/product"}],"about":[{"href":"https:\/\/glassbottlewholesale.com\/fr\/wp-json\/wp\/v2\/types\/product"}],"replies":[{"embeddable":true,"href":"https:\/\/glassbottlewholesale.com\/fr\/wp-json\/wp\/v2\/comments?post=2610"}],"wp:featuredmedia":[{"embeddable":true,"href":"https:\/\/glassbottlewholesale.com\/fr\/wp-json\/wp\/v2\/media\/4356"}],"wp:attachment":[{"href":"https:\/\/glassbottlewholesale.com\/fr\/wp-json\/wp\/v2\/media?parent=2610"}],"wp:term":[{"taxonomy":"product_brand","embeddable":true,"href":"https:\/\/glassbottlewholesale.com\/fr\/wp-json\/wp\/v2\/product_brand?post=2610"},{"taxonomy":"product_cat","embeddable":true,"href":"https:\/\/glassbottlewholesale.com\/fr\/wp-json\/wp\/v2\/product_cat?post=2610"},{"taxonomy":"product_tag","embeddable":true,"href":"https:\/\/glassbottlewholesale.com\/fr\/wp-json\/wp\/v2\/product_tag?post=2610"}],"curies":[{"name":"wp","href":"https:\/\/api.w.org\/{rel}","templated":true}]}}