{"id":2611,"date":"2021-03-23T03:13:53","date_gmt":"2021-03-23T03:13:53","guid":{"rendered":"https:\/\/glassbottlewholesale.com\/?post_type=product&#038;p=2611"},"modified":"2025-06-23T08:34:47","modified_gmt":"2025-06-23T08:34:47","slug":"vente-en-gros-bouteille-de-vin-avec-bouchons","status":"publish","type":"product","link":"https:\/\/glassbottlewholesale.com\/fr\/vente-en-gros-bouteille-de-vin-avec-bouchons\/","title":{"rendered":"Bouteilles de vin en verre RS005 en gros avec bouchons \u00e0 vis"},"content":{"rendered":"<h2>Informations d\u00e9taill\u00e9es sur la vente en gros de bouteilles de vin en verre de 750 ml<\/h2>\n<p>Cette s\u00e9rie de bouteilles de vin en verre en gros est une bouteille de Bourgogne classique de 750 ml avec 3 types de bouchons au choix : bouchons \u00e0 vis, bouchons en li\u00e8ge et bouchon guala. Dot\u00e9 d&#039;une base plate et de parois droites pour un \u00e9tiquetage facile. Une excellente option pour toutes les boissons p\u00e9tillantes et gazeuses pr\u00e9f\u00e9r\u00e9es. Cette bouteille en verre vide adopte un mat\u00e9riau en verre \u00e0 haute teneur en silex qui rend notre bouteille en verre claire, \u00e9l\u00e9gante et respectueuse de l&#039;environnement. La couleur vert clair de la bouteille en verre est propice \u00e0 la conservation du vin, \u00e9vite l&#039;oxydation et assure son go\u00fbt.<\/p>\n<p>En tant que fabricant professionnel de bouteilles de vin, notre soci\u00e9t\u00e9 fournit un service de bouteilles de vin OEM\/ODM\/personnalis\u00e9es. Si vous avez des consid\u00e9rations concernant la fabrication de vos bouteilles de vin, n&#039;h\u00e9sitez pas \u00e0 le dire <a href=\"https:\/\/ruishengglassco.com\/contact\" target=\"_blank\" rel=\"noopener\">nos ventes ici.<\/a><\/p>\n<ul>\n<li>Article: bouteilles de vin en verre de 750 ml en gros<\/li>\n<li>Fabricant : Bouteille en verre Ruisheng<\/li>\n<li>Num\u00e9ro\u00a0:\u00a0RS005<\/li>\n<li>Capacit\u00e9 : 700 ml, 750 ml, 1000 ml, 2 L<\/li>\n<li>Mat\u00e9riau : verre super silex, verre blanc cristal, verre blanc co\u00fbteux.<\/li>\n<li>Utilisation : bouteille de vin en verre.<\/li>\n<li>Surface\u00a0:\u00a0Givre, d\u00e9calcomanie, peinture, marquage \u00e0 chaud, gaufrage, impression, dor\u00e9, s\u00e9rigraphie<\/li>\n<li>Logo\u00a0:\u00a0Logo du client acceptable<\/li>\n<li>\u00c9chantillon:\n<ul>\n<li>Fabrication de moules<\/li>\n<li>Gratuit par moule existant<\/li>\n<li>Comme mots ou votre dessin<\/li>\n<\/ul>\n<\/li>\n<li>Paquet\u00a0: Carton standard d\u2019exportation\u00a0; ou emballage de palettes\u00a0; Emballage de bo\u00eete FGC<\/li>\n<li>D\u00e9lai : 20-30 jours apr\u00e8s confirmation de la commande<\/li>\n<\/ul>","protected":false},"excerpt":{"rendered":"<p>Ruisheng Glass Co, Ltd, l&#039;un des fabricants de verrerie les plus professionnels en Chine, est impliqu\u00e9 dans la vente en gros de bouteilles de vin en verre depuis plus de 10 ans. En tant que fabricant et fournisseur professionnel de bouteilles d&#039;alcool en verre, nous pouvons fournir des types de bouteilles d&#039;alcool en verre pour votre entreprise, telles que des bouteilles de vin en verre, des bouteilles de whisky, des bouteilles de brandy, des bouteilles de vodka, des bouteilles de tequila et du tec.<\/p>\n<h4>Informations concern\u00e9es sur la vente en gros de bouteilles de vin en verre de 750 ml<\/h4>\n<div class=\"summary entry-summary\">\n<div class=\"woocommerce-product-details__short-description\">\n<div><strong><span class=\"mceItemHidden\"><span class=\"hiddenSpellError\">\u2013<\/span><span class=\"hiddenSpellError\">Quantit\u00e9 minimale de commande<\/span>: 10 000 pi\u00e8ces (environ 30 000 <span class=\"hiddenSpellError\">pi\u00e8ces<\/span>)<\/span><\/strong><\/div>\n<div><span class=\"mceItemHidden\"><span class=\"hiddenSpellError\">-Gratuit<\/span>\u00a0\u00c9chantillon offert. OEM\/ODM disponible<\/span><\/div>\n<div><span class=\"mceItemHidden\"><span class=\"hiddenSpellError\">-Livraison gratuite d&#039;\u00e9chantillons dans les 7 jours\u00a0; livraison de la commande en gros dans les 30 jours apr\u00e8s la confirmation de la commande.<\/span><\/span><\/div>\n<div>Si vous souhaitez obtenir plus d&#039;informations sur la vente en gros de bouteilles de vin en verre, veuillez<a href=\"https:\/\/ruishengglassco.com\/contact\" target=\"_blank\" rel=\"noopener\"> Contactez-nous<\/a> ici.<\/div>\n<\/div>\n<\/div>","protected":false},"featured_media":4357,"comment_status":"open","ping_status":"closed","template":"","meta":[],"product_brand":[],"product_cat":[51,52,74],"product_tag":[],"class_list":{"0":"post-2611","1":"product","2":"type-product","3":"status-publish","4":"has-post-thumbnail","6":"product_cat-700ml-glass-bottle","7":"product_cat-750ml-glass-bottle","8":"product_cat-wine-bottle","9":"entry","10":"has-media","12":"first","13":"instock","14":"shipping-taxable","15":"product-type-simple"},"yoast_head":"<!-- This site is optimized with the Yoast SEO plugin v27.3 - https:\/\/yoast.com\/product\/yoast-seo-wordpress\/ -->\n<title>Glass Wine Bottles Wholesale | 750ml Glass Bottles With Screw Caps<\/title>\n<meta name=\"description\" content=\"Ruisheng glass co,ltd, a professional glass bottle manufacturer, provide glass wine bottles wholesale. Click here to get 750ml Glass Bottles With Screw Caps.\" \/>\n<meta name=\"robots\" content=\"index, follow, max-snippet:-1, max-image-preview:large, max-video-preview:-1\" \/>\n<link rel=\"canonical\" href=\"https:\/\/ruishengglassco.com\/product\/rs005-glass-wine-bottles-wholesale-with-screw-caps\" \/>\n<meta property=\"og:locale\" content=\"fr_FR\" \/>\n<meta property=\"og:type\" content=\"article\" \/>\n<meta property=\"og:title\" content=\"Glass Wine Bottles Wholesale | 750ml Glass Bottles With Screw Caps\" \/>\n<meta property=\"og:description\" content=\"Ruisheng glass co,ltd, a professional glass bottle manufacturer, provide glass wine bottles wholesale. Click here to get 750ml Glass Bottles With Screw Caps.\" \/>\n<meta property=\"og:url\" content=\"https:\/\/ruishengglassco.com\/product\/rs005-glass-wine-bottles-wholesale-with-screw-caps\" \/>\n<meta property=\"og:site_name\" content=\"Glass Bottle Wholesale\" \/>\n<meta property=\"article:modified_time\" content=\"2025-06-23T08:34:47+00:00\" \/>\n<meta property=\"og:image\" content=\"https:\/\/glassbottlewholesale.com\/wp-content\/uploads\/2023\/12\/wine-bottle3-2700ml-glass-bottle-wholesale2023121815295-1.png\" \/>\n\t<meta property=\"og:image:width\" content=\"500\" \/>\n\t<meta property=\"og:image:height\" content=\"500\" \/>\n\t<meta property=\"og:image:type\" content=\"image\/png\" \/>\n<meta name=\"twitter:card\" content=\"summary_large_image\" \/>\n<meta name=\"twitter:label1\" content=\"Dur\u00e9e de lecture estim\u00e9e\" \/>\n\t<meta name=\"twitter:data1\" content=\"2 minutes\" \/>\n<script type=\"application\/ld+json\" class=\"yoast-schema-graph\">{\"@context\":\"https:\\\/\\\/schema.org\",\"@graph\":[{\"@type\":\"WebPage\",\"@id\":\"https:\\\/\\\/glassbottlewholesale.com\\\/wholesale-wine-bottle-with-stoppers\\\/\",\"url\":\"https:\\\/\\\/ruishengglassco.com\\\/product\\\/rs005-glass-wine-bottles-wholesale-with-screw-caps\",\"name\":\"Glass Wine Bottles Wholesale | 750ml Glass Bottles With Screw Caps\",\"isPartOf\":{\"@id\":\"https:\\\/\\\/glassbottlewholesale.com\\\/#website\"},\"primaryImageOfPage\":{\"@id\":\"https:\\\/\\\/ruishengglassco.com\\\/product\\\/rs005-glass-wine-bottles-wholesale-with-screw-caps#primaryimage\"},\"image\":{\"@id\":\"https:\\\/\\\/ruishengglassco.com\\\/product\\\/rs005-glass-wine-bottles-wholesale-with-screw-caps#primaryimage\"},\"thumbnailUrl\":\"https:\\\/\\\/glassbottlewholesale.com\\\/wp-content\\\/uploads\\\/2023\\\/12\\\/wine-bottle3-2700ml-glass-bottle-wholesale2023121815295-1.png\",\"datePublished\":\"2021-03-23T03:13:53+00:00\",\"dateModified\":\"2025-06-23T08:34:47+00:00\",\"description\":\"Ruisheng glass co,ltd, a professional glass bottle manufacturer, provide glass wine bottles wholesale. Click here to get 750ml Glass Bottles With Screw Caps.\",\"breadcrumb\":{\"@id\":\"https:\\\/\\\/ruishengglassco.com\\\/product\\\/rs005-glass-wine-bottles-wholesale-with-screw-caps#breadcrumb\"},\"inLanguage\":\"fr-FR\",\"potentialAction\":[{\"@type\":\"ReadAction\",\"target\":[\"https:\\\/\\\/ruishengglassco.com\\\/product\\\/rs005-glass-wine-bottles-wholesale-with-screw-caps\"]}]},{\"@type\":\"ImageObject\",\"inLanguage\":\"fr-FR\",\"@id\":\"https:\\\/\\\/ruishengglassco.com\\\/product\\\/rs005-glass-wine-bottles-wholesale-with-screw-caps#primaryimage\",\"url\":\"https:\\\/\\\/glassbottlewholesale.com\\\/wp-content\\\/uploads\\\/2023\\\/12\\\/wine-bottle3-2700ml-glass-bottle-wholesale2023121815295-1.png\",\"contentUrl\":\"https:\\\/\\\/glassbottlewholesale.com\\\/wp-content\\\/uploads\\\/2023\\\/12\\\/wine-bottle3-2700ml-glass-bottle-wholesale2023121815295-1.png\",\"width\":500,\"height\":500,\"caption\":\"Glass Wine Bottles Wholesale With Screw Caps\"},{\"@type\":\"BreadcrumbList\",\"@id\":\"https:\\\/\\\/ruishengglassco.com\\\/product\\\/rs005-glass-wine-bottles-wholesale-with-screw-caps#breadcrumb\",\"itemListElement\":[{\"@type\":\"ListItem\",\"position\":1,\"name\":\"Home\",\"item\":\"https:\\\/\\\/glassbottlewholesale.com\\\/\"},{\"@type\":\"ListItem\",\"position\":2,\"name\":\"Products\",\"item\":\"https:\\\/\\\/glassbottlewholesale.com\\\/shop\\\/\"},{\"@type\":\"ListItem\",\"position\":3,\"name\":\"RS005 Glass Wine Bottles Wholesale With Screw Caps\"}]},{\"@type\":\"WebSite\",\"@id\":\"https:\\\/\\\/glassbottlewholesale.com\\\/#website\",\"url\":\"https:\\\/\\\/glassbottlewholesale.com\\\/\",\"name\":\"Glass Bottle Wholesale\",\"description\":\"\",\"publisher\":{\"@id\":\"https:\\\/\\\/glassbottlewholesale.com\\\/#organization\"},\"potentialAction\":[{\"@type\":\"SearchAction\",\"target\":{\"@type\":\"EntryPoint\",\"urlTemplate\":\"https:\\\/\\\/glassbottlewholesale.com\\\/?s={search_term_string}\"},\"query-input\":{\"@type\":\"PropertyValueSpecification\",\"valueRequired\":true,\"valueName\":\"search_term_string\"}}],\"inLanguage\":\"fr-FR\"},{\"@type\":\"Organization\",\"@id\":\"https:\\\/\\\/glassbottlewholesale.com\\\/#organization\",\"name\":\"Glass Bottle Wholesale\",\"url\":\"https:\\\/\\\/glassbottlewholesale.com\\\/\",\"logo\":{\"@type\":\"ImageObject\",\"inLanguage\":\"fr-FR\",\"@id\":\"https:\\\/\\\/glassbottlewholesale.com\\\/#\\\/schema\\\/logo\\\/image\\\/\",\"url\":\"https:\\\/\\\/glassbottlewholesale.com\\\/wp-content\\\/uploads\\\/2023\\\/12\\\/ruisheng-logo.webp\",\"contentUrl\":\"https:\\\/\\\/glassbottlewholesale.com\\\/wp-content\\\/uploads\\\/2023\\\/12\\\/ruisheng-logo.webp\",\"width\":400,\"height\":233,\"caption\":\"Glass Bottle Wholesale\"},\"image\":{\"@id\":\"https:\\\/\\\/glassbottlewholesale.com\\\/#\\\/schema\\\/logo\\\/image\\\/\"}}]}<\/script>\n<!-- \/ Yoast SEO plugin. -->","yoast_head_json":{"title":"Bouteilles de vin en verre en gros | Bouteilles en verre de 750 ml avec bouchons \u00e0 vis","description":"Ruisheng Glass Co, Ltd, un fabricant professionnel de bouteilles en verre, propose des bouteilles de vin en verre en gros. Cliquez ici pour obtenir des bouteilles en verre de 750 ml avec bouchons \u00e0 vis.","robots":{"index":"index","follow":"follow","max-snippet":"max-snippet:-1","max-image-preview":"max-image-preview:large","max-video-preview":"max-video-preview:-1"},"canonical":"https:\/\/ruishengglassco.com\/product\/rs005-glass-wine-bottles-wholesale-with-screw-caps","og_locale":"fr_FR","og_type":"article","og_title":"Glass Wine Bottles Wholesale | 750ml Glass Bottles With Screw Caps","og_description":"Ruisheng glass co,ltd, a professional glass bottle manufacturer, provide glass wine bottles wholesale. Click here to get 750ml Glass Bottles With Screw Caps.","og_url":"https:\/\/ruishengglassco.com\/product\/rs005-glass-wine-bottles-wholesale-with-screw-caps","og_site_name":"Glass Bottle Wholesale","article_modified_time":"2025-06-23T08:34:47+00:00","og_image":[{"width":500,"height":500,"url":"https:\/\/glassbottlewholesale.com\/wp-content\/uploads\/2023\/12\/wine-bottle3-2700ml-glass-bottle-wholesale2023121815295-1.png","type":"image\/png"}],"twitter_card":"summary_large_image","twitter_misc":{"Dur\u00e9e de lecture estim\u00e9e":"2 minutes"},"schema":{"@context":"https:\/\/schema.org","@graph":[{"@type":"WebPage","@id":"https:\/\/glassbottlewholesale.com\/wholesale-wine-bottle-with-stoppers\/","url":"https:\/\/ruishengglassco.com\/product\/rs005-glass-wine-bottles-wholesale-with-screw-caps","name":"Bouteilles de vin en verre en gros | Bouteilles en verre de 750 ml avec bouchons \u00e0 vis","isPartOf":{"@id":"https:\/\/glassbottlewholesale.com\/#website"},"primaryImageOfPage":{"@id":"https:\/\/ruishengglassco.com\/product\/rs005-glass-wine-bottles-wholesale-with-screw-caps#primaryimage"},"image":{"@id":"https:\/\/ruishengglassco.com\/product\/rs005-glass-wine-bottles-wholesale-with-screw-caps#primaryimage"},"thumbnailUrl":"https:\/\/glassbottlewholesale.com\/wp-content\/uploads\/2023\/12\/wine-bottle3-2700ml-glass-bottle-wholesale2023121815295-1.png","datePublished":"2021-03-23T03:13:53+00:00","dateModified":"2025-06-23T08:34:47+00:00","description":"Ruisheng Glass Co, Ltd, un fabricant professionnel de bouteilles en verre, propose des bouteilles de vin en verre en gros. Cliquez ici pour obtenir des bouteilles en verre de 750 ml avec bouchons \u00e0 vis.","breadcrumb":{"@id":"https:\/\/ruishengglassco.com\/product\/rs005-glass-wine-bottles-wholesale-with-screw-caps#breadcrumb"},"inLanguage":"fr-FR","potentialAction":[{"@type":"ReadAction","target":["https:\/\/ruishengglassco.com\/product\/rs005-glass-wine-bottles-wholesale-with-screw-caps"]}]},{"@type":"ImageObject","inLanguage":"fr-FR","@id":"https:\/\/ruishengglassco.com\/product\/rs005-glass-wine-bottles-wholesale-with-screw-caps#primaryimage","url":"https:\/\/glassbottlewholesale.com\/wp-content\/uploads\/2023\/12\/wine-bottle3-2700ml-glass-bottle-wholesale2023121815295-1.png","contentUrl":"https:\/\/glassbottlewholesale.com\/wp-content\/uploads\/2023\/12\/wine-bottle3-2700ml-glass-bottle-wholesale2023121815295-1.png","width":500,"height":500,"caption":"Glass Wine Bottles Wholesale With Screw Caps"},{"@type":"BreadcrumbList","@id":"https:\/\/ruishengglassco.com\/product\/rs005-glass-wine-bottles-wholesale-with-screw-caps#breadcrumb","itemListElement":[{"@type":"ListItem","position":1,"name":"Home","item":"https:\/\/glassbottlewholesale.com\/"},{"@type":"ListItem","position":2,"name":"Products","item":"https:\/\/glassbottlewholesale.com\/shop\/"},{"@type":"ListItem","position":3,"name":"RS005 Glass Wine Bottles Wholesale With Screw Caps"}]},{"@type":"WebSite","@id":"https:\/\/glassbottlewholesale.com\/#website","url":"https:\/\/glassbottlewholesale.com\/","name":"Glass Bottle Wholesale","description":"","publisher":{"@id":"https:\/\/glassbottlewholesale.com\/#organization"},"potentialAction":[{"@type":"SearchAction","target":{"@type":"EntryPoint","urlTemplate":"https:\/\/glassbottlewholesale.com\/?s={search_term_string}"},"query-input":{"@type":"PropertyValueSpecification","valueRequired":true,"valueName":"search_term_string"}}],"inLanguage":"fr-FR"},{"@type":"Organization","@id":"https:\/\/glassbottlewholesale.com\/#organization","name":"Glass Bottle Wholesale","url":"https:\/\/glassbottlewholesale.com\/","logo":{"@type":"ImageObject","inLanguage":"fr-FR","@id":"https:\/\/glassbottlewholesale.com\/#\/schema\/logo\/image\/","url":"https:\/\/glassbottlewholesale.com\/wp-content\/uploads\/2023\/12\/ruisheng-logo.webp","contentUrl":"https:\/\/glassbottlewholesale.com\/wp-content\/uploads\/2023\/12\/ruisheng-logo.webp","width":400,"height":233,"caption":"Glass Bottle Wholesale"},"image":{"@id":"https:\/\/glassbottlewholesale.com\/#\/schema\/logo\/image\/"}}]}},"_links":{"self":[{"href":"https:\/\/glassbottlewholesale.com\/fr\/wp-json\/wp\/v2\/product\/2611","targetHints":{"allow":["GET"]}}],"collection":[{"href":"https:\/\/glassbottlewholesale.com\/fr\/wp-json\/wp\/v2\/product"}],"about":[{"href":"https:\/\/glassbottlewholesale.com\/fr\/wp-json\/wp\/v2\/types\/product"}],"replies":[{"embeddable":true,"href":"https:\/\/glassbottlewholesale.com\/fr\/wp-json\/wp\/v2\/comments?post=2611"}],"wp:featuredmedia":[{"embeddable":true,"href":"https:\/\/glassbottlewholesale.com\/fr\/wp-json\/wp\/v2\/media\/4357"}],"wp:attachment":[{"href":"https:\/\/glassbottlewholesale.com\/fr\/wp-json\/wp\/v2\/media?parent=2611"}],"wp:term":[{"taxonomy":"product_brand","embeddable":true,"href":"https:\/\/glassbottlewholesale.com\/fr\/wp-json\/wp\/v2\/product_brand?post=2611"},{"taxonomy":"product_cat","embeddable":true,"href":"https:\/\/glassbottlewholesale.com\/fr\/wp-json\/wp\/v2\/product_cat?post=2611"},{"taxonomy":"product_tag","embeddable":true,"href":"https:\/\/glassbottlewholesale.com\/fr\/wp-json\/wp\/v2\/product_tag?post=2611"}],"curies":[{"name":"wp","href":"https:\/\/api.w.org\/{rel}","templated":true}]}}