{"id":2798,"date":"2021-05-28T09:22:32","date_gmt":"2021-05-28T09:22:32","guid":{"rendered":"https:\/\/glassbottlewholesale.com\/?post_type=product&#038;p=2798"},"modified":"2025-06-23T07:00:35","modified_gmt":"2025-06-23T07:00:35","slug":"wholesale-250ml-screw-top-glass-bottles-for-liquor","status":"publish","type":"product","link":"https:\/\/glassbottlewholesale.com\/fr\/wholesale-250ml-screw-top-glass-bottles-for-liquor\/","title":{"rendered":"RS001 Bouteilles en verre \u00e0 vis en gros de 250 ml pour alcool"},"content":{"rendered":"<div class=\"wpb-content-wrapper\"><h2><span style=\"color: #000000\">Details About Wholesale 250ml Screw Top Glass Bottles For Liquor<\/span><\/h2>\n<p>This series of wholesale 250ml screw top glass bottles are mainly designed for liquor packaging: White spirit, whiskey, brandy, vodka, cognac, tequila, champagne, and etc.<\/p>\n<p>The products are made of high flint quality glass raw materials processed by more than 10 processes. Transparent, clean, and free of impurities. It can perfectly highlight the quality of the liquor and enhance the overall product grade.<\/p>\n<p>If you are satisfied with the model we provide, we can produce 100% according to the original model. If you need custom service. You can make requests for each of the wine bottle size, shape, color, surface treatment, label, cap, etc., and we will produce according to your requirements<\/p>\n<ul>\n<li>Product Name: Wholesale 250ml Screw Top Glass Bottles For Liquor<\/li>\n<li>Brand: Ruisheng\/RS Glass<\/li>\n<li>Reference: RS001<\/li>\n<li>Glass Material: High Flint Glass Material<\/li>\n<li>Nominal Capacity: 250 ml<\/li>\n<li>Poids de la bouteille : 550g<\/li>\n<li>Type de scellement : Ropp \/ GPI \/ Cork \/ Guala \/ Swing Top \/ M\u00e9thode de scellement personnalis\u00e9e<\/li>\n<li>Application : Bouteille de vodka, bouteille de whisky, bouteille de cognac, bouteille de rhum, bouteille de Xo.<\/li>\n<li>Emballage\n<ul>\n<li>24 pi\u00e8ces\/carton, avec s\u00e9parateur de carton<\/li>\n<li>6 pcs \/ bo\u00eete color\u00e9e, avec s\u00e9parateur en carton<\/li>\n<li>Emballage en palette, avec s\u00e9parateur en carton<\/li>\n<li>Emballage carton\/bo\u00eete + palette<\/li>\n<\/ul>\n<\/li>\n<li><span style=\"color: #ff0000\">MOQ: 6000pcs for a new run<\/span><\/li>\n<li>D\u00e9lai de livraison : 20-30 jours<\/li>\n<\/ul>\n<p>If you have more questions about Wholesale 250ml Screw Top Glass Bottles For Liquor, please <a href=\"https:\/\/glassbottlewholesale.com\/fr\/contact\/\">contacter notre service commercial<\/a> maintenant.<\/p>\n<div class=\"vc_row wpb_row vc_row-fluid\"><div class=\"wpb_column vc_column_container vc_col-sm-6\"><div class=\"vc_column-inner\"><div class=\"wpb_wrapper\">\n\t<div  class=\"wpb_single_image wpb_content_element vc_align_ wpb_content_element\">\n\t\t\n\t\t<figure class=\"wpb_wrapper vc_figure\">\n\t\t\t<div class=\"vc_single_image-wrapper   vc_box_border_grey\"><img width=\"741\" height=\"417\" src=\"https:\/\/glassbottlewholesale.com\/wp-content\/uploads\/2021\/07\/ruisheng-glass-bottle-1.jpeg\" class=\"vc_single_image-img attachment-full\" alt=\"bouteille en verre ruisheng\" title=\"bouteille en verre ruisheng (1)\" srcset=\"https:\/\/glassbottlewholesale.com\/wp-content\/uploads\/2021\/07\/ruisheng-glass-bottle-1.jpeg 741w, https:\/\/glassbottlewholesale.com\/wp-content\/uploads\/2021\/07\/ruisheng-glass-bottle-1-300x169.jpeg 300w, https:\/\/glassbottlewholesale.com\/wp-content\/uploads\/2021\/07\/ruisheng-glass-bottle-1-600x338.jpeg 600w\" sizes=\"(max-width: 741px) 100vw, 741px\" \/><\/div>\n\t\t<\/figure>\n\t<\/div>\n<\/div><\/div><\/div><div class=\"wpb_column vc_column_container vc_col-sm-6\"><div class=\"vc_column-inner\"><div class=\"wpb_wrapper\"><h2 class=\"vcex-heading vcex-heading-plain vcex-module wpex-heading wpex-text-2xl\"><span class=\"vcex-heading-inner wpex-inline-block\">Usine de verre Ruisheng \u00e0 Shandong, Chine<\/span><\/h2><div class=\"vc_separator wpb_content_element vc_separator_align_center vc_sep_width_30 vc_sep_border_width_2 vc_sep_pos_align_left vc_separator_no_text vc_custom_1626068292507 wpb_content_element  vc_custom_1626068292507 wpb_content_element\" ><span class=\"vc_sep_holder vc_sep_holder_l\"><span style=\"border-color:#c6b20a;\" class=\"vc_sep_line\"><\/span><\/span><span class=\"vc_sep_holder vc_sep_holder_r\"><span style=\"border-color:#c6b20a;\" class=\"vc_sep_line\"><\/span><\/span>\n<\/div><div class=\"vcex-spacing wpex-w-100 wpex-clear\" style=\"height:20px;\"><\/div>\n\t<div class=\"wpb_text_column wpb_content_element\" >\n\t\t<div class=\"wpb_wrapper\">\n\t\t\t<p>Depuis 2009, notre usine de production de bouteilles en verre moderne et notre centre de R&amp;D bien \u00e9quip\u00e9 op\u00e8rent sur une superficie de 5 000 000 de pieds carr\u00e9s. L&#039;usine se concentre sur la production de bouteilles en verre de haute qualit\u00e9 pour les liqueurs, spiritueux, whisky, vodka, brandy et autres boissons alcoolis\u00e9es.<\/p>\n\n\t\t<\/div>\n\t<\/div>\n<\/div><\/div><\/div><\/div><div class=\"vc_row wpb_row vc_row-fluid\"><div class=\"wpb_column vc_column_container vc_col-sm-12\"><div class=\"vc_column-inner\"><div class=\"wpb_wrapper\">\n\t<div class=\"wpb_text_column wpb_content_element\" >\n\t\t<div class=\"wpb_wrapper\">\n\t\t\t<h3>Pleine capacit\u00e9 dans notre usine de fabrication de bouteilles en verre d\u2019alcool\u00a0:<\/h3>\n\n\t\t<\/div>\n\t<\/div>\n<div class=\"vcex-spacing wpex-w-100 wpex-clear\" style=\"height:20px;\"><\/div><div class=\"vc_row wpb_row vc_inner vc_row-fluid\"><div class=\"wpb_column vc_column_container vc_col-sm-3\"><div class=\"vc_column-inner\"><div class=\"wpb_wrapper\"><style>.vcex-heading.vcex_69f324b195748{color:#c6b20a;font-size:50px;font-weight:900;text-transform:capitalize;}<\/style><h2 class=\"vcex-heading vcex-heading-plain vcex-module wpex-heading wpex-text-2xl wpex-text-center vcex_69f324b195748\"><span class=\"vcex-heading-inner wpex-inline-block\">12<\/span><\/h2>\n\t<div class=\"wpb_text_column wpb_content_element\" >\n\t\t<div class=\"wpb_wrapper\">\n\t\t\t<p style=\"text-align: center\"><strong>-Ligne de production-<\/strong><\/p>\n\n\t\t<\/div>\n\t<\/div>\n\n\t<div class=\"wpb_text_column wpb_content_element\" >\n\t\t<div class=\"wpb_wrapper\">\n\t\t\t<p>Ligne de production semi-automatique de bouteilles en verre \u00e0 haut rendement. Elle peut produire simultan\u00e9ment des bouteilles en verre avec diff\u00e9rents processus de traitement.<\/p>\n\n\t\t<\/div>\n\t<\/div>\n<\/div><\/div><\/div><div class=\"wpb_column vc_column_container vc_col-sm-3\"><div class=\"vc_column-inner\"><div class=\"wpb_wrapper\"><style>.vcex-heading.vcex_69f324b195fd3{color:#c6b20a;font-size:50px;font-weight:900;text-transform:capitalize;}<\/style><h2 class=\"vcex-heading vcex-heading-plain vcex-module wpex-heading wpex-text-2xl wpex-text-center vcex_69f324b195fd3\"><span class=\"vcex-heading-inner wpex-inline-block\">500+<\/span><\/h2>\n\t<div class=\"wpb_text_column wpb_content_element\" >\n\t\t<div class=\"wpb_wrapper\">\n\t\t\t<p style=\"text-align: center\"><strong>-Trucs de travail-<\/strong><\/p>\n\n\t\t<\/div>\n\t<\/div>\n\n\t<div class=\"wpb_text_column wpb_content_element\" >\n\t\t<div class=\"wpb_wrapper\">\n\t\t\t<p style=\"text-align: center\">Notre entreprise compte plus de 500 employ\u00e9s, dont 15 designers industriels, 35 inspecteurs de la qualit\u00e9 des produits et autres ouvriers de production, personnel de vente et de marketing, etc.<\/p>\n\n\t\t<\/div>\n\t<\/div>\n<\/div><\/div><\/div><div class=\"wpb_column vc_column_container vc_col-sm-3\"><div class=\"vc_column-inner\"><div class=\"wpb_wrapper\"><style>.vcex-heading.vcex_69f324b1967d7{color:#c6b20a;font-size:50px;font-weight:900;text-transform:capitalize;}<\/style><h2 class=\"vcex-heading vcex-heading-plain vcex-module wpex-heading wpex-text-2xl wpex-text-center vcex_69f324b1967d7\"><span class=\"vcex-heading-inner wpex-inline-block\">8000+<\/span><\/h2>\n\t<div class=\"wpb_text_column wpb_content_element\" >\n\t\t<div class=\"wpb_wrapper\">\n\t\t\t<p style=\"text-align: center\"><strong>-Moule de conception-<\/strong><\/p>\n\n\t\t<\/div>\n\t<\/div>\n\n\t<div class=\"wpb_text_column wpb_content_element\" >\n\t\t<div class=\"wpb_wrapper\">\n\t\t\t<p style=\"text-align: center\">Le principal avantage de stocker une grande quantit\u00e9 de moules en interne est la flexibilit\u00e9. Une seule usine peut difficilement r\u00e9pondre \u00e0 toutes vos exigences.<\/p>\n\n\t\t<\/div>\n\t<\/div>\n<\/div><\/div><\/div><div class=\"wpb_column vc_column_container vc_col-sm-3\"><div class=\"vc_column-inner\"><div class=\"wpb_wrapper\"><style>.vcex-heading.vcex_69f324b196fb5{color:#c6b20a;font-size:50px;font-weight:900;text-transform:capitalize;}<\/style><h2 class=\"vcex-heading vcex-heading-plain vcex-module wpex-heading wpex-text-2xl wpex-text-center vcex_69f324b196fb5\"><span class=\"vcex-heading-inner wpex-inline-block\">120,000+<\/span><\/h2>\n\t<div class=\"wpb_text_column wpb_content_element\" >\n\t\t<div class=\"wpb_wrapper\">\n\t\t\t<p style=\"text-align: center\"><strong>-Sortie quotidienne-<\/strong><\/p>\n\n\t\t<\/div>\n\t<\/div>\n\n\t<div class=\"wpb_text_column wpb_content_element\" >\n\t\t<div class=\"wpb_wrapper\">\n\t\t\t<p style=\"text-align: center\">R\u00e9agissez rapidement au march\u00e9. Notre production en vrac permet aux entreprises de passer d\u2019une phase de production \u00e0 l\u2019autre rapidement et facilement.<\/p>\n\n\t\t<\/div>\n\t<\/div>\n<\/div><\/div><\/div><\/div><\/div><\/div><\/div><\/div><div class=\"vc_row wpb_row vc_row-fluid\"><div class=\"wpb_column vc_column_container vc_col-sm-12\"><div class=\"vc_column-inner\"><div class=\"wpb_wrapper\"><h2 class=\"vcex-heading vcex-heading-plain vcex-module wpex-heading wpex-text-2xl\"><span class=\"vcex-heading-inner wpex-inline-block\">Comment commander le verre Ruisheng<\/span><\/h2><div class=\"vcex-spacing wpex-w-100 wpex-clear\" style=\"height:20px;\"><\/div>\n\t<div  class=\"wpb_single_image wpb_content_element vc_align_center wpb_content_element\">\n\t\t\n\t\t<figure class=\"wpb_wrapper vc_figure\">\n\t\t\t<div class=\"vc_single_image-wrapper   vc_box_border_grey\"><img width=\"564\" height=\"795\" src=\"https:\/\/glassbottlewholesale.com\/wp-content\/uploads\/2021\/07\/WX20210712-153708.png\" class=\"vc_single_image-img attachment-full\" alt=\"Comment commander une bouteille en verre chez Ruisheng\" title=\"Comment commander une bouteille en verre chez Ruisheng\" srcset=\"https:\/\/glassbottlewholesale.com\/wp-content\/uploads\/2021\/07\/WX20210712-153708.png 564w, https:\/\/glassbottlewholesale.com\/wp-content\/uploads\/2021\/07\/WX20210712-153708-213x300.png 213w\" sizes=\"(max-width: 564px) 100vw, 564px\" \/><\/div>\n\t\t<\/figure>\n\t<\/div>\n<\/div><\/div><\/div><\/div>\n<p>&nbsp;<\/p>\n<\/div>","protected":false},"excerpt":{"rendered":"<p>Find Wholesale 250ml Screw Top Glass Bottles For Liquor At Ruisheng Glass Co,.Ruisheng, founded in 2009, is a leading liquor bottle company in the packaging industry. We have always been committed to providing one-stop packaging solutions for the liquor bottle industry.<br \/>\nAs a professional liquor bottle manufacturer, we use high-quality glass raw materials to produce quality glass bottles. Various products available include liquor bottles, whiskey bottles, brandy bottles, gin bottles, cognac bottles, Tequila bottles, Gin bottles, wine bottles, and etc.<\/p>\n<p>Be a spirit bottle manufacturer, we provide OEM\/ODM Service for our customers. If you don&#8217;t find your spirit bottle types, don&#8217;t worry. Tell us your requirement, and let us produce for you.<\/p>\n<p><a href=\"https:\/\/ruishengglassco.com\/contact\" target=\"_blank\" rel=\"noopener\">Cliquez ici<\/a> Pour plus d'informations sur les bouteilles en verre \u00e0 vis de 250ml pour liqueur, cliquez ici.<\/p>","protected":false},"featured_media":4831,"comment_status":"open","ping_status":"closed","template":"","meta":[],"product_brand":[],"product_cat":[48,63],"product_tag":[],"class_list":{"0":"post-2798","1":"product","2":"type-product","3":"status-publish","4":"has-post-thumbnail","6":"product_cat-250ml-glass-bottle","7":"product_cat-liquor-bottle","8":"entry","9":"has-media","11":"first","12":"instock","13":"shipping-taxable","14":"product-type-simple"},"yoast_head":"<!-- This site is optimized with the Yoast SEO plugin v27.3 - https:\/\/yoast.com\/product\/yoast-seo-wordpress\/ -->\n<title>Wholesale 250ml Screw Top Glass Bottles For Liquor-Ruisheng Glass<\/title>\n<meta name=\"description\" content=\"Find Wholesale 250ml Screw Top Glass Bottles For Liquor At Ruisheng Glass Co,. Factory Outlet&amp;Save Cost Here.\" \/>\n<meta name=\"robots\" content=\"index, follow, max-snippet:-1, max-image-preview:large, max-video-preview:-1\" \/>\n<link rel=\"canonical\" href=\"https:\/\/ruishengglassco.com\/product\/rs001-wholesale-250ml-screw-top-glass-bottles-for-liquor\" \/>\n<meta property=\"og:locale\" content=\"fr_FR\" \/>\n<meta property=\"og:type\" content=\"article\" \/>\n<meta property=\"og:title\" content=\"Wholesale 250ml Screw Top Glass Bottles For Liquor-Ruisheng Glass\" \/>\n<meta property=\"og:description\" content=\"Find Wholesale 250ml Screw Top Glass Bottles For Liquor At Ruisheng Glass Co,. Factory Outlet&amp;Save Cost Here.\" \/>\n<meta property=\"og:url\" content=\"https:\/\/ruishengglassco.com\/product\/rs001-wholesale-250ml-screw-top-glass-bottles-for-liquor\" \/>\n<meta property=\"og:site_name\" content=\"Glass Bottle Wholesale\" \/>\n<meta property=\"article:modified_time\" content=\"2025-06-23T07:00:35+00:00\" \/>\n<meta property=\"og:image\" content=\"https:\/\/glassbottlewholesale.com\/wp-content\/uploads\/2024\/06\/Ruisheng-017-liquor-bottle.png\" \/>\n\t<meta property=\"og:image:width\" content=\"800\" \/>\n\t<meta property=\"og:image:height\" content=\"800\" \/>\n\t<meta property=\"og:image:type\" content=\"image\/png\" \/>\n<meta name=\"twitter:card\" content=\"summary_large_image\" \/>\n<meta name=\"twitter:label1\" content=\"Dur\u00e9e de lecture estim\u00e9e\" \/>\n\t<meta name=\"twitter:data1\" content=\"3 minutes\" \/>\n<script type=\"application\/ld+json\" class=\"yoast-schema-graph\">{\"@context\":\"https:\\\/\\\/schema.org\",\"@graph\":[{\"@type\":\"WebPage\",\"@id\":\"https:\\\/\\\/glassbottlewholesale.com\\\/wholesale-250ml-screw-top-glass-bottles-for-liquor\\\/\",\"url\":\"https:\\\/\\\/ruishengglassco.com\\\/product\\\/rs001-wholesale-250ml-screw-top-glass-bottles-for-liquor\",\"name\":\"Wholesale 250ml Screw Top Glass Bottles For Liquor-Ruisheng Glass\",\"isPartOf\":{\"@id\":\"https:\\\/\\\/glassbottlewholesale.com\\\/#website\"},\"primaryImageOfPage\":{\"@id\":\"https:\\\/\\\/ruishengglassco.com\\\/product\\\/rs001-wholesale-250ml-screw-top-glass-bottles-for-liquor#primaryimage\"},\"image\":{\"@id\":\"https:\\\/\\\/ruishengglassco.com\\\/product\\\/rs001-wholesale-250ml-screw-top-glass-bottles-for-liquor#primaryimage\"},\"thumbnailUrl\":\"https:\\\/\\\/glassbottlewholesale.com\\\/wp-content\\\/uploads\\\/2024\\\/06\\\/Ruisheng-017-liquor-bottle.png\",\"datePublished\":\"2021-05-28T09:22:32+00:00\",\"dateModified\":\"2025-06-23T07:00:35+00:00\",\"description\":\"Find Wholesale 250ml Screw Top Glass Bottles For Liquor At Ruisheng Glass Co,. Factory Outlet&Save Cost Here.\",\"breadcrumb\":{\"@id\":\"https:\\\/\\\/ruishengglassco.com\\\/product\\\/rs001-wholesale-250ml-screw-top-glass-bottles-for-liquor#breadcrumb\"},\"inLanguage\":\"fr-FR\",\"potentialAction\":[{\"@type\":\"ReadAction\",\"target\":[\"https:\\\/\\\/ruishengglassco.com\\\/product\\\/rs001-wholesale-250ml-screw-top-glass-bottles-for-liquor\"]}]},{\"@type\":\"ImageObject\",\"inLanguage\":\"fr-FR\",\"@id\":\"https:\\\/\\\/ruishengglassco.com\\\/product\\\/rs001-wholesale-250ml-screw-top-glass-bottles-for-liquor#primaryimage\",\"url\":\"https:\\\/\\\/glassbottlewholesale.com\\\/wp-content\\\/uploads\\\/2024\\\/06\\\/Ruisheng-017-liquor-bottle.png\",\"contentUrl\":\"https:\\\/\\\/glassbottlewholesale.com\\\/wp-content\\\/uploads\\\/2024\\\/06\\\/Ruisheng-017-liquor-bottle.png\",\"width\":800,\"height\":800,\"caption\":\"RS101:750ml Swing Top Bottles Wholesale\"},{\"@type\":\"BreadcrumbList\",\"@id\":\"https:\\\/\\\/ruishengglassco.com\\\/product\\\/rs001-wholesale-250ml-screw-top-glass-bottles-for-liquor#breadcrumb\",\"itemListElement\":[{\"@type\":\"ListItem\",\"position\":1,\"name\":\"Home\",\"item\":\"https:\\\/\\\/glassbottlewholesale.com\\\/\"},{\"@type\":\"ListItem\",\"position\":2,\"name\":\"Products\",\"item\":\"https:\\\/\\\/glassbottlewholesale.com\\\/shop\\\/\"},{\"@type\":\"ListItem\",\"position\":3,\"name\":\"RS001 Wholesale 250ml Screw Top Glass Bottles For Liquor\"}]},{\"@type\":\"WebSite\",\"@id\":\"https:\\\/\\\/glassbottlewholesale.com\\\/#website\",\"url\":\"https:\\\/\\\/glassbottlewholesale.com\\\/\",\"name\":\"Glass Bottle Wholesale\",\"description\":\"\",\"publisher\":{\"@id\":\"https:\\\/\\\/glassbottlewholesale.com\\\/#organization\"},\"potentialAction\":[{\"@type\":\"SearchAction\",\"target\":{\"@type\":\"EntryPoint\",\"urlTemplate\":\"https:\\\/\\\/glassbottlewholesale.com\\\/?s={search_term_string}\"},\"query-input\":{\"@type\":\"PropertyValueSpecification\",\"valueRequired\":true,\"valueName\":\"search_term_string\"}}],\"inLanguage\":\"fr-FR\"},{\"@type\":\"Organization\",\"@id\":\"https:\\\/\\\/glassbottlewholesale.com\\\/#organization\",\"name\":\"Glass Bottle Wholesale\",\"url\":\"https:\\\/\\\/glassbottlewholesale.com\\\/\",\"logo\":{\"@type\":\"ImageObject\",\"inLanguage\":\"fr-FR\",\"@id\":\"https:\\\/\\\/glassbottlewholesale.com\\\/#\\\/schema\\\/logo\\\/image\\\/\",\"url\":\"https:\\\/\\\/glassbottlewholesale.com\\\/wp-content\\\/uploads\\\/2023\\\/12\\\/ruisheng-logo.webp\",\"contentUrl\":\"https:\\\/\\\/glassbottlewholesale.com\\\/wp-content\\\/uploads\\\/2023\\\/12\\\/ruisheng-logo.webp\",\"width\":400,\"height\":233,\"caption\":\"Glass Bottle Wholesale\"},\"image\":{\"@id\":\"https:\\\/\\\/glassbottlewholesale.com\\\/#\\\/schema\\\/logo\\\/image\\\/\"}}]}<\/script>\n<!-- \/ Yoast SEO plugin. -->","yoast_head_json":{"title":"Wholesale 250ml Screw Top Glass Bottles For Liquor-Ruisheng Glass","description":"Find Wholesale 250ml Screw Top Glass Bottles For Liquor At Ruisheng Glass Co,. Factory Outlet&Save Cost Here.","robots":{"index":"index","follow":"follow","max-snippet":"max-snippet:-1","max-image-preview":"max-image-preview:large","max-video-preview":"max-video-preview:-1"},"canonical":"https:\/\/ruishengglassco.com\/product\/rs001-wholesale-250ml-screw-top-glass-bottles-for-liquor","og_locale":"fr_FR","og_type":"article","og_title":"Wholesale 250ml Screw Top Glass Bottles For Liquor-Ruisheng Glass","og_description":"Find Wholesale 250ml Screw Top Glass Bottles For Liquor At Ruisheng Glass Co,. Factory Outlet&Save Cost Here.","og_url":"https:\/\/ruishengglassco.com\/product\/rs001-wholesale-250ml-screw-top-glass-bottles-for-liquor","og_site_name":"Glass Bottle Wholesale","article_modified_time":"2025-06-23T07:00:35+00:00","og_image":[{"width":800,"height":800,"url":"https:\/\/glassbottlewholesale.com\/wp-content\/uploads\/2024\/06\/Ruisheng-017-liquor-bottle.png","type":"image\/png"}],"twitter_card":"summary_large_image","twitter_misc":{"Dur\u00e9e de lecture estim\u00e9e":"3 minutes"},"schema":{"@context":"https:\/\/schema.org","@graph":[{"@type":"WebPage","@id":"https:\/\/glassbottlewholesale.com\/wholesale-250ml-screw-top-glass-bottles-for-liquor\/","url":"https:\/\/ruishengglassco.com\/product\/rs001-wholesale-250ml-screw-top-glass-bottles-for-liquor","name":"Wholesale 250ml Screw Top Glass Bottles For Liquor-Ruisheng Glass","isPartOf":{"@id":"https:\/\/glassbottlewholesale.com\/#website"},"primaryImageOfPage":{"@id":"https:\/\/ruishengglassco.com\/product\/rs001-wholesale-250ml-screw-top-glass-bottles-for-liquor#primaryimage"},"image":{"@id":"https:\/\/ruishengglassco.com\/product\/rs001-wholesale-250ml-screw-top-glass-bottles-for-liquor#primaryimage"},"thumbnailUrl":"https:\/\/glassbottlewholesale.com\/wp-content\/uploads\/2024\/06\/Ruisheng-017-liquor-bottle.png","datePublished":"2021-05-28T09:22:32+00:00","dateModified":"2025-06-23T07:00:35+00:00","description":"Find Wholesale 250ml Screw Top Glass Bottles For Liquor At Ruisheng Glass Co,. Factory Outlet&Save Cost Here.","breadcrumb":{"@id":"https:\/\/ruishengglassco.com\/product\/rs001-wholesale-250ml-screw-top-glass-bottles-for-liquor#breadcrumb"},"inLanguage":"fr-FR","potentialAction":[{"@type":"ReadAction","target":["https:\/\/ruishengglassco.com\/product\/rs001-wholesale-250ml-screw-top-glass-bottles-for-liquor"]}]},{"@type":"ImageObject","inLanguage":"fr-FR","@id":"https:\/\/ruishengglassco.com\/product\/rs001-wholesale-250ml-screw-top-glass-bottles-for-liquor#primaryimage","url":"https:\/\/glassbottlewholesale.com\/wp-content\/uploads\/2024\/06\/Ruisheng-017-liquor-bottle.png","contentUrl":"https:\/\/glassbottlewholesale.com\/wp-content\/uploads\/2024\/06\/Ruisheng-017-liquor-bottle.png","width":800,"height":800,"caption":"RS101:750ml Swing Top Bottles Wholesale"},{"@type":"BreadcrumbList","@id":"https:\/\/ruishengglassco.com\/product\/rs001-wholesale-250ml-screw-top-glass-bottles-for-liquor#breadcrumb","itemListElement":[{"@type":"ListItem","position":1,"name":"Home","item":"https:\/\/glassbottlewholesale.com\/"},{"@type":"ListItem","position":2,"name":"Products","item":"https:\/\/glassbottlewholesale.com\/shop\/"},{"@type":"ListItem","position":3,"name":"RS001 Wholesale 250ml Screw Top Glass Bottles For Liquor"}]},{"@type":"WebSite","@id":"https:\/\/glassbottlewholesale.com\/#website","url":"https:\/\/glassbottlewholesale.com\/","name":"Glass Bottle Wholesale","description":"","publisher":{"@id":"https:\/\/glassbottlewholesale.com\/#organization"},"potentialAction":[{"@type":"SearchAction","target":{"@type":"EntryPoint","urlTemplate":"https:\/\/glassbottlewholesale.com\/?s={search_term_string}"},"query-input":{"@type":"PropertyValueSpecification","valueRequired":true,"valueName":"search_term_string"}}],"inLanguage":"fr-FR"},{"@type":"Organization","@id":"https:\/\/glassbottlewholesale.com\/#organization","name":"Glass Bottle Wholesale","url":"https:\/\/glassbottlewholesale.com\/","logo":{"@type":"ImageObject","inLanguage":"fr-FR","@id":"https:\/\/glassbottlewholesale.com\/#\/schema\/logo\/image\/","url":"https:\/\/glassbottlewholesale.com\/wp-content\/uploads\/2023\/12\/ruisheng-logo.webp","contentUrl":"https:\/\/glassbottlewholesale.com\/wp-content\/uploads\/2023\/12\/ruisheng-logo.webp","width":400,"height":233,"caption":"Glass Bottle Wholesale"},"image":{"@id":"https:\/\/glassbottlewholesale.com\/#\/schema\/logo\/image\/"}}]}},"_links":{"self":[{"href":"https:\/\/glassbottlewholesale.com\/fr\/wp-json\/wp\/v2\/product\/2798","targetHints":{"allow":["GET"]}}],"collection":[{"href":"https:\/\/glassbottlewholesale.com\/fr\/wp-json\/wp\/v2\/product"}],"about":[{"href":"https:\/\/glassbottlewholesale.com\/fr\/wp-json\/wp\/v2\/types\/product"}],"replies":[{"embeddable":true,"href":"https:\/\/glassbottlewholesale.com\/fr\/wp-json\/wp\/v2\/comments?post=2798"}],"wp:featuredmedia":[{"embeddable":true,"href":"https:\/\/glassbottlewholesale.com\/fr\/wp-json\/wp\/v2\/media\/4831"}],"wp:attachment":[{"href":"https:\/\/glassbottlewholesale.com\/fr\/wp-json\/wp\/v2\/media?parent=2798"}],"wp:term":[{"taxonomy":"product_brand","embeddable":true,"href":"https:\/\/glassbottlewholesale.com\/fr\/wp-json\/wp\/v2\/product_brand?post=2798"},{"taxonomy":"product_cat","embeddable":true,"href":"https:\/\/glassbottlewholesale.com\/fr\/wp-json\/wp\/v2\/product_cat?post=2798"},{"taxonomy":"product_tag","embeddable":true,"href":"https:\/\/glassbottlewholesale.com\/fr\/wp-json\/wp\/v2\/product_tag?post=2798"}],"curies":[{"name":"wp","href":"https:\/\/api.w.org\/{rel}","templated":true}]}}