{"id":398,"date":"2019-10-10T14:45:45","date_gmt":"2019-10-10T14:45:45","guid":{"rendered":"https:\/\/queenchingglass.com\/?post_type=product&#038;p=398"},"modified":"2025-07-10T03:00:50","modified_gmt":"2025-07-10T03:00:50","slug":"bouteille-de-liqueur-en-verre-de-750-ml-vente-en-gros","status":"publish","type":"product","link":"https:\/\/glassbottlewholesale.com\/fr\/bouteille-de-liqueur-en-verre-de-750-ml-vente-en-gros\/","title":{"rendered":"RS141 : Bouteille de liqueur en verre 750ml de Chine Wholesale"},"content":{"rendered":"<div class=\"wpb-content-wrapper\"><div class=\"vc_row wpb_row vc_row-fluid\"><div class=\"wpb_column vc_column_container vc_col-sm-12\"><div class=\"vc_column-inner\"><div class=\"wpb_wrapper\">\n\t<div class=\"wpb_text_column wpb_content_element\" >\n\t\t<div class=\"wpb_wrapper\">\n\t\t\t<p>Ruisheng, un c\u00e9l\u00e8bre fabricant chinois de bouteilles de vin de 750 ml, fournit des bouteilles de vin rouge en gros \u00e0 des prix d'usine. Cette bouteille de vin vide \u00e0 vendre est de forme ordinaire, mais elle peut garantir plus de liquide. Ainsi, cette bouteille de vin en verre 750ml est tr\u00e8s populaire aupr\u00e8s des consommateurs.<\/p>\n<p>La couleur de cette bouteille de vin rouge en gros est transparente, si vous avez une exigence de couleur, nous pouvons la changer selon votre demande. Nous pouvons \u00e9galement imprimer votre logo sur le bouchon et le corps de la bouteille. En outre, notre soci\u00e9t\u00e9 a obtenu de nombreux certificats, nous sommes donc tr\u00e8s confiants quant \u00e0 nos bouteilles.<\/p>\n<p class=\"tran\">Nous avons des exigences strictes en mati\u00e8re de mati\u00e8res premi\u00e8res avant de fabriquer des bouteilles en verre pour le vin, et notre patron supervisera personnellement la production des bouteilles dans l'usine.<\/p>\n<p>Nos exportations\u00a0<a href=\"https:\/\/ruishengglassco.com\/750ml-liquor-glass-bottle-manufacturer\">bouteilles de vin en verre 750ml<\/a>\u00a0sont emball\u00e9s selon les normes nationales, et la quantit\u00e9 fait \u00e9galement l'objet d'un calcul strict. Nous veillerons \u00e0 ce que les marchandises parviennent \u00e0 votre pays en toute s\u00e9curit\u00e9.<\/p>\n<p>La chose la plus importante est que nous avons un service apr\u00e8s-vente de premi\u00e8re classe, nous r\u00e9pondrons patiemment \u00e0 vos questions depuis votre commande jusqu'\u00e0 l'exp\u00e9dition, nous vous assurons que vous vous familiariserez avec nos produits.<\/p>\n<p>Si vous souhaitez confirmer l'existence de notre entreprise, nous pouvons tourner la vid\u00e9o pour vous, ou vous pouvez visiter notre entreprise. Nous ferons venir quelqu'un sp\u00e9cialement pour vous, qui vous fera visiter l'usine.<\/p>\n<p>Nos principaux produits sont\u00a0<a href=\"https:\/\/ruishengglassco.com\/\">bouteilles en verre de qualit\u00e9 sup\u00e9rieure<\/a> comme les bouteilles de vodka, les bouteilles de brandy, les bouteilles de whisky, les bouteilles de liqueur, les bouteilles de confiture, etc. Nous proposons \u00e9galement des bouteilles en verre ambr\u00e9, des bouteilles vertes et des bouteilles d'eau. Notre march\u00e9 principal est l'Europe, les \u00c9tats-Unis, l'Australie, l'Am\u00e9rique, etc. Tous nos produits jouissent d'une excellente r\u00e9putation en mati\u00e8re d'innovation et de fonctionnalit\u00e9.<\/p>\n<h4>Bouteilles de vin de 750 ml Fabricant chinois<\/h4>\n<p>Les informations sur la bouteille en verre comme ci-dessous\u00a0:<\/p>\n<ul>\n<li>Mat\u00e9riau principal: verre silex \u00e9lev\u00e9<\/li>\n<li>Bouchon : bouchon \u00e0 vis<\/li>\n<li>R\u00e9f\u00e9rence : RS141<\/li>\n<li>Quantit\u00e9 minimale de commande\u00a0:\u00a010\u00a0000\u00a0pi\u00e8ces<\/li>\n<li>Capacit\u00e9 : 750 ml<\/li>\n<li>Pi\u00e8ces\/carton\u00a0: 24 pi\u00e8ces<\/li>\n<li>Origine du lieu : Shandong, Chine<\/li>\n<li>Caract\u00e9ristique\u00a0:\u00a0\u00e9cologique<\/li>\n<\/ul>\n<p>Vous aimez cette bouteille de vin rouge en verre en gros d'un fabricant chinois de bouteilles de vin de 750ml, n'h\u00e9sitez pas \u00e0 nous contacter.<\/p>\n<p>Si vous ne l'aimez pas, nous pouvons vous envoyer notre catalogue, vous pouvez choisir quelqu'un que vous aimez.<\/p>\n<p>Si vous \u00eates int\u00e9ress\u00e9 par nos bouteilles de vin en gros, veuillez nous contacter. Nous vous r\u00e9pondrons dans les 24 heures.<\/p>\n\n\t\t<\/div>\n\t<\/div>\n<\/div><\/div><\/div><\/div>\n<\/div>","protected":false},"excerpt":{"rendered":"<div class=\"col col-sm-6 col-xs-12\">\n<div id=\"slider-3137-product-image-carosel\" class=\"rt-carousel carousel-holder clearfix product-image-carosel rt-image-carousel\" data-item-width=\"1\" data-nav=\"true\" data-dots=\"false\" data-margin=\"15\" data-autoplay=\"true\" data-timeout=\"7500\" data-loop=\"false\" data-tablet-item-width=\"\" data-mobile-item-width=\"1\">\n<div class=\"owl-carousel owl-loaded owl-drag\">\n<div class=\"owl-nav\">\n<div class=\"owl-next disabled\"><\/div>\n<\/div>\n<\/div>\n<\/div>\n<\/div>\n<div class=\"col col-sm-6 col-xs-12\">\n<p>Cette s\u00e9rie de bouteilles en verre de 750 ml de forme ronde est principalement destin\u00e9e \u00e0 l'emballage du vin rouge. Le verre transparent \u00e0 haute teneur en silex refl\u00e8te la belle couleur du vin rouge. Sp\u00e9cialement con\u00e7ue pour les caves \u00e0 vin et les entreprises vinicoles.<\/p>\n<p>Bouteille personnalis\u00e9e en verre de 750 ml pour le vin rouge :<\/p>\n<ul>\n<li>R\u00e9f\u00e9rence : RS141<\/li>\n<li><strong>Service OEM\/ODM avec \u00e9chantillon gratuit. MOQ:10000pcs(10000 PCS)<\/strong><\/li>\n<li>Bouchon : bouchon de li\u00e8ge, bouchon \u00e0 vis ou personnalis\u00e9<\/li>\n<li>Mat\u00e9riau : verre silex \u00e9lev\u00e9.<\/li>\n<li>Hauteur de la bouteille : 228MM\u00b12MMmm<\/li>\n<li>Diam\u00e8tre de la bouteille : 92.4MM\u00b12MM<\/li>\n<\/ul>\n<\/div>","protected":false},"featured_media":4748,"comment_status":"open","ping_status":"closed","template":"","meta":[],"product_brand":[],"product_cat":[52,59],"product_tag":[],"class_list":{"0":"post-398","1":"product","2":"type-product","3":"status-publish","4":"has-post-thumbnail","6":"product_cat-750ml-glass-bottle","7":"product_cat-absinthe-bottle","8":"entry","9":"has-media","11":"first","12":"instock","13":"shipping-taxable","14":"product-type-simple"},"yoast_head":"<!-- This site is optimized with the Yoast SEO plugin v27.3 - https:\/\/yoast.com\/product\/yoast-seo-wordpress\/ -->\n<title>RS141: China 750ml Glass Liquor Bottle Wholesale - Glass Bottle Wholesale<\/title>\n<meta name=\"robots\" content=\"index, follow, max-snippet:-1, max-image-preview:large, max-video-preview:-1\" \/>\n<link rel=\"canonical\" href=\"https:\/\/ruishengglassco.com\/product\/rs141-china-750ml-glass-liquor-bottle\" \/>\n<meta property=\"og:locale\" content=\"fr_FR\" \/>\n<meta property=\"og:type\" content=\"article\" \/>\n<meta property=\"og:title\" content=\"RS141: China 750ml Glass Liquor Bottle Wholesale - Glass Bottle Wholesale\" \/>\n<meta property=\"og:description\" content=\"This series 750ml round shape glass bottle is mainly designed for Red Wine packaging. Transparent high flint glass reflects the beautiful color of red wine. Especially supplying for Winery&amp;Wine Company  Custom 750ml glass bottle for red wine:   Reference: RS141  OEM\/ODM Service With Free Sample. MOQ:10000pcs(10000 PCS)  Cap:Cork, Screw cap or custom  Material: High Flint Glass  Bottle Height:228MM\u00b12MMmm  Bottle Diameter: 92.4MM\u00b12MM\" \/>\n<meta property=\"og:url\" content=\"https:\/\/ruishengglassco.com\/product\/rs141-china-750ml-glass-liquor-bottle\" \/>\n<meta property=\"og:site_name\" content=\"Glass Bottle Wholesale\" \/>\n<meta property=\"article:modified_time\" content=\"2025-07-10T03:00:50+00:00\" \/>\n<meta property=\"og:image\" content=\"https:\/\/glassbottlewholesale.com\/wp-content\/uploads\/2024\/04\/glass-bottle-manufacturing15-1.png\" \/>\n\t<meta property=\"og:image:width\" content=\"800\" \/>\n\t<meta property=\"og:image:height\" content=\"800\" \/>\n\t<meta property=\"og:image:type\" content=\"image\/png\" \/>\n<meta name=\"twitter:card\" content=\"summary_large_image\" \/>\n<meta name=\"twitter:label1\" content=\"Dur\u00e9e de lecture estim\u00e9e\" \/>\n\t<meta name=\"twitter:data1\" content=\"2 minutes\" \/>\n<script type=\"application\/ld+json\" class=\"yoast-schema-graph\">{\"@context\":\"https:\\\/\\\/schema.org\",\"@graph\":[{\"@type\":\"WebPage\",\"@id\":\"https:\\\/\\\/glassbottlewholesale.com\\\/750ml-glass-liquor-bottle-wholesale\\\/\",\"url\":\"https:\\\/\\\/ruishengglassco.com\\\/product\\\/rs141-china-750ml-glass-liquor-bottle\",\"name\":\"RS141: China 750ml Glass Liquor Bottle Wholesale - Glass Bottle Wholesale\",\"isPartOf\":{\"@id\":\"https:\\\/\\\/glassbottlewholesale.com\\\/#website\"},\"primaryImageOfPage\":{\"@id\":\"https:\\\/\\\/ruishengglassco.com\\\/product\\\/rs141-china-750ml-glass-liquor-bottle#primaryimage\"},\"image\":{\"@id\":\"https:\\\/\\\/ruishengglassco.com\\\/product\\\/rs141-china-750ml-glass-liquor-bottle#primaryimage\"},\"thumbnailUrl\":\"https:\\\/\\\/glassbottlewholesale.com\\\/wp-content\\\/uploads\\\/2024\\\/04\\\/glass-bottle-manufacturing15-1.png\",\"datePublished\":\"2019-10-10T14:45:45+00:00\",\"dateModified\":\"2025-07-10T03:00:50+00:00\",\"breadcrumb\":{\"@id\":\"https:\\\/\\\/ruishengglassco.com\\\/product\\\/rs141-china-750ml-glass-liquor-bottle#breadcrumb\"},\"inLanguage\":\"fr-FR\",\"potentialAction\":[{\"@type\":\"ReadAction\",\"target\":[\"https:\\\/\\\/ruishengglassco.com\\\/product\\\/rs141-china-750ml-glass-liquor-bottle\"]}]},{\"@type\":\"ImageObject\",\"inLanguage\":\"fr-FR\",\"@id\":\"https:\\\/\\\/ruishengglassco.com\\\/product\\\/rs141-china-750ml-glass-liquor-bottle#primaryimage\",\"url\":\"https:\\\/\\\/glassbottlewholesale.com\\\/wp-content\\\/uploads\\\/2024\\\/04\\\/glass-bottle-manufacturing15-1.png\",\"contentUrl\":\"https:\\\/\\\/glassbottlewholesale.com\\\/wp-content\\\/uploads\\\/2024\\\/04\\\/glass-bottle-manufacturing15-1.png\",\"width\":800,\"height\":800,\"caption\":\"RS141: China 750ml Glass Liquor Bottle Wholesale\"},{\"@type\":\"BreadcrumbList\",\"@id\":\"https:\\\/\\\/ruishengglassco.com\\\/product\\\/rs141-china-750ml-glass-liquor-bottle#breadcrumb\",\"itemListElement\":[{\"@type\":\"ListItem\",\"position\":1,\"name\":\"Home\",\"item\":\"https:\\\/\\\/glassbottlewholesale.com\\\/\"},{\"@type\":\"ListItem\",\"position\":2,\"name\":\"Products\",\"item\":\"https:\\\/\\\/glassbottlewholesale.com\\\/shop\\\/\"},{\"@type\":\"ListItem\",\"position\":3,\"name\":\"RS141: China 750ml Glass Liquor Bottle Wholesale\"}]},{\"@type\":\"WebSite\",\"@id\":\"https:\\\/\\\/glassbottlewholesale.com\\\/#website\",\"url\":\"https:\\\/\\\/glassbottlewholesale.com\\\/\",\"name\":\"Glass Bottle Wholesale\",\"description\":\"\",\"publisher\":{\"@id\":\"https:\\\/\\\/glassbottlewholesale.com\\\/#organization\"},\"potentialAction\":[{\"@type\":\"SearchAction\",\"target\":{\"@type\":\"EntryPoint\",\"urlTemplate\":\"https:\\\/\\\/glassbottlewholesale.com\\\/?s={search_term_string}\"},\"query-input\":{\"@type\":\"PropertyValueSpecification\",\"valueRequired\":true,\"valueName\":\"search_term_string\"}}],\"inLanguage\":\"fr-FR\"},{\"@type\":\"Organization\",\"@id\":\"https:\\\/\\\/glassbottlewholesale.com\\\/#organization\",\"name\":\"Glass Bottle Wholesale\",\"url\":\"https:\\\/\\\/glassbottlewholesale.com\\\/\",\"logo\":{\"@type\":\"ImageObject\",\"inLanguage\":\"fr-FR\",\"@id\":\"https:\\\/\\\/glassbottlewholesale.com\\\/#\\\/schema\\\/logo\\\/image\\\/\",\"url\":\"https:\\\/\\\/glassbottlewholesale.com\\\/wp-content\\\/uploads\\\/2023\\\/12\\\/ruisheng-logo.webp\",\"contentUrl\":\"https:\\\/\\\/glassbottlewholesale.com\\\/wp-content\\\/uploads\\\/2023\\\/12\\\/ruisheng-logo.webp\",\"width\":400,\"height\":233,\"caption\":\"Glass Bottle Wholesale\"},\"image\":{\"@id\":\"https:\\\/\\\/glassbottlewholesale.com\\\/#\\\/schema\\\/logo\\\/image\\\/\"}}]}<\/script>\n<!-- \/ Yoast SEO plugin. -->","yoast_head_json":{"title":"RS141: China 750ml Glass Liquor Bottle Wholesale - Glass Bottle Wholesale","robots":{"index":"index","follow":"follow","max-snippet":"max-snippet:-1","max-image-preview":"max-image-preview:large","max-video-preview":"max-video-preview:-1"},"canonical":"https:\/\/ruishengglassco.com\/product\/rs141-china-750ml-glass-liquor-bottle","og_locale":"fr_FR","og_type":"article","og_title":"RS141: China 750ml Glass Liquor Bottle Wholesale - Glass Bottle Wholesale","og_description":"This series 750ml round shape glass bottle is mainly designed for Red Wine packaging. Transparent high flint glass reflects the beautiful color of red wine. Especially supplying for Winery&amp;Wine Company  Custom 750ml glass bottle for red wine:   Reference: RS141  OEM\/ODM Service With Free Sample. MOQ:10000pcs(10000 PCS)  Cap:Cork, Screw cap or custom  Material: High Flint Glass  Bottle Height:228MM\u00b12MMmm  Bottle Diameter: 92.4MM\u00b12MM","og_url":"https:\/\/ruishengglassco.com\/product\/rs141-china-750ml-glass-liquor-bottle","og_site_name":"Glass Bottle Wholesale","article_modified_time":"2025-07-10T03:00:50+00:00","og_image":[{"width":800,"height":800,"url":"https:\/\/glassbottlewholesale.com\/wp-content\/uploads\/2024\/04\/glass-bottle-manufacturing15-1.png","type":"image\/png"}],"twitter_card":"summary_large_image","twitter_misc":{"Dur\u00e9e de lecture estim\u00e9e":"2 minutes"},"schema":{"@context":"https:\/\/schema.org","@graph":[{"@type":"WebPage","@id":"https:\/\/glassbottlewholesale.com\/750ml-glass-liquor-bottle-wholesale\/","url":"https:\/\/ruishengglassco.com\/product\/rs141-china-750ml-glass-liquor-bottle","name":"RS141: China 750ml Glass Liquor Bottle Wholesale - Glass Bottle Wholesale","isPartOf":{"@id":"https:\/\/glassbottlewholesale.com\/#website"},"primaryImageOfPage":{"@id":"https:\/\/ruishengglassco.com\/product\/rs141-china-750ml-glass-liquor-bottle#primaryimage"},"image":{"@id":"https:\/\/ruishengglassco.com\/product\/rs141-china-750ml-glass-liquor-bottle#primaryimage"},"thumbnailUrl":"https:\/\/glassbottlewholesale.com\/wp-content\/uploads\/2024\/04\/glass-bottle-manufacturing15-1.png","datePublished":"2019-10-10T14:45:45+00:00","dateModified":"2025-07-10T03:00:50+00:00","breadcrumb":{"@id":"https:\/\/ruishengglassco.com\/product\/rs141-china-750ml-glass-liquor-bottle#breadcrumb"},"inLanguage":"fr-FR","potentialAction":[{"@type":"ReadAction","target":["https:\/\/ruishengglassco.com\/product\/rs141-china-750ml-glass-liquor-bottle"]}]},{"@type":"ImageObject","inLanguage":"fr-FR","@id":"https:\/\/ruishengglassco.com\/product\/rs141-china-750ml-glass-liquor-bottle#primaryimage","url":"https:\/\/glassbottlewholesale.com\/wp-content\/uploads\/2024\/04\/glass-bottle-manufacturing15-1.png","contentUrl":"https:\/\/glassbottlewholesale.com\/wp-content\/uploads\/2024\/04\/glass-bottle-manufacturing15-1.png","width":800,"height":800,"caption":"RS141: China 750ml Glass Liquor Bottle Wholesale"},{"@type":"BreadcrumbList","@id":"https:\/\/ruishengglassco.com\/product\/rs141-china-750ml-glass-liquor-bottle#breadcrumb","itemListElement":[{"@type":"ListItem","position":1,"name":"Home","item":"https:\/\/glassbottlewholesale.com\/"},{"@type":"ListItem","position":2,"name":"Products","item":"https:\/\/glassbottlewholesale.com\/shop\/"},{"@type":"ListItem","position":3,"name":"RS141: China 750ml Glass Liquor Bottle Wholesale"}]},{"@type":"WebSite","@id":"https:\/\/glassbottlewholesale.com\/#website","url":"https:\/\/glassbottlewholesale.com\/","name":"Glass Bottle Wholesale","description":"","publisher":{"@id":"https:\/\/glassbottlewholesale.com\/#organization"},"potentialAction":[{"@type":"SearchAction","target":{"@type":"EntryPoint","urlTemplate":"https:\/\/glassbottlewholesale.com\/?s={search_term_string}"},"query-input":{"@type":"PropertyValueSpecification","valueRequired":true,"valueName":"search_term_string"}}],"inLanguage":"fr-FR"},{"@type":"Organization","@id":"https:\/\/glassbottlewholesale.com\/#organization","name":"Glass Bottle Wholesale","url":"https:\/\/glassbottlewholesale.com\/","logo":{"@type":"ImageObject","inLanguage":"fr-FR","@id":"https:\/\/glassbottlewholesale.com\/#\/schema\/logo\/image\/","url":"https:\/\/glassbottlewholesale.com\/wp-content\/uploads\/2023\/12\/ruisheng-logo.webp","contentUrl":"https:\/\/glassbottlewholesale.com\/wp-content\/uploads\/2023\/12\/ruisheng-logo.webp","width":400,"height":233,"caption":"Glass Bottle Wholesale"},"image":{"@id":"https:\/\/glassbottlewholesale.com\/#\/schema\/logo\/image\/"}}]}},"_links":{"self":[{"href":"https:\/\/glassbottlewholesale.com\/fr\/wp-json\/wp\/v2\/product\/398","targetHints":{"allow":["GET"]}}],"collection":[{"href":"https:\/\/glassbottlewholesale.com\/fr\/wp-json\/wp\/v2\/product"}],"about":[{"href":"https:\/\/glassbottlewholesale.com\/fr\/wp-json\/wp\/v2\/types\/product"}],"replies":[{"embeddable":true,"href":"https:\/\/glassbottlewholesale.com\/fr\/wp-json\/wp\/v2\/comments?post=398"}],"wp:featuredmedia":[{"embeddable":true,"href":"https:\/\/glassbottlewholesale.com\/fr\/wp-json\/wp\/v2\/media\/4748"}],"wp:attachment":[{"href":"https:\/\/glassbottlewholesale.com\/fr\/wp-json\/wp\/v2\/media?parent=398"}],"wp:term":[{"taxonomy":"product_brand","embeddable":true,"href":"https:\/\/glassbottlewholesale.com\/fr\/wp-json\/wp\/v2\/product_brand?post=398"},{"taxonomy":"product_cat","embeddable":true,"href":"https:\/\/glassbottlewholesale.com\/fr\/wp-json\/wp\/v2\/product_cat?post=398"},{"taxonomy":"product_tag","embeddable":true,"href":"https:\/\/glassbottlewholesale.com\/fr\/wp-json\/wp\/v2\/product_tag?post=398"}],"curies":[{"name":"wp","href":"https:\/\/api.w.org\/{rel}","templated":true}]}}