{"id":426,"date":"2019-10-12T13:36:26","date_gmt":"2019-10-12T13:36:26","guid":{"rendered":"https:\/\/queenchingglass.com\/?post_type=product&#038;p=426"},"modified":"2025-07-10T00:41:30","modified_gmt":"2025-07-10T00:41:30","slug":"bouteille-en-verre-de-750ml-pour-la-vente-de-boissons-alcoolisees","status":"publish","type":"product","link":"https:\/\/glassbottlewholesale.com\/fr\/bouteille-en-verre-de-750ml-pour-la-vente-de-boissons-alcoolisees\/","title":{"rendered":"RS136\u00a0: Bouteille en verre de carafe d&#039;alcool unique de 750 ml \u00e0 vendre"},"content":{"rendered":"<div class=\"wpb-content-wrapper\"><div class=\"vc_row wpb_row vc_row-fluid\"><div class=\"wpb_column vc_column_container vc_col-sm-12\"><div class=\"vc_column-inner\"><div class=\"wpb_wrapper\">\n\t<div class=\"wpb_text_column wpb_content_element\" >\n\t\t<div class=\"wpb_wrapper\">\n\t\t\t<p>As one of the biggest China empty liquor decanter manufacturers, Ruisheng focuses on glass bottle manufacturing since 2009.\u00a0 These series bulk unique glass bottle for sale, adopting high flint glass material which makes the glass bottle more clear, more durable and more smooth, is mainly used in high-quality liquor packaging.<\/p>\n<p>Besides this 750ml unique liquor bottle for sale, we also offer unique glass bottles wholesale for Brandy, Vodka, Whiskey, Gin, Rum, etc. As an experienced empty glass spirit bottle supplier, we also provide OEM\/ODM service which includes glass bottle pattern design,\u00a0 Logo printing, custom glass bottle corks, etc.<\/p>\n<h4>Bulk Unique Glass Bottle For Liquor<\/h4>\n<p>Les informations sur la bouteille en verre comme ci-dessous\u00a0:<\/p>\n<ul>\n<li>Mat\u00e9riau principal: verre silex \u00e9lev\u00e9<\/li>\n<li>Bouchon : li\u00e8ge<\/li>\n<li>Reference: RS136<\/li>\n<li>Quantit\u00e9 minimale de commande\u00a0:\u00a010\u00a0000\u00a0pi\u00e8ces<\/li>\n<li>Capacit\u00e9 : 750 ml<\/li>\n<li>Pi\u00e8ces\/carton\u00a0: 24 pi\u00e8ces<\/li>\n<li>Origine du lieu : Shandong, Chine<\/li>\n<li>Caract\u00e9ristique\u00a0:\u00a0\u00e9cologique<\/li>\n<\/ul>\n<p>We also have the 750ml glass spirit bottle wholesale in other shapes, like a heart-shaped glass bottle, tower shape glass bottle, and skull-shaped glass bottle.<\/p>\n<p>After more than ten years developing, our 750ml glass liquor bottle wholesale has been exported to 30 countries, such as UK, USA, Australia, Canada, France, Germany, Spain, Portugal, Egypt, and so on. And all products enjoy a high reputation for innovation and functionality.<\/p>\n<p>Welcome to visit our factory, and hope you can like our unique bottles and place an order.<\/p>\n<p>If you are interested in bulk liquor decanter for sale, please <a href=\"https:\/\/ruishengglassco.com\/contact\">Contactez-nous<\/a>. Nous vous r\u00e9pondrons dans les 24 heures.<\/p>\n\n\t\t<\/div>\n\t<\/div>\n<\/div><\/div><\/div><\/div>\n<\/div>","protected":false},"excerpt":{"rendered":"<p>Fashion trends come and go, but true elegance will always be in style. These series bulk unique glass bottle for sale with superior quality, old-fashion style makes an elegant addition to your spirit. Classical design with the narrow neck and matching cork stopper, perfect for Whiskey, Vodka, Brandy, and ohter alcohol drinks.<\/p>\n<p>Bulk Unique Shape Glass Bottle Information:<\/p>\n<ul>\n<li>Reference: RS136<\/li>\n<li><strong>Service OEM\/ODM offert. MOQ\u00a0: 10 000\u00a0pi\u00e8ces (10 000\u00a0pi\u00e8ces)<\/strong><\/li>\n<li>Bouchon\u00a0: Li\u00e8ge ou personnalis\u00e9<\/li>\n<li>Mat\u00e9riau : verre silex \u00e9lev\u00e9.<\/li>\n<li>Bottle Height:155mm<\/li>\n<li>Bottle Diameter: 56.5mm<\/li>\n<\/ul>","protected":false},"featured_media":427,"comment_status":"open","ping_status":"closed","template":"","meta":[],"product_brand":[],"product_cat":[52,60,63],"product_tag":[],"class_list":{"0":"post-426","1":"product","2":"type-product","3":"status-publish","4":"has-post-thumbnail","6":"product_cat-750ml-glass-bottle","7":"product_cat-brandy-bottle","8":"product_cat-liquor-bottle","9":"entry","10":"has-media","12":"first","13":"instock","14":"shipping-taxable","15":"product-type-simple"},"yoast_head":"<!-- This site is optimized with the Yoast SEO plugin v27.3 - https:\/\/yoast.com\/product\/yoast-seo-wordpress\/ -->\n<title>Bulk Unique Glass Bottle | 750ml Glass Spirit Bottle Wholesale<\/title>\n<meta name=\"description\" content=\"Buy Bulk Unique Glass Bottle For Sale From China Liquor Bottle Manufacturer. Factory Outlet 750ml Glass Spirit Bottle Wholesale In Cheap Price.\" \/>\n<meta name=\"robots\" content=\"index, follow, max-snippet:-1, max-image-preview:large, max-video-preview:-1\" \/>\n<link rel=\"canonical\" href=\"https:\/\/ruishengglassco.com\/product\/rs136-750ml-unique-liquor-decanter-glass-bottle-for-sale\" \/>\n<meta property=\"og:locale\" content=\"fr_FR\" \/>\n<meta property=\"og:type\" content=\"article\" \/>\n<meta property=\"og:title\" content=\"Bulk Unique Glass Bottle | 750ml Glass Spirit Bottle Wholesale\" \/>\n<meta property=\"og:description\" content=\"Buy Bulk Unique Glass Bottle For Sale From China Liquor Bottle Manufacturer. Factory Outlet 750ml Glass Spirit Bottle Wholesale In Cheap Price.\" \/>\n<meta property=\"og:url\" content=\"https:\/\/ruishengglassco.com\/product\/rs136-750ml-unique-liquor-decanter-glass-bottle-for-sale\" \/>\n<meta property=\"og:site_name\" content=\"Glass Bottle Wholesale\" \/>\n<meta property=\"article:modified_time\" content=\"2025-07-10T00:41:30+00:00\" \/>\n<meta property=\"og:image\" content=\"https:\/\/glassbottlewholesale.com\/wp-content\/uploads\/2019\/10\/\u767d\u5170\u57305.jpg\" \/>\n\t<meta property=\"og:image:width\" content=\"400\" \/>\n\t<meta property=\"og:image:height\" content=\"400\" \/>\n\t<meta property=\"og:image:type\" content=\"image\/jpeg\" \/>\n<meta name=\"twitter:card\" content=\"summary_large_image\" \/>\n<meta name=\"twitter:label1\" content=\"Dur\u00e9e de lecture estim\u00e9e\" \/>\n\t<meta name=\"twitter:data1\" content=\"2 minutes\" \/>\n<script type=\"application\/ld+json\" class=\"yoast-schema-graph\">{\"@context\":\"https:\\\/\\\/schema.org\",\"@graph\":[{\"@type\":\"WebPage\",\"@id\":\"https:\\\/\\\/glassbottlewholesale.com\\\/750ml-unique-liquor-decanter-glass-bottle-for-sale\\\/\",\"url\":\"https:\\\/\\\/ruishengglassco.com\\\/product\\\/rs136-750ml-unique-liquor-decanter-glass-bottle-for-sale\",\"name\":\"Bulk Unique Glass Bottle | 750ml Glass Spirit Bottle Wholesale\",\"isPartOf\":{\"@id\":\"https:\\\/\\\/glassbottlewholesale.com\\\/#website\"},\"primaryImageOfPage\":{\"@id\":\"https:\\\/\\\/ruishengglassco.com\\\/product\\\/rs136-750ml-unique-liquor-decanter-glass-bottle-for-sale#primaryimage\"},\"image\":{\"@id\":\"https:\\\/\\\/ruishengglassco.com\\\/product\\\/rs136-750ml-unique-liquor-decanter-glass-bottle-for-sale#primaryimage\"},\"thumbnailUrl\":\"https:\\\/\\\/glassbottlewholesale.com\\\/wp-content\\\/uploads\\\/2019\\\/10\\\/\u767d\u5170\u57305.jpg\",\"datePublished\":\"2019-10-12T13:36:26+00:00\",\"dateModified\":\"2025-07-10T00:41:30+00:00\",\"description\":\"Buy Bulk Unique Glass Bottle For Sale From China Liquor Bottle Manufacturer. Factory Outlet 750ml Glass Spirit Bottle Wholesale In Cheap Price.\",\"breadcrumb\":{\"@id\":\"https:\\\/\\\/ruishengglassco.com\\\/product\\\/rs136-750ml-unique-liquor-decanter-glass-bottle-for-sale#breadcrumb\"},\"inLanguage\":\"fr-FR\",\"potentialAction\":[{\"@type\":\"ReadAction\",\"target\":[\"https:\\\/\\\/ruishengglassco.com\\\/product\\\/rs136-750ml-unique-liquor-decanter-glass-bottle-for-sale\"]}]},{\"@type\":\"ImageObject\",\"inLanguage\":\"fr-FR\",\"@id\":\"https:\\\/\\\/ruishengglassco.com\\\/product\\\/rs136-750ml-unique-liquor-decanter-glass-bottle-for-sale#primaryimage\",\"url\":\"https:\\\/\\\/glassbottlewholesale.com\\\/wp-content\\\/uploads\\\/2019\\\/10\\\/\u767d\u5170\u57305.jpg\",\"contentUrl\":\"https:\\\/\\\/glassbottlewholesale.com\\\/wp-content\\\/uploads\\\/2019\\\/10\\\/\u767d\u5170\u57305.jpg\",\"width\":400,\"height\":400},{\"@type\":\"BreadcrumbList\",\"@id\":\"https:\\\/\\\/ruishengglassco.com\\\/product\\\/rs136-750ml-unique-liquor-decanter-glass-bottle-for-sale#breadcrumb\",\"itemListElement\":[{\"@type\":\"ListItem\",\"position\":1,\"name\":\"Home\",\"item\":\"https:\\\/\\\/glassbottlewholesale.com\\\/\"},{\"@type\":\"ListItem\",\"position\":2,\"name\":\"Products\",\"item\":\"https:\\\/\\\/glassbottlewholesale.com\\\/shop\\\/\"},{\"@type\":\"ListItem\",\"position\":3,\"name\":\"RS136: 750ml Unique Liquor Decanter Glass Bottle for Sale\"}]},{\"@type\":\"WebSite\",\"@id\":\"https:\\\/\\\/glassbottlewholesale.com\\\/#website\",\"url\":\"https:\\\/\\\/glassbottlewholesale.com\\\/\",\"name\":\"Glass Bottle Wholesale\",\"description\":\"\",\"publisher\":{\"@id\":\"https:\\\/\\\/glassbottlewholesale.com\\\/#organization\"},\"potentialAction\":[{\"@type\":\"SearchAction\",\"target\":{\"@type\":\"EntryPoint\",\"urlTemplate\":\"https:\\\/\\\/glassbottlewholesale.com\\\/?s={search_term_string}\"},\"query-input\":{\"@type\":\"PropertyValueSpecification\",\"valueRequired\":true,\"valueName\":\"search_term_string\"}}],\"inLanguage\":\"fr-FR\"},{\"@type\":\"Organization\",\"@id\":\"https:\\\/\\\/glassbottlewholesale.com\\\/#organization\",\"name\":\"Glass Bottle Wholesale\",\"url\":\"https:\\\/\\\/glassbottlewholesale.com\\\/\",\"logo\":{\"@type\":\"ImageObject\",\"inLanguage\":\"fr-FR\",\"@id\":\"https:\\\/\\\/glassbottlewholesale.com\\\/#\\\/schema\\\/logo\\\/image\\\/\",\"url\":\"https:\\\/\\\/glassbottlewholesale.com\\\/wp-content\\\/uploads\\\/2023\\\/12\\\/ruisheng-logo.webp\",\"contentUrl\":\"https:\\\/\\\/glassbottlewholesale.com\\\/wp-content\\\/uploads\\\/2023\\\/12\\\/ruisheng-logo.webp\",\"width\":400,\"height\":233,\"caption\":\"Glass Bottle Wholesale\"},\"image\":{\"@id\":\"https:\\\/\\\/glassbottlewholesale.com\\\/#\\\/schema\\\/logo\\\/image\\\/\"}}]}<\/script>\n<!-- \/ Yoast SEO plugin. -->","yoast_head_json":{"title":"Bulk Unique Glass Bottle | 750ml Glass Spirit Bottle Wholesale","description":"Buy Bulk Unique Glass Bottle For Sale From China Liquor Bottle Manufacturer. Factory Outlet 750ml Glass Spirit Bottle Wholesale In Cheap Price.","robots":{"index":"index","follow":"follow","max-snippet":"max-snippet:-1","max-image-preview":"max-image-preview:large","max-video-preview":"max-video-preview:-1"},"canonical":"https:\/\/ruishengglassco.com\/product\/rs136-750ml-unique-liquor-decanter-glass-bottle-for-sale","og_locale":"fr_FR","og_type":"article","og_title":"Bulk Unique Glass Bottle | 750ml Glass Spirit Bottle Wholesale","og_description":"Buy Bulk Unique Glass Bottle For Sale From China Liquor Bottle Manufacturer. Factory Outlet 750ml Glass Spirit Bottle Wholesale In Cheap Price.","og_url":"https:\/\/ruishengglassco.com\/product\/rs136-750ml-unique-liquor-decanter-glass-bottle-for-sale","og_site_name":"Glass Bottle Wholesale","article_modified_time":"2025-07-10T00:41:30+00:00","og_image":[{"width":400,"height":400,"url":"https:\/\/glassbottlewholesale.com\/wp-content\/uploads\/2019\/10\/\u767d\u5170\u57305.jpg","type":"image\/jpeg"}],"twitter_card":"summary_large_image","twitter_misc":{"Dur\u00e9e de lecture estim\u00e9e":"2 minutes"},"schema":{"@context":"https:\/\/schema.org","@graph":[{"@type":"WebPage","@id":"https:\/\/glassbottlewholesale.com\/750ml-unique-liquor-decanter-glass-bottle-for-sale\/","url":"https:\/\/ruishengglassco.com\/product\/rs136-750ml-unique-liquor-decanter-glass-bottle-for-sale","name":"Bulk Unique Glass Bottle | 750ml Glass Spirit Bottle Wholesale","isPartOf":{"@id":"https:\/\/glassbottlewholesale.com\/#website"},"primaryImageOfPage":{"@id":"https:\/\/ruishengglassco.com\/product\/rs136-750ml-unique-liquor-decanter-glass-bottle-for-sale#primaryimage"},"image":{"@id":"https:\/\/ruishengglassco.com\/product\/rs136-750ml-unique-liquor-decanter-glass-bottle-for-sale#primaryimage"},"thumbnailUrl":"https:\/\/glassbottlewholesale.com\/wp-content\/uploads\/2019\/10\/\u767d\u5170\u57305.jpg","datePublished":"2019-10-12T13:36:26+00:00","dateModified":"2025-07-10T00:41:30+00:00","description":"Buy Bulk Unique Glass Bottle For Sale From China Liquor Bottle Manufacturer. Factory Outlet 750ml Glass Spirit Bottle Wholesale In Cheap Price.","breadcrumb":{"@id":"https:\/\/ruishengglassco.com\/product\/rs136-750ml-unique-liquor-decanter-glass-bottle-for-sale#breadcrumb"},"inLanguage":"fr-FR","potentialAction":[{"@type":"ReadAction","target":["https:\/\/ruishengglassco.com\/product\/rs136-750ml-unique-liquor-decanter-glass-bottle-for-sale"]}]},{"@type":"ImageObject","inLanguage":"fr-FR","@id":"https:\/\/ruishengglassco.com\/product\/rs136-750ml-unique-liquor-decanter-glass-bottle-for-sale#primaryimage","url":"https:\/\/glassbottlewholesale.com\/wp-content\/uploads\/2019\/10\/\u767d\u5170\u57305.jpg","contentUrl":"https:\/\/glassbottlewholesale.com\/wp-content\/uploads\/2019\/10\/\u767d\u5170\u57305.jpg","width":400,"height":400},{"@type":"BreadcrumbList","@id":"https:\/\/ruishengglassco.com\/product\/rs136-750ml-unique-liquor-decanter-glass-bottle-for-sale#breadcrumb","itemListElement":[{"@type":"ListItem","position":1,"name":"Home","item":"https:\/\/glassbottlewholesale.com\/"},{"@type":"ListItem","position":2,"name":"Products","item":"https:\/\/glassbottlewholesale.com\/shop\/"},{"@type":"ListItem","position":3,"name":"RS136: 750ml Unique Liquor Decanter Glass Bottle for Sale"}]},{"@type":"WebSite","@id":"https:\/\/glassbottlewholesale.com\/#website","url":"https:\/\/glassbottlewholesale.com\/","name":"Glass Bottle Wholesale","description":"","publisher":{"@id":"https:\/\/glassbottlewholesale.com\/#organization"},"potentialAction":[{"@type":"SearchAction","target":{"@type":"EntryPoint","urlTemplate":"https:\/\/glassbottlewholesale.com\/?s={search_term_string}"},"query-input":{"@type":"PropertyValueSpecification","valueRequired":true,"valueName":"search_term_string"}}],"inLanguage":"fr-FR"},{"@type":"Organization","@id":"https:\/\/glassbottlewholesale.com\/#organization","name":"Glass Bottle Wholesale","url":"https:\/\/glassbottlewholesale.com\/","logo":{"@type":"ImageObject","inLanguage":"fr-FR","@id":"https:\/\/glassbottlewholesale.com\/#\/schema\/logo\/image\/","url":"https:\/\/glassbottlewholesale.com\/wp-content\/uploads\/2023\/12\/ruisheng-logo.webp","contentUrl":"https:\/\/glassbottlewholesale.com\/wp-content\/uploads\/2023\/12\/ruisheng-logo.webp","width":400,"height":233,"caption":"Glass Bottle Wholesale"},"image":{"@id":"https:\/\/glassbottlewholesale.com\/#\/schema\/logo\/image\/"}}]}},"_links":{"self":[{"href":"https:\/\/glassbottlewholesale.com\/fr\/wp-json\/wp\/v2\/product\/426","targetHints":{"allow":["GET"]}}],"collection":[{"href":"https:\/\/glassbottlewholesale.com\/fr\/wp-json\/wp\/v2\/product"}],"about":[{"href":"https:\/\/glassbottlewholesale.com\/fr\/wp-json\/wp\/v2\/types\/product"}],"replies":[{"embeddable":true,"href":"https:\/\/glassbottlewholesale.com\/fr\/wp-json\/wp\/v2\/comments?post=426"}],"wp:featuredmedia":[{"embeddable":true,"href":"https:\/\/glassbottlewholesale.com\/fr\/wp-json\/wp\/v2\/media\/427"}],"wp:attachment":[{"href":"https:\/\/glassbottlewholesale.com\/fr\/wp-json\/wp\/v2\/media?parent=426"}],"wp:term":[{"taxonomy":"product_brand","embeddable":true,"href":"https:\/\/glassbottlewholesale.com\/fr\/wp-json\/wp\/v2\/product_brand?post=426"},{"taxonomy":"product_cat","embeddable":true,"href":"https:\/\/glassbottlewholesale.com\/fr\/wp-json\/wp\/v2\/product_cat?post=426"},{"taxonomy":"product_tag","embeddable":true,"href":"https:\/\/glassbottlewholesale.com\/fr\/wp-json\/wp\/v2\/product_tag?post=426"}],"curies":[{"name":"wp","href":"https:\/\/api.w.org\/{rel}","templated":true}]}}