{"id":440,"date":"2019-10-12T13:54:37","date_gmt":"2019-10-12T13:54:37","guid":{"rendered":"https:\/\/queenchingglass.com\/?post_type=product&#038;p=440"},"modified":"2025-07-10T00:45:11","modified_gmt":"2025-07-10T00:45:11","slug":"bouteilles-en-verre-xo-de-700ml-en-fabrication-de-bouteilles-en-verre","status":"publish","type":"product","link":"https:\/\/glassbottlewholesale.com\/fr\/bouteilles-en-verre-xo-de-700ml-en-fabrication-de-bouteilles-en-verre\/","title":{"rendered":"RS130\u00a0:\u00a0bouteilles en verre XO de 700\u00a0ml dans des fabricants de bouteilles en verre"},"content":{"rendered":"<div class=\"wpb-content-wrapper\"><div class=\"vc_row wpb_row vc_row-fluid\"><div class=\"wpb_column vc_column_container vc_col-sm-12\"><div class=\"vc_column-inner\"><div class=\"wpb_wrapper\">\n\t<div class=\"wpb_text_column wpb_content_element\" >\n\t\t<div class=\"wpb_wrapper\">\n\t\t\t<div class=\"\" data-block=\"true\" data-editor=\"fi8h\" data-offset-key=\"3a0tk-0-0\">\n<div class=\"public-DraftStyleDefault-block public-DraftStyleDefault-ltr\" data-offset-key=\"3a0tk-0-0\"><span class=\"hardreadability\"><span data-offset-key=\"3a0tk-0-0\">Pour obtenir le prix d'une bouteille XO de 700 ml, en particulier le prix de gros des bouteilles de brandy, nous devons choisir le fabricant de bouteilles XO appropri\u00e9.<\/span><\/span><span data-offset-key=\"3a0tk-1-0\">. <\/span><span class=\"veryhardreadability\"><span data-offset-key=\"3a0tk-2-0\">Les fournisseurs de bouteilles de brandy de qualit\u00e9 sup\u00e9rieure peuvent fournir des produits adapt\u00e9s et garantir la qualit\u00e9 des bouteilles de brandy.<\/span><\/span><span data-offset-key=\"3a0tk-3-0\">. Nous savons tous \u00e0 quel point une bouteille appropri\u00e9e et la qualit\u00e9 de la bouteille sont importantes pour notre brandy.<\/span><\/div>\n<\/div>\n<h4 class=\"public-DraftStyleDefault-block public-DraftStyleDefault-ltr\" data-offset-key=\"45kie-0-0\"><span data-offset-key=\"45kie-0-0\">\u00c0 propos de Ruisheng<\/span><\/h4>\n<div class=\"\" data-block=\"true\" data-editor=\"fi8h\" data-offset-key=\"b9mnb-0-0\">\n<div class=\"public-DraftStyleDefault-block public-DraftStyleDefault-ltr\" data-offset-key=\"b9mnb-0-0\"><span data-offset-key=\"b9mnb-0-0\">\u00a0<\/span><\/div>\n<\/div>\n<div class=\"\" data-block=\"true\" data-editor=\"fi8h\" data-offset-key=\"7fkcp-0-0\">\n<div class=\"public-DraftStyleDefault-block public-DraftStyleDefault-ltr\" data-offset-key=\"7fkcp-0-0\"><span class=\"hardreadability\"><span data-offset-key=\"7fkcp-0-0\">Ruisheng, un c\u00e9l\u00e8bre fabricant chinois de bouteilles de spiritueux, utilise le verre \u00e0 haute teneur en silex pour fabriquer des bouteilles de brandy.<\/span><\/span><span data-offset-key=\"7fkcp-1-0\">. Il s'agit d'un mat\u00e9riau de qualit\u00e9 sup\u00e9rieure pour les bouteilles en verre. La bouteille XO de 700 ml fabriqu\u00e9e avec du silex de qualit\u00e9 sup\u00e9rieure est plus claire, plus durable et plus lisse.<\/span><\/div>\n<\/div>\n<div class=\"\" data-block=\"true\" data-editor=\"fi8h\" data-offset-key=\"b1ld8-0-0\">\n<div class=\"public-DraftStyleDefault-block public-DraftStyleDefault-ltr\" data-offset-key=\"b1ld8-0-0\"><span data-offset-key=\"b1ld8-0-0\">\u00a0<\/span><\/div>\n<\/div>\n<div class=\"\" data-block=\"true\" data-editor=\"fi8h\" data-offset-key=\"7j509-0-0\">\n<div class=\"public-DraftStyleDefault-block public-DraftStyleDefault-ltr\" data-offset-key=\"7j509-0-0\"><span class=\"hardreadability\"><span data-offset-key=\"7j509-0-0\">Ruisheng, l'un des plus grands fabricants de bouteilles xo de 700 ml, emploie plus de 500 personnes et dispose d'un groupe d'ing\u00e9nieurs qualifi\u00e9s.<\/span><\/span><span data-offset-key=\"7j509-1-0\">. Gr\u00e2ce \u00e0 notre riche exp\u00e9rience, nous avons acquis une bonne r\u00e9putation dans le monde entier.<\/span><\/div>\n<\/div>\n<div class=\"\" data-block=\"true\" data-editor=\"fi8h\" data-offset-key=\"4o25d-0-0\">\n<div class=\"public-DraftStyleDefault-block public-DraftStyleDefault-ltr\" data-offset-key=\"4o25d-0-0\"><span data-offset-key=\"4o25d-0-0\">\u00a0<\/span><\/div>\n<\/div>\n<h4 class=\"public-DraftStyleDefault-block public-DraftStyleDefault-ltr\" data-offset-key=\"62v7i-0-0\"><span data-offset-key=\"62v7i-0-0\">A propos du prix de la bouteille XO 700ML<\/span><\/h4>\n<div class=\"\" data-block=\"true\" data-editor=\"fi8h\" data-offset-key=\"b94dj-0-0\">\n<div class=\"public-DraftStyleDefault-block public-DraftStyleDefault-ltr\" data-offset-key=\"b94dj-0-0\"><span data-offset-key=\"b94dj-0-0\">\u00a0<\/span><\/div>\n<\/div>\n<div class=\"\" data-block=\"true\" data-editor=\"fi8h\" data-offset-key=\"6jfhr-0-0\">\n<div class=\"public-DraftStyleDefault-block public-DraftStyleDefault-ltr\" data-offset-key=\"6jfhr-0-0\"><span class=\"veryhardreadability\"><span data-offset-key=\"6jfhr-0-0\">Nos principaux produits sont des bouteilles en verre de qualit\u00e9 sup\u00e9rieure, telles que la bouteille de brandy, la bouteille de vodka, la bouteille de whisky, la bouteille de liqueur, la bouteille de rhum, etc.<\/span><\/span><span data-offset-key=\"6jfhr-1-0\">. <\/span><span class=\"hardreadability\"><span data-offset-key=\"6jfhr-2-0\">Nous pouvons \u00e9galement proposer d'autres couleurs de bouteilles en verre, telles que des bouteilles en verre vert, des bouteilles en verre vert fonc\u00e9 et d'autres bouteilles en verre peint.<\/span><\/span><span data-offset-key=\"6jfhr-3-0\">. <\/span><span class=\"veryhardreadability\"><span data-offset-key=\"6jfhr-4-0\">Notre principal march\u00e9 pour la bouteille XO de 700 ml est l'Europe, les \u00c9tats-Unis, l'Australie, l'Am\u00e9rique, etc. Tous les produits jouissent d'une excellente r\u00e9putation en mati\u00e8re d'innovation et de fonctionnalit\u00e9.<\/span><\/span><span data-offset-key=\"6jfhr-5-0\">. Si vous souhaitez obtenir le prix d'une bouteille xo de 700ml, veuillez nous contacter. <a href=\"https:\/\/ruishengglassco.com\/contact\">laisser un message<\/a> pour nous.<\/span><\/div>\n<\/div>\n<div class=\"\" data-block=\"true\" data-editor=\"fi8h\" data-offset-key=\"d41bq-0-0\">\n<div class=\"public-DraftStyleDefault-block public-DraftStyleDefault-ltr\" data-offset-key=\"d41bq-0-0\"><span data-offset-key=\"d41bq-0-0\">\u00a0<\/span><\/div>\n<\/div>\n<h4 class=\"public-DraftStyleDefault-block public-DraftStyleDefault-ltr\" data-offset-key=\"d5v0s-0-0\"><span data-offset-key=\"d5v0s-0-0\">Les d\u00e9tails de cette bouteille de brandy \u00e0 vendre<\/span><\/h4>\n<div class=\"\" data-block=\"true\" data-editor=\"fi8h\" data-offset-key=\"5ffko-0-0\">\n<div class=\"public-DraftStyleDefault-block public-DraftStyleDefault-ltr\" data-offset-key=\"5ffko-0-0\"><span data-offset-key=\"5ffko-0-0\">\u00a0<\/span><\/div>\n<\/div>\n<ul class=\"public-DraftStyleDefault-ul\" data-offset-key=\"43ngp-0-0\">\n<li class=\"public-DraftStyleDefault-unorderedListItem public-DraftStyleDefault-reset public-DraftStyleDefault-depth0 public-DraftStyleDefault-listLTR\" data-block=\"true\" data-editor=\"fi8h\" data-offset-key=\"43ngp-0-0\">\n<div class=\"public-DraftStyleDefault-block public-DraftStyleDefault-ltr\" data-offset-key=\"43ngp-0-0\"><span data-offset-key=\"43ngp-0-0\">Mat\u00e9riau principal: verre silex \u00e9lev\u00e9<\/span><\/div>\n<\/li>\n<\/ul>\n<div class=\"\" data-block=\"true\" data-editor=\"fi8h\" data-offset-key=\"cgnt9-0-0\">\n<div class=\"public-DraftStyleDefault-block public-DraftStyleDefault-ltr\" data-offset-key=\"cgnt9-0-0\"><span data-offset-key=\"cgnt9-0-0\">\u00a0<\/span><\/div>\n<\/div>\n<ul class=\"public-DraftStyleDefault-ul\" data-offset-key=\"fjugc-0-0\">\n<li class=\"public-DraftStyleDefault-unorderedListItem public-DraftStyleDefault-reset public-DraftStyleDefault-depth0 public-DraftStyleDefault-listLTR\" data-block=\"true\" data-editor=\"fi8h\" data-offset-key=\"fjugc-0-0\">\n<div class=\"public-DraftStyleDefault-block public-DraftStyleDefault-ltr\" data-offset-key=\"fjugc-0-0\"><span data-offset-key=\"fjugc-0-0\">R\u00e9f\u00e9rence : RS130<\/span><\/div>\n<\/li>\n<\/ul>\n<div class=\"\" data-block=\"true\" data-editor=\"fi8h\" data-offset-key=\"epk0b-0-0\">\n<div class=\"public-DraftStyleDefault-block public-DraftStyleDefault-ltr\" data-offset-key=\"epk0b-0-0\"><span data-offset-key=\"epk0b-0-0\">\u00a0<\/span><\/div>\n<\/div>\n<ul class=\"public-DraftStyleDefault-ul\" data-offset-key=\"cf45v-0-0\">\n<li class=\"public-DraftStyleDefault-unorderedListItem public-DraftStyleDefault-reset public-DraftStyleDefault-depth0 public-DraftStyleDefault-listLTR\" data-block=\"true\" data-editor=\"fi8h\" data-offset-key=\"cf45v-0-0\">\n<div class=\"public-DraftStyleDefault-block public-DraftStyleDefault-ltr\" data-offset-key=\"cf45v-0-0\"><span data-offset-key=\"cf45v-0-0\">Quantit\u00e9 minimale de commande\u00a0:\u00a010\u00a0000\u00a0pi\u00e8ces<\/span><\/div>\n<\/li>\n<\/ul>\n<div class=\"\" data-block=\"true\" data-editor=\"fi8h\" data-offset-key=\"ft4ih-0-0\">\n<div class=\"public-DraftStyleDefault-block public-DraftStyleDefault-ltr\" data-offset-key=\"ft4ih-0-0\"><span data-offset-key=\"ft4ih-0-0\">\u00a0<\/span><\/div>\n<\/div>\n<ul class=\"public-DraftStyleDefault-ul\" data-offset-key=\"40v8m-0-0\">\n<li class=\"public-DraftStyleDefault-unorderedListItem public-DraftStyleDefault-reset public-DraftStyleDefault-depth0 public-DraftStyleDefault-listLTR\" data-block=\"true\" data-editor=\"fi8h\" data-offset-key=\"40v8m-0-0\">\n<div class=\"public-DraftStyleDefault-block public-DraftStyleDefault-ltr\" data-offset-key=\"40v8m-0-0\"><span data-offset-key=\"40v8m-0-0\">Capacit\u00e9 : 700 ml<\/span><\/div>\n<\/li>\n<\/ul>\n<div class=\"\" data-block=\"true\" data-editor=\"fi8h\" data-offset-key=\"28d71-0-0\">\n<div class=\"public-DraftStyleDefault-block public-DraftStyleDefault-ltr\" data-offset-key=\"28d71-0-0\"><span data-offset-key=\"28d71-0-0\">\u00a0<\/span><\/div>\n<\/div>\n<ul class=\"public-DraftStyleDefault-ul\" data-offset-key=\"74udu-0-0\">\n<li class=\"public-DraftStyleDefault-unorderedListItem public-DraftStyleDefault-reset public-DraftStyleDefault-depth0 public-DraftStyleDefault-listLTR\" data-block=\"true\" data-editor=\"fi8h\" data-offset-key=\"74udu-0-0\">\n<div class=\"public-DraftStyleDefault-block public-DraftStyleDefault-ltr\" data-offset-key=\"74udu-0-0\"><span data-offset-key=\"74udu-0-0\">Pi\u00e8ces\/carton\u00a0: 24 pi\u00e8ces<\/span><\/div>\n<\/li>\n<\/ul>\n<div class=\"\" data-block=\"true\" data-editor=\"fi8h\" data-offset-key=\"brga9-0-0\">\n<div class=\"public-DraftStyleDefault-block public-DraftStyleDefault-ltr\" data-offset-key=\"brga9-0-0\"><span data-offset-key=\"brga9-0-0\">\u00a0<\/span><\/div>\n<\/div>\n<ul class=\"public-DraftStyleDefault-ul\" data-offset-key=\"4fp1t-0-0\">\n<li class=\"public-DraftStyleDefault-unorderedListItem public-DraftStyleDefault-reset public-DraftStyleDefault-depth0 public-DraftStyleDefault-listLTR\" data-block=\"true\" data-editor=\"fi8h\" data-offset-key=\"4fp1t-0-0\">\n<div class=\"public-DraftStyleDefault-block public-DraftStyleDefault-ltr\" data-offset-key=\"4fp1t-0-0\"><span data-offset-key=\"4fp1t-0-0\">Origine du lieu : Shandong, Chine<\/span><\/div>\n<\/li>\n<\/ul>\n<div class=\"\" data-block=\"true\" data-editor=\"fi8h\" data-offset-key=\"29k1f-0-0\">\n<div class=\"public-DraftStyleDefault-block public-DraftStyleDefault-ltr\" data-offset-key=\"29k1f-0-0\"><span data-offset-key=\"29k1f-0-0\">\u00a0<\/span><\/div>\n<\/div>\n<ul class=\"public-DraftStyleDefault-ul\" data-offset-key=\"7jph2-0-0\">\n<li class=\"public-DraftStyleDefault-unorderedListItem public-DraftStyleDefault-reset public-DraftStyleDefault-depth0 public-DraftStyleDefault-listLTR\" data-block=\"true\" data-editor=\"fi8h\" data-offset-key=\"7jph2-0-0\">\n<div class=\"public-DraftStyleDefault-block public-DraftStyleDefault-ltr\" data-offset-key=\"7jph2-0-0\"><span data-offset-key=\"7jph2-0-0\">Fonctionnalit\u00e9: <\/span><span class=\"adverb\"><span data-offset-key=\"7jph2-1-0\">Respectueux de la nature<\/span><\/span><\/div>\n<\/li>\n<\/ul>\n<div class=\"\" data-block=\"true\" data-editor=\"fi8h\" data-offset-key=\"eaha3-0-0\">\n<div class=\"public-DraftStyleDefault-block public-DraftStyleDefault-ltr\" data-offset-key=\"eaha3-0-0\"><span data-offset-key=\"eaha3-0-0\">\u00a0<\/span><\/div>\n<\/div>\n<div class=\"\" data-block=\"true\" data-editor=\"fi8h\" data-offset-key=\"3dpnd-0-0\">\n<div class=\"public-DraftStyleDefault-block public-DraftStyleDefault-ltr\" data-offset-key=\"3dpnd-0-0\"><span class=\"hardreadability\"><span data-offset-key=\"3dpnd-0-0\">En tant que grand fabricant de bouteilles, nous proposons \u00e9galement un service de bouteilles de brandy personnalis\u00e9es et un service OEM.<\/span><\/span><span data-offset-key=\"3dpnd-1-0\">. <\/span><span class=\"hardreadability\"><span data-offset-key=\"3dpnd-2-0\">Nos clients peuvent commander des bouteilles, des bouteilles de brandy Louis 13, des bouteilles de brandy Remy Martin, etc.<\/span><\/span><span data-offset-key=\"3dpnd-3-0\">.<\/span><\/div>\n<\/div>\n<div class=\"\" data-block=\"true\" data-editor=\"fi8h\" data-offset-key=\"fsto6-0-0\">\n<div class=\"public-DraftStyleDefault-block public-DraftStyleDefault-ltr\" data-offset-key=\"fsto6-0-0\"><span data-offset-key=\"fsto6-0-0\">\u00a0<\/span><\/div>\n<\/div>\n<div class=\"\" data-block=\"true\" data-editor=\"fi8h\" data-offset-key=\"f6k7i-0-0\">\n<div class=\"public-DraftStyleDefault-block public-DraftStyleDefault-ltr\" data-offset-key=\"f6k7i-0-0\"><span class=\"veryhardreadability\"><span data-offset-key=\"f6k7i-0-0\">Si vous <\/span><\/span><span class=\"passivevoice\"><span data-offset-key=\"f6k7i-1-0\">sont int\u00e9ress\u00e9s<\/span><\/span><span class=\"veryhardreadability\"><span data-offset-key=\"f6k7i-2-0\"> Pour conna\u00eetre le prix de nos bouteilles XO ou pour acheter en gros des bouteilles de Brandy du fabricant de bouteilles XO Ruishneg-700ml, veuillez nous contacter.<\/span><\/span><span data-offset-key=\"f6k7i-3-0\">. Nous vous r\u00e9pondrons dans les plus brefs d\u00e9lais et ferons de notre mieux pour vous.<\/span><\/div>\n<\/div>\n\n\t\t<\/div>\n\t<\/div>\n<\/div><\/div><\/div><\/div>\n<\/div>","protected":false},"excerpt":{"rendered":"<table class=\"tg\">\n<tbody>\n<tr>\n<th class=\"tg-24i8\" colspan=\"2\">Bouteilles en verre XO de 700 ml dans les fabricants de bouteilles en verre<\/th>\n<\/tr>\n<tr>\n<td class=\"tg-b7b8\">R\u00e9f\u00e9rence:<\/td>\n<td class=\"tg-b7b8\">RS130<\/td>\n<\/tr>\n<tr>\n<td class=\"tg-yw4l\">Mat\u00e9riau principal:<\/td>\n<td class=\"tg-yw4l\">Verre silex haut<\/td>\n<\/tr>\n<tr>\n<td class=\"tg-b7b8\">Casquette:<\/td>\n<td class=\"tg-b7b8\">Li\u00e8ge<\/td>\n<\/tr>\n<tr>\n<td class=\"tg-yw4l\">Capacit\u00e9:<\/td>\n<td class=\"tg-yw4l\">250ml 500ml 750ml 1000ml<\/td>\n<\/tr>\n<tr>\n<td class=\"tg-b7b8\">Fonctionnalit\u00e9:<\/td>\n<td class=\"tg-b7b8\">Respectueux de la nature<\/td>\n<\/tr>\n<tr>\n<td class=\"tg-yw4l\">Quantit\u00e9 minimale de commande\u00a0:<\/td>\n<td class=\"tg-yw4l\">10000 pi\u00e8ces<\/td>\n<\/tr>\n<tr>\n<td class=\"tg-b7b8\">Mode d&#039;exp\u00e9dition\u00a0:<\/td>\n<td class=\"tg-b7b8\">Navire, Express<\/td>\n<\/tr>\n<tr>\n<td class=\"tg-yw4l\">OEM\/ODM\u00a0:<\/td>\n<td class=\"tg-yw4l\">Accueillir<\/td>\n<\/tr>\n<tr>\n<td class=\"tg-b7b8\">Origine du lieu :<\/td>\n<td class=\"tg-b7b8\">Shandong, Chine<\/td>\n<\/tr>\n<tr>\n<td class=\"tg-yw4l\">Pi\u00e8ces\/ctn\u00a0:<\/td>\n<td class=\"tg-yw4l\">24 pi\u00e8ces<\/td>\n<\/tr>\n<\/tbody>\n<\/table>","protected":false},"featured_media":4349,"comment_status":"open","ping_status":"closed","template":"","meta":[],"product_brand":[],"product_cat":[51,61],"product_tag":[],"class_list":{"0":"post-440","1":"product","2":"type-product","3":"status-publish","4":"has-post-thumbnail","6":"product_cat-700ml-glass-bottle","7":"product_cat-xo-brandy-bottle","8":"entry","9":"has-media","11":"first","12":"instock","13":"shipping-taxable","14":"product-type-simple"},"yoast_head":"<!-- This site is optimized with the Yoast SEO plugin v27.3 - https:\/\/yoast.com\/product\/yoast-seo-wordpress\/ -->\n<title>700ml XO Bottle Price | Wholesale Brandy Bottle For Sale<\/title>\n<meta name=\"description\" content=\"Do you want to get 700ml XO Bottle Price From China Liquor Bottle Manufacturer? Ruisheng, wholesale Brandy bottle for sale with factory outlet price.\" \/>\n<meta name=\"robots\" content=\"index, follow, max-snippet:-1, max-image-preview:large, max-video-preview:-1\" \/>\n<link rel=\"canonical\" href=\"https:\/\/ruishengglassco.com\/product\/rs130-700ml-xo-glass-bottles-in-glass-bottle-manufactures\" \/>\n<meta property=\"og:locale\" content=\"fr_FR\" \/>\n<meta property=\"og:type\" content=\"article\" \/>\n<meta property=\"og:title\" content=\"700ml XO Bottle Price | Wholesale Brandy Bottle For Sale\" \/>\n<meta property=\"og:description\" content=\"Do you want to get 700ml XO Bottle Price From China Liquor Bottle Manufacturer? Ruisheng, wholesale Brandy bottle for sale with factory outlet price.\" \/>\n<meta property=\"og:url\" content=\"https:\/\/ruishengglassco.com\/product\/rs130-700ml-xo-glass-bottles-in-glass-bottle-manufactures\" \/>\n<meta property=\"og:site_name\" content=\"Glass Bottle Wholesale\" \/>\n<meta property=\"article:modified_time\" content=\"2025-07-10T00:45:11+00:00\" \/>\n<meta property=\"og:image\" content=\"https:\/\/glassbottlewholesale.com\/wp-content\/uploads\/2023\/12\/long-glass-bottleIMG_7116-1.jpg\" \/>\n\t<meta property=\"og:image:width\" content=\"800\" \/>\n\t<meta property=\"og:image:height\" content=\"800\" \/>\n\t<meta property=\"og:image:type\" content=\"image\/jpeg\" \/>\n<meta name=\"twitter:card\" content=\"summary_large_image\" \/>\n<meta name=\"twitter:label1\" content=\"Dur\u00e9e de lecture estim\u00e9e\" \/>\n\t<meta name=\"twitter:data1\" content=\"2 minutes\" \/>\n<script type=\"application\/ld+json\" class=\"yoast-schema-graph\">{\"@context\":\"https:\\\/\\\/schema.org\",\"@graph\":[{\"@type\":\"WebPage\",\"@id\":\"https:\\\/\\\/glassbottlewholesale.com\\\/700ml-xo-glass-bottles-in-glass-bottle-manufactures\\\/\",\"url\":\"https:\\\/\\\/ruishengglassco.com\\\/product\\\/rs130-700ml-xo-glass-bottles-in-glass-bottle-manufactures\",\"name\":\"700ml XO Bottle Price | Wholesale Brandy Bottle For Sale\",\"isPartOf\":{\"@id\":\"https:\\\/\\\/glassbottlewholesale.com\\\/#website\"},\"primaryImageOfPage\":{\"@id\":\"https:\\\/\\\/ruishengglassco.com\\\/product\\\/rs130-700ml-xo-glass-bottles-in-glass-bottle-manufactures#primaryimage\"},\"image\":{\"@id\":\"https:\\\/\\\/ruishengglassco.com\\\/product\\\/rs130-700ml-xo-glass-bottles-in-glass-bottle-manufactures#primaryimage\"},\"thumbnailUrl\":\"https:\\\/\\\/glassbottlewholesale.com\\\/wp-content\\\/uploads\\\/2023\\\/12\\\/long-glass-bottleIMG_7116-1.jpg\",\"datePublished\":\"2019-10-12T13:54:37+00:00\",\"dateModified\":\"2025-07-10T00:45:11+00:00\",\"description\":\"Do you want to get 700ml XO Bottle Price From China Liquor Bottle Manufacturer? Ruisheng, wholesale Brandy bottle for sale with factory outlet price.\",\"breadcrumb\":{\"@id\":\"https:\\\/\\\/ruishengglassco.com\\\/product\\\/rs130-700ml-xo-glass-bottles-in-glass-bottle-manufactures#breadcrumb\"},\"inLanguage\":\"fr-FR\",\"potentialAction\":[{\"@type\":\"ReadAction\",\"target\":[\"https:\\\/\\\/ruishengglassco.com\\\/product\\\/rs130-700ml-xo-glass-bottles-in-glass-bottle-manufactures\"]}]},{\"@type\":\"ImageObject\",\"inLanguage\":\"fr-FR\",\"@id\":\"https:\\\/\\\/ruishengglassco.com\\\/product\\\/rs130-700ml-xo-glass-bottles-in-glass-bottle-manufactures#primaryimage\",\"url\":\"https:\\\/\\\/glassbottlewholesale.com\\\/wp-content\\\/uploads\\\/2023\\\/12\\\/long-glass-bottleIMG_7116-1.jpg\",\"contentUrl\":\"https:\\\/\\\/glassbottlewholesale.com\\\/wp-content\\\/uploads\\\/2023\\\/12\\\/long-glass-bottleIMG_7116-1.jpg\",\"width\":800,\"height\":800,\"caption\":\"RS130: 700ml XO Glass Bottles in Glass Bottle Manufactures\"},{\"@type\":\"BreadcrumbList\",\"@id\":\"https:\\\/\\\/ruishengglassco.com\\\/product\\\/rs130-700ml-xo-glass-bottles-in-glass-bottle-manufactures#breadcrumb\",\"itemListElement\":[{\"@type\":\"ListItem\",\"position\":1,\"name\":\"Home\",\"item\":\"https:\\\/\\\/glassbottlewholesale.com\\\/\"},{\"@type\":\"ListItem\",\"position\":2,\"name\":\"Products\",\"item\":\"https:\\\/\\\/glassbottlewholesale.com\\\/shop\\\/\"},{\"@type\":\"ListItem\",\"position\":3,\"name\":\"RS130: 700ml XO Glass Bottles in Glass Bottle Manufactures\"}]},{\"@type\":\"WebSite\",\"@id\":\"https:\\\/\\\/glassbottlewholesale.com\\\/#website\",\"url\":\"https:\\\/\\\/glassbottlewholesale.com\\\/\",\"name\":\"Glass Bottle Wholesale\",\"description\":\"\",\"publisher\":{\"@id\":\"https:\\\/\\\/glassbottlewholesale.com\\\/#organization\"},\"potentialAction\":[{\"@type\":\"SearchAction\",\"target\":{\"@type\":\"EntryPoint\",\"urlTemplate\":\"https:\\\/\\\/glassbottlewholesale.com\\\/?s={search_term_string}\"},\"query-input\":{\"@type\":\"PropertyValueSpecification\",\"valueRequired\":true,\"valueName\":\"search_term_string\"}}],\"inLanguage\":\"fr-FR\"},{\"@type\":\"Organization\",\"@id\":\"https:\\\/\\\/glassbottlewholesale.com\\\/#organization\",\"name\":\"Glass Bottle Wholesale\",\"url\":\"https:\\\/\\\/glassbottlewholesale.com\\\/\",\"logo\":{\"@type\":\"ImageObject\",\"inLanguage\":\"fr-FR\",\"@id\":\"https:\\\/\\\/glassbottlewholesale.com\\\/#\\\/schema\\\/logo\\\/image\\\/\",\"url\":\"https:\\\/\\\/glassbottlewholesale.com\\\/wp-content\\\/uploads\\\/2023\\\/12\\\/ruisheng-logo.webp\",\"contentUrl\":\"https:\\\/\\\/glassbottlewholesale.com\\\/wp-content\\\/uploads\\\/2023\\\/12\\\/ruisheng-logo.webp\",\"width\":400,\"height\":233,\"caption\":\"Glass Bottle Wholesale\"},\"image\":{\"@id\":\"https:\\\/\\\/glassbottlewholesale.com\\\/#\\\/schema\\\/logo\\\/image\\\/\"}}]}<\/script>\n<!-- \/ Yoast SEO plugin. -->","yoast_head_json":{"title":"Bouteille de XO 700ml Prix | Bouteille de Brandy en gros \u00e0 vendre","description":"Voulez-vous obtenir 700ml XO Bottle Price From China Liquor Bottle Manufacturer ? Ruisheng, grossiste en bouteille de brandy avec prix de sortie d'usine.","robots":{"index":"index","follow":"follow","max-snippet":"max-snippet:-1","max-image-preview":"max-image-preview:large","max-video-preview":"max-video-preview:-1"},"canonical":"https:\/\/ruishengglassco.com\/product\/rs130-700ml-xo-glass-bottles-in-glass-bottle-manufactures","og_locale":"fr_FR","og_type":"article","og_title":"700ml XO Bottle Price | Wholesale Brandy Bottle For Sale","og_description":"Do you want to get 700ml XO Bottle Price From China Liquor Bottle Manufacturer? Ruisheng, wholesale Brandy bottle for sale with factory outlet price.","og_url":"https:\/\/ruishengglassco.com\/product\/rs130-700ml-xo-glass-bottles-in-glass-bottle-manufactures","og_site_name":"Glass Bottle Wholesale","article_modified_time":"2025-07-10T00:45:11+00:00","og_image":[{"width":800,"height":800,"url":"https:\/\/glassbottlewholesale.com\/wp-content\/uploads\/2023\/12\/long-glass-bottleIMG_7116-1.jpg","type":"image\/jpeg"}],"twitter_card":"summary_large_image","twitter_misc":{"Dur\u00e9e de lecture estim\u00e9e":"2 minutes"},"schema":{"@context":"https:\/\/schema.org","@graph":[{"@type":"WebPage","@id":"https:\/\/glassbottlewholesale.com\/700ml-xo-glass-bottles-in-glass-bottle-manufactures\/","url":"https:\/\/ruishengglassco.com\/product\/rs130-700ml-xo-glass-bottles-in-glass-bottle-manufactures","name":"Bouteille de XO 700ml Prix | Bouteille de Brandy en gros \u00e0 vendre","isPartOf":{"@id":"https:\/\/glassbottlewholesale.com\/#website"},"primaryImageOfPage":{"@id":"https:\/\/ruishengglassco.com\/product\/rs130-700ml-xo-glass-bottles-in-glass-bottle-manufactures#primaryimage"},"image":{"@id":"https:\/\/ruishengglassco.com\/product\/rs130-700ml-xo-glass-bottles-in-glass-bottle-manufactures#primaryimage"},"thumbnailUrl":"https:\/\/glassbottlewholesale.com\/wp-content\/uploads\/2023\/12\/long-glass-bottleIMG_7116-1.jpg","datePublished":"2019-10-12T13:54:37+00:00","dateModified":"2025-07-10T00:45:11+00:00","description":"Voulez-vous obtenir 700ml XO Bottle Price From China Liquor Bottle Manufacturer ? Ruisheng, grossiste en bouteille de brandy avec prix de sortie d'usine.","breadcrumb":{"@id":"https:\/\/ruishengglassco.com\/product\/rs130-700ml-xo-glass-bottles-in-glass-bottle-manufactures#breadcrumb"},"inLanguage":"fr-FR","potentialAction":[{"@type":"ReadAction","target":["https:\/\/ruishengglassco.com\/product\/rs130-700ml-xo-glass-bottles-in-glass-bottle-manufactures"]}]},{"@type":"ImageObject","inLanguage":"fr-FR","@id":"https:\/\/ruishengglassco.com\/product\/rs130-700ml-xo-glass-bottles-in-glass-bottle-manufactures#primaryimage","url":"https:\/\/glassbottlewholesale.com\/wp-content\/uploads\/2023\/12\/long-glass-bottleIMG_7116-1.jpg","contentUrl":"https:\/\/glassbottlewholesale.com\/wp-content\/uploads\/2023\/12\/long-glass-bottleIMG_7116-1.jpg","width":800,"height":800,"caption":"RS130: 700ml XO Glass Bottles in Glass Bottle Manufactures"},{"@type":"BreadcrumbList","@id":"https:\/\/ruishengglassco.com\/product\/rs130-700ml-xo-glass-bottles-in-glass-bottle-manufactures#breadcrumb","itemListElement":[{"@type":"ListItem","position":1,"name":"Home","item":"https:\/\/glassbottlewholesale.com\/"},{"@type":"ListItem","position":2,"name":"Products","item":"https:\/\/glassbottlewholesale.com\/shop\/"},{"@type":"ListItem","position":3,"name":"RS130: 700ml XO Glass Bottles in Glass Bottle Manufactures"}]},{"@type":"WebSite","@id":"https:\/\/glassbottlewholesale.com\/#website","url":"https:\/\/glassbottlewholesale.com\/","name":"Glass Bottle Wholesale","description":"","publisher":{"@id":"https:\/\/glassbottlewholesale.com\/#organization"},"potentialAction":[{"@type":"SearchAction","target":{"@type":"EntryPoint","urlTemplate":"https:\/\/glassbottlewholesale.com\/?s={search_term_string}"},"query-input":{"@type":"PropertyValueSpecification","valueRequired":true,"valueName":"search_term_string"}}],"inLanguage":"fr-FR"},{"@type":"Organization","@id":"https:\/\/glassbottlewholesale.com\/#organization","name":"Glass Bottle Wholesale","url":"https:\/\/glassbottlewholesale.com\/","logo":{"@type":"ImageObject","inLanguage":"fr-FR","@id":"https:\/\/glassbottlewholesale.com\/#\/schema\/logo\/image\/","url":"https:\/\/glassbottlewholesale.com\/wp-content\/uploads\/2023\/12\/ruisheng-logo.webp","contentUrl":"https:\/\/glassbottlewholesale.com\/wp-content\/uploads\/2023\/12\/ruisheng-logo.webp","width":400,"height":233,"caption":"Glass Bottle Wholesale"},"image":{"@id":"https:\/\/glassbottlewholesale.com\/#\/schema\/logo\/image\/"}}]}},"_links":{"self":[{"href":"https:\/\/glassbottlewholesale.com\/fr\/wp-json\/wp\/v2\/product\/440","targetHints":{"allow":["GET"]}}],"collection":[{"href":"https:\/\/glassbottlewholesale.com\/fr\/wp-json\/wp\/v2\/product"}],"about":[{"href":"https:\/\/glassbottlewholesale.com\/fr\/wp-json\/wp\/v2\/types\/product"}],"replies":[{"embeddable":true,"href":"https:\/\/glassbottlewholesale.com\/fr\/wp-json\/wp\/v2\/comments?post=440"}],"wp:featuredmedia":[{"embeddable":true,"href":"https:\/\/glassbottlewholesale.com\/fr\/wp-json\/wp\/v2\/media\/4349"}],"wp:attachment":[{"href":"https:\/\/glassbottlewholesale.com\/fr\/wp-json\/wp\/v2\/media?parent=440"}],"wp:term":[{"taxonomy":"product_brand","embeddable":true,"href":"https:\/\/glassbottlewholesale.com\/fr\/wp-json\/wp\/v2\/product_brand?post=440"},{"taxonomy":"product_cat","embeddable":true,"href":"https:\/\/glassbottlewholesale.com\/fr\/wp-json\/wp\/v2\/product_cat?post=440"},{"taxonomy":"product_tag","embeddable":true,"href":"https:\/\/glassbottlewholesale.com\/fr\/wp-json\/wp\/v2\/product_tag?post=440"}],"curies":[{"name":"wp","href":"https:\/\/api.w.org\/{rel}","templated":true}]}}