{"id":447,"date":"2019-10-12T14:02:57","date_gmt":"2019-10-12T14:02:57","guid":{"rendered":"https:\/\/queenchingglass.com\/?post_type=product&#038;p=447"},"modified":"2025-07-10T01:03:11","modified_gmt":"2025-07-10T01:03:11","slug":"etiquettes-personnalisees-pour-bouteilles-de-liqueur-de-500ml","status":"publish","type":"product","link":"https:\/\/glassbottlewholesale.com\/fr\/etiquettes-personnalisees-pour-bouteilles-de-liqueur-de-500ml\/","title":{"rendered":"RS127\u00a0:\u00a0\u00c9tiquettes personnalis\u00e9es pour bouteilles d&#039;alcool de 500\u00a0ml"},"content":{"rendered":"<div class=\"wpb-content-wrapper\"><div class=\"vc_row wpb_row vc_row-fluid\"><div class=\"wpb_column vc_column_container vc_col-sm-12\"><div class=\"vc_column-inner\"><div class=\"wpb_wrapper\">\n\t<div class=\"wpb_text_column wpb_content_element\" >\n\t\t<div class=\"wpb_wrapper\">\n\t\t\t<p>Ruisheng, a professional liquor bottle manufacturer, has been involved in liquor bottle manufacturing for over 10 years.\u00a0 As a primary glass bottle manufacturer, we provide personalized liquor bottles wholesale service for the liquor brands and companies.<\/p>\n<p>These 500ml personalized liquor bottles are made by high flint glass material which makes the glass bottle more clear, more durable and more smooth.<\/p>\n<p>Notre entreprise compte plus de 500 employ\u00e9s et un groupe d&#039;ing\u00e9nieurs qualifi\u00e9s. Avec une riche exp\u00e9rience, nous avons une bonne r\u00e9putation partout dans le monde.<\/p>\n<p>Our main products are top grade glass bottles such as vodka bottle, brandy bottle, whiskey bottle, liquor bottles, jam bottle and so on. We also can offer amber glass bottles, green bottles, and water bottles. Our main market is Europe, USA, Australia, America etc.And all products enjoy a high reputation for innovation and functionality.<\/p>\n<h4>Details About Personalized Liquor Bottles Wholesale<\/h4>\n<ul>\n<li>Mat\u00e9riau principal: verre silex \u00e9lev\u00e9<\/li>\n<li>Bouchon : bouchon \u00e0 vis<\/li>\n<li>Reference: RS127<\/li>\n<li>Quantit\u00e9 minimale de commande\u00a0:\u00a010\u00a0000\u00a0pi\u00e8ces<\/li>\n<li>Capacit\u00e9: 500 ml<\/li>\n<li>Pi\u00e8ces\/carton\u00a0: 24 pi\u00e8ces<\/li>\n<li>Origine du lieu : Shandong, Chine<\/li>\n<li>Caract\u00e9ristique\u00a0:\u00a0\u00e9cologique<\/li>\n<\/ul>\n<p>If you want to buy personalized liquor bottles wholesale, please <a href=\"https:\/\/ruishengglassco.com\/contact\">Contactez-nous<\/a>. Si vous souhaitez r\u00e9aliser des bouteilles en verre personnalis\u00e9es, contactez-nous \u00e9galement. Nous sommes tr\u00e8s heureux de recevoir votre demande concernant la meilleure bouteille d\u2019eau en verre.<\/p>\n\n\t\t<\/div>\n\t<\/div>\n<\/div><\/div><\/div><\/div>\n<\/div>","protected":false},"excerpt":{"rendered":"<p>Transparent, clear, elegant, personalized liquor bottles wholesale from China liquor bottle manufacturing factory. Outlet top-grade glass bottle for liquor with a customized service.<\/p>\n<p><strong><em>-MOQ : 10000 PCS\u00a0<\/em><\/strong><\/p>\n<p>-Free Alcoholic Bottle Sample<\/p>\n<p>-Color: Transparent<\/p>\n<p>-Weight: 700g<\/p>\n<p>-Height: 228MM\u00b12MM<\/p>\n<p>-DIAMETER: 90MM\u00b12MM<\/p>\n<p>-Service personnalis\u00e9 offert<\/p>\n<p>&nbsp;<\/p>\n<p>&nbsp;<\/p>","protected":false},"featured_media":448,"comment_status":"open","ping_status":"closed","template":"","meta":[],"product_brand":[],"product_cat":[50,62],"product_tag":[],"class_list":{"0":"post-447","1":"product","2":"type-product","3":"status-publish","4":"has-post-thumbnail","6":"product_cat-500ml-glass-bottle","7":"product_cat-liqueur-bottle","8":"entry","9":"has-media","11":"first","12":"instock","13":"shipping-taxable","14":"product-type-simple"},"yoast_head":"<!-- This site is optimized with the Yoast SEO plugin v27.3 - https:\/\/yoast.com\/product\/yoast-seo-wordpress\/ -->\n<title>Personalized Liquor Bottles Wholesale | Bulk Alcoholic Bottles Price<\/title>\n<meta name=\"description\" content=\"Buy Personalized Liquor Bottles Wholesale From China Liquor Bottle Manufacturers. Factory Outlet&amp;Cheap Price. Click here to get bulk alcoholic bottles price\" \/>\n<meta name=\"robots\" content=\"index, follow, max-snippet:-1, max-image-preview:large, max-video-preview:-1\" \/>\n<link rel=\"canonical\" href=\"https:\/\/ruishengglassco.com\/product\/rs127-500ml-personalized-liquor-bottle-labels\" \/>\n<meta property=\"og:locale\" content=\"fr_FR\" \/>\n<meta property=\"og:type\" content=\"article\" \/>\n<meta property=\"og:title\" content=\"Personalized Liquor Bottles Wholesale | Bulk Alcoholic Bottles Price\" \/>\n<meta property=\"og:description\" content=\"Buy Personalized Liquor Bottles Wholesale From China Liquor Bottle Manufacturers. Factory Outlet&amp;Cheap Price. Click here to get bulk alcoholic bottles price\" \/>\n<meta property=\"og:url\" content=\"https:\/\/ruishengglassco.com\/product\/rs127-500ml-personalized-liquor-bottle-labels\" \/>\n<meta property=\"og:site_name\" content=\"Glass Bottle Wholesale\" \/>\n<meta property=\"article:modified_time\" content=\"2025-07-10T01:03:11+00:00\" \/>\n<meta property=\"og:image\" content=\"https:\/\/glassbottlewholesale.com\/wp-content\/uploads\/2019\/10\/\u5229\u53e3\u9152\u74f61.jpg\" \/>\n\t<meta property=\"og:image:width\" content=\"350\" \/>\n\t<meta property=\"og:image:height\" content=\"350\" \/>\n\t<meta property=\"og:image:type\" content=\"image\/jpeg\" \/>\n<meta name=\"twitter:card\" content=\"summary_large_image\" \/>\n<meta name=\"twitter:label1\" content=\"Dur\u00e9e de lecture estim\u00e9e\" \/>\n\t<meta name=\"twitter:data1\" content=\"1 minute\" \/>\n<script type=\"application\/ld+json\" class=\"yoast-schema-graph\">{\"@context\":\"https:\\\/\\\/schema.org\",\"@graph\":[{\"@type\":\"WebPage\",\"@id\":\"https:\\\/\\\/glassbottlewholesale.com\\\/500ml-personalized-liquor-bottle-labels\\\/\",\"url\":\"https:\\\/\\\/ruishengglassco.com\\\/product\\\/rs127-500ml-personalized-liquor-bottle-labels\",\"name\":\"Personalized Liquor Bottles Wholesale | Bulk Alcoholic Bottles Price\",\"isPartOf\":{\"@id\":\"https:\\\/\\\/glassbottlewholesale.com\\\/#website\"},\"primaryImageOfPage\":{\"@id\":\"https:\\\/\\\/ruishengglassco.com\\\/product\\\/rs127-500ml-personalized-liquor-bottle-labels#primaryimage\"},\"image\":{\"@id\":\"https:\\\/\\\/ruishengglassco.com\\\/product\\\/rs127-500ml-personalized-liquor-bottle-labels#primaryimage\"},\"thumbnailUrl\":\"https:\\\/\\\/glassbottlewholesale.com\\\/wp-content\\\/uploads\\\/2019\\\/10\\\/\u5229\u53e3\u9152\u74f61.jpg\",\"datePublished\":\"2019-10-12T14:02:57+00:00\",\"dateModified\":\"2025-07-10T01:03:11+00:00\",\"description\":\"Buy Personalized Liquor Bottles Wholesale From China Liquor Bottle Manufacturers. Factory Outlet&Cheap Price. Click here to get bulk alcoholic bottles price\",\"breadcrumb\":{\"@id\":\"https:\\\/\\\/ruishengglassco.com\\\/product\\\/rs127-500ml-personalized-liquor-bottle-labels#breadcrumb\"},\"inLanguage\":\"fr-FR\",\"potentialAction\":[{\"@type\":\"ReadAction\",\"target\":[\"https:\\\/\\\/ruishengglassco.com\\\/product\\\/rs127-500ml-personalized-liquor-bottle-labels\"]}]},{\"@type\":\"ImageObject\",\"inLanguage\":\"fr-FR\",\"@id\":\"https:\\\/\\\/ruishengglassco.com\\\/product\\\/rs127-500ml-personalized-liquor-bottle-labels#primaryimage\",\"url\":\"https:\\\/\\\/glassbottlewholesale.com\\\/wp-content\\\/uploads\\\/2019\\\/10\\\/\u5229\u53e3\u9152\u74f61.jpg\",\"contentUrl\":\"https:\\\/\\\/glassbottlewholesale.com\\\/wp-content\\\/uploads\\\/2019\\\/10\\\/\u5229\u53e3\u9152\u74f61.jpg\",\"width\":350,\"height\":350,\"caption\":\"Personalized Liquor Bottles Wholesale\"},{\"@type\":\"BreadcrumbList\",\"@id\":\"https:\\\/\\\/ruishengglassco.com\\\/product\\\/rs127-500ml-personalized-liquor-bottle-labels#breadcrumb\",\"itemListElement\":[{\"@type\":\"ListItem\",\"position\":1,\"name\":\"Home\",\"item\":\"https:\\\/\\\/glassbottlewholesale.com\\\/\"},{\"@type\":\"ListItem\",\"position\":2,\"name\":\"Products\",\"item\":\"https:\\\/\\\/glassbottlewholesale.com\\\/shop\\\/\"},{\"@type\":\"ListItem\",\"position\":3,\"name\":\"RS127: 500ml Personalized Liquor Bottle Labels\"}]},{\"@type\":\"WebSite\",\"@id\":\"https:\\\/\\\/glassbottlewholesale.com\\\/#website\",\"url\":\"https:\\\/\\\/glassbottlewholesale.com\\\/\",\"name\":\"Glass Bottle Wholesale\",\"description\":\"\",\"publisher\":{\"@id\":\"https:\\\/\\\/glassbottlewholesale.com\\\/#organization\"},\"potentialAction\":[{\"@type\":\"SearchAction\",\"target\":{\"@type\":\"EntryPoint\",\"urlTemplate\":\"https:\\\/\\\/glassbottlewholesale.com\\\/?s={search_term_string}\"},\"query-input\":{\"@type\":\"PropertyValueSpecification\",\"valueRequired\":true,\"valueName\":\"search_term_string\"}}],\"inLanguage\":\"fr-FR\"},{\"@type\":\"Organization\",\"@id\":\"https:\\\/\\\/glassbottlewholesale.com\\\/#organization\",\"name\":\"Glass Bottle Wholesale\",\"url\":\"https:\\\/\\\/glassbottlewholesale.com\\\/\",\"logo\":{\"@type\":\"ImageObject\",\"inLanguage\":\"fr-FR\",\"@id\":\"https:\\\/\\\/glassbottlewholesale.com\\\/#\\\/schema\\\/logo\\\/image\\\/\",\"url\":\"https:\\\/\\\/glassbottlewholesale.com\\\/wp-content\\\/uploads\\\/2023\\\/12\\\/ruisheng-logo.webp\",\"contentUrl\":\"https:\\\/\\\/glassbottlewholesale.com\\\/wp-content\\\/uploads\\\/2023\\\/12\\\/ruisheng-logo.webp\",\"width\":400,\"height\":233,\"caption\":\"Glass Bottle Wholesale\"},\"image\":{\"@id\":\"https:\\\/\\\/glassbottlewholesale.com\\\/#\\\/schema\\\/logo\\\/image\\\/\"}}]}<\/script>\n<!-- \/ Yoast SEO plugin. -->","yoast_head_json":{"title":"Personalized Liquor Bottles Wholesale | Bulk Alcoholic Bottles Price","description":"Buy Personalized Liquor Bottles Wholesale From China Liquor Bottle Manufacturers. Factory Outlet&Cheap Price. Click here to get bulk alcoholic bottles price","robots":{"index":"index","follow":"follow","max-snippet":"max-snippet:-1","max-image-preview":"max-image-preview:large","max-video-preview":"max-video-preview:-1"},"canonical":"https:\/\/ruishengglassco.com\/product\/rs127-500ml-personalized-liquor-bottle-labels","og_locale":"fr_FR","og_type":"article","og_title":"Personalized Liquor Bottles Wholesale | Bulk Alcoholic Bottles Price","og_description":"Buy Personalized Liquor Bottles Wholesale From China Liquor Bottle Manufacturers. Factory Outlet&Cheap Price. Click here to get bulk alcoholic bottles price","og_url":"https:\/\/ruishengglassco.com\/product\/rs127-500ml-personalized-liquor-bottle-labels","og_site_name":"Glass Bottle Wholesale","article_modified_time":"2025-07-10T01:03:11+00:00","og_image":[{"width":350,"height":350,"url":"https:\/\/glassbottlewholesale.com\/wp-content\/uploads\/2019\/10\/\u5229\u53e3\u9152\u74f61.jpg","type":"image\/jpeg"}],"twitter_card":"summary_large_image","twitter_misc":{"Dur\u00e9e de lecture estim\u00e9e":"1 minute"},"schema":{"@context":"https:\/\/schema.org","@graph":[{"@type":"WebPage","@id":"https:\/\/glassbottlewholesale.com\/500ml-personalized-liquor-bottle-labels\/","url":"https:\/\/ruishengglassco.com\/product\/rs127-500ml-personalized-liquor-bottle-labels","name":"Personalized Liquor Bottles Wholesale | Bulk Alcoholic Bottles Price","isPartOf":{"@id":"https:\/\/glassbottlewholesale.com\/#website"},"primaryImageOfPage":{"@id":"https:\/\/ruishengglassco.com\/product\/rs127-500ml-personalized-liquor-bottle-labels#primaryimage"},"image":{"@id":"https:\/\/ruishengglassco.com\/product\/rs127-500ml-personalized-liquor-bottle-labels#primaryimage"},"thumbnailUrl":"https:\/\/glassbottlewholesale.com\/wp-content\/uploads\/2019\/10\/\u5229\u53e3\u9152\u74f61.jpg","datePublished":"2019-10-12T14:02:57+00:00","dateModified":"2025-07-10T01:03:11+00:00","description":"Buy Personalized Liquor Bottles Wholesale From China Liquor Bottle Manufacturers. Factory Outlet&Cheap Price. Click here to get bulk alcoholic bottles price","breadcrumb":{"@id":"https:\/\/ruishengglassco.com\/product\/rs127-500ml-personalized-liquor-bottle-labels#breadcrumb"},"inLanguage":"fr-FR","potentialAction":[{"@type":"ReadAction","target":["https:\/\/ruishengglassco.com\/product\/rs127-500ml-personalized-liquor-bottle-labels"]}]},{"@type":"ImageObject","inLanguage":"fr-FR","@id":"https:\/\/ruishengglassco.com\/product\/rs127-500ml-personalized-liquor-bottle-labels#primaryimage","url":"https:\/\/glassbottlewholesale.com\/wp-content\/uploads\/2019\/10\/\u5229\u53e3\u9152\u74f61.jpg","contentUrl":"https:\/\/glassbottlewholesale.com\/wp-content\/uploads\/2019\/10\/\u5229\u53e3\u9152\u74f61.jpg","width":350,"height":350,"caption":"Personalized Liquor Bottles Wholesale"},{"@type":"BreadcrumbList","@id":"https:\/\/ruishengglassco.com\/product\/rs127-500ml-personalized-liquor-bottle-labels#breadcrumb","itemListElement":[{"@type":"ListItem","position":1,"name":"Home","item":"https:\/\/glassbottlewholesale.com\/"},{"@type":"ListItem","position":2,"name":"Products","item":"https:\/\/glassbottlewholesale.com\/shop\/"},{"@type":"ListItem","position":3,"name":"RS127: 500ml Personalized Liquor Bottle Labels"}]},{"@type":"WebSite","@id":"https:\/\/glassbottlewholesale.com\/#website","url":"https:\/\/glassbottlewholesale.com\/","name":"Glass Bottle Wholesale","description":"","publisher":{"@id":"https:\/\/glassbottlewholesale.com\/#organization"},"potentialAction":[{"@type":"SearchAction","target":{"@type":"EntryPoint","urlTemplate":"https:\/\/glassbottlewholesale.com\/?s={search_term_string}"},"query-input":{"@type":"PropertyValueSpecification","valueRequired":true,"valueName":"search_term_string"}}],"inLanguage":"fr-FR"},{"@type":"Organization","@id":"https:\/\/glassbottlewholesale.com\/#organization","name":"Glass Bottle Wholesale","url":"https:\/\/glassbottlewholesale.com\/","logo":{"@type":"ImageObject","inLanguage":"fr-FR","@id":"https:\/\/glassbottlewholesale.com\/#\/schema\/logo\/image\/","url":"https:\/\/glassbottlewholesale.com\/wp-content\/uploads\/2023\/12\/ruisheng-logo.webp","contentUrl":"https:\/\/glassbottlewholesale.com\/wp-content\/uploads\/2023\/12\/ruisheng-logo.webp","width":400,"height":233,"caption":"Glass Bottle Wholesale"},"image":{"@id":"https:\/\/glassbottlewholesale.com\/#\/schema\/logo\/image\/"}}]}},"_links":{"self":[{"href":"https:\/\/glassbottlewholesale.com\/fr\/wp-json\/wp\/v2\/product\/447","targetHints":{"allow":["GET"]}}],"collection":[{"href":"https:\/\/glassbottlewholesale.com\/fr\/wp-json\/wp\/v2\/product"}],"about":[{"href":"https:\/\/glassbottlewholesale.com\/fr\/wp-json\/wp\/v2\/types\/product"}],"replies":[{"embeddable":true,"href":"https:\/\/glassbottlewholesale.com\/fr\/wp-json\/wp\/v2\/comments?post=447"}],"wp:featuredmedia":[{"embeddable":true,"href":"https:\/\/glassbottlewholesale.com\/fr\/wp-json\/wp\/v2\/media\/448"}],"wp:attachment":[{"href":"https:\/\/glassbottlewholesale.com\/fr\/wp-json\/wp\/v2\/media?parent=447"}],"wp:term":[{"taxonomy":"product_brand","embeddable":true,"href":"https:\/\/glassbottlewholesale.com\/fr\/wp-json\/wp\/v2\/product_brand?post=447"},{"taxonomy":"product_cat","embeddable":true,"href":"https:\/\/glassbottlewholesale.com\/fr\/wp-json\/wp\/v2\/product_cat?post=447"},{"taxonomy":"product_tag","embeddable":true,"href":"https:\/\/glassbottlewholesale.com\/fr\/wp-json\/wp\/v2\/product_tag?post=447"}],"curies":[{"name":"wp","href":"https:\/\/api.w.org\/{rel}","templated":true}]}}