{"id":458,"date":"2019-10-14T13:05:26","date_gmt":"2019-10-14T13:05:26","guid":{"rendered":"https:\/\/queenchingglass.com\/?post_type=product&#038;p=458"},"modified":"2024-01-08T02:49:39","modified_gmt":"2024-01-08T02:49:39","slug":"ventes-de-bouteilles-de-boisson-en-verre-de-1-litre-en-vrac","status":"publish","type":"product","link":"https:\/\/glassbottlewholesale.com\/fr\/ventes-de-bouteilles-de-boisson-en-verre-de-1-litre-en-vrac\/","title":{"rendered":"RS123\u00a0:\u00a0Bouteilles bouch\u00e9es pour boissons en verre de 1\u00a0litre en gros"},"content":{"rendered":"<p>Les ventes de bouteilles de boissons en verre de 1 litre en vrac sont l&#039;un de nos produits en verre les plus vendus. Il existe un ensemble de ce type de bouteilles en verre pour boissons dans notre usine, telles que des bouteilles en verre de 550 ml, 700 ml et 1 000 ml.<\/p>\n<p>Le type de scellage des bouteilles de boissons en verre est une finition en li\u00e8ge. Nous pouvons fabriquer du li\u00e8ge de bouteilles en verre de diff\u00e9rents mat\u00e9riaux, tels que le li\u00e8ge \u00e0 haute teneur en polym\u00e8re, le li\u00e8ge complexe, le li\u00e8ge en bois. Si vous n&#039;aimez pas ce type de scellement, nous pouvons le remplacer par un autre type tel que le capuchon guala, et vous proposer le capuchon guala. Concernant le capuchon guala, il existe un capuchon en plastique et un capuchon en aluminium.<\/p>\n<h4>Les d\u00e9tails de cette vente de bouteilles de boissons en verre de 1 litre en vrac<\/h4>\n<p>Les informations de la bouteille en verre comme ci-dessous\u00a0:<\/p>\n<ul>\n<li>Mat\u00e9riau principal: verre silex \u00e9lev\u00e9<\/li>\n<li>Bouchon : Li\u00e8ge<\/li>\n<li>R\u00e9f\u00e9rence : RS123<\/li>\n<li>Quantit\u00e9 minimale de commande\u00a0:\u00a010\u00a0000\u00a0pi\u00e8ces<\/li>\n<li>Capacit\u00e9 : 1000 ml 700 ml<\/li>\n<li>Pi\u00e8ces\/carton\u00a0: 24 pi\u00e8ces<\/li>\n<li>Origine du lieu\u00a0: Shandong, Chine<\/li>\n<li>Caract\u00e9ristique\u00a0:\u00a0\u00e9cologique<\/li>\n<\/ul>\n<p>Il y a un cercle sur la bouteille en verre liquide, vous pouvez y apposer votre \u00e9tiquette si vous en avez besoin. Vous pouvez \u00e9galement apposer votre logo sur le corps des bouteilles en verre. Nous pouvons cr\u00e9er des autocollants, des logos imprim\u00e9s en soie et des logos estamp\u00e9s \u00e0 chaud sur les ventes de bouteilles en verre en vrac. Si vous voulez la bouteille avec une couleur diff\u00e9rente, nous pouvons \u00e9galement peindre n&#039;importe quelle couleur dont vous avez besoin. Les bouteilles en verre peuvent \u00e9galement fabriquer des bouteilles en verre d\u00e9poli.<\/p>\n<p>Il existe trois types d&#039;emballage pour la vente en gros de bouteilles en verre. La premi\u00e8re fa\u00e7on est le carton. Les bouteilles en verre \u00e9taient envelopp\u00e9es dans du papier, puis plac\u00e9es sur le carton. Il y a du carton comme division dans le carton. La deuxi\u00e8me fa\u00e7on est la palette. De cette mani\u00e8re d&#039;emballage, nous emballons g\u00e9n\u00e9ralement la bouteille de boisson en verre de 1 litre avec du papier, puis la pla\u00e7ons sur la palette, qui sera ensuite envelopp\u00e9e dans du papier plastique. La derni\u00e8re m\u00e9thode est le carton et la palette. La bouteille en verre de vin sera plac\u00e9e sur le carton, puis plac\u00e9e sur la palette, puis envelopp\u00e9e dans du papier plastique.<\/p>\n<p>Si vous souhaitez acheter des bouteilles de boisson en verre de 1 litre, veuillez nous contacter. Nous pouvons \u00e9galement accepter les commandes OEM ou ODM.<\/p>","protected":false},"excerpt":{"rendered":"<table class=\"tg\">\n<tbody>\n<tr>\n<td class=\"tg-b7b8\">R\u00e9f\u00e9rence:<\/td>\n<td class=\"tg-b7b8\">RS123<\/td>\n<\/tr>\n<tr>\n<td class=\"tg-yw4l\">Mat\u00e9riau principal:<\/td>\n<td class=\"tg-yw4l\">Verre \u00e0 haute teneur en silex<\/td>\n<\/tr>\n<tr>\n<td class=\"tg-b7b8\">Casquette:<\/td>\n<td class=\"tg-b7b8\">Li\u00e8ge<\/td>\n<\/tr>\n<tr>\n<td class=\"tg-yw4l\">Capacit\u00e9:<\/td>\n<td class=\"tg-yw4l\">700 ml 1000 ml<\/td>\n<\/tr>\n<tr>\n<td class=\"tg-b7b8\">Fonctionnalit\u00e9:<\/td>\n<td class=\"tg-b7b8\">Respectueux de la nature<\/td>\n<\/tr>\n<tr>\n<td class=\"tg-yw4l\">Quantit\u00e9 minimale de commande\u00a0:<\/td>\n<td class=\"tg-yw4l\">10000 pi\u00e8ces<\/td>\n<\/tr>\n<tr>\n<td class=\"tg-b7b8\">Mani\u00e8re d&#039;emballage\u00a0:<\/td>\n<td class=\"tg-b7b8\">Carton standard d&#039;exportation\/palette\/carton et palette standard d&#039;exportation<\/td>\n<\/tr>\n<tr>\n<td class=\"tg-yw4l\">OEM\/ODM\u00a0:<\/td>\n<td class=\"tg-yw4l\">Accueillir<\/td>\n<\/tr>\n<tr>\n<td class=\"tg-b7b8\">Origine du lieu :<\/td>\n<td class=\"tg-b7b8\">Shandong, Chine<\/td>\n<\/tr>\n<tr>\n<td class=\"tg-yw4l\">Pi\u00e8ces\/ctn\u00a0:<\/td>\n<td class=\"tg-yw4l\">24 pi\u00e8ces\/20 pi\u00e8ces\/15 pi\u00e8ces<\/td>\n<\/tr>\n<\/tbody>\n<\/table>","protected":false},"featured_media":4484,"comment_status":"open","ping_status":"closed","template":"","meta":[],"product_brand":[],"product_cat":[53,62],"product_tag":[],"class_list":{"0":"post-458","1":"product","2":"type-product","3":"status-publish","4":"has-post-thumbnail","6":"product_cat-1000ml-glass-bottle","7":"product_cat-liqueur-bottle","8":"entry","9":"has-media","11":"first","12":"instock","13":"shipping-taxable","14":"product-type-simple"},"yoast_head":"<!-- This site is optimized with the Yoast SEO plugin v27.3 - https:\/\/yoast.com\/product\/yoast-seo-wordpress\/ -->\n<title>1 Liter Glass Beverage Bottles | Glass Bottles Sales in Bulk<\/title>\n<meta name=\"description\" content=\"he 1 Liter Glass Beverage Bottles Sales in Bulk is one of our hot sales glass products. High Quality&amp;Factory Outlet Price.\" \/>\n<meta name=\"robots\" content=\"index, follow, max-snippet:-1, max-image-preview:large, max-video-preview:-1\" \/>\n<link rel=\"canonical\" href=\"https:\/\/ruishengglassco.com\/product\/rs123-1-liter-glass-beverage-corked-bottles-wholesale\" \/>\n<meta property=\"og:locale\" content=\"fr_FR\" \/>\n<meta property=\"og:type\" content=\"article\" \/>\n<meta property=\"og:title\" content=\"1 Liter Glass Beverage Bottles | Glass Bottles Sales in Bulk\" \/>\n<meta property=\"og:description\" content=\"he 1 Liter Glass Beverage Bottles Sales in Bulk is one of our hot sales glass products. High Quality&amp;Factory Outlet Price.\" \/>\n<meta property=\"og:url\" content=\"https:\/\/ruishengglassco.com\/product\/rs123-1-liter-glass-beverage-corked-bottles-wholesale\" \/>\n<meta property=\"og:site_name\" content=\"Glass Bottle Wholesale\" \/>\n<meta property=\"article:modified_time\" content=\"2024-01-08T02:49:39+00:00\" \/>\n<meta property=\"og:image\" content=\"https:\/\/glassbottlewholesale.com\/wp-content\/uploads\/2024\/01\/1000ml-glass-bottle-wholesale4.jpg\" \/>\n\t<meta property=\"og:image:width\" content=\"800\" \/>\n\t<meta property=\"og:image:height\" content=\"800\" \/>\n\t<meta property=\"og:image:type\" content=\"image\/jpeg\" \/>\n<meta name=\"twitter:card\" content=\"summary_large_image\" \/>\n<meta name=\"twitter:label1\" content=\"Dur\u00e9e de lecture estim\u00e9e\" \/>\n\t<meta name=\"twitter:data1\" content=\"2 minutes\" \/>\n<script type=\"application\/ld+json\" class=\"yoast-schema-graph\">{\"@context\":\"https:\\\/\\\/schema.org\",\"@graph\":[{\"@type\":\"WebPage\",\"@id\":\"https:\\\/\\\/glassbottlewholesale.com\\\/1-liter-glass-beverage-bottles-sales-in-bulk\\\/\",\"url\":\"https:\\\/\\\/ruishengglassco.com\\\/product\\\/rs123-1-liter-glass-beverage-corked-bottles-wholesale\",\"name\":\"1 Liter Glass Beverage Bottles | Glass Bottles Sales in Bulk\",\"isPartOf\":{\"@id\":\"https:\\\/\\\/glassbottlewholesale.com\\\/#website\"},\"primaryImageOfPage\":{\"@id\":\"https:\\\/\\\/ruishengglassco.com\\\/product\\\/rs123-1-liter-glass-beverage-corked-bottles-wholesale#primaryimage\"},\"image\":{\"@id\":\"https:\\\/\\\/ruishengglassco.com\\\/product\\\/rs123-1-liter-glass-beverage-corked-bottles-wholesale#primaryimage\"},\"thumbnailUrl\":\"https:\\\/\\\/glassbottlewholesale.com\\\/wp-content\\\/uploads\\\/2024\\\/01\\\/1000ml-glass-bottle-wholesale4.jpg\",\"datePublished\":\"2019-10-14T13:05:26+00:00\",\"dateModified\":\"2024-01-08T02:49:39+00:00\",\"description\":\"he 1 Liter Glass Beverage Bottles Sales in Bulk is one of our hot sales glass products. High Quality&Factory Outlet Price.\",\"breadcrumb\":{\"@id\":\"https:\\\/\\\/ruishengglassco.com\\\/product\\\/rs123-1-liter-glass-beverage-corked-bottles-wholesale#breadcrumb\"},\"inLanguage\":\"fr-FR\",\"potentialAction\":[{\"@type\":\"ReadAction\",\"target\":[\"https:\\\/\\\/ruishengglassco.com\\\/product\\\/rs123-1-liter-glass-beverage-corked-bottles-wholesale\"]}]},{\"@type\":\"ImageObject\",\"inLanguage\":\"fr-FR\",\"@id\":\"https:\\\/\\\/ruishengglassco.com\\\/product\\\/rs123-1-liter-glass-beverage-corked-bottles-wholesale#primaryimage\",\"url\":\"https:\\\/\\\/glassbottlewholesale.com\\\/wp-content\\\/uploads\\\/2024\\\/01\\\/1000ml-glass-bottle-wholesale4.jpg\",\"contentUrl\":\"https:\\\/\\\/glassbottlewholesale.com\\\/wp-content\\\/uploads\\\/2024\\\/01\\\/1000ml-glass-bottle-wholesale4.jpg\",\"width\":800,\"height\":800,\"caption\":\"1000ml Clear Spirit Wholesale Glass Bottles For Sale\"},{\"@type\":\"BreadcrumbList\",\"@id\":\"https:\\\/\\\/ruishengglassco.com\\\/product\\\/rs123-1-liter-glass-beverage-corked-bottles-wholesale#breadcrumb\",\"itemListElement\":[{\"@type\":\"ListItem\",\"position\":1,\"name\":\"Home\",\"item\":\"https:\\\/\\\/glassbottlewholesale.com\\\/\"},{\"@type\":\"ListItem\",\"position\":2,\"name\":\"Products\",\"item\":\"https:\\\/\\\/glassbottlewholesale.com\\\/shop\\\/\"},{\"@type\":\"ListItem\",\"position\":3,\"name\":\"RS123: 1 Liter Glass Beverage Corked Bottles Wholesale\"}]},{\"@type\":\"WebSite\",\"@id\":\"https:\\\/\\\/glassbottlewholesale.com\\\/#website\",\"url\":\"https:\\\/\\\/glassbottlewholesale.com\\\/\",\"name\":\"Glass Bottle Wholesale\",\"description\":\"\",\"publisher\":{\"@id\":\"https:\\\/\\\/glassbottlewholesale.com\\\/#organization\"},\"potentialAction\":[{\"@type\":\"SearchAction\",\"target\":{\"@type\":\"EntryPoint\",\"urlTemplate\":\"https:\\\/\\\/glassbottlewholesale.com\\\/?s={search_term_string}\"},\"query-input\":{\"@type\":\"PropertyValueSpecification\",\"valueRequired\":true,\"valueName\":\"search_term_string\"}}],\"inLanguage\":\"fr-FR\"},{\"@type\":\"Organization\",\"@id\":\"https:\\\/\\\/glassbottlewholesale.com\\\/#organization\",\"name\":\"Glass Bottle Wholesale\",\"url\":\"https:\\\/\\\/glassbottlewholesale.com\\\/\",\"logo\":{\"@type\":\"ImageObject\",\"inLanguage\":\"fr-FR\",\"@id\":\"https:\\\/\\\/glassbottlewholesale.com\\\/#\\\/schema\\\/logo\\\/image\\\/\",\"url\":\"https:\\\/\\\/glassbottlewholesale.com\\\/wp-content\\\/uploads\\\/2023\\\/12\\\/ruisheng-logo.webp\",\"contentUrl\":\"https:\\\/\\\/glassbottlewholesale.com\\\/wp-content\\\/uploads\\\/2023\\\/12\\\/ruisheng-logo.webp\",\"width\":400,\"height\":233,\"caption\":\"Glass Bottle Wholesale\"},\"image\":{\"@id\":\"https:\\\/\\\/glassbottlewholesale.com\\\/#\\\/schema\\\/logo\\\/image\\\/\"}}]}<\/script>\n<!-- \/ Yoast SEO plugin. -->","yoast_head_json":{"title":"Bouteilles de boissons en verre de 1 litre | Ventes de bouteilles en verre en vrac","description":"Les ventes de bouteilles de boissons en verre de 1 litre en vrac sont l&#039;un de nos produits en verre les plus vendus. Haute qualit\u00e9 et prix de sortie d&#039;usine.","robots":{"index":"index","follow":"follow","max-snippet":"max-snippet:-1","max-image-preview":"max-image-preview:large","max-video-preview":"max-video-preview:-1"},"canonical":"https:\/\/ruishengglassco.com\/product\/rs123-1-liter-glass-beverage-corked-bottles-wholesale","og_locale":"fr_FR","og_type":"article","og_title":"1 Liter Glass Beverage Bottles | Glass Bottles Sales in Bulk","og_description":"he 1 Liter Glass Beverage Bottles Sales in Bulk is one of our hot sales glass products. High Quality&Factory Outlet Price.","og_url":"https:\/\/ruishengglassco.com\/product\/rs123-1-liter-glass-beverage-corked-bottles-wholesale","og_site_name":"Glass Bottle Wholesale","article_modified_time":"2024-01-08T02:49:39+00:00","og_image":[{"width":800,"height":800,"url":"https:\/\/glassbottlewholesale.com\/wp-content\/uploads\/2024\/01\/1000ml-glass-bottle-wholesale4.jpg","type":"image\/jpeg"}],"twitter_card":"summary_large_image","twitter_misc":{"Dur\u00e9e de lecture estim\u00e9e":"2 minutes"},"schema":{"@context":"https:\/\/schema.org","@graph":[{"@type":"WebPage","@id":"https:\/\/glassbottlewholesale.com\/1-liter-glass-beverage-bottles-sales-in-bulk\/","url":"https:\/\/ruishengglassco.com\/product\/rs123-1-liter-glass-beverage-corked-bottles-wholesale","name":"Bouteilles de boissons en verre de 1 litre | Ventes de bouteilles en verre en vrac","isPartOf":{"@id":"https:\/\/glassbottlewholesale.com\/#website"},"primaryImageOfPage":{"@id":"https:\/\/ruishengglassco.com\/product\/rs123-1-liter-glass-beverage-corked-bottles-wholesale#primaryimage"},"image":{"@id":"https:\/\/ruishengglassco.com\/product\/rs123-1-liter-glass-beverage-corked-bottles-wholesale#primaryimage"},"thumbnailUrl":"https:\/\/glassbottlewholesale.com\/wp-content\/uploads\/2024\/01\/1000ml-glass-bottle-wholesale4.jpg","datePublished":"2019-10-14T13:05:26+00:00","dateModified":"2024-01-08T02:49:39+00:00","description":"Les ventes de bouteilles de boissons en verre de 1 litre en vrac sont l&#039;un de nos produits en verre les plus vendus. Haute qualit\u00e9 et prix de sortie d&#039;usine.","breadcrumb":{"@id":"https:\/\/ruishengglassco.com\/product\/rs123-1-liter-glass-beverage-corked-bottles-wholesale#breadcrumb"},"inLanguage":"fr-FR","potentialAction":[{"@type":"ReadAction","target":["https:\/\/ruishengglassco.com\/product\/rs123-1-liter-glass-beverage-corked-bottles-wholesale"]}]},{"@type":"ImageObject","inLanguage":"fr-FR","@id":"https:\/\/ruishengglassco.com\/product\/rs123-1-liter-glass-beverage-corked-bottles-wholesale#primaryimage","url":"https:\/\/glassbottlewholesale.com\/wp-content\/uploads\/2024\/01\/1000ml-glass-bottle-wholesale4.jpg","contentUrl":"https:\/\/glassbottlewholesale.com\/wp-content\/uploads\/2024\/01\/1000ml-glass-bottle-wholesale4.jpg","width":800,"height":800,"caption":"1000ml Clear Spirit Wholesale Glass Bottles For Sale"},{"@type":"BreadcrumbList","@id":"https:\/\/ruishengglassco.com\/product\/rs123-1-liter-glass-beverage-corked-bottles-wholesale#breadcrumb","itemListElement":[{"@type":"ListItem","position":1,"name":"Home","item":"https:\/\/glassbottlewholesale.com\/"},{"@type":"ListItem","position":2,"name":"Products","item":"https:\/\/glassbottlewholesale.com\/shop\/"},{"@type":"ListItem","position":3,"name":"RS123: 1 Liter Glass Beverage Corked Bottles Wholesale"}]},{"@type":"WebSite","@id":"https:\/\/glassbottlewholesale.com\/#website","url":"https:\/\/glassbottlewholesale.com\/","name":"Glass Bottle Wholesale","description":"","publisher":{"@id":"https:\/\/glassbottlewholesale.com\/#organization"},"potentialAction":[{"@type":"SearchAction","target":{"@type":"EntryPoint","urlTemplate":"https:\/\/glassbottlewholesale.com\/?s={search_term_string}"},"query-input":{"@type":"PropertyValueSpecification","valueRequired":true,"valueName":"search_term_string"}}],"inLanguage":"fr-FR"},{"@type":"Organization","@id":"https:\/\/glassbottlewholesale.com\/#organization","name":"Glass Bottle Wholesale","url":"https:\/\/glassbottlewholesale.com\/","logo":{"@type":"ImageObject","inLanguage":"fr-FR","@id":"https:\/\/glassbottlewholesale.com\/#\/schema\/logo\/image\/","url":"https:\/\/glassbottlewholesale.com\/wp-content\/uploads\/2023\/12\/ruisheng-logo.webp","contentUrl":"https:\/\/glassbottlewholesale.com\/wp-content\/uploads\/2023\/12\/ruisheng-logo.webp","width":400,"height":233,"caption":"Glass Bottle Wholesale"},"image":{"@id":"https:\/\/glassbottlewholesale.com\/#\/schema\/logo\/image\/"}}]}},"_links":{"self":[{"href":"https:\/\/glassbottlewholesale.com\/fr\/wp-json\/wp\/v2\/product\/458","targetHints":{"allow":["GET"]}}],"collection":[{"href":"https:\/\/glassbottlewholesale.com\/fr\/wp-json\/wp\/v2\/product"}],"about":[{"href":"https:\/\/glassbottlewholesale.com\/fr\/wp-json\/wp\/v2\/types\/product"}],"replies":[{"embeddable":true,"href":"https:\/\/glassbottlewholesale.com\/fr\/wp-json\/wp\/v2\/comments?post=458"}],"wp:featuredmedia":[{"embeddable":true,"href":"https:\/\/glassbottlewholesale.com\/fr\/wp-json\/wp\/v2\/media\/4484"}],"wp:attachment":[{"href":"https:\/\/glassbottlewholesale.com\/fr\/wp-json\/wp\/v2\/media?parent=458"}],"wp:term":[{"taxonomy":"product_brand","embeddable":true,"href":"https:\/\/glassbottlewholesale.com\/fr\/wp-json\/wp\/v2\/product_brand?post=458"},{"taxonomy":"product_cat","embeddable":true,"href":"https:\/\/glassbottlewholesale.com\/fr\/wp-json\/wp\/v2\/product_cat?post=458"},{"taxonomy":"product_tag","embeddable":true,"href":"https:\/\/glassbottlewholesale.com\/fr\/wp-json\/wp\/v2\/product_tag?post=458"}],"curies":[{"name":"wp","href":"https:\/\/api.w.org\/{rel}","templated":true}]}}