{"id":4587,"date":"2024-03-12T08:51:00","date_gmt":"2024-03-12T08:51:00","guid":{"rendered":"https:\/\/glassbottlewholesale.com\/?post_type=product&#038;p=4587"},"modified":"2025-06-23T06:38:54","modified_gmt":"2025-06-23T06:38:54","slug":"rs158-china-custom-made-whiskey-bottle-supplier","status":"publish","type":"product","link":"https:\/\/glassbottlewholesale.com\/fr\/rs158-china-custom-made-whiskey-bottle-supplier\/","title":{"rendered":"RS158 Chine Fournisseur de bouteilles de whisky sur mesure"},"content":{"rendered":"<div class=\"wpb-content-wrapper\"><h2 data-spm-anchor-id=\"a2700.details.0.i82.67a53c122iOfKz\">D\u00e9tails du service de bouteilles de whisky sur mesure de Ruisheng<\/h2>\n<p>Si vous souhaitez commencer votre commande de bouteilles de whisky personnalis\u00e9es, la premi\u00e8re chose \u00e0 faire est de faire part de vos besoins \u00e0 notre \u00e9quipe de vente, y compris la forme, la taille et la capacit\u00e9 de la bouteille souhait\u00e9e, ainsi que tout \u00e9l\u00e9ment de design sp\u00e9cifique.<\/p>\n<p>Notre \u00e9quipe de conception vous enverra ensuite les mod\u00e8les de bouteilles en verre de notre soci\u00e9t\u00e9. Bien entendu, si vous avez votre propre mod\u00e8le de bouteille, nous collaborerons avec vous pour revoir et affiner les concepts initiaux. Nous collaborerons avec vous pour examiner et affiner les concepts initiaux.<\/p>\n<p>Une fois le design finalis\u00e9, nous cr\u00e9ons un prototype physique de la bouteille personnalis\u00e9e. Apr\u00e8s cette \u00e9tape, nous proc\u00e9derons \u00e0 la production des bouteilles de whisky personnalis\u00e9es.<\/p>\n<h4 data-spm-anchor-id=\"a2700.details.0.i82.67a53c122iOfKz\">Caract\u00e9ristiques<\/h4>\n<div class=\"attribute-list\">\n<div class=\"attribute-item\">\n<ul>\n<li class=\"left\">Manipulation des surfaces\u00a0: <span style=\"color: var(--wpex-text-2)\">Gravure int\u00e9rieure<\/span><\/li>\n<li class=\"left\">Usage industriel: <span style=\"color: var(--wpex-text-2)\">Boisson<\/span><\/li>\n<li class=\"left\">Type de cachetage\u00a0: <span style=\"color: var(--wpex-text-2)\">BOUCHON \u00c0 VIS\/Li\u00e8ge<\/span><\/li>\n<li class=\"left\">Lieu d&#039;origine\u00a0: <span style=\"color: var(--wpex-text-2)\">Shandong, Chine<\/span><\/li>\n<li class=\"left\">Mat\u00e9riau de base\u00a0:\u00a0S<span style=\"color: var(--wpex-text-2)\">verre sup\u00e9rieur<\/span><\/li>\n<li class=\"left\">Mat\u00e9riau du corps\u00a0: <span style=\"color: var(--wpex-text-2)\">Verre super silex<\/span><\/li>\n<li class=\"left\">Num\u00e9ro de mod\u00e8le: <span style=\"color: var(--wpex-text-2)\">RS-160<\/span><\/li>\n<li class=\"left\">Marque: <span style=\"color: var(--wpex-text-2)\">RUISHENG<\/span><\/li>\n<li class=\"left\">Usage: <span style=\"color: var(--wpex-text-2)\">Alcool\/liqueur\/spiritueux\/vodka\/whisky\/brandy\/rhum\/gin<\/span><\/li>\n<li class=\"left\">Emballage: <span style=\"color: var(--wpex-text-2)\">Emballage personnalis\u00e9 acceptable<\/span><\/li>\n<li class=\"left\">Capacit\u00e9: <span style=\"color: var(--wpex-text-2)\">200 ml\/300 ml\/500 ml\/700\/750 ml\/1000 ml<\/span><\/li>\n<li class=\"left\">Forme: <span style=\"color: var(--wpex-text-2)\">Forme personnalis\u00e9e<\/span><\/li>\n<li class=\"left\">Logo: <span style=\"color: var(--wpex-text-2)\">Logo du client acceptable<\/span><\/li>\n<li class=\"left\">Service: <span style=\"color: var(--wpex-text-2)\">OEM\/ODM<\/span><\/li>\n<li class=\"left\">\u00c9chantillon: <span style=\"color: var(--wpex-text-2)\">Fourni gratuitement<\/span><\/li>\n<li class=\"left\">Impression de logos\u00a0: <span style=\"color: var(--wpex-text-2)\">Accepter l&#039;impression du logo du client<\/span><\/li>\n<li class=\"left\">D\u00e9lai de livraison: <span style=\"color: var(--wpex-text-2)\">30-45 jours<\/span><\/li>\n<li class=\"left\">Emballage: <span style=\"font-family: var(--wpex-heading-font-family);font-style: var(--wpex-heading-font-style);letter-spacing: var(--wpex-heading-letter-spacing);text-transform: var(--wpex-heading-text-transform);color: var(--wpex-text-2)\" data-spm-anchor-id=\"a2700.details.0.i77.67a53c122iOfKz\">Carton Standard d&#039;exportation\/<\/span><span style=\"color: var(--wpex-text-2)\">Palette\/<\/span><span style=\"color: var(--wpex-text-2)\">Emballage personnalis\u00e9<\/span><\/li>\n<li class=\"left\">Port: <span style=\"color: var(--wpex-text-2)\">Qingdao<\/span><\/li>\n<\/ul>\n<\/div>\n<\/div>\n<div class=\"attribute-list\">\n<div class=\"attribute-item\">\n<div class=\"right\">\n<div class=\"vc_row wpb_row vc_row-fluid\"><div class=\"wpb_column vc_column_container vc_col-sm-6\"><div class=\"vc_column-inner\"><div class=\"wpb_wrapper\">\n\t<div  class=\"wpb_single_image wpb_content_element vc_align_ wpb_content_element\">\n\t\t\n\t\t<figure class=\"wpb_wrapper vc_figure\">\n\t\t\t<div class=\"vc_single_image-wrapper   vc_box_border_grey\"><img width=\"741\" height=\"417\" src=\"https:\/\/glassbottlewholesale.com\/wp-content\/uploads\/2021\/07\/ruisheng-glass-bottle-1.jpeg\" class=\"vc_single_image-img attachment-full\" alt=\"bouteille en verre ruisheng\" title=\"bouteille en verre ruisheng (1)\" srcset=\"https:\/\/glassbottlewholesale.com\/wp-content\/uploads\/2021\/07\/ruisheng-glass-bottle-1.jpeg 741w, https:\/\/glassbottlewholesale.com\/wp-content\/uploads\/2021\/07\/ruisheng-glass-bottle-1-300x169.jpeg 300w, https:\/\/glassbottlewholesale.com\/wp-content\/uploads\/2021\/07\/ruisheng-glass-bottle-1-600x338.jpeg 600w\" sizes=\"(max-width: 741px) 100vw, 741px\" \/><\/div>\n\t\t<\/figure>\n\t<\/div>\n<\/div><\/div><\/div><div class=\"wpb_column vc_column_container vc_col-sm-6\"><div class=\"vc_column-inner\"><div class=\"wpb_wrapper\"><h2 class=\"vcex-heading vcex-heading-plain vcex-module wpex-heading wpex-text-2xl\"><span class=\"vcex-heading-inner wpex-inline-block\">Usine de verre Ruisheng \u00e0 Shandong, Chine<\/span><\/h2><div class=\"vc_separator wpb_content_element vc_separator_align_center vc_sep_width_30 vc_sep_border_width_2 vc_sep_pos_align_left vc_separator_no_text vc_custom_1626068292507 wpb_content_element  vc_custom_1626068292507 wpb_content_element\" ><span class=\"vc_sep_holder vc_sep_holder_l\"><span style=\"border-color:#c6b20a;\" class=\"vc_sep_line\"><\/span><\/span><span class=\"vc_sep_holder vc_sep_holder_r\"><span style=\"border-color:#c6b20a;\" class=\"vc_sep_line\"><\/span><\/span>\n<\/div><div class=\"vcex-spacing wpex-w-100 wpex-clear\" style=\"height:20px;\"><\/div>\n\t<div class=\"wpb_text_column wpb_content_element\" >\n\t\t<div class=\"wpb_wrapper\">\n\t\t\t<p>Depuis 2009, notre usine de production de bouteilles en verre moderne et notre centre de R&amp;D bien \u00e9quip\u00e9 op\u00e8rent sur une superficie de 5 000 000 de pieds carr\u00e9s. L&#039;usine se concentre sur la production de bouteilles en verre de haute qualit\u00e9 pour les liqueurs, spiritueux, whisky, vodka, brandy et autres boissons alcoolis\u00e9es.<\/p>\n\n\t\t<\/div>\n\t<\/div>\n<\/div><\/div><\/div><\/div><div class=\"vc_row wpb_row vc_row-fluid\"><div class=\"wpb_column vc_column_container vc_col-sm-12\"><div class=\"vc_column-inner\"><div class=\"wpb_wrapper\">\n\t<div class=\"wpb_text_column wpb_content_element\" >\n\t\t<div class=\"wpb_wrapper\">\n\t\t\t<h3>Pleine capacit\u00e9 dans notre usine de fabrication de bouteilles en verre d\u2019alcool\u00a0:<\/h3>\n\n\t\t<\/div>\n\t<\/div>\n<div class=\"vcex-spacing wpex-w-100 wpex-clear\" style=\"height:20px;\"><\/div><div class=\"vc_row wpb_row vc_inner vc_row-fluid\"><div class=\"wpb_column vc_column_container vc_col-sm-3\"><div class=\"vc_column-inner\"><div class=\"wpb_wrapper\"><style>.vcex-heading.vcex_69f4cb41488e5{color:#c6b20a;font-size:50px;font-weight:900;text-transform:capitalize;}<\/style><h2 class=\"vcex-heading vcex-heading-plain vcex-module wpex-heading wpex-text-2xl wpex-text-center vcex_69f4cb41488e5\"><span class=\"vcex-heading-inner wpex-inline-block\">12<\/span><\/h2>\n\t<div class=\"wpb_text_column wpb_content_element\" >\n\t\t<div class=\"wpb_wrapper\">\n\t\t\t<p style=\"text-align: center\"><strong>-Ligne de production-<\/strong><\/p>\n\n\t\t<\/div>\n\t<\/div>\n\n\t<div class=\"wpb_text_column wpb_content_element\" >\n\t\t<div class=\"wpb_wrapper\">\n\t\t\t<p>Ligne de production semi-automatique de bouteilles en verre \u00e0 haut rendement. Elle peut produire simultan\u00e9ment des bouteilles en verre avec diff\u00e9rents processus de traitement.<\/p>\n\n\t\t<\/div>\n\t<\/div>\n<\/div><\/div><\/div><div class=\"wpb_column vc_column_container vc_col-sm-3\"><div class=\"vc_column-inner\"><div class=\"wpb_wrapper\"><style>.vcex-heading.vcex_69f4cb414947a{color:#c6b20a;font-size:50px;font-weight:900;text-transform:capitalize;}<\/style><h2 class=\"vcex-heading vcex-heading-plain vcex-module wpex-heading wpex-text-2xl wpex-text-center vcex_69f4cb414947a\"><span class=\"vcex-heading-inner wpex-inline-block\">500+<\/span><\/h2>\n\t<div class=\"wpb_text_column wpb_content_element\" >\n\t\t<div class=\"wpb_wrapper\">\n\t\t\t<p style=\"text-align: center\"><strong>-Trucs de travail-<\/strong><\/p>\n\n\t\t<\/div>\n\t<\/div>\n\n\t<div class=\"wpb_text_column wpb_content_element\" >\n\t\t<div class=\"wpb_wrapper\">\n\t\t\t<p style=\"text-align: center\">Notre entreprise compte plus de 500 employ\u00e9s, dont 15 designers industriels, 35 inspecteurs de la qualit\u00e9 des produits et autres ouvriers de production, personnel de vente et de marketing, etc.<\/p>\n\n\t\t<\/div>\n\t<\/div>\n<\/div><\/div><\/div><div class=\"wpb_column vc_column_container vc_col-sm-3\"><div class=\"vc_column-inner\"><div class=\"wpb_wrapper\"><style>.vcex-heading.vcex_69f4cb414a08b{color:#c6b20a;font-size:50px;font-weight:900;text-transform:capitalize;}<\/style><h2 class=\"vcex-heading vcex-heading-plain vcex-module wpex-heading wpex-text-2xl wpex-text-center vcex_69f4cb414a08b\"><span class=\"vcex-heading-inner wpex-inline-block\">8000+<\/span><\/h2>\n\t<div class=\"wpb_text_column wpb_content_element\" >\n\t\t<div class=\"wpb_wrapper\">\n\t\t\t<p style=\"text-align: center\"><strong>-Moule de conception-<\/strong><\/p>\n\n\t\t<\/div>\n\t<\/div>\n\n\t<div class=\"wpb_text_column wpb_content_element\" >\n\t\t<div class=\"wpb_wrapper\">\n\t\t\t<p style=\"text-align: center\">Le principal avantage de stocker une grande quantit\u00e9 de moules en interne est la flexibilit\u00e9. Une seule usine peut difficilement r\u00e9pondre \u00e0 toutes vos exigences.<\/p>\n\n\t\t<\/div>\n\t<\/div>\n<\/div><\/div><\/div><div class=\"wpb_column vc_column_container vc_col-sm-3\"><div class=\"vc_column-inner\"><div class=\"wpb_wrapper\"><style>.vcex-heading.vcex_69f4cb414acc8{color:#c6b20a;font-size:50px;font-weight:900;text-transform:capitalize;}<\/style><h2 class=\"vcex-heading vcex-heading-plain vcex-module wpex-heading wpex-text-2xl wpex-text-center vcex_69f4cb414acc8\"><span class=\"vcex-heading-inner wpex-inline-block\">120,000+<\/span><\/h2>\n\t<div class=\"wpb_text_column wpb_content_element\" >\n\t\t<div class=\"wpb_wrapper\">\n\t\t\t<p style=\"text-align: center\"><strong>-Sortie quotidienne-<\/strong><\/p>\n\n\t\t<\/div>\n\t<\/div>\n\n\t<div class=\"wpb_text_column wpb_content_element\" >\n\t\t<div class=\"wpb_wrapper\">\n\t\t\t<p style=\"text-align: center\">R\u00e9agissez rapidement au march\u00e9. Notre production en vrac permet aux entreprises de passer d\u2019une phase de production \u00e0 l\u2019autre rapidement et facilement.<\/p>\n\n\t\t<\/div>\n\t<\/div>\n<\/div><\/div><\/div><\/div><\/div><\/div><\/div><\/div><div class=\"vc_row wpb_row vc_row-fluid\"><div class=\"wpb_column vc_column_container vc_col-sm-12\"><div class=\"vc_column-inner\"><div class=\"wpb_wrapper\"><h2 class=\"vcex-heading vcex-heading-plain vcex-module wpex-heading wpex-text-2xl\"><span class=\"vcex-heading-inner wpex-inline-block\">Comment commander le verre Ruisheng<\/span><\/h2><div class=\"vcex-spacing wpex-w-100 wpex-clear\" style=\"height:20px;\"><\/div>\n\t<div  class=\"wpb_single_image wpb_content_element vc_align_center wpb_content_element\">\n\t\t\n\t\t<figure class=\"wpb_wrapper vc_figure\">\n\t\t\t<div class=\"vc_single_image-wrapper   vc_box_border_grey\"><img width=\"564\" height=\"795\" src=\"https:\/\/glassbottlewholesale.com\/wp-content\/uploads\/2021\/07\/WX20210712-153708.png\" class=\"vc_single_image-img attachment-full\" alt=\"Comment commander une bouteille en verre chez Ruisheng\" title=\"Comment commander une bouteille en verre chez Ruisheng\" srcset=\"https:\/\/glassbottlewholesale.com\/wp-content\/uploads\/2021\/07\/WX20210712-153708.png 564w, https:\/\/glassbottlewholesale.com\/wp-content\/uploads\/2021\/07\/WX20210712-153708-213x300.png 213w\" sizes=\"(max-width: 564px) 100vw, 564px\" \/><\/div>\n\t\t<\/figure>\n\t<\/div>\n<\/div><\/div><\/div><\/div>\n<\/div>\n<\/div>\n<\/div>\n<\/div>","protected":false},"excerpt":{"rendered":"<p>Shandong Yuncheng Ruisheng Glass Co., Ltd, a top Custom Made Whiskey Bottle Supplier in China, specialized in high-flint glass liquor bottle manufacturing for over 16 years. We offer various customization options available for bottle shapes, sizes, and designs.<\/p>\n<p>If you have any needs for custom made whiskey bottle, please <a href=\"https:\/\/ruishengglassco.com\/contact\" target=\"_blank\" rel=\"noopener\">laisser un message<\/a> sur notre site web, et notre \u00e9quipe de vente professionnelle discutera avec vous des d\u00e9tails.<\/p>","protected":false},"featured_media":4579,"comment_status":"open","ping_status":"closed","template":"","meta":[],"product_brand":[],"product_cat":[68],"product_tag":[],"class_list":{"0":"post-4587","1":"product","2":"type-product","3":"status-publish","4":"has-post-thumbnail","6":"product_cat-whiskey-bottle","7":"entry","8":"has-media","10":"first","11":"instock","12":"shipping-taxable","13":"product-type-simple"},"yoast_head":"<!-- This site is optimized with the Yoast SEO plugin v27.3 - https:\/\/yoast.com\/product\/yoast-seo-wordpress\/ -->\n<title>Ruisheng: China Custom Made Whiskey Bottle Supplier<\/title>\n<meta name=\"description\" content=\"Want to find reliable China Custom Made Whiskey Bottle Supplier? Click here! Best Glass Bottle Manufacturer With 16 Years Experience.\" \/>\n<meta name=\"robots\" content=\"index, follow, max-snippet:-1, max-image-preview:large, max-video-preview:-1\" \/>\n<link rel=\"canonical\" href=\"https:\/\/ruishengglassco.com\/product\/rs158-china-custom-made-whiskey-bottle-supplier\" \/>\n<meta property=\"og:locale\" content=\"fr_FR\" \/>\n<meta property=\"og:type\" content=\"article\" \/>\n<meta property=\"og:title\" content=\"Ruisheng: China Custom Made Whiskey Bottle Supplier\" \/>\n<meta property=\"og:description\" content=\"Want to find reliable China Custom Made Whiskey Bottle Supplier? Click here! Best Glass Bottle Manufacturer With 16 Years Experience.\" \/>\n<meta property=\"og:url\" content=\"https:\/\/ruishengglassco.com\/product\/rs158-china-custom-made-whiskey-bottle-supplier\" \/>\n<meta property=\"og:site_name\" content=\"Glass Bottle Wholesale\" \/>\n<meta property=\"article:modified_time\" content=\"2025-06-23T06:38:54+00:00\" \/>\n<meta property=\"og:image\" content=\"https:\/\/glassbottlewholesale.com\/wp-content\/uploads\/2024\/03\/wholesale-whiskey-bottle-manufacturer11.png\" \/>\n\t<meta property=\"og:image:width\" content=\"800\" \/>\n\t<meta property=\"og:image:height\" content=\"800\" \/>\n\t<meta property=\"og:image:type\" content=\"image\/png\" \/>\n<meta name=\"twitter:card\" content=\"summary_large_image\" \/>\n<meta name=\"twitter:label1\" content=\"Dur\u00e9e de lecture estim\u00e9e\" \/>\n\t<meta name=\"twitter:data1\" content=\"2 minutes\" \/>\n<script type=\"application\/ld+json\" class=\"yoast-schema-graph\">{\"@context\":\"https:\\\/\\\/schema.org\",\"@graph\":[{\"@type\":\"WebPage\",\"@id\":\"https:\\\/\\\/glassbottlewholesale.com\\\/rs158-china-custom-made-whiskey-bottle-supplier\\\/\",\"url\":\"https:\\\/\\\/ruishengglassco.com\\\/product\\\/rs158-china-custom-made-whiskey-bottle-supplier\",\"name\":\"Ruisheng: China Custom Made Whiskey Bottle Supplier\",\"isPartOf\":{\"@id\":\"https:\\\/\\\/glassbottlewholesale.com\\\/#website\"},\"primaryImageOfPage\":{\"@id\":\"https:\\\/\\\/ruishengglassco.com\\\/product\\\/rs158-china-custom-made-whiskey-bottle-supplier#primaryimage\"},\"image\":{\"@id\":\"https:\\\/\\\/ruishengglassco.com\\\/product\\\/rs158-china-custom-made-whiskey-bottle-supplier#primaryimage\"},\"thumbnailUrl\":\"https:\\\/\\\/glassbottlewholesale.com\\\/wp-content\\\/uploads\\\/2024\\\/03\\\/wholesale-whiskey-bottle-manufacturer11.png\",\"datePublished\":\"2024-03-12T08:51:00+00:00\",\"dateModified\":\"2025-06-23T06:38:54+00:00\",\"description\":\"Want to find reliable China Custom Made Whiskey Bottle Supplier? Click here! Best Glass Bottle Manufacturer With 16 Years Experience.\",\"breadcrumb\":{\"@id\":\"https:\\\/\\\/ruishengglassco.com\\\/product\\\/rs158-china-custom-made-whiskey-bottle-supplier#breadcrumb\"},\"inLanguage\":\"fr-FR\",\"potentialAction\":[{\"@type\":\"ReadAction\",\"target\":[\"https:\\\/\\\/ruishengglassco.com\\\/product\\\/rs158-china-custom-made-whiskey-bottle-supplier\"]}]},{\"@type\":\"ImageObject\",\"inLanguage\":\"fr-FR\",\"@id\":\"https:\\\/\\\/ruishengglassco.com\\\/product\\\/rs158-china-custom-made-whiskey-bottle-supplier#primaryimage\",\"url\":\"https:\\\/\\\/glassbottlewholesale.com\\\/wp-content\\\/uploads\\\/2024\\\/03\\\/wholesale-whiskey-bottle-manufacturer11.png\",\"contentUrl\":\"https:\\\/\\\/glassbottlewholesale.com\\\/wp-content\\\/uploads\\\/2024\\\/03\\\/wholesale-whiskey-bottle-manufacturer11.png\",\"width\":800,\"height\":800,\"caption\":\"custom made whiskey bottle\"},{\"@type\":\"BreadcrumbList\",\"@id\":\"https:\\\/\\\/ruishengglassco.com\\\/product\\\/rs158-china-custom-made-whiskey-bottle-supplier#breadcrumb\",\"itemListElement\":[{\"@type\":\"ListItem\",\"position\":1,\"name\":\"Home\",\"item\":\"https:\\\/\\\/glassbottlewholesale.com\\\/\"},{\"@type\":\"ListItem\",\"position\":2,\"name\":\"Products\",\"item\":\"https:\\\/\\\/glassbottlewholesale.com\\\/shop\\\/\"},{\"@type\":\"ListItem\",\"position\":3,\"name\":\"RS158 China Custom Made Whiskey Bottle Supplier\"}]},{\"@type\":\"WebSite\",\"@id\":\"https:\\\/\\\/glassbottlewholesale.com\\\/#website\",\"url\":\"https:\\\/\\\/glassbottlewholesale.com\\\/\",\"name\":\"Glass Bottle Wholesale\",\"description\":\"\",\"publisher\":{\"@id\":\"https:\\\/\\\/glassbottlewholesale.com\\\/#organization\"},\"potentialAction\":[{\"@type\":\"SearchAction\",\"target\":{\"@type\":\"EntryPoint\",\"urlTemplate\":\"https:\\\/\\\/glassbottlewholesale.com\\\/?s={search_term_string}\"},\"query-input\":{\"@type\":\"PropertyValueSpecification\",\"valueRequired\":true,\"valueName\":\"search_term_string\"}}],\"inLanguage\":\"fr-FR\"},{\"@type\":\"Organization\",\"@id\":\"https:\\\/\\\/glassbottlewholesale.com\\\/#organization\",\"name\":\"Glass Bottle Wholesale\",\"url\":\"https:\\\/\\\/glassbottlewholesale.com\\\/\",\"logo\":{\"@type\":\"ImageObject\",\"inLanguage\":\"fr-FR\",\"@id\":\"https:\\\/\\\/glassbottlewholesale.com\\\/#\\\/schema\\\/logo\\\/image\\\/\",\"url\":\"https:\\\/\\\/glassbottlewholesale.com\\\/wp-content\\\/uploads\\\/2023\\\/12\\\/ruisheng-logo.webp\",\"contentUrl\":\"https:\\\/\\\/glassbottlewholesale.com\\\/wp-content\\\/uploads\\\/2023\\\/12\\\/ruisheng-logo.webp\",\"width\":400,\"height\":233,\"caption\":\"Glass Bottle Wholesale\"},\"image\":{\"@id\":\"https:\\\/\\\/glassbottlewholesale.com\\\/#\\\/schema\\\/logo\\\/image\\\/\"}}]}<\/script>\n<!-- \/ Yoast SEO plugin. -->","yoast_head_json":{"title":"Ruisheng: China Custom Made Whiskey Bottle Supplier","description":"Want to find reliable China Custom Made Whiskey Bottle Supplier? Click here! Best Glass Bottle Manufacturer With 16 Years Experience.","robots":{"index":"index","follow":"follow","max-snippet":"max-snippet:-1","max-image-preview":"max-image-preview:large","max-video-preview":"max-video-preview:-1"},"canonical":"https:\/\/ruishengglassco.com\/product\/rs158-china-custom-made-whiskey-bottle-supplier","og_locale":"fr_FR","og_type":"article","og_title":"Ruisheng: China Custom Made Whiskey Bottle Supplier","og_description":"Want to find reliable China Custom Made Whiskey Bottle Supplier? Click here! Best Glass Bottle Manufacturer With 16 Years Experience.","og_url":"https:\/\/ruishengglassco.com\/product\/rs158-china-custom-made-whiskey-bottle-supplier","og_site_name":"Glass Bottle Wholesale","article_modified_time":"2025-06-23T06:38:54+00:00","og_image":[{"width":800,"height":800,"url":"https:\/\/glassbottlewholesale.com\/wp-content\/uploads\/2024\/03\/wholesale-whiskey-bottle-manufacturer11.png","type":"image\/png"}],"twitter_card":"summary_large_image","twitter_misc":{"Dur\u00e9e de lecture estim\u00e9e":"2 minutes"},"schema":{"@context":"https:\/\/schema.org","@graph":[{"@type":"WebPage","@id":"https:\/\/glassbottlewholesale.com\/rs158-china-custom-made-whiskey-bottle-supplier\/","url":"https:\/\/ruishengglassco.com\/product\/rs158-china-custom-made-whiskey-bottle-supplier","name":"Ruisheng: China Custom Made Whiskey Bottle Supplier","isPartOf":{"@id":"https:\/\/glassbottlewholesale.com\/#website"},"primaryImageOfPage":{"@id":"https:\/\/ruishengglassco.com\/product\/rs158-china-custom-made-whiskey-bottle-supplier#primaryimage"},"image":{"@id":"https:\/\/ruishengglassco.com\/product\/rs158-china-custom-made-whiskey-bottle-supplier#primaryimage"},"thumbnailUrl":"https:\/\/glassbottlewholesale.com\/wp-content\/uploads\/2024\/03\/wholesale-whiskey-bottle-manufacturer11.png","datePublished":"2024-03-12T08:51:00+00:00","dateModified":"2025-06-23T06:38:54+00:00","description":"Want to find reliable China Custom Made Whiskey Bottle Supplier? Click here! Best Glass Bottle Manufacturer With 16 Years Experience.","breadcrumb":{"@id":"https:\/\/ruishengglassco.com\/product\/rs158-china-custom-made-whiskey-bottle-supplier#breadcrumb"},"inLanguage":"fr-FR","potentialAction":[{"@type":"ReadAction","target":["https:\/\/ruishengglassco.com\/product\/rs158-china-custom-made-whiskey-bottle-supplier"]}]},{"@type":"ImageObject","inLanguage":"fr-FR","@id":"https:\/\/ruishengglassco.com\/product\/rs158-china-custom-made-whiskey-bottle-supplier#primaryimage","url":"https:\/\/glassbottlewholesale.com\/wp-content\/uploads\/2024\/03\/wholesale-whiskey-bottle-manufacturer11.png","contentUrl":"https:\/\/glassbottlewholesale.com\/wp-content\/uploads\/2024\/03\/wholesale-whiskey-bottle-manufacturer11.png","width":800,"height":800,"caption":"custom made whiskey bottle"},{"@type":"BreadcrumbList","@id":"https:\/\/ruishengglassco.com\/product\/rs158-china-custom-made-whiskey-bottle-supplier#breadcrumb","itemListElement":[{"@type":"ListItem","position":1,"name":"Home","item":"https:\/\/glassbottlewholesale.com\/"},{"@type":"ListItem","position":2,"name":"Products","item":"https:\/\/glassbottlewholesale.com\/shop\/"},{"@type":"ListItem","position":3,"name":"RS158 China Custom Made Whiskey Bottle Supplier"}]},{"@type":"WebSite","@id":"https:\/\/glassbottlewholesale.com\/#website","url":"https:\/\/glassbottlewholesale.com\/","name":"Glass Bottle Wholesale","description":"","publisher":{"@id":"https:\/\/glassbottlewholesale.com\/#organization"},"potentialAction":[{"@type":"SearchAction","target":{"@type":"EntryPoint","urlTemplate":"https:\/\/glassbottlewholesale.com\/?s={search_term_string}"},"query-input":{"@type":"PropertyValueSpecification","valueRequired":true,"valueName":"search_term_string"}}],"inLanguage":"fr-FR"},{"@type":"Organization","@id":"https:\/\/glassbottlewholesale.com\/#organization","name":"Glass Bottle Wholesale","url":"https:\/\/glassbottlewholesale.com\/","logo":{"@type":"ImageObject","inLanguage":"fr-FR","@id":"https:\/\/glassbottlewholesale.com\/#\/schema\/logo\/image\/","url":"https:\/\/glassbottlewholesale.com\/wp-content\/uploads\/2023\/12\/ruisheng-logo.webp","contentUrl":"https:\/\/glassbottlewholesale.com\/wp-content\/uploads\/2023\/12\/ruisheng-logo.webp","width":400,"height":233,"caption":"Glass Bottle Wholesale"},"image":{"@id":"https:\/\/glassbottlewholesale.com\/#\/schema\/logo\/image\/"}}]}},"_links":{"self":[{"href":"https:\/\/glassbottlewholesale.com\/fr\/wp-json\/wp\/v2\/product\/4587","targetHints":{"allow":["GET"]}}],"collection":[{"href":"https:\/\/glassbottlewholesale.com\/fr\/wp-json\/wp\/v2\/product"}],"about":[{"href":"https:\/\/glassbottlewholesale.com\/fr\/wp-json\/wp\/v2\/types\/product"}],"replies":[{"embeddable":true,"href":"https:\/\/glassbottlewholesale.com\/fr\/wp-json\/wp\/v2\/comments?post=4587"}],"wp:featuredmedia":[{"embeddable":true,"href":"https:\/\/glassbottlewholesale.com\/fr\/wp-json\/wp\/v2\/media\/4579"}],"wp:attachment":[{"href":"https:\/\/glassbottlewholesale.com\/fr\/wp-json\/wp\/v2\/media?parent=4587"}],"wp:term":[{"taxonomy":"product_brand","embeddable":true,"href":"https:\/\/glassbottlewholesale.com\/fr\/wp-json\/wp\/v2\/product_brand?post=4587"},{"taxonomy":"product_cat","embeddable":true,"href":"https:\/\/glassbottlewholesale.com\/fr\/wp-json\/wp\/v2\/product_cat?post=4587"},{"taxonomy":"product_tag","embeddable":true,"href":"https:\/\/glassbottlewholesale.com\/fr\/wp-json\/wp\/v2\/product_tag?post=4587"}],"curies":[{"name":"wp","href":"https:\/\/api.w.org\/{rel}","templated":true}]}}