{"id":4588,"date":"2024-03-12T09:04:43","date_gmt":"2024-03-12T09:04:43","guid":{"rendered":"https:\/\/glassbottlewholesale.com\/?post_type=product&#038;p=4588"},"modified":"2025-06-12T01:28:01","modified_gmt":"2025-06-12T01:28:01","slug":"rs159-china-whiskey-bottle-750-ml-factory","status":"publish","type":"product","link":"https:\/\/glassbottlewholesale.com\/fr\/rs159-china-whiskey-bottle-750-ml-factory\/","title":{"rendered":"RS159 Chine Bouteille de whisky 750 ml Usine"},"content":{"rendered":"<div class=\"wpb-content-wrapper\"><h4 data-spm-anchor-id=\"a2700.details.0.i82.67a53c122iOfKz\">Caract\u00e9ristiques<\/h4>\n<div class=\"attribute-list\">\n<div class=\"attribute-item\">\n<ul>\n<li class=\"left\">Manipulation des surfaces\u00a0: <span style=\"color: var(--wpex-text-2);\">Gravure int\u00e9rieure<\/span><\/li>\n<li class=\"left\">Usage industriel: <span style=\"color: var(--wpex-text-2);\">Boisson<\/span><\/li>\n<li class=\"left\">Type de cachetage\u00a0: <span style=\"color: var(--wpex-text-2);\">BOUCHON \u00c0 VIS\/Li\u00e8ge<\/span><\/li>\n<li class=\"left\">Lieu d&#039;origine\u00a0: <span style=\"color: var(--wpex-text-2);\">Shandong, Chine<\/span><\/li>\n<li class=\"left\">Mat\u00e9riau de base\u00a0:\u00a0S<span style=\"color: var(--wpex-text-2);\">verre sup\u00e9rieur<\/span><\/li>\n<li class=\"left\">Mat\u00e9riau du corps\u00a0: <span style=\"color: var(--wpex-text-2);\">Verre super silex<\/span><\/li>\n<li class=\"left\">Num\u00e9ro de mod\u00e8le: <span style=\"color: var(--wpex-text-2);\">RS-160<\/span><\/li>\n<li class=\"left\">Marque: <span style=\"color: var(--wpex-text-2);\">RUISHENG<\/span><\/li>\n<li class=\"left\">Usage: <span style=\"color: var(--wpex-text-2);\">Alcool\/liqueur\/spiritueux\/vodka\/whisky\/brandy\/rhum\/gin<\/span><\/li>\n<li class=\"left\">Emballage: <span style=\"color: var(--wpex-text-2);\">Emballage personnalis\u00e9 acceptable<\/span><\/li>\n<li class=\"left\">Capacit\u00e9: <span style=\"color: var(--wpex-text-2);\">200 ml\/300 ml\/500 ml\/700\/750 ml\/1000 ml<\/span><\/li>\n<li class=\"left\">Forme: <span style=\"color: var(--wpex-text-2);\">Forme personnalis\u00e9e<\/span><\/li>\n<li class=\"left\">Logo: <span style=\"color: var(--wpex-text-2);\">Logo du client acceptable<\/span><\/li>\n<li class=\"left\">Service: <span style=\"color: var(--wpex-text-2);\">OEM\/ODM<\/span><\/li>\n<li class=\"left\">\u00c9chantillon: <span style=\"color: var(--wpex-text-2);\">Fourni gratuitement<\/span><\/li>\n<li class=\"left\">Impression de logos\u00a0: <span style=\"color: var(--wpex-text-2);\">Accepter l&#039;impression du logo du client<\/span><\/li>\n<li class=\"left\">D\u00e9lai de livraison: <span style=\"color: var(--wpex-text-2);\">30-45 jours<\/span><\/li>\n<li class=\"left\">Emballage: <span style=\"font-family: var(--wpex-heading-font-family); font-style: var(--wpex-heading-font-style); letter-spacing: var(--wpex-heading-letter-spacing); text-transform: var(--wpex-heading-text-transform); color: var(--wpex-text-2);\" data-spm-anchor-id=\"a2700.details.0.i77.67a53c122iOfKz\">Carton Standard d&#039;exportation\/<\/span><span style=\"color: var(--wpex-text-2);\">Palette\/<\/span><span style=\"color: var(--wpex-text-2);\">Emballage personnalis\u00e9<\/span><\/li>\n<li class=\"left\">Port: <span style=\"color: var(--wpex-text-2);\">Qingdao<\/span><\/li>\n<\/ul>\n<\/div>\n<\/div>\n<div class=\"attribute-list\">\n<div class=\"attribute-item\">\n<div class=\"right\">\n<div class=\"vc_row wpb_row vc_row-fluid\"><div class=\"wpb_column vc_column_container vc_col-sm-6\"><div class=\"vc_column-inner\"><div class=\"wpb_wrapper\">\n\t<div  class=\"wpb_single_image wpb_content_element vc_align_ wpb_content_element\">\n\t\t\n\t\t<figure class=\"wpb_wrapper vc_figure\">\n\t\t\t<div class=\"vc_single_image-wrapper   vc_box_border_grey\"><img width=\"741\" height=\"417\" src=\"https:\/\/glassbottlewholesale.com\/wp-content\/uploads\/2021\/07\/ruisheng-glass-bottle-1.jpeg\" class=\"vc_single_image-img attachment-full\" alt=\"bouteille en verre ruisheng\" title=\"bouteille en verre ruisheng (1)\" srcset=\"https:\/\/glassbottlewholesale.com\/wp-content\/uploads\/2021\/07\/ruisheng-glass-bottle-1.jpeg 741w, https:\/\/glassbottlewholesale.com\/wp-content\/uploads\/2021\/07\/ruisheng-glass-bottle-1-300x169.jpeg 300w, https:\/\/glassbottlewholesale.com\/wp-content\/uploads\/2021\/07\/ruisheng-glass-bottle-1-600x338.jpeg 600w\" sizes=\"(max-width: 741px) 100vw, 741px\" \/><\/div>\n\t\t<\/figure>\n\t<\/div>\n<\/div><\/div><\/div><div class=\"wpb_column vc_column_container vc_col-sm-6\"><div class=\"vc_column-inner\"><div class=\"wpb_wrapper\"><h2 class=\"vcex-heading vcex-heading-plain vcex-module wpex-heading wpex-text-2xl\"><span class=\"vcex-heading-inner wpex-inline-block\">Usine de verre Ruisheng \u00e0 Shandong, Chine<\/span><\/h2><div class=\"vc_separator wpb_content_element vc_separator_align_center vc_sep_width_30 vc_sep_border_width_2 vc_sep_pos_align_left vc_separator_no_text vc_custom_1626068292507 wpb_content_element  vc_custom_1626068292507 wpb_content_element\" ><span class=\"vc_sep_holder vc_sep_holder_l\"><span style=\"border-color:#c6b20a;\" class=\"vc_sep_line\"><\/span><\/span><span class=\"vc_sep_holder vc_sep_holder_r\"><span style=\"border-color:#c6b20a;\" class=\"vc_sep_line\"><\/span><\/span>\n<\/div><div class=\"vcex-spacing wpex-w-100 wpex-clear\" style=\"height:20px;\"><\/div>\n\t<div class=\"wpb_text_column wpb_content_element\" >\n\t\t<div class=\"wpb_wrapper\">\n\t\t\t<p>Depuis 2009, notre usine de production de bouteilles en verre moderne et notre centre de R&amp;D bien \u00e9quip\u00e9 op\u00e8rent sur une superficie de 5 000 000 de pieds carr\u00e9s. L&#039;usine se concentre sur la production de bouteilles en verre de haute qualit\u00e9 pour les liqueurs, spiritueux, whisky, vodka, brandy et autres boissons alcoolis\u00e9es.<\/p>\n\n\t\t<\/div>\n\t<\/div>\n<\/div><\/div><\/div><\/div><div class=\"vc_row wpb_row vc_row-fluid\"><div class=\"wpb_column vc_column_container vc_col-sm-12\"><div class=\"vc_column-inner\"><div class=\"wpb_wrapper\">\n\t<div class=\"wpb_text_column wpb_content_element\" >\n\t\t<div class=\"wpb_wrapper\">\n\t\t\t<h3>Pleine capacit\u00e9 dans notre usine de fabrication de bouteilles en verre d\u2019alcool\u00a0:<\/h3>\n\n\t\t<\/div>\n\t<\/div>\n<div class=\"vcex-spacing wpex-w-100 wpex-clear\" style=\"height:20px;\"><\/div><div class=\"vc_row wpb_row vc_inner vc_row-fluid\"><div class=\"wpb_column vc_column_container vc_col-sm-3\"><div class=\"vc_column-inner\"><div class=\"wpb_wrapper\"><style>.vcex-heading.vcex_69f1f3cc4a170{color:#c6b20a;font-size:50px;font-weight:900;text-transform:capitalize;}<\/style><h2 class=\"vcex-heading vcex-heading-plain vcex-module wpex-heading wpex-text-2xl wpex-text-center vcex_69f1f3cc4a170\"><span class=\"vcex-heading-inner wpex-inline-block\">12<\/span><\/h2>\n\t<div class=\"wpb_text_column wpb_content_element\" >\n\t\t<div class=\"wpb_wrapper\">\n\t\t\t<p style=\"text-align: center;\"><strong>-Ligne de production-<\/strong><\/p>\n\n\t\t<\/div>\n\t<\/div>\n\n\t<div class=\"wpb_text_column wpb_content_element\" >\n\t\t<div class=\"wpb_wrapper\">\n\t\t\t<p>Ligne de production semi-automatique de bouteilles en verre \u00e0 haut rendement. Elle peut produire simultan\u00e9ment des bouteilles en verre avec diff\u00e9rents processus de traitement.<\/p>\n\n\t\t<\/div>\n\t<\/div>\n<\/div><\/div><\/div><div class=\"wpb_column vc_column_container vc_col-sm-3\"><div class=\"vc_column-inner\"><div class=\"wpb_wrapper\"><style>.vcex-heading.vcex_69f1f3cc4a9e2{color:#c6b20a;font-size:50px;font-weight:900;text-transform:capitalize;}<\/style><h2 class=\"vcex-heading vcex-heading-plain vcex-module wpex-heading wpex-text-2xl wpex-text-center vcex_69f1f3cc4a9e2\"><span class=\"vcex-heading-inner wpex-inline-block\">500+<\/span><\/h2>\n\t<div class=\"wpb_text_column wpb_content_element\" >\n\t\t<div class=\"wpb_wrapper\">\n\t\t\t<p style=\"text-align: center;\"><strong>-Trucs de travail-<\/strong><\/p>\n\n\t\t<\/div>\n\t<\/div>\n\n\t<div class=\"wpb_text_column wpb_content_element\" >\n\t\t<div class=\"wpb_wrapper\">\n\t\t\t<p style=\"text-align: center;\">Notre entreprise compte plus de 500 employ\u00e9s, dont 15 designers industriels, 35 inspecteurs de la qualit\u00e9 des produits et autres ouvriers de production, personnel de vente et de marketing, etc.<\/p>\n\n\t\t<\/div>\n\t<\/div>\n<\/div><\/div><\/div><div class=\"wpb_column vc_column_container vc_col-sm-3\"><div class=\"vc_column-inner\"><div class=\"wpb_wrapper\"><style>.vcex-heading.vcex_69f1f3cc4b1e9{color:#c6b20a;font-size:50px;font-weight:900;text-transform:capitalize;}<\/style><h2 class=\"vcex-heading vcex-heading-plain vcex-module wpex-heading wpex-text-2xl wpex-text-center vcex_69f1f3cc4b1e9\"><span class=\"vcex-heading-inner wpex-inline-block\">8000+<\/span><\/h2>\n\t<div class=\"wpb_text_column wpb_content_element\" >\n\t\t<div class=\"wpb_wrapper\">\n\t\t\t<p style=\"text-align: center;\"><strong>-Moule de conception-<\/strong><\/p>\n\n\t\t<\/div>\n\t<\/div>\n\n\t<div class=\"wpb_text_column wpb_content_element\" >\n\t\t<div class=\"wpb_wrapper\">\n\t\t\t<p style=\"text-align: center;\">Le principal avantage de stocker une grande quantit\u00e9 de moules en interne est la flexibilit\u00e9. Une seule usine peut difficilement r\u00e9pondre \u00e0 toutes vos exigences.<\/p>\n\n\t\t<\/div>\n\t<\/div>\n<\/div><\/div><\/div><div class=\"wpb_column vc_column_container vc_col-sm-3\"><div class=\"vc_column-inner\"><div class=\"wpb_wrapper\"><style>.vcex-heading.vcex_69f1f3cc4b9af{color:#c6b20a;font-size:50px;font-weight:900;text-transform:capitalize;}<\/style><h2 class=\"vcex-heading vcex-heading-plain vcex-module wpex-heading wpex-text-2xl wpex-text-center vcex_69f1f3cc4b9af\"><span class=\"vcex-heading-inner wpex-inline-block\">120,000+<\/span><\/h2>\n\t<div class=\"wpb_text_column wpb_content_element\" >\n\t\t<div class=\"wpb_wrapper\">\n\t\t\t<p style=\"text-align: center;\"><strong>-Sortie quotidienne-<\/strong><\/p>\n\n\t\t<\/div>\n\t<\/div>\n\n\t<div class=\"wpb_text_column wpb_content_element\" >\n\t\t<div class=\"wpb_wrapper\">\n\t\t\t<p style=\"text-align: center;\">R\u00e9agissez rapidement au march\u00e9. Notre production en vrac permet aux entreprises de passer d\u2019une phase de production \u00e0 l\u2019autre rapidement et facilement.<\/p>\n\n\t\t<\/div>\n\t<\/div>\n<\/div><\/div><\/div><\/div><\/div><\/div><\/div><\/div><div class=\"vc_row wpb_row vc_row-fluid\"><div class=\"wpb_column vc_column_container vc_col-sm-12\"><div class=\"vc_column-inner\"><div class=\"wpb_wrapper\"><h2 class=\"vcex-heading vcex-heading-plain vcex-module wpex-heading wpex-text-2xl\"><span class=\"vcex-heading-inner wpex-inline-block\">Comment commander le verre Ruisheng<\/span><\/h2><div class=\"vcex-spacing wpex-w-100 wpex-clear\" style=\"height:20px;\"><\/div>\n\t<div  class=\"wpb_single_image wpb_content_element vc_align_center wpb_content_element\">\n\t\t\n\t\t<figure class=\"wpb_wrapper vc_figure\">\n\t\t\t<div class=\"vc_single_image-wrapper   vc_box_border_grey\"><img width=\"564\" height=\"795\" src=\"https:\/\/glassbottlewholesale.com\/wp-content\/uploads\/2021\/07\/WX20210712-153708.png\" class=\"vc_single_image-img attachment-full\" alt=\"Comment commander une bouteille en verre chez Ruisheng\" title=\"Comment commander une bouteille en verre chez Ruisheng\" srcset=\"https:\/\/glassbottlewholesale.com\/wp-content\/uploads\/2021\/07\/WX20210712-153708.png 564w, https:\/\/glassbottlewholesale.com\/wp-content\/uploads\/2021\/07\/WX20210712-153708-213x300.png 213w\" sizes=\"(max-width: 564px) 100vw, 564px\" \/><\/div>\n\t\t<\/figure>\n\t<\/div>\n<\/div><\/div><\/div><\/div>\n<\/div>\n<\/div>\n<\/div>\n<\/div>","protected":false},"excerpt":{"rendered":"<p>Shandong Yuncheng Ruisheng Glass Co. Ltd, une usine de fabrication de bouteilles de whisky de luxe en Chine depuis 2009, fournit un service de fabrication de bouteilles de whisky de luxe pour les marques de whisky, les distilleries, les fournisseurs de bouteilles en verre, les grossistes, les marchands de liqueurs et les distributeurs, etc.<\/p>\n<table class=\"aliDataTable\">\n<tbody>\n<tr align=\"left\">\n<td valign=\"center\">Des produits<\/td>\n<td valign=\"center\">RS160 Bouteille de whisky de luxe en Chine<\/td>\n<\/tr>\n<tr align=\"left\">\n<td valign=\"center\">Marque<\/td>\n<td valign=\"center\">RUISHENG<\/td>\n<\/tr>\n<tr align=\"left\">\n<td valign=\"center\">Mat\u00e9riau<\/td>\n<td valign=\"center\">Mat\u00e9riau blanc cristallin, mat\u00e9riau extr\u00eamement blanc<\/td>\n<\/tr>\n<tr align=\"left\">\n<td valign=\"center\">Bouchons de bouteille<\/td>\n<td valign=\"center\">Cork: Synthetic cork, Polymer cork, Wooden cork, Natural cork<\/p>\n<p>Metal Cap: Aluminum Screw cap, Aluminum Oxide cap<\/p>\n<p>Plastic Cap: Tamper proof caps<\/td>\n<\/tr>\n<tr align=\"left\">\n<td valign=\"center\">sp\u00e9cification<\/td>\n<td valign=\"center\">500ml\/650ml\/700ml\/750ml\/800ml\/Custom<\/td>\n<\/tr>\n<tr align=\"left\">\n<td valign=\"center\">Fonctionnalit\u00e9<\/td>\n<td valign=\"center\">Haute qualit\u00e9, plus transparent, incassable, recyclable<\/td>\n<\/tr>\n<tr align=\"left\">\n<td valign=\"center\">\u00c9chantillon<\/td>\n<td valign=\"center\">Gratuit si vous utilisez notre moule existant.<\/td>\n<\/tr>\n<tr align=\"left\">\n<td valign=\"center\">Standard<\/td>\n<td valign=\"center\">ISO9001:2008, ISO14001:2004, SGS, TUV et autres.<\/td>\n<\/tr>\n<tr align=\"left\">\n<td valign=\"center\">M\u00e9thode d'emballage<\/td>\n<td valign=\"center\">Emballage standard pour l'exportation ou emballage personnalis\u00e9<\/td>\n<\/tr>\n<tr align=\"left\">\n<td valign=\"center\">D\u00e9lai de paiement<\/td>\n<td valign=\"center\">T\/T, L\/C, Western Union, Paypal.<\/td>\n<\/tr>\n<tr align=\"left\">\n<td valign=\"center\">D\u00e9lai de livraison<\/td>\n<td valign=\"center\">\n<p data-spm-anchor-id=\"a2700.details.0.i63.67a5f0eb03DAos\">Within\u00a020-30\u00a0days according to your required size &amp; quantity.<\/p>\n<\/td>\n<\/tr>\n<\/tbody>\n<\/table>","protected":false},"featured_media":4577,"comment_status":"open","ping_status":"closed","template":"","meta":[],"product_brand":[],"product_cat":[68],"product_tag":[],"class_list":{"0":"post-4588","1":"product","2":"type-product","3":"status-publish","4":"has-post-thumbnail","6":"product_cat-whiskey-bottle","7":"entry","8":"has-media","10":"first","11":"instock","12":"shipping-taxable","13":"product-type-simple"},"yoast_head":"<!-- This site is optimized with the Yoast SEO plugin v27.3 - https:\/\/yoast.com\/product\/yoast-seo-wordpress\/ -->\n<title>750ml China Whiskey Bottle | Premium Whiskey Bottle Factory<\/title>\n<meta name=\"description\" content=\"Explore our exceptional range of 750ml China Whiskey Bottles, curated from the finest Premium Whiskey Bottle Factory. Get Quote Now.\" \/>\n<meta name=\"robots\" content=\"index, follow, max-snippet:-1, max-image-preview:large, max-video-preview:-1\" \/>\n<link rel=\"canonical\" href=\"https:\/\/ruishengglassco.com\/product\/rs159-china-whiskey-bottle-750-ml-factory\" \/>\n<meta property=\"og:locale\" content=\"fr_FR\" \/>\n<meta property=\"og:type\" content=\"article\" \/>\n<meta property=\"og:title\" content=\"750ml China Whiskey Bottle | Premium Whiskey Bottle Factory\" \/>\n<meta property=\"og:description\" content=\"Explore our exceptional range of 750ml China Whiskey Bottles, curated from the finest Premium Whiskey Bottle Factory. Get Quote Now.\" \/>\n<meta property=\"og:url\" content=\"https:\/\/ruishengglassco.com\/product\/rs159-china-whiskey-bottle-750-ml-factory\" \/>\n<meta property=\"og:site_name\" content=\"Glass Bottle Wholesale\" \/>\n<meta property=\"article:modified_time\" content=\"2025-06-12T01:28:01+00:00\" \/>\n<meta property=\"og:image\" content=\"https:\/\/glassbottlewholesale.com\/wp-content\/uploads\/2024\/03\/wholesale-whiskey-bottle-manufacturer9.png\" \/>\n\t<meta property=\"og:image:width\" content=\"800\" \/>\n\t<meta property=\"og:image:height\" content=\"800\" \/>\n\t<meta property=\"og:image:type\" content=\"image\/png\" \/>\n<meta name=\"twitter:card\" content=\"summary_large_image\" \/>\n<meta name=\"twitter:label1\" content=\"Dur\u00e9e de lecture estim\u00e9e\" \/>\n\t<meta name=\"twitter:data1\" content=\"2 minutes\" \/>\n<script type=\"application\/ld+json\" class=\"yoast-schema-graph\">{\"@context\":\"https:\\\/\\\/schema.org\",\"@graph\":[{\"@type\":\"WebPage\",\"@id\":\"https:\\\/\\\/glassbottlewholesale.com\\\/rs159-china-whiskey-bottle-750-ml-factory\\\/\",\"url\":\"https:\\\/\\\/ruishengglassco.com\\\/product\\\/rs159-china-whiskey-bottle-750-ml-factory\",\"name\":\"750ml China Whiskey Bottle | Premium Whiskey Bottle Factory\",\"isPartOf\":{\"@id\":\"https:\\\/\\\/glassbottlewholesale.com\\\/#website\"},\"primaryImageOfPage\":{\"@id\":\"https:\\\/\\\/ruishengglassco.com\\\/product\\\/rs159-china-whiskey-bottle-750-ml-factory#primaryimage\"},\"image\":{\"@id\":\"https:\\\/\\\/ruishengglassco.com\\\/product\\\/rs159-china-whiskey-bottle-750-ml-factory#primaryimage\"},\"thumbnailUrl\":\"https:\\\/\\\/glassbottlewholesale.com\\\/wp-content\\\/uploads\\\/2024\\\/03\\\/wholesale-whiskey-bottle-manufacturer9.png\",\"datePublished\":\"2024-03-12T09:04:43+00:00\",\"dateModified\":\"2025-06-12T01:28:01+00:00\",\"description\":\"Explore our exceptional range of 750ml China Whiskey Bottles, curated from the finest Premium Whiskey Bottle Factory. Get Quote Now.\",\"breadcrumb\":{\"@id\":\"https:\\\/\\\/ruishengglassco.com\\\/product\\\/rs159-china-whiskey-bottle-750-ml-factory#breadcrumb\"},\"inLanguage\":\"fr-FR\",\"potentialAction\":[{\"@type\":\"ReadAction\",\"target\":[\"https:\\\/\\\/ruishengglassco.com\\\/product\\\/rs159-china-whiskey-bottle-750-ml-factory\"]}]},{\"@type\":\"ImageObject\",\"inLanguage\":\"fr-FR\",\"@id\":\"https:\\\/\\\/ruishengglassco.com\\\/product\\\/rs159-china-whiskey-bottle-750-ml-factory#primaryimage\",\"url\":\"https:\\\/\\\/glassbottlewholesale.com\\\/wp-content\\\/uploads\\\/2024\\\/03\\\/wholesale-whiskey-bottle-manufacturer9.png\",\"contentUrl\":\"https:\\\/\\\/glassbottlewholesale.com\\\/wp-content\\\/uploads\\\/2024\\\/03\\\/wholesale-whiskey-bottle-manufacturer9.png\",\"width\":800,\"height\":800,\"caption\":\"whiskey bottle 750 ml factory\"},{\"@type\":\"BreadcrumbList\",\"@id\":\"https:\\\/\\\/ruishengglassco.com\\\/product\\\/rs159-china-whiskey-bottle-750-ml-factory#breadcrumb\",\"itemListElement\":[{\"@type\":\"ListItem\",\"position\":1,\"name\":\"Home\",\"item\":\"https:\\\/\\\/glassbottlewholesale.com\\\/\"},{\"@type\":\"ListItem\",\"position\":2,\"name\":\"Products\",\"item\":\"https:\\\/\\\/glassbottlewholesale.com\\\/shop\\\/\"},{\"@type\":\"ListItem\",\"position\":3,\"name\":\"RS159 China Whiskey Bottle 750 ml Factory\"}]},{\"@type\":\"WebSite\",\"@id\":\"https:\\\/\\\/glassbottlewholesale.com\\\/#website\",\"url\":\"https:\\\/\\\/glassbottlewholesale.com\\\/\",\"name\":\"Glass Bottle Wholesale\",\"description\":\"\",\"publisher\":{\"@id\":\"https:\\\/\\\/glassbottlewholesale.com\\\/#organization\"},\"potentialAction\":[{\"@type\":\"SearchAction\",\"target\":{\"@type\":\"EntryPoint\",\"urlTemplate\":\"https:\\\/\\\/glassbottlewholesale.com\\\/?s={search_term_string}\"},\"query-input\":{\"@type\":\"PropertyValueSpecification\",\"valueRequired\":true,\"valueName\":\"search_term_string\"}}],\"inLanguage\":\"fr-FR\"},{\"@type\":\"Organization\",\"@id\":\"https:\\\/\\\/glassbottlewholesale.com\\\/#organization\",\"name\":\"Glass Bottle Wholesale\",\"url\":\"https:\\\/\\\/glassbottlewholesale.com\\\/\",\"logo\":{\"@type\":\"ImageObject\",\"inLanguage\":\"fr-FR\",\"@id\":\"https:\\\/\\\/glassbottlewholesale.com\\\/#\\\/schema\\\/logo\\\/image\\\/\",\"url\":\"https:\\\/\\\/glassbottlewholesale.com\\\/wp-content\\\/uploads\\\/2023\\\/12\\\/ruisheng-logo.webp\",\"contentUrl\":\"https:\\\/\\\/glassbottlewholesale.com\\\/wp-content\\\/uploads\\\/2023\\\/12\\\/ruisheng-logo.webp\",\"width\":400,\"height\":233,\"caption\":\"Glass Bottle Wholesale\"},\"image\":{\"@id\":\"https:\\\/\\\/glassbottlewholesale.com\\\/#\\\/schema\\\/logo\\\/image\\\/\"}}]}<\/script>\n<!-- \/ Yoast SEO plugin. -->","yoast_head_json":{"title":"Bouteille de whisky chinoise de 750ml | Bouteille de whisky Premium Factory","description":"D\u00e9couvrez notre gamme exceptionnelle de bouteilles de whisky chinoises de 750 ml, s\u00e9lectionn\u00e9es parmi les meilleures usines de bouteilles de whisky de qualit\u00e9 sup\u00e9rieure. Obtenir un devis maintenant.","robots":{"index":"index","follow":"follow","max-snippet":"max-snippet:-1","max-image-preview":"max-image-preview:large","max-video-preview":"max-video-preview:-1"},"canonical":"https:\/\/ruishengglassco.com\/product\/rs159-china-whiskey-bottle-750-ml-factory","og_locale":"fr_FR","og_type":"article","og_title":"750ml China Whiskey Bottle | Premium Whiskey Bottle Factory","og_description":"Explore our exceptional range of 750ml China Whiskey Bottles, curated from the finest Premium Whiskey Bottle Factory. Get Quote Now.","og_url":"https:\/\/ruishengglassco.com\/product\/rs159-china-whiskey-bottle-750-ml-factory","og_site_name":"Glass Bottle Wholesale","article_modified_time":"2025-06-12T01:28:01+00:00","og_image":[{"width":800,"height":800,"url":"https:\/\/glassbottlewholesale.com\/wp-content\/uploads\/2024\/03\/wholesale-whiskey-bottle-manufacturer9.png","type":"image\/png"}],"twitter_card":"summary_large_image","twitter_misc":{"Dur\u00e9e de lecture estim\u00e9e":"2 minutes"},"schema":{"@context":"https:\/\/schema.org","@graph":[{"@type":"WebPage","@id":"https:\/\/glassbottlewholesale.com\/rs159-china-whiskey-bottle-750-ml-factory\/","url":"https:\/\/ruishengglassco.com\/product\/rs159-china-whiskey-bottle-750-ml-factory","name":"Bouteille de whisky chinoise de 750ml | Bouteille de whisky Premium Factory","isPartOf":{"@id":"https:\/\/glassbottlewholesale.com\/#website"},"primaryImageOfPage":{"@id":"https:\/\/ruishengglassco.com\/product\/rs159-china-whiskey-bottle-750-ml-factory#primaryimage"},"image":{"@id":"https:\/\/ruishengglassco.com\/product\/rs159-china-whiskey-bottle-750-ml-factory#primaryimage"},"thumbnailUrl":"https:\/\/glassbottlewholesale.com\/wp-content\/uploads\/2024\/03\/wholesale-whiskey-bottle-manufacturer9.png","datePublished":"2024-03-12T09:04:43+00:00","dateModified":"2025-06-12T01:28:01+00:00","description":"D\u00e9couvrez notre gamme exceptionnelle de bouteilles de whisky chinoises de 750 ml, s\u00e9lectionn\u00e9es parmi les meilleures usines de bouteilles de whisky de qualit\u00e9 sup\u00e9rieure. Obtenir un devis maintenant.","breadcrumb":{"@id":"https:\/\/ruishengglassco.com\/product\/rs159-china-whiskey-bottle-750-ml-factory#breadcrumb"},"inLanguage":"fr-FR","potentialAction":[{"@type":"ReadAction","target":["https:\/\/ruishengglassco.com\/product\/rs159-china-whiskey-bottle-750-ml-factory"]}]},{"@type":"ImageObject","inLanguage":"fr-FR","@id":"https:\/\/ruishengglassco.com\/product\/rs159-china-whiskey-bottle-750-ml-factory#primaryimage","url":"https:\/\/glassbottlewholesale.com\/wp-content\/uploads\/2024\/03\/wholesale-whiskey-bottle-manufacturer9.png","contentUrl":"https:\/\/glassbottlewholesale.com\/wp-content\/uploads\/2024\/03\/wholesale-whiskey-bottle-manufacturer9.png","width":800,"height":800,"caption":"whiskey bottle 750 ml factory"},{"@type":"BreadcrumbList","@id":"https:\/\/ruishengglassco.com\/product\/rs159-china-whiskey-bottle-750-ml-factory#breadcrumb","itemListElement":[{"@type":"ListItem","position":1,"name":"Home","item":"https:\/\/glassbottlewholesale.com\/"},{"@type":"ListItem","position":2,"name":"Products","item":"https:\/\/glassbottlewholesale.com\/shop\/"},{"@type":"ListItem","position":3,"name":"RS159 China Whiskey Bottle 750 ml Factory"}]},{"@type":"WebSite","@id":"https:\/\/glassbottlewholesale.com\/#website","url":"https:\/\/glassbottlewholesale.com\/","name":"Glass Bottle Wholesale","description":"","publisher":{"@id":"https:\/\/glassbottlewholesale.com\/#organization"},"potentialAction":[{"@type":"SearchAction","target":{"@type":"EntryPoint","urlTemplate":"https:\/\/glassbottlewholesale.com\/?s={search_term_string}"},"query-input":{"@type":"PropertyValueSpecification","valueRequired":true,"valueName":"search_term_string"}}],"inLanguage":"fr-FR"},{"@type":"Organization","@id":"https:\/\/glassbottlewholesale.com\/#organization","name":"Glass Bottle Wholesale","url":"https:\/\/glassbottlewholesale.com\/","logo":{"@type":"ImageObject","inLanguage":"fr-FR","@id":"https:\/\/glassbottlewholesale.com\/#\/schema\/logo\/image\/","url":"https:\/\/glassbottlewholesale.com\/wp-content\/uploads\/2023\/12\/ruisheng-logo.webp","contentUrl":"https:\/\/glassbottlewholesale.com\/wp-content\/uploads\/2023\/12\/ruisheng-logo.webp","width":400,"height":233,"caption":"Glass Bottle Wholesale"},"image":{"@id":"https:\/\/glassbottlewholesale.com\/#\/schema\/logo\/image\/"}}]}},"_links":{"self":[{"href":"https:\/\/glassbottlewholesale.com\/fr\/wp-json\/wp\/v2\/product\/4588","targetHints":{"allow":["GET"]}}],"collection":[{"href":"https:\/\/glassbottlewholesale.com\/fr\/wp-json\/wp\/v2\/product"}],"about":[{"href":"https:\/\/glassbottlewholesale.com\/fr\/wp-json\/wp\/v2\/types\/product"}],"replies":[{"embeddable":true,"href":"https:\/\/glassbottlewholesale.com\/fr\/wp-json\/wp\/v2\/comments?post=4588"}],"wp:featuredmedia":[{"embeddable":true,"href":"https:\/\/glassbottlewholesale.com\/fr\/wp-json\/wp\/v2\/media\/4577"}],"wp:attachment":[{"href":"https:\/\/glassbottlewholesale.com\/fr\/wp-json\/wp\/v2\/media?parent=4588"}],"wp:term":[{"taxonomy":"product_brand","embeddable":true,"href":"https:\/\/glassbottlewholesale.com\/fr\/wp-json\/wp\/v2\/product_brand?post=4588"},{"taxonomy":"product_cat","embeddable":true,"href":"https:\/\/glassbottlewholesale.com\/fr\/wp-json\/wp\/v2\/product_cat?post=4588"},{"taxonomy":"product_tag","embeddable":true,"href":"https:\/\/glassbottlewholesale.com\/fr\/wp-json\/wp\/v2\/product_tag?post=4588"}],"curies":[{"name":"wp","href":"https:\/\/api.w.org\/{rel}","templated":true}]}}