{"id":462,"date":"2019-10-14T13:22:47","date_gmt":"2019-10-14T13:22:47","guid":{"rendered":"https:\/\/queenchingglass.com\/?post_type=product&#038;p=462"},"modified":"2025-07-10T03:07:01","modified_gmt":"2025-07-10T03:07:01","slug":"1000ml-clear-spirit-glass-bottles","status":"publish","type":"product","link":"https:\/\/glassbottlewholesale.com\/fr\/1000ml-clear-spirit-glass-bottles\/","title":{"rendered":"RS122\u00a0:\u00a0bouteilles en verre de 1\u00a0000\u00a0ml de spiritueux clair en gros \u00e0 vendre"},"content":{"rendered":"<div class=\"wpb-content-wrapper\"><div class=\"vc_row wpb_row vc_row-fluid\"><div class=\"wpb_column vc_column_container vc_col-sm-12\"><div class=\"vc_column-inner\"><div class=\"wpb_wrapper\">\n\t<div class=\"wpb_text_column wpb_content_element\" >\n\t\t<div class=\"wpb_wrapper\">\n\t\t\t<p>This 1000ml Clear Glass Bottles With Corks Wholesale is one of the main products in our factory. We use the top grade glass material to make this <a href=\"https:\/\/ruishengglassco.com\/glass-liquor-spirit-bottles\">bouteilles de liqueur en verre<\/a>. This material is high flint glass material. Using this material made spirit glass bottles is very clear and not easy broken.<\/p>\n<p>Our this 1000ml clear wine glass bottles for sale can be used as clear\u00a0<a href=\"https:\/\/ruishengglassco.com\/vodka-bottle\">vodka glass bottles<\/a>, gin glass bottles, rum glass bottles, and other spirits glass bottles. The sealing type of these spirits glass bottles is cork finish. So they can use more than one time.<\/p>\n<h4>The Details Of\u00a0 The 1000ml Clear Glass Bottles With Corks Wholesale<\/h4>\n<ul>\n<li>Mat\u00e9riau principal: verre silex \u00e9lev\u00e9<\/li>\n<li>Bouchon : Li\u00e8ge<\/li>\n<li>Reference: RS122<\/li>\n<li>Quantit\u00e9 minimale de commande\u00a0:\u00a010\u00a0000\u00a0pi\u00e8ces<\/li>\n<li>Capacity: 1000ml<\/li>\n<li>Pi\u00e8ces\/carton\u00a0: 24 pi\u00e8ces<\/li>\n<li>Origine du lieu : Shandong, Chine<\/li>\n<li>Caract\u00e9ristique\u00a0:\u00a0\u00e9cologique<\/li>\n<\/ul>\n<p>As a high flint glass bottle manufacturer, we can make all kinds of glass bottles wholesale. We make different shapes glass bottles as round shape glass bottles, square-shaped glass bottles, flat shape glass bottles, and other shape glass bottles. If you want to make custom glass bottles, we also can do it for you.<\/p>\n<p>We also can offer the deep processing on the glass bottles, such as printing, decal logo, frosted on the bottle. You just tell us which you need, we can make that for your demand.<\/p>\n<p>There are about 500 employees in our factory, including the QC and a group of skilled engineers. We make sure that all the glass bottles which send out from our factory pass the QC and all of the customer are satisfied with our glass bottles and service.<\/p>\n<p>If you are interested in our this 1000 ml clear spirit glass bottles or want to make<a href=\"https:\/\/ruishengglassco.com\/custom-glass-bottle\">\u00a0bouteilles en verre personnalis\u00e9es<\/a>, please contact us, and we will do our best for you and make you satisfied with our glass bottles.<\/p>\n\n\t\t<\/div>\n\t<\/div>\n<\/div><\/div><\/div><\/div>\n<\/div>","protected":false},"excerpt":{"rendered":"<table class=\"tg\">\n<tbody>\n<tr>\n<th class=\"tg-n1qb\" colspan=\"2\">1000ml Clear Spirit Glass Bottles<\/th>\n<\/tr>\n<tr>\n<td class=\"tg-dc35\">Mat\u00e9riau principal:<\/td>\n<td class=\"tg-dc35\">Verre \u00e0 haute teneur en silex<\/td>\n<\/tr>\n<tr>\n<td class=\"tg-us36\">Casquette:<\/td>\n<td class=\"tg-us36\">Bouchon \u00e0 vis<\/td>\n<\/tr>\n<tr>\n<td class=\"tg-dc35\">Capacit\u00e9:<\/td>\n<td class=\"tg-dc35\">1000ml<\/td>\n<\/tr>\n<tr>\n<td class=\"tg-us36\">Fonctionnalit\u00e9:<\/td>\n<td class=\"tg-us36\">Respectueux de la nature<\/td>\n<\/tr>\n<tr>\n<td class=\"tg-dc35\">Quantit\u00e9 minimale de commande\u00a0:<\/td>\n<td class=\"tg-dc35\">10000 pi\u00e8ces<\/td>\n<\/tr>\n<tr>\n<td class=\"tg-us36\">Mani\u00e8re d&#039;emballage\u00a0:<\/td>\n<td class=\"tg-us36\">Carton standard d&#039;exportation\/palette\/carton et palette standard d&#039;exportation<\/td>\n<\/tr>\n<tr>\n<td class=\"tg-dc35\">OEM\/ODM\u00a0:<\/td>\n<td class=\"tg-dc35\">Accueillir<\/td>\n<\/tr>\n<tr>\n<td class=\"tg-us36\">Origine du lieu :<\/td>\n<td class=\"tg-us36\">Shandong, Chine<\/td>\n<\/tr>\n<tr>\n<td class=\"tg-dc35\">Pi\u00e8ces\/ctn\u00a0:<\/td>\n<td class=\"tg-dc35\">24pcs \/ 20pcs<\/td>\n<\/tr>\n<\/tbody>\n<\/table>","protected":false},"featured_media":4483,"comment_status":"open","ping_status":"closed","template":"","meta":[],"product_brand":[],"product_cat":[53,62],"product_tag":[],"class_list":{"0":"post-462","1":"product","2":"type-product","3":"status-publish","4":"has-post-thumbnail","6":"product_cat-1000ml-glass-bottle","7":"product_cat-liqueur-bottle","8":"entry","9":"has-media","11":"first","12":"instock","13":"shipping-taxable","14":"product-type-simple"},"yoast_head":"<!-- This site is optimized with the Yoast SEO plugin v27.3 - https:\/\/yoast.com\/product\/yoast-seo-wordpress\/ -->\n<title>1000ml Clear Glass Bottles With Corks Wholesale Factory China-Ruisheng<\/title>\n<meta name=\"description\" content=\"This 1000ml Clear Glass Bottles With Corks Wholesale is produced by best China glass bottle factory. High Quality&amp;Cheap Bulk Price.\" \/>\n<meta name=\"robots\" content=\"index, follow, max-snippet:-1, max-image-preview:large, max-video-preview:-1\" \/>\n<link rel=\"canonical\" href=\"https:\/\/ruishengglassco.com\/product\/rs122-1000ml-clear-spirit-wholesale-glass-bottles-for-sale\" \/>\n<meta property=\"og:locale\" content=\"fr_FR\" \/>\n<meta property=\"og:type\" content=\"article\" \/>\n<meta property=\"og:title\" content=\"1000ml Clear Glass Bottles With Corks Wholesale Factory China-Ruisheng\" \/>\n<meta property=\"og:description\" content=\"This 1000ml Clear Glass Bottles With Corks Wholesale is produced by best China glass bottle factory. High Quality&amp;Cheap Bulk Price.\" \/>\n<meta property=\"og:url\" content=\"https:\/\/ruishengglassco.com\/product\/rs122-1000ml-clear-spirit-wholesale-glass-bottles-for-sale\" \/>\n<meta property=\"og:site_name\" content=\"Glass Bottle Wholesale\" \/>\n<meta property=\"article:modified_time\" content=\"2025-07-10T03:07:01+00:00\" \/>\n<meta property=\"og:image\" content=\"https:\/\/glassbottlewholesale.com\/wp-content\/uploads\/2024\/01\/1000ml-glass-bottle3-.jpg\" \/>\n\t<meta property=\"og:image:width\" content=\"800\" \/>\n\t<meta property=\"og:image:height\" content=\"800\" \/>\n\t<meta property=\"og:image:type\" content=\"image\/jpeg\" \/>\n<meta name=\"twitter:card\" content=\"summary_large_image\" \/>\n<meta name=\"twitter:label1\" content=\"Dur\u00e9e de lecture estim\u00e9e\" \/>\n\t<meta name=\"twitter:data1\" content=\"2 minutes\" \/>\n<script type=\"application\/ld+json\" class=\"yoast-schema-graph\">{\"@context\":\"https:\\\/\\\/schema.org\",\"@graph\":[{\"@type\":\"WebPage\",\"@id\":\"https:\\\/\\\/glassbottlewholesale.com\\\/1000ml-clear-spirit-glass-bottles\\\/\",\"url\":\"https:\\\/\\\/ruishengglassco.com\\\/product\\\/rs122-1000ml-clear-spirit-wholesale-glass-bottles-for-sale\",\"name\":\"1000ml Clear Glass Bottles With Corks Wholesale Factory China-Ruisheng\",\"isPartOf\":{\"@id\":\"https:\\\/\\\/glassbottlewholesale.com\\\/#website\"},\"primaryImageOfPage\":{\"@id\":\"https:\\\/\\\/ruishengglassco.com\\\/product\\\/rs122-1000ml-clear-spirit-wholesale-glass-bottles-for-sale#primaryimage\"},\"image\":{\"@id\":\"https:\\\/\\\/ruishengglassco.com\\\/product\\\/rs122-1000ml-clear-spirit-wholesale-glass-bottles-for-sale#primaryimage\"},\"thumbnailUrl\":\"https:\\\/\\\/glassbottlewholesale.com\\\/wp-content\\\/uploads\\\/2024\\\/01\\\/1000ml-glass-bottle3-.jpg\",\"datePublished\":\"2019-10-14T13:22:47+00:00\",\"dateModified\":\"2025-07-10T03:07:01+00:00\",\"description\":\"This 1000ml Clear Glass Bottles With Corks Wholesale is produced by best China glass bottle factory. High Quality&Cheap Bulk Price.\",\"breadcrumb\":{\"@id\":\"https:\\\/\\\/ruishengglassco.com\\\/product\\\/rs122-1000ml-clear-spirit-wholesale-glass-bottles-for-sale#breadcrumb\"},\"inLanguage\":\"fr-FR\",\"potentialAction\":[{\"@type\":\"ReadAction\",\"target\":[\"https:\\\/\\\/ruishengglassco.com\\\/product\\\/rs122-1000ml-clear-spirit-wholesale-glass-bottles-for-sale\"]}]},{\"@type\":\"ImageObject\",\"inLanguage\":\"fr-FR\",\"@id\":\"https:\\\/\\\/ruishengglassco.com\\\/product\\\/rs122-1000ml-clear-spirit-wholesale-glass-bottles-for-sale#primaryimage\",\"url\":\"https:\\\/\\\/glassbottlewholesale.com\\\/wp-content\\\/uploads\\\/2024\\\/01\\\/1000ml-glass-bottle3-.jpg\",\"contentUrl\":\"https:\\\/\\\/glassbottlewholesale.com\\\/wp-content\\\/uploads\\\/2024\\\/01\\\/1000ml-glass-bottle3-.jpg\",\"width\":800,\"height\":800,\"caption\":\"1000ml Clear Spirit Wholesale Glass Bottles For Sale\"},{\"@type\":\"BreadcrumbList\",\"@id\":\"https:\\\/\\\/ruishengglassco.com\\\/product\\\/rs122-1000ml-clear-spirit-wholesale-glass-bottles-for-sale#breadcrumb\",\"itemListElement\":[{\"@type\":\"ListItem\",\"position\":1,\"name\":\"Home\",\"item\":\"https:\\\/\\\/glassbottlewholesale.com\\\/\"},{\"@type\":\"ListItem\",\"position\":2,\"name\":\"Products\",\"item\":\"https:\\\/\\\/glassbottlewholesale.com\\\/shop\\\/\"},{\"@type\":\"ListItem\",\"position\":3,\"name\":\"RS122: 1000ml Clear Spirit Wholesale Glass Bottles For Sale\"}]},{\"@type\":\"WebSite\",\"@id\":\"https:\\\/\\\/glassbottlewholesale.com\\\/#website\",\"url\":\"https:\\\/\\\/glassbottlewholesale.com\\\/\",\"name\":\"Glass Bottle Wholesale\",\"description\":\"\",\"publisher\":{\"@id\":\"https:\\\/\\\/glassbottlewholesale.com\\\/#organization\"},\"potentialAction\":[{\"@type\":\"SearchAction\",\"target\":{\"@type\":\"EntryPoint\",\"urlTemplate\":\"https:\\\/\\\/glassbottlewholesale.com\\\/?s={search_term_string}\"},\"query-input\":{\"@type\":\"PropertyValueSpecification\",\"valueRequired\":true,\"valueName\":\"search_term_string\"}}],\"inLanguage\":\"fr-FR\"},{\"@type\":\"Organization\",\"@id\":\"https:\\\/\\\/glassbottlewholesale.com\\\/#organization\",\"name\":\"Glass Bottle Wholesale\",\"url\":\"https:\\\/\\\/glassbottlewholesale.com\\\/\",\"logo\":{\"@type\":\"ImageObject\",\"inLanguage\":\"fr-FR\",\"@id\":\"https:\\\/\\\/glassbottlewholesale.com\\\/#\\\/schema\\\/logo\\\/image\\\/\",\"url\":\"https:\\\/\\\/glassbottlewholesale.com\\\/wp-content\\\/uploads\\\/2023\\\/12\\\/ruisheng-logo.webp\",\"contentUrl\":\"https:\\\/\\\/glassbottlewholesale.com\\\/wp-content\\\/uploads\\\/2023\\\/12\\\/ruisheng-logo.webp\",\"width\":400,\"height\":233,\"caption\":\"Glass Bottle Wholesale\"},\"image\":{\"@id\":\"https:\\\/\\\/glassbottlewholesale.com\\\/#\\\/schema\\\/logo\\\/image\\\/\"}}]}<\/script>\n<!-- \/ Yoast SEO plugin. -->","yoast_head_json":{"title":"1000ml Clear Glass Bottles With Corks Wholesale Factory China-Ruisheng","description":"This 1000ml Clear Glass Bottles With Corks Wholesale is produced by best China glass bottle factory. High Quality&Cheap Bulk Price.","robots":{"index":"index","follow":"follow","max-snippet":"max-snippet:-1","max-image-preview":"max-image-preview:large","max-video-preview":"max-video-preview:-1"},"canonical":"https:\/\/ruishengglassco.com\/product\/rs122-1000ml-clear-spirit-wholesale-glass-bottles-for-sale","og_locale":"fr_FR","og_type":"article","og_title":"1000ml Clear Glass Bottles With Corks Wholesale Factory China-Ruisheng","og_description":"This 1000ml Clear Glass Bottles With Corks Wholesale is produced by best China glass bottle factory. High Quality&Cheap Bulk Price.","og_url":"https:\/\/ruishengglassco.com\/product\/rs122-1000ml-clear-spirit-wholesale-glass-bottles-for-sale","og_site_name":"Glass Bottle Wholesale","article_modified_time":"2025-07-10T03:07:01+00:00","og_image":[{"width":800,"height":800,"url":"https:\/\/glassbottlewholesale.com\/wp-content\/uploads\/2024\/01\/1000ml-glass-bottle3-.jpg","type":"image\/jpeg"}],"twitter_card":"summary_large_image","twitter_misc":{"Dur\u00e9e de lecture estim\u00e9e":"2 minutes"},"schema":{"@context":"https:\/\/schema.org","@graph":[{"@type":"WebPage","@id":"https:\/\/glassbottlewholesale.com\/1000ml-clear-spirit-glass-bottles\/","url":"https:\/\/ruishengglassco.com\/product\/rs122-1000ml-clear-spirit-wholesale-glass-bottles-for-sale","name":"1000ml Clear Glass Bottles With Corks Wholesale Factory China-Ruisheng","isPartOf":{"@id":"https:\/\/glassbottlewholesale.com\/#website"},"primaryImageOfPage":{"@id":"https:\/\/ruishengglassco.com\/product\/rs122-1000ml-clear-spirit-wholesale-glass-bottles-for-sale#primaryimage"},"image":{"@id":"https:\/\/ruishengglassco.com\/product\/rs122-1000ml-clear-spirit-wholesale-glass-bottles-for-sale#primaryimage"},"thumbnailUrl":"https:\/\/glassbottlewholesale.com\/wp-content\/uploads\/2024\/01\/1000ml-glass-bottle3-.jpg","datePublished":"2019-10-14T13:22:47+00:00","dateModified":"2025-07-10T03:07:01+00:00","description":"This 1000ml Clear Glass Bottles With Corks Wholesale is produced by best China glass bottle factory. High Quality&Cheap Bulk Price.","breadcrumb":{"@id":"https:\/\/ruishengglassco.com\/product\/rs122-1000ml-clear-spirit-wholesale-glass-bottles-for-sale#breadcrumb"},"inLanguage":"fr-FR","potentialAction":[{"@type":"ReadAction","target":["https:\/\/ruishengglassco.com\/product\/rs122-1000ml-clear-spirit-wholesale-glass-bottles-for-sale"]}]},{"@type":"ImageObject","inLanguage":"fr-FR","@id":"https:\/\/ruishengglassco.com\/product\/rs122-1000ml-clear-spirit-wholesale-glass-bottles-for-sale#primaryimage","url":"https:\/\/glassbottlewholesale.com\/wp-content\/uploads\/2024\/01\/1000ml-glass-bottle3-.jpg","contentUrl":"https:\/\/glassbottlewholesale.com\/wp-content\/uploads\/2024\/01\/1000ml-glass-bottle3-.jpg","width":800,"height":800,"caption":"1000ml Clear Spirit Wholesale Glass Bottles For Sale"},{"@type":"BreadcrumbList","@id":"https:\/\/ruishengglassco.com\/product\/rs122-1000ml-clear-spirit-wholesale-glass-bottles-for-sale#breadcrumb","itemListElement":[{"@type":"ListItem","position":1,"name":"Home","item":"https:\/\/glassbottlewholesale.com\/"},{"@type":"ListItem","position":2,"name":"Products","item":"https:\/\/glassbottlewholesale.com\/shop\/"},{"@type":"ListItem","position":3,"name":"RS122: 1000ml Clear Spirit Wholesale Glass Bottles For Sale"}]},{"@type":"WebSite","@id":"https:\/\/glassbottlewholesale.com\/#website","url":"https:\/\/glassbottlewholesale.com\/","name":"Glass Bottle Wholesale","description":"","publisher":{"@id":"https:\/\/glassbottlewholesale.com\/#organization"},"potentialAction":[{"@type":"SearchAction","target":{"@type":"EntryPoint","urlTemplate":"https:\/\/glassbottlewholesale.com\/?s={search_term_string}"},"query-input":{"@type":"PropertyValueSpecification","valueRequired":true,"valueName":"search_term_string"}}],"inLanguage":"fr-FR"},{"@type":"Organization","@id":"https:\/\/glassbottlewholesale.com\/#organization","name":"Glass Bottle Wholesale","url":"https:\/\/glassbottlewholesale.com\/","logo":{"@type":"ImageObject","inLanguage":"fr-FR","@id":"https:\/\/glassbottlewholesale.com\/#\/schema\/logo\/image\/","url":"https:\/\/glassbottlewholesale.com\/wp-content\/uploads\/2023\/12\/ruisheng-logo.webp","contentUrl":"https:\/\/glassbottlewholesale.com\/wp-content\/uploads\/2023\/12\/ruisheng-logo.webp","width":400,"height":233,"caption":"Glass Bottle Wholesale"},"image":{"@id":"https:\/\/glassbottlewholesale.com\/#\/schema\/logo\/image\/"}}]}},"_links":{"self":[{"href":"https:\/\/glassbottlewholesale.com\/fr\/wp-json\/wp\/v2\/product\/462","targetHints":{"allow":["GET"]}}],"collection":[{"href":"https:\/\/glassbottlewholesale.com\/fr\/wp-json\/wp\/v2\/product"}],"about":[{"href":"https:\/\/glassbottlewholesale.com\/fr\/wp-json\/wp\/v2\/types\/product"}],"replies":[{"embeddable":true,"href":"https:\/\/glassbottlewholesale.com\/fr\/wp-json\/wp\/v2\/comments?post=462"}],"wp:featuredmedia":[{"embeddable":true,"href":"https:\/\/glassbottlewholesale.com\/fr\/wp-json\/wp\/v2\/media\/4483"}],"wp:attachment":[{"href":"https:\/\/glassbottlewholesale.com\/fr\/wp-json\/wp\/v2\/media?parent=462"}],"wp:term":[{"taxonomy":"product_brand","embeddable":true,"href":"https:\/\/glassbottlewholesale.com\/fr\/wp-json\/wp\/v2\/product_brand?post=462"},{"taxonomy":"product_cat","embeddable":true,"href":"https:\/\/glassbottlewholesale.com\/fr\/wp-json\/wp\/v2\/product_cat?post=462"},{"taxonomy":"product_tag","embeddable":true,"href":"https:\/\/glassbottlewholesale.com\/fr\/wp-json\/wp\/v2\/product_tag?post=462"}],"curies":[{"name":"wp","href":"https:\/\/api.w.org\/{rel}","templated":true}]}}