{"id":464,"date":"2019-10-14T13:51:34","date_gmt":"2019-10-14T13:51:34","guid":{"rendered":"https:\/\/queenchingglass.com\/?post_type=product&#038;p=464"},"modified":"2025-07-10T00:59:49","modified_gmt":"2025-07-10T00:59:49","slug":"bouteilles-dalcool-rondes-de-16-oz-avec-bouchon-a-vis","status":"publish","type":"product","link":"https:\/\/glassbottlewholesale.com\/fr\/bouteilles-dalcool-rondes-de-16-oz-avec-bouchon-a-vis\/","title":{"rendered":"RS121\u00a0:\u00a0bouteilles d&#039;alcool rondes de 16 OZ avec bouchon \u00e0 vis"},"content":{"rendered":"<div class=\"wpb-content-wrapper\"><div class=\"vc_row wpb_row vc_row-fluid\"><div class=\"wpb_column vc_column_container vc_col-sm-12\"><div class=\"vc_column-inner\"><div class=\"wpb_wrapper\">\n\t<div class=\"wpb_text_column wpb_content_element\" >\n\t\t<div class=\"wpb_wrapper\">\n\t\t\t<p>La vente en gros de bouteilles en verre de 16 oz est fabriqu\u00e9e \u00e0 Shandong Yuncheng Ruisheng Glass Co., Ltd. Notre soci\u00e9t\u00e9 est l&#039;un des plus grands fournisseurs de bouteilles d&#039;alcool en verre super silex en Chine.<\/p>\n<p>La bouteille d&#039;alcool ronde de 500 ml est fabriqu\u00e9e en verre \u00e0 haute teneur en silex qui rend la bouteille en verre plus claire, durable et lisse.<\/p>\n<p>Notre entreprise compte plus de 500 employ\u00e9s et un groupe d&#039;ing\u00e9nieurs qualifi\u00e9s. Avec une riche exp\u00e9rience, nous avons une bonne r\u00e9putation partout dans le monde.<\/p>\n<p>Nos principaux produits sont les s\u00e9ries de gros de bouteilles en verre de 750 ml, les s\u00e9ries de gros de bouteilles en verre de 700 ml et ces s\u00e9ries de gros de bouteilles en verre de 500 ml. Il est g\u00e9n\u00e9ralement utilis\u00e9 comme r\u00e9cipients d&#039;alcool, bouteilles de vodka, bouteilles de whisky, bouteilles de confiture, bouteilles de gin, bouteilles de brandy, etc. En tant que plus grand fournisseur de bouteilles d&#039;alcool rondes de 500 ml en Chine, Ruisheng a export\u00e9 nos produits vers les \u00c9tats-Unis, le Royaume-Uni, l&#039;Australie, la France, L&#039;\u00c9gypte et plus de 50 pays jouissent d&#039;une grande r\u00e9putation en mati\u00e8re d&#039;innovation et de fonctionnalit\u00e9.<\/p>\n<h4>D\u00e9tails sur les bouteilles en verre de 16 OZ en gros<\/h4>\n<ul>\n<li>Mat\u00e9riau principal: verre silex \u00e9lev\u00e9<\/li>\n<li>Bouchon\u00a0:\u00a0bouchon \u00e0 vis\/bouchons\/bouchon en verre<\/li>\n<li>R\u00e9f\u00e9rence : RS121<\/li>\n<li>Quantit\u00e9 minimale de commande\u00a0:\u00a010\u00a0000\u00a0pi\u00e8ces<\/li>\n<li>Capacit\u00e9: 500 ml<\/li>\n<li>Pi\u00e8ces\/carton\u00a0: 24 pi\u00e8ces<\/li>\n<li>Origine du lieu : Shandong, Chine<\/li>\n<li>Caract\u00e9ristique\u00a0:\u00a0\u00e9cologique<\/li>\n<\/ul>\n<p>Si vous \u00eates int\u00e9ress\u00e9 par nos bouteilles en verre de 16 oz en gros, veuillez <a href=\"https:\/\/ruishengglassco.com\/contact\">Contactez-nous<\/a>. Si vous souhaitez r\u00e9aliser des bouteilles en verre personnalis\u00e9es, contactez-nous \u00e9galement. Nous sommes tr\u00e8s heureux de recevoir votre demande concernant la meilleure bouteille d\u2019eau en verre.<\/p>\n\n\t\t<\/div>\n\t<\/div>\n<\/div><\/div><\/div><\/div>\n<\/div>","protected":false},"excerpt":{"rendered":"<p>Les bouteilles en verre Ruisheng de 16 oz en gros avec corps transparent permettent de montrer facilement la qualit\u00e9, la couleur et le lustre de l&#039;alcool. Notre bouteille d&#039;alcool ronde en gros de l&#039;usine chinoise a \u00e9t\u00e9 export\u00e9e dans plus de 20 comt\u00e9s et a gagn\u00e9 la faveur des clients.<\/p>","protected":false},"featured_media":465,"comment_status":"open","ping_status":"closed","template":"","meta":[],"product_brand":[],"product_cat":[50,63],"product_tag":[],"class_list":{"0":"post-464","1":"product","2":"type-product","3":"status-publish","4":"has-post-thumbnail","6":"product_cat-500ml-glass-bottle","7":"product_cat-liquor-bottle","8":"entry","9":"has-media","11":"first","12":"instock","13":"shipping-taxable","14":"product-type-simple"},"yoast_head":"<!-- This site is optimized with the Yoast SEO plugin v27.3 - https:\/\/yoast.com\/product\/yoast-seo-wordpress\/ -->\n<title>16 OZ Glass Bottles Wholesale | 500ml Round Liquor Bottle Supplier<\/title>\n<meta name=\"description\" content=\"Ruisheng, a primary China Liquor Bottle Manufacturer&amp;Supplier, provide 16 OZ glass bottles wholesale for liquor brands, companies.\" \/>\n<meta name=\"robots\" content=\"index, follow, max-snippet:-1, max-image-preview:large, max-video-preview:-1\" \/>\n<link rel=\"canonical\" href=\"https:\/\/ruishengglassco.com\/product\/rs121-16-oz-round-liquor-bottles-with-screw-cap\" \/>\n<meta property=\"og:locale\" content=\"fr_FR\" \/>\n<meta property=\"og:type\" content=\"article\" \/>\n<meta property=\"og:title\" content=\"16 OZ Glass Bottles Wholesale | 500ml Round Liquor Bottle Supplier\" \/>\n<meta property=\"og:description\" content=\"Ruisheng, a primary China Liquor Bottle Manufacturer&amp;Supplier, provide 16 OZ glass bottles wholesale for liquor brands, companies.\" \/>\n<meta property=\"og:url\" content=\"https:\/\/ruishengglassco.com\/product\/rs121-16-oz-round-liquor-bottles-with-screw-cap\" \/>\n<meta property=\"og:site_name\" content=\"Glass Bottle Wholesale\" \/>\n<meta property=\"article:modified_time\" content=\"2025-07-10T00:59:49+00:00\" \/>\n<meta property=\"og:image\" content=\"https:\/\/glassbottlewholesale.com\/wp-content\/uploads\/2019\/10\/\u767d\u9152\u74f61.jpg\" \/>\n\t<meta property=\"og:image:width\" content=\"400\" \/>\n\t<meta property=\"og:image:height\" content=\"400\" \/>\n\t<meta property=\"og:image:type\" content=\"image\/jpeg\" \/>\n<meta name=\"twitter:card\" content=\"summary_large_image\" \/>\n<meta name=\"twitter:label1\" content=\"Dur\u00e9e de lecture estim\u00e9e\" \/>\n\t<meta name=\"twitter:data1\" content=\"1 minute\" \/>\n<script type=\"application\/ld+json\" class=\"yoast-schema-graph\">{\"@context\":\"https:\\\/\\\/schema.org\",\"@graph\":[{\"@type\":\"WebPage\",\"@id\":\"https:\\\/\\\/glassbottlewholesale.com\\\/16-oz-round-liquor-bottles-with-screw-cap\\\/\",\"url\":\"https:\\\/\\\/ruishengglassco.com\\\/product\\\/rs121-16-oz-round-liquor-bottles-with-screw-cap\",\"name\":\"16 OZ Glass Bottles Wholesale | 500ml Round Liquor Bottle Supplier\",\"isPartOf\":{\"@id\":\"https:\\\/\\\/glassbottlewholesale.com\\\/#website\"},\"primaryImageOfPage\":{\"@id\":\"https:\\\/\\\/ruishengglassco.com\\\/product\\\/rs121-16-oz-round-liquor-bottles-with-screw-cap#primaryimage\"},\"image\":{\"@id\":\"https:\\\/\\\/ruishengglassco.com\\\/product\\\/rs121-16-oz-round-liquor-bottles-with-screw-cap#primaryimage\"},\"thumbnailUrl\":\"https:\\\/\\\/glassbottlewholesale.com\\\/wp-content\\\/uploads\\\/2019\\\/10\\\/\u767d\u9152\u74f61.jpg\",\"datePublished\":\"2019-10-14T13:51:34+00:00\",\"dateModified\":\"2025-07-10T00:59:49+00:00\",\"description\":\"Ruisheng, a primary China Liquor Bottle Manufacturer&Supplier, provide 16 OZ glass bottles wholesale for liquor brands, companies.\",\"breadcrumb\":{\"@id\":\"https:\\\/\\\/ruishengglassco.com\\\/product\\\/rs121-16-oz-round-liquor-bottles-with-screw-cap#breadcrumb\"},\"inLanguage\":\"fr-FR\",\"potentialAction\":[{\"@type\":\"ReadAction\",\"target\":[\"https:\\\/\\\/ruishengglassco.com\\\/product\\\/rs121-16-oz-round-liquor-bottles-with-screw-cap\"]}]},{\"@type\":\"ImageObject\",\"inLanguage\":\"fr-FR\",\"@id\":\"https:\\\/\\\/ruishengglassco.com\\\/product\\\/rs121-16-oz-round-liquor-bottles-with-screw-cap#primaryimage\",\"url\":\"https:\\\/\\\/glassbottlewholesale.com\\\/wp-content\\\/uploads\\\/2019\\\/10\\\/\u767d\u9152\u74f61.jpg\",\"contentUrl\":\"https:\\\/\\\/glassbottlewholesale.com\\\/wp-content\\\/uploads\\\/2019\\\/10\\\/\u767d\u9152\u74f61.jpg\",\"width\":400,\"height\":400,\"caption\":\"16 OZ Glass Bottles Wholesale\"},{\"@type\":\"BreadcrumbList\",\"@id\":\"https:\\\/\\\/ruishengglassco.com\\\/product\\\/rs121-16-oz-round-liquor-bottles-with-screw-cap#breadcrumb\",\"itemListElement\":[{\"@type\":\"ListItem\",\"position\":1,\"name\":\"Home\",\"item\":\"https:\\\/\\\/glassbottlewholesale.com\\\/\"},{\"@type\":\"ListItem\",\"position\":2,\"name\":\"Products\",\"item\":\"https:\\\/\\\/glassbottlewholesale.com\\\/shop\\\/\"},{\"@type\":\"ListItem\",\"position\":3,\"name\":\"RS121: 16 OZ Round Liquor Bottles With Screw Cap\"}]},{\"@type\":\"WebSite\",\"@id\":\"https:\\\/\\\/glassbottlewholesale.com\\\/#website\",\"url\":\"https:\\\/\\\/glassbottlewholesale.com\\\/\",\"name\":\"Glass Bottle Wholesale\",\"description\":\"\",\"publisher\":{\"@id\":\"https:\\\/\\\/glassbottlewholesale.com\\\/#organization\"},\"potentialAction\":[{\"@type\":\"SearchAction\",\"target\":{\"@type\":\"EntryPoint\",\"urlTemplate\":\"https:\\\/\\\/glassbottlewholesale.com\\\/?s={search_term_string}\"},\"query-input\":{\"@type\":\"PropertyValueSpecification\",\"valueRequired\":true,\"valueName\":\"search_term_string\"}}],\"inLanguage\":\"fr-FR\"},{\"@type\":\"Organization\",\"@id\":\"https:\\\/\\\/glassbottlewholesale.com\\\/#organization\",\"name\":\"Glass Bottle Wholesale\",\"url\":\"https:\\\/\\\/glassbottlewholesale.com\\\/\",\"logo\":{\"@type\":\"ImageObject\",\"inLanguage\":\"fr-FR\",\"@id\":\"https:\\\/\\\/glassbottlewholesale.com\\\/#\\\/schema\\\/logo\\\/image\\\/\",\"url\":\"https:\\\/\\\/glassbottlewholesale.com\\\/wp-content\\\/uploads\\\/2023\\\/12\\\/ruisheng-logo.webp\",\"contentUrl\":\"https:\\\/\\\/glassbottlewholesale.com\\\/wp-content\\\/uploads\\\/2023\\\/12\\\/ruisheng-logo.webp\",\"width\":400,\"height\":233,\"caption\":\"Glass Bottle Wholesale\"},\"image\":{\"@id\":\"https:\\\/\\\/glassbottlewholesale.com\\\/#\\\/schema\\\/logo\\\/image\\\/\"}}]}<\/script>\n<!-- \/ Yoast SEO plugin. -->","yoast_head_json":{"title":"Bouteilles en verre de 16 OZ en gros | Fournisseur de bouteilles d&#039;alcool rondes de 500 ml","description":"Ruisheng, l&#039;un des principaux fabricants et fournisseurs de bouteilles d&#039;alcool en Chine, fournit des bouteilles en verre de 16 OZ en gros pour les marques d&#039;alcool et les entreprises.","robots":{"index":"index","follow":"follow","max-snippet":"max-snippet:-1","max-image-preview":"max-image-preview:large","max-video-preview":"max-video-preview:-1"},"canonical":"https:\/\/ruishengglassco.com\/product\/rs121-16-oz-round-liquor-bottles-with-screw-cap","og_locale":"fr_FR","og_type":"article","og_title":"16 OZ Glass Bottles Wholesale | 500ml Round Liquor Bottle Supplier","og_description":"Ruisheng, a primary China Liquor Bottle Manufacturer&Supplier, provide 16 OZ glass bottles wholesale for liquor brands, companies.","og_url":"https:\/\/ruishengglassco.com\/product\/rs121-16-oz-round-liquor-bottles-with-screw-cap","og_site_name":"Glass Bottle Wholesale","article_modified_time":"2025-07-10T00:59:49+00:00","og_image":[{"width":400,"height":400,"url":"https:\/\/glassbottlewholesale.com\/wp-content\/uploads\/2019\/10\/\u767d\u9152\u74f61.jpg","type":"image\/jpeg"}],"twitter_card":"summary_large_image","twitter_misc":{"Dur\u00e9e de lecture estim\u00e9e":"1 minute"},"schema":{"@context":"https:\/\/schema.org","@graph":[{"@type":"WebPage","@id":"https:\/\/glassbottlewholesale.com\/16-oz-round-liquor-bottles-with-screw-cap\/","url":"https:\/\/ruishengglassco.com\/product\/rs121-16-oz-round-liquor-bottles-with-screw-cap","name":"Bouteilles en verre de 16 OZ en gros | Fournisseur de bouteilles d&#039;alcool rondes de 500 ml","isPartOf":{"@id":"https:\/\/glassbottlewholesale.com\/#website"},"primaryImageOfPage":{"@id":"https:\/\/ruishengglassco.com\/product\/rs121-16-oz-round-liquor-bottles-with-screw-cap#primaryimage"},"image":{"@id":"https:\/\/ruishengglassco.com\/product\/rs121-16-oz-round-liquor-bottles-with-screw-cap#primaryimage"},"thumbnailUrl":"https:\/\/glassbottlewholesale.com\/wp-content\/uploads\/2019\/10\/\u767d\u9152\u74f61.jpg","datePublished":"2019-10-14T13:51:34+00:00","dateModified":"2025-07-10T00:59:49+00:00","description":"Ruisheng, l&#039;un des principaux fabricants et fournisseurs de bouteilles d&#039;alcool en Chine, fournit des bouteilles en verre de 16 OZ en gros pour les marques d&#039;alcool et les entreprises.","breadcrumb":{"@id":"https:\/\/ruishengglassco.com\/product\/rs121-16-oz-round-liquor-bottles-with-screw-cap#breadcrumb"},"inLanguage":"fr-FR","potentialAction":[{"@type":"ReadAction","target":["https:\/\/ruishengglassco.com\/product\/rs121-16-oz-round-liquor-bottles-with-screw-cap"]}]},{"@type":"ImageObject","inLanguage":"fr-FR","@id":"https:\/\/ruishengglassco.com\/product\/rs121-16-oz-round-liquor-bottles-with-screw-cap#primaryimage","url":"https:\/\/glassbottlewholesale.com\/wp-content\/uploads\/2019\/10\/\u767d\u9152\u74f61.jpg","contentUrl":"https:\/\/glassbottlewholesale.com\/wp-content\/uploads\/2019\/10\/\u767d\u9152\u74f61.jpg","width":400,"height":400,"caption":"16 OZ Glass Bottles Wholesale"},{"@type":"BreadcrumbList","@id":"https:\/\/ruishengglassco.com\/product\/rs121-16-oz-round-liquor-bottles-with-screw-cap#breadcrumb","itemListElement":[{"@type":"ListItem","position":1,"name":"Home","item":"https:\/\/glassbottlewholesale.com\/"},{"@type":"ListItem","position":2,"name":"Products","item":"https:\/\/glassbottlewholesale.com\/shop\/"},{"@type":"ListItem","position":3,"name":"RS121: 16 OZ Round Liquor Bottles With Screw Cap"}]},{"@type":"WebSite","@id":"https:\/\/glassbottlewholesale.com\/#website","url":"https:\/\/glassbottlewholesale.com\/","name":"Glass Bottle Wholesale","description":"","publisher":{"@id":"https:\/\/glassbottlewholesale.com\/#organization"},"potentialAction":[{"@type":"SearchAction","target":{"@type":"EntryPoint","urlTemplate":"https:\/\/glassbottlewholesale.com\/?s={search_term_string}"},"query-input":{"@type":"PropertyValueSpecification","valueRequired":true,"valueName":"search_term_string"}}],"inLanguage":"fr-FR"},{"@type":"Organization","@id":"https:\/\/glassbottlewholesale.com\/#organization","name":"Glass Bottle Wholesale","url":"https:\/\/glassbottlewholesale.com\/","logo":{"@type":"ImageObject","inLanguage":"fr-FR","@id":"https:\/\/glassbottlewholesale.com\/#\/schema\/logo\/image\/","url":"https:\/\/glassbottlewholesale.com\/wp-content\/uploads\/2023\/12\/ruisheng-logo.webp","contentUrl":"https:\/\/glassbottlewholesale.com\/wp-content\/uploads\/2023\/12\/ruisheng-logo.webp","width":400,"height":233,"caption":"Glass Bottle Wholesale"},"image":{"@id":"https:\/\/glassbottlewholesale.com\/#\/schema\/logo\/image\/"}}]}},"_links":{"self":[{"href":"https:\/\/glassbottlewholesale.com\/fr\/wp-json\/wp\/v2\/product\/464","targetHints":{"allow":["GET"]}}],"collection":[{"href":"https:\/\/glassbottlewholesale.com\/fr\/wp-json\/wp\/v2\/product"}],"about":[{"href":"https:\/\/glassbottlewholesale.com\/fr\/wp-json\/wp\/v2\/types\/product"}],"replies":[{"embeddable":true,"href":"https:\/\/glassbottlewholesale.com\/fr\/wp-json\/wp\/v2\/comments?post=464"}],"wp:featuredmedia":[{"embeddable":true,"href":"https:\/\/glassbottlewholesale.com\/fr\/wp-json\/wp\/v2\/media\/465"}],"wp:attachment":[{"href":"https:\/\/glassbottlewholesale.com\/fr\/wp-json\/wp\/v2\/media?parent=464"}],"wp:term":[{"taxonomy":"product_brand","embeddable":true,"href":"https:\/\/glassbottlewholesale.com\/fr\/wp-json\/wp\/v2\/product_brand?post=464"},{"taxonomy":"product_cat","embeddable":true,"href":"https:\/\/glassbottlewholesale.com\/fr\/wp-json\/wp\/v2\/product_cat?post=464"},{"taxonomy":"product_tag","embeddable":true,"href":"https:\/\/glassbottlewholesale.com\/fr\/wp-json\/wp\/v2\/product_tag?post=464"}],"curies":[{"name":"wp","href":"https:\/\/api.w.org\/{rel}","templated":true}]}}