{"id":466,"date":"2019-10-14T13:53:43","date_gmt":"2019-10-14T13:53:43","guid":{"rendered":"https:\/\/queenchingglass.com\/?post_type=product&#038;p=466"},"modified":"2025-07-10T03:08:31","modified_gmt":"2025-07-10T03:08:31","slug":"grossiste-bouteilles-en-verre-transparent-de-750ml-avec-bouchons-a-vis","status":"publish","type":"product","link":"https:\/\/glassbottlewholesale.com\/fr\/grossiste-bouteilles-en-verre-transparent-de-750ml-avec-bouchons-a-vis\/","title":{"rendered":"RS120\u00a0:\u00a0bouteilles en verre transparent de 750\u00a0ml avec bouchons \u00e0 vis en gros"},"content":{"rendered":"<div class=\"wpb-content-wrapper\"><div class=\"vc_row wpb_row vc_row-fluid\"><div class=\"wpb_column vc_column_container vc_col-sm-12\"><div class=\"vc_column-inner\"><div class=\"wpb_wrapper\">\n\t<div class=\"wpb_text_column wpb_content_element\" >\n\t\t<div class=\"wpb_wrapper\">\n\t\t\t<p>&nbsp;<\/p>\n<p>Les bouteilles en verre transparent de 750 ml avec bouchon \u00e0 vis sont fabriqu\u00e9es par Shandong Yuncheng Ruisheng Glass Co. Notre soci\u00e9t\u00e9 est l'un des plus grands fabricants de verre \u00e0 silex.<a href=\"https:\/\/ruishengglassco.com\/glass-liquor-spirit-bottles\"> fabricants de bouteilles en verre pour boissons alcoolis\u00e9es<\/a>\u00a0en Chine. Notre entreprise compte plus de 500 employ\u00e9s et un groupe d&#039;ing\u00e9nieurs qualifi\u00e9s. Avec une riche exp\u00e9rience, nous avons une bonne r\u00e9putation partout dans le monde.<\/p>\n<p>La bouteille de spiritueux en gros de 750 ml avec bouchons est fabriqu\u00e9e en verre \u00e0 haute teneur en silex, ce qui rend la bouteille en verre plus claire, plus durable et plus lisse.  Elle convient \u00e0 l'emballage des liqueurs, de la vodka, du brandy, du whisky, de la confiture, etc.<\/p>\n<p>En tant que fabricant de bouteilles de spiritueux en gros de premier plan avec bouchons en li\u00e8ge, Ruisheng se concentre sur la fabrication de bouteilles en verre de premi\u00e8re qualit\u00e9 telles que des bouteilles de vodka, des bouteilles de brandy, des bouteilles de whisky, des bouteilles d&#039;alcool, des bouteilles de confiture, etc. Nous pouvons \u00e9galement proposer en gros des bouteilles de spiritueux de diff\u00e9rentes couleurs, telles que des bouteilles en verre ambr\u00e9, des bouteilles vertes, des bouteilles en verre blanc, des bouteilles en verre transparent, etc. Notre march\u00e9 principal au Royaume-Uni, aux \u00c9tats-Unis, en Australie, au Canada et dans de nombreux autres pays. Et tous les produits jouissent d\u2019une grande r\u00e9putation en mati\u00e8re d\u2019innovation et de fonctionnalit\u00e9.<\/p>\n<p>Comment choisir les bouteilles en verre pour e-liquide ? Pour choisir la bonne bouteille en verre transparent pour e-liquide, il faut d'abord tenir compte de la qualit\u00e9 des bouteilles de liquide,\u00a0<a href=\"https:\/\/ruishengglassco.com\/glass-liquor-spirit-bottles\">bouteille en verre de haute qualit\u00e9<\/a>\u00a0est en mesure d\u2019assurer la qualit\u00e9 des boissons alcoolis\u00e9es et d\u2019en am\u00e9liorer la valeur. En outre, les clients doivent \u00e9galement pr\u00eater attention \u00e0 la qualit\u00e9 des produits alcoolis\u00e9s, \u00e0 la saveur de l&#039;alcool et \u00e0 la propagande culturelle pour s\u00e9lectionner une bouteille en verre pour e-liquide. De plus, choisir et acheter des produits de bouteilles d&#039;alcool doit choisir un fabricant de bouteilles d&#039;alcool r\u00e9gulier, pour garantir la qualit\u00e9 et le prix des bouteilles d&#039;alcool.<\/p>\n<p>Si vous \u00eates int\u00e9ress\u00e9 par nos bouteilles en verre transparent de 750 ml avec bouchons \u00e0 vis, veuillez nous contacter. Nous vous r\u00e9pondrons dans les 24 heures.<\/p>\n\n\t\t<\/div>\n\t<\/div>\n<\/div><\/div><\/div><\/div>\n<\/div>","protected":false},"excerpt":{"rendered":"<p>Bouteilles rondes en verre transparent de 750 ml avec bouchons \u00e0 vis. La belle couleur du spiritueux transpara\u00eet \u00e0 travers la verrerie super-flint pour le whisky, le brandy, la vodka, etc. Bouchon en li\u00e8ge\/\u00e0 vis disponible.<\/p>\n<p>Bouteille en verre de 750ml D\u00e9tails :<\/p>\n<ul>\n<li>R\u00e9f\u00e9rence : RS120<\/li>\n<li><strong>Service OEM\/ODM offert. MOQ\u00a0: 10 000\u00a0pi\u00e8ces (10 000\u00a0pi\u00e8ces)<\/strong><\/li>\n<li>Capuchon : Capuchon \u00e0 vis\/bouchon<\/li>\n<li>Mat\u00e9riau : verre silex \u00e9lev\u00e9.<\/li>\n<li>Livraison : \u00c9chantillon gratuit offert dans les 3 \u00e0 7 jours. Commande en gros sous 30 jours.<\/li>\n<li>Caract\u00e9ristique\u00a0:\u00a0\u00e9cologique<\/li>\n<\/ul>","protected":false},"featured_media":4747,"comment_status":"open","ping_status":"closed","template":"","meta":[],"product_brand":[],"product_cat":[51,52,63],"product_tag":[],"class_list":{"0":"post-466","1":"product","2":"type-product","3":"status-publish","4":"has-post-thumbnail","6":"product_cat-700ml-glass-bottle","7":"product_cat-750ml-glass-bottle","8":"product_cat-liquor-bottle","9":"entry","10":"has-media","12":"first","13":"instock","14":"shipping-taxable","15":"product-type-simple"},"yoast_head":"<!-- This site is optimized with the Yoast SEO plugin v27.3 - https:\/\/yoast.com\/product\/yoast-seo-wordpress\/ -->\n<title>Clear Glass Bottles With Screw Caps | Wholesale Glass Liquor Bottle<\/title>\n<meta name=\"description\" content=\"Buy Clear Glass Bottles With Screw Caps From China Liquor Bottle Factory. 750ML Glass Liquot Bottle Wholesale In Cheap Price.\" \/>\n<meta name=\"robots\" content=\"index, follow, max-snippet:-1, max-image-preview:large, max-video-preview:-1\" \/>\n<link rel=\"canonical\" href=\"https:\/\/ruishengglassco.com\/product\/rs120clear-750ml-glass-bottles-with-screw-caps-wholesale\" \/>\n<meta property=\"og:locale\" content=\"fr_FR\" \/>\n<meta property=\"og:type\" content=\"article\" \/>\n<meta property=\"og:title\" content=\"Clear Glass Bottles With Screw Caps | Wholesale Glass Liquor Bottle\" \/>\n<meta property=\"og:description\" content=\"Buy Clear Glass Bottles With Screw Caps From China Liquor Bottle Factory. 750ML Glass Liquot Bottle Wholesale In Cheap Price.\" \/>\n<meta property=\"og:url\" content=\"https:\/\/ruishengglassco.com\/product\/rs120clear-750ml-glass-bottles-with-screw-caps-wholesale\" \/>\n<meta property=\"og:site_name\" content=\"Glass Bottle Wholesale\" \/>\n<meta property=\"article:modified_time\" content=\"2025-07-10T03:08:31+00:00\" \/>\n<meta property=\"og:image\" content=\"https:\/\/glassbottlewholesale.com\/wp-content\/uploads\/2024\/04\/glass-bottle-manufacturing11-1.png\" \/>\n\t<meta property=\"og:image:width\" content=\"800\" \/>\n\t<meta property=\"og:image:height\" content=\"800\" \/>\n\t<meta property=\"og:image:type\" content=\"image\/png\" \/>\n<meta name=\"twitter:card\" content=\"summary_large_image\" \/>\n<meta name=\"twitter:label1\" content=\"Dur\u00e9e de lecture estim\u00e9e\" \/>\n\t<meta name=\"twitter:data1\" content=\"2 minutes\" \/>\n<script type=\"application\/ld+json\" class=\"yoast-schema-graph\">{\"@context\":\"https:\\\/\\\/schema.org\",\"@graph\":[{\"@type\":\"WebPage\",\"@id\":\"https:\\\/\\\/glassbottlewholesale.com\\\/wholesale-clear-750ml-glass-bottles-with-screw-caps\\\/\",\"url\":\"https:\\\/\\\/ruishengglassco.com\\\/product\\\/rs120clear-750ml-glass-bottles-with-screw-caps-wholesale\",\"name\":\"Clear Glass Bottles With Screw Caps | Wholesale Glass Liquor Bottle\",\"isPartOf\":{\"@id\":\"https:\\\/\\\/glassbottlewholesale.com\\\/#website\"},\"primaryImageOfPage\":{\"@id\":\"https:\\\/\\\/ruishengglassco.com\\\/product\\\/rs120clear-750ml-glass-bottles-with-screw-caps-wholesale#primaryimage\"},\"image\":{\"@id\":\"https:\\\/\\\/ruishengglassco.com\\\/product\\\/rs120clear-750ml-glass-bottles-with-screw-caps-wholesale#primaryimage\"},\"thumbnailUrl\":\"https:\\\/\\\/glassbottlewholesale.com\\\/wp-content\\\/uploads\\\/2024\\\/04\\\/glass-bottle-manufacturing11-1.png\",\"datePublished\":\"2019-10-14T13:53:43+00:00\",\"dateModified\":\"2025-07-10T03:08:31+00:00\",\"description\":\"Buy Clear Glass Bottles With Screw Caps From China Liquor Bottle Factory. 750ML Glass Liquot Bottle Wholesale In Cheap Price.\",\"breadcrumb\":{\"@id\":\"https:\\\/\\\/ruishengglassco.com\\\/product\\\/rs120clear-750ml-glass-bottles-with-screw-caps-wholesale#breadcrumb\"},\"inLanguage\":\"fr-FR\",\"potentialAction\":[{\"@type\":\"ReadAction\",\"target\":[\"https:\\\/\\\/ruishengglassco.com\\\/product\\\/rs120clear-750ml-glass-bottles-with-screw-caps-wholesale\"]}]},{\"@type\":\"ImageObject\",\"inLanguage\":\"fr-FR\",\"@id\":\"https:\\\/\\\/ruishengglassco.com\\\/product\\\/rs120clear-750ml-glass-bottles-with-screw-caps-wholesale#primaryimage\",\"url\":\"https:\\\/\\\/glassbottlewholesale.com\\\/wp-content\\\/uploads\\\/2024\\\/04\\\/glass-bottle-manufacturing11-1.png\",\"contentUrl\":\"https:\\\/\\\/glassbottlewholesale.com\\\/wp-content\\\/uploads\\\/2024\\\/04\\\/glass-bottle-manufacturing11-1.png\",\"width\":800,\"height\":800,\"caption\":\"RS120:Clear 750ml Glass Bottles With Screw Caps Wholesale\"},{\"@type\":\"BreadcrumbList\",\"@id\":\"https:\\\/\\\/ruishengglassco.com\\\/product\\\/rs120clear-750ml-glass-bottles-with-screw-caps-wholesale#breadcrumb\",\"itemListElement\":[{\"@type\":\"ListItem\",\"position\":1,\"name\":\"Home\",\"item\":\"https:\\\/\\\/glassbottlewholesale.com\\\/\"},{\"@type\":\"ListItem\",\"position\":2,\"name\":\"Products\",\"item\":\"https:\\\/\\\/glassbottlewholesale.com\\\/shop\\\/\"},{\"@type\":\"ListItem\",\"position\":3,\"name\":\"RS120:Clear 750ml Glass Bottles With Screw Caps Wholesale\"}]},{\"@type\":\"WebSite\",\"@id\":\"https:\\\/\\\/glassbottlewholesale.com\\\/#website\",\"url\":\"https:\\\/\\\/glassbottlewholesale.com\\\/\",\"name\":\"Glass Bottle Wholesale\",\"description\":\"\",\"publisher\":{\"@id\":\"https:\\\/\\\/glassbottlewholesale.com\\\/#organization\"},\"potentialAction\":[{\"@type\":\"SearchAction\",\"target\":{\"@type\":\"EntryPoint\",\"urlTemplate\":\"https:\\\/\\\/glassbottlewholesale.com\\\/?s={search_term_string}\"},\"query-input\":{\"@type\":\"PropertyValueSpecification\",\"valueRequired\":true,\"valueName\":\"search_term_string\"}}],\"inLanguage\":\"fr-FR\"},{\"@type\":\"Organization\",\"@id\":\"https:\\\/\\\/glassbottlewholesale.com\\\/#organization\",\"name\":\"Glass Bottle Wholesale\",\"url\":\"https:\\\/\\\/glassbottlewholesale.com\\\/\",\"logo\":{\"@type\":\"ImageObject\",\"inLanguage\":\"fr-FR\",\"@id\":\"https:\\\/\\\/glassbottlewholesale.com\\\/#\\\/schema\\\/logo\\\/image\\\/\",\"url\":\"https:\\\/\\\/glassbottlewholesale.com\\\/wp-content\\\/uploads\\\/2023\\\/12\\\/ruisheng-logo.webp\",\"contentUrl\":\"https:\\\/\\\/glassbottlewholesale.com\\\/wp-content\\\/uploads\\\/2023\\\/12\\\/ruisheng-logo.webp\",\"width\":400,\"height\":233,\"caption\":\"Glass Bottle Wholesale\"},\"image\":{\"@id\":\"https:\\\/\\\/glassbottlewholesale.com\\\/#\\\/schema\\\/logo\\\/image\\\/\"}}]}<\/script>\n<!-- \/ Yoast SEO plugin. -->","yoast_head_json":{"title":"Bouteilles en verre transparent avec bouchons \u00e0 vis | Bouteilles de liqueur en verre en gros","description":"Achetez des bouteilles en verre transparent avec bouchon \u00e0 vis aupr\u00e8s de l'usine chinoise de bouteilles de liqueur. Bouteille de liqueur en verre 750ML en gros \u00e0 bas prix.","robots":{"index":"index","follow":"follow","max-snippet":"max-snippet:-1","max-image-preview":"max-image-preview:large","max-video-preview":"max-video-preview:-1"},"canonical":"https:\/\/ruishengglassco.com\/product\/rs120clear-750ml-glass-bottles-with-screw-caps-wholesale","og_locale":"fr_FR","og_type":"article","og_title":"Clear Glass Bottles With Screw Caps | Wholesale Glass Liquor Bottle","og_description":"Buy Clear Glass Bottles With Screw Caps From China Liquor Bottle Factory. 750ML Glass Liquot Bottle Wholesale In Cheap Price.","og_url":"https:\/\/ruishengglassco.com\/product\/rs120clear-750ml-glass-bottles-with-screw-caps-wholesale","og_site_name":"Glass Bottle Wholesale","article_modified_time":"2025-07-10T03:08:31+00:00","og_image":[{"width":800,"height":800,"url":"https:\/\/glassbottlewholesale.com\/wp-content\/uploads\/2024\/04\/glass-bottle-manufacturing11-1.png","type":"image\/png"}],"twitter_card":"summary_large_image","twitter_misc":{"Dur\u00e9e de lecture estim\u00e9e":"2 minutes"},"schema":{"@context":"https:\/\/schema.org","@graph":[{"@type":"WebPage","@id":"https:\/\/glassbottlewholesale.com\/wholesale-clear-750ml-glass-bottles-with-screw-caps\/","url":"https:\/\/ruishengglassco.com\/product\/rs120clear-750ml-glass-bottles-with-screw-caps-wholesale","name":"Bouteilles en verre transparent avec bouchons \u00e0 vis | Bouteilles de liqueur en verre en gros","isPartOf":{"@id":"https:\/\/glassbottlewholesale.com\/#website"},"primaryImageOfPage":{"@id":"https:\/\/ruishengglassco.com\/product\/rs120clear-750ml-glass-bottles-with-screw-caps-wholesale#primaryimage"},"image":{"@id":"https:\/\/ruishengglassco.com\/product\/rs120clear-750ml-glass-bottles-with-screw-caps-wholesale#primaryimage"},"thumbnailUrl":"https:\/\/glassbottlewholesale.com\/wp-content\/uploads\/2024\/04\/glass-bottle-manufacturing11-1.png","datePublished":"2019-10-14T13:53:43+00:00","dateModified":"2025-07-10T03:08:31+00:00","description":"Achetez des bouteilles en verre transparent avec bouchon \u00e0 vis aupr\u00e8s de l'usine chinoise de bouteilles de liqueur. Bouteille de liqueur en verre 750ML en gros \u00e0 bas prix.","breadcrumb":{"@id":"https:\/\/ruishengglassco.com\/product\/rs120clear-750ml-glass-bottles-with-screw-caps-wholesale#breadcrumb"},"inLanguage":"fr-FR","potentialAction":[{"@type":"ReadAction","target":["https:\/\/ruishengglassco.com\/product\/rs120clear-750ml-glass-bottles-with-screw-caps-wholesale"]}]},{"@type":"ImageObject","inLanguage":"fr-FR","@id":"https:\/\/ruishengglassco.com\/product\/rs120clear-750ml-glass-bottles-with-screw-caps-wholesale#primaryimage","url":"https:\/\/glassbottlewholesale.com\/wp-content\/uploads\/2024\/04\/glass-bottle-manufacturing11-1.png","contentUrl":"https:\/\/glassbottlewholesale.com\/wp-content\/uploads\/2024\/04\/glass-bottle-manufacturing11-1.png","width":800,"height":800,"caption":"RS120:Clear 750ml Glass Bottles With Screw Caps Wholesale"},{"@type":"BreadcrumbList","@id":"https:\/\/ruishengglassco.com\/product\/rs120clear-750ml-glass-bottles-with-screw-caps-wholesale#breadcrumb","itemListElement":[{"@type":"ListItem","position":1,"name":"Home","item":"https:\/\/glassbottlewholesale.com\/"},{"@type":"ListItem","position":2,"name":"Products","item":"https:\/\/glassbottlewholesale.com\/shop\/"},{"@type":"ListItem","position":3,"name":"RS120:Clear 750ml Glass Bottles With Screw Caps Wholesale"}]},{"@type":"WebSite","@id":"https:\/\/glassbottlewholesale.com\/#website","url":"https:\/\/glassbottlewholesale.com\/","name":"Glass Bottle Wholesale","description":"","publisher":{"@id":"https:\/\/glassbottlewholesale.com\/#organization"},"potentialAction":[{"@type":"SearchAction","target":{"@type":"EntryPoint","urlTemplate":"https:\/\/glassbottlewholesale.com\/?s={search_term_string}"},"query-input":{"@type":"PropertyValueSpecification","valueRequired":true,"valueName":"search_term_string"}}],"inLanguage":"fr-FR"},{"@type":"Organization","@id":"https:\/\/glassbottlewholesale.com\/#organization","name":"Glass Bottle Wholesale","url":"https:\/\/glassbottlewholesale.com\/","logo":{"@type":"ImageObject","inLanguage":"fr-FR","@id":"https:\/\/glassbottlewholesale.com\/#\/schema\/logo\/image\/","url":"https:\/\/glassbottlewholesale.com\/wp-content\/uploads\/2023\/12\/ruisheng-logo.webp","contentUrl":"https:\/\/glassbottlewholesale.com\/wp-content\/uploads\/2023\/12\/ruisheng-logo.webp","width":400,"height":233,"caption":"Glass Bottle Wholesale"},"image":{"@id":"https:\/\/glassbottlewholesale.com\/#\/schema\/logo\/image\/"}}]}},"_links":{"self":[{"href":"https:\/\/glassbottlewholesale.com\/fr\/wp-json\/wp\/v2\/product\/466","targetHints":{"allow":["GET"]}}],"collection":[{"href":"https:\/\/glassbottlewholesale.com\/fr\/wp-json\/wp\/v2\/product"}],"about":[{"href":"https:\/\/glassbottlewholesale.com\/fr\/wp-json\/wp\/v2\/types\/product"}],"replies":[{"embeddable":true,"href":"https:\/\/glassbottlewholesale.com\/fr\/wp-json\/wp\/v2\/comments?post=466"}],"wp:featuredmedia":[{"embeddable":true,"href":"https:\/\/glassbottlewholesale.com\/fr\/wp-json\/wp\/v2\/media\/4747"}],"wp:attachment":[{"href":"https:\/\/glassbottlewholesale.com\/fr\/wp-json\/wp\/v2\/media?parent=466"}],"wp:term":[{"taxonomy":"product_brand","embeddable":true,"href":"https:\/\/glassbottlewholesale.com\/fr\/wp-json\/wp\/v2\/product_brand?post=466"},{"taxonomy":"product_cat","embeddable":true,"href":"https:\/\/glassbottlewholesale.com\/fr\/wp-json\/wp\/v2\/product_cat?post=466"},{"taxonomy":"product_tag","embeddable":true,"href":"https:\/\/glassbottlewholesale.com\/fr\/wp-json\/wp\/v2\/product_tag?post=466"}],"curies":[{"name":"wp","href":"https:\/\/api.w.org\/{rel}","templated":true}]}}