{"id":468,"date":"2019-10-14T14:13:41","date_gmt":"2019-10-14T14:13:41","guid":{"rendered":"https:\/\/queenchingglass.com\/?post_type=product&#038;p=468"},"modified":"2025-07-10T00:58:17","modified_gmt":"2025-07-10T00:58:17","slug":"bouteilles-en-verre-carrees-personnalisees-de-750-ml-en-gros","status":"publish","type":"product","link":"https:\/\/glassbottlewholesale.com\/fr\/bouteilles-en-verre-carrees-personnalisees-de-750-ml-en-gros\/","title":{"rendered":"RS115\u00a0: Vente en gros de bouteilles en verre carr\u00e9es personnalis\u00e9es de 750\u00a0ml"},"content":{"rendered":"<div class=\"wpb-content-wrapper\"><div class=\"vc_row wpb_row vc_row-fluid\"><div class=\"wpb_column vc_column_container vc_col-sm-12\"><div class=\"vc_column-inner\"><div class=\"wpb_wrapper\">\n\t<div class=\"wpb_text_column wpb_content_element\" >\n\t\t<div class=\"wpb_wrapper\">\n\t\t\t<h4>Bouteilles en verre carr\u00e9es sur mesure de 750 ml en gros<\/h4>\n<p>Notre usine est situ\u00e9e \u00e0 Shandong, en Chine. Il couvre une vaste zone, nous avons donc plus de 500 travailleurs. Notre soci\u00e9t\u00e9 dispose d&#039;\u00e9quipements de pointe, nous pouvons garantir la qualit\u00e9 des bouteilles d&#039;alcool personnalis\u00e9es.<\/p>\n<p>La bouteille d&#039;alcool personnalis\u00e9e est l&#039;un des projets de haute qualit\u00e9 de notre entreprise. Nos principaux produits sont des bouteilles en verre de qualit\u00e9 sup\u00e9rieure telles que des bouteilles de vodka, des bouteilles de brandy, des bouteilles de whisky, des bouteilles d&#039;alcool, des bouteilles de confiture, etc. Nous pouvons \u00e9galement proposer des bouteilles en verre ambr\u00e9, des bouteilles vertes et des bouteilles d&#039;eau.<\/p>\n<p>Notre soci\u00e9t\u00e9 insiste toujours sur la qualit\u00e9 d&#039;abord et nous respectons strictement les r\u00e8gles dans le processus de vente en gros de bouteilles d&#039;alcool carr\u00e9es de 750 ml. Nous pouvons garantir que nous pouvons fabriquer la bouteille en verre de vin parfaite.<\/p>\n<p><span class=\"tran\" data-group=\"0_0\">Notre<\/span> bouteille d&#039;alcool personnalis\u00e9e <span class=\"tran\" data-group=\"2_2\">vend<\/span>\u00a0Bien\u00a0<span class=\"tran\" data-group=\"3_3\">\u00e0 la maison et \u00e0 l&#039;\u00e9tranger<\/span>. Nous attendons sinc\u00e8rement avec impatience\u00a0<span class=\"tran\" data-group=\"6_7_4\">coop\u00e9rer avec<\/span>\u00a0<span class=\"tran\" data-group=\"4_5\">toi<\/span>. De plus, nous disposons d&#039;un service apr\u00e8s-vente de premi\u00e8re classe, nous r\u00e9soudrons votre probl\u00e8me de chargement.<\/p>\n<h4>D\u00e9tails sur la vente en gros de bouteilles en verre personnalis\u00e9es de 750 ml<\/h4>\n<ul>\n<li>Mat\u00e9riau principal: verre silex \u00e9lev\u00e9<\/li>\n<li>Bouchon : bouchon \u00e0 vis<\/li>\n<li>R\u00e9f\u00e9rence : RS115<\/li>\n<li>Quantit\u00e9 minimale de commande\u00a0:\u00a010\u00a0000\u00a0pi\u00e8ces<\/li>\n<li>Capacit\u00e9 : 750 ml<\/li>\n<li>Pi\u00e8ces\/carton\u00a0: 24 pi\u00e8ces<\/li>\n<li>Origine du lieu : Shandong, Chine<\/li>\n<li>Caract\u00e9ristique\u00a0:\u00a0\u00e9cologique<\/li>\n<\/ul>\n<p>Si vous n&#039;aimez pas cette bouteille d&#039;alcool carr\u00e9e de 750 ml, vous pouvez consulter nos autres produits, nous avons une large gamme de produits, vous pouvez choisir ce que vous aimez.<\/p>\n<p>Notre soci\u00e9t\u00e9 participe souvent \u00e0 des expositions au pays et \u00e0 l\u2019\u00e9tranger, notre march\u00e9 est donc large. Il <span class=\"tran\" data-group=\"1_0\">serait<\/span>\u00a0\u00eatre\u00a0<span class=\"tran\" data-group=\"0_1\">notre<\/span>\u00a0<span class=\"tran\" data-group=\"2_2\">plaisir<\/span>\u00a0<span class=\"tran\" data-group=\"3_3\">\u00e0<\/span>\u00a0mettre\u00a0<span class=\"tran\" data-group=\"4_4\">notre<\/span>\u00a0<span class=\"tran\" data-group=\"5_5\">extensif<\/span>\u00a0<span class=\"tran\" data-group=\"6_6\">exp\u00e9rience<\/span>\u00a0\u00e0\u00a0<span class=\"tran\" data-group=\"9_7\">travail<\/span>\u00a0<span class=\"tran\" data-group=\"7_8\">pour<\/span>\u00a0<span class=\"tran\" data-group=\"8_9\">toi<\/span>. <span class=\"tran\" data-group=\"0_0\">Nous<\/span>\u00a0<span class=\"tran\" data-group=\"1_1\">chaleureusement<\/span>\u00a0<span class=\"tran\" data-group=\"2_2\">accueillir<\/span>\u00a0<span class=\"tran\" data-group=\"6_3\">clients<\/span>\u00a0<span class=\"tran\" data-group=\"3_4\">depuis<\/span>\u00a0<span class=\"tran\" data-group=\"5_5\">partout<\/span>\u00a0<span class=\"tran\" data-group=\"4_6\">le monde<\/span>\u00a0\u00e0\u00a0<span class=\"tran\" data-group=\"7_7\">viens<\/span>\u00a0\u00e0\u00a0<span class=\"tran\" data-group=\"8_8\">notre<\/span>\u00a0<span class=\"tran\" data-group=\"9_9\">usine<\/span>\u00a0pour\u00a0<span class=\"tran\" data-group=\"10_10\">visite<\/span>\u00a0et\u00a0<span class=\"tran\" data-group=\"11_11\">coop\u00e9ration<\/span>.<\/p>\n<p>J&#039;esp\u00e8re que vous aimerez nos bouteilles en verre, nous acceptons \u00e9galement les bouteilles en verre personnalis\u00e9es.<\/p>\n<p>Si vous \u00eates int\u00e9ress\u00e9 par notre bouteille d&#039;alcool carr\u00e9e de 750 ml de bouteilles sur mesure, veuillez <a href=\"https:\/\/ruishengglassco.com\/contact\">Contactez-nous<\/a>. Nous vous r\u00e9pondrons dans les 24 heures.<\/p>\n\n\t\t<\/div>\n\t<\/div>\n<\/div><\/div><\/div><\/div>\n<\/div>","protected":false},"excerpt":{"rendered":"<table class=\"tg\">\n<tbody>\n<tr>\n<th class=\"tg-24i8\" colspan=\"2\">Bouteilles sur mesure Bouteille d&#039;alcool carr\u00e9e de 750 ml<\/th>\n<\/tr>\n<tr>\n<td class=\"tg-b7b8\">R\u00e9f\u00e9rence:<\/td>\n<td class=\"tg-b7b8\">RS115<\/td>\n<\/tr>\n<tr>\n<td class=\"tg-yw4l\">Mat\u00e9riau principal:<\/td>\n<td class=\"tg-yw4l\">Verre silex haut<\/td>\n<\/tr>\n<tr>\n<td class=\"tg-b7b8\">Casquette:<\/td>\n<td class=\"tg-b7b8\">Bouchon \u00e0 vis<\/td>\n<\/tr>\n<tr>\n<td class=\"tg-yw4l\">Capacit\u00e9:<\/td>\n<td class=\"tg-yw4l\">750 ml<\/td>\n<\/tr>\n<tr>\n<td class=\"tg-b7b8\">Fonctionnalit\u00e9:<\/td>\n<td class=\"tg-b7b8\">Respectueux de la nature<\/td>\n<\/tr>\n<tr>\n<td class=\"tg-yw4l\">Quantit\u00e9 minimale de commande\u00a0:<\/td>\n<td class=\"tg-yw4l\">10000 pi\u00e8ces<\/td>\n<\/tr>\n<tr>\n<td class=\"tg-b7b8\">Mode d&#039;exp\u00e9dition\u00a0:<\/td>\n<td class=\"tg-b7b8\">Navire, Express<\/td>\n<\/tr>\n<tr>\n<td class=\"tg-yw4l\">OEM\/ODM\u00a0:<\/td>\n<td class=\"tg-yw4l\">Accueillir<\/td>\n<\/tr>\n<tr>\n<td class=\"tg-b7b8\">Origine du lieu :<\/td>\n<td class=\"tg-b7b8\">Shandong, Chine<\/td>\n<\/tr>\n<tr>\n<td class=\"tg-yw4l\">Pi\u00e8ces\/ctn\u00a0:<\/td>\n<td class=\"tg-yw4l\">24 pi\u00e8ces ou 20 pi\u00e8ces<\/td>\n<\/tr>\n<\/tbody>\n<\/table>","protected":false},"featured_media":4770,"comment_status":"open","ping_status":"closed","template":"","meta":[],"product_brand":[],"product_cat":[52,55,63],"product_tag":[],"class_list":{"0":"post-468","1":"product","2":"type-product","3":"status-publish","4":"has-post-thumbnail","6":"product_cat-750ml-glass-bottle","7":"product_cat-custom-glass-bottle","8":"product_cat-liquor-bottle","9":"entry","10":"has-media","12":"first","13":"instock","14":"shipping-taxable","15":"product-type-simple"},"yoast_head":"<!-- This site is optimized with the Yoast SEO plugin v27.3 - https:\/\/yoast.com\/product\/yoast-seo-wordpress\/ -->\n<title>750ml Square Glass Bottles Wholesale|Customized Liquor Bottle Company<\/title>\n<meta name=\"description\" content=\"Buy 750ml Square Glass Bottles Wholesale From China Liquor Bottle Company. Factory Outlet&amp;Customized Service Offered. Free Sample Here.\" \/>\n<meta name=\"robots\" content=\"index, follow, max-snippet:-1, max-image-preview:large, max-video-preview:-1\" \/>\n<link rel=\"canonical\" href=\"https:\/\/ruishengglassco.com\/product\/rs115-custom-750ml-square-glass-bottles-manufacturers\" \/>\n<meta property=\"og:locale\" content=\"fr_FR\" \/>\n<meta property=\"og:type\" content=\"article\" \/>\n<meta property=\"og:title\" content=\"750ml Square Glass Bottles Wholesale|Customized Liquor Bottle Company\" \/>\n<meta property=\"og:description\" content=\"Buy 750ml Square Glass Bottles Wholesale From China Liquor Bottle Company. Factory Outlet&amp;Customized Service Offered. Free Sample Here.\" \/>\n<meta property=\"og:url\" content=\"https:\/\/ruishengglassco.com\/product\/rs115-custom-750ml-square-glass-bottles-manufacturers\" \/>\n<meta property=\"og:site_name\" content=\"Glass Bottle Wholesale\" \/>\n<meta property=\"article:modified_time\" content=\"2025-07-10T00:58:17+00:00\" \/>\n<meta property=\"og:image\" content=\"https:\/\/glassbottlewholesale.com\/wp-content\/uploads\/2024\/04\/glass-bottle-manufacturing20-1.png\" \/>\n\t<meta property=\"og:image:width\" content=\"800\" \/>\n\t<meta property=\"og:image:height\" content=\"800\" \/>\n\t<meta property=\"og:image:type\" content=\"image\/png\" \/>\n<meta name=\"twitter:card\" content=\"summary_large_image\" \/>\n<meta name=\"twitter:label1\" content=\"Dur\u00e9e de lecture estim\u00e9e\" \/>\n\t<meta name=\"twitter:data1\" content=\"2 minutes\" \/>\n<script type=\"application\/ld+json\" class=\"yoast-schema-graph\">{\"@context\":\"https:\\\/\\\/schema.org\",\"@graph\":[{\"@type\":\"WebPage\",\"@id\":\"https:\\\/\\\/glassbottlewholesale.com\\\/custom-750ml-square-glass-bottles-wholesale\\\/\",\"url\":\"https:\\\/\\\/ruishengglassco.com\\\/product\\\/rs115-custom-750ml-square-glass-bottles-manufacturers\",\"name\":\"750ml Square Glass Bottles Wholesale|Customized Liquor Bottle Company\",\"isPartOf\":{\"@id\":\"https:\\\/\\\/glassbottlewholesale.com\\\/#website\"},\"primaryImageOfPage\":{\"@id\":\"https:\\\/\\\/ruishengglassco.com\\\/product\\\/rs115-custom-750ml-square-glass-bottles-manufacturers#primaryimage\"},\"image\":{\"@id\":\"https:\\\/\\\/ruishengglassco.com\\\/product\\\/rs115-custom-750ml-square-glass-bottles-manufacturers#primaryimage\"},\"thumbnailUrl\":\"https:\\\/\\\/glassbottlewholesale.com\\\/wp-content\\\/uploads\\\/2024\\\/04\\\/glass-bottle-manufacturing20-1.png\",\"datePublished\":\"2019-10-14T14:13:41+00:00\",\"dateModified\":\"2025-07-10T00:58:17+00:00\",\"description\":\"Buy 750ml Square Glass Bottles Wholesale From China Liquor Bottle Company. Factory Outlet&Customized Service Offered. Free Sample Here.\",\"breadcrumb\":{\"@id\":\"https:\\\/\\\/ruishengglassco.com\\\/product\\\/rs115-custom-750ml-square-glass-bottles-manufacturers#breadcrumb\"},\"inLanguage\":\"fr-FR\",\"potentialAction\":[{\"@type\":\"ReadAction\",\"target\":[\"https:\\\/\\\/ruishengglassco.com\\\/product\\\/rs115-custom-750ml-square-glass-bottles-manufacturers\"]}]},{\"@type\":\"ImageObject\",\"inLanguage\":\"fr-FR\",\"@id\":\"https:\\\/\\\/ruishengglassco.com\\\/product\\\/rs115-custom-750ml-square-glass-bottles-manufacturers#primaryimage\",\"url\":\"https:\\\/\\\/glassbottlewholesale.com\\\/wp-content\\\/uploads\\\/2024\\\/04\\\/glass-bottle-manufacturing20-1.png\",\"contentUrl\":\"https:\\\/\\\/glassbottlewholesale.com\\\/wp-content\\\/uploads\\\/2024\\\/04\\\/glass-bottle-manufacturing20-1.png\",\"width\":800,\"height\":800,\"caption\":\"RS115: Custom 750ml Square Glass Bottles Wholesale\"},{\"@type\":\"BreadcrumbList\",\"@id\":\"https:\\\/\\\/ruishengglassco.com\\\/product\\\/rs115-custom-750ml-square-glass-bottles-manufacturers#breadcrumb\",\"itemListElement\":[{\"@type\":\"ListItem\",\"position\":1,\"name\":\"Home\",\"item\":\"https:\\\/\\\/glassbottlewholesale.com\\\/\"},{\"@type\":\"ListItem\",\"position\":2,\"name\":\"Products\",\"item\":\"https:\\\/\\\/glassbottlewholesale.com\\\/shop\\\/\"},{\"@type\":\"ListItem\",\"position\":3,\"name\":\"RS115: Custom 750ml Square Glass Bottles Wholesale\"}]},{\"@type\":\"WebSite\",\"@id\":\"https:\\\/\\\/glassbottlewholesale.com\\\/#website\",\"url\":\"https:\\\/\\\/glassbottlewholesale.com\\\/\",\"name\":\"Glass Bottle Wholesale\",\"description\":\"\",\"publisher\":{\"@id\":\"https:\\\/\\\/glassbottlewholesale.com\\\/#organization\"},\"potentialAction\":[{\"@type\":\"SearchAction\",\"target\":{\"@type\":\"EntryPoint\",\"urlTemplate\":\"https:\\\/\\\/glassbottlewholesale.com\\\/?s={search_term_string}\"},\"query-input\":{\"@type\":\"PropertyValueSpecification\",\"valueRequired\":true,\"valueName\":\"search_term_string\"}}],\"inLanguage\":\"fr-FR\"},{\"@type\":\"Organization\",\"@id\":\"https:\\\/\\\/glassbottlewholesale.com\\\/#organization\",\"name\":\"Glass Bottle Wholesale\",\"url\":\"https:\\\/\\\/glassbottlewholesale.com\\\/\",\"logo\":{\"@type\":\"ImageObject\",\"inLanguage\":\"fr-FR\",\"@id\":\"https:\\\/\\\/glassbottlewholesale.com\\\/#\\\/schema\\\/logo\\\/image\\\/\",\"url\":\"https:\\\/\\\/glassbottlewholesale.com\\\/wp-content\\\/uploads\\\/2023\\\/12\\\/ruisheng-logo.webp\",\"contentUrl\":\"https:\\\/\\\/glassbottlewholesale.com\\\/wp-content\\\/uploads\\\/2023\\\/12\\\/ruisheng-logo.webp\",\"width\":400,\"height\":233,\"caption\":\"Glass Bottle Wholesale\"},\"image\":{\"@id\":\"https:\\\/\\\/glassbottlewholesale.com\\\/#\\\/schema\\\/logo\\\/image\\\/\"}}]}<\/script>\n<!-- \/ Yoast SEO plugin. -->","yoast_head_json":{"title":"Vente en gros de bouteilles en verre carr\u00e9es de 750 ml | Soci\u00e9t\u00e9 de bouteilles d&#039;alcool personnalis\u00e9es","description":"Achetez des bouteilles en verre carr\u00e9es de 750 ml en gros aupr\u00e8s de China Liquor Bottle Company. Magasin d&#039;usine et service personnalis\u00e9 offert. \u00c9chantillon gratuit ici.","robots":{"index":"index","follow":"follow","max-snippet":"max-snippet:-1","max-image-preview":"max-image-preview:large","max-video-preview":"max-video-preview:-1"},"canonical":"https:\/\/ruishengglassco.com\/product\/rs115-custom-750ml-square-glass-bottles-manufacturers","og_locale":"fr_FR","og_type":"article","og_title":"750ml Square Glass Bottles Wholesale|Customized Liquor Bottle Company","og_description":"Buy 750ml Square Glass Bottles Wholesale From China Liquor Bottle Company. Factory Outlet&Customized Service Offered. Free Sample Here.","og_url":"https:\/\/ruishengglassco.com\/product\/rs115-custom-750ml-square-glass-bottles-manufacturers","og_site_name":"Glass Bottle Wholesale","article_modified_time":"2025-07-10T00:58:17+00:00","og_image":[{"width":800,"height":800,"url":"https:\/\/glassbottlewholesale.com\/wp-content\/uploads\/2024\/04\/glass-bottle-manufacturing20-1.png","type":"image\/png"}],"twitter_card":"summary_large_image","twitter_misc":{"Dur\u00e9e de lecture estim\u00e9e":"2 minutes"},"schema":{"@context":"https:\/\/schema.org","@graph":[{"@type":"WebPage","@id":"https:\/\/glassbottlewholesale.com\/custom-750ml-square-glass-bottles-wholesale\/","url":"https:\/\/ruishengglassco.com\/product\/rs115-custom-750ml-square-glass-bottles-manufacturers","name":"Vente en gros de bouteilles en verre carr\u00e9es de 750 ml | Soci\u00e9t\u00e9 de bouteilles d&#039;alcool personnalis\u00e9es","isPartOf":{"@id":"https:\/\/glassbottlewholesale.com\/#website"},"primaryImageOfPage":{"@id":"https:\/\/ruishengglassco.com\/product\/rs115-custom-750ml-square-glass-bottles-manufacturers#primaryimage"},"image":{"@id":"https:\/\/ruishengglassco.com\/product\/rs115-custom-750ml-square-glass-bottles-manufacturers#primaryimage"},"thumbnailUrl":"https:\/\/glassbottlewholesale.com\/wp-content\/uploads\/2024\/04\/glass-bottle-manufacturing20-1.png","datePublished":"2019-10-14T14:13:41+00:00","dateModified":"2025-07-10T00:58:17+00:00","description":"Achetez des bouteilles en verre carr\u00e9es de 750 ml en gros aupr\u00e8s de China Liquor Bottle Company. Magasin d&#039;usine et service personnalis\u00e9 offert. \u00c9chantillon gratuit ici.","breadcrumb":{"@id":"https:\/\/ruishengglassco.com\/product\/rs115-custom-750ml-square-glass-bottles-manufacturers#breadcrumb"},"inLanguage":"fr-FR","potentialAction":[{"@type":"ReadAction","target":["https:\/\/ruishengglassco.com\/product\/rs115-custom-750ml-square-glass-bottles-manufacturers"]}]},{"@type":"ImageObject","inLanguage":"fr-FR","@id":"https:\/\/ruishengglassco.com\/product\/rs115-custom-750ml-square-glass-bottles-manufacturers#primaryimage","url":"https:\/\/glassbottlewholesale.com\/wp-content\/uploads\/2024\/04\/glass-bottle-manufacturing20-1.png","contentUrl":"https:\/\/glassbottlewholesale.com\/wp-content\/uploads\/2024\/04\/glass-bottle-manufacturing20-1.png","width":800,"height":800,"caption":"RS115: Custom 750ml Square Glass Bottles Wholesale"},{"@type":"BreadcrumbList","@id":"https:\/\/ruishengglassco.com\/product\/rs115-custom-750ml-square-glass-bottles-manufacturers#breadcrumb","itemListElement":[{"@type":"ListItem","position":1,"name":"Home","item":"https:\/\/glassbottlewholesale.com\/"},{"@type":"ListItem","position":2,"name":"Products","item":"https:\/\/glassbottlewholesale.com\/shop\/"},{"@type":"ListItem","position":3,"name":"RS115: Custom 750ml Square Glass Bottles Wholesale"}]},{"@type":"WebSite","@id":"https:\/\/glassbottlewholesale.com\/#website","url":"https:\/\/glassbottlewholesale.com\/","name":"Glass Bottle Wholesale","description":"","publisher":{"@id":"https:\/\/glassbottlewholesale.com\/#organization"},"potentialAction":[{"@type":"SearchAction","target":{"@type":"EntryPoint","urlTemplate":"https:\/\/glassbottlewholesale.com\/?s={search_term_string}"},"query-input":{"@type":"PropertyValueSpecification","valueRequired":true,"valueName":"search_term_string"}}],"inLanguage":"fr-FR"},{"@type":"Organization","@id":"https:\/\/glassbottlewholesale.com\/#organization","name":"Glass Bottle Wholesale","url":"https:\/\/glassbottlewholesale.com\/","logo":{"@type":"ImageObject","inLanguage":"fr-FR","@id":"https:\/\/glassbottlewholesale.com\/#\/schema\/logo\/image\/","url":"https:\/\/glassbottlewholesale.com\/wp-content\/uploads\/2023\/12\/ruisheng-logo.webp","contentUrl":"https:\/\/glassbottlewholesale.com\/wp-content\/uploads\/2023\/12\/ruisheng-logo.webp","width":400,"height":233,"caption":"Glass Bottle Wholesale"},"image":{"@id":"https:\/\/glassbottlewholesale.com\/#\/schema\/logo\/image\/"}}]}},"_links":{"self":[{"href":"https:\/\/glassbottlewholesale.com\/fr\/wp-json\/wp\/v2\/product\/468","targetHints":{"allow":["GET"]}}],"collection":[{"href":"https:\/\/glassbottlewholesale.com\/fr\/wp-json\/wp\/v2\/product"}],"about":[{"href":"https:\/\/glassbottlewholesale.com\/fr\/wp-json\/wp\/v2\/types\/product"}],"replies":[{"embeddable":true,"href":"https:\/\/glassbottlewholesale.com\/fr\/wp-json\/wp\/v2\/comments?post=468"}],"wp:featuredmedia":[{"embeddable":true,"href":"https:\/\/glassbottlewholesale.com\/fr\/wp-json\/wp\/v2\/media\/4770"}],"wp:attachment":[{"href":"https:\/\/glassbottlewholesale.com\/fr\/wp-json\/wp\/v2\/media?parent=468"}],"wp:term":[{"taxonomy":"product_brand","embeddable":true,"href":"https:\/\/glassbottlewholesale.com\/fr\/wp-json\/wp\/v2\/product_brand?post=468"},{"taxonomy":"product_cat","embeddable":true,"href":"https:\/\/glassbottlewholesale.com\/fr\/wp-json\/wp\/v2\/product_cat?post=468"},{"taxonomy":"product_tag","embeddable":true,"href":"https:\/\/glassbottlewholesale.com\/fr\/wp-json\/wp\/v2\/product_tag?post=468"}],"curies":[{"name":"wp","href":"https:\/\/api.w.org\/{rel}","templated":true}]}}