{"id":474,"date":"2019-10-14T14:21:16","date_gmt":"2019-10-14T14:21:16","guid":{"rendered":"https:\/\/queenchingglass.com\/?post_type=product&#038;p=474"},"modified":"2025-07-10T00:55:25","modified_gmt":"2025-07-10T00:55:25","slug":"bouteilles-dalcool-speciales-personnalisees-a-prix-de-gros","status":"publish","type":"product","link":"https:\/\/glassbottlewholesale.com\/fr\/bouteilles-dalcool-speciales-personnalisees-a-prix-de-gros\/","title":{"rendered":"RS112\u00a0:\u00a0Prix de gros des bouteilles en verre personnalis\u00e9es de 750\u00a0ml"},"content":{"rendered":"<div class=\"wpb-content-wrapper\"><div class=\"vc_row wpb_row vc_row-fluid\"><div class=\"wpb_column vc_column_container vc_col-sm-12\"><div class=\"vc_column-inner\"><div class=\"wpb_wrapper\">\n\t<div class=\"wpb_text_column wpb_content_element\" >\n\t\t<div class=\"wpb_wrapper\">\n\t\t\t<p>Cette bouteille en verre unique de 750 ml en gros est l&#039;une de nos <a href=\"https:\/\/glassbottlewholesale.com\/fr\/details-du-produit\/700ml-1000ml-glass-liquor-bottle-suppliers\/\">bouteille en verre d&#039;alcool<\/a> doubler. il a un col \u00e9pais, et le corps de la bouteille est \u00e9galement irr\u00e9gulier, et la bouteille est plus \u00e9paisse, donc elle ne se cassera pas facilement. En tant que plus grand fournisseur de bouteilles en verre, Ruisheng peut \u00eatre en mesure de vous fournir une grande quantit\u00e9 de bouteilles en verre antiques de 750 ml avec couvercles en une seule fois.<\/p>\n<p>Notre entreprise compte plus de 500 employ\u00e9s et un groupe d&#039;ing\u00e9nieurs qualifi\u00e9s. Les travailleurs de notre entreprise doivent avoir une riche exp\u00e9rience afin que nous puissions garantir que nous pouvons produire les bouteilles en verre d&#039;alcool parfaites. Avec une riche exp\u00e9rience, nous avons une bonne r\u00e9putation partout dans le monde.<\/p>\n<p>Nos principaux produits sont des bouteilles en verre de qualit\u00e9 sup\u00e9rieure telles que des bouteilles de vodka, des bouteilles de brandy, des bouteilles de whisky, des bouteilles d&#039;alcool, des bouteilles de confiture, etc. Nous pouvons \u00e9galement proposer des bouteilles en verre ambr\u00e9, <a href=\"https:\/\/ruishengglassco.com\/375ml-liquor-glass-bottle-manufacturer\">bouteilles vertes<\/a>et des bouteilles d&#039;eau. Notre march\u00e9 principal est l&#039;Europe, les \u00c9tats-Unis, l&#039;Australie, l&#039;Am\u00e9rique, etc. Et tous les produits jouissent d&#039;une grande r\u00e9putation en mati\u00e8re d&#039;innovation et de fonctionnalit\u00e9.<\/p>\n<p>Nous pouvons imprimer votre logo dessus, et nous pouvons \u00e9galement effectuer un traitement en profondeur sur cette bouteille, comme l&#039;impression, la peinture et autres.<\/p>\n<h4>D\u00e9tails sur la vente en gros de bouteilles en verre uniques de 750 ml<\/h4>\n<ul>\n<li>Mat\u00e9riau principal: verre silex \u00e9lev\u00e9<\/li>\n<li>Bouchon : Li\u00e8ge<\/li>\n<li>R\u00e9f\u00e9rence : RS112<\/li>\n<li>Quantit\u00e9 minimale de commande\u00a0:\u00a010\u00a0000\u00a0pi\u00e8ces<\/li>\n<li>Capacit\u00e9 : 750 ml<\/li>\n<li>Pi\u00e8ces\/carton\u00a0: 24 pi\u00e8ces<\/li>\n<li>Origine du lieu : Shandong, Chine<\/li>\n<li>Caract\u00e9ristique\u00a0:\u00a0\u00e9cologique<\/li>\n<\/ul>\n<p>Nous ouvrons progressivement de nouveaux march\u00e9s. Nous sommes\u00a0<span class=\"tran\" data-group=\"5_1\">tr\u00e8s<\/span>\u00a0<span class=\"tran\" data-group=\"6_2\">confiant<\/span>\u00a0<span class=\"tran\" data-group=\"3_3\">\u00e0 propos<\/span>\u00a0le\u00a0<span class=\"tran\" data-group=\"4_4\">qualit\u00e9<\/span>\u00a0de\u00a0<span class=\"tran\" data-group=\"1_5\">nos bouteilles en verre de 750 ml \u00e0 vendre<\/span><span class=\"tran\" data-group=\"2_6\">\u00a0parce que la qualit\u00e9 est tout pour nous.<\/span><\/p>\n<p>Notre soci\u00e9t\u00e9 dispose d&#039;une \u00e9quipe d&#039;exploitation mature. Des bouteilles en verre sp\u00e9ciales de 750 ml avec bouchons \u00e0 vis sont notre projet dans notre entreprise. Nous connaissons donc tr\u00e8s bien le processus op\u00e9rationnel.<\/p>\n<p>Si vous le souhaitez, n&#039;h\u00e9sitez pas \u00e0 nous contacter. Si vous souhaitez venir visiter notre usine, nous serons les bienvenus.<\/p>\n<p>Nous aurons du personnel sp\u00e9cialis\u00e9 pour vous familiariser avec l&#039;usine. Nous vous donnerons une description d\u00e9taill\u00e9e du processus de production de la bouteille en verre unique.<\/p>\n<p>Si vous souhaitez obtenir un prix de bouteilles d&#039;alcool sp\u00e9cial personnalis\u00e9, veuillez nous contacter. Nous vous r\u00e9pondrons dans les 24 heures.<\/p>\n\n\t\t<\/div>\n\t<\/div>\n<\/div><\/div><\/div><\/div>\n<\/div>","protected":false},"excerpt":{"rendered":"<p>Bouteilles d&#039;alcool sp\u00e9ciales personnalis\u00e9es de l&#039;usine de bouteilles en verre de Chine. Bouteille en verre ronde avec un col long et \u00e9pais, assortie \u00e0 un fond solide, gardez cette bouteille en verre unique de 750 ml en gros sp\u00e9ciale, unique, stable et difficile \u00e0 casser.<\/p>\n<p>contactez-nous et obtenez les prix des bouteilles d&#039;alcool\u00a0:<\/p>\n<ul>\n<li>R\u00e9f\u00e9rence : RS112<\/li>\n<li><strong>Service de bouteilles d&#039;alcool personnalis\u00e9 offert. MOQ\u00a0:\u00a010\u00a0000\u00a0pi\u00e8ces (10\u00a0000\u00a0pi\u00e8ces)<\/strong><\/li>\n<li>Bouchon\u00a0: Li\u00e8ge ou personnalis\u00e9<\/li>\n<li>Mat\u00e9riau : verre silex \u00e9lev\u00e9.<\/li>\n<li>Hauteur de la bouteille : 230 mm<\/li>\n<li>Diam\u00e8tre de la bouteille : 45 mm<\/li>\n<\/ul>","protected":false},"featured_media":4779,"comment_status":"open","ping_status":"closed","template":"","meta":[],"product_brand":[],"product_cat":[51,52,55,63],"product_tag":[],"class_list":{"0":"post-474","1":"product","2":"type-product","3":"status-publish","4":"has-post-thumbnail","6":"product_cat-700ml-glass-bottle","7":"product_cat-750ml-glass-bottle","8":"product_cat-custom-glass-bottle","9":"product_cat-liquor-bottle","10":"entry","11":"has-media","13":"first","14":"instock","15":"shipping-taxable","16":"product-type-simple"},"yoast_head":"<!-- This site is optimized with the Yoast SEO plugin v27.3 - https:\/\/yoast.com\/product\/yoast-seo-wordpress\/ -->\n<title>750ml Unique Glass Bottle Wholesale |Custom Special Liquor Bottles Price<\/title>\n<meta name=\"description\" content=\"Do you want to get custom special liquor bottles price? Click here to contact us and get 750ml unique glass bottle wholesale price.\" \/>\n<meta name=\"robots\" content=\"index, follow, max-snippet:-1, max-image-preview:large, max-video-preview:-1\" \/>\n<link rel=\"canonical\" href=\"https:\/\/ruishengglassco.com\/product\/rs112-custom-750ml-glass-bottles-bulk-prices\" \/>\n<meta property=\"og:locale\" content=\"fr_FR\" \/>\n<meta property=\"og:type\" content=\"article\" \/>\n<meta property=\"og:title\" content=\"750ml Unique Glass Bottle Wholesale |Custom Special Liquor Bottles Price\" \/>\n<meta property=\"og:description\" content=\"Do you want to get custom special liquor bottles price? Click here to contact us and get 750ml unique glass bottle wholesale price.\" \/>\n<meta property=\"og:url\" content=\"https:\/\/ruishengglassco.com\/product\/rs112-custom-750ml-glass-bottles-bulk-prices\" \/>\n<meta property=\"og:site_name\" content=\"Glass Bottle Wholesale\" \/>\n<meta property=\"article:modified_time\" content=\"2025-07-10T00:55:25+00:00\" \/>\n<meta property=\"og:image\" content=\"https:\/\/glassbottlewholesale.com\/wp-content\/uploads\/2024\/04\/glass-bottle-manufacturing-30-1.png\" \/>\n\t<meta property=\"og:image:width\" content=\"800\" \/>\n\t<meta property=\"og:image:height\" content=\"800\" \/>\n\t<meta property=\"og:image:type\" content=\"image\/png\" \/>\n<meta name=\"twitter:card\" content=\"summary_large_image\" \/>\n<meta name=\"twitter:label1\" content=\"Dur\u00e9e de lecture estim\u00e9e\" \/>\n\t<meta name=\"twitter:data1\" content=\"2 minutes\" \/>\n<script type=\"application\/ld+json\" class=\"yoast-schema-graph\">{\"@context\":\"https:\\\/\\\/schema.org\",\"@graph\":[{\"@type\":\"WebPage\",\"@id\":\"https:\\\/\\\/glassbottlewholesale.com\\\/custom-special-liquor-bottles-in-bulk-prices\\\/\",\"url\":\"https:\\\/\\\/ruishengglassco.com\\\/product\\\/rs112-custom-750ml-glass-bottles-bulk-prices\",\"name\":\"750ml Unique Glass Bottle Wholesale |Custom Special Liquor Bottles Price\",\"isPartOf\":{\"@id\":\"https:\\\/\\\/glassbottlewholesale.com\\\/#website\"},\"primaryImageOfPage\":{\"@id\":\"https:\\\/\\\/ruishengglassco.com\\\/product\\\/rs112-custom-750ml-glass-bottles-bulk-prices#primaryimage\"},\"image\":{\"@id\":\"https:\\\/\\\/ruishengglassco.com\\\/product\\\/rs112-custom-750ml-glass-bottles-bulk-prices#primaryimage\"},\"thumbnailUrl\":\"https:\\\/\\\/glassbottlewholesale.com\\\/wp-content\\\/uploads\\\/2024\\\/04\\\/glass-bottle-manufacturing-30-1.png\",\"datePublished\":\"2019-10-14T14:21:16+00:00\",\"dateModified\":\"2025-07-10T00:55:25+00:00\",\"description\":\"Do you want to get custom special liquor bottles price? Click here to contact us and get 750ml unique glass bottle wholesale price.\",\"breadcrumb\":{\"@id\":\"https:\\\/\\\/ruishengglassco.com\\\/product\\\/rs112-custom-750ml-glass-bottles-bulk-prices#breadcrumb\"},\"inLanguage\":\"fr-FR\",\"potentialAction\":[{\"@type\":\"ReadAction\",\"target\":[\"https:\\\/\\\/ruishengglassco.com\\\/product\\\/rs112-custom-750ml-glass-bottles-bulk-prices\"]}]},{\"@type\":\"ImageObject\",\"inLanguage\":\"fr-FR\",\"@id\":\"https:\\\/\\\/ruishengglassco.com\\\/product\\\/rs112-custom-750ml-glass-bottles-bulk-prices#primaryimage\",\"url\":\"https:\\\/\\\/glassbottlewholesale.com\\\/wp-content\\\/uploads\\\/2024\\\/04\\\/glass-bottle-manufacturing-30-1.png\",\"contentUrl\":\"https:\\\/\\\/glassbottlewholesale.com\\\/wp-content\\\/uploads\\\/2024\\\/04\\\/glass-bottle-manufacturing-30-1.png\",\"width\":800,\"height\":800,\"caption\":\"RS112: Custom 750ml Glass Bottles Bulk Prices\"},{\"@type\":\"BreadcrumbList\",\"@id\":\"https:\\\/\\\/ruishengglassco.com\\\/product\\\/rs112-custom-750ml-glass-bottles-bulk-prices#breadcrumb\",\"itemListElement\":[{\"@type\":\"ListItem\",\"position\":1,\"name\":\"Home\",\"item\":\"https:\\\/\\\/glassbottlewholesale.com\\\/\"},{\"@type\":\"ListItem\",\"position\":2,\"name\":\"Products\",\"item\":\"https:\\\/\\\/glassbottlewholesale.com\\\/shop\\\/\"},{\"@type\":\"ListItem\",\"position\":3,\"name\":\"RS112: Custom 750ml Glass Bottles Bulk Prices\"}]},{\"@type\":\"WebSite\",\"@id\":\"https:\\\/\\\/glassbottlewholesale.com\\\/#website\",\"url\":\"https:\\\/\\\/glassbottlewholesale.com\\\/\",\"name\":\"Glass Bottle Wholesale\",\"description\":\"\",\"publisher\":{\"@id\":\"https:\\\/\\\/glassbottlewholesale.com\\\/#organization\"},\"potentialAction\":[{\"@type\":\"SearchAction\",\"target\":{\"@type\":\"EntryPoint\",\"urlTemplate\":\"https:\\\/\\\/glassbottlewholesale.com\\\/?s={search_term_string}\"},\"query-input\":{\"@type\":\"PropertyValueSpecification\",\"valueRequired\":true,\"valueName\":\"search_term_string\"}}],\"inLanguage\":\"fr-FR\"},{\"@type\":\"Organization\",\"@id\":\"https:\\\/\\\/glassbottlewholesale.com\\\/#organization\",\"name\":\"Glass Bottle Wholesale\",\"url\":\"https:\\\/\\\/glassbottlewholesale.com\\\/\",\"logo\":{\"@type\":\"ImageObject\",\"inLanguage\":\"fr-FR\",\"@id\":\"https:\\\/\\\/glassbottlewholesale.com\\\/#\\\/schema\\\/logo\\\/image\\\/\",\"url\":\"https:\\\/\\\/glassbottlewholesale.com\\\/wp-content\\\/uploads\\\/2023\\\/12\\\/ruisheng-logo.webp\",\"contentUrl\":\"https:\\\/\\\/glassbottlewholesale.com\\\/wp-content\\\/uploads\\\/2023\\\/12\\\/ruisheng-logo.webp\",\"width\":400,\"height\":233,\"caption\":\"Glass Bottle Wholesale\"},\"image\":{\"@id\":\"https:\\\/\\\/glassbottlewholesale.com\\\/#\\\/schema\\\/logo\\\/image\\\/\"}}]}<\/script>\n<!-- \/ Yoast SEO plugin. -->","yoast_head_json":{"title":"Bouteille en verre unique de 750 ml, vente en gros | Prix des bouteilles d&#039;alcool sp\u00e9ciales personnalis\u00e9es","description":"Voulez-vous obtenir un prix sp\u00e9cial personnalis\u00e9 pour les bouteilles d&#039;alcool\u00a0? Cliquez ici pour nous contacter et obtenir le prix de gros d&#039;une bouteille en verre unique de 750 ml.","robots":{"index":"index","follow":"follow","max-snippet":"max-snippet:-1","max-image-preview":"max-image-preview:large","max-video-preview":"max-video-preview:-1"},"canonical":"https:\/\/ruishengglassco.com\/product\/rs112-custom-750ml-glass-bottles-bulk-prices","og_locale":"fr_FR","og_type":"article","og_title":"750ml Unique Glass Bottle Wholesale |Custom Special Liquor Bottles Price","og_description":"Do you want to get custom special liquor bottles price? Click here to contact us and get 750ml unique glass bottle wholesale price.","og_url":"https:\/\/ruishengglassco.com\/product\/rs112-custom-750ml-glass-bottles-bulk-prices","og_site_name":"Glass Bottle Wholesale","article_modified_time":"2025-07-10T00:55:25+00:00","og_image":[{"width":800,"height":800,"url":"https:\/\/glassbottlewholesale.com\/wp-content\/uploads\/2024\/04\/glass-bottle-manufacturing-30-1.png","type":"image\/png"}],"twitter_card":"summary_large_image","twitter_misc":{"Dur\u00e9e de lecture estim\u00e9e":"2 minutes"},"schema":{"@context":"https:\/\/schema.org","@graph":[{"@type":"WebPage","@id":"https:\/\/glassbottlewholesale.com\/custom-special-liquor-bottles-in-bulk-prices\/","url":"https:\/\/ruishengglassco.com\/product\/rs112-custom-750ml-glass-bottles-bulk-prices","name":"Bouteille en verre unique de 750 ml, vente en gros | Prix des bouteilles d&#039;alcool sp\u00e9ciales personnalis\u00e9es","isPartOf":{"@id":"https:\/\/glassbottlewholesale.com\/#website"},"primaryImageOfPage":{"@id":"https:\/\/ruishengglassco.com\/product\/rs112-custom-750ml-glass-bottles-bulk-prices#primaryimage"},"image":{"@id":"https:\/\/ruishengglassco.com\/product\/rs112-custom-750ml-glass-bottles-bulk-prices#primaryimage"},"thumbnailUrl":"https:\/\/glassbottlewholesale.com\/wp-content\/uploads\/2024\/04\/glass-bottle-manufacturing-30-1.png","datePublished":"2019-10-14T14:21:16+00:00","dateModified":"2025-07-10T00:55:25+00:00","description":"Voulez-vous obtenir un prix sp\u00e9cial personnalis\u00e9 pour les bouteilles d&#039;alcool\u00a0? Cliquez ici pour nous contacter et obtenir le prix de gros d&#039;une bouteille en verre unique de 750 ml.","breadcrumb":{"@id":"https:\/\/ruishengglassco.com\/product\/rs112-custom-750ml-glass-bottles-bulk-prices#breadcrumb"},"inLanguage":"fr-FR","potentialAction":[{"@type":"ReadAction","target":["https:\/\/ruishengglassco.com\/product\/rs112-custom-750ml-glass-bottles-bulk-prices"]}]},{"@type":"ImageObject","inLanguage":"fr-FR","@id":"https:\/\/ruishengglassco.com\/product\/rs112-custom-750ml-glass-bottles-bulk-prices#primaryimage","url":"https:\/\/glassbottlewholesale.com\/wp-content\/uploads\/2024\/04\/glass-bottle-manufacturing-30-1.png","contentUrl":"https:\/\/glassbottlewholesale.com\/wp-content\/uploads\/2024\/04\/glass-bottle-manufacturing-30-1.png","width":800,"height":800,"caption":"RS112: Custom 750ml Glass Bottles Bulk Prices"},{"@type":"BreadcrumbList","@id":"https:\/\/ruishengglassco.com\/product\/rs112-custom-750ml-glass-bottles-bulk-prices#breadcrumb","itemListElement":[{"@type":"ListItem","position":1,"name":"Home","item":"https:\/\/glassbottlewholesale.com\/"},{"@type":"ListItem","position":2,"name":"Products","item":"https:\/\/glassbottlewholesale.com\/shop\/"},{"@type":"ListItem","position":3,"name":"RS112: Custom 750ml Glass Bottles Bulk Prices"}]},{"@type":"WebSite","@id":"https:\/\/glassbottlewholesale.com\/#website","url":"https:\/\/glassbottlewholesale.com\/","name":"Glass Bottle Wholesale","description":"","publisher":{"@id":"https:\/\/glassbottlewholesale.com\/#organization"},"potentialAction":[{"@type":"SearchAction","target":{"@type":"EntryPoint","urlTemplate":"https:\/\/glassbottlewholesale.com\/?s={search_term_string}"},"query-input":{"@type":"PropertyValueSpecification","valueRequired":true,"valueName":"search_term_string"}}],"inLanguage":"fr-FR"},{"@type":"Organization","@id":"https:\/\/glassbottlewholesale.com\/#organization","name":"Glass Bottle Wholesale","url":"https:\/\/glassbottlewholesale.com\/","logo":{"@type":"ImageObject","inLanguage":"fr-FR","@id":"https:\/\/glassbottlewholesale.com\/#\/schema\/logo\/image\/","url":"https:\/\/glassbottlewholesale.com\/wp-content\/uploads\/2023\/12\/ruisheng-logo.webp","contentUrl":"https:\/\/glassbottlewholesale.com\/wp-content\/uploads\/2023\/12\/ruisheng-logo.webp","width":400,"height":233,"caption":"Glass Bottle Wholesale"},"image":{"@id":"https:\/\/glassbottlewholesale.com\/#\/schema\/logo\/image\/"}}]}},"_links":{"self":[{"href":"https:\/\/glassbottlewholesale.com\/fr\/wp-json\/wp\/v2\/product\/474","targetHints":{"allow":["GET"]}}],"collection":[{"href":"https:\/\/glassbottlewholesale.com\/fr\/wp-json\/wp\/v2\/product"}],"about":[{"href":"https:\/\/glassbottlewholesale.com\/fr\/wp-json\/wp\/v2\/types\/product"}],"replies":[{"embeddable":true,"href":"https:\/\/glassbottlewholesale.com\/fr\/wp-json\/wp\/v2\/comments?post=474"}],"wp:featuredmedia":[{"embeddable":true,"href":"https:\/\/glassbottlewholesale.com\/fr\/wp-json\/wp\/v2\/media\/4779"}],"wp:attachment":[{"href":"https:\/\/glassbottlewholesale.com\/fr\/wp-json\/wp\/v2\/media?parent=474"}],"wp:term":[{"taxonomy":"product_brand","embeddable":true,"href":"https:\/\/glassbottlewholesale.com\/fr\/wp-json\/wp\/v2\/product_brand?post=474"},{"taxonomy":"product_cat","embeddable":true,"href":"https:\/\/glassbottlewholesale.com\/fr\/wp-json\/wp\/v2\/product_cat?post=474"},{"taxonomy":"product_tag","embeddable":true,"href":"https:\/\/glassbottlewholesale.com\/fr\/wp-json\/wp\/v2\/product_tag?post=474"}],"curies":[{"name":"wp","href":"https:\/\/api.w.org\/{rel}","templated":true}]}}