{"id":483,"date":"2019-10-15T12:29:40","date_gmt":"2019-10-15T12:29:40","guid":{"rendered":"https:\/\/queenchingglass.com\/?post_type=product&#038;p=483"},"modified":"2025-07-10T03:12:02","modified_gmt":"2025-07-10T03:12:02","slug":"bouteille-dalcool-personnalisee-des-fabricants-de-bouteilles-en-verre","status":"publish","type":"product","link":"https:\/\/glassbottlewholesale.com\/fr\/bouteille-dalcool-personnalisee-des-fabricants-de-bouteilles-en-verre\/","title":{"rendered":"RS108\u00a0: Bouteille d&#039;alcool personnalis\u00e9e des fabricants de bouteilles en verre"},"content":{"rendered":"<div class=\"wpb-content-wrapper\"><div class=\"vc_row wpb_row vc_row-fluid\"><div class=\"wpb_column vc_column_container vc_col-sm-12\"><div class=\"vc_column-inner\"><div class=\"wpb_wrapper\">\n\t<div class=\"wpb_text_column wpb_content_element\" >\n\t\t<div class=\"wpb_wrapper\">\n\t\t\t<p>Ces bouteilles en verre personnalis\u00e9es de 250 ml avec couvercles proviennent en gros de l&#039;un des plus grands fabricants de bouteilles d&#039;alcool du Shandong - Shandong Yuncheng Ruisheng Glass Co., Ltd. Notre soci\u00e9t\u00e9 est la soci\u00e9t\u00e9 industrielle et commerciale de <a href=\"https:\/\/ruishengglassco.com\/glass-liquor-spirit-bottles\">bouteille en verre d&#039;alcool<\/a>, nous pouvons fabriquer diff\u00e9rentes bouteilles en verre de spiritueux et offrir un service \u00e0 guichet unique aux clients.<\/p>\n<p>Nos bouteilles en verre personnalis\u00e9es de 250 ml avec bouchons sont de forme carr\u00e9e. Ces bouteilles en verre liquide peuvent contenir de la vodka, du whisky, de l&#039;eau, de l&#039;huile et d&#039;autres boissons alcoolis\u00e9es. Comme ce type de scellage est un bouchon \u00e0 vis, vous pouvez sceller la bouteille lorsque vous laissez la moiti\u00e9 de l&#039;alcool sur les bouteilles. Si vous n&#039;aimez pas le bouchon \u00e0 vis de ces bouteilles, nous pouvons \u00e9galement le remplacer par du li\u00e8ge.<\/p>\n<p>Le mat\u00e9riel de ces <a href=\"https:\/\/ruishengglassco.com\/250ml-liquor-glass-bottle-manufacturer\">petites bouteilles en verre<\/a> est un verre \u00e0 haute teneur en silex. Ces bouteilles en verre sont tr\u00e8s claires, lisses et durables. Vous pouvez l&#039;utiliser pour la deuxi\u00e8me fois. Cette bouteille en verre est tr\u00e8s transparente, vous pouvez \u00e9galement l&#039;utiliser pour r\u00e9aliser une d\u00e9coration en verre DIY.<\/p>\n<p>Si vous souhaitez cr\u00e9er votre logo sur ces mini bouteilles, nous pouvons vous proposer un logo d\u00e9calcomanie, un logo imprim\u00e9 en soie, un logo en relief sur les bouteilles en verre. Nous pouvons \u00e9galement peindre n&#039;importe quelle couleur sur ces bouteilles si vous en avez besoin.<\/p>\n<p>Il y a plus de 500 employ\u00e9s dans notre usine, dont plus de 30 QC et un groupe d&#039;ing\u00e9nieurs qualifi\u00e9s. Toutes les bouteilles en verre personnalis\u00e9es n\u00e9cessitent le contr\u00f4le qualit\u00e9 pour les v\u00e9rifier plusieurs fois. Nous pouvons nous assurer que toutes les bouteilles en verre passeront le contr\u00f4le qualit\u00e9 avant d&#039;envoyer notre usine.<\/p>\n<h4>Les d\u00e9tails de ces bouteilles en verre personnalis\u00e9es de 250 ml<\/h4>\n<ul>\n<li>Mat\u00e9riau principal: verre silex \u00e9lev\u00e9<\/li>\n<li>Bouchon : bouchon \u00e0 vis<\/li>\n<li>R\u00e9f\u00e9rence:RS108<\/li>\n<li>Quantit\u00e9 minimale de commande\u00a0:\u00a010\u00a0000\u00a0pi\u00e8ces<\/li>\n<li>Capacit\u00e9: 250 ml<\/li>\n<li>Taille : 5\u00d723 cm<\/li>\n<li>Origine du lieu : Shandong, Chine<\/li>\n<li>Caract\u00e9ristique\u00a0:\u00a0\u00e9cologique<\/li>\n<li>Mani\u00e8re d&#039;emballage\u00a0:<br \/>\n1. Carton standard d&#039;exportation<br \/>\n2. Palette recouverte de plastique<br \/>\n3. Carton et palette standard d&#039;exportation<\/li>\n<\/ul>\n<p>Outre les bouteilles en verre personnalis\u00e9es de 250 ml avec couvercles, Shandong Yuncheng Ruisheng propose \u00e9galement des petites bouteilles de liquide de 100 ml, des bouteilles en verre de 375 ml, des grandes bouteilles en verre de 700 ml, des bouteilles d&#039;alcool en verre de 750 ml, des bouteilles en verre de 1 000 ml avec bouchons, une grande bouteille en verre de 1,5 litre, etc. , En tant que fabricant professionnel de bouteilles en verre, nous pouvons concevoir la capacit\u00e9 en fonction de vos besoins.<\/p>\n\n\t\t<\/div>\n\t<\/div>\n<\/div><\/div><\/div><\/div>\n<\/div>","protected":false},"excerpt":{"rendered":"<table class=\"tg\">\n<tbody>\n<tr>\n<th class=\"tg-24i8\" colspan=\"2\">Bouteilles en verre personnalis\u00e9es de 250 ml avec couvercles des fabricants<\/th>\n<\/tr>\n<tr>\n<td class=\"tg-b7b8\">R\u00e9f\u00e9rence:<\/td>\n<td class=\"tg-b7b8\">RS108<\/td>\n<\/tr>\n<tr>\n<td class=\"tg-yw4l\">Mat\u00e9riau principal:<\/td>\n<td class=\"tg-yw4l\">Verre \u00e0 haute teneur en silex<\/td>\n<\/tr>\n<tr>\n<td class=\"tg-b7b8\">Casquette:<\/td>\n<td class=\"tg-b7b8\">Bouchon \u00e0 vis<\/td>\n<\/tr>\n<tr>\n<td class=\"tg-yw4l\">Capacit\u00e9:<\/td>\n<td class=\"tg-yw4l\">250 ml<\/td>\n<\/tr>\n<tr>\n<td class=\"tg-b7b8\">Fonctionnalit\u00e9:<\/td>\n<td class=\"tg-b7b8\">Respectueux de la nature<\/td>\n<\/tr>\n<tr>\n<td class=\"tg-yw4l\">Quantit\u00e9 minimale de commande\u00a0:<\/td>\n<td class=\"tg-yw4l\">10000 pi\u00e8ces<\/td>\n<\/tr>\n<tr>\n<td class=\"tg-b7b8\">Mode d&#039;exp\u00e9dition\u00a0:<\/td>\n<td class=\"tg-b7b8\">Navire, Express<\/td>\n<\/tr>\n<tr>\n<td class=\"tg-yw4l\">OEM\/ODM\u00a0:<\/td>\n<td class=\"tg-yw4l\">Accueillir<\/td>\n<\/tr>\n<tr>\n<td class=\"tg-b7b8\">Origine du lieu :<\/td>\n<td class=\"tg-b7b8\">Shandong, Chine<\/td>\n<\/tr>\n<tr>\n<td class=\"tg-yw4l\">Pi\u00e8ces\/ctn\u00a0:<\/td>\n<td class=\"tg-yw4l\">24 pi\u00e8ces\/20 pi\u00e8ces\/15 pi\u00e8ces<\/td>\n<\/tr>\n<\/tbody>\n<\/table>","protected":false},"featured_media":484,"comment_status":"open","ping_status":"closed","template":"","meta":[],"product_brand":[],"product_cat":[55],"product_tag":[],"class_list":{"0":"post-483","1":"product","2":"type-product","3":"status-publish","4":"has-post-thumbnail","6":"product_cat-custom-glass-bottle","7":"entry","8":"has-media","10":"first","11":"instock","12":"shipping-taxable","13":"product-type-simple"},"yoast_head":"<!-- This site is optimized with the Yoast SEO plugin v27.3 - https:\/\/yoast.com\/product\/yoast-seo-wordpress\/ -->\n<title>Custom Glass Bottles With Lids | Personalized Liquor Bottle Manufacturers<\/title>\n<meta name=\"description\" content=\"Buy Custom Glass Bottles With Lids From China Liquor Bottle Manufacturer. Unique Design Glass Bottle With Qaulity Assurance.\" \/>\n<meta name=\"robots\" content=\"index, follow, max-snippet:-1, max-image-preview:large, max-video-preview:-1\" \/>\n<link rel=\"canonical\" href=\"http:\/\/ruishengglassco.com\/product\/rs108-custom-liquor-bottle-from-glass-bottle-manufacturers\" \/>\n<meta property=\"og:locale\" content=\"fr_FR\" \/>\n<meta property=\"og:type\" content=\"article\" \/>\n<meta property=\"og:title\" content=\"Custom Glass Bottles With Lids | Personalized Liquor Bottle Manufacturers\" \/>\n<meta property=\"og:description\" content=\"Buy Custom Glass Bottles With Lids From China Liquor Bottle Manufacturer. Unique Design Glass Bottle With Qaulity Assurance.\" \/>\n<meta property=\"og:url\" content=\"http:\/\/ruishengglassco.com\/product\/rs108-custom-liquor-bottle-from-glass-bottle-manufacturers\" \/>\n<meta property=\"og:site_name\" content=\"Glass Bottle Wholesale\" \/>\n<meta property=\"article:modified_time\" content=\"2025-07-10T03:12:02+00:00\" \/>\n<meta property=\"og:image\" content=\"https:\/\/glassbottlewholesale.com\/wp-content\/uploads\/2019\/10\/\u767d\u915210.jpg\" \/>\n\t<meta property=\"og:image:width\" content=\"400\" \/>\n\t<meta property=\"og:image:height\" content=\"400\" \/>\n\t<meta property=\"og:image:type\" content=\"image\/jpeg\" \/>\n<meta name=\"twitter:card\" content=\"summary_large_image\" \/>\n<meta name=\"twitter:label1\" content=\"Dur\u00e9e de lecture estim\u00e9e\" \/>\n\t<meta name=\"twitter:data1\" content=\"2 minutes\" \/>\n<script type=\"application\/ld+json\" class=\"yoast-schema-graph\">{\"@context\":\"https:\\\/\\\/schema.org\",\"@graph\":[{\"@type\":\"WebPage\",\"@id\":\"https:\\\/\\\/glassbottlewholesale.com\\\/custom-liquor-bottle-from-glass-bottle-manufacturers\\\/\",\"url\":\"http:\\\/\\\/ruishengglassco.com\\\/product\\\/rs108-custom-liquor-bottle-from-glass-bottle-manufacturers\",\"name\":\"Custom Glass Bottles With Lids | Personalized Liquor Bottle Manufacturers\",\"isPartOf\":{\"@id\":\"https:\\\/\\\/glassbottlewholesale.com\\\/#website\"},\"primaryImageOfPage\":{\"@id\":\"http:\\\/\\\/ruishengglassco.com\\\/product\\\/rs108-custom-liquor-bottle-from-glass-bottle-manufacturers#primaryimage\"},\"image\":{\"@id\":\"http:\\\/\\\/ruishengglassco.com\\\/product\\\/rs108-custom-liquor-bottle-from-glass-bottle-manufacturers#primaryimage\"},\"thumbnailUrl\":\"https:\\\/\\\/glassbottlewholesale.com\\\/wp-content\\\/uploads\\\/2019\\\/10\\\/\u767d\u915210.jpg\",\"datePublished\":\"2019-10-15T12:29:40+00:00\",\"dateModified\":\"2025-07-10T03:12:02+00:00\",\"description\":\"Buy Custom Glass Bottles With Lids From China Liquor Bottle Manufacturer. Unique Design Glass Bottle With Qaulity Assurance.\",\"breadcrumb\":{\"@id\":\"http:\\\/\\\/ruishengglassco.com\\\/product\\\/rs108-custom-liquor-bottle-from-glass-bottle-manufacturers#breadcrumb\"},\"inLanguage\":\"fr-FR\",\"potentialAction\":[{\"@type\":\"ReadAction\",\"target\":[\"http:\\\/\\\/ruishengglassco.com\\\/product\\\/rs108-custom-liquor-bottle-from-glass-bottle-manufacturers\"]}]},{\"@type\":\"ImageObject\",\"inLanguage\":\"fr-FR\",\"@id\":\"http:\\\/\\\/ruishengglassco.com\\\/product\\\/rs108-custom-liquor-bottle-from-glass-bottle-manufacturers#primaryimage\",\"url\":\"https:\\\/\\\/glassbottlewholesale.com\\\/wp-content\\\/uploads\\\/2019\\\/10\\\/\u767d\u915210.jpg\",\"contentUrl\":\"https:\\\/\\\/glassbottlewholesale.com\\\/wp-content\\\/uploads\\\/2019\\\/10\\\/\u767d\u915210.jpg\",\"width\":400,\"height\":400},{\"@type\":\"BreadcrumbList\",\"@id\":\"http:\\\/\\\/ruishengglassco.com\\\/product\\\/rs108-custom-liquor-bottle-from-glass-bottle-manufacturers#breadcrumb\",\"itemListElement\":[{\"@type\":\"ListItem\",\"position\":1,\"name\":\"Home\",\"item\":\"https:\\\/\\\/glassbottlewholesale.com\\\/\"},{\"@type\":\"ListItem\",\"position\":2,\"name\":\"Products\",\"item\":\"https:\\\/\\\/glassbottlewholesale.com\\\/shop\\\/\"},{\"@type\":\"ListItem\",\"position\":3,\"name\":\"RS108: Custom Liquor Bottle From Glass Bottle Manufacturers\"}]},{\"@type\":\"WebSite\",\"@id\":\"https:\\\/\\\/glassbottlewholesale.com\\\/#website\",\"url\":\"https:\\\/\\\/glassbottlewholesale.com\\\/\",\"name\":\"Glass Bottle Wholesale\",\"description\":\"\",\"publisher\":{\"@id\":\"https:\\\/\\\/glassbottlewholesale.com\\\/#organization\"},\"potentialAction\":[{\"@type\":\"SearchAction\",\"target\":{\"@type\":\"EntryPoint\",\"urlTemplate\":\"https:\\\/\\\/glassbottlewholesale.com\\\/?s={search_term_string}\"},\"query-input\":{\"@type\":\"PropertyValueSpecification\",\"valueRequired\":true,\"valueName\":\"search_term_string\"}}],\"inLanguage\":\"fr-FR\"},{\"@type\":\"Organization\",\"@id\":\"https:\\\/\\\/glassbottlewholesale.com\\\/#organization\",\"name\":\"Glass Bottle Wholesale\",\"url\":\"https:\\\/\\\/glassbottlewholesale.com\\\/\",\"logo\":{\"@type\":\"ImageObject\",\"inLanguage\":\"fr-FR\",\"@id\":\"https:\\\/\\\/glassbottlewholesale.com\\\/#\\\/schema\\\/logo\\\/image\\\/\",\"url\":\"https:\\\/\\\/glassbottlewholesale.com\\\/wp-content\\\/uploads\\\/2023\\\/12\\\/ruisheng-logo.webp\",\"contentUrl\":\"https:\\\/\\\/glassbottlewholesale.com\\\/wp-content\\\/uploads\\\/2023\\\/12\\\/ruisheng-logo.webp\",\"width\":400,\"height\":233,\"caption\":\"Glass Bottle Wholesale\"},\"image\":{\"@id\":\"https:\\\/\\\/glassbottlewholesale.com\\\/#\\\/schema\\\/logo\\\/image\\\/\"}}]}<\/script>\n<!-- \/ Yoast SEO plugin. -->","yoast_head_json":{"title":"Bouteilles en verre personnalis\u00e9es avec couvercles | Fabricants de bouteilles d&#039;alcool personnalis\u00e9es","description":"Achetez des bouteilles en verre personnalis\u00e9es avec couvercles aupr\u00e8s du fabricant chinois de bouteilles d&#039;alcool. Bouteille en verre au design unique avec assurance qualit\u00e9.","robots":{"index":"index","follow":"follow","max-snippet":"max-snippet:-1","max-image-preview":"max-image-preview:large","max-video-preview":"max-video-preview:-1"},"canonical":"http:\/\/ruishengglassco.com\/product\/rs108-custom-liquor-bottle-from-glass-bottle-manufacturers","og_locale":"fr_FR","og_type":"article","og_title":"Custom Glass Bottles With Lids | Personalized Liquor Bottle Manufacturers","og_description":"Buy Custom Glass Bottles With Lids From China Liquor Bottle Manufacturer. Unique Design Glass Bottle With Qaulity Assurance.","og_url":"http:\/\/ruishengglassco.com\/product\/rs108-custom-liquor-bottle-from-glass-bottle-manufacturers","og_site_name":"Glass Bottle Wholesale","article_modified_time":"2025-07-10T03:12:02+00:00","og_image":[{"width":400,"height":400,"url":"https:\/\/glassbottlewholesale.com\/wp-content\/uploads\/2019\/10\/\u767d\u915210.jpg","type":"image\/jpeg"}],"twitter_card":"summary_large_image","twitter_misc":{"Dur\u00e9e de lecture estim\u00e9e":"2 minutes"},"schema":{"@context":"https:\/\/schema.org","@graph":[{"@type":"WebPage","@id":"https:\/\/glassbottlewholesale.com\/custom-liquor-bottle-from-glass-bottle-manufacturers\/","url":"http:\/\/ruishengglassco.com\/product\/rs108-custom-liquor-bottle-from-glass-bottle-manufacturers","name":"Bouteilles en verre personnalis\u00e9es avec couvercles | Fabricants de bouteilles d&#039;alcool personnalis\u00e9es","isPartOf":{"@id":"https:\/\/glassbottlewholesale.com\/#website"},"primaryImageOfPage":{"@id":"http:\/\/ruishengglassco.com\/product\/rs108-custom-liquor-bottle-from-glass-bottle-manufacturers#primaryimage"},"image":{"@id":"http:\/\/ruishengglassco.com\/product\/rs108-custom-liquor-bottle-from-glass-bottle-manufacturers#primaryimage"},"thumbnailUrl":"https:\/\/glassbottlewholesale.com\/wp-content\/uploads\/2019\/10\/\u767d\u915210.jpg","datePublished":"2019-10-15T12:29:40+00:00","dateModified":"2025-07-10T03:12:02+00:00","description":"Achetez des bouteilles en verre personnalis\u00e9es avec couvercles aupr\u00e8s du fabricant chinois de bouteilles d&#039;alcool. Bouteille en verre au design unique avec assurance qualit\u00e9.","breadcrumb":{"@id":"http:\/\/ruishengglassco.com\/product\/rs108-custom-liquor-bottle-from-glass-bottle-manufacturers#breadcrumb"},"inLanguage":"fr-FR","potentialAction":[{"@type":"ReadAction","target":["http:\/\/ruishengglassco.com\/product\/rs108-custom-liquor-bottle-from-glass-bottle-manufacturers"]}]},{"@type":"ImageObject","inLanguage":"fr-FR","@id":"http:\/\/ruishengglassco.com\/product\/rs108-custom-liquor-bottle-from-glass-bottle-manufacturers#primaryimage","url":"https:\/\/glassbottlewholesale.com\/wp-content\/uploads\/2019\/10\/\u767d\u915210.jpg","contentUrl":"https:\/\/glassbottlewholesale.com\/wp-content\/uploads\/2019\/10\/\u767d\u915210.jpg","width":400,"height":400},{"@type":"BreadcrumbList","@id":"http:\/\/ruishengglassco.com\/product\/rs108-custom-liquor-bottle-from-glass-bottle-manufacturers#breadcrumb","itemListElement":[{"@type":"ListItem","position":1,"name":"Home","item":"https:\/\/glassbottlewholesale.com\/"},{"@type":"ListItem","position":2,"name":"Products","item":"https:\/\/glassbottlewholesale.com\/shop\/"},{"@type":"ListItem","position":3,"name":"RS108: Custom Liquor Bottle From Glass Bottle Manufacturers"}]},{"@type":"WebSite","@id":"https:\/\/glassbottlewholesale.com\/#website","url":"https:\/\/glassbottlewholesale.com\/","name":"Glass Bottle Wholesale","description":"","publisher":{"@id":"https:\/\/glassbottlewholesale.com\/#organization"},"potentialAction":[{"@type":"SearchAction","target":{"@type":"EntryPoint","urlTemplate":"https:\/\/glassbottlewholesale.com\/?s={search_term_string}"},"query-input":{"@type":"PropertyValueSpecification","valueRequired":true,"valueName":"search_term_string"}}],"inLanguage":"fr-FR"},{"@type":"Organization","@id":"https:\/\/glassbottlewholesale.com\/#organization","name":"Glass Bottle Wholesale","url":"https:\/\/glassbottlewholesale.com\/","logo":{"@type":"ImageObject","inLanguage":"fr-FR","@id":"https:\/\/glassbottlewholesale.com\/#\/schema\/logo\/image\/","url":"https:\/\/glassbottlewholesale.com\/wp-content\/uploads\/2023\/12\/ruisheng-logo.webp","contentUrl":"https:\/\/glassbottlewholesale.com\/wp-content\/uploads\/2023\/12\/ruisheng-logo.webp","width":400,"height":233,"caption":"Glass Bottle Wholesale"},"image":{"@id":"https:\/\/glassbottlewholesale.com\/#\/schema\/logo\/image\/"}}]}},"_links":{"self":[{"href":"https:\/\/glassbottlewholesale.com\/fr\/wp-json\/wp\/v2\/product\/483","targetHints":{"allow":["GET"]}}],"collection":[{"href":"https:\/\/glassbottlewholesale.com\/fr\/wp-json\/wp\/v2\/product"}],"about":[{"href":"https:\/\/glassbottlewholesale.com\/fr\/wp-json\/wp\/v2\/types\/product"}],"replies":[{"embeddable":true,"href":"https:\/\/glassbottlewholesale.com\/fr\/wp-json\/wp\/v2\/comments?post=483"}],"wp:featuredmedia":[{"embeddable":true,"href":"https:\/\/glassbottlewholesale.com\/fr\/wp-json\/wp\/v2\/media\/484"}],"wp:attachment":[{"href":"https:\/\/glassbottlewholesale.com\/fr\/wp-json\/wp\/v2\/media?parent=483"}],"wp:term":[{"taxonomy":"product_brand","embeddable":true,"href":"https:\/\/glassbottlewholesale.com\/fr\/wp-json\/wp\/v2\/product_brand?post=483"},{"taxonomy":"product_cat","embeddable":true,"href":"https:\/\/glassbottlewholesale.com\/fr\/wp-json\/wp\/v2\/product_cat?post=483"},{"taxonomy":"product_tag","embeddable":true,"href":"https:\/\/glassbottlewholesale.com\/fr\/wp-json\/wp\/v2\/product_tag?post=483"}],"curies":[{"name":"wp","href":"https:\/\/api.w.org\/{rel}","templated":true}]}}