{"id":497,"date":"2019-10-15T12:38:52","date_gmt":"2019-10-15T12:38:52","guid":{"rendered":"https:\/\/queenchingglass.com\/?post_type=product&#038;p=497"},"modified":"2023-12-06T01:20:02","modified_gmt":"2023-12-06T01:20:02","slug":"acheter-des-mini-bouteilles-en-verre-en-vrac","status":"publish","type":"product","link":"https:\/\/glassbottlewholesale.com\/fr\/acheter-des-mini-bouteilles-en-verre-en-vrac\/","title":{"rendered":"RS102\u00a0:\u00a0Acheter des mini bouteilles d&#039;alcool en vrac"},"content":{"rendered":"<p>Voulez-vous acheter des mini bouteilles en verre en vrac pour alcool aupr\u00e8s d&#039;un fabricant chinois fiable de bouteilles d&#039;alcool ? Ruisheng Glass Ltd. est l\u2019un des plus grands fabricants de bouteilles d\u2019alcool en Chine. Notre usine produit principalement des bouteilles en verre spiritueux de qualit\u00e9 sup\u00e9rieure et moyenne, telles que des bouteilles en verre blanc cristallin et des bouteilles en verre blanc \u00e9lev\u00e9.<\/p>\n<p>Cette bouteille en verre ronde transparente en gros est l&#039;un des principaux volumes de bouteilles en verre de notre usine. Nous pouvons proposer des bouteilles en verre vides de diff\u00e9rentes formes, telles que des bouteilles en verre cylindriques, des bouteilles en verre carr\u00e9es, des bouteilles en verre plat et des bouteilles en verre de forme personnalis\u00e9e. Et nous pouvons fabriquer des bouteilles en verre d&#039;alcool de diff\u00e9rents volumes, telles que 100 ml, 125 ml, 250 ml, 375 ml, 500 ml. 700 ml, 750 ml, 1000 ml, 1750 ml, 3000 ml et autres bouteilles en verre de volume personnalis\u00e9.<\/p>\n<h4>Les informations sur l\u2019achat de mini bouteilles d\u2019alcool en vrac<\/h4>\n<ul>\n<li>Capacit\u00e9 : 50 ml<\/li>\n<li>Forme : ronde<\/li>\n<li>Largeur : 80 mm<\/li>\n<li>Longueur : 190 mm<\/li>\n<li>Bouchon\u00a0:\u00a0bouchon \u00e0 vis<\/li>\n<li>Couleur: clair, transparent<\/li>\n<li>Service\u00a0: OEM\/ODM<\/li>\n<\/ul>\n<p>Nous avons trois fa\u00e7ons d&#039;emballer les bouteilles en verre rondes transparentes en gros, et nous pouvons \u00e9galement emballer les bouteilles en verre selon la demande du client.<\/p>\n<p>Le premier moyen d\u2019emballage des bouteilles en verre est l\u2019emballage en carton. Le carton est un carton standard d&#039;exportation. Si vous souhaitez r\u00e9aliser votre bo\u00eete d&#039;emballage personnalis\u00e9e, nous pouvons \u00e9galement le faire pour vous.<\/p>\n<p>Le deuxi\u00e8me moyen d\u2019emballage des bouteilles de spiritueux en verre est l\u2019emballage sur palette. La palette est sans fumigation. Et la taille de la palette est de 100 x 120 cm.<\/p>\n<p>La troisi\u00e8me m\u00e9thode d\u2019emballage est l\u2019emballage en carton et en palette. Le carton est un carton d&#039;exportation standard ou une bo\u00eete de couleur personnalis\u00e9e, et la palette est sans fumigation.<\/p>\n<p>Si vous \u00eates satisfait de cette bouteille en verre transparent, veuillez me contacter \u00e0 temps. Si vous ne l&#039;aimez pas, vous pouvez consulter nos autres bouteilles. Ou je vous donne le catalogue, vous pouvez choisir ce que vous aimez. Si vous \u00eates int\u00e9ress\u00e9 par nos bouteilles d&#039;alcool herm\u00e9tiques, veuillez nous contacter. Nous vous r\u00e9pondrons dans les 24 heures.<\/p>","protected":false},"excerpt":{"rendered":"<div class=\"col col-sm-6 col-xs-12\">\n<div id=\"slider-4582-product-image-carosel\" class=\"rt-carousel carousel-holder clearfix product-image-carosel rt-image-carousel\" data-item-width=\"1\" data-nav=\"true\" data-dots=\"false\" data-margin=\"15\" data-autoplay=\"true\" data-timeout=\"7500\" data-loop=\"false\" data-tablet-item-width=\"\" data-mobile-item-width=\"1\">\n<div class=\"owl-carousel owl-loaded owl-drag\">\n<div class=\"owl-nav\">\n<div class=\"owl-next disabled\">Les bouteilles en verre transparent de 50 ml de qualit\u00e9 sup\u00e9rieure sont l&#039;une des principales bouteilles en verre de notre usine. Nous pouvons proposer des bouteilles en verre vides de diff\u00e9rentes formes, telles que des bouteilles en verre cylindriques, des bouteilles en verre carr\u00e9es, des bouteilles en verre plat et des bouteilles en verre de forme personnalis\u00e9e. Et nous pouvons fabriquer des bouteilles en verre d&#039;alcool de diff\u00e9rents volumes, telles que 100 ml, 125 ml, 250 ml, 375 ml, 500 ml. 700 ml, 750 ml, 1000 ml, 1750 ml, 3000 ml et autres bouteilles en verre de volume personnalis\u00e9.<\/div>\n<\/div>\n<\/div>\n<\/div>\n<\/div>","protected":false},"featured_media":2120,"comment_status":"open","ping_status":"closed","template":"","meta":[],"product_brand":[],"product_cat":[58,63],"product_tag":[],"class_list":{"0":"post-497","1":"product","2":"type-product","3":"status-publish","4":"has-post-thumbnail","6":"product_cat-50ml-glass-bottle","7":"product_cat-liquor-bottle","8":"entry","9":"has-media","11":"first","12":"instock","13":"shipping-taxable","14":"product-type-simple"},"yoast_head":"<!-- This site is optimized with the Yoast SEO plugin v27.3 - https:\/\/yoast.com\/product\/yoast-seo-wordpress\/ -->\n<title>Buy Bulk Mini Liquor Bottles | Clear Round Glass Bottle Wholesale<\/title>\n<meta name=\"description\" content=\"Buy Bulk Mini Liquor Bottles Bulk From China Spirit Bottle Manufacturer. Factory Outlet&amp;Cheap Clear Round Glass Bottle Wholesale. Get Quote Now.\" \/>\n<meta name=\"robots\" content=\"index, follow, max-snippet:-1, max-image-preview:large, max-video-preview:-1\" \/>\n<link rel=\"canonical\" href=\"https:\/\/ruishengglassco.com\/product\/rs102buy-bulk-mini-liquor-bottles\" \/>\n<meta property=\"og:locale\" content=\"fr_FR\" \/>\n<meta property=\"og:type\" content=\"article\" \/>\n<meta property=\"og:title\" content=\"Buy Bulk Mini Liquor Bottles | Clear Round Glass Bottle Wholesale\" \/>\n<meta property=\"og:description\" content=\"Buy Bulk Mini Liquor Bottles Bulk From China Spirit Bottle Manufacturer. Factory Outlet&amp;Cheap Clear Round Glass Bottle Wholesale. Get Quote Now.\" \/>\n<meta property=\"og:url\" content=\"https:\/\/ruishengglassco.com\/product\/rs102buy-bulk-mini-liquor-bottles\" \/>\n<meta property=\"og:site_name\" content=\"Glass Bottle Wholesale\" \/>\n<meta property=\"article:modified_time\" content=\"2023-12-06T01:20:02+00:00\" \/>\n<meta property=\"og:image\" content=\"https:\/\/glassbottlewholesale.com\/wp-content\/uploads\/2019\/10\/E7_99_BD_E9_85_9217_c79fbe74210dfca01a387fdec5bd86e5.jpg\" \/>\n\t<meta property=\"og:image:width\" content=\"640\" \/>\n\t<meta property=\"og:image:height\" content=\"640\" \/>\n\t<meta property=\"og:image:type\" content=\"image\/jpeg\" \/>\n<meta name=\"twitter:card\" content=\"summary_large_image\" \/>\n<meta name=\"twitter:label1\" content=\"Dur\u00e9e de lecture estim\u00e9e\" \/>\n\t<meta name=\"twitter:data1\" content=\"2 minutes\" \/>\n<script type=\"application\/ld+json\" class=\"yoast-schema-graph\">{\"@context\":\"https:\\\/\\\/schema.org\",\"@graph\":[{\"@type\":\"WebPage\",\"@id\":\"https:\\\/\\\/glassbottlewholesale.com\\\/buy-bulk-mini-glass-bottles\\\/\",\"url\":\"https:\\\/\\\/ruishengglassco.com\\\/product\\\/rs102buy-bulk-mini-liquor-bottles\",\"name\":\"Buy Bulk Mini Liquor Bottles | Clear Round Glass Bottle Wholesale\",\"isPartOf\":{\"@id\":\"https:\\\/\\\/glassbottlewholesale.com\\\/#website\"},\"primaryImageOfPage\":{\"@id\":\"https:\\\/\\\/ruishengglassco.com\\\/product\\\/rs102buy-bulk-mini-liquor-bottles#primaryimage\"},\"image\":{\"@id\":\"https:\\\/\\\/ruishengglassco.com\\\/product\\\/rs102buy-bulk-mini-liquor-bottles#primaryimage\"},\"thumbnailUrl\":\"https:\\\/\\\/glassbottlewholesale.com\\\/wp-content\\\/uploads\\\/2019\\\/10\\\/E7_99_BD_E9_85_9217_c79fbe74210dfca01a387fdec5bd86e5.jpg\",\"datePublished\":\"2019-10-15T12:38:52+00:00\",\"dateModified\":\"2023-12-06T01:20:02+00:00\",\"description\":\"Buy Bulk Mini Liquor Bottles Bulk From China Spirit Bottle Manufacturer. Factory Outlet&Cheap Clear Round Glass Bottle Wholesale. Get Quote Now.\",\"breadcrumb\":{\"@id\":\"https:\\\/\\\/ruishengglassco.com\\\/product\\\/rs102buy-bulk-mini-liquor-bottles#breadcrumb\"},\"inLanguage\":\"fr-FR\",\"potentialAction\":[{\"@type\":\"ReadAction\",\"target\":[\"https:\\\/\\\/ruishengglassco.com\\\/product\\\/rs102buy-bulk-mini-liquor-bottles\"]}]},{\"@type\":\"ImageObject\",\"inLanguage\":\"fr-FR\",\"@id\":\"https:\\\/\\\/ruishengglassco.com\\\/product\\\/rs102buy-bulk-mini-liquor-bottles#primaryimage\",\"url\":\"https:\\\/\\\/glassbottlewholesale.com\\\/wp-content\\\/uploads\\\/2019\\\/10\\\/E7_99_BD_E9_85_9217_c79fbe74210dfca01a387fdec5bd86e5.jpg\",\"contentUrl\":\"https:\\\/\\\/glassbottlewholesale.com\\\/wp-content\\\/uploads\\\/2019\\\/10\\\/E7_99_BD_E9_85_9217_c79fbe74210dfca01a387fdec5bd86e5.jpg\",\"width\":640,\"height\":640,\"caption\":\"Buy Bulk Mini Glass Bottles\"},{\"@type\":\"BreadcrumbList\",\"@id\":\"https:\\\/\\\/ruishengglassco.com\\\/product\\\/rs102buy-bulk-mini-liquor-bottles#breadcrumb\",\"itemListElement\":[{\"@type\":\"ListItem\",\"position\":1,\"name\":\"Home\",\"item\":\"https:\\\/\\\/glassbottlewholesale.com\\\/\"},{\"@type\":\"ListItem\",\"position\":2,\"name\":\"Products\",\"item\":\"https:\\\/\\\/glassbottlewholesale.com\\\/shop\\\/\"},{\"@type\":\"ListItem\",\"position\":3,\"name\":\"RS102:Buy Bulk Mini Liquor Bottles\"}]},{\"@type\":\"WebSite\",\"@id\":\"https:\\\/\\\/glassbottlewholesale.com\\\/#website\",\"url\":\"https:\\\/\\\/glassbottlewholesale.com\\\/\",\"name\":\"Glass Bottle Wholesale\",\"description\":\"\",\"publisher\":{\"@id\":\"https:\\\/\\\/glassbottlewholesale.com\\\/#organization\"},\"potentialAction\":[{\"@type\":\"SearchAction\",\"target\":{\"@type\":\"EntryPoint\",\"urlTemplate\":\"https:\\\/\\\/glassbottlewholesale.com\\\/?s={search_term_string}\"},\"query-input\":{\"@type\":\"PropertyValueSpecification\",\"valueRequired\":true,\"valueName\":\"search_term_string\"}}],\"inLanguage\":\"fr-FR\"},{\"@type\":\"Organization\",\"@id\":\"https:\\\/\\\/glassbottlewholesale.com\\\/#organization\",\"name\":\"Glass Bottle Wholesale\",\"url\":\"https:\\\/\\\/glassbottlewholesale.com\\\/\",\"logo\":{\"@type\":\"ImageObject\",\"inLanguage\":\"fr-FR\",\"@id\":\"https:\\\/\\\/glassbottlewholesale.com\\\/#\\\/schema\\\/logo\\\/image\\\/\",\"url\":\"https:\\\/\\\/glassbottlewholesale.com\\\/wp-content\\\/uploads\\\/2023\\\/12\\\/ruisheng-logo.webp\",\"contentUrl\":\"https:\\\/\\\/glassbottlewholesale.com\\\/wp-content\\\/uploads\\\/2023\\\/12\\\/ruisheng-logo.webp\",\"width\":400,\"height\":233,\"caption\":\"Glass Bottle Wholesale\"},\"image\":{\"@id\":\"https:\\\/\\\/glassbottlewholesale.com\\\/#\\\/schema\\\/logo\\\/image\\\/\"}}]}<\/script>\n<!-- \/ Yoast SEO plugin. -->","yoast_head_json":{"title":"Achetez des mini bouteilles d&#039;alcool en vrac | Bouteille en verre ronde transparente en gros","description":"Achetez des mini bouteilles d&#039;alcool en vrac aupr\u00e8s du fabricant chinois de bouteilles de spiritueux. Magasin d&#039;usine et bouteille en verre ronde transparente bon march\u00e9 en gros. Obtenez un devis maintenant.","robots":{"index":"index","follow":"follow","max-snippet":"max-snippet:-1","max-image-preview":"max-image-preview:large","max-video-preview":"max-video-preview:-1"},"canonical":"https:\/\/ruishengglassco.com\/product\/rs102buy-bulk-mini-liquor-bottles","og_locale":"fr_FR","og_type":"article","og_title":"Buy Bulk Mini Liquor Bottles | Clear Round Glass Bottle Wholesale","og_description":"Buy Bulk Mini Liquor Bottles Bulk From China Spirit Bottle Manufacturer. Factory Outlet&Cheap Clear Round Glass Bottle Wholesale. Get Quote Now.","og_url":"https:\/\/ruishengglassco.com\/product\/rs102buy-bulk-mini-liquor-bottles","og_site_name":"Glass Bottle Wholesale","article_modified_time":"2023-12-06T01:20:02+00:00","og_image":[{"width":640,"height":640,"url":"https:\/\/glassbottlewholesale.com\/wp-content\/uploads\/2019\/10\/E7_99_BD_E9_85_9217_c79fbe74210dfca01a387fdec5bd86e5.jpg","type":"image\/jpeg"}],"twitter_card":"summary_large_image","twitter_misc":{"Dur\u00e9e de lecture estim\u00e9e":"2 minutes"},"schema":{"@context":"https:\/\/schema.org","@graph":[{"@type":"WebPage","@id":"https:\/\/glassbottlewholesale.com\/buy-bulk-mini-glass-bottles\/","url":"https:\/\/ruishengglassco.com\/product\/rs102buy-bulk-mini-liquor-bottles","name":"Achetez des mini bouteilles d&#039;alcool en vrac | Bouteille en verre ronde transparente en gros","isPartOf":{"@id":"https:\/\/glassbottlewholesale.com\/#website"},"primaryImageOfPage":{"@id":"https:\/\/ruishengglassco.com\/product\/rs102buy-bulk-mini-liquor-bottles#primaryimage"},"image":{"@id":"https:\/\/ruishengglassco.com\/product\/rs102buy-bulk-mini-liquor-bottles#primaryimage"},"thumbnailUrl":"https:\/\/glassbottlewholesale.com\/wp-content\/uploads\/2019\/10\/E7_99_BD_E9_85_9217_c79fbe74210dfca01a387fdec5bd86e5.jpg","datePublished":"2019-10-15T12:38:52+00:00","dateModified":"2023-12-06T01:20:02+00:00","description":"Achetez des mini bouteilles d&#039;alcool en vrac aupr\u00e8s du fabricant chinois de bouteilles de spiritueux. Magasin d&#039;usine et bouteille en verre ronde transparente bon march\u00e9 en gros. Obtenez un devis maintenant.","breadcrumb":{"@id":"https:\/\/ruishengglassco.com\/product\/rs102buy-bulk-mini-liquor-bottles#breadcrumb"},"inLanguage":"fr-FR","potentialAction":[{"@type":"ReadAction","target":["https:\/\/ruishengglassco.com\/product\/rs102buy-bulk-mini-liquor-bottles"]}]},{"@type":"ImageObject","inLanguage":"fr-FR","@id":"https:\/\/ruishengglassco.com\/product\/rs102buy-bulk-mini-liquor-bottles#primaryimage","url":"https:\/\/glassbottlewholesale.com\/wp-content\/uploads\/2019\/10\/E7_99_BD_E9_85_9217_c79fbe74210dfca01a387fdec5bd86e5.jpg","contentUrl":"https:\/\/glassbottlewholesale.com\/wp-content\/uploads\/2019\/10\/E7_99_BD_E9_85_9217_c79fbe74210dfca01a387fdec5bd86e5.jpg","width":640,"height":640,"caption":"Buy Bulk Mini Glass Bottles"},{"@type":"BreadcrumbList","@id":"https:\/\/ruishengglassco.com\/product\/rs102buy-bulk-mini-liquor-bottles#breadcrumb","itemListElement":[{"@type":"ListItem","position":1,"name":"Home","item":"https:\/\/glassbottlewholesale.com\/"},{"@type":"ListItem","position":2,"name":"Products","item":"https:\/\/glassbottlewholesale.com\/shop\/"},{"@type":"ListItem","position":3,"name":"RS102:Buy Bulk Mini Liquor Bottles"}]},{"@type":"WebSite","@id":"https:\/\/glassbottlewholesale.com\/#website","url":"https:\/\/glassbottlewholesale.com\/","name":"Glass Bottle Wholesale","description":"","publisher":{"@id":"https:\/\/glassbottlewholesale.com\/#organization"},"potentialAction":[{"@type":"SearchAction","target":{"@type":"EntryPoint","urlTemplate":"https:\/\/glassbottlewholesale.com\/?s={search_term_string}"},"query-input":{"@type":"PropertyValueSpecification","valueRequired":true,"valueName":"search_term_string"}}],"inLanguage":"fr-FR"},{"@type":"Organization","@id":"https:\/\/glassbottlewholesale.com\/#organization","name":"Glass Bottle Wholesale","url":"https:\/\/glassbottlewholesale.com\/","logo":{"@type":"ImageObject","inLanguage":"fr-FR","@id":"https:\/\/glassbottlewholesale.com\/#\/schema\/logo\/image\/","url":"https:\/\/glassbottlewholesale.com\/wp-content\/uploads\/2023\/12\/ruisheng-logo.webp","contentUrl":"https:\/\/glassbottlewholesale.com\/wp-content\/uploads\/2023\/12\/ruisheng-logo.webp","width":400,"height":233,"caption":"Glass Bottle Wholesale"},"image":{"@id":"https:\/\/glassbottlewholesale.com\/#\/schema\/logo\/image\/"}}]}},"_links":{"self":[{"href":"https:\/\/glassbottlewholesale.com\/fr\/wp-json\/wp\/v2\/product\/497","targetHints":{"allow":["GET"]}}],"collection":[{"href":"https:\/\/glassbottlewholesale.com\/fr\/wp-json\/wp\/v2\/product"}],"about":[{"href":"https:\/\/glassbottlewholesale.com\/fr\/wp-json\/wp\/v2\/types\/product"}],"replies":[{"embeddable":true,"href":"https:\/\/glassbottlewholesale.com\/fr\/wp-json\/wp\/v2\/comments?post=497"}],"wp:featuredmedia":[{"embeddable":true,"href":"https:\/\/glassbottlewholesale.com\/fr\/wp-json\/wp\/v2\/media\/2120"}],"wp:attachment":[{"href":"https:\/\/glassbottlewholesale.com\/fr\/wp-json\/wp\/v2\/media?parent=497"}],"wp:term":[{"taxonomy":"product_brand","embeddable":true,"href":"https:\/\/glassbottlewholesale.com\/fr\/wp-json\/wp\/v2\/product_brand?post=497"},{"taxonomy":"product_cat","embeddable":true,"href":"https:\/\/glassbottlewholesale.com\/fr\/wp-json\/wp\/v2\/product_cat?post=497"},{"taxonomy":"product_tag","embeddable":true,"href":"https:\/\/glassbottlewholesale.com\/fr\/wp-json\/wp\/v2\/product_tag?post=497"}],"curies":[{"name":"wp","href":"https:\/\/api.w.org\/{rel}","templated":true}]}}