{"id":508,"date":"2019-12-15T12:47:19","date_gmt":"2019-12-15T12:47:19","guid":{"rendered":"https:\/\/queenchingglass.com\/?post_type=product&#038;p=508"},"modified":"2025-07-10T02:30:50","modified_gmt":"2025-07-10T02:30:50","slug":"bouteilles-rondes-de-boston-personnalisees-de-375ml-vente-en-gros-pour-le-vin-la-vodka-le-brandy","status":"publish","type":"product","link":"https:\/\/glassbottlewholesale.com\/fr\/bouteilles-rondes-de-boston-personnalisees-de-375ml-vente-en-gros-pour-le-vin-la-vodka-le-brandy\/","title":{"rendered":"RS050\u00a0: Bouteilles rondes Boston personnalis\u00e9es de 375\u00a0ml en gros pour le vin\/Vodka\/Brandy"},"content":{"rendered":"<div class=\"wpb-content-wrapper\"><div class=\"vc_row wpb_row vc_row-fluid\"><div class=\"wpb_column vc_column_container vc_col-sm-12\"><div class=\"vc_column-inner\"><div class=\"wpb_wrapper\">\n\t<div class=\"wpb_text_column wpb_content_element\" >\n\t\t<div class=\"wpb_wrapper\">\n\t\t\t<p>La vente en gros de bouteilles en verre rondes Boston personnalis\u00e9es est l&#039;une des bouteilles en verre les plus vendues dans notre usine. Ce magasin d&#039;usine de bouteilles en verre de 375 ml est vendu dans de nombreux pays et r\u00e9gions, tels que l&#039;Australie, l&#039;Am\u00e9rique, l&#039;Europe, la Nouvelle-Z\u00e9lande, etc. Cette bouteille en verre ronde Boston vide peut \u00eatre utilis\u00e9e pour contenir du vin, de la vodka, du brandy, du gin, du rhum et d&#039;autres liquides.<\/p>\n<p>Nos bouteilles en verre de 375 ml en gros sont livr\u00e9es avec une finition bar\/li\u00e8ge. Ce <a href=\"https:\/\/ruishengglassco.com\/\">bouteille en verre \u00e0 vendre<\/a> est une bouteille de vin de style nordique traditionnel, une forme ronde simple id\u00e9ale pour l&#039;\u00e9tiquetage. Nous produisons ces bouteilles en verre en forme de cylindre pour de nombreuses distilleries du monde entier. Nous proposons un bouchon \u00e0 friction de 19,5 mm mont\u00e9 sur la bouteille de vin en verre. Le poids de cette bouteille est de 420g. Le poids lourd pr\u00e9sente une base \u00e9paisse, favorisant un \u00e9l\u00e9ment de qualit\u00e9 sup\u00e9rieure.<\/p>\n<h4>Les d\u00e9tails des bouteilles de vin en verre de 375 ml<\/h4>\n<p>Le mat\u00e9riau de ces bouteilles en verre de vin est du verre \u00e0 haute teneur en silex, c&#039;est le mat\u00e9riau de qualit\u00e9 sup\u00e9rieure pour les bouteilles en verre.<\/p>\n<p>Le diam\u00e8tre de la bouteille d&#039;alcool vide est de 75 mm et la hauteur de la bouteille est de 175 mm. Sa finition du manche est en li\u00e8ge. Et nous pouvons changer la finition de son col pour un bouchon \u00e0 vis si vous en avez besoin.<\/p>\n<p>Concernant le mode d&#039;emballage de ces flacons en verre en vrac de 375 ml, nous avons trois mani\u00e8res. La premi\u00e8re m\u00e9thode est l&#039;emballage en carton. Nous utilisons g\u00e9n\u00e9ralement un carton d&#039;exportation standard pour emballer cette bouteille, ce carton est un papier ondul\u00e9 \u00e0 cinq couches. Sur ce carton, nous \u00e9crivons simplement le nom de la bouteille en verre, sa capacit\u00e9 et le nombre de bouteilles contenues dans les cartons. Si vous souhaitez cr\u00e9er votre bo\u00eete de couleur personnalis\u00e9e, nous pouvons \u00e9galement la r\u00e9aliser.<\/p>\n<p>Le deuxi\u00e8me moyen d\u2019emballage de ces bouteilles en verre est la palette. Notre palette est sans fumigation. De cette fa\u00e7on, il est tr\u00e8s facile de transporter les bouteilles en verre et de gagner beaucoup de temps.<\/p>\n<p>La derni\u00e8re m\u00e9thode d&#039;emballage de ces bouteilles est la combinaison de la premi\u00e8re et de la deuxi\u00e8me mani\u00e8re. C&#039;est le meilleur moyen s\u00fbr d&#039;emballer des bouteilles en verre.<\/p>\n<p>Si vous souhaitez acheter des bouteilles en verre rondes Boston en gros 375 ml, veuillez laisser un message ici pour obtenir les d\u00e9tails.<\/p>\n\n\t\t<\/div>\n\t<\/div>\n<\/div><\/div><\/div><\/div>\n<\/div>","protected":false},"excerpt":{"rendered":"<table class=\"tg\">\n<tbody>\n<tr>\n<th class=\"tg-24i8\" colspan=\"2\">Bouteilles en verre rondes Boston personnalis\u00e9es de 375 ml en gros<\/th>\n<\/tr>\n<tr>\n<td class=\"tg-b7b8\">R\u00e9f\u00e9rence:<\/td>\n<td class=\"tg-b7b8\">RS050<\/td>\n<\/tr>\n<tr>\n<td class=\"tg-yw4l\">Mat\u00e9riau principal:<\/td>\n<td class=\"tg-yw4l\">Verre \u00e0 haute teneur en silex (ce mat\u00e9riau est \u00e9galement appel\u00e9 verre blanc cristal)<\/td>\n<\/tr>\n<tr>\n<td class=\"tg-b7b8\">Casquette:<\/td>\n<td class=\"tg-b7b8\">Bouchon en li\u00e8ge\/vis<\/td>\n<\/tr>\n<tr>\n<td class=\"tg-yw4l\">Capacit\u00e9:<\/td>\n<td class=\"tg-yw4l\">375 ml<\/td>\n<\/tr>\n<tr>\n<td class=\"tg-b7b8\">Fonctionnalit\u00e9:<\/td>\n<td class=\"tg-b7b8\">Respectueux de la nature<\/td>\n<\/tr>\n<tr>\n<td class=\"tg-yw4l\">Quantit\u00e9 minimale de commande\u00a0:<\/td>\n<td class=\"tg-yw4l\">10000 pi\u00e8ces<\/td>\n<\/tr>\n<tr>\n<td class=\"tg-b7b8\">Mani\u00e8re d&#039;emballage\u00a0:<\/td>\n<td class=\"tg-b7b8\">Carton standard d&#039;exportation\/palette\/carton et palette standard d&#039;exportation<\/td>\n<\/tr>\n<tr>\n<td class=\"tg-yw4l\">OEM\/ODM\u00a0:<\/td>\n<td class=\"tg-yw4l\">Accueillir<\/td>\n<\/tr>\n<tr>\n<td class=\"tg-b7b8\">Origine du lieu :<\/td>\n<td class=\"tg-b7b8\">Shandong, Chine<\/td>\n<\/tr>\n<tr>\n<td class=\"tg-yw4l\">Pi\u00e8ces\/ctn\u00a0:<\/td>\n<td class=\"tg-yw4l\">24 pi\u00e8ces ou selon les demandes des clients<\/td>\n<\/tr>\n<\/tbody>\n<\/table>","protected":false},"featured_media":2672,"comment_status":"open","ping_status":"closed","template":"","meta":[],"product_brand":[],"product_cat":[49,60,67],"product_tag":[],"class_list":{"0":"post-508","1":"product","2":"type-product","3":"status-publish","4":"has-post-thumbnail","6":"product_cat-375ml-glass-bottle","7":"product_cat-brandy-bottle","8":"product_cat-vodka-bottle","9":"entry","10":"has-media","12":"first","13":"instock","14":"shipping-taxable","15":"product-type-simple"},"yoast_head":"<!-- This site is optimized with the Yoast SEO plugin v27.3 - https:\/\/yoast.com\/product\/yoast-seo-wordpress\/ -->\n<title>Boston Round Glass Bottles Wholesale | Bulk Glass Flask Bottles<\/title>\n<meta name=\"description\" content=\"Buy Boston Round Glass Bottles Wholesale Always in Lowest Price! 50ml, 250ml, 750ml, 1000ml(from 2 oz to 32 oz) Glass Flask Bottles For Wine\/Vodka\/Brandy\" \/>\n<meta name=\"robots\" content=\"index, follow, max-snippet:-1, max-image-preview:large, max-video-preview:-1\" \/>\n<link rel=\"canonical\" href=\"https:\/\/ruishengglassco.com\/product\/rs050-customized-boston-round-375ml-bottles-for-wine-vodka-brandy\" \/>\n<meta property=\"og:locale\" content=\"fr_FR\" \/>\n<meta property=\"og:type\" content=\"article\" \/>\n<meta property=\"og:title\" content=\"Boston Round Glass Bottles Wholesale | Bulk Glass Flask Bottles\" \/>\n<meta property=\"og:description\" content=\"Buy Boston Round Glass Bottles Wholesale Always in Lowest Price! 50ml, 250ml, 750ml, 1000ml(from 2 oz to 32 oz) Glass Flask Bottles For Wine\/Vodka\/Brandy\" \/>\n<meta property=\"og:url\" content=\"https:\/\/ruishengglassco.com\/product\/rs050-customized-boston-round-375ml-bottles-for-wine-vodka-brandy\" \/>\n<meta property=\"og:site_name\" content=\"Glass Bottle Wholesale\" \/>\n<meta property=\"article:modified_time\" content=\"2025-07-10T02:30:50+00:00\" \/>\n<meta property=\"og:image\" content=\"https:\/\/glassbottlewholesale.com\/wp-content\/uploads\/2019\/10\/18.jpg\" \/>\n\t<meta property=\"og:image:width\" content=\"800\" \/>\n\t<meta property=\"og:image:height\" content=\"800\" \/>\n\t<meta property=\"og:image:type\" content=\"image\/jpeg\" \/>\n<meta name=\"twitter:card\" content=\"summary_large_image\" \/>\n<meta name=\"twitter:label1\" content=\"Dur\u00e9e de lecture estim\u00e9e\" \/>\n\t<meta name=\"twitter:data1\" content=\"2 minutes\" \/>\n<script type=\"application\/ld+json\" class=\"yoast-schema-graph\">{\"@context\":\"https:\\\/\\\/schema.org\",\"@graph\":[{\"@type\":\"WebPage\",\"@id\":\"https:\\\/\\\/glassbottlewholesale.com\\\/customized-boston-round-375ml-bottles-wholesale-for-wine-vodka-brandy\\\/\",\"url\":\"https:\\\/\\\/ruishengglassco.com\\\/product\\\/rs050-customized-boston-round-375ml-bottles-for-wine-vodka-brandy\",\"name\":\"Boston Round Glass Bottles Wholesale | Bulk Glass Flask Bottles\",\"isPartOf\":{\"@id\":\"https:\\\/\\\/glassbottlewholesale.com\\\/#website\"},\"primaryImageOfPage\":{\"@id\":\"https:\\\/\\\/ruishengglassco.com\\\/product\\\/rs050-customized-boston-round-375ml-bottles-for-wine-vodka-brandy#primaryimage\"},\"image\":{\"@id\":\"https:\\\/\\\/ruishengglassco.com\\\/product\\\/rs050-customized-boston-round-375ml-bottles-for-wine-vodka-brandy#primaryimage\"},\"thumbnailUrl\":\"https:\\\/\\\/glassbottlewholesale.com\\\/wp-content\\\/uploads\\\/2019\\\/10\\\/18.jpg\",\"datePublished\":\"2019-12-15T12:47:19+00:00\",\"dateModified\":\"2025-07-10T02:30:50+00:00\",\"description\":\"Buy Boston Round Glass Bottles Wholesale Always in Lowest Price! 50ml, 250ml, 750ml, 1000ml(from 2 oz to 32 oz) Glass Flask Bottles For Wine\\\/Vodka\\\/Brandy\",\"breadcrumb\":{\"@id\":\"https:\\\/\\\/ruishengglassco.com\\\/product\\\/rs050-customized-boston-round-375ml-bottles-for-wine-vodka-brandy#breadcrumb\"},\"inLanguage\":\"fr-FR\",\"potentialAction\":[{\"@type\":\"ReadAction\",\"target\":[\"https:\\\/\\\/ruishengglassco.com\\\/product\\\/rs050-customized-boston-round-375ml-bottles-for-wine-vodka-brandy\"]}]},{\"@type\":\"ImageObject\",\"inLanguage\":\"fr-FR\",\"@id\":\"https:\\\/\\\/ruishengglassco.com\\\/product\\\/rs050-customized-boston-round-375ml-bottles-for-wine-vodka-brandy#primaryimage\",\"url\":\"https:\\\/\\\/glassbottlewholesale.com\\\/wp-content\\\/uploads\\\/2019\\\/10\\\/18.jpg\",\"contentUrl\":\"https:\\\/\\\/glassbottlewholesale.com\\\/wp-content\\\/uploads\\\/2019\\\/10\\\/18.jpg\",\"width\":800,\"height\":800,\"caption\":\"Customized Boston Round 375ml Bottles Wholesale For Wine\\\/Vodka\\\/Brandy\"},{\"@type\":\"BreadcrumbList\",\"@id\":\"https:\\\/\\\/ruishengglassco.com\\\/product\\\/rs050-customized-boston-round-375ml-bottles-for-wine-vodka-brandy#breadcrumb\",\"itemListElement\":[{\"@type\":\"ListItem\",\"position\":1,\"name\":\"Home\",\"item\":\"https:\\\/\\\/glassbottlewholesale.com\\\/\"},{\"@type\":\"ListItem\",\"position\":2,\"name\":\"Products\",\"item\":\"https:\\\/\\\/glassbottlewholesale.com\\\/shop\\\/\"},{\"@type\":\"ListItem\",\"position\":3,\"name\":\"RS050: Customized Boston Round 375ml Bottles Wholesale For Wine\\\/Vodka\\\/Brandy\"}]},{\"@type\":\"WebSite\",\"@id\":\"https:\\\/\\\/glassbottlewholesale.com\\\/#website\",\"url\":\"https:\\\/\\\/glassbottlewholesale.com\\\/\",\"name\":\"Glass Bottle Wholesale\",\"description\":\"\",\"publisher\":{\"@id\":\"https:\\\/\\\/glassbottlewholesale.com\\\/#organization\"},\"potentialAction\":[{\"@type\":\"SearchAction\",\"target\":{\"@type\":\"EntryPoint\",\"urlTemplate\":\"https:\\\/\\\/glassbottlewholesale.com\\\/?s={search_term_string}\"},\"query-input\":{\"@type\":\"PropertyValueSpecification\",\"valueRequired\":true,\"valueName\":\"search_term_string\"}}],\"inLanguage\":\"fr-FR\"},{\"@type\":\"Organization\",\"@id\":\"https:\\\/\\\/glassbottlewholesale.com\\\/#organization\",\"name\":\"Glass Bottle Wholesale\",\"url\":\"https:\\\/\\\/glassbottlewholesale.com\\\/\",\"logo\":{\"@type\":\"ImageObject\",\"inLanguage\":\"fr-FR\",\"@id\":\"https:\\\/\\\/glassbottlewholesale.com\\\/#\\\/schema\\\/logo\\\/image\\\/\",\"url\":\"https:\\\/\\\/glassbottlewholesale.com\\\/wp-content\\\/uploads\\\/2023\\\/12\\\/ruisheng-logo.webp\",\"contentUrl\":\"https:\\\/\\\/glassbottlewholesale.com\\\/wp-content\\\/uploads\\\/2023\\\/12\\\/ruisheng-logo.webp\",\"width\":400,\"height\":233,\"caption\":\"Glass Bottle Wholesale\"},\"image\":{\"@id\":\"https:\\\/\\\/glassbottlewholesale.com\\\/#\\\/schema\\\/logo\\\/image\\\/\"}}]}<\/script>\n<!-- \/ Yoast SEO plugin. -->","yoast_head_json":{"title":"Bouteilles en verre rondes Boston en gros | Flacons en verre en vrac","description":"Achetez des bouteilles en verre rondes Boston en gros, toujours au prix le plus bas\u00a0! Bouteilles en verre de 50 ml, 250 ml, 750 ml, 1 000 ml (de 2 oz \u00e0 32 oz) pour vin\/vodka\/brandy","robots":{"index":"index","follow":"follow","max-snippet":"max-snippet:-1","max-image-preview":"max-image-preview:large","max-video-preview":"max-video-preview:-1"},"canonical":"https:\/\/ruishengglassco.com\/product\/rs050-customized-boston-round-375ml-bottles-for-wine-vodka-brandy","og_locale":"fr_FR","og_type":"article","og_title":"Boston Round Glass Bottles Wholesale | Bulk Glass Flask Bottles","og_description":"Buy Boston Round Glass Bottles Wholesale Always in Lowest Price! 50ml, 250ml, 750ml, 1000ml(from 2 oz to 32 oz) Glass Flask Bottles For Wine\/Vodka\/Brandy","og_url":"https:\/\/ruishengglassco.com\/product\/rs050-customized-boston-round-375ml-bottles-for-wine-vodka-brandy","og_site_name":"Glass Bottle Wholesale","article_modified_time":"2025-07-10T02:30:50+00:00","og_image":[{"width":800,"height":800,"url":"https:\/\/glassbottlewholesale.com\/wp-content\/uploads\/2019\/10\/18.jpg","type":"image\/jpeg"}],"twitter_card":"summary_large_image","twitter_misc":{"Dur\u00e9e de lecture estim\u00e9e":"2 minutes"},"schema":{"@context":"https:\/\/schema.org","@graph":[{"@type":"WebPage","@id":"https:\/\/glassbottlewholesale.com\/customized-boston-round-375ml-bottles-wholesale-for-wine-vodka-brandy\/","url":"https:\/\/ruishengglassco.com\/product\/rs050-customized-boston-round-375ml-bottles-for-wine-vodka-brandy","name":"Bouteilles en verre rondes Boston en gros | Flacons en verre en vrac","isPartOf":{"@id":"https:\/\/glassbottlewholesale.com\/#website"},"primaryImageOfPage":{"@id":"https:\/\/ruishengglassco.com\/product\/rs050-customized-boston-round-375ml-bottles-for-wine-vodka-brandy#primaryimage"},"image":{"@id":"https:\/\/ruishengglassco.com\/product\/rs050-customized-boston-round-375ml-bottles-for-wine-vodka-brandy#primaryimage"},"thumbnailUrl":"https:\/\/glassbottlewholesale.com\/wp-content\/uploads\/2019\/10\/18.jpg","datePublished":"2019-12-15T12:47:19+00:00","dateModified":"2025-07-10T02:30:50+00:00","description":"Achetez des bouteilles en verre rondes Boston en gros, toujours au prix le plus bas\u00a0! Bouteilles en verre de 50 ml, 250 ml, 750 ml, 1 000 ml (de 2 oz \u00e0 32 oz) pour vin\/vodka\/brandy","breadcrumb":{"@id":"https:\/\/ruishengglassco.com\/product\/rs050-customized-boston-round-375ml-bottles-for-wine-vodka-brandy#breadcrumb"},"inLanguage":"fr-FR","potentialAction":[{"@type":"ReadAction","target":["https:\/\/ruishengglassco.com\/product\/rs050-customized-boston-round-375ml-bottles-for-wine-vodka-brandy"]}]},{"@type":"ImageObject","inLanguage":"fr-FR","@id":"https:\/\/ruishengglassco.com\/product\/rs050-customized-boston-round-375ml-bottles-for-wine-vodka-brandy#primaryimage","url":"https:\/\/glassbottlewholesale.com\/wp-content\/uploads\/2019\/10\/18.jpg","contentUrl":"https:\/\/glassbottlewholesale.com\/wp-content\/uploads\/2019\/10\/18.jpg","width":800,"height":800,"caption":"Customized Boston Round 375ml Bottles Wholesale For Wine\/Vodka\/Brandy"},{"@type":"BreadcrumbList","@id":"https:\/\/ruishengglassco.com\/product\/rs050-customized-boston-round-375ml-bottles-for-wine-vodka-brandy#breadcrumb","itemListElement":[{"@type":"ListItem","position":1,"name":"Home","item":"https:\/\/glassbottlewholesale.com\/"},{"@type":"ListItem","position":2,"name":"Products","item":"https:\/\/glassbottlewholesale.com\/shop\/"},{"@type":"ListItem","position":3,"name":"RS050: Customized Boston Round 375ml Bottles Wholesale For Wine\/Vodka\/Brandy"}]},{"@type":"WebSite","@id":"https:\/\/glassbottlewholesale.com\/#website","url":"https:\/\/glassbottlewholesale.com\/","name":"Glass Bottle Wholesale","description":"","publisher":{"@id":"https:\/\/glassbottlewholesale.com\/#organization"},"potentialAction":[{"@type":"SearchAction","target":{"@type":"EntryPoint","urlTemplate":"https:\/\/glassbottlewholesale.com\/?s={search_term_string}"},"query-input":{"@type":"PropertyValueSpecification","valueRequired":true,"valueName":"search_term_string"}}],"inLanguage":"fr-FR"},{"@type":"Organization","@id":"https:\/\/glassbottlewholesale.com\/#organization","name":"Glass Bottle Wholesale","url":"https:\/\/glassbottlewholesale.com\/","logo":{"@type":"ImageObject","inLanguage":"fr-FR","@id":"https:\/\/glassbottlewholesale.com\/#\/schema\/logo\/image\/","url":"https:\/\/glassbottlewholesale.com\/wp-content\/uploads\/2023\/12\/ruisheng-logo.webp","contentUrl":"https:\/\/glassbottlewholesale.com\/wp-content\/uploads\/2023\/12\/ruisheng-logo.webp","width":400,"height":233,"caption":"Glass Bottle Wholesale"},"image":{"@id":"https:\/\/glassbottlewholesale.com\/#\/schema\/logo\/image\/"}}]}},"_links":{"self":[{"href":"https:\/\/glassbottlewholesale.com\/fr\/wp-json\/wp\/v2\/product\/508","targetHints":{"allow":["GET"]}}],"collection":[{"href":"https:\/\/glassbottlewholesale.com\/fr\/wp-json\/wp\/v2\/product"}],"about":[{"href":"https:\/\/glassbottlewholesale.com\/fr\/wp-json\/wp\/v2\/types\/product"}],"replies":[{"embeddable":true,"href":"https:\/\/glassbottlewholesale.com\/fr\/wp-json\/wp\/v2\/comments?post=508"}],"wp:featuredmedia":[{"embeddable":true,"href":"https:\/\/glassbottlewholesale.com\/fr\/wp-json\/wp\/v2\/media\/2672"}],"wp:attachment":[{"href":"https:\/\/glassbottlewholesale.com\/fr\/wp-json\/wp\/v2\/media?parent=508"}],"wp:term":[{"taxonomy":"product_brand","embeddable":true,"href":"https:\/\/glassbottlewholesale.com\/fr\/wp-json\/wp\/v2\/product_brand?post=508"},{"taxonomy":"product_cat","embeddable":true,"href":"https:\/\/glassbottlewholesale.com\/fr\/wp-json\/wp\/v2\/product_cat?post=508"},{"taxonomy":"product_tag","embeddable":true,"href":"https:\/\/glassbottlewholesale.com\/fr\/wp-json\/wp\/v2\/product_tag?post=508"}],"curies":[{"name":"wp","href":"https:\/\/api.w.org\/{rel}","templated":true}]}}