{"id":511,"date":"2019-10-15T12:49:01","date_gmt":"2019-10-15T12:49:01","guid":{"rendered":"https:\/\/queenchingglass.com\/?post_type=product&#038;p=511"},"modified":"2025-07-10T03:22:46","modified_gmt":"2025-07-10T03:22:46","slug":"bouteilles-rondes-en-verre-boston-50cl-grossiste","status":"publish","type":"product","link":"https:\/\/glassbottlewholesale.com\/fr\/bouteilles-rondes-en-verre-boston-50cl-grossiste\/","title":{"rendered":"RS098\u00a0:\u00a050cl bouteilles en verre rondes Boston en gros"},"content":{"rendered":"<div class=\"wpb-content-wrapper\"><div class=\"vc_row wpb_row vc_row-fluid\"><div class=\"wpb_column vc_column_container vc_col-sm-12\"><div class=\"vc_column-inner\"><div class=\"wpb_wrapper\">\n\t<div class=\"wpb_text_column wpb_content_element\" >\n\t\t<div class=\"wpb_wrapper\">\n\t\t\t<p>Les bouteilles rondes en verre de 50cl Boston sont fabriqu\u00e9es en Chine \u00e0 partir de mat\u00e9riaux de qualit\u00e9 sup\u00e9rieure. Ces bouteilles de liqueur bon march\u00e9 sont utilis\u00e9es pour contenir de la vodka, du whisky, de la liqueur, des boissons et d'autres liquides.<\/p>\n<p>Notre usine -\u00a0<a href=\"https:\/\/ruishengglassco.com\/about\">Shandong Yuncheng Ruisheng Glass Co, Ltd.<\/a> est situ\u00e9e dans le comt\u00e9 de Yuncheng, qui est r\u00e9put\u00e9 pour ses emballages de boissons alcoolis\u00e9es. Notre usine peut proposer des commandes allant d'une bouteille en verre transparent \u00e0 un traitement approfondi des bouteilles.<\/p>\n<p>Notre usine compte 12 lignes de production de bouteilles en verre, \u00e0 la fois des machines enti\u00e8rement automatiques et des machines semi-automatiques. Notre production journali\u00e8re est d'environ 120 000 pi\u00e8ces. Quel que soit le nombre de <a href=\"https:\/\/ruishengglassco.com\/glass-liquor-spirit-bottles\">bouteilles de liqueur en verre<\/a> Si vous commandez un produit, nous pouvons tous l'achever dans les d\u00e9lais. Notre usine compte plus de 500 employ\u00e9s et un groupe de contr\u00f4leurs et de concepteurs qualifi\u00e9s. Nous pouvons concevoir et fabriquer des bouteilles en verre personnalis\u00e9es apr\u00e8s avoir re\u00e7u votre photo ou votre id\u00e9e.<\/p>\n<h4>Les d\u00e9tails des bouteilles rondes de 50cl en verre de Boston<\/h4>\n<p>Cette bouteille ronde de 50cl en verre de Boston est fabriqu\u00e9e \u00e0 partir d'un mat\u00e9riau de haute qualit\u00e9, le verre de silex. Ce mat\u00e9riau est de la meilleure qualit\u00e9 pour les bouteilles en verre \u00e0 usage quotidien. Le poids de cette bouteille en verre est de 580 \u00b1 10g, et sa capacit\u00e9 est de 520 \u00b1 10 ml. La taille de la bouteille en verre est de 84,2 x 192,2 mm. Son diam\u00e8tre est de 84,2 mm et sa hauteur de 192,2 mm. L'\u00e9paisseur du fond est de 19 \u00b1 2 mm.<\/p>\n<h4>Le d\u00e9lai de livraison de ces bouteilles de liqueur bon march\u00e9 en gros<\/h4>\n<p>Bouteilles en verre en stock<\/p>\n<p>Nous pouvons les envoyer imm\u00e9diatement. L'heure d'arriv\u00e9e d\u00e9pend du temps de transit jusqu'\u00e0 la destination finale.<\/p>\n<p>Le moule existant des bouteilles en verre<\/p>\n<p>Ces bouteilles en verre seront exp\u00e9di\u00e9es dans un d\u00e9lai de 20 \u00e0 30 jours. Le d\u00e9lai de livraison d\u00e9pend du temps de transit jusqu'\u00e0 la destination finale.<\/p>\n<p>Les bouteilles en verre personnalis\u00e9es<\/p>\n<p>Le temps de moulage est d'environ 15 \u00e0 20 jours, et le d\u00e9lai de livraison pour la production de masse est d'environ 20 \u00e0 30 jours, en fonction de notre calendrier de fabrication. L'heure d'arriv\u00e9e d\u00e9pend du temps de transit jusqu'\u00e0 la destination finale.<\/p>\n<p>Si vous souhaitez acheter des bouteilles en verre rondes Boston de 50cl, ou<a href=\"https:\/\/ruishengglassco.com\/\">\u00a0bouteilles en verre en gros<\/a>Veuillez nous contacter par l'interm\u00e9diaire de notre site web, nous vous r\u00e9pondrons dans les plus brefs d\u00e9lais.<\/p>\n\n\t\t<\/div>\n\t<\/div>\n<\/div><\/div><\/div><\/div>\n<\/div>","protected":false},"excerpt":{"rendered":"<p>Si vous \u00eates int\u00e9ress\u00e9 par nos bouteilles en verre boston de 500ml, veuillez nous contacter. Nous vous r\u00e9pondrons dans les 24 heures.<\/p>","protected":false},"featured_media":2140,"comment_status":"open","ping_status":"closed","template":"","meta":[],"product_brand":[],"product_cat":[50,64],"product_tag":[],"class_list":{"0":"post-511","1":"product","2":"type-product","3":"status-publish","4":"has-post-thumbnail","6":"product_cat-500ml-glass-bottle","7":"product_cat-gin-bottle","8":"entry","9":"has-media","11":"first","12":"instock","13":"shipping-taxable","14":"product-type-simple"},"yoast_head":"<!-- This site is optimized with the Yoast SEO plugin v27.3 - https:\/\/yoast.com\/product\/yoast-seo-wordpress\/ -->\n<title>Cheap Liquor Bottles Wholesale | 50cl Boston Round Glass Bottles Bulk<\/title>\n<meta name=\"description\" content=\"Want To Buy Cheap Liquor Bottles Wholesale? Click here to know 50cl Boston Round Glass Bottles Bulk From China Liquor Bottle Manufacturing Factory.\" \/>\n<meta name=\"robots\" content=\"index, follow, max-snippet:-1, max-image-preview:large, max-video-preview:-1\" \/>\n<link rel=\"canonical\" href=\"https:\/\/ruishengglassco.com\/product\/rs09850cl-boston-round-glass-bottles-wholesale\" \/>\n<meta property=\"og:locale\" content=\"fr_FR\" \/>\n<meta property=\"og:type\" content=\"article\" \/>\n<meta property=\"og:title\" content=\"Cheap Liquor Bottles Wholesale | 50cl Boston Round Glass Bottles Bulk\" \/>\n<meta property=\"og:description\" content=\"Want To Buy Cheap Liquor Bottles Wholesale? Click here to know 50cl Boston Round Glass Bottles Bulk From China Liquor Bottle Manufacturing Factory.\" \/>\n<meta property=\"og:url\" content=\"https:\/\/ruishengglassco.com\/product\/rs09850cl-boston-round-glass-bottles-wholesale\" \/>\n<meta property=\"og:site_name\" content=\"Glass Bottle Wholesale\" \/>\n<meta property=\"article:modified_time\" content=\"2025-07-10T03:22:46+00:00\" \/>\n<meta property=\"og:image\" content=\"https:\/\/glassbottlewholesale.com\/wp-content\/uploads\/2019\/10\/E6_9D_9C_E6_9D_BE_E5_AD_902_6f895d2c4b90e8542569142af75a7d62.jpg\" \/>\n\t<meta property=\"og:image:width\" content=\"400\" \/>\n\t<meta property=\"og:image:height\" content=\"400\" \/>\n\t<meta property=\"og:image:type\" content=\"image\/jpeg\" \/>\n<meta name=\"twitter:card\" content=\"summary_large_image\" \/>\n<meta name=\"twitter:label1\" content=\"Dur\u00e9e de lecture estim\u00e9e\" \/>\n\t<meta name=\"twitter:data1\" content=\"2 minutes\" \/>\n<script type=\"application\/ld+json\" class=\"yoast-schema-graph\">{\"@context\":\"https:\\\/\\\/schema.org\",\"@graph\":[{\"@type\":\"WebPage\",\"@id\":\"https:\\\/\\\/glassbottlewholesale.com\\\/50cl-boston-round-glass-bottles-wholesale\\\/\",\"url\":\"https:\\\/\\\/ruishengglassco.com\\\/product\\\/rs09850cl-boston-round-glass-bottles-wholesale\",\"name\":\"Cheap Liquor Bottles Wholesale | 50cl Boston Round Glass Bottles Bulk\",\"isPartOf\":{\"@id\":\"https:\\\/\\\/glassbottlewholesale.com\\\/#website\"},\"primaryImageOfPage\":{\"@id\":\"https:\\\/\\\/ruishengglassco.com\\\/product\\\/rs09850cl-boston-round-glass-bottles-wholesale#primaryimage\"},\"image\":{\"@id\":\"https:\\\/\\\/ruishengglassco.com\\\/product\\\/rs09850cl-boston-round-glass-bottles-wholesale#primaryimage\"},\"thumbnailUrl\":\"https:\\\/\\\/glassbottlewholesale.com\\\/wp-content\\\/uploads\\\/2019\\\/10\\\/E6_9D_9C_E6_9D_BE_E5_AD_902_6f895d2c4b90e8542569142af75a7d62.jpg\",\"datePublished\":\"2019-10-15T12:49:01+00:00\",\"dateModified\":\"2025-07-10T03:22:46+00:00\",\"description\":\"Want To Buy Cheap Liquor Bottles Wholesale? Click here to know 50cl Boston Round Glass Bottles Bulk From China Liquor Bottle Manufacturing Factory.\",\"breadcrumb\":{\"@id\":\"https:\\\/\\\/ruishengglassco.com\\\/product\\\/rs09850cl-boston-round-glass-bottles-wholesale#breadcrumb\"},\"inLanguage\":\"fr-FR\",\"potentialAction\":[{\"@type\":\"ReadAction\",\"target\":[\"https:\\\/\\\/ruishengglassco.com\\\/product\\\/rs09850cl-boston-round-glass-bottles-wholesale\"]}]},{\"@type\":\"ImageObject\",\"inLanguage\":\"fr-FR\",\"@id\":\"https:\\\/\\\/ruishengglassco.com\\\/product\\\/rs09850cl-boston-round-glass-bottles-wholesale#primaryimage\",\"url\":\"https:\\\/\\\/glassbottlewholesale.com\\\/wp-content\\\/uploads\\\/2019\\\/10\\\/E6_9D_9C_E6_9D_BE_E5_AD_902_6f895d2c4b90e8542569142af75a7d62.jpg\",\"contentUrl\":\"https:\\\/\\\/glassbottlewholesale.com\\\/wp-content\\\/uploads\\\/2019\\\/10\\\/E6_9D_9C_E6_9D_BE_E5_AD_902_6f895d2c4b90e8542569142af75a7d62.jpg\",\"width\":400,\"height\":400,\"caption\":\"50cl Boston Round Glass Bottles Wholesale\"},{\"@type\":\"BreadcrumbList\",\"@id\":\"https:\\\/\\\/ruishengglassco.com\\\/product\\\/rs09850cl-boston-round-glass-bottles-wholesale#breadcrumb\",\"itemListElement\":[{\"@type\":\"ListItem\",\"position\":1,\"name\":\"Home\",\"item\":\"https:\\\/\\\/glassbottlewholesale.com\\\/\"},{\"@type\":\"ListItem\",\"position\":2,\"name\":\"Products\",\"item\":\"https:\\\/\\\/glassbottlewholesale.com\\\/shop\\\/\"},{\"@type\":\"ListItem\",\"position\":3,\"name\":\"RS098:50cl Boston Round Glass Bottles Wholesale\"}]},{\"@type\":\"WebSite\",\"@id\":\"https:\\\/\\\/glassbottlewholesale.com\\\/#website\",\"url\":\"https:\\\/\\\/glassbottlewholesale.com\\\/\",\"name\":\"Glass Bottle Wholesale\",\"description\":\"\",\"publisher\":{\"@id\":\"https:\\\/\\\/glassbottlewholesale.com\\\/#organization\"},\"potentialAction\":[{\"@type\":\"SearchAction\",\"target\":{\"@type\":\"EntryPoint\",\"urlTemplate\":\"https:\\\/\\\/glassbottlewholesale.com\\\/?s={search_term_string}\"},\"query-input\":{\"@type\":\"PropertyValueSpecification\",\"valueRequired\":true,\"valueName\":\"search_term_string\"}}],\"inLanguage\":\"fr-FR\"},{\"@type\":\"Organization\",\"@id\":\"https:\\\/\\\/glassbottlewholesale.com\\\/#organization\",\"name\":\"Glass Bottle Wholesale\",\"url\":\"https:\\\/\\\/glassbottlewholesale.com\\\/\",\"logo\":{\"@type\":\"ImageObject\",\"inLanguage\":\"fr-FR\",\"@id\":\"https:\\\/\\\/glassbottlewholesale.com\\\/#\\\/schema\\\/logo\\\/image\\\/\",\"url\":\"https:\\\/\\\/glassbottlewholesale.com\\\/wp-content\\\/uploads\\\/2023\\\/12\\\/ruisheng-logo.webp\",\"contentUrl\":\"https:\\\/\\\/glassbottlewholesale.com\\\/wp-content\\\/uploads\\\/2023\\\/12\\\/ruisheng-logo.webp\",\"width\":400,\"height\":233,\"caption\":\"Glass Bottle Wholesale\"},\"image\":{\"@id\":\"https:\\\/\\\/glassbottlewholesale.com\\\/#\\\/schema\\\/logo\\\/image\\\/\"}}]}<\/script>\n<!-- \/ Yoast SEO plugin. -->","yoast_head_json":{"title":"Bouteilles de liqueur bon march\u00e9 en gros | 50cl Boston Round Glass Bottles Bulk","description":"Vous voulez acheter des bouteilles de liqueur bon march\u00e9 en gros ? Cliquez ici pour conna\u00eetre 50cl Boston Round Glass Bottles Bulk From China Liquor Bottle Manufacturing Factory.","robots":{"index":"index","follow":"follow","max-snippet":"max-snippet:-1","max-image-preview":"max-image-preview:large","max-video-preview":"max-video-preview:-1"},"canonical":"https:\/\/ruishengglassco.com\/product\/rs09850cl-boston-round-glass-bottles-wholesale","og_locale":"fr_FR","og_type":"article","og_title":"Cheap Liquor Bottles Wholesale | 50cl Boston Round Glass Bottles Bulk","og_description":"Want To Buy Cheap Liquor Bottles Wholesale? Click here to know 50cl Boston Round Glass Bottles Bulk From China Liquor Bottle Manufacturing Factory.","og_url":"https:\/\/ruishengglassco.com\/product\/rs09850cl-boston-round-glass-bottles-wholesale","og_site_name":"Glass Bottle Wholesale","article_modified_time":"2025-07-10T03:22:46+00:00","og_image":[{"width":400,"height":400,"url":"https:\/\/glassbottlewholesale.com\/wp-content\/uploads\/2019\/10\/E6_9D_9C_E6_9D_BE_E5_AD_902_6f895d2c4b90e8542569142af75a7d62.jpg","type":"image\/jpeg"}],"twitter_card":"summary_large_image","twitter_misc":{"Dur\u00e9e de lecture estim\u00e9e":"2 minutes"},"schema":{"@context":"https:\/\/schema.org","@graph":[{"@type":"WebPage","@id":"https:\/\/glassbottlewholesale.com\/50cl-boston-round-glass-bottles-wholesale\/","url":"https:\/\/ruishengglassco.com\/product\/rs09850cl-boston-round-glass-bottles-wholesale","name":"Bouteilles de liqueur bon march\u00e9 en gros | 50cl Boston Round Glass Bottles Bulk","isPartOf":{"@id":"https:\/\/glassbottlewholesale.com\/#website"},"primaryImageOfPage":{"@id":"https:\/\/ruishengglassco.com\/product\/rs09850cl-boston-round-glass-bottles-wholesale#primaryimage"},"image":{"@id":"https:\/\/ruishengglassco.com\/product\/rs09850cl-boston-round-glass-bottles-wholesale#primaryimage"},"thumbnailUrl":"https:\/\/glassbottlewholesale.com\/wp-content\/uploads\/2019\/10\/E6_9D_9C_E6_9D_BE_E5_AD_902_6f895d2c4b90e8542569142af75a7d62.jpg","datePublished":"2019-10-15T12:49:01+00:00","dateModified":"2025-07-10T03:22:46+00:00","description":"Vous voulez acheter des bouteilles de liqueur bon march\u00e9 en gros ? Cliquez ici pour conna\u00eetre 50cl Boston Round Glass Bottles Bulk From China Liquor Bottle Manufacturing Factory.","breadcrumb":{"@id":"https:\/\/ruishengglassco.com\/product\/rs09850cl-boston-round-glass-bottles-wholesale#breadcrumb"},"inLanguage":"fr-FR","potentialAction":[{"@type":"ReadAction","target":["https:\/\/ruishengglassco.com\/product\/rs09850cl-boston-round-glass-bottles-wholesale"]}]},{"@type":"ImageObject","inLanguage":"fr-FR","@id":"https:\/\/ruishengglassco.com\/product\/rs09850cl-boston-round-glass-bottles-wholesale#primaryimage","url":"https:\/\/glassbottlewholesale.com\/wp-content\/uploads\/2019\/10\/E6_9D_9C_E6_9D_BE_E5_AD_902_6f895d2c4b90e8542569142af75a7d62.jpg","contentUrl":"https:\/\/glassbottlewholesale.com\/wp-content\/uploads\/2019\/10\/E6_9D_9C_E6_9D_BE_E5_AD_902_6f895d2c4b90e8542569142af75a7d62.jpg","width":400,"height":400,"caption":"50cl Boston Round Glass Bottles Wholesale"},{"@type":"BreadcrumbList","@id":"https:\/\/ruishengglassco.com\/product\/rs09850cl-boston-round-glass-bottles-wholesale#breadcrumb","itemListElement":[{"@type":"ListItem","position":1,"name":"Home","item":"https:\/\/glassbottlewholesale.com\/"},{"@type":"ListItem","position":2,"name":"Products","item":"https:\/\/glassbottlewholesale.com\/shop\/"},{"@type":"ListItem","position":3,"name":"RS098:50cl Boston Round Glass Bottles Wholesale"}]},{"@type":"WebSite","@id":"https:\/\/glassbottlewholesale.com\/#website","url":"https:\/\/glassbottlewholesale.com\/","name":"Glass Bottle Wholesale","description":"","publisher":{"@id":"https:\/\/glassbottlewholesale.com\/#organization"},"potentialAction":[{"@type":"SearchAction","target":{"@type":"EntryPoint","urlTemplate":"https:\/\/glassbottlewholesale.com\/?s={search_term_string}"},"query-input":{"@type":"PropertyValueSpecification","valueRequired":true,"valueName":"search_term_string"}}],"inLanguage":"fr-FR"},{"@type":"Organization","@id":"https:\/\/glassbottlewholesale.com\/#organization","name":"Glass Bottle Wholesale","url":"https:\/\/glassbottlewholesale.com\/","logo":{"@type":"ImageObject","inLanguage":"fr-FR","@id":"https:\/\/glassbottlewholesale.com\/#\/schema\/logo\/image\/","url":"https:\/\/glassbottlewholesale.com\/wp-content\/uploads\/2023\/12\/ruisheng-logo.webp","contentUrl":"https:\/\/glassbottlewholesale.com\/wp-content\/uploads\/2023\/12\/ruisheng-logo.webp","width":400,"height":233,"caption":"Glass Bottle Wholesale"},"image":{"@id":"https:\/\/glassbottlewholesale.com\/#\/schema\/logo\/image\/"}}]}},"_links":{"self":[{"href":"https:\/\/glassbottlewholesale.com\/fr\/wp-json\/wp\/v2\/product\/511","targetHints":{"allow":["GET"]}}],"collection":[{"href":"https:\/\/glassbottlewholesale.com\/fr\/wp-json\/wp\/v2\/product"}],"about":[{"href":"https:\/\/glassbottlewholesale.com\/fr\/wp-json\/wp\/v2\/types\/product"}],"replies":[{"embeddable":true,"href":"https:\/\/glassbottlewholesale.com\/fr\/wp-json\/wp\/v2\/comments?post=511"}],"wp:featuredmedia":[{"embeddable":true,"href":"https:\/\/glassbottlewholesale.com\/fr\/wp-json\/wp\/v2\/media\/2140"}],"wp:attachment":[{"href":"https:\/\/glassbottlewholesale.com\/fr\/wp-json\/wp\/v2\/media?parent=511"}],"wp:term":[{"taxonomy":"product_brand","embeddable":true,"href":"https:\/\/glassbottlewholesale.com\/fr\/wp-json\/wp\/v2\/product_brand?post=511"},{"taxonomy":"product_cat","embeddable":true,"href":"https:\/\/glassbottlewholesale.com\/fr\/wp-json\/wp\/v2\/product_cat?post=511"},{"taxonomy":"product_tag","embeddable":true,"href":"https:\/\/glassbottlewholesale.com\/fr\/wp-json\/wp\/v2\/product_tag?post=511"}],"curies":[{"name":"wp","href":"https:\/\/api.w.org\/{rel}","templated":true}]}}