{"id":515,"date":"2019-10-15T12:51:43","date_gmt":"2019-10-15T12:51:43","guid":{"rendered":"https:\/\/queenchingglass.com\/?post_type=product&#038;p=515"},"modified":"2025-07-10T01:30:17","modified_gmt":"2025-07-10T01:30:17","slug":"bouteille-de-gin-vide-de-700-ml-en-gros","status":"publish","type":"product","link":"https:\/\/glassbottlewholesale.com\/fr\/bouteille-de-gin-vide-de-700-ml-en-gros\/","title":{"rendered":"RS096\u00a0:\u00a0bouteilles de gin vides de 700\u00a0ml en gros"},"content":{"rendered":"<div class=\"wpb-content-wrapper\"><div class=\"vc_row wpb_row vc_row-fluid\"><div class=\"wpb_column vc_column_container vc_col-sm-12\"><div class=\"vc_column-inner\"><div class=\"wpb_wrapper\">\n\t<div class=\"wpb_text_column wpb_content_element\" >\n\t\t<div class=\"wpb_wrapper\">\n\t\t\t<p>En tant que leader des fabricants de bouteilles en verre en Chine, Ruisheng se concentre sur la conception et la production de bouteilles en verre depuis 2009. Nos bouteilles de gin vides de 700 ml en gros sont principalement utilis\u00e9es pour l&#039;emballage de produits alcoolis\u00e9s. Cette bouteille noire de gin vide de 700 ml est principalement con\u00e7ue pour le stockage et le conditionnement du gin.<\/p>\n<p>Les bouteilles de gin en verre vides de la s\u00e9rie RS-2028 adoptent des verres en super silex de haute qualit\u00e9, ce qui rend la bouteille en verre plus transparente, plus claire et plus dure. Il est le bienvenu aupr\u00e8s des fabricants de gin, des grossistes de bouteilles en verre, des supermarch\u00e9s, etc.<\/p>\n<p>Voici les informations sur nos bouteilles de gin vides \u00e0 vendre. Bienvenue pour commencer votre commande en gros ou en gros\u00a0!<\/p>\n<h4>Environ 700 ml de bouteilles de gin vides en gros<\/h4>\n<ul>\n<li><strong>Marque:<\/strong>\u00a0<a href=\"https:\/\/glassbottlewholesale.com\/fr\/about-us\/\">RS<\/a><\/li>\n<li><strong>Taille de la bouteille de gin\u00a0:<\/strong> Bouteilles d&#039;alcool de 700 ml et 750 ml (commande personnalis\u00e9e de 50 ml \u00e0 15ooml)<\/li>\n<li><strong>Forme:\u00a0<\/strong> Bouteille en verre ronde, carr\u00e9e, ovale, incurv\u00e9e, en forme de cr\u00e2ne et formes uniques de bouteille de gin. (Service de bouteille en verre de forme personnalis\u00e9e disponible)<\/li>\n<li><strong>Type d&#039;\u00e9tanch\u00e9it\u00e9\u00a0:<\/strong>\u00a0Dessus en li\u00e8ge, dessus \u00e0 vis et bouchon Guala scell\u00e9s<\/li>\n<li><strong>Quantit\u00e9 minimale de commande\u00a0:<\/strong> 1 \u00d7 40HQ (26 000 \u00e0 30 000 bouteilles de 700 ml). \u00c9chantillon gratuit de bouteilles de gin vides offert.<\/li>\n<li>Un \u00e9chantillon gratuit peut \u00eatre offert.<\/li>\n<\/ul>\n<p>Notre soci\u00e9t\u00e9 a investi 2 lignes de production de la machine enti\u00e8rement automatique 8S la plus avanc\u00e9e, 3 lignes de production de machines manuelles CNC, 4 lignes de production de machines semi-automatiques CNC pour la fabrication de bouteilles en verre. Tout en assurant l&#039;approvisionnement en verres \u00e0 gin miniatures en gros, la qualit\u00e9 est \u00e9galement garantie.<\/p>\n<p>Avec un approvisionnement suffisant, une qualit\u00e9 \u00e9lev\u00e9e et un prix raisonnable, les meilleures bouteilles de gin RS 700 ml ont \u00e9t\u00e9 export\u00e9es vers les \u00c9tats-Unis, le Royaume-Uni, le Canada, l&#039;Australie, la France, les Pays-Bas, l&#039;Allemagne, la Belgique, etc. et ont acquis une bonne r\u00e9putation aupr\u00e8s de nos clients.<\/p>\n<p>Si vous \u00eates satisfait de ces bouteilles d&#039;alcool vides \u00e0 vendre, veuillez me contacter \u00e0 temps. Si vous ne l&#039;aimez pas, vous pouvez consulter nos autres bouteilles. Ou je vous donne le catalogue, vous pouvez choisir ce que vous aimez. Si vous \u00eates int\u00e9ress\u00e9 par nos bouteilles de gin vides de 700 ml en gros, veuillez <a href=\"https:\/\/ruishengglassco.com\/contact\">Contactez-nous.<\/a> Nous vous r\u00e9pondrons dans les 24 heures.<\/p>\n\n\t\t<\/div>\n\t<\/div>\n<\/div><\/div><\/div><\/div>\n<\/div>","protected":false},"excerpt":{"rendered":"<table class=\"tg\">\n<tbody>\n<tr>\n<th class=\"tg-24i8\" colspan=\"2\">Bouteilles de gin vides de 700 ml en gros<\/th>\n<\/tr>\n<tr>\n<td class=\"tg-b7b8\">R\u00e9f\u00e9rence:<\/td>\n<td class=\"tg-b7b8\">RS096<\/td>\n<\/tr>\n<tr>\n<td class=\"tg-yw4l\">Mat\u00e9riau principal:<\/td>\n<td class=\"tg-yw4l\">Verre \u00e0 haute teneur en silex (ce mat\u00e9riau est \u00e9galement appel\u00e9 verre blanc cristal)<\/td>\n<\/tr>\n<tr>\n<td class=\"tg-b7b8\">Casquette:<\/td>\n<td class=\"tg-b7b8\">Dessus en li\u00e8ge, dessus \u00e0 vis et bouchon Guala<\/td>\n<\/tr>\n<tr>\n<td class=\"tg-yw4l\">Capacit\u00e9:<\/td>\n<td class=\"tg-yw4l\">700 ml\/750 ml<\/td>\n<\/tr>\n<tr>\n<td class=\"tg-b7b8\">Fonctionnalit\u00e9:<\/td>\n<td class=\"tg-b7b8\">Respectueux de la nature<\/td>\n<\/tr>\n<tr>\n<td class=\"tg-yw4l\">Quantit\u00e9 minimale de commande\u00a0:<\/td>\n<td class=\"tg-yw4l\">10000 pi\u00e8ces<\/td>\n<\/tr>\n<tr>\n<td class=\"tg-b7b8\">Mani\u00e8re d&#039;emballage\u00a0:<\/td>\n<td class=\"tg-b7b8\">Carton standard d&#039;exportation\/palette\/carton et palette standard d&#039;exportation<\/td>\n<\/tr>\n<tr>\n<td class=\"tg-yw4l\">OEM\/ODM\u00a0:<\/td>\n<td class=\"tg-yw4l\">Accueillir<\/td>\n<\/tr>\n<tr>\n<td class=\"tg-b7b8\">Origine du lieu :<\/td>\n<td class=\"tg-b7b8\">Shandong, Chine<\/td>\n<\/tr>\n<tr>\n<td class=\"tg-yw4l\">Pi\u00e8ces\/ctn\u00a0:<\/td>\n<td class=\"tg-yw4l\">24 pi\u00e8ces ou selon les demandes des clients<\/td>\n<\/tr>\n<\/tbody>\n<\/table>","protected":false},"featured_media":4376,"comment_status":"open","ping_status":"closed","template":"","meta":[],"product_brand":[],"product_cat":[51,64],"product_tag":[],"class_list":{"0":"post-515","1":"product","2":"type-product","3":"status-publish","4":"has-post-thumbnail","6":"product_cat-700ml-glass-bottle","7":"product_cat-gin-bottle","8":"entry","9":"has-media","11":"first","12":"instock","13":"shipping-taxable","14":"product-type-simple"},"yoast_head":"<!-- This site is optimized with the Yoast SEO plugin v27.3 - https:\/\/yoast.com\/product\/yoast-seo-wordpress\/ -->\n<title>700ml Empty Gin Bottles Wholesale | Best Gin Black Bottles Maker-RS<\/title>\n<meta name=\"description\" content=\"Ruisheng, one of the glass bottle manufacturers in China, provide 700ml empty gin bottles wholesale in a factory price. OEM\/ODM Order Acceptable.\" \/>\n<meta name=\"robots\" content=\"index, follow, max-snippet:-1, max-image-preview:large, max-video-preview:-1\" \/>\n<link rel=\"canonical\" href=\"https:\/\/ruishengglassco.com\/product\/rs096-700ml-empty-gin-bottles-manufacturers\" \/>\n<meta property=\"og:locale\" content=\"fr_FR\" \/>\n<meta property=\"og:type\" content=\"article\" \/>\n<meta property=\"og:title\" content=\"700ml Empty Gin Bottles Wholesale | Best Gin Black Bottles Maker-RS\" \/>\n<meta property=\"og:description\" content=\"Ruisheng, one of the glass bottle manufacturers in China, provide 700ml empty gin bottles wholesale in a factory price. OEM\/ODM Order Acceptable.\" \/>\n<meta property=\"og:url\" content=\"https:\/\/ruishengglassco.com\/product\/rs096-700ml-empty-gin-bottles-manufacturers\" \/>\n<meta property=\"og:site_name\" content=\"Glass Bottle Wholesale\" \/>\n<meta property=\"article:modified_time\" content=\"2025-07-10T01:30:17+00:00\" \/>\n<meta property=\"og:image\" content=\"https:\/\/glassbottlewholesale.com\/wp-content\/uploads\/2023\/12\/700ml-Empty-Gin-Bottles-Wholesale.png\" \/>\n\t<meta property=\"og:image:width\" content=\"500\" \/>\n\t<meta property=\"og:image:height\" content=\"500\" \/>\n\t<meta property=\"og:image:type\" content=\"image\/png\" \/>\n<meta name=\"twitter:card\" content=\"summary_large_image\" \/>\n<meta name=\"twitter:label1\" content=\"Dur\u00e9e de lecture estim\u00e9e\" \/>\n\t<meta name=\"twitter:data1\" content=\"2 minutes\" \/>\n<script type=\"application\/ld+json\" class=\"yoast-schema-graph\">{\"@context\":\"https:\\\/\\\/schema.org\",\"@graph\":[{\"@type\":\"WebPage\",\"@id\":\"https:\\\/\\\/glassbottlewholesale.com\\\/700ml-empty-gin-bottle-wholesale\\\/\",\"url\":\"https:\\\/\\\/ruishengglassco.com\\\/product\\\/rs096-700ml-empty-gin-bottles-manufacturers\",\"name\":\"700ml Empty Gin Bottles Wholesale | Best Gin Black Bottles Maker-RS\",\"isPartOf\":{\"@id\":\"https:\\\/\\\/glassbottlewholesale.com\\\/#website\"},\"primaryImageOfPage\":{\"@id\":\"https:\\\/\\\/ruishengglassco.com\\\/product\\\/rs096-700ml-empty-gin-bottles-manufacturers#primaryimage\"},\"image\":{\"@id\":\"https:\\\/\\\/ruishengglassco.com\\\/product\\\/rs096-700ml-empty-gin-bottles-manufacturers#primaryimage\"},\"thumbnailUrl\":\"https:\\\/\\\/glassbottlewholesale.com\\\/wp-content\\\/uploads\\\/2023\\\/12\\\/700ml-Empty-Gin-Bottles-Wholesale.png\",\"datePublished\":\"2019-10-15T12:51:43+00:00\",\"dateModified\":\"2025-07-10T01:30:17+00:00\",\"description\":\"Ruisheng, one of the glass bottle manufacturers in China, provide 700ml empty gin bottles wholesale in a factory price. OEM\\\/ODM Order Acceptable.\",\"breadcrumb\":{\"@id\":\"https:\\\/\\\/ruishengglassco.com\\\/product\\\/rs096-700ml-empty-gin-bottles-manufacturers#breadcrumb\"},\"inLanguage\":\"fr-FR\",\"potentialAction\":[{\"@type\":\"ReadAction\",\"target\":[\"https:\\\/\\\/ruishengglassco.com\\\/product\\\/rs096-700ml-empty-gin-bottles-manufacturers\"]}]},{\"@type\":\"ImageObject\",\"inLanguage\":\"fr-FR\",\"@id\":\"https:\\\/\\\/ruishengglassco.com\\\/product\\\/rs096-700ml-empty-gin-bottles-manufacturers#primaryimage\",\"url\":\"https:\\\/\\\/glassbottlewholesale.com\\\/wp-content\\\/uploads\\\/2023\\\/12\\\/700ml-Empty-Gin-Bottles-Wholesale.png\",\"contentUrl\":\"https:\\\/\\\/glassbottlewholesale.com\\\/wp-content\\\/uploads\\\/2023\\\/12\\\/700ml-Empty-Gin-Bottles-Wholesale.png\",\"width\":500,\"height\":500,\"caption\":\"700ml Empty Gin Bottles Wholesale\"},{\"@type\":\"BreadcrumbList\",\"@id\":\"https:\\\/\\\/ruishengglassco.com\\\/product\\\/rs096-700ml-empty-gin-bottles-manufacturers#breadcrumb\",\"itemListElement\":[{\"@type\":\"ListItem\",\"position\":1,\"name\":\"Home\",\"item\":\"https:\\\/\\\/glassbottlewholesale.com\\\/\"},{\"@type\":\"ListItem\",\"position\":2,\"name\":\"Products\",\"item\":\"https:\\\/\\\/glassbottlewholesale.com\\\/shop\\\/\"},{\"@type\":\"ListItem\",\"position\":3,\"name\":\"RS096: 700ml Empty Gin Bottles Wholesale\"}]},{\"@type\":\"WebSite\",\"@id\":\"https:\\\/\\\/glassbottlewholesale.com\\\/#website\",\"url\":\"https:\\\/\\\/glassbottlewholesale.com\\\/\",\"name\":\"Glass Bottle Wholesale\",\"description\":\"\",\"publisher\":{\"@id\":\"https:\\\/\\\/glassbottlewholesale.com\\\/#organization\"},\"potentialAction\":[{\"@type\":\"SearchAction\",\"target\":{\"@type\":\"EntryPoint\",\"urlTemplate\":\"https:\\\/\\\/glassbottlewholesale.com\\\/?s={search_term_string}\"},\"query-input\":{\"@type\":\"PropertyValueSpecification\",\"valueRequired\":true,\"valueName\":\"search_term_string\"}}],\"inLanguage\":\"fr-FR\"},{\"@type\":\"Organization\",\"@id\":\"https:\\\/\\\/glassbottlewholesale.com\\\/#organization\",\"name\":\"Glass Bottle Wholesale\",\"url\":\"https:\\\/\\\/glassbottlewholesale.com\\\/\",\"logo\":{\"@type\":\"ImageObject\",\"inLanguage\":\"fr-FR\",\"@id\":\"https:\\\/\\\/glassbottlewholesale.com\\\/#\\\/schema\\\/logo\\\/image\\\/\",\"url\":\"https:\\\/\\\/glassbottlewholesale.com\\\/wp-content\\\/uploads\\\/2023\\\/12\\\/ruisheng-logo.webp\",\"contentUrl\":\"https:\\\/\\\/glassbottlewholesale.com\\\/wp-content\\\/uploads\\\/2023\\\/12\\\/ruisheng-logo.webp\",\"width\":400,\"height\":233,\"caption\":\"Glass Bottle Wholesale\"},\"image\":{\"@id\":\"https:\\\/\\\/glassbottlewholesale.com\\\/#\\\/schema\\\/logo\\\/image\\\/\"}}]}<\/script>\n<!-- \/ Yoast SEO plugin. -->","yoast_head_json":{"title":"Bouteilles de gin vides de 700 ml en gros | Meilleur fabricant de bouteilles noires de gin-RS","description":"Ruisheng, l&#039;un des fabricants de bouteilles en verre en Chine, propose des bouteilles de gin vides de 700 ml en gros \u00e0 un prix d&#039;usine. Commande OEM\/ODM acceptable.","robots":{"index":"index","follow":"follow","max-snippet":"max-snippet:-1","max-image-preview":"max-image-preview:large","max-video-preview":"max-video-preview:-1"},"canonical":"https:\/\/ruishengglassco.com\/product\/rs096-700ml-empty-gin-bottles-manufacturers","og_locale":"fr_FR","og_type":"article","og_title":"700ml Empty Gin Bottles Wholesale | Best Gin Black Bottles Maker-RS","og_description":"Ruisheng, one of the glass bottle manufacturers in China, provide 700ml empty gin bottles wholesale in a factory price. OEM\/ODM Order Acceptable.","og_url":"https:\/\/ruishengglassco.com\/product\/rs096-700ml-empty-gin-bottles-manufacturers","og_site_name":"Glass Bottle Wholesale","article_modified_time":"2025-07-10T01:30:17+00:00","og_image":[{"width":500,"height":500,"url":"https:\/\/glassbottlewholesale.com\/wp-content\/uploads\/2023\/12\/700ml-Empty-Gin-Bottles-Wholesale.png","type":"image\/png"}],"twitter_card":"summary_large_image","twitter_misc":{"Dur\u00e9e de lecture estim\u00e9e":"2 minutes"},"schema":{"@context":"https:\/\/schema.org","@graph":[{"@type":"WebPage","@id":"https:\/\/glassbottlewholesale.com\/700ml-empty-gin-bottle-wholesale\/","url":"https:\/\/ruishengglassco.com\/product\/rs096-700ml-empty-gin-bottles-manufacturers","name":"Bouteilles de gin vides de 700 ml en gros | Meilleur fabricant de bouteilles noires de gin-RS","isPartOf":{"@id":"https:\/\/glassbottlewholesale.com\/#website"},"primaryImageOfPage":{"@id":"https:\/\/ruishengglassco.com\/product\/rs096-700ml-empty-gin-bottles-manufacturers#primaryimage"},"image":{"@id":"https:\/\/ruishengglassco.com\/product\/rs096-700ml-empty-gin-bottles-manufacturers#primaryimage"},"thumbnailUrl":"https:\/\/glassbottlewholesale.com\/wp-content\/uploads\/2023\/12\/700ml-Empty-Gin-Bottles-Wholesale.png","datePublished":"2019-10-15T12:51:43+00:00","dateModified":"2025-07-10T01:30:17+00:00","description":"Ruisheng, l&#039;un des fabricants de bouteilles en verre en Chine, propose des bouteilles de gin vides de 700 ml en gros \u00e0 un prix d&#039;usine. Commande OEM\/ODM acceptable.","breadcrumb":{"@id":"https:\/\/ruishengglassco.com\/product\/rs096-700ml-empty-gin-bottles-manufacturers#breadcrumb"},"inLanguage":"fr-FR","potentialAction":[{"@type":"ReadAction","target":["https:\/\/ruishengglassco.com\/product\/rs096-700ml-empty-gin-bottles-manufacturers"]}]},{"@type":"ImageObject","inLanguage":"fr-FR","@id":"https:\/\/ruishengglassco.com\/product\/rs096-700ml-empty-gin-bottles-manufacturers#primaryimage","url":"https:\/\/glassbottlewholesale.com\/wp-content\/uploads\/2023\/12\/700ml-Empty-Gin-Bottles-Wholesale.png","contentUrl":"https:\/\/glassbottlewholesale.com\/wp-content\/uploads\/2023\/12\/700ml-Empty-Gin-Bottles-Wholesale.png","width":500,"height":500,"caption":"700ml Empty Gin Bottles Wholesale"},{"@type":"BreadcrumbList","@id":"https:\/\/ruishengglassco.com\/product\/rs096-700ml-empty-gin-bottles-manufacturers#breadcrumb","itemListElement":[{"@type":"ListItem","position":1,"name":"Home","item":"https:\/\/glassbottlewholesale.com\/"},{"@type":"ListItem","position":2,"name":"Products","item":"https:\/\/glassbottlewholesale.com\/shop\/"},{"@type":"ListItem","position":3,"name":"RS096: 700ml Empty Gin Bottles Wholesale"}]},{"@type":"WebSite","@id":"https:\/\/glassbottlewholesale.com\/#website","url":"https:\/\/glassbottlewholesale.com\/","name":"Glass Bottle Wholesale","description":"","publisher":{"@id":"https:\/\/glassbottlewholesale.com\/#organization"},"potentialAction":[{"@type":"SearchAction","target":{"@type":"EntryPoint","urlTemplate":"https:\/\/glassbottlewholesale.com\/?s={search_term_string}"},"query-input":{"@type":"PropertyValueSpecification","valueRequired":true,"valueName":"search_term_string"}}],"inLanguage":"fr-FR"},{"@type":"Organization","@id":"https:\/\/glassbottlewholesale.com\/#organization","name":"Glass Bottle Wholesale","url":"https:\/\/glassbottlewholesale.com\/","logo":{"@type":"ImageObject","inLanguage":"fr-FR","@id":"https:\/\/glassbottlewholesale.com\/#\/schema\/logo\/image\/","url":"https:\/\/glassbottlewholesale.com\/wp-content\/uploads\/2023\/12\/ruisheng-logo.webp","contentUrl":"https:\/\/glassbottlewholesale.com\/wp-content\/uploads\/2023\/12\/ruisheng-logo.webp","width":400,"height":233,"caption":"Glass Bottle Wholesale"},"image":{"@id":"https:\/\/glassbottlewholesale.com\/#\/schema\/logo\/image\/"}}]}},"_links":{"self":[{"href":"https:\/\/glassbottlewholesale.com\/fr\/wp-json\/wp\/v2\/product\/515","targetHints":{"allow":["GET"]}}],"collection":[{"href":"https:\/\/glassbottlewholesale.com\/fr\/wp-json\/wp\/v2\/product"}],"about":[{"href":"https:\/\/glassbottlewholesale.com\/fr\/wp-json\/wp\/v2\/types\/product"}],"replies":[{"embeddable":true,"href":"https:\/\/glassbottlewholesale.com\/fr\/wp-json\/wp\/v2\/comments?post=515"}],"wp:featuredmedia":[{"embeddable":true,"href":"https:\/\/glassbottlewholesale.com\/fr\/wp-json\/wp\/v2\/media\/4376"}],"wp:attachment":[{"href":"https:\/\/glassbottlewholesale.com\/fr\/wp-json\/wp\/v2\/media?parent=515"}],"wp:term":[{"taxonomy":"product_brand","embeddable":true,"href":"https:\/\/glassbottlewholesale.com\/fr\/wp-json\/wp\/v2\/product_brand?post=515"},{"taxonomy":"product_cat","embeddable":true,"href":"https:\/\/glassbottlewholesale.com\/fr\/wp-json\/wp\/v2\/product_cat?post=515"},{"taxonomy":"product_tag","embeddable":true,"href":"https:\/\/glassbottlewholesale.com\/fr\/wp-json\/wp\/v2\/product_tag?post=515"}],"curies":[{"name":"wp","href":"https:\/\/api.w.org\/{rel}","templated":true}]}}