{"id":525,"date":"2019-10-15T13:03:43","date_gmt":"2019-10-15T13:03:43","guid":{"rendered":"https:\/\/queenchingglass.com\/?post_type=product&#038;p=525"},"modified":"2025-07-10T03:20:10","modified_gmt":"2025-07-10T03:20:10","slug":"bouteilles-en-verre-de-vodka-rondes-boston-de-1000-ml-en-gros","status":"publish","type":"product","link":"https:\/\/glassbottlewholesale.com\/fr\/bouteilles-en-verre-de-vodka-rondes-boston-de-1000-ml-en-gros\/","title":{"rendered":"RS093\u00a0:\u00a01000 ml de bouteilles rondes en verre Boston en gros Vodka"},"content":{"rendered":"<div class=\"wpb-content-wrapper\"><div class=\"vc_row wpb_row vc_row-fluid\"><div class=\"wpb_column vc_column_container vc_col-sm-12\"><div class=\"vc_column-inner\"><div class=\"wpb_wrapper\">\n\t<div class=\"wpb_text_column wpb_content_element\" >\n\t\t<div class=\"wpb_wrapper\">\n\t\t\t<h2>Informations d\u00e9taill\u00e9es sur la vente en gros de bouteilles en verre rondes Boston<\/h2>\n<p>Ces bouteilles en verre rondes Boston de 1 000 ml en gros sont un ensemble de bouteilles en verre de 1 000 ml, 750 ml, 700 ml et 500 ml. Nous avons \u00e9galement des bouteilles de vodka de forme similaire pour 375 ml. Ce <a href=\"https:\/\/ruishengglassco.com\/vodka-bottle\">bouteille en verre de vodka<\/a> est l&#039;un de nos produits de vente chauds. Nos bouteilles rondes en verre transparent Boston sont vendues dans de nombreux pays et r\u00e9gions, tels que les \u00c9tats-Unis, le Royaume-Uni, l&#039;Australie, la Nouvelle-Z\u00e9lande, le Canada et de nombreux autres pays europ\u00e9ens et am\u00e9ricains, et jouissent d&#039;une grande r\u00e9putation en mati\u00e8re d&#039;innovation et de fonctionnalit\u00e9.<\/p>\n<p>En tant que l&#039;un des plus grands fabricants de bouteilles de vodka en Chine, Ruisheng se concentre sur la fabrication de bouteilles d&#039;alcool depuis environ 10 ans. Nos bouteilles Boston en gros sont fabriqu\u00e9es par des machines manuelles CNC. Nous utilisons ce produit de machine bouteilles en verre de qualit\u00e9 sup\u00e9rieure - bouteilles en verre blanc cristal. Cela donne aux bouteilles en verre une qualit\u00e9 parfaite, une transparence \u00e9lev\u00e9e et une surface lisse.<\/p>\n<p>Ces bouteilles rondes en verre Boston de 1000 ml \u00e0 vendre en gros sont finies en li\u00e8ge. Si vous en avez besoin, nous pouvons \u00e9galement remplacer son embouchure par un bouchon \u00e0 vis. Il existe du li\u00e8ge \u00e0 haute teneur en polym\u00e8re, du li\u00e8ge en bois naturel, du li\u00e8ge complexe, du li\u00e8ge en verre et des bouchons \u00e0 vis de diff\u00e9rentes tailles dans notre usine. Nous pouvons vous proposer le bouchon assorti pour les bouteilles en verre si vous en avez besoin.<\/p>\n<p><img decoding=\"async\" class=\"aligncenter wp-image-2429 size-full\" src=\"https:\/\/glassbottlewholesale.com\/wp-content\/uploads\/2020\/12\/WX20201229-154422-1.png\" alt=\"bouchons de bouteilles en verre en gros\" width=\"752\" height=\"452\" srcset=\"https:\/\/glassbottlewholesale.com\/wp-content\/uploads\/2020\/12\/WX20201229-154422-1.png 752w, https:\/\/glassbottlewholesale.com\/wp-content\/uploads\/2020\/12\/WX20201229-154422-1-300x180.png 300w, https:\/\/glassbottlewholesale.com\/wp-content\/uploads\/2020\/12\/WX20201229-154422-1-600x361.png 600w\" sizes=\"(max-width: 752px) 100vw, 752px\" \/><\/p>\n<p>Il y a plus de 500 employ\u00e9s dans notre usine, dont environ 30 QC et un groupe d&#039;ing\u00e9nieurs qualifi\u00e9s. Nous pouvons accepter les commandes OEM et ODM. Vous pouvez simplement proposer une photo ou nous faire part de vos demandes concernant le design de la bouteille de vodka que vous souhaitez, nous pouvons vous fournir un service de bouteille de vodka personnalis\u00e9. Nous ne pouvons pas envoyer les bouteilles en verre de notre usine tant qu&#039;elles n&#039;ont pas r\u00e9ussi le test QC.<\/p>\n<h4>Les d\u00e9tails de nos bouteilles rondes en verre Boston de 1 litre en gros<\/h4>\n<p>Les informations sur la bouteille en verre sont les suivantes\u00a0:<\/p>\n<ul>\n<li>Article: bouteilles rondes Bostom de 1000 ml en gros<\/li>\n<li>Mat\u00e9riau principal: verre silex \u00e9lev\u00e9 (verre blanc cristal)<\/li>\n<li>Bouchon\u00a0: Li\u00e8ge (li\u00e8ge \u00e0 haute teneur en polym\u00e8re, li\u00e8ge complexe, li\u00e8ge en bois naturel)<\/li>\n<li>R\u00e9f\u00e9rence : RS093<\/li>\n<li>Quantit\u00e9 minimale de commande\u00a0:\u00a010\u00a0000\u00a0pi\u00e8ces<\/li>\n<li>Capacit\u00e9 : 500 ml\/700 ml\/750 ml\/1000 ml<\/li>\n<li>Mani\u00e8re d&#039;emballage : Carton\/Palette\/Palette et carton<\/li>\n<li>Pi\u00e8ces\/carton\u00a0: 24 pi\u00e8ces\/20 pi\u00e8ces\/15 pi\u00e8ces<\/li>\n<li>Origine du lieu : Shandong, Chine<\/li>\n<li>Caract\u00e9ristique\u00a0:\u00a0\u00e9cologique<\/li>\n<\/ul>\n<p>Si vous souhaitez en savoir plus sur ces bouteilles en verre rondes Boston de 1000 ml en gros ou si vous souhaitez fabriquer <a href=\"https:\/\/ruishengglassco.com\/custom-glass-bottle\">bouteilles en verre personnalis\u00e9es<\/a>, Contactez nous s&#039;il vous plait. Nous ferons de notre mieux pour vous.<\/p>\n\n\t\t<\/div>\n\t<\/div>\n<\/div><\/div><\/div><\/div>\n<\/div>","protected":false},"excerpt":{"rendered":"<p>Marque Ruisheng robuste, transparente <strong>Bouteilles rondes en verre Boston en gros<\/strong>, qui est fait de verre blanc en cristal de silex, parfait pour remplir de vodka et d&#039;autres boissons alcoolis\u00e9es. Bouteille en verre de sortie d&#039;usine en gros avec assurance qualit\u00e9 et prix de gros<\/p>\n<h4>Informations de commande sur la vente en gros de bouteilles en verre rondes Boston<\/h4>\n<ul>\n<li>R\u00e9f\u00e9rence : RS093<\/li>\n<li><strong>Service OEM\/ODM offert. MOQ\u00a0: 10 000\u00a0pi\u00e8ces (10 000\u00a0pi\u00e8ces)<\/strong><\/li>\n<li>Capacit\u00e9 : 500 ml\/700 ml\/750 ml\/1000 ml\/personnalis\u00e9<\/li>\n<li>Bouchon\u00a0: Li\u00e8ge ou personnalis\u00e9<\/li>\n<li>Mat\u00e9riau : verre cristal blanc.<\/li>\n<\/ul>\n<p>Si vous souhaitez obtenir une bouteille en verre ronde Boston pour la vodka, n&#039;h\u00e9sitez pas \u00e0 <a href=\"https:\/\/glassbottlewholesale.com\/fr\/contact\/\">Contactez-nous.<\/a><\/p>","protected":false},"featured_media":4485,"comment_status":"open","ping_status":"closed","template":"","meta":[],"product_brand":[],"product_cat":[53,67],"product_tag":[],"class_list":{"0":"post-525","1":"product","2":"type-product","3":"status-publish","4":"has-post-thumbnail","6":"product_cat-1000ml-glass-bottle","7":"product_cat-vodka-bottle","8":"entry","9":"has-media","11":"first","12":"instock","13":"shipping-taxable","14":"product-type-simple"},"yoast_head":"<!-- This site is optimized with the Yoast SEO plugin v27.3 - https:\/\/yoast.com\/product\/yoast-seo-wordpress\/ -->\n<title>Boston Round Glass Bottles Wholesale | Vodka Bottle Manufacturers<\/title>\n<meta name=\"description\" content=\"This boston round glass bottles wholesale are a set of glass bottles for 1000ml, 750ml, 700ml and 500ml. Factory Outlet From Vodka Bottle Manufacturers.\" \/>\n<meta name=\"robots\" content=\"index, follow, max-snippet:-1, max-image-preview:large, max-video-preview:-1\" \/>\n<link rel=\"canonical\" href=\"https:\/\/ruishengglassco.com\/product\/rs093-1000ml-boston-round-glass-bottles-wholesale-vodka\" \/>\n<meta property=\"og:locale\" content=\"fr_FR\" \/>\n<meta property=\"og:type\" content=\"article\" \/>\n<meta property=\"og:title\" content=\"Boston Round Glass Bottles Wholesale | Vodka Bottle Manufacturers\" \/>\n<meta property=\"og:description\" content=\"This boston round glass bottles wholesale are a set of glass bottles for 1000ml, 750ml, 700ml and 500ml. Factory Outlet From Vodka Bottle Manufacturers.\" \/>\n<meta property=\"og:url\" content=\"https:\/\/ruishengglassco.com\/product\/rs093-1000ml-boston-round-glass-bottles-wholesale-vodka\" \/>\n<meta property=\"og:site_name\" content=\"Glass Bottle Wholesale\" \/>\n<meta property=\"article:modified_time\" content=\"2025-07-10T03:20:10+00:00\" \/>\n<meta property=\"og:image\" content=\"https:\/\/glassbottlewholesale.com\/wp-content\/uploads\/2024\/01\/1000ml850g-glass-bottle9.jpg\" \/>\n\t<meta property=\"og:image:width\" content=\"800\" \/>\n\t<meta property=\"og:image:height\" content=\"800\" \/>\n\t<meta property=\"og:image:type\" content=\"image\/jpeg\" \/>\n<meta name=\"twitter:card\" content=\"summary_large_image\" \/>\n<meta name=\"twitter:label1\" content=\"Dur\u00e9e de lecture estim\u00e9e\" \/>\n\t<meta name=\"twitter:data1\" content=\"2 minutes\" \/>\n<script type=\"application\/ld+json\" class=\"yoast-schema-graph\">{\"@context\":\"https:\\\/\\\/schema.org\",\"@graph\":[{\"@type\":\"WebPage\",\"@id\":\"https:\\\/\\\/glassbottlewholesale.com\\\/1000ml-boston-round-vodka-glass-bottles-wholesale\\\/\",\"url\":\"https:\\\/\\\/ruishengglassco.com\\\/product\\\/rs093-1000ml-boston-round-glass-bottles-wholesale-vodka\",\"name\":\"Boston Round Glass Bottles Wholesale | Vodka Bottle Manufacturers\",\"isPartOf\":{\"@id\":\"https:\\\/\\\/glassbottlewholesale.com\\\/#website\"},\"primaryImageOfPage\":{\"@id\":\"https:\\\/\\\/ruishengglassco.com\\\/product\\\/rs093-1000ml-boston-round-glass-bottles-wholesale-vodka#primaryimage\"},\"image\":{\"@id\":\"https:\\\/\\\/ruishengglassco.com\\\/product\\\/rs093-1000ml-boston-round-glass-bottles-wholesale-vodka#primaryimage\"},\"thumbnailUrl\":\"https:\\\/\\\/glassbottlewholesale.com\\\/wp-content\\\/uploads\\\/2024\\\/01\\\/1000ml850g-glass-bottle9.jpg\",\"datePublished\":\"2019-10-15T13:03:43+00:00\",\"dateModified\":\"2025-07-10T03:20:10+00:00\",\"description\":\"This boston round glass bottles wholesale are a set of glass bottles for 1000ml, 750ml, 700ml and 500ml. Factory Outlet From Vodka Bottle Manufacturers.\",\"breadcrumb\":{\"@id\":\"https:\\\/\\\/ruishengglassco.com\\\/product\\\/rs093-1000ml-boston-round-glass-bottles-wholesale-vodka#breadcrumb\"},\"inLanguage\":\"fr-FR\",\"potentialAction\":[{\"@type\":\"ReadAction\",\"target\":[\"https:\\\/\\\/ruishengglassco.com\\\/product\\\/rs093-1000ml-boston-round-glass-bottles-wholesale-vodka\"]}]},{\"@type\":\"ImageObject\",\"inLanguage\":\"fr-FR\",\"@id\":\"https:\\\/\\\/ruishengglassco.com\\\/product\\\/rs093-1000ml-boston-round-glass-bottles-wholesale-vodka#primaryimage\",\"url\":\"https:\\\/\\\/glassbottlewholesale.com\\\/wp-content\\\/uploads\\\/2024\\\/01\\\/1000ml850g-glass-bottle9.jpg\",\"contentUrl\":\"https:\\\/\\\/glassbottlewholesale.com\\\/wp-content\\\/uploads\\\/2024\\\/01\\\/1000ml850g-glass-bottle9.jpg\",\"width\":800,\"height\":800,\"caption\":\"1000ml Boston Round Glass Bottles Wholesale Vodka\"},{\"@type\":\"BreadcrumbList\",\"@id\":\"https:\\\/\\\/ruishengglassco.com\\\/product\\\/rs093-1000ml-boston-round-glass-bottles-wholesale-vodka#breadcrumb\",\"itemListElement\":[{\"@type\":\"ListItem\",\"position\":1,\"name\":\"Home\",\"item\":\"https:\\\/\\\/glassbottlewholesale.com\\\/\"},{\"@type\":\"ListItem\",\"position\":2,\"name\":\"Products\",\"item\":\"https:\\\/\\\/glassbottlewholesale.com\\\/shop\\\/\"},{\"@type\":\"ListItem\",\"position\":3,\"name\":\"RS093: 1000ml Boston Round Glass Bottles Wholesale Vodka\"}]},{\"@type\":\"WebSite\",\"@id\":\"https:\\\/\\\/glassbottlewholesale.com\\\/#website\",\"url\":\"https:\\\/\\\/glassbottlewholesale.com\\\/\",\"name\":\"Glass Bottle Wholesale\",\"description\":\"\",\"publisher\":{\"@id\":\"https:\\\/\\\/glassbottlewholesale.com\\\/#organization\"},\"potentialAction\":[{\"@type\":\"SearchAction\",\"target\":{\"@type\":\"EntryPoint\",\"urlTemplate\":\"https:\\\/\\\/glassbottlewholesale.com\\\/?s={search_term_string}\"},\"query-input\":{\"@type\":\"PropertyValueSpecification\",\"valueRequired\":true,\"valueName\":\"search_term_string\"}}],\"inLanguage\":\"fr-FR\"},{\"@type\":\"Organization\",\"@id\":\"https:\\\/\\\/glassbottlewholesale.com\\\/#organization\",\"name\":\"Glass Bottle Wholesale\",\"url\":\"https:\\\/\\\/glassbottlewholesale.com\\\/\",\"logo\":{\"@type\":\"ImageObject\",\"inLanguage\":\"fr-FR\",\"@id\":\"https:\\\/\\\/glassbottlewholesale.com\\\/#\\\/schema\\\/logo\\\/image\\\/\",\"url\":\"https:\\\/\\\/glassbottlewholesale.com\\\/wp-content\\\/uploads\\\/2023\\\/12\\\/ruisheng-logo.webp\",\"contentUrl\":\"https:\\\/\\\/glassbottlewholesale.com\\\/wp-content\\\/uploads\\\/2023\\\/12\\\/ruisheng-logo.webp\",\"width\":400,\"height\":233,\"caption\":\"Glass Bottle Wholesale\"},\"image\":{\"@id\":\"https:\\\/\\\/glassbottlewholesale.com\\\/#\\\/schema\\\/logo\\\/image\\\/\"}}]}<\/script>\n<!-- \/ Yoast SEO plugin. -->","yoast_head_json":{"title":"Bouteilles en verre rondes Boston en gros | Fabricants de bouteilles de vodka","description":"Ces bouteilles en verre rondes Boston en gros sont un ensemble de bouteilles en verre de 1000 ml, 750 ml, 700 ml et 500 ml. Magasin d&#039;usine des fabricants de bouteilles de vodka.","robots":{"index":"index","follow":"follow","max-snippet":"max-snippet:-1","max-image-preview":"max-image-preview:large","max-video-preview":"max-video-preview:-1"},"canonical":"https:\/\/ruishengglassco.com\/product\/rs093-1000ml-boston-round-glass-bottles-wholesale-vodka","og_locale":"fr_FR","og_type":"article","og_title":"Boston Round Glass Bottles Wholesale | Vodka Bottle Manufacturers","og_description":"This boston round glass bottles wholesale are a set of glass bottles for 1000ml, 750ml, 700ml and 500ml. Factory Outlet From Vodka Bottle Manufacturers.","og_url":"https:\/\/ruishengglassco.com\/product\/rs093-1000ml-boston-round-glass-bottles-wholesale-vodka","og_site_name":"Glass Bottle Wholesale","article_modified_time":"2025-07-10T03:20:10+00:00","og_image":[{"width":800,"height":800,"url":"https:\/\/glassbottlewholesale.com\/wp-content\/uploads\/2024\/01\/1000ml850g-glass-bottle9.jpg","type":"image\/jpeg"}],"twitter_card":"summary_large_image","twitter_misc":{"Dur\u00e9e de lecture estim\u00e9e":"2 minutes"},"schema":{"@context":"https:\/\/schema.org","@graph":[{"@type":"WebPage","@id":"https:\/\/glassbottlewholesale.com\/1000ml-boston-round-vodka-glass-bottles-wholesale\/","url":"https:\/\/ruishengglassco.com\/product\/rs093-1000ml-boston-round-glass-bottles-wholesale-vodka","name":"Bouteilles en verre rondes Boston en gros | Fabricants de bouteilles de vodka","isPartOf":{"@id":"https:\/\/glassbottlewholesale.com\/#website"},"primaryImageOfPage":{"@id":"https:\/\/ruishengglassco.com\/product\/rs093-1000ml-boston-round-glass-bottles-wholesale-vodka#primaryimage"},"image":{"@id":"https:\/\/ruishengglassco.com\/product\/rs093-1000ml-boston-round-glass-bottles-wholesale-vodka#primaryimage"},"thumbnailUrl":"https:\/\/glassbottlewholesale.com\/wp-content\/uploads\/2024\/01\/1000ml850g-glass-bottle9.jpg","datePublished":"2019-10-15T13:03:43+00:00","dateModified":"2025-07-10T03:20:10+00:00","description":"Ces bouteilles en verre rondes Boston en gros sont un ensemble de bouteilles en verre de 1000 ml, 750 ml, 700 ml et 500 ml. Magasin d&#039;usine des fabricants de bouteilles de vodka.","breadcrumb":{"@id":"https:\/\/ruishengglassco.com\/product\/rs093-1000ml-boston-round-glass-bottles-wholesale-vodka#breadcrumb"},"inLanguage":"fr-FR","potentialAction":[{"@type":"ReadAction","target":["https:\/\/ruishengglassco.com\/product\/rs093-1000ml-boston-round-glass-bottles-wholesale-vodka"]}]},{"@type":"ImageObject","inLanguage":"fr-FR","@id":"https:\/\/ruishengglassco.com\/product\/rs093-1000ml-boston-round-glass-bottles-wholesale-vodka#primaryimage","url":"https:\/\/glassbottlewholesale.com\/wp-content\/uploads\/2024\/01\/1000ml850g-glass-bottle9.jpg","contentUrl":"https:\/\/glassbottlewholesale.com\/wp-content\/uploads\/2024\/01\/1000ml850g-glass-bottle9.jpg","width":800,"height":800,"caption":"1000ml Boston Round Glass Bottles Wholesale Vodka"},{"@type":"BreadcrumbList","@id":"https:\/\/ruishengglassco.com\/product\/rs093-1000ml-boston-round-glass-bottles-wholesale-vodka#breadcrumb","itemListElement":[{"@type":"ListItem","position":1,"name":"Home","item":"https:\/\/glassbottlewholesale.com\/"},{"@type":"ListItem","position":2,"name":"Products","item":"https:\/\/glassbottlewholesale.com\/shop\/"},{"@type":"ListItem","position":3,"name":"RS093: 1000ml Boston Round Glass Bottles Wholesale Vodka"}]},{"@type":"WebSite","@id":"https:\/\/glassbottlewholesale.com\/#website","url":"https:\/\/glassbottlewholesale.com\/","name":"Glass Bottle Wholesale","description":"","publisher":{"@id":"https:\/\/glassbottlewholesale.com\/#organization"},"potentialAction":[{"@type":"SearchAction","target":{"@type":"EntryPoint","urlTemplate":"https:\/\/glassbottlewholesale.com\/?s={search_term_string}"},"query-input":{"@type":"PropertyValueSpecification","valueRequired":true,"valueName":"search_term_string"}}],"inLanguage":"fr-FR"},{"@type":"Organization","@id":"https:\/\/glassbottlewholesale.com\/#organization","name":"Glass Bottle Wholesale","url":"https:\/\/glassbottlewholesale.com\/","logo":{"@type":"ImageObject","inLanguage":"fr-FR","@id":"https:\/\/glassbottlewholesale.com\/#\/schema\/logo\/image\/","url":"https:\/\/glassbottlewholesale.com\/wp-content\/uploads\/2023\/12\/ruisheng-logo.webp","contentUrl":"https:\/\/glassbottlewholesale.com\/wp-content\/uploads\/2023\/12\/ruisheng-logo.webp","width":400,"height":233,"caption":"Glass Bottle Wholesale"},"image":{"@id":"https:\/\/glassbottlewholesale.com\/#\/schema\/logo\/image\/"}}]}},"_links":{"self":[{"href":"https:\/\/glassbottlewholesale.com\/fr\/wp-json\/wp\/v2\/product\/525","targetHints":{"allow":["GET"]}}],"collection":[{"href":"https:\/\/glassbottlewholesale.com\/fr\/wp-json\/wp\/v2\/product"}],"about":[{"href":"https:\/\/glassbottlewholesale.com\/fr\/wp-json\/wp\/v2\/types\/product"}],"replies":[{"embeddable":true,"href":"https:\/\/glassbottlewholesale.com\/fr\/wp-json\/wp\/v2\/comments?post=525"}],"wp:featuredmedia":[{"embeddable":true,"href":"https:\/\/glassbottlewholesale.com\/fr\/wp-json\/wp\/v2\/media\/4485"}],"wp:attachment":[{"href":"https:\/\/glassbottlewholesale.com\/fr\/wp-json\/wp\/v2\/media?parent=525"}],"wp:term":[{"taxonomy":"product_brand","embeddable":true,"href":"https:\/\/glassbottlewholesale.com\/fr\/wp-json\/wp\/v2\/product_brand?post=525"},{"taxonomy":"product_cat","embeddable":true,"href":"https:\/\/glassbottlewholesale.com\/fr\/wp-json\/wp\/v2\/product_cat?post=525"},{"taxonomy":"product_tag","embeddable":true,"href":"https:\/\/glassbottlewholesale.com\/fr\/wp-json\/wp\/v2\/product_tag?post=525"}],"curies":[{"name":"wp","href":"https:\/\/api.w.org\/{rel}","templated":true}]}}