{"id":536,"date":"2019-10-15T13:12:55","date_gmt":"2019-10-15T13:12:55","guid":{"rendered":"https:\/\/queenchingglass.com\/?post_type=product&#038;p=536"},"modified":"2025-07-10T01:26:48","modified_gmt":"2025-07-10T01:26:48","slug":"fabricants-de-bouteilles-en-verre-de-whisky-de-750-ml","status":"publish","type":"product","link":"https:\/\/glassbottlewholesale.com\/fr\/fabricants-de-bouteilles-en-verre-de-whisky-de-750-ml\/","title":{"rendered":"RS088\u00a0:\u00a0Fabricants de bouteilles en verre de whisky de 750 ml"},"content":{"rendered":"<div class=\"wpb-content-wrapper\"><div class=\"vc_row wpb_row vc_row-fluid\"><div class=\"wpb_column vc_column_container vc_col-sm-12\"><div class=\"vc_column-inner\"><div class=\"wpb_wrapper\">\n\t<div class=\"wpb_text_column wpb_content_element\" >\n\t\t<div class=\"wpb_wrapper\">\n\t\t\t<p>Le\u00a0<strong>Bouteille en verre de whisky de 750 ml en gros<\/strong> \u00e0 vendre est fabriqu\u00e9 \u00e0 Shandong Yuncheng Ruisheng Glass Co., Ltd. Notre soci\u00e9t\u00e9 est l\u2019un des plus grands fabricants de bouteilles de whisky de 750 ml en Chine.<\/p>\n<p>Les bouteilles de whisky vides de 750 ml \u00e0 vendre sont fabriqu\u00e9es \u00e0 partir d&#039;un mat\u00e9riau en verre \u00e0 haute teneur en silex qui rend la bouteille en verre plus claire, plus durable et plus lisse.<\/p>\n<p>En tant que professionnel\u00a0<em><strong>fournisseurs de bouteilles de whisky en verre<\/strong><\/em>, Notre entreprise compte plus de 500 employ\u00e9s et un groupe d&#039;ing\u00e9nieurs qualifi\u00e9s. Avec une riche exp\u00e9rience, nous avons une bonne r\u00e9putation partout dans le monde.<\/p>\n<p>Nos principaux produits sont de premi\u00e8re qualit\u00e9\u00a0<a href=\"https:\/\/ruishengglassco.com\/\">bouteille en verre de boisson<\/a>\u00a0tels que la bouteille de vodka, la bouteille de brandy, les bouteilles de whisky en verre en gros, la bouteille d&#039;alcool, la bouteille de confiture, etc. Nous pouvons \u00e9galement proposer une bouteille en verre ambr\u00e9, une bouteille verte et une bouteille d&#039;eau. Notre march\u00e9 principal en Europe, aux \u00c9tats-Unis, en Australie, en Am\u00e9rique, etc. Et tous les produits jouissent d\u2019une grande r\u00e9putation en mati\u00e8re d\u2019innovation et de fonctionnalit\u00e9.<\/p>\n<h4>Bouteille en verre de whisky de 750 ml en gros<\/h4>\n<p>Les informations sur les bouteilles en verre de 750 ml \u00e0 vendre comme ci-dessous\u00a0:<\/p>\n<ul>\n<li>Mat\u00e9riau principal: verre silex \u00e9lev\u00e9<\/li>\n<li>Bouchon : bouchon \u00e0 vis<\/li>\n<li>R\u00e9f\u00e9rence : RS088<\/li>\n<li>Quantit\u00e9 minimale de commande\u00a0:\u00a010\u00a0000\u00a0pi\u00e8ces<\/li>\n<li>Capacit\u00e9 : 750 ml<\/li>\n<li>Pi\u00e8ces\/carton\u00a0: 24 pi\u00e8ces<\/li>\n<li>Origine du lieu : Shandong, Chine<\/li>\n<li>Caract\u00e9ristique\u00a0:\u00a0\u00e9cologique<\/li>\n<\/ul>\n<p>Outre la bouteille en verre de whisky de 750 ml, nous avons \u00e9galement des bouteilles en verre de whisky de 100 ml en gros, des bouteilles de whisky en verre de 250 ml avec bouchons, des bouteilles en verre de whisky transparent de 375 ml,\u00a0<a href=\"https:\/\/ruishengglassco.com\/1000ml-liquor-glass-bottle-manufacturer\" data-slimstat=\"5\">\u00a0Bouteilles d&#039;alcool de whisky de 1000 ml<\/a>, etc. Si vous souhaitez une carafe \u00e0 whisky personnalis\u00e9e, nous acceptons les tailles de bouteilles de whisky personnalis\u00e9es, les types de verres \u00e0 whisky personnalis\u00e9s et le service d&#039;\u00e9tiquettes de bouteilles de whisky personnalis\u00e9es. Notre objectif est de fabriquer la meilleure carafe \u00e0 whisky et d&#039;offrir le meilleur service aux clients du monde entier.<\/p>\n<p>Si vous souhaitez en savoir plus sur la bouteille en verre de whisky de 750 ml, veuillez nous contacter. Nous vous r\u00e9pondrons dans les 24 heures.<\/p>\n\n\t\t<\/div>\n\t<\/div>\n<\/div><\/div><\/div><\/div>\n<\/div>","protected":false},"excerpt":{"rendered":"<p>La bouteille en verre de whisky de 750 ml (25 oz) en gros, avec une conception \u00e9tanche, des couvercles \u00e0 bouchon \u00e0 vis et un mat\u00e9riau en verre durable \u00e0 haute teneur en silex, est parfaite pour stocker du whisky de qualit\u00e9 sup\u00e9rieure.<\/p>\n<p>Commande personnalis\u00e9e pour bouteille en verre de whisky\u00a0:<\/p>\n<ul>\n<li>R\u00e9f\u00e9rence : RS088<\/li>\n<li><strong>Service OEM\/ODM offert. MOQ\u00a0: 10 000\u00a0pi\u00e8ces (10 000\u00a0pi\u00e8ces)<\/strong><\/li>\n<li>Bouchon\u00a0:\u00a0Bouchon \u00e0 vis ou personnalis\u00e9<\/li>\n<li>Mat\u00e9riau : verre silex \u00e9lev\u00e9.<\/li>\n<li>Hauteur de la bouteille\u00a0:\u00a0220\u00a0mm<\/li>\n<li>Diam\u00e8tre de la bouteille : 90 mm<\/li>\n<\/ul>","protected":false},"featured_media":4593,"comment_status":"open","ping_status":"closed","template":"","meta":[],"product_brand":[],"product_cat":[52,63,68],"product_tag":[],"class_list":{"0":"post-536","1":"product","2":"type-product","3":"status-publish","4":"has-post-thumbnail","6":"product_cat-750ml-glass-bottle","7":"product_cat-liquor-bottle","8":"product_cat-whiskey-bottle","9":"entry","10":"has-media","12":"first","13":"instock","14":"shipping-taxable","15":"product-type-simple"},"yoast_head":"<!-- This site is optimized with the Yoast SEO plugin v27.3 - https:\/\/yoast.com\/product\/yoast-seo-wordpress\/ -->\n<title>Whiskey Glass Bottle Wholesale | Empty Whsikey Bottle Manufacturers<\/title>\n<meta name=\"description\" content=\"Buy Whiskey Glass Bottle Wholesale From China Empty Whsikey Bottle Manufacturers. Factory Outlet&amp;Bulk Price\" \/>\n<meta name=\"robots\" content=\"index, follow, max-snippet:-1, max-image-preview:large, max-video-preview:-1\" \/>\n<link rel=\"canonical\" href=\"https:\/\/ruishengglassco.com\/product\/rs088-750ml-whiskey-glass-bottle-manufacturers\" \/>\n<meta property=\"og:locale\" content=\"fr_FR\" \/>\n<meta property=\"og:type\" content=\"article\" \/>\n<meta property=\"og:title\" content=\"Whiskey Glass Bottle Wholesale | Empty Whsikey Bottle Manufacturers\" \/>\n<meta property=\"og:description\" content=\"Buy Whiskey Glass Bottle Wholesale From China Empty Whsikey Bottle Manufacturers. Factory Outlet&amp;Bulk Price\" \/>\n<meta property=\"og:url\" content=\"https:\/\/ruishengglassco.com\/product\/rs088-750ml-whiskey-glass-bottle-manufacturers\" \/>\n<meta property=\"og:site_name\" content=\"Glass Bottle Wholesale\" \/>\n<meta property=\"article:modified_time\" content=\"2025-07-10T01:26:48+00:00\" \/>\n<meta property=\"og:image\" content=\"https:\/\/glassbottlewholesale.com\/wp-content\/uploads\/2024\/03\/wholesale-whiskey-bottle-manufacturer14-1.png\" \/>\n\t<meta property=\"og:image:width\" content=\"800\" \/>\n\t<meta property=\"og:image:height\" content=\"800\" \/>\n\t<meta property=\"og:image:type\" content=\"image\/png\" \/>\n<meta name=\"twitter:card\" content=\"summary_large_image\" \/>\n<meta name=\"twitter:label1\" content=\"Dur\u00e9e de lecture estim\u00e9e\" \/>\n\t<meta name=\"twitter:data1\" content=\"2 minutes\" \/>\n<script type=\"application\/ld+json\" class=\"yoast-schema-graph\">{\"@context\":\"https:\\\/\\\/schema.org\",\"@graph\":[{\"@type\":\"WebPage\",\"@id\":\"https:\\\/\\\/glassbottlewholesale.com\\\/750ml-whiskey-glass-bottle-manufacturers\\\/\",\"url\":\"https:\\\/\\\/ruishengglassco.com\\\/product\\\/rs088-750ml-whiskey-glass-bottle-manufacturers\",\"name\":\"Whiskey Glass Bottle Wholesale | Empty Whsikey Bottle Manufacturers\",\"isPartOf\":{\"@id\":\"https:\\\/\\\/glassbottlewholesale.com\\\/#website\"},\"primaryImageOfPage\":{\"@id\":\"https:\\\/\\\/ruishengglassco.com\\\/product\\\/rs088-750ml-whiskey-glass-bottle-manufacturers#primaryimage\"},\"image\":{\"@id\":\"https:\\\/\\\/ruishengglassco.com\\\/product\\\/rs088-750ml-whiskey-glass-bottle-manufacturers#primaryimage\"},\"thumbnailUrl\":\"https:\\\/\\\/glassbottlewholesale.com\\\/wp-content\\\/uploads\\\/2024\\\/03\\\/wholesale-whiskey-bottle-manufacturer14-1.png\",\"datePublished\":\"2019-10-15T13:12:55+00:00\",\"dateModified\":\"2025-07-10T01:26:48+00:00\",\"description\":\"Buy Whiskey Glass Bottle Wholesale From China Empty Whsikey Bottle Manufacturers. Factory Outlet&Bulk Price\",\"breadcrumb\":{\"@id\":\"https:\\\/\\\/ruishengglassco.com\\\/product\\\/rs088-750ml-whiskey-glass-bottle-manufacturers#breadcrumb\"},\"inLanguage\":\"fr-FR\",\"potentialAction\":[{\"@type\":\"ReadAction\",\"target\":[\"https:\\\/\\\/ruishengglassco.com\\\/product\\\/rs088-750ml-whiskey-glass-bottle-manufacturers\"]}]},{\"@type\":\"ImageObject\",\"inLanguage\":\"fr-FR\",\"@id\":\"https:\\\/\\\/ruishengglassco.com\\\/product\\\/rs088-750ml-whiskey-glass-bottle-manufacturers#primaryimage\",\"url\":\"https:\\\/\\\/glassbottlewholesale.com\\\/wp-content\\\/uploads\\\/2024\\\/03\\\/wholesale-whiskey-bottle-manufacturer14-1.png\",\"contentUrl\":\"https:\\\/\\\/glassbottlewholesale.com\\\/wp-content\\\/uploads\\\/2024\\\/03\\\/wholesale-whiskey-bottle-manufacturer14-1.png\",\"width\":800,\"height\":800,\"caption\":\"750ml WhIskey bottle Wholesale\"},{\"@type\":\"BreadcrumbList\",\"@id\":\"https:\\\/\\\/ruishengglassco.com\\\/product\\\/rs088-750ml-whiskey-glass-bottle-manufacturers#breadcrumb\",\"itemListElement\":[{\"@type\":\"ListItem\",\"position\":1,\"name\":\"Home\",\"item\":\"https:\\\/\\\/glassbottlewholesale.com\\\/\"},{\"@type\":\"ListItem\",\"position\":2,\"name\":\"Products\",\"item\":\"https:\\\/\\\/glassbottlewholesale.com\\\/shop\\\/\"},{\"@type\":\"ListItem\",\"position\":3,\"name\":\"RS088: 750ml Whiskey Glass Bottle Manufacturers\"}]},{\"@type\":\"WebSite\",\"@id\":\"https:\\\/\\\/glassbottlewholesale.com\\\/#website\",\"url\":\"https:\\\/\\\/glassbottlewholesale.com\\\/\",\"name\":\"Glass Bottle Wholesale\",\"description\":\"\",\"publisher\":{\"@id\":\"https:\\\/\\\/glassbottlewholesale.com\\\/#organization\"},\"potentialAction\":[{\"@type\":\"SearchAction\",\"target\":{\"@type\":\"EntryPoint\",\"urlTemplate\":\"https:\\\/\\\/glassbottlewholesale.com\\\/?s={search_term_string}\"},\"query-input\":{\"@type\":\"PropertyValueSpecification\",\"valueRequired\":true,\"valueName\":\"search_term_string\"}}],\"inLanguage\":\"fr-FR\"},{\"@type\":\"Organization\",\"@id\":\"https:\\\/\\\/glassbottlewholesale.com\\\/#organization\",\"name\":\"Glass Bottle Wholesale\",\"url\":\"https:\\\/\\\/glassbottlewholesale.com\\\/\",\"logo\":{\"@type\":\"ImageObject\",\"inLanguage\":\"fr-FR\",\"@id\":\"https:\\\/\\\/glassbottlewholesale.com\\\/#\\\/schema\\\/logo\\\/image\\\/\",\"url\":\"https:\\\/\\\/glassbottlewholesale.com\\\/wp-content\\\/uploads\\\/2023\\\/12\\\/ruisheng-logo.webp\",\"contentUrl\":\"https:\\\/\\\/glassbottlewholesale.com\\\/wp-content\\\/uploads\\\/2023\\\/12\\\/ruisheng-logo.webp\",\"width\":400,\"height\":233,\"caption\":\"Glass Bottle Wholesale\"},\"image\":{\"@id\":\"https:\\\/\\\/glassbottlewholesale.com\\\/#\\\/schema\\\/logo\\\/image\\\/\"}}]}<\/script>\n<!-- \/ Yoast SEO plugin. -->","yoast_head_json":{"title":"Bouteille en verre de whisky en gros | Fabricants de bouteilles de whisky vides","description":"Achetez des bouteilles en verre de whisky en gros aupr\u00e8s des fabricants de bouteilles de whisky vides en Chine. Magasin d&#039;usine et prix de gros","robots":{"index":"index","follow":"follow","max-snippet":"max-snippet:-1","max-image-preview":"max-image-preview:large","max-video-preview":"max-video-preview:-1"},"canonical":"https:\/\/ruishengglassco.com\/product\/rs088-750ml-whiskey-glass-bottle-manufacturers","og_locale":"fr_FR","og_type":"article","og_title":"Whiskey Glass Bottle Wholesale | Empty Whsikey Bottle Manufacturers","og_description":"Buy Whiskey Glass Bottle Wholesale From China Empty Whsikey Bottle Manufacturers. Factory Outlet&Bulk Price","og_url":"https:\/\/ruishengglassco.com\/product\/rs088-750ml-whiskey-glass-bottle-manufacturers","og_site_name":"Glass Bottle Wholesale","article_modified_time":"2025-07-10T01:26:48+00:00","og_image":[{"width":800,"height":800,"url":"https:\/\/glassbottlewholesale.com\/wp-content\/uploads\/2024\/03\/wholesale-whiskey-bottle-manufacturer14-1.png","type":"image\/png"}],"twitter_card":"summary_large_image","twitter_misc":{"Dur\u00e9e de lecture estim\u00e9e":"2 minutes"},"schema":{"@context":"https:\/\/schema.org","@graph":[{"@type":"WebPage","@id":"https:\/\/glassbottlewholesale.com\/750ml-whiskey-glass-bottle-manufacturers\/","url":"https:\/\/ruishengglassco.com\/product\/rs088-750ml-whiskey-glass-bottle-manufacturers","name":"Bouteille en verre de whisky en gros | Fabricants de bouteilles de whisky vides","isPartOf":{"@id":"https:\/\/glassbottlewholesale.com\/#website"},"primaryImageOfPage":{"@id":"https:\/\/ruishengglassco.com\/product\/rs088-750ml-whiskey-glass-bottle-manufacturers#primaryimage"},"image":{"@id":"https:\/\/ruishengglassco.com\/product\/rs088-750ml-whiskey-glass-bottle-manufacturers#primaryimage"},"thumbnailUrl":"https:\/\/glassbottlewholesale.com\/wp-content\/uploads\/2024\/03\/wholesale-whiskey-bottle-manufacturer14-1.png","datePublished":"2019-10-15T13:12:55+00:00","dateModified":"2025-07-10T01:26:48+00:00","description":"Achetez des bouteilles en verre de whisky en gros aupr\u00e8s des fabricants de bouteilles de whisky vides en Chine. Magasin d&#039;usine et prix de gros","breadcrumb":{"@id":"https:\/\/ruishengglassco.com\/product\/rs088-750ml-whiskey-glass-bottle-manufacturers#breadcrumb"},"inLanguage":"fr-FR","potentialAction":[{"@type":"ReadAction","target":["https:\/\/ruishengglassco.com\/product\/rs088-750ml-whiskey-glass-bottle-manufacturers"]}]},{"@type":"ImageObject","inLanguage":"fr-FR","@id":"https:\/\/ruishengglassco.com\/product\/rs088-750ml-whiskey-glass-bottle-manufacturers#primaryimage","url":"https:\/\/glassbottlewholesale.com\/wp-content\/uploads\/2024\/03\/wholesale-whiskey-bottle-manufacturer14-1.png","contentUrl":"https:\/\/glassbottlewholesale.com\/wp-content\/uploads\/2024\/03\/wholesale-whiskey-bottle-manufacturer14-1.png","width":800,"height":800,"caption":"750ml WhIskey bottle Wholesale"},{"@type":"BreadcrumbList","@id":"https:\/\/ruishengglassco.com\/product\/rs088-750ml-whiskey-glass-bottle-manufacturers#breadcrumb","itemListElement":[{"@type":"ListItem","position":1,"name":"Home","item":"https:\/\/glassbottlewholesale.com\/"},{"@type":"ListItem","position":2,"name":"Products","item":"https:\/\/glassbottlewholesale.com\/shop\/"},{"@type":"ListItem","position":3,"name":"RS088: 750ml Whiskey Glass Bottle Manufacturers"}]},{"@type":"WebSite","@id":"https:\/\/glassbottlewholesale.com\/#website","url":"https:\/\/glassbottlewholesale.com\/","name":"Glass Bottle Wholesale","description":"","publisher":{"@id":"https:\/\/glassbottlewholesale.com\/#organization"},"potentialAction":[{"@type":"SearchAction","target":{"@type":"EntryPoint","urlTemplate":"https:\/\/glassbottlewholesale.com\/?s={search_term_string}"},"query-input":{"@type":"PropertyValueSpecification","valueRequired":true,"valueName":"search_term_string"}}],"inLanguage":"fr-FR"},{"@type":"Organization","@id":"https:\/\/glassbottlewholesale.com\/#organization","name":"Glass Bottle Wholesale","url":"https:\/\/glassbottlewholesale.com\/","logo":{"@type":"ImageObject","inLanguage":"fr-FR","@id":"https:\/\/glassbottlewholesale.com\/#\/schema\/logo\/image\/","url":"https:\/\/glassbottlewholesale.com\/wp-content\/uploads\/2023\/12\/ruisheng-logo.webp","contentUrl":"https:\/\/glassbottlewholesale.com\/wp-content\/uploads\/2023\/12\/ruisheng-logo.webp","width":400,"height":233,"caption":"Glass Bottle Wholesale"},"image":{"@id":"https:\/\/glassbottlewholesale.com\/#\/schema\/logo\/image\/"}}]}},"_links":{"self":[{"href":"https:\/\/glassbottlewholesale.com\/fr\/wp-json\/wp\/v2\/product\/536","targetHints":{"allow":["GET"]}}],"collection":[{"href":"https:\/\/glassbottlewholesale.com\/fr\/wp-json\/wp\/v2\/product"}],"about":[{"href":"https:\/\/glassbottlewholesale.com\/fr\/wp-json\/wp\/v2\/types\/product"}],"replies":[{"embeddable":true,"href":"https:\/\/glassbottlewholesale.com\/fr\/wp-json\/wp\/v2\/comments?post=536"}],"wp:featuredmedia":[{"embeddable":true,"href":"https:\/\/glassbottlewholesale.com\/fr\/wp-json\/wp\/v2\/media\/4593"}],"wp:attachment":[{"href":"https:\/\/glassbottlewholesale.com\/fr\/wp-json\/wp\/v2\/media?parent=536"}],"wp:term":[{"taxonomy":"product_brand","embeddable":true,"href":"https:\/\/glassbottlewholesale.com\/fr\/wp-json\/wp\/v2\/product_brand?post=536"},{"taxonomy":"product_cat","embeddable":true,"href":"https:\/\/glassbottlewholesale.com\/fr\/wp-json\/wp\/v2\/product_cat?post=536"},{"taxonomy":"product_tag","embeddable":true,"href":"https:\/\/glassbottlewholesale.com\/fr\/wp-json\/wp\/v2\/product_tag?post=536"}],"curies":[{"name":"wp","href":"https:\/\/api.w.org\/{rel}","templated":true}]}}