{"id":661,"date":"2019-10-18T05:56:07","date_gmt":"2019-10-18T05:56:07","guid":{"rendered":"https:\/\/queenchingglass.com\/?post_type=product&#038;p=661"},"modified":"2024-07-26T23:03:09","modified_gmt":"2024-07-26T23:03:09","slug":"50ml-miniature-alcohol-bottles-bulk","status":"publish","type":"product","link":"https:\/\/glassbottlewholesale.com\/fr\/50ml-miniature-alcohol-bottles-bulk\/","title":{"rendered":"RS084 : Bouteilles d&#039;alcool miniatures de 50 ml, achat en gros"},"content":{"rendered":"<p>Les bouteilles d'alcool miniatures de 50 ml en vrac de Ruisheng constituent la s\u00e9rie de produits la plus importante vendue dans les pays europ\u00e9ens. Elles se caract\u00e9risent par une forme ronde claire et conviennent \u00e0 l'emballage des liqueurs, du whisky, du brandy, de la vodka, du gin, de la tequila et d'autres boissons alcoolis\u00e9es. Nous vendons principalement en gros ces bouteilles en verre vides aux marques d'alcool, aux entreprises, aux fournisseurs de bouteilles en verre, aux grossistes, aux supermarch\u00e9s, etc.<\/p>\n<p>Ces mini-bouteilles \u00e0 liqueur de 50 ml peuvent \u00e9galement \u00eatre personnalis\u00e9es. Dans le cadre de ce service de bouteilles en verre personnalis\u00e9es, vous pouvez personnaliser diff\u00e9rentes formes de bouteilles en verre, telles que la forme ronde, la forme carr\u00e9e, la forme a\u00e9rodynamique, la forme de cr\u00e2ne, etc. Diff\u00e9rentes capacit\u00e9s de bouteilles en verre sont disponibles : 50 ml, 100 ml, 250 ml, 350 ml, 500 ml, 700 ml, 750 ml, 1000 ml, 1,5 L et autres. Nous acceptons \u00e9galement les \u00e9tiquettes priv\u00e9es personnalis\u00e9es et le service de logo. Nous pouvons vous offrir ce dont vous avez besoin !<\/p>\n<h4>A propos des bouteilles d'alcool miniatures de 50ml en vrac<\/h4>\n<ul>\n<li>Marque : RS<\/li>\n<li>Forme : Ronde ou personnalis\u00e9e<\/li>\n<li>Mat\u00e9riau : Verres \u00e0 haute teneur en silex<\/li>\n<li>Type de fermeture : Bouchons Guala \/ Bouchons \u00e0 vis \/ Bouchons de li\u00e8ge<\/li>\n<li>Caract\u00e9ristiques :  Respectueux de l'environnement, 100% sans danger pour la sant\u00e9, avec les certificats SGS, TUV, ISO<\/li>\n<\/ul>\n<p>Gr\u00e2ce \u00e0 leur qualit\u00e9 sup\u00e9rieure et \u00e0 leur bonne r\u00e9putation, nos mini-bouteilles \u00e0 liqueur vides ont \u00e9t\u00e9 export\u00e9es aux \u00c9tats-Unis, au Canada, au Royaume-Uni, en France, en Australie, en Argentine, en Afrique du Sud, etc. Nos clients ont donn\u00e9 une excellente \u00e9valuation \u00e0 nos mini-bouteilles \u00e0 liqueur et ont sign\u00e9 un contrat d'achat \u00e0 long terme.<\/p>\n<p>Si vous \u00eates satisfaits de ces bouteilles de liqueur de 50ml, veuillez me contacter \u00e0 temps. Si vous ne l'aimez pas, vous pouvez regarder nos autres bouteilles. Ou je vous donnerai le catalogue, vous pouvez choisir ce que vous voulez. Si vous \u00eates int\u00e9ress\u00e9 par nos bouteilles d'alcool herm\u00e9tiques, veuillez nous contacter. Nous vous r\u00e9pondrons dans les 24 heures.<\/p>","protected":false},"excerpt":{"rendered":"<style type=\"text\/css\">\n.tg  {border-collapse:collapse;border-spacing:0;border-color:#ccc;}<br \/>.tg td{font-family:Arial, sans-serif;font-size:14px;padding:10px 5px;border-style:solid;border-width:1px;overflow:hidden;word-break:normal;border-color:#ccc;color:#333;background-color:#fff;}<br \/>.tg th{font-family:Arial, sans-serif;font-size:14px;font-weight:normal;padding:10px 5px;border-style:solid;border-width:1px;overflow:hidden;word-break:normal;border-color:#ccc;color:#333;background-color:#f0f0f0;}<br \/>.tg .tg-24i8{font-size:24px;vertical-align:top}<br \/>.tg .tg-b7b8{background-color:#f9f9f9;vertical-align:top}<br \/>.tg .tg-yw4l{vertical-align:top}<br \/><\/style>\n<table class=\"tg\">\n<tbody>\n<tr>\n<th class=\"tg-24i8\" colspan=\"2\">Bouteilles d'alcool miniatures 50ml en vrac<\/th>\n<\/tr>\n<tr>\n<td class=\"tg-b7b8\">Mat\u00e9riau principal:<\/td>\n<td class=\"tg-b7b8\">Verre silex haut<\/td>\n<\/tr>\n<tr>\n<td class=\"tg-yw4l\">Casquette:<\/td>\n<td class=\"tg-yw4l\">Guala Capsules \/ Capsules \u00e0 vis \/ Bouchons<\/td>\n<\/tr>\n<tr>\n<td class=\"tg-b7b8\">Mode d'emballage<\/td>\n<td class=\"tg-b7b8\">Carton, palette, carton et palette<\/td>\n<\/tr>\n<tr>\n<td class=\"tg-yw4l\">Fonctionnalit\u00e9:<\/td>\n<td class=\"tg-yw4l\">Respectueux de la nature<\/td>\n<\/tr>\n<tr>\n<td class=\"tg-b7b8\">Quantit\u00e9 minimale de commande\u00a0:<\/td>\n<td class=\"tg-b7b8\">10000 pi\u00e8ces<\/td>\n<\/tr>\n<tr>\n<td class=\"tg-yw4l\">Origine du lieu :<\/td>\n<td class=\"tg-yw4l\">Shandong, Chine<\/td>\n<\/tr>\n<tr>\n<td class=\"tg-b7b8\">Pi\u00e8ces\/ctn\u00a0:<\/td>\n<td class=\"tg-b7b8\">24 pi\u00e8ces<\/td>\n<\/tr>\n<tr>\n<td class=\"tg-yw4l\">R\u00e9f\u00e9rence:<\/td>\n<td class=\"tg-yw4l\">RS084<\/td>\n<\/tr>\n<tr>\n<td class=\"tg-b7b8\">Mode d&#039;exp\u00e9dition\u00a0:<\/td>\n<td class=\"tg-b7b8\">Navire, Express<\/td>\n<\/tr>\n<tr>\n<td class=\"tg-yw4l\">OEM\/ODM\u00a0:<\/td>\n<td class=\"tg-yw4l\">Accueillir<\/td>\n<\/tr>\n<\/tbody>\n<\/table>","protected":false},"featured_media":2720,"comment_status":"open","ping_status":"closed","template":"","meta":[],"product_brand":[],"product_cat":[58,63],"product_tag":[],"class_list":{"0":"post-661","1":"product","2":"type-product","3":"status-publish","4":"has-post-thumbnail","6":"product_cat-50ml-glass-bottle","7":"product_cat-liquor-bottle","8":"entry","9":"has-media","11":"first","12":"instock","13":"shipping-taxable","14":"product-type-simple"},"yoast_head":"<!-- This site is optimized with the Yoast SEO plugin v27.3 - https:\/\/yoast.com\/product\/yoast-seo-wordpress\/ -->\n<title>50ml Miniature Alcohol Bottles Bulk | Empty Spirit Bottles Manufacturer<\/title>\n<meta name=\"description\" content=\"Ruisheng, a professional empty spirit bottles manufacturer, wholesale 50ml miniature alcohol bottles bulk in factory outlet price.\" \/>\n<meta name=\"robots\" content=\"index, follow, max-snippet:-1, max-image-preview:large, max-video-preview:-1\" \/>\n<link rel=\"canonical\" href=\"https:\/\/ruishengglassco.com\/product\/rs084-50ml-miniature-alcohol-bottles-bulk-buy\" \/>\n<meta property=\"og:locale\" content=\"fr_FR\" \/>\n<meta property=\"og:type\" content=\"article\" \/>\n<meta property=\"og:title\" content=\"50ml Miniature Alcohol Bottles Bulk | Empty Spirit Bottles Manufacturer\" \/>\n<meta property=\"og:description\" content=\"Ruisheng, a professional empty spirit bottles manufacturer, wholesale 50ml miniature alcohol bottles bulk in factory outlet price.\" \/>\n<meta property=\"og:url\" content=\"https:\/\/ruishengglassco.com\/product\/rs084-50ml-miniature-alcohol-bottles-bulk-buy\" \/>\n<meta property=\"og:site_name\" content=\"Glass Bottle Wholesale\" \/>\n<meta property=\"article:modified_time\" content=\"2024-07-26T23:03:09+00:00\" \/>\n<meta property=\"og:image\" content=\"https:\/\/glassbottlewholesale.com\/wp-content\/uploads\/2019\/10\/R12-glassbottle.jpg\" \/>\n\t<meta property=\"og:image:width\" content=\"800\" \/>\n\t<meta property=\"og:image:height\" content=\"800\" \/>\n\t<meta property=\"og:image:type\" content=\"image\/jpeg\" \/>\n<meta name=\"twitter:card\" content=\"summary_large_image\" \/>\n<meta name=\"twitter:label1\" content=\"Dur\u00e9e de lecture estim\u00e9e\" \/>\n\t<meta name=\"twitter:data1\" content=\"2 minutes\" \/>\n<script type=\"application\/ld+json\" class=\"yoast-schema-graph\">{\"@context\":\"https:\\\/\\\/schema.org\",\"@graph\":[{\"@type\":\"WebPage\",\"@id\":\"https:\\\/\\\/glassbottlewholesale.com\\\/50ml-miniature-alcohol-bottles-bulk\\\/\",\"url\":\"https:\\\/\\\/ruishengglassco.com\\\/product\\\/rs084-50ml-miniature-alcohol-bottles-bulk-buy\",\"name\":\"50ml Miniature Alcohol Bottles Bulk | Empty Spirit Bottles Manufacturer\",\"isPartOf\":{\"@id\":\"https:\\\/\\\/glassbottlewholesale.com\\\/#website\"},\"primaryImageOfPage\":{\"@id\":\"https:\\\/\\\/ruishengglassco.com\\\/product\\\/rs084-50ml-miniature-alcohol-bottles-bulk-buy#primaryimage\"},\"image\":{\"@id\":\"https:\\\/\\\/ruishengglassco.com\\\/product\\\/rs084-50ml-miniature-alcohol-bottles-bulk-buy#primaryimage\"},\"thumbnailUrl\":\"https:\\\/\\\/glassbottlewholesale.com\\\/wp-content\\\/uploads\\\/2019\\\/10\\\/R12-glassbottle.jpg\",\"datePublished\":\"2019-10-18T05:56:07+00:00\",\"dateModified\":\"2024-07-26T23:03:09+00:00\",\"description\":\"Ruisheng, a professional empty spirit bottles manufacturer, wholesale 50ml miniature alcohol bottles bulk in factory outlet price.\",\"breadcrumb\":{\"@id\":\"https:\\\/\\\/ruishengglassco.com\\\/product\\\/rs084-50ml-miniature-alcohol-bottles-bulk-buy#breadcrumb\"},\"inLanguage\":\"fr-FR\",\"potentialAction\":[{\"@type\":\"ReadAction\",\"target\":[\"https:\\\/\\\/ruishengglassco.com\\\/product\\\/rs084-50ml-miniature-alcohol-bottles-bulk-buy\"]}]},{\"@type\":\"ImageObject\",\"inLanguage\":\"fr-FR\",\"@id\":\"https:\\\/\\\/ruishengglassco.com\\\/product\\\/rs084-50ml-miniature-alcohol-bottles-bulk-buy#primaryimage\",\"url\":\"https:\\\/\\\/glassbottlewholesale.com\\\/wp-content\\\/uploads\\\/2019\\\/10\\\/R12-glassbottle.jpg\",\"contentUrl\":\"https:\\\/\\\/glassbottlewholesale.com\\\/wp-content\\\/uploads\\\/2019\\\/10\\\/R12-glassbottle.jpg\",\"width\":800,\"height\":800,\"caption\":\"50ml Miniature Alcohol Bottles Bulk Buy\"},{\"@type\":\"BreadcrumbList\",\"@id\":\"https:\\\/\\\/ruishengglassco.com\\\/product\\\/rs084-50ml-miniature-alcohol-bottles-bulk-buy#breadcrumb\",\"itemListElement\":[{\"@type\":\"ListItem\",\"position\":1,\"name\":\"Home\",\"item\":\"https:\\\/\\\/glassbottlewholesale.com\\\/\"},{\"@type\":\"ListItem\",\"position\":2,\"name\":\"Products\",\"item\":\"https:\\\/\\\/glassbottlewholesale.com\\\/shop\\\/\"},{\"@type\":\"ListItem\",\"position\":3,\"name\":\"RS084: 50ml Miniature Alcohol Bottles Bulk Buy\"}]},{\"@type\":\"WebSite\",\"@id\":\"https:\\\/\\\/glassbottlewholesale.com\\\/#website\",\"url\":\"https:\\\/\\\/glassbottlewholesale.com\\\/\",\"name\":\"Glass Bottle Wholesale\",\"description\":\"\",\"publisher\":{\"@id\":\"https:\\\/\\\/glassbottlewholesale.com\\\/#organization\"},\"potentialAction\":[{\"@type\":\"SearchAction\",\"target\":{\"@type\":\"EntryPoint\",\"urlTemplate\":\"https:\\\/\\\/glassbottlewholesale.com\\\/?s={search_term_string}\"},\"query-input\":{\"@type\":\"PropertyValueSpecification\",\"valueRequired\":true,\"valueName\":\"search_term_string\"}}],\"inLanguage\":\"fr-FR\"},{\"@type\":\"Organization\",\"@id\":\"https:\\\/\\\/glassbottlewholesale.com\\\/#organization\",\"name\":\"Glass Bottle Wholesale\",\"url\":\"https:\\\/\\\/glassbottlewholesale.com\\\/\",\"logo\":{\"@type\":\"ImageObject\",\"inLanguage\":\"fr-FR\",\"@id\":\"https:\\\/\\\/glassbottlewholesale.com\\\/#\\\/schema\\\/logo\\\/image\\\/\",\"url\":\"https:\\\/\\\/glassbottlewholesale.com\\\/wp-content\\\/uploads\\\/2023\\\/12\\\/ruisheng-logo.webp\",\"contentUrl\":\"https:\\\/\\\/glassbottlewholesale.com\\\/wp-content\\\/uploads\\\/2023\\\/12\\\/ruisheng-logo.webp\",\"width\":400,\"height\":233,\"caption\":\"Glass Bottle Wholesale\"},\"image\":{\"@id\":\"https:\\\/\\\/glassbottlewholesale.com\\\/#\\\/schema\\\/logo\\\/image\\\/\"}}]}<\/script>\n<!-- \/ Yoast SEO plugin. -->","yoast_head_json":{"title":"50ml Miniature Alcohol Bottles Bulk | Empty Spirit Bottles Manufacturer","description":"Ruisheng, a professional empty spirit bottles manufacturer, wholesale 50ml miniature alcohol bottles bulk in factory outlet price.","robots":{"index":"index","follow":"follow","max-snippet":"max-snippet:-1","max-image-preview":"max-image-preview:large","max-video-preview":"max-video-preview:-1"},"canonical":"https:\/\/ruishengglassco.com\/product\/rs084-50ml-miniature-alcohol-bottles-bulk-buy","og_locale":"fr_FR","og_type":"article","og_title":"50ml Miniature Alcohol Bottles Bulk | Empty Spirit Bottles Manufacturer","og_description":"Ruisheng, a professional empty spirit bottles manufacturer, wholesale 50ml miniature alcohol bottles bulk in factory outlet price.","og_url":"https:\/\/ruishengglassco.com\/product\/rs084-50ml-miniature-alcohol-bottles-bulk-buy","og_site_name":"Glass Bottle Wholesale","article_modified_time":"2024-07-26T23:03:09+00:00","og_image":[{"width":800,"height":800,"url":"https:\/\/glassbottlewholesale.com\/wp-content\/uploads\/2019\/10\/R12-glassbottle.jpg","type":"image\/jpeg"}],"twitter_card":"summary_large_image","twitter_misc":{"Dur\u00e9e de lecture estim\u00e9e":"2 minutes"},"schema":{"@context":"https:\/\/schema.org","@graph":[{"@type":"WebPage","@id":"https:\/\/glassbottlewholesale.com\/50ml-miniature-alcohol-bottles-bulk\/","url":"https:\/\/ruishengglassco.com\/product\/rs084-50ml-miniature-alcohol-bottles-bulk-buy","name":"50ml Miniature Alcohol Bottles Bulk | Empty Spirit Bottles Manufacturer","isPartOf":{"@id":"https:\/\/glassbottlewholesale.com\/#website"},"primaryImageOfPage":{"@id":"https:\/\/ruishengglassco.com\/product\/rs084-50ml-miniature-alcohol-bottles-bulk-buy#primaryimage"},"image":{"@id":"https:\/\/ruishengglassco.com\/product\/rs084-50ml-miniature-alcohol-bottles-bulk-buy#primaryimage"},"thumbnailUrl":"https:\/\/glassbottlewholesale.com\/wp-content\/uploads\/2019\/10\/R12-glassbottle.jpg","datePublished":"2019-10-18T05:56:07+00:00","dateModified":"2024-07-26T23:03:09+00:00","description":"Ruisheng, a professional empty spirit bottles manufacturer, wholesale 50ml miniature alcohol bottles bulk in factory outlet price.","breadcrumb":{"@id":"https:\/\/ruishengglassco.com\/product\/rs084-50ml-miniature-alcohol-bottles-bulk-buy#breadcrumb"},"inLanguage":"fr-FR","potentialAction":[{"@type":"ReadAction","target":["https:\/\/ruishengglassco.com\/product\/rs084-50ml-miniature-alcohol-bottles-bulk-buy"]}]},{"@type":"ImageObject","inLanguage":"fr-FR","@id":"https:\/\/ruishengglassco.com\/product\/rs084-50ml-miniature-alcohol-bottles-bulk-buy#primaryimage","url":"https:\/\/glassbottlewholesale.com\/wp-content\/uploads\/2019\/10\/R12-glassbottle.jpg","contentUrl":"https:\/\/glassbottlewholesale.com\/wp-content\/uploads\/2019\/10\/R12-glassbottle.jpg","width":800,"height":800,"caption":"50ml Miniature Alcohol Bottles Bulk Buy"},{"@type":"BreadcrumbList","@id":"https:\/\/ruishengglassco.com\/product\/rs084-50ml-miniature-alcohol-bottles-bulk-buy#breadcrumb","itemListElement":[{"@type":"ListItem","position":1,"name":"Home","item":"https:\/\/glassbottlewholesale.com\/"},{"@type":"ListItem","position":2,"name":"Products","item":"https:\/\/glassbottlewholesale.com\/shop\/"},{"@type":"ListItem","position":3,"name":"RS084: 50ml Miniature Alcohol Bottles Bulk Buy"}]},{"@type":"WebSite","@id":"https:\/\/glassbottlewholesale.com\/#website","url":"https:\/\/glassbottlewholesale.com\/","name":"Glass Bottle Wholesale","description":"","publisher":{"@id":"https:\/\/glassbottlewholesale.com\/#organization"},"potentialAction":[{"@type":"SearchAction","target":{"@type":"EntryPoint","urlTemplate":"https:\/\/glassbottlewholesale.com\/?s={search_term_string}"},"query-input":{"@type":"PropertyValueSpecification","valueRequired":true,"valueName":"search_term_string"}}],"inLanguage":"fr-FR"},{"@type":"Organization","@id":"https:\/\/glassbottlewholesale.com\/#organization","name":"Glass Bottle Wholesale","url":"https:\/\/glassbottlewholesale.com\/","logo":{"@type":"ImageObject","inLanguage":"fr-FR","@id":"https:\/\/glassbottlewholesale.com\/#\/schema\/logo\/image\/","url":"https:\/\/glassbottlewholesale.com\/wp-content\/uploads\/2023\/12\/ruisheng-logo.webp","contentUrl":"https:\/\/glassbottlewholesale.com\/wp-content\/uploads\/2023\/12\/ruisheng-logo.webp","width":400,"height":233,"caption":"Glass Bottle Wholesale"},"image":{"@id":"https:\/\/glassbottlewholesale.com\/#\/schema\/logo\/image\/"}}]}},"_links":{"self":[{"href":"https:\/\/glassbottlewholesale.com\/fr\/wp-json\/wp\/v2\/product\/661","targetHints":{"allow":["GET"]}}],"collection":[{"href":"https:\/\/glassbottlewholesale.com\/fr\/wp-json\/wp\/v2\/product"}],"about":[{"href":"https:\/\/glassbottlewholesale.com\/fr\/wp-json\/wp\/v2\/types\/product"}],"replies":[{"embeddable":true,"href":"https:\/\/glassbottlewholesale.com\/fr\/wp-json\/wp\/v2\/comments?post=661"}],"wp:featuredmedia":[{"embeddable":true,"href":"https:\/\/glassbottlewholesale.com\/fr\/wp-json\/wp\/v2\/media\/2720"}],"wp:attachment":[{"href":"https:\/\/glassbottlewholesale.com\/fr\/wp-json\/wp\/v2\/media?parent=661"}],"wp:term":[{"taxonomy":"product_brand","embeddable":true,"href":"https:\/\/glassbottlewholesale.com\/fr\/wp-json\/wp\/v2\/product_brand?post=661"},{"taxonomy":"product_cat","embeddable":true,"href":"https:\/\/glassbottlewholesale.com\/fr\/wp-json\/wp\/v2\/product_cat?post=661"},{"taxonomy":"product_tag","embeddable":true,"href":"https:\/\/glassbottlewholesale.com\/fr\/wp-json\/wp\/v2\/product_tag?post=661"}],"curies":[{"name":"wp","href":"https:\/\/api.w.org\/{rel}","templated":true}]}}