{"id":679,"date":"2019-10-18T06:25:35","date_gmt":"2019-10-18T06:25:35","guid":{"rendered":"https:\/\/queenchingglass.com\/?post_type=product&#038;p=679"},"modified":"2025-07-10T03:15:10","modified_gmt":"2025-07-10T03:15:10","slug":"bouteille-en-verre-de-50-ml-de-qualite-superieure","status":"publish","type":"product","link":"https:\/\/glassbottlewholesale.com\/fr\/bouteille-en-verre-de-50-ml-de-qualite-superieure\/","title":{"rendered":"Bouteilles en verre carr\u00e9es de 50 ml de qualit\u00e9 sup\u00e9rieure en gros"},"content":{"rendered":"<div class=\"wpb-content-wrapper\"><div class=\"vc_row wpb_row vc_row-fluid\"><div class=\"wpb_column vc_column_container vc_col-sm-12\"><div class=\"vc_column-inner\"><div class=\"wpb_wrapper\">\n\t<div class=\"wpb_text_column wpb_content_element\" >\n\t\t<div class=\"wpb_wrapper\">\n\t\t\t<p>Le <strong>Bouteilles en verre de 50 ml de qualit\u00e9 sup\u00e9rieure en gros <\/strong>est fabriqu\u00e9 \u00e0 Shandong Yuncheng Ruisheng Glass Co., Ltd. Notre soci\u00e9t\u00e9 est l&#039;un des plus grands super silex<a href=\"https:\/\/ruishengglassco.com\/glass-liquor-spirit-bottles\"> fabrication de bouteilles en verre d&#039;alcool<\/a> en Chine. Notre entreprise compte plus de 500 employ\u00e9s et un groupe d&#039;ing\u00e9nieurs qualifi\u00e9s. Avec une riche exp\u00e9rience, nous avons une bonne r\u00e9putation partout dans le monde.<\/p>\n<p>En tant que fabricant de bouteilles de spiritueux en gros de premier plan avec bouchons en li\u00e8ge, Ruisheng se concentre sur la fabrication de bouteilles en verre de premi\u00e8re qualit\u00e9 telles que des bouteilles de vodka, des bouteilles de brandy, des bouteilles de whisky, des bouteilles d&#039;alcool, des bouteilles de confiture, etc. Nous pouvons \u00e9galement proposer en gros des bouteilles de spiritueux de diff\u00e9rentes couleurs, telles que des bouteilles en verre ambr\u00e9, des bouteilles vertes, des bouteilles en verre blanc, des bouteilles en verre transparent, etc. Notre march\u00e9 principal au Royaume-Uni, aux \u00c9tats-Unis, en Australie, au Canada et dans de nombreux autres pays. Et tous les produits jouissent d\u2019une grande r\u00e9putation en mati\u00e8re d\u2019innovation et de fonctionnalit\u00e9.<\/p>\n<p>Nous sommes engag\u00e9s dans des activit\u00e9s d&#039;exportation depuis de nombreuses ann\u00e9es, nous avons strictement un contr\u00f4le de qualit\u00e9 et des d\u00e9lais de livraison, nous sommes un d\u00e9partement commercial international sp\u00e9cialis\u00e9, nous pouvons fournir le meilleur service avant et apr\u00e8s-vente et vous r\u00e9pondrons \u00e0 temps une fois que vous avez des doutes. Et nous fabriquons des bouteilles depuis des ann\u00e9es, le prix de la bouteille est standard. Nous pensons que notre prix est raisonnable en fonction de la qualit\u00e9 de nos bouteilles.<\/p>\n<p>La bouteille en verre de 50 ml de qualit\u00e9 sup\u00e9rieure avec bouchons est fabriqu\u00e9e en verre \u00e0 haute teneur en silex, ce qui rend la bouteille en verre plus claire, plus durable et plus lisse. Ce qui convient au paquet d&#039;alcool, de vodka, de brandy, de whisky, de confiture, etc.<\/p>\n<h4>D\u00e9tails sur la vente en gros de bouteilles en verre de 50 ml de qualit\u00e9 sup\u00e9rieure<\/h4>\n<ul>\n<li>Mat\u00e9riau principal: verre silex \u00e9lev\u00e9<\/li>\n<li>Bouchon : li\u00e8ge<\/li>\n<li>R\u00e9f\u00e9rence : R-0704<\/li>\n<li>Quantit\u00e9 minimale de commande\u00a0:\u00a010\u00a0000\u00a0pi\u00e8ces<\/li>\n<li>Capacit\u00e9 : 50 ml<\/li>\n<li>Pi\u00e8ces\/carton\u00a0: 24 pi\u00e8ces<\/li>\n<li>Origine du lieu : Shandong, Chine<\/li>\n<li>Caract\u00e9ristique\u00a0:\u00a0\u00e9cologique<\/li>\n<\/ul>\n<p>Et comment choisir des bouteilles en verre pour e-liquide ? Choisissez les bonnes bouteilles d&#039;alcool miniatures en vrac, le premier est la qualit\u00e9 des bouteilles de liquide, <a href=\"https:\/\/ruishengglassco.com\/glass-liquor-spirit-bottles\">bouteille en verre de haute qualit\u00e9<\/a> est en mesure d\u2019assurer la qualit\u00e9 des boissons alcoolis\u00e9es et d\u2019en am\u00e9liorer la valeur. En outre, les clients doivent \u00e9galement pr\u00eater attention \u00e0 la qualit\u00e9 des produits alcoolis\u00e9s, \u00e0 la saveur de l&#039;alcool et \u00e0 la propagande culturelle pour s\u00e9lectionner une bouteille en verre pour e-liquide. De plus, choisir et acheter des produits de bouteilles d&#039;alcool doit choisir un fabricant de bouteilles d&#039;alcool r\u00e9gulier, pour garantir la qualit\u00e9 et le prix des bouteilles d&#039;alcool.<\/p>\n<p>Si vous \u00eates int\u00e9ress\u00e9 par notre vente en gros de bouteilles en verre de 50 ml de qualit\u00e9 sup\u00e9rieure, veuillez nous contacter. Nous vous r\u00e9pondrons dans les 24 heures.<\/p>\n\n\t\t<\/div>\n\t<\/div>\n<\/div><\/div><\/div><\/div>\n<\/div>","protected":false},"excerpt":{"rendered":"<p>La bouteille en verre de 50 ml de qualit\u00e9 sup\u00e9rieure avec bouchons est fabriqu\u00e9e en verre \u00e0 haute teneur en silex, ce qui rend la bouteille en verre plus claire, plus durable et plus lisse. Ce qui convient au paquet d&#039;alcool, de vodka, de brandy, de whisky, de confiture, etc.<\/p>","protected":false},"featured_media":2717,"comment_status":"open","ping_status":"closed","template":"","meta":[],"product_brand":[],"product_cat":[58,63],"product_tag":[],"class_list":{"0":"post-679","1":"product","2":"type-product","3":"status-publish","4":"has-post-thumbnail","6":"product_cat-50ml-glass-bottle","7":"product_cat-liquor-bottle","8":"entry","9":"has-media","11":"first","12":"instock","13":"shipping-taxable","14":"product-type-simple"},"yoast_head":"<!-- This site is optimized with the Yoast SEO plugin v27.3 - https:\/\/yoast.com\/product\/yoast-seo-wordpress\/ -->\n<title>Top Grade 50ml Glass Bottles Wholesale | Miniature Liquor Bottles Bulk<\/title>\n<meta name=\"description\" content=\"Buy Top Grade 50ml Glass Bottles Wholesale From China Liquor Bottle Factory. Outlet Cheap Price&amp;Free Sample. Get Miniature Liquor Bottles Bulk Price Now.\" \/>\n<meta name=\"robots\" content=\"index, follow, max-snippet:-1, max-image-preview:large, max-video-preview:-1\" \/>\n<link rel=\"canonical\" href=\"https:\/\/ruishengglassco.com\/product\/top-grade-50ml-square-glass-bottles-wholesale\" \/>\n<meta property=\"og:locale\" content=\"fr_FR\" \/>\n<meta property=\"og:type\" content=\"article\" \/>\n<meta property=\"og:title\" content=\"Top Grade 50ml Glass Bottles Wholesale | Miniature Liquor Bottles Bulk\" \/>\n<meta property=\"og:description\" content=\"Buy Top Grade 50ml Glass Bottles Wholesale From China Liquor Bottle Factory. Outlet Cheap Price&amp;Free Sample. Get Miniature Liquor Bottles Bulk Price Now.\" \/>\n<meta property=\"og:url\" content=\"https:\/\/ruishengglassco.com\/product\/top-grade-50ml-square-glass-bottles-wholesale\" \/>\n<meta property=\"og:site_name\" content=\"Glass Bottle Wholesale\" \/>\n<meta property=\"article:modified_time\" content=\"2025-07-10T03:15:10+00:00\" \/>\n<meta property=\"og:image\" content=\"https:\/\/glassbottlewholesale.com\/wp-content\/uploads\/2019\/10\/R27-glassbottle.jpg\" \/>\n\t<meta property=\"og:image:width\" content=\"800\" \/>\n\t<meta property=\"og:image:height\" content=\"800\" \/>\n\t<meta property=\"og:image:type\" content=\"image\/jpeg\" \/>\n<meta name=\"twitter:card\" content=\"summary_large_image\" \/>\n<meta name=\"twitter:label1\" content=\"Dur\u00e9e de lecture estim\u00e9e\" \/>\n\t<meta name=\"twitter:data1\" content=\"2 minutes\" \/>\n<script type=\"application\/ld+json\" class=\"yoast-schema-graph\">{\"@context\":\"https:\\\/\\\/schema.org\",\"@graph\":[{\"@type\":\"WebPage\",\"@id\":\"https:\\\/\\\/glassbottlewholesale.com\\\/top-grade-50ml-glass-bottle\\\/\",\"url\":\"https:\\\/\\\/ruishengglassco.com\\\/product\\\/top-grade-50ml-square-glass-bottles-wholesale\",\"name\":\"Top Grade 50ml Glass Bottles Wholesale | Miniature Liquor Bottles Bulk\",\"isPartOf\":{\"@id\":\"https:\\\/\\\/glassbottlewholesale.com\\\/#website\"},\"primaryImageOfPage\":{\"@id\":\"https:\\\/\\\/ruishengglassco.com\\\/product\\\/top-grade-50ml-square-glass-bottles-wholesale#primaryimage\"},\"image\":{\"@id\":\"https:\\\/\\\/ruishengglassco.com\\\/product\\\/top-grade-50ml-square-glass-bottles-wholesale#primaryimage\"},\"thumbnailUrl\":\"https:\\\/\\\/glassbottlewholesale.com\\\/wp-content\\\/uploads\\\/2019\\\/10\\\/R27-glassbottle.jpg\",\"datePublished\":\"2019-10-18T06:25:35+00:00\",\"dateModified\":\"2025-07-10T03:15:10+00:00\",\"description\":\"Buy Top Grade 50ml Glass Bottles Wholesale From China Liquor Bottle Factory. Outlet Cheap Price&Free Sample. Get Miniature Liquor Bottles Bulk Price Now.\",\"breadcrumb\":{\"@id\":\"https:\\\/\\\/ruishengglassco.com\\\/product\\\/top-grade-50ml-square-glass-bottles-wholesale#breadcrumb\"},\"inLanguage\":\"fr-FR\",\"potentialAction\":[{\"@type\":\"ReadAction\",\"target\":[\"https:\\\/\\\/ruishengglassco.com\\\/product\\\/top-grade-50ml-square-glass-bottles-wholesale\"]}]},{\"@type\":\"ImageObject\",\"inLanguage\":\"fr-FR\",\"@id\":\"https:\\\/\\\/ruishengglassco.com\\\/product\\\/top-grade-50ml-square-glass-bottles-wholesale#primaryimage\",\"url\":\"https:\\\/\\\/glassbottlewholesale.com\\\/wp-content\\\/uploads\\\/2019\\\/10\\\/R27-glassbottle.jpg\",\"contentUrl\":\"https:\\\/\\\/glassbottlewholesale.com\\\/wp-content\\\/uploads\\\/2019\\\/10\\\/R27-glassbottle.jpg\",\"width\":800,\"height\":800,\"caption\":\"Top Grade 50ml Glass Bottles Wholesale\"},{\"@type\":\"BreadcrumbList\",\"@id\":\"https:\\\/\\\/ruishengglassco.com\\\/product\\\/top-grade-50ml-square-glass-bottles-wholesale#breadcrumb\",\"itemListElement\":[{\"@type\":\"ListItem\",\"position\":1,\"name\":\"Home\",\"item\":\"https:\\\/\\\/glassbottlewholesale.com\\\/\"},{\"@type\":\"ListItem\",\"position\":2,\"name\":\"Products\",\"item\":\"https:\\\/\\\/glassbottlewholesale.com\\\/shop\\\/\"},{\"@type\":\"ListItem\",\"position\":3,\"name\":\"Top Grade 50ml Square Glass Bottles Wholesale\"}]},{\"@type\":\"WebSite\",\"@id\":\"https:\\\/\\\/glassbottlewholesale.com\\\/#website\",\"url\":\"https:\\\/\\\/glassbottlewholesale.com\\\/\",\"name\":\"Glass Bottle Wholesale\",\"description\":\"\",\"publisher\":{\"@id\":\"https:\\\/\\\/glassbottlewholesale.com\\\/#organization\"},\"potentialAction\":[{\"@type\":\"SearchAction\",\"target\":{\"@type\":\"EntryPoint\",\"urlTemplate\":\"https:\\\/\\\/glassbottlewholesale.com\\\/?s={search_term_string}\"},\"query-input\":{\"@type\":\"PropertyValueSpecification\",\"valueRequired\":true,\"valueName\":\"search_term_string\"}}],\"inLanguage\":\"fr-FR\"},{\"@type\":\"Organization\",\"@id\":\"https:\\\/\\\/glassbottlewholesale.com\\\/#organization\",\"name\":\"Glass Bottle Wholesale\",\"url\":\"https:\\\/\\\/glassbottlewholesale.com\\\/\",\"logo\":{\"@type\":\"ImageObject\",\"inLanguage\":\"fr-FR\",\"@id\":\"https:\\\/\\\/glassbottlewholesale.com\\\/#\\\/schema\\\/logo\\\/image\\\/\",\"url\":\"https:\\\/\\\/glassbottlewholesale.com\\\/wp-content\\\/uploads\\\/2023\\\/12\\\/ruisheng-logo.webp\",\"contentUrl\":\"https:\\\/\\\/glassbottlewholesale.com\\\/wp-content\\\/uploads\\\/2023\\\/12\\\/ruisheng-logo.webp\",\"width\":400,\"height\":233,\"caption\":\"Glass Bottle Wholesale\"},\"image\":{\"@id\":\"https:\\\/\\\/glassbottlewholesale.com\\\/#\\\/schema\\\/logo\\\/image\\\/\"}}]}<\/script>\n<!-- \/ Yoast SEO plugin. -->","yoast_head_json":{"title":"Bouteilles en verre de 50 ml de qualit\u00e9 sup\u00e9rieure en gros | Bouteilles d&#039;alcool miniatures en vrac","description":"Achetez en gros des bouteilles en verre de 50 ml de qualit\u00e9 sup\u00e9rieure aupr\u00e8s de l&#039;usine de bouteilles d&#039;alcool de Chine. Prix bon march\u00e9 et \u00e9chantillon gratuit. Obtenez le prix en gros des bouteilles d&#039;alcool miniatures maintenant.","robots":{"index":"index","follow":"follow","max-snippet":"max-snippet:-1","max-image-preview":"max-image-preview:large","max-video-preview":"max-video-preview:-1"},"canonical":"https:\/\/ruishengglassco.com\/product\/top-grade-50ml-square-glass-bottles-wholesale","og_locale":"fr_FR","og_type":"article","og_title":"Top Grade 50ml Glass Bottles Wholesale | Miniature Liquor Bottles Bulk","og_description":"Buy Top Grade 50ml Glass Bottles Wholesale From China Liquor Bottle Factory. Outlet Cheap Price&Free Sample. Get Miniature Liquor Bottles Bulk Price Now.","og_url":"https:\/\/ruishengglassco.com\/product\/top-grade-50ml-square-glass-bottles-wholesale","og_site_name":"Glass Bottle Wholesale","article_modified_time":"2025-07-10T03:15:10+00:00","og_image":[{"width":800,"height":800,"url":"https:\/\/glassbottlewholesale.com\/wp-content\/uploads\/2019\/10\/R27-glassbottle.jpg","type":"image\/jpeg"}],"twitter_card":"summary_large_image","twitter_misc":{"Dur\u00e9e de lecture estim\u00e9e":"2 minutes"},"schema":{"@context":"https:\/\/schema.org","@graph":[{"@type":"WebPage","@id":"https:\/\/glassbottlewholesale.com\/top-grade-50ml-glass-bottle\/","url":"https:\/\/ruishengglassco.com\/product\/top-grade-50ml-square-glass-bottles-wholesale","name":"Bouteilles en verre de 50 ml de qualit\u00e9 sup\u00e9rieure en gros | Bouteilles d&#039;alcool miniatures en vrac","isPartOf":{"@id":"https:\/\/glassbottlewholesale.com\/#website"},"primaryImageOfPage":{"@id":"https:\/\/ruishengglassco.com\/product\/top-grade-50ml-square-glass-bottles-wholesale#primaryimage"},"image":{"@id":"https:\/\/ruishengglassco.com\/product\/top-grade-50ml-square-glass-bottles-wholesale#primaryimage"},"thumbnailUrl":"https:\/\/glassbottlewholesale.com\/wp-content\/uploads\/2019\/10\/R27-glassbottle.jpg","datePublished":"2019-10-18T06:25:35+00:00","dateModified":"2025-07-10T03:15:10+00:00","description":"Achetez en gros des bouteilles en verre de 50 ml de qualit\u00e9 sup\u00e9rieure aupr\u00e8s de l&#039;usine de bouteilles d&#039;alcool de Chine. Prix bon march\u00e9 et \u00e9chantillon gratuit. Obtenez le prix en gros des bouteilles d&#039;alcool miniatures maintenant.","breadcrumb":{"@id":"https:\/\/ruishengglassco.com\/product\/top-grade-50ml-square-glass-bottles-wholesale#breadcrumb"},"inLanguage":"fr-FR","potentialAction":[{"@type":"ReadAction","target":["https:\/\/ruishengglassco.com\/product\/top-grade-50ml-square-glass-bottles-wholesale"]}]},{"@type":"ImageObject","inLanguage":"fr-FR","@id":"https:\/\/ruishengglassco.com\/product\/top-grade-50ml-square-glass-bottles-wholesale#primaryimage","url":"https:\/\/glassbottlewholesale.com\/wp-content\/uploads\/2019\/10\/R27-glassbottle.jpg","contentUrl":"https:\/\/glassbottlewholesale.com\/wp-content\/uploads\/2019\/10\/R27-glassbottle.jpg","width":800,"height":800,"caption":"Top Grade 50ml Glass Bottles Wholesale"},{"@type":"BreadcrumbList","@id":"https:\/\/ruishengglassco.com\/product\/top-grade-50ml-square-glass-bottles-wholesale#breadcrumb","itemListElement":[{"@type":"ListItem","position":1,"name":"Home","item":"https:\/\/glassbottlewholesale.com\/"},{"@type":"ListItem","position":2,"name":"Products","item":"https:\/\/glassbottlewholesale.com\/shop\/"},{"@type":"ListItem","position":3,"name":"Top Grade 50ml Square Glass Bottles Wholesale"}]},{"@type":"WebSite","@id":"https:\/\/glassbottlewholesale.com\/#website","url":"https:\/\/glassbottlewholesale.com\/","name":"Glass Bottle Wholesale","description":"","publisher":{"@id":"https:\/\/glassbottlewholesale.com\/#organization"},"potentialAction":[{"@type":"SearchAction","target":{"@type":"EntryPoint","urlTemplate":"https:\/\/glassbottlewholesale.com\/?s={search_term_string}"},"query-input":{"@type":"PropertyValueSpecification","valueRequired":true,"valueName":"search_term_string"}}],"inLanguage":"fr-FR"},{"@type":"Organization","@id":"https:\/\/glassbottlewholesale.com\/#organization","name":"Glass Bottle Wholesale","url":"https:\/\/glassbottlewholesale.com\/","logo":{"@type":"ImageObject","inLanguage":"fr-FR","@id":"https:\/\/glassbottlewholesale.com\/#\/schema\/logo\/image\/","url":"https:\/\/glassbottlewholesale.com\/wp-content\/uploads\/2023\/12\/ruisheng-logo.webp","contentUrl":"https:\/\/glassbottlewholesale.com\/wp-content\/uploads\/2023\/12\/ruisheng-logo.webp","width":400,"height":233,"caption":"Glass Bottle Wholesale"},"image":{"@id":"https:\/\/glassbottlewholesale.com\/#\/schema\/logo\/image\/"}}]}},"_links":{"self":[{"href":"https:\/\/glassbottlewholesale.com\/fr\/wp-json\/wp\/v2\/product\/679","targetHints":{"allow":["GET"]}}],"collection":[{"href":"https:\/\/glassbottlewholesale.com\/fr\/wp-json\/wp\/v2\/product"}],"about":[{"href":"https:\/\/glassbottlewholesale.com\/fr\/wp-json\/wp\/v2\/types\/product"}],"replies":[{"embeddable":true,"href":"https:\/\/glassbottlewholesale.com\/fr\/wp-json\/wp\/v2\/comments?post=679"}],"wp:featuredmedia":[{"embeddable":true,"href":"https:\/\/glassbottlewholesale.com\/fr\/wp-json\/wp\/v2\/media\/2717"}],"wp:attachment":[{"href":"https:\/\/glassbottlewholesale.com\/fr\/wp-json\/wp\/v2\/media?parent=679"}],"wp:term":[{"taxonomy":"product_brand","embeddable":true,"href":"https:\/\/glassbottlewholesale.com\/fr\/wp-json\/wp\/v2\/product_brand?post=679"},{"taxonomy":"product_cat","embeddable":true,"href":"https:\/\/glassbottlewholesale.com\/fr\/wp-json\/wp\/v2\/product_cat?post=679"},{"taxonomy":"product_tag","embeddable":true,"href":"https:\/\/glassbottlewholesale.com\/fr\/wp-json\/wp\/v2\/product_tag?post=679"}],"curies":[{"name":"wp","href":"https:\/\/api.w.org\/{rel}","templated":true}]}}