{"id":690,"date":"2019-10-18T06:47:30","date_gmt":"2019-10-18T06:47:30","guid":{"rendered":"https:\/\/queenchingglass.com\/?post_type=product&#038;p=690"},"modified":"2025-07-10T01:56:10","modified_gmt":"2025-07-10T01:56:10","slug":"500ml-glass-bottle-with-stopper-wholesale","status":"publish","type":"product","link":"https:\/\/glassbottlewholesale.com\/fr\/500ml-glass-bottle-with-stopper-wholesale\/","title":{"rendered":"RS079\u00a0: Bouteille en verre de 500 ml avec bouchon en gros"},"content":{"rendered":"<div class=\"wpb-content-wrapper\"><div class=\"vc_row wpb_row vc_row-fluid\"><div class=\"wpb_column vc_column_container vc_col-sm-12\"><div class=\"vc_column-inner\"><div class=\"wpb_wrapper\">\n\t<div class=\"wpb_text_column wpb_content_element\" >\n\t\t<div class=\"wpb_wrapper\">\n\t\t\t<p>The 500ml glass bottle with stopper wholesale is made in Shandong Yuncheng Ruisheng Glass Co., Ltd. It is one of our hot sale products. The material of this glass bottle is super flint material.<\/p>\n<p>Ruisheng glass bottle for sale is made by high flint glass material which makes the glass bottle more clear, more durable and more smooth. If you like the design of this bottle, but not satisfied with its capacity, we can change the capacity.<\/p>\n<p>Our main products are top grade glass bottles with stoppers such as vodka bottles, brandy bottles, whiskey bottles, liquor bottles, jam bottle and so on. We also can offer amber glass bottles, green bottles, and water bottles. OEM and ODM order is welcome, we are pleased to design or produce your own custom bottles, exactly the same as your idea and drawing. What we want to do is provide a one-stop service to every friend.<\/p>\n<p>The production of 500ml glass bottles wholesale has been strictly selected from materials, we bring in materials from the country of origin, besides, we use advanced machines to process and make glass bottles.<\/p>\n<h4>The information of the 500ml glass bottle with stopper wholesale:<\/h4>\n<ul>\n<li>Mat\u00e9riau principal: verre silex \u00e9lev\u00e9<\/li>\n<li>Bouchon : bouchon \u00e0 vis<\/li>\n<li>Reference: RS079<\/li>\n<li>Quantit\u00e9 minimale de commande\u00a0:\u00a010\u00a0000\u00a0pi\u00e8ces<\/li>\n<li>Capacit\u00e9 : 500ml<\/li>\n<li>Pi\u00e8ces\/carton\u00a0: 24 pi\u00e8ces<\/li>\n<li>Origine du lieu : Shandong, Chine<\/li>\n<li>Caract\u00e9ristique\u00a0:\u00a0\u00e9cologique<\/li>\n<\/ul>\n<p>If you are satisfied with this unique shape wine bottle, please contact me in time. If you don\u2019t like it, you can look at our other bottles. Or I\u2019ll give you the catalog, you can choose what you like. If you want to get the 500ml glass bottle with stopper wholesale price, please<a href=\"https:\/\/ruishengglassco.com\/contact\"> Contactez-nous<\/a>. Nous vous r\u00e9pondrons dans les 24 heures.<\/p>\n\n\t\t<\/div>\n\t<\/div>\n<\/div><\/div><\/div><\/div>\n<\/div>","protected":false},"excerpt":{"rendered":"<p>The clear glass wine bottles for sale is made by high flint glass material which make the glass bottle more clear, more durable and more smooth.<\/p>","protected":false},"featured_media":4381,"comment_status":"open","ping_status":"closed","template":"","meta":[],"product_brand":[],"product_cat":[50,51],"product_tag":[],"class_list":{"0":"post-690","1":"product","2":"type-product","3":"status-publish","4":"has-post-thumbnail","6":"product_cat-500ml-glass-bottle","7":"product_cat-700ml-glass-bottle","8":"entry","9":"has-media","11":"first","12":"instock","13":"shipping-taxable","14":"product-type-simple"},"yoast_head":"<!-- This site is optimized with the Yoast SEO plugin v27.3 - https:\/\/yoast.com\/product\/yoast-seo-wordpress\/ -->\n<title>500ml Glass Bottle With Stopper Wholesale | Unique Shape Wine Bottle<\/title>\n<meta name=\"description\" content=\"The 500ml glass bottle with stopper wholesale is made in Shandong Yuncheng Ruisheng Glass Co., Ltd. Factory Outlet&amp;Global Shipping Service.\" \/>\n<meta name=\"robots\" content=\"index, follow, max-snippet:-1, max-image-preview:large, max-video-preview:-1\" \/>\n<link rel=\"canonical\" href=\"https:\/\/ruishengglassco.com\/product\/rs079-500ml-glass-bottle-with-stopper-wholesale\" \/>\n<meta property=\"og:locale\" content=\"fr_FR\" \/>\n<meta property=\"og:type\" content=\"article\" \/>\n<meta property=\"og:title\" content=\"500ml Glass Bottle With Stopper Wholesale | Unique Shape Wine Bottle\" \/>\n<meta property=\"og:description\" content=\"The 500ml glass bottle with stopper wholesale is made in Shandong Yuncheng Ruisheng Glass Co., Ltd. Factory Outlet&amp;Global Shipping Service.\" \/>\n<meta property=\"og:url\" content=\"https:\/\/ruishengglassco.com\/product\/rs079-500ml-glass-bottle-with-stopper-wholesale\" \/>\n<meta property=\"og:site_name\" content=\"Glass Bottle Wholesale\" \/>\n<meta property=\"article:modified_time\" content=\"2025-07-10T01:56:10+00:00\" \/>\n<meta property=\"og:image\" content=\"https:\/\/glassbottlewholesale.com\/wp-content\/uploads\/2023\/12\/500ml-glass-bottle-wholesale-1.jpg\" \/>\n\t<meta property=\"og:image:width\" content=\"800\" \/>\n\t<meta property=\"og:image:height\" content=\"800\" \/>\n\t<meta property=\"og:image:type\" content=\"image\/jpeg\" \/>\n<meta name=\"twitter:card\" content=\"summary_large_image\" \/>\n<meta name=\"twitter:label1\" content=\"Dur\u00e9e de lecture estim\u00e9e\" \/>\n\t<meta name=\"twitter:data1\" content=\"2 minutes\" \/>\n<script type=\"application\/ld+json\" class=\"yoast-schema-graph\">{\"@context\":\"https:\\\/\\\/schema.org\",\"@graph\":[{\"@type\":\"WebPage\",\"@id\":\"https:\\\/\\\/glassbottlewholesale.com\\\/500ml-glass-bottle-with-stopper-wholesale\\\/\",\"url\":\"https:\\\/\\\/ruishengglassco.com\\\/product\\\/rs079-500ml-glass-bottle-with-stopper-wholesale\",\"name\":\"500ml Glass Bottle With Stopper Wholesale | Unique Shape Wine Bottle\",\"isPartOf\":{\"@id\":\"https:\\\/\\\/glassbottlewholesale.com\\\/#website\"},\"primaryImageOfPage\":{\"@id\":\"https:\\\/\\\/ruishengglassco.com\\\/product\\\/rs079-500ml-glass-bottle-with-stopper-wholesale#primaryimage\"},\"image\":{\"@id\":\"https:\\\/\\\/ruishengglassco.com\\\/product\\\/rs079-500ml-glass-bottle-with-stopper-wholesale#primaryimage\"},\"thumbnailUrl\":\"https:\\\/\\\/glassbottlewholesale.com\\\/wp-content\\\/uploads\\\/2023\\\/12\\\/500ml-glass-bottle-wholesale-1.jpg\",\"datePublished\":\"2019-10-18T06:47:30+00:00\",\"dateModified\":\"2025-07-10T01:56:10+00:00\",\"description\":\"The 500ml glass bottle with stopper wholesale is made in Shandong Yuncheng Ruisheng Glass Co., Ltd. Factory Outlet&Global Shipping Service.\",\"breadcrumb\":{\"@id\":\"https:\\\/\\\/ruishengglassco.com\\\/product\\\/rs079-500ml-glass-bottle-with-stopper-wholesale#breadcrumb\"},\"inLanguage\":\"fr-FR\",\"potentialAction\":[{\"@type\":\"ReadAction\",\"target\":[\"https:\\\/\\\/ruishengglassco.com\\\/product\\\/rs079-500ml-glass-bottle-with-stopper-wholesale\"]}]},{\"@type\":\"ImageObject\",\"inLanguage\":\"fr-FR\",\"@id\":\"https:\\\/\\\/ruishengglassco.com\\\/product\\\/rs079-500ml-glass-bottle-with-stopper-wholesale#primaryimage\",\"url\":\"https:\\\/\\\/glassbottlewholesale.com\\\/wp-content\\\/uploads\\\/2023\\\/12\\\/500ml-glass-bottle-wholesale-1.jpg\",\"contentUrl\":\"https:\\\/\\\/glassbottlewholesale.com\\\/wp-content\\\/uploads\\\/2023\\\/12\\\/500ml-glass-bottle-wholesale-1.jpg\",\"width\":800,\"height\":800,\"caption\":\"500ml glass bottle wholesale\"},{\"@type\":\"BreadcrumbList\",\"@id\":\"https:\\\/\\\/ruishengglassco.com\\\/product\\\/rs079-500ml-glass-bottle-with-stopper-wholesale#breadcrumb\",\"itemListElement\":[{\"@type\":\"ListItem\",\"position\":1,\"name\":\"Home\",\"item\":\"https:\\\/\\\/glassbottlewholesale.com\\\/\"},{\"@type\":\"ListItem\",\"position\":2,\"name\":\"Products\",\"item\":\"https:\\\/\\\/glassbottlewholesale.com\\\/shop\\\/\"},{\"@type\":\"ListItem\",\"position\":3,\"name\":\"RS079: 500ml Glass Bottle With Stopper Wholesale\"}]},{\"@type\":\"WebSite\",\"@id\":\"https:\\\/\\\/glassbottlewholesale.com\\\/#website\",\"url\":\"https:\\\/\\\/glassbottlewholesale.com\\\/\",\"name\":\"Glass Bottle Wholesale\",\"description\":\"\",\"publisher\":{\"@id\":\"https:\\\/\\\/glassbottlewholesale.com\\\/#organization\"},\"potentialAction\":[{\"@type\":\"SearchAction\",\"target\":{\"@type\":\"EntryPoint\",\"urlTemplate\":\"https:\\\/\\\/glassbottlewholesale.com\\\/?s={search_term_string}\"},\"query-input\":{\"@type\":\"PropertyValueSpecification\",\"valueRequired\":true,\"valueName\":\"search_term_string\"}}],\"inLanguage\":\"fr-FR\"},{\"@type\":\"Organization\",\"@id\":\"https:\\\/\\\/glassbottlewholesale.com\\\/#organization\",\"name\":\"Glass Bottle Wholesale\",\"url\":\"https:\\\/\\\/glassbottlewholesale.com\\\/\",\"logo\":{\"@type\":\"ImageObject\",\"inLanguage\":\"fr-FR\",\"@id\":\"https:\\\/\\\/glassbottlewholesale.com\\\/#\\\/schema\\\/logo\\\/image\\\/\",\"url\":\"https:\\\/\\\/glassbottlewholesale.com\\\/wp-content\\\/uploads\\\/2023\\\/12\\\/ruisheng-logo.webp\",\"contentUrl\":\"https:\\\/\\\/glassbottlewholesale.com\\\/wp-content\\\/uploads\\\/2023\\\/12\\\/ruisheng-logo.webp\",\"width\":400,\"height\":233,\"caption\":\"Glass Bottle Wholesale\"},\"image\":{\"@id\":\"https:\\\/\\\/glassbottlewholesale.com\\\/#\\\/schema\\\/logo\\\/image\\\/\"}}]}<\/script>\n<!-- \/ Yoast SEO plugin. -->","yoast_head_json":{"title":"500ml Glass Bottle With Stopper Wholesale | Unique Shape Wine Bottle","description":"The 500ml glass bottle with stopper wholesale is made in Shandong Yuncheng Ruisheng Glass Co., Ltd. Factory Outlet&Global Shipping Service.","robots":{"index":"index","follow":"follow","max-snippet":"max-snippet:-1","max-image-preview":"max-image-preview:large","max-video-preview":"max-video-preview:-1"},"canonical":"https:\/\/ruishengglassco.com\/product\/rs079-500ml-glass-bottle-with-stopper-wholesale","og_locale":"fr_FR","og_type":"article","og_title":"500ml Glass Bottle With Stopper Wholesale | Unique Shape Wine Bottle","og_description":"The 500ml glass bottle with stopper wholesale is made in Shandong Yuncheng Ruisheng Glass Co., Ltd. Factory Outlet&Global Shipping Service.","og_url":"https:\/\/ruishengglassco.com\/product\/rs079-500ml-glass-bottle-with-stopper-wholesale","og_site_name":"Glass Bottle Wholesale","article_modified_time":"2025-07-10T01:56:10+00:00","og_image":[{"width":800,"height":800,"url":"https:\/\/glassbottlewholesale.com\/wp-content\/uploads\/2023\/12\/500ml-glass-bottle-wholesale-1.jpg","type":"image\/jpeg"}],"twitter_card":"summary_large_image","twitter_misc":{"Dur\u00e9e de lecture estim\u00e9e":"2 minutes"},"schema":{"@context":"https:\/\/schema.org","@graph":[{"@type":"WebPage","@id":"https:\/\/glassbottlewholesale.com\/500ml-glass-bottle-with-stopper-wholesale\/","url":"https:\/\/ruishengglassco.com\/product\/rs079-500ml-glass-bottle-with-stopper-wholesale","name":"500ml Glass Bottle With Stopper Wholesale | Unique Shape Wine Bottle","isPartOf":{"@id":"https:\/\/glassbottlewholesale.com\/#website"},"primaryImageOfPage":{"@id":"https:\/\/ruishengglassco.com\/product\/rs079-500ml-glass-bottle-with-stopper-wholesale#primaryimage"},"image":{"@id":"https:\/\/ruishengglassco.com\/product\/rs079-500ml-glass-bottle-with-stopper-wholesale#primaryimage"},"thumbnailUrl":"https:\/\/glassbottlewholesale.com\/wp-content\/uploads\/2023\/12\/500ml-glass-bottle-wholesale-1.jpg","datePublished":"2019-10-18T06:47:30+00:00","dateModified":"2025-07-10T01:56:10+00:00","description":"The 500ml glass bottle with stopper wholesale is made in Shandong Yuncheng Ruisheng Glass Co., Ltd. Factory Outlet&Global Shipping Service.","breadcrumb":{"@id":"https:\/\/ruishengglassco.com\/product\/rs079-500ml-glass-bottle-with-stopper-wholesale#breadcrumb"},"inLanguage":"fr-FR","potentialAction":[{"@type":"ReadAction","target":["https:\/\/ruishengglassco.com\/product\/rs079-500ml-glass-bottle-with-stopper-wholesale"]}]},{"@type":"ImageObject","inLanguage":"fr-FR","@id":"https:\/\/ruishengglassco.com\/product\/rs079-500ml-glass-bottle-with-stopper-wholesale#primaryimage","url":"https:\/\/glassbottlewholesale.com\/wp-content\/uploads\/2023\/12\/500ml-glass-bottle-wholesale-1.jpg","contentUrl":"https:\/\/glassbottlewholesale.com\/wp-content\/uploads\/2023\/12\/500ml-glass-bottle-wholesale-1.jpg","width":800,"height":800,"caption":"500ml glass bottle wholesale"},{"@type":"BreadcrumbList","@id":"https:\/\/ruishengglassco.com\/product\/rs079-500ml-glass-bottle-with-stopper-wholesale#breadcrumb","itemListElement":[{"@type":"ListItem","position":1,"name":"Home","item":"https:\/\/glassbottlewholesale.com\/"},{"@type":"ListItem","position":2,"name":"Products","item":"https:\/\/glassbottlewholesale.com\/shop\/"},{"@type":"ListItem","position":3,"name":"RS079: 500ml Glass Bottle With Stopper Wholesale"}]},{"@type":"WebSite","@id":"https:\/\/glassbottlewholesale.com\/#website","url":"https:\/\/glassbottlewholesale.com\/","name":"Glass Bottle Wholesale","description":"","publisher":{"@id":"https:\/\/glassbottlewholesale.com\/#organization"},"potentialAction":[{"@type":"SearchAction","target":{"@type":"EntryPoint","urlTemplate":"https:\/\/glassbottlewholesale.com\/?s={search_term_string}"},"query-input":{"@type":"PropertyValueSpecification","valueRequired":true,"valueName":"search_term_string"}}],"inLanguage":"fr-FR"},{"@type":"Organization","@id":"https:\/\/glassbottlewholesale.com\/#organization","name":"Glass Bottle Wholesale","url":"https:\/\/glassbottlewholesale.com\/","logo":{"@type":"ImageObject","inLanguage":"fr-FR","@id":"https:\/\/glassbottlewholesale.com\/#\/schema\/logo\/image\/","url":"https:\/\/glassbottlewholesale.com\/wp-content\/uploads\/2023\/12\/ruisheng-logo.webp","contentUrl":"https:\/\/glassbottlewholesale.com\/wp-content\/uploads\/2023\/12\/ruisheng-logo.webp","width":400,"height":233,"caption":"Glass Bottle Wholesale"},"image":{"@id":"https:\/\/glassbottlewholesale.com\/#\/schema\/logo\/image\/"}}]}},"_links":{"self":[{"href":"https:\/\/glassbottlewholesale.com\/fr\/wp-json\/wp\/v2\/product\/690","targetHints":{"allow":["GET"]}}],"collection":[{"href":"https:\/\/glassbottlewholesale.com\/fr\/wp-json\/wp\/v2\/product"}],"about":[{"href":"https:\/\/glassbottlewholesale.com\/fr\/wp-json\/wp\/v2\/types\/product"}],"replies":[{"embeddable":true,"href":"https:\/\/glassbottlewholesale.com\/fr\/wp-json\/wp\/v2\/comments?post=690"}],"wp:featuredmedia":[{"embeddable":true,"href":"https:\/\/glassbottlewholesale.com\/fr\/wp-json\/wp\/v2\/media\/4381"}],"wp:attachment":[{"href":"https:\/\/glassbottlewholesale.com\/fr\/wp-json\/wp\/v2\/media?parent=690"}],"wp:term":[{"taxonomy":"product_brand","embeddable":true,"href":"https:\/\/glassbottlewholesale.com\/fr\/wp-json\/wp\/v2\/product_brand?post=690"},{"taxonomy":"product_cat","embeddable":true,"href":"https:\/\/glassbottlewholesale.com\/fr\/wp-json\/wp\/v2\/product_cat?post=690"},{"taxonomy":"product_tag","embeddable":true,"href":"https:\/\/glassbottlewholesale.com\/fr\/wp-json\/wp\/v2\/product_tag?post=690"}],"curies":[{"name":"wp","href":"https:\/\/api.w.org\/{rel}","templated":true}]}}