{"id":693,"date":"2019-10-18T06:51:55","date_gmt":"2019-10-18T06:51:55","guid":{"rendered":"https:\/\/queenchingglass.com\/?post_type=product&#038;p=693"},"modified":"2025-07-10T03:33:10","modified_gmt":"2025-07-10T03:33:10","slug":"wholesale-500ml-clear-glass-wine-bottles","status":"publish","type":"product","link":"https:\/\/glassbottlewholesale.com\/fr\/wholesale-500ml-clear-glass-wine-bottles\/","title":{"rendered":"RS078\u00a0: bouteilles de vin en verre transparent de 500\u00a0ml en gros"},"content":{"rendered":"<div class=\"wpb-content-wrapper\"><div class=\"vc_row wpb_row vc_row-fluid\"><div class=\"wpb_column vc_column_container vc_col-sm-12\"><div class=\"vc_column-inner\"><div class=\"wpb_wrapper\">\n\t<div class=\"wpb_text_column wpb_content_element\" >\n\t\t<div class=\"wpb_wrapper\">\n\t\t\t<h4>Wholesale 500ml Clear Glass Wine Bottles<\/h4>\n<p>Le <em><strong>500ml clear glass wine bottles<\/strong><\/em> are made in Shandong Yuncheng Ruisheng Glass Co., Ltd. Our company is one of the biggest super flint glass bottle manufacturer in China.<\/p>\n<p>The 500ml clear glass spirit bottles are made by high flint glass material which makes the glass bottle more clear, more durable and more smooth.<\/p>\n<p>Notre entreprise compte plus de 500 employ\u00e9s et un groupe d&#039;ing\u00e9nieurs qualifi\u00e9s. Avec une riche exp\u00e9rience, nous avons une bonne r\u00e9putation partout dans le monde.<\/p>\n<p>Our main products are top grade 500ml glass wine bottles such as vodka bottle, brandy bottle, whiskey bottle, liquor bottle, jam bottle and so on. We also can offer amber glass bottles, <a href=\"https:\/\/ruishengglassco.com\/500ml-liquor-glass-bottle-manufacturer\">500 ml green bottles <\/a>and water bottles. Our main market is Europe, the USA, Australia, America, etc. And all products enjoy a high reputation for innovation and functionality.<\/p>\n<h4>The information of the 500ml glass wine bottle wholesale as below:<\/h4>\n<ul>\n<li>Mat\u00e9riau principal: verre silex \u00e9lev\u00e9<\/li>\n<li>Bouchon : bouchon \u00e0 vis<\/li>\n<li>Reference: RS078<\/li>\n<li>Quantit\u00e9 minimale de commande\u00a0:\u00a010\u00a0000\u00a0pi\u00e8ces<\/li>\n<li>Capacit\u00e9 : 500ml<\/li>\n<li>Pi\u00e8ces\/carton\u00a0: 24 pi\u00e8ces<\/li>\n<li>Origine du lieu : Shandong, Chine<\/li>\n<li>Caract\u00e9ristique\u00a0:\u00a0\u00e9cologique<\/li>\n<\/ul>\n<p>As a professional glass spirit bottle supplier, Ruisheng has invested 2<a href=\"https:\/\/ruishengglassco.com\/glass-liquor-spirit-bottles\"> bouteilles de liqueur en verre<\/a> production lines of the most advanced 8S fully automatic machine, 3 production lines of CNC manual machines, 4 production lines of CNC Semi-automatic machines.<\/p>\n<p>If you are interested in our 500ml clear glass wine bottles wholesale, please contact us. We will reply to you within 24hours.<\/p>\n\n\t\t<\/div>\n\t<\/div>\n<\/div><\/div><\/div><\/div>\n<\/div>","protected":false},"excerpt":{"rendered":"<p>The 500ml clear glass wine bottles is made in Shandong Yuncheng Ruisheng Glass Co., Ltd. Our company is one of the biggest super flint glass bottle manufacturer in China.<\/p>\n<p>The 500ml clear glass spirit bottles is made by high flint glass material which make the glass bottle more clear, more durable and more smooth.<\/p>","protected":false},"featured_media":694,"comment_status":"open","ping_status":"closed","template":"","meta":[],"product_brand":[],"product_cat":[50],"product_tag":[],"class_list":{"0":"post-693","1":"product","2":"type-product","3":"status-publish","4":"has-post-thumbnail","6":"product_cat-500ml-glass-bottle","7":"entry","8":"has-media","10":"first","11":"instock","12":"shipping-taxable","13":"product-type-simple"},"yoast_head":"<!-- This site is optimized with the Yoast SEO plugin v27.3 - https:\/\/yoast.com\/product\/yoast-seo-wordpress\/ -->\n<title>Wholesale 500ml Clear Glass Wine Bottles | Glass Spirit Bottle Supplier<\/title>\n<meta name=\"description\" content=\"The 500ml clear glass wine bottles are made in Shandong Yuncheng Ruisheng Glass Co., Ltd. Factory Outlet&amp;Free Sample. Get Price Here.\" \/>\n<meta name=\"robots\" content=\"index, follow, max-snippet:-1, max-image-preview:large, max-video-preview:-1\" \/>\n<link rel=\"canonical\" href=\"https:\/\/ruishengglassco.com\/product\/rs078-wholesale-500ml-clear-glass-wine-bottles\" \/>\n<meta property=\"og:locale\" content=\"fr_FR\" \/>\n<meta property=\"og:type\" content=\"article\" \/>\n<meta property=\"og:title\" content=\"Wholesale 500ml Clear Glass Wine Bottles | Glass Spirit Bottle Supplier\" \/>\n<meta property=\"og:description\" content=\"The 500ml clear glass wine bottles are made in Shandong Yuncheng Ruisheng Glass Co., Ltd. Factory Outlet&amp;Free Sample. Get Price Here.\" \/>\n<meta property=\"og:url\" content=\"https:\/\/ruishengglassco.com\/product\/rs078-wholesale-500ml-clear-glass-wine-bottles\" \/>\n<meta property=\"og:site_name\" content=\"Glass Bottle Wholesale\" \/>\n<meta property=\"article:modified_time\" content=\"2025-07-10T03:33:10+00:00\" \/>\n<meta property=\"og:image\" content=\"https:\/\/glassbottlewholesale.com\/wp-content\/uploads\/2019\/10\/500ml-620g-640x640\u5982\u679c\u4eba\u591a.jpg\" \/>\n\t<meta property=\"og:image:width\" content=\"460\" \/>\n\t<meta property=\"og:image:height\" content=\"460\" \/>\n\t<meta property=\"og:image:type\" content=\"image\/jpeg\" \/>\n<meta name=\"twitter:card\" content=\"summary_large_image\" \/>\n<meta name=\"twitter:label1\" content=\"Dur\u00e9e de lecture estim\u00e9e\" \/>\n\t<meta name=\"twitter:data1\" content=\"2 minutes\" \/>\n<script type=\"application\/ld+json\" class=\"yoast-schema-graph\">{\"@context\":\"https:\\\/\\\/schema.org\",\"@graph\":[{\"@type\":\"WebPage\",\"@id\":\"https:\\\/\\\/glassbottlewholesale.com\\\/wholesale-500ml-clear-glass-wine-bottles\\\/\",\"url\":\"https:\\\/\\\/ruishengglassco.com\\\/product\\\/rs078-wholesale-500ml-clear-glass-wine-bottles\",\"name\":\"Wholesale 500ml Clear Glass Wine Bottles | Glass Spirit Bottle Supplier\",\"isPartOf\":{\"@id\":\"https:\\\/\\\/glassbottlewholesale.com\\\/#website\"},\"primaryImageOfPage\":{\"@id\":\"https:\\\/\\\/ruishengglassco.com\\\/product\\\/rs078-wholesale-500ml-clear-glass-wine-bottles#primaryimage\"},\"image\":{\"@id\":\"https:\\\/\\\/ruishengglassco.com\\\/product\\\/rs078-wholesale-500ml-clear-glass-wine-bottles#primaryimage\"},\"thumbnailUrl\":\"https:\\\/\\\/glassbottlewholesale.com\\\/wp-content\\\/uploads\\\/2019\\\/10\\\/500ml-620g-640x640\u5982\u679c\u4eba\u591a.jpg\",\"datePublished\":\"2019-10-18T06:51:55+00:00\",\"dateModified\":\"2025-07-10T03:33:10+00:00\",\"description\":\"The 500ml clear glass wine bottles are made in Shandong Yuncheng Ruisheng Glass Co., Ltd. Factory Outlet&Free Sample. Get Price Here.\",\"breadcrumb\":{\"@id\":\"https:\\\/\\\/ruishengglassco.com\\\/product\\\/rs078-wholesale-500ml-clear-glass-wine-bottles#breadcrumb\"},\"inLanguage\":\"fr-FR\",\"potentialAction\":[{\"@type\":\"ReadAction\",\"target\":[\"https:\\\/\\\/ruishengglassco.com\\\/product\\\/rs078-wholesale-500ml-clear-glass-wine-bottles\"]}]},{\"@type\":\"ImageObject\",\"inLanguage\":\"fr-FR\",\"@id\":\"https:\\\/\\\/ruishengglassco.com\\\/product\\\/rs078-wholesale-500ml-clear-glass-wine-bottles#primaryimage\",\"url\":\"https:\\\/\\\/glassbottlewholesale.com\\\/wp-content\\\/uploads\\\/2019\\\/10\\\/500ml-620g-640x640\u5982\u679c\u4eba\u591a.jpg\",\"contentUrl\":\"https:\\\/\\\/glassbottlewholesale.com\\\/wp-content\\\/uploads\\\/2019\\\/10\\\/500ml-620g-640x640\u5982\u679c\u4eba\u591a.jpg\",\"width\":460,\"height\":460,\"caption\":\"Wholesale 500ml Clear Glass Wine Bottles\"},{\"@type\":\"BreadcrumbList\",\"@id\":\"https:\\\/\\\/ruishengglassco.com\\\/product\\\/rs078-wholesale-500ml-clear-glass-wine-bottles#breadcrumb\",\"itemListElement\":[{\"@type\":\"ListItem\",\"position\":1,\"name\":\"Home\",\"item\":\"https:\\\/\\\/glassbottlewholesale.com\\\/\"},{\"@type\":\"ListItem\",\"position\":2,\"name\":\"Products\",\"item\":\"https:\\\/\\\/glassbottlewholesale.com\\\/shop\\\/\"},{\"@type\":\"ListItem\",\"position\":3,\"name\":\"RS078: Wholesale 500ml Clear Glass Wine Bottles\"}]},{\"@type\":\"WebSite\",\"@id\":\"https:\\\/\\\/glassbottlewholesale.com\\\/#website\",\"url\":\"https:\\\/\\\/glassbottlewholesale.com\\\/\",\"name\":\"Glass Bottle Wholesale\",\"description\":\"\",\"publisher\":{\"@id\":\"https:\\\/\\\/glassbottlewholesale.com\\\/#organization\"},\"potentialAction\":[{\"@type\":\"SearchAction\",\"target\":{\"@type\":\"EntryPoint\",\"urlTemplate\":\"https:\\\/\\\/glassbottlewholesale.com\\\/?s={search_term_string}\"},\"query-input\":{\"@type\":\"PropertyValueSpecification\",\"valueRequired\":true,\"valueName\":\"search_term_string\"}}],\"inLanguage\":\"fr-FR\"},{\"@type\":\"Organization\",\"@id\":\"https:\\\/\\\/glassbottlewholesale.com\\\/#organization\",\"name\":\"Glass Bottle Wholesale\",\"url\":\"https:\\\/\\\/glassbottlewholesale.com\\\/\",\"logo\":{\"@type\":\"ImageObject\",\"inLanguage\":\"fr-FR\",\"@id\":\"https:\\\/\\\/glassbottlewholesale.com\\\/#\\\/schema\\\/logo\\\/image\\\/\",\"url\":\"https:\\\/\\\/glassbottlewholesale.com\\\/wp-content\\\/uploads\\\/2023\\\/12\\\/ruisheng-logo.webp\",\"contentUrl\":\"https:\\\/\\\/glassbottlewholesale.com\\\/wp-content\\\/uploads\\\/2023\\\/12\\\/ruisheng-logo.webp\",\"width\":400,\"height\":233,\"caption\":\"Glass Bottle Wholesale\"},\"image\":{\"@id\":\"https:\\\/\\\/glassbottlewholesale.com\\\/#\\\/schema\\\/logo\\\/image\\\/\"}}]}<\/script>\n<!-- \/ Yoast SEO plugin. -->","yoast_head_json":{"title":"Wholesale 500ml Clear Glass Wine Bottles | Glass Spirit Bottle Supplier","description":"The 500ml clear glass wine bottles are made in Shandong Yuncheng Ruisheng Glass Co., Ltd. Factory Outlet&Free Sample. Get Price Here.","robots":{"index":"index","follow":"follow","max-snippet":"max-snippet:-1","max-image-preview":"max-image-preview:large","max-video-preview":"max-video-preview:-1"},"canonical":"https:\/\/ruishengglassco.com\/product\/rs078-wholesale-500ml-clear-glass-wine-bottles","og_locale":"fr_FR","og_type":"article","og_title":"Wholesale 500ml Clear Glass Wine Bottles | Glass Spirit Bottle Supplier","og_description":"The 500ml clear glass wine bottles are made in Shandong Yuncheng Ruisheng Glass Co., Ltd. Factory Outlet&Free Sample. Get Price Here.","og_url":"https:\/\/ruishengglassco.com\/product\/rs078-wholesale-500ml-clear-glass-wine-bottles","og_site_name":"Glass Bottle Wholesale","article_modified_time":"2025-07-10T03:33:10+00:00","og_image":[{"width":460,"height":460,"url":"https:\/\/glassbottlewholesale.com\/wp-content\/uploads\/2019\/10\/500ml-620g-640x640\u5982\u679c\u4eba\u591a.jpg","type":"image\/jpeg"}],"twitter_card":"summary_large_image","twitter_misc":{"Dur\u00e9e de lecture estim\u00e9e":"2 minutes"},"schema":{"@context":"https:\/\/schema.org","@graph":[{"@type":"WebPage","@id":"https:\/\/glassbottlewholesale.com\/wholesale-500ml-clear-glass-wine-bottles\/","url":"https:\/\/ruishengglassco.com\/product\/rs078-wholesale-500ml-clear-glass-wine-bottles","name":"Wholesale 500ml Clear Glass Wine Bottles | Glass Spirit Bottle Supplier","isPartOf":{"@id":"https:\/\/glassbottlewholesale.com\/#website"},"primaryImageOfPage":{"@id":"https:\/\/ruishengglassco.com\/product\/rs078-wholesale-500ml-clear-glass-wine-bottles#primaryimage"},"image":{"@id":"https:\/\/ruishengglassco.com\/product\/rs078-wholesale-500ml-clear-glass-wine-bottles#primaryimage"},"thumbnailUrl":"https:\/\/glassbottlewholesale.com\/wp-content\/uploads\/2019\/10\/500ml-620g-640x640\u5982\u679c\u4eba\u591a.jpg","datePublished":"2019-10-18T06:51:55+00:00","dateModified":"2025-07-10T03:33:10+00:00","description":"The 500ml clear glass wine bottles are made in Shandong Yuncheng Ruisheng Glass Co., Ltd. Factory Outlet&Free Sample. Get Price Here.","breadcrumb":{"@id":"https:\/\/ruishengglassco.com\/product\/rs078-wholesale-500ml-clear-glass-wine-bottles#breadcrumb"},"inLanguage":"fr-FR","potentialAction":[{"@type":"ReadAction","target":["https:\/\/ruishengglassco.com\/product\/rs078-wholesale-500ml-clear-glass-wine-bottles"]}]},{"@type":"ImageObject","inLanguage":"fr-FR","@id":"https:\/\/ruishengglassco.com\/product\/rs078-wholesale-500ml-clear-glass-wine-bottles#primaryimage","url":"https:\/\/glassbottlewholesale.com\/wp-content\/uploads\/2019\/10\/500ml-620g-640x640\u5982\u679c\u4eba\u591a.jpg","contentUrl":"https:\/\/glassbottlewholesale.com\/wp-content\/uploads\/2019\/10\/500ml-620g-640x640\u5982\u679c\u4eba\u591a.jpg","width":460,"height":460,"caption":"Wholesale 500ml Clear Glass Wine Bottles"},{"@type":"BreadcrumbList","@id":"https:\/\/ruishengglassco.com\/product\/rs078-wholesale-500ml-clear-glass-wine-bottles#breadcrumb","itemListElement":[{"@type":"ListItem","position":1,"name":"Home","item":"https:\/\/glassbottlewholesale.com\/"},{"@type":"ListItem","position":2,"name":"Products","item":"https:\/\/glassbottlewholesale.com\/shop\/"},{"@type":"ListItem","position":3,"name":"RS078: Wholesale 500ml Clear Glass Wine Bottles"}]},{"@type":"WebSite","@id":"https:\/\/glassbottlewholesale.com\/#website","url":"https:\/\/glassbottlewholesale.com\/","name":"Glass Bottle Wholesale","description":"","publisher":{"@id":"https:\/\/glassbottlewholesale.com\/#organization"},"potentialAction":[{"@type":"SearchAction","target":{"@type":"EntryPoint","urlTemplate":"https:\/\/glassbottlewholesale.com\/?s={search_term_string}"},"query-input":{"@type":"PropertyValueSpecification","valueRequired":true,"valueName":"search_term_string"}}],"inLanguage":"fr-FR"},{"@type":"Organization","@id":"https:\/\/glassbottlewholesale.com\/#organization","name":"Glass Bottle Wholesale","url":"https:\/\/glassbottlewholesale.com\/","logo":{"@type":"ImageObject","inLanguage":"fr-FR","@id":"https:\/\/glassbottlewholesale.com\/#\/schema\/logo\/image\/","url":"https:\/\/glassbottlewholesale.com\/wp-content\/uploads\/2023\/12\/ruisheng-logo.webp","contentUrl":"https:\/\/glassbottlewholesale.com\/wp-content\/uploads\/2023\/12\/ruisheng-logo.webp","width":400,"height":233,"caption":"Glass Bottle Wholesale"},"image":{"@id":"https:\/\/glassbottlewholesale.com\/#\/schema\/logo\/image\/"}}]}},"_links":{"self":[{"href":"https:\/\/glassbottlewholesale.com\/fr\/wp-json\/wp\/v2\/product\/693","targetHints":{"allow":["GET"]}}],"collection":[{"href":"https:\/\/glassbottlewholesale.com\/fr\/wp-json\/wp\/v2\/product"}],"about":[{"href":"https:\/\/glassbottlewholesale.com\/fr\/wp-json\/wp\/v2\/types\/product"}],"replies":[{"embeddable":true,"href":"https:\/\/glassbottlewholesale.com\/fr\/wp-json\/wp\/v2\/comments?post=693"}],"wp:featuredmedia":[{"embeddable":true,"href":"https:\/\/glassbottlewholesale.com\/fr\/wp-json\/wp\/v2\/media\/694"}],"wp:attachment":[{"href":"https:\/\/glassbottlewholesale.com\/fr\/wp-json\/wp\/v2\/media?parent=693"}],"wp:term":[{"taxonomy":"product_brand","embeddable":true,"href":"https:\/\/glassbottlewholesale.com\/fr\/wp-json\/wp\/v2\/product_brand?post=693"},{"taxonomy":"product_cat","embeddable":true,"href":"https:\/\/glassbottlewholesale.com\/fr\/wp-json\/wp\/v2\/product_cat?post=693"},{"taxonomy":"product_tag","embeddable":true,"href":"https:\/\/glassbottlewholesale.com\/fr\/wp-json\/wp\/v2\/product_tag?post=693"}],"curies":[{"name":"wp","href":"https:\/\/api.w.org\/{rel}","templated":true}]}}