{"id":718,"date":"2019-10-18T07:39:27","date_gmt":"2019-10-18T07:39:27","guid":{"rendered":"https:\/\/queenchingglass.com\/?post_type=product&#038;p=718"},"modified":"2025-07-10T01:45:15","modified_gmt":"2025-07-10T01:45:15","slug":"fabricant-de-bouteilles-de-spiritueux-en-verre-de-500-ml","status":"publish","type":"product","link":"https:\/\/glassbottlewholesale.com\/fr\/fabricant-de-bouteilles-de-spiritueux-en-verre-de-500-ml\/","title":{"rendered":"RS073\u00a0: Fabricant de bouteilles de spiritueux en verre de 500 ml"},"content":{"rendered":"<div class=\"wpb-content-wrapper\"><div class=\"vc_row wpb_row vc_row-fluid\"><div class=\"wpb_column vc_column_container vc_col-sm-12\"><div class=\"vc_column-inner\"><div class=\"wpb_wrapper\">\n\t<div class=\"wpb_text_column wpb_content_element\" >\n\t\t<div class=\"wpb_wrapper\">\n\t\t\t<p>Ruisheng Glass Ltd. est un fabricant de bouteilles \u00e0 alcool en verre de 500 ml en Chine. Notre usine produit principalement des bouteilles en verre spiritueux de qualit\u00e9 sup\u00e9rieure et de qualit\u00e9 moyenne, telles que des bouteilles en verre blanc cristallin et des bouteilles en verre tr\u00e8s blanc.<\/p>\n<p>Le <a href=\"https:\/\/ruishengglassco.com\/500ml-liquor-glass-bottle-manufacturer\">Bouteilles en verre de 500 ml<\/a> est l'une des principales bouteilles en verre de notre usine. Nous pouvons proposer des bouteilles en verre vides de diff\u00e9rentes formes, telles que des bouteilles en verre cylindriques, des bouteilles en verre carr\u00e9es, des bouteilles en verre plat et des bouteilles en verre de forme personnalis\u00e9e. Nous pouvons \u00e9galement fabriquer des bouteilles en verre \u00e0 liqueur de diff\u00e9rents volumes, tels que 100 ml, 125 ml, 250 ml, 375 ml, 500 ml, 700 ml, 750 ml, 1000 ml, 17 ml. 700ml, 750ml, 1000ml, 1750ml, 3000ml et autres bouteilles en verre de volume personnalis\u00e9.<\/p>\n<h4>Les d\u00e9tails de cette bouteille de spiritueux en verre de 500ml<\/h4>\n<p>Notre bouteille de spiritueux en verre de 500 ml a une forme de prismes hexagonaux. Son poids est de 580g. Cette bouteille en verre est munie d'un bouchon guala clousure. Le type de scellage est tr\u00e8s s\u00fbr et anti-fake. Vous pouvez utiliser ce bouchon pour sceller les bouteilles en verre une seule fois. Vous pouvez mettre le bouchon sur les bouteilles en verre lorsque vous laissez un peu de liquide dans les bouteilles en verre. Mais vous pouvez remplir les bouteilles de liquide une deuxi\u00e8me fois. Ainsi, le bouchon est s\u00fbr pour votre liquide et d'autres entreprises ne peuvent pas utiliser votre bouteille pour contenir le liquide.<\/p>\n<h4>A propos du mode d'emballage<\/h4>\n<p>Nous avons trois fa\u00e7ons d'emballer les bouteilles d'alcool en verre, et nous pouvons \u00e9galement emballer les bouteilles en verre selon la demande du client.<\/p>\n<p>Le premier mode d'emballage des bouteilles en verre est l'emballage en carton. Le carton est un carton d'exportation standard. Si vous souhaitez fabriquer un carton d'emballage personnalis\u00e9, nous pouvons \u00e9galement le faire pour vous.<\/p>\n<p>Le deuxi\u00e8me moyen d\u2019emballage des bouteilles de spiritueux en verre est l\u2019emballage sur palette. La palette est sans fumigation. Et la taille de la palette est de 100 x 120 cm.<\/p>\n<p>Le troisi\u00e8me mode d'emballage est le carton et la palette. Le carton est un carton d'exportation standard ou une bo\u00eete de couleur personnalis\u00e9e, et la palette est exempte de fumigation.<\/p>\n<p>Si vous souhaitez acheter des bouteilles de spiritueux en verre de 500 ml, n'h\u00e9sitez pas \u00e0 nous contacter.<\/p>\n\n\t\t<\/div>\n\t<\/div>\n<\/div><\/div><\/div><\/div>\n<\/div>","protected":false},"excerpt":{"rendered":"<p>.tg {border-collapse:collapse;border-spacing:0;border-color:#ccc;}<br \/>.tg td{font-family:Arial, sans-serif;font-size:14px;padding:10px 5px;border-style:solid;border-width:1px;overflow:hidden;word-break:normal;border-color:#ccc;color:#333;background-color:#fff;}<br \/>.tg th{font-family:Arial, sans-serif;font-size:14px;font-weight:normal;padding:10px 5px;border-style:solid;border-width:1px;overflow:hidden;word-break:normal;border-color:#ccc;color:#333;background-color:#f0f0;}<br \/>.tg .tg-yw4l{vertical-align:top}<br \/>.tg .tg-b7b8{background-color:#f9f9f9;vertical-align:top}<\/p>\n<table class=\"tg\">\n<tbody>\n<tr>\n<th class=\"tg-yw4l\" colspan=\"2\">Bouteilles d'alcool \u00e0 br\u00fbler en verre de 500ml<\/th>\n<\/tr>\n<tr>\n<td class=\"tg-b7b8\">R\u00e9f\u00e9rence:<\/td>\n<td class=\"tg-b7b8\">RS073<\/td>\n<\/tr>\n<tr>\n<td class=\"tg-yw4l\">Mat\u00e9riau principal:<\/td>\n<td class=\"tg-yw4l\">Verre \u00e0 haute teneur en silex (ce mat\u00e9riau est \u00e9galement appel\u00e9 verre blanc cristal)<\/td>\n<\/tr>\n<tr>\n<td class=\"tg-b7b8\">Casquette:<\/td>\n<td class=\"tg-b7b8\">casquette guala<\/td>\n<\/tr>\n<tr>\n<td class=\"tg-yw4l\">Capacit\u00e9:<\/td>\n<td class=\"tg-yw4l\">700 ml<\/td>\n<\/tr>\n<tr>\n<td class=\"tg-b7b8\">Fonctionnalit\u00e9:<\/td>\n<td class=\"tg-b7b8\">Respectueux de la nature<\/td>\n<\/tr>\n<tr>\n<td class=\"tg-yw4l\">Quantit\u00e9 minimale de commande\u00a0:<\/td>\n<td class=\"tg-yw4l\">10000 pi\u00e8ces<\/td>\n<\/tr>\n<tr>\n<td class=\"tg-b7b8\">Mani\u00e8re d&#039;emballage\u00a0:<\/td>\n<td class=\"tg-b7b8\">Carton standard d&#039;exportation\/palette\/carton et palette standard d&#039;exportation<\/td>\n<\/tr>\n<tr>\n<td class=\"tg-yw4l\">OEM\/ODM\u00a0:<\/td>\n<td class=\"tg-yw4l\">Accueillir<\/td>\n<\/tr>\n<tr>\n<td class=\"tg-b7b8\">Origine du lieu :<\/td>\n<td class=\"tg-b7b8\">Shandong, Chine<\/td>\n<\/tr>\n<tr>\n<td class=\"tg-yw4l\">Pi\u00e8ces\/ctn\u00a0:<\/td>\n<td class=\"tg-yw4l\">24 pi\u00e8ces ou selon les demandes des clients<\/td>\n<\/tr>\n<\/tbody>\n<\/table>","protected":false},"featured_media":4788,"comment_status":"open","ping_status":"closed","template":"","meta":[],"product_brand":[],"product_cat":[50],"product_tag":[],"class_list":{"0":"post-718","1":"product","2":"type-product","3":"status-publish","4":"has-post-thumbnail","6":"product_cat-500ml-glass-bottle","7":"entry","8":"has-media","10":"first","11":"instock","12":"shipping-taxable","13":"product-type-simple"},"yoast_head":"<!-- This site is optimized with the Yoast SEO plugin v27.3 - https:\/\/yoast.com\/product\/yoast-seo-wordpress\/ -->\n<title>500ml Glass Spirit Bottles Manufacturer |Wholesale Glass Bottle For Liquor<\/title>\n<meta name=\"description\" content=\"Ruisheng(RS), one of the best China glass spirit bottles manufacturer, wholesale 500ml glass bottle for liquor with high quality&amp;cheap price.\" \/>\n<meta name=\"robots\" content=\"index, follow, max-snippet:-1, max-image-preview:large, max-video-preview:-1\" \/>\n<link rel=\"canonical\" href=\"https:\/\/ruishengglassco.com\/product\/rs073-500ml-glass-spirit-bottles-manufacturer\" \/>\n<meta property=\"og:locale\" content=\"fr_FR\" \/>\n<meta property=\"og:type\" content=\"article\" \/>\n<meta property=\"og:title\" content=\"500ml Glass Spirit Bottles Manufacturer |Wholesale Glass Bottle For Liquor\" \/>\n<meta property=\"og:description\" content=\"Ruisheng(RS), one of the best China glass spirit bottles manufacturer, wholesale 500ml glass bottle for liquor with high quality&amp;cheap price.\" \/>\n<meta property=\"og:url\" content=\"https:\/\/ruishengglassco.com\/product\/rs073-500ml-glass-spirit-bottles-manufacturer\" \/>\n<meta property=\"og:site_name\" content=\"Glass Bottle Wholesale\" \/>\n<meta property=\"article:modified_time\" content=\"2025-07-10T01:45:15+00:00\" \/>\n<meta property=\"og:image\" content=\"https:\/\/glassbottlewholesale.com\/wp-content\/uploads\/2024\/04\/glass-bottle-manufacturing-40-1.png\" \/>\n\t<meta property=\"og:image:width\" content=\"800\" \/>\n\t<meta property=\"og:image:height\" content=\"800\" \/>\n\t<meta property=\"og:image:type\" content=\"image\/png\" \/>\n<meta name=\"twitter:card\" content=\"summary_large_image\" \/>\n<meta name=\"twitter:label1\" content=\"Dur\u00e9e de lecture estim\u00e9e\" \/>\n\t<meta name=\"twitter:data1\" content=\"2 minutes\" \/>\n<script type=\"application\/ld+json\" class=\"yoast-schema-graph\">{\"@context\":\"https:\\\/\\\/schema.org\",\"@graph\":[{\"@type\":\"WebPage\",\"@id\":\"https:\\\/\\\/glassbottlewholesale.com\\\/500ml-glass-spirit-bottles-manufacturer\\\/\",\"url\":\"https:\\\/\\\/ruishengglassco.com\\\/product\\\/rs073-500ml-glass-spirit-bottles-manufacturer\",\"name\":\"500ml Glass Spirit Bottles Manufacturer |Wholesale Glass Bottle For Liquor\",\"isPartOf\":{\"@id\":\"https:\\\/\\\/glassbottlewholesale.com\\\/#website\"},\"primaryImageOfPage\":{\"@id\":\"https:\\\/\\\/ruishengglassco.com\\\/product\\\/rs073-500ml-glass-spirit-bottles-manufacturer#primaryimage\"},\"image\":{\"@id\":\"https:\\\/\\\/ruishengglassco.com\\\/product\\\/rs073-500ml-glass-spirit-bottles-manufacturer#primaryimage\"},\"thumbnailUrl\":\"https:\\\/\\\/glassbottlewholesale.com\\\/wp-content\\\/uploads\\\/2024\\\/04\\\/glass-bottle-manufacturing-40-1.png\",\"datePublished\":\"2019-10-18T07:39:27+00:00\",\"dateModified\":\"2025-07-10T01:45:15+00:00\",\"description\":\"Ruisheng(RS), one of the best China glass spirit bottles manufacturer, wholesale 500ml glass bottle for liquor with high quality&cheap price.\",\"breadcrumb\":{\"@id\":\"https:\\\/\\\/ruishengglassco.com\\\/product\\\/rs073-500ml-glass-spirit-bottles-manufacturer#breadcrumb\"},\"inLanguage\":\"fr-FR\",\"potentialAction\":[{\"@type\":\"ReadAction\",\"target\":[\"https:\\\/\\\/ruishengglassco.com\\\/product\\\/rs073-500ml-glass-spirit-bottles-manufacturer\"]}]},{\"@type\":\"ImageObject\",\"inLanguage\":\"fr-FR\",\"@id\":\"https:\\\/\\\/ruishengglassco.com\\\/product\\\/rs073-500ml-glass-spirit-bottles-manufacturer#primaryimage\",\"url\":\"https:\\\/\\\/glassbottlewholesale.com\\\/wp-content\\\/uploads\\\/2024\\\/04\\\/glass-bottle-manufacturing-40-1.png\",\"contentUrl\":\"https:\\\/\\\/glassbottlewholesale.com\\\/wp-content\\\/uploads\\\/2024\\\/04\\\/glass-bottle-manufacturing-40-1.png\",\"width\":800,\"height\":800,\"caption\":\"RS073: 500ml Glass Spirit Bottles Manufacturer\"},{\"@type\":\"BreadcrumbList\",\"@id\":\"https:\\\/\\\/ruishengglassco.com\\\/product\\\/rs073-500ml-glass-spirit-bottles-manufacturer#breadcrumb\",\"itemListElement\":[{\"@type\":\"ListItem\",\"position\":1,\"name\":\"Home\",\"item\":\"https:\\\/\\\/glassbottlewholesale.com\\\/\"},{\"@type\":\"ListItem\",\"position\":2,\"name\":\"Products\",\"item\":\"https:\\\/\\\/glassbottlewholesale.com\\\/shop\\\/\"},{\"@type\":\"ListItem\",\"position\":3,\"name\":\"RS073: 500ml Glass Spirit Bottles Manufacturer\"}]},{\"@type\":\"WebSite\",\"@id\":\"https:\\\/\\\/glassbottlewholesale.com\\\/#website\",\"url\":\"https:\\\/\\\/glassbottlewholesale.com\\\/\",\"name\":\"Glass Bottle Wholesale\",\"description\":\"\",\"publisher\":{\"@id\":\"https:\\\/\\\/glassbottlewholesale.com\\\/#organization\"},\"potentialAction\":[{\"@type\":\"SearchAction\",\"target\":{\"@type\":\"EntryPoint\",\"urlTemplate\":\"https:\\\/\\\/glassbottlewholesale.com\\\/?s={search_term_string}\"},\"query-input\":{\"@type\":\"PropertyValueSpecification\",\"valueRequired\":true,\"valueName\":\"search_term_string\"}}],\"inLanguage\":\"fr-FR\"},{\"@type\":\"Organization\",\"@id\":\"https:\\\/\\\/glassbottlewholesale.com\\\/#organization\",\"name\":\"Glass Bottle Wholesale\",\"url\":\"https:\\\/\\\/glassbottlewholesale.com\\\/\",\"logo\":{\"@type\":\"ImageObject\",\"inLanguage\":\"fr-FR\",\"@id\":\"https:\\\/\\\/glassbottlewholesale.com\\\/#\\\/schema\\\/logo\\\/image\\\/\",\"url\":\"https:\\\/\\\/glassbottlewholesale.com\\\/wp-content\\\/uploads\\\/2023\\\/12\\\/ruisheng-logo.webp\",\"contentUrl\":\"https:\\\/\\\/glassbottlewholesale.com\\\/wp-content\\\/uploads\\\/2023\\\/12\\\/ruisheng-logo.webp\",\"width\":400,\"height\":233,\"caption\":\"Glass Bottle Wholesale\"},\"image\":{\"@id\":\"https:\\\/\\\/glassbottlewholesale.com\\\/#\\\/schema\\\/logo\\\/image\\\/\"}}]}<\/script>\n<!-- \/ Yoast SEO plugin. -->","yoast_head_json":{"title":"Bouteille en verre pour spiritueux 500ml - Fabricant | Bouteille en verre pour spiritueux en gros","description":"Ruisheng (RS), l'un des meilleurs fabricants chinois de bouteilles de spiritueux en verre, vend en gros des bouteilles de spiritueux en verre de 500ml de haute qualit\u00e9 et \u00e0 bas prix.","robots":{"index":"index","follow":"follow","max-snippet":"max-snippet:-1","max-image-preview":"max-image-preview:large","max-video-preview":"max-video-preview:-1"},"canonical":"https:\/\/ruishengglassco.com\/product\/rs073-500ml-glass-spirit-bottles-manufacturer","og_locale":"fr_FR","og_type":"article","og_title":"500ml Glass Spirit Bottles Manufacturer |Wholesale Glass Bottle For Liquor","og_description":"Ruisheng(RS), one of the best China glass spirit bottles manufacturer, wholesale 500ml glass bottle for liquor with high quality&cheap price.","og_url":"https:\/\/ruishengglassco.com\/product\/rs073-500ml-glass-spirit-bottles-manufacturer","og_site_name":"Glass Bottle Wholesale","article_modified_time":"2025-07-10T01:45:15+00:00","og_image":[{"width":800,"height":800,"url":"https:\/\/glassbottlewholesale.com\/wp-content\/uploads\/2024\/04\/glass-bottle-manufacturing-40-1.png","type":"image\/png"}],"twitter_card":"summary_large_image","twitter_misc":{"Dur\u00e9e de lecture estim\u00e9e":"2 minutes"},"schema":{"@context":"https:\/\/schema.org","@graph":[{"@type":"WebPage","@id":"https:\/\/glassbottlewholesale.com\/500ml-glass-spirit-bottles-manufacturer\/","url":"https:\/\/ruishengglassco.com\/product\/rs073-500ml-glass-spirit-bottles-manufacturer","name":"Bouteille en verre pour spiritueux 500ml - Fabricant | Bouteille en verre pour spiritueux en gros","isPartOf":{"@id":"https:\/\/glassbottlewholesale.com\/#website"},"primaryImageOfPage":{"@id":"https:\/\/ruishengglassco.com\/product\/rs073-500ml-glass-spirit-bottles-manufacturer#primaryimage"},"image":{"@id":"https:\/\/ruishengglassco.com\/product\/rs073-500ml-glass-spirit-bottles-manufacturer#primaryimage"},"thumbnailUrl":"https:\/\/glassbottlewholesale.com\/wp-content\/uploads\/2024\/04\/glass-bottle-manufacturing-40-1.png","datePublished":"2019-10-18T07:39:27+00:00","dateModified":"2025-07-10T01:45:15+00:00","description":"Ruisheng (RS), l'un des meilleurs fabricants chinois de bouteilles de spiritueux en verre, vend en gros des bouteilles de spiritueux en verre de 500ml de haute qualit\u00e9 et \u00e0 bas prix.","breadcrumb":{"@id":"https:\/\/ruishengglassco.com\/product\/rs073-500ml-glass-spirit-bottles-manufacturer#breadcrumb"},"inLanguage":"fr-FR","potentialAction":[{"@type":"ReadAction","target":["https:\/\/ruishengglassco.com\/product\/rs073-500ml-glass-spirit-bottles-manufacturer"]}]},{"@type":"ImageObject","inLanguage":"fr-FR","@id":"https:\/\/ruishengglassco.com\/product\/rs073-500ml-glass-spirit-bottles-manufacturer#primaryimage","url":"https:\/\/glassbottlewholesale.com\/wp-content\/uploads\/2024\/04\/glass-bottle-manufacturing-40-1.png","contentUrl":"https:\/\/glassbottlewholesale.com\/wp-content\/uploads\/2024\/04\/glass-bottle-manufacturing-40-1.png","width":800,"height":800,"caption":"RS073: 500ml Glass Spirit Bottles Manufacturer"},{"@type":"BreadcrumbList","@id":"https:\/\/ruishengglassco.com\/product\/rs073-500ml-glass-spirit-bottles-manufacturer#breadcrumb","itemListElement":[{"@type":"ListItem","position":1,"name":"Home","item":"https:\/\/glassbottlewholesale.com\/"},{"@type":"ListItem","position":2,"name":"Products","item":"https:\/\/glassbottlewholesale.com\/shop\/"},{"@type":"ListItem","position":3,"name":"RS073: 500ml Glass Spirit Bottles Manufacturer"}]},{"@type":"WebSite","@id":"https:\/\/glassbottlewholesale.com\/#website","url":"https:\/\/glassbottlewholesale.com\/","name":"Glass Bottle Wholesale","description":"","publisher":{"@id":"https:\/\/glassbottlewholesale.com\/#organization"},"potentialAction":[{"@type":"SearchAction","target":{"@type":"EntryPoint","urlTemplate":"https:\/\/glassbottlewholesale.com\/?s={search_term_string}"},"query-input":{"@type":"PropertyValueSpecification","valueRequired":true,"valueName":"search_term_string"}}],"inLanguage":"fr-FR"},{"@type":"Organization","@id":"https:\/\/glassbottlewholesale.com\/#organization","name":"Glass Bottle Wholesale","url":"https:\/\/glassbottlewholesale.com\/","logo":{"@type":"ImageObject","inLanguage":"fr-FR","@id":"https:\/\/glassbottlewholesale.com\/#\/schema\/logo\/image\/","url":"https:\/\/glassbottlewholesale.com\/wp-content\/uploads\/2023\/12\/ruisheng-logo.webp","contentUrl":"https:\/\/glassbottlewholesale.com\/wp-content\/uploads\/2023\/12\/ruisheng-logo.webp","width":400,"height":233,"caption":"Glass Bottle Wholesale"},"image":{"@id":"https:\/\/glassbottlewholesale.com\/#\/schema\/logo\/image\/"}}]}},"_links":{"self":[{"href":"https:\/\/glassbottlewholesale.com\/fr\/wp-json\/wp\/v2\/product\/718","targetHints":{"allow":["GET"]}}],"collection":[{"href":"https:\/\/glassbottlewholesale.com\/fr\/wp-json\/wp\/v2\/product"}],"about":[{"href":"https:\/\/glassbottlewholesale.com\/fr\/wp-json\/wp\/v2\/types\/product"}],"replies":[{"embeddable":true,"href":"https:\/\/glassbottlewholesale.com\/fr\/wp-json\/wp\/v2\/comments?post=718"}],"wp:featuredmedia":[{"embeddable":true,"href":"https:\/\/glassbottlewholesale.com\/fr\/wp-json\/wp\/v2\/media\/4788"}],"wp:attachment":[{"href":"https:\/\/glassbottlewholesale.com\/fr\/wp-json\/wp\/v2\/media?parent=718"}],"wp:term":[{"taxonomy":"product_brand","embeddable":true,"href":"https:\/\/glassbottlewholesale.com\/fr\/wp-json\/wp\/v2\/product_brand?post=718"},{"taxonomy":"product_cat","embeddable":true,"href":"https:\/\/glassbottlewholesale.com\/fr\/wp-json\/wp\/v2\/product_cat?post=718"},{"taxonomy":"product_tag","embeddable":true,"href":"https:\/\/glassbottlewholesale.com\/fr\/wp-json\/wp\/v2\/product_tag?post=718"}],"curies":[{"name":"wp","href":"https:\/\/api.w.org\/{rel}","templated":true}]}}