{"id":733,"date":"2019-10-18T07:56:34","date_gmt":"2019-10-18T07:56:34","guid":{"rendered":"https:\/\/queenchingglass.com\/?post_type=product&#038;p=733"},"modified":"2023-12-06T01:20:42","modified_gmt":"2023-12-06T01:20:42","slug":"wholesale-50ml-mini-liquor-bottles-for-sale","status":"publish","type":"product","link":"https:\/\/glassbottlewholesale.com\/fr\/wholesale-50ml-mini-liquor-bottles-for-sale\/","title":{"rendered":"RS068\u00a0: vente en gros de mini bouteilles de rhum en vrac \u00e0 vendre"},"content":{"rendered":"<p>Outre les principales s\u00e9ries de bouteilles de liqueur de 500 ml, 700 ml et 750 ml fabriqu\u00e9es par notre usine, nous proposons \u00e9galement les produits suivants <strong>vente en gros de mini-bouteilles de liqueur<\/strong>. Nous fabriquons des bouteilles depuis plus de dix ans et notre usine est tr\u00e8s r\u00e9put\u00e9e en Chine.<\/p>\n<p>En ce qui concerne les mini-bouteilles \u00e0 liqueur de 50ml, nous avons beaucoup de formes, telles que plates, en forme de c\u0153ur, en forme de tour, et autres.<br \/>\nNous acceptons \u00e9galement les bouteilles personnalis\u00e9es, si vous me donnez les dessins de la bouteille, nous pouvons faire la m\u00eame chose.<\/p>\n<p>Notre usine dispose de travailleurs qualifi\u00e9s et tr\u00e8s exp\u00e9riment\u00e9s. Nous avons des exigences de tr\u00e8s haute qualit\u00e9 pour les bouteilles en verre, alors n'h\u00e9sitez pas \u00e0 faire confiance \u00e0 notre qualit\u00e9. Nos bouteilles ont \u00e9t\u00e9 calibr\u00e9es selon la norme, la qualit\u00e9 est donc garantie.<\/p>\n<p>Cette bouteille est fabriqu\u00e9e \u00e0 partir de deux mat\u00e9riaux : le verre \u00e0 haute teneur en silex et le verre \u00e0 haute teneur en silex, le dernier \u00e9tant le meilleur. Nous s\u00e9lectionnons rigoureusement les mati\u00e8res premi\u00e8res. Et nous avons un excellent service apr\u00e8s-vente, nous r\u00e9pondrons \u00e0 vos questions en ligne.<\/p>\n<h3>D\u00e9tails de la commande concernant les mini-bouteilles de liqueur en gros et en vrac<\/h3>\n<ul>\n<li>Article : RS-068 Mini bouteilles de liqueur de 50ml<\/li>\n<li>Marque : Ruisheng Glass<\/li>\n<li><span style=\"color: #ff6600;\">Quantit\u00e9 minimale de commande\u00a0: <strong><span class=\"mceItemHidden\">10000 pi\u00e8ces\u00a0<\/span><\/strong><\/span><\/li>\n<li>Mat\u00e9riau principal: verre silex \u00e9lev\u00e9<\/li>\n<li>Bouchon : bouchon \u00e0 vis<\/li>\n<li>Capacit\u00e9 : 50 ml<\/li>\n<li>Pi\u00e8ces\/carton\u00a0: 24 pi\u00e8ces<\/li>\n<li>Origine du lieu : Shandong, Chine<\/li>\n<li>Caract\u00e9ristique\u00a0:\u00a0\u00e9cologique<\/li>\n<\/ul>\n<p>Notre soci\u00e9t\u00e9 privil\u00e9gie toujours la qualit\u00e9, nous avons des exigences strictes en ce qui concerne la qualit\u00e9 des bouteilles. Notre entreprise couvre beaucoup de terrain, elle compte plus de 500 travailleurs, tous tr\u00e8s exp\u00e9riment\u00e9s.<\/p>\n<p>Si vous \u00eates int\u00e9ress\u00e9 par les prix de nos mini bouteilles d'alcool, vous pouvez consulter notre site Web. Il y a beaucoup de produits sur notre site. Vous pouvez choisir ce qui vous pla\u00eet. Nous pouvons \u00e9galement effectuer un traitement approfondi sur la bouteille, comme la d\u00e9calcomanie, l'impression, la peinture et autres.<\/p>\n<p>Nous vous invitons \u00e0 visiter notre usine de fabrication de bouteilles de liqueur, nous vous ferons visiter l'usine. Nous pouvons vous faire visiter notre atelier de production. Vous pouvez choisir des \u00e9chantillons et les prendre.<\/p>\n<p>eSi vous avez d'autres questions, n'h\u00e9sitez pas \u00e0 nous contacter.<\/p>","protected":false},"excerpt":{"rendered":"<p>Unique design wholesale mini glass bottle for liquor. 50ml wholesale mini liquor bottles with clear transparent color, which shows the liquor containers very well. Lead-free glass material\uff0chealth and environmental protection\uff0cwill do not have a bad effect on liquor&#8217;s quality and storage. If you&#8217;re interested in our tiny liquor bottles, please <a href=\"https:\/\/glassbottlewholesale.com\/fr\/contact\/\">laisser un message<\/a> pour nous.<\/p>","protected":false},"featured_media":2240,"comment_status":"open","ping_status":"closed","template":"","meta":[],"product_brand":[],"product_cat":[58,65],"product_tag":[],"class_list":{"0":"post-733","1":"product","2":"type-product","3":"status-publish","4":"has-post-thumbnail","6":"product_cat-50ml-glass-bottle","7":"product_cat-rum-bottle","8":"entry","9":"has-media","11":"first","12":"instock","13":"shipping-taxable","14":"product-type-simple"},"yoast_head":"<!-- This site is optimized with the Yoast SEO plugin v27.3 - https:\/\/yoast.com\/product\/yoast-seo-wordpress\/ -->\n<title>Wholesale Mini Liquor Bottles For Sale | Tiny Spirit Bottle Manufacturers<\/title>\n<meta name=\"description\" content=\"Do you want to buy wholesale mini liquor bottles for sale outlet from China spirit bottle manufacturers? Free Sample&amp;Quality Assurance.\" \/>\n<meta name=\"robots\" content=\"index, follow, max-snippet:-1, max-image-preview:large, max-video-preview:-1\" \/>\n<link rel=\"canonical\" href=\"https:\/\/ruishengglassco.com\/product\/rs068-wholesale-mini-rum-bottles-bulk-for-sale\" \/>\n<meta property=\"og:locale\" content=\"fr_FR\" \/>\n<meta property=\"og:type\" content=\"article\" \/>\n<meta property=\"og:title\" content=\"Wholesale Mini Liquor Bottles For Sale | Tiny Spirit Bottle Manufacturers\" \/>\n<meta property=\"og:description\" content=\"Do you want to buy wholesale mini liquor bottles for sale outlet from China spirit bottle manufacturers? Free Sample&amp;Quality Assurance.\" \/>\n<meta property=\"og:url\" content=\"https:\/\/ruishengglassco.com\/product\/rs068-wholesale-mini-rum-bottles-bulk-for-sale\" \/>\n<meta property=\"og:site_name\" content=\"Glass Bottle Wholesale\" \/>\n<meta property=\"article:modified_time\" content=\"2023-12-06T01:20:42+00:00\" \/>\n<meta property=\"og:image\" content=\"https:\/\/glassbottlewholesale.com\/wp-content\/uploads\/2019\/10\/wholesale-mini-liquor-bottle-wholesale-1.jpg\" \/>\n\t<meta property=\"og:image:width\" content=\"311\" \/>\n\t<meta property=\"og:image:height\" content=\"350\" \/>\n\t<meta property=\"og:image:type\" content=\"image\/jpeg\" \/>\n<meta name=\"twitter:card\" content=\"summary_large_image\" \/>\n<meta name=\"twitter:label1\" content=\"Dur\u00e9e de lecture estim\u00e9e\" \/>\n\t<meta name=\"twitter:data1\" content=\"2 minutes\" \/>\n<script type=\"application\/ld+json\" class=\"yoast-schema-graph\">{\"@context\":\"https:\\\/\\\/schema.org\",\"@graph\":[{\"@type\":\"WebPage\",\"@id\":\"https:\\\/\\\/glassbottlewholesale.com\\\/wholesale-50ml-mini-liquor-bottles-for-sale\\\/\",\"url\":\"https:\\\/\\\/ruishengglassco.com\\\/product\\\/rs068-wholesale-mini-rum-bottles-bulk-for-sale\",\"name\":\"Wholesale Mini Liquor Bottles For Sale | Tiny Spirit Bottle Manufacturers\",\"isPartOf\":{\"@id\":\"https:\\\/\\\/glassbottlewholesale.com\\\/#website\"},\"primaryImageOfPage\":{\"@id\":\"https:\\\/\\\/ruishengglassco.com\\\/product\\\/rs068-wholesale-mini-rum-bottles-bulk-for-sale#primaryimage\"},\"image\":{\"@id\":\"https:\\\/\\\/ruishengglassco.com\\\/product\\\/rs068-wholesale-mini-rum-bottles-bulk-for-sale#primaryimage\"},\"thumbnailUrl\":\"https:\\\/\\\/glassbottlewholesale.com\\\/wp-content\\\/uploads\\\/2019\\\/10\\\/wholesale-mini-liquor-bottle-wholesale-1.jpg\",\"datePublished\":\"2019-10-18T07:56:34+00:00\",\"dateModified\":\"2023-12-06T01:20:42+00:00\",\"description\":\"Do you want to buy wholesale mini liquor bottles for sale outlet from China spirit bottle manufacturers? Free Sample&Quality Assurance.\",\"breadcrumb\":{\"@id\":\"https:\\\/\\\/ruishengglassco.com\\\/product\\\/rs068-wholesale-mini-rum-bottles-bulk-for-sale#breadcrumb\"},\"inLanguage\":\"fr-FR\",\"potentialAction\":[{\"@type\":\"ReadAction\",\"target\":[\"https:\\\/\\\/ruishengglassco.com\\\/product\\\/rs068-wholesale-mini-rum-bottles-bulk-for-sale\"]}]},{\"@type\":\"ImageObject\",\"inLanguage\":\"fr-FR\",\"@id\":\"https:\\\/\\\/ruishengglassco.com\\\/product\\\/rs068-wholesale-mini-rum-bottles-bulk-for-sale#primaryimage\",\"url\":\"https:\\\/\\\/glassbottlewholesale.com\\\/wp-content\\\/uploads\\\/2019\\\/10\\\/wholesale-mini-liquor-bottle-wholesale-1.jpg\",\"contentUrl\":\"https:\\\/\\\/glassbottlewholesale.com\\\/wp-content\\\/uploads\\\/2019\\\/10\\\/wholesale-mini-liquor-bottle-wholesale-1.jpg\",\"width\":311,\"height\":350,\"caption\":\"wholesale mini liquor bottle wholesale (1)\"},{\"@type\":\"BreadcrumbList\",\"@id\":\"https:\\\/\\\/ruishengglassco.com\\\/product\\\/rs068-wholesale-mini-rum-bottles-bulk-for-sale#breadcrumb\",\"itemListElement\":[{\"@type\":\"ListItem\",\"position\":1,\"name\":\"Home\",\"item\":\"https:\\\/\\\/glassbottlewholesale.com\\\/\"},{\"@type\":\"ListItem\",\"position\":2,\"name\":\"Products\",\"item\":\"https:\\\/\\\/glassbottlewholesale.com\\\/shop\\\/\"},{\"@type\":\"ListItem\",\"position\":3,\"name\":\"RS068: Wholesale Mini Rum Bottles Bulk For Sale\"}]},{\"@type\":\"WebSite\",\"@id\":\"https:\\\/\\\/glassbottlewholesale.com\\\/#website\",\"url\":\"https:\\\/\\\/glassbottlewholesale.com\\\/\",\"name\":\"Glass Bottle Wholesale\",\"description\":\"\",\"publisher\":{\"@id\":\"https:\\\/\\\/glassbottlewholesale.com\\\/#organization\"},\"potentialAction\":[{\"@type\":\"SearchAction\",\"target\":{\"@type\":\"EntryPoint\",\"urlTemplate\":\"https:\\\/\\\/glassbottlewholesale.com\\\/?s={search_term_string}\"},\"query-input\":{\"@type\":\"PropertyValueSpecification\",\"valueRequired\":true,\"valueName\":\"search_term_string\"}}],\"inLanguage\":\"fr-FR\"},{\"@type\":\"Organization\",\"@id\":\"https:\\\/\\\/glassbottlewholesale.com\\\/#organization\",\"name\":\"Glass Bottle Wholesale\",\"url\":\"https:\\\/\\\/glassbottlewholesale.com\\\/\",\"logo\":{\"@type\":\"ImageObject\",\"inLanguage\":\"fr-FR\",\"@id\":\"https:\\\/\\\/glassbottlewholesale.com\\\/#\\\/schema\\\/logo\\\/image\\\/\",\"url\":\"https:\\\/\\\/glassbottlewholesale.com\\\/wp-content\\\/uploads\\\/2023\\\/12\\\/ruisheng-logo.webp\",\"contentUrl\":\"https:\\\/\\\/glassbottlewholesale.com\\\/wp-content\\\/uploads\\\/2023\\\/12\\\/ruisheng-logo.webp\",\"width\":400,\"height\":233,\"caption\":\"Glass Bottle Wholesale\"},\"image\":{\"@id\":\"https:\\\/\\\/glassbottlewholesale.com\\\/#\\\/schema\\\/logo\\\/image\\\/\"}}]}<\/script>\n<!-- \/ Yoast SEO plugin. -->","yoast_head_json":{"title":"Wholesale Mini Liquor Bottles For Sale | Tiny Spirit Bottle Manufacturers","description":"Do you want to buy wholesale mini liquor bottles for sale outlet from China spirit bottle manufacturers? Free Sample&Quality Assurance.","robots":{"index":"index","follow":"follow","max-snippet":"max-snippet:-1","max-image-preview":"max-image-preview:large","max-video-preview":"max-video-preview:-1"},"canonical":"https:\/\/ruishengglassco.com\/product\/rs068-wholesale-mini-rum-bottles-bulk-for-sale","og_locale":"fr_FR","og_type":"article","og_title":"Wholesale Mini Liquor Bottles For Sale | Tiny Spirit Bottle Manufacturers","og_description":"Do you want to buy wholesale mini liquor bottles for sale outlet from China spirit bottle manufacturers? Free Sample&Quality Assurance.","og_url":"https:\/\/ruishengglassco.com\/product\/rs068-wholesale-mini-rum-bottles-bulk-for-sale","og_site_name":"Glass Bottle Wholesale","article_modified_time":"2023-12-06T01:20:42+00:00","og_image":[{"width":311,"height":350,"url":"https:\/\/glassbottlewholesale.com\/wp-content\/uploads\/2019\/10\/wholesale-mini-liquor-bottle-wholesale-1.jpg","type":"image\/jpeg"}],"twitter_card":"summary_large_image","twitter_misc":{"Dur\u00e9e de lecture estim\u00e9e":"2 minutes"},"schema":{"@context":"https:\/\/schema.org","@graph":[{"@type":"WebPage","@id":"https:\/\/glassbottlewholesale.com\/wholesale-50ml-mini-liquor-bottles-for-sale\/","url":"https:\/\/ruishengglassco.com\/product\/rs068-wholesale-mini-rum-bottles-bulk-for-sale","name":"Wholesale Mini Liquor Bottles For Sale | Tiny Spirit Bottle Manufacturers","isPartOf":{"@id":"https:\/\/glassbottlewholesale.com\/#website"},"primaryImageOfPage":{"@id":"https:\/\/ruishengglassco.com\/product\/rs068-wholesale-mini-rum-bottles-bulk-for-sale#primaryimage"},"image":{"@id":"https:\/\/ruishengglassco.com\/product\/rs068-wholesale-mini-rum-bottles-bulk-for-sale#primaryimage"},"thumbnailUrl":"https:\/\/glassbottlewholesale.com\/wp-content\/uploads\/2019\/10\/wholesale-mini-liquor-bottle-wholesale-1.jpg","datePublished":"2019-10-18T07:56:34+00:00","dateModified":"2023-12-06T01:20:42+00:00","description":"Do you want to buy wholesale mini liquor bottles for sale outlet from China spirit bottle manufacturers? Free Sample&Quality Assurance.","breadcrumb":{"@id":"https:\/\/ruishengglassco.com\/product\/rs068-wholesale-mini-rum-bottles-bulk-for-sale#breadcrumb"},"inLanguage":"fr-FR","potentialAction":[{"@type":"ReadAction","target":["https:\/\/ruishengglassco.com\/product\/rs068-wholesale-mini-rum-bottles-bulk-for-sale"]}]},{"@type":"ImageObject","inLanguage":"fr-FR","@id":"https:\/\/ruishengglassco.com\/product\/rs068-wholesale-mini-rum-bottles-bulk-for-sale#primaryimage","url":"https:\/\/glassbottlewholesale.com\/wp-content\/uploads\/2019\/10\/wholesale-mini-liquor-bottle-wholesale-1.jpg","contentUrl":"https:\/\/glassbottlewholesale.com\/wp-content\/uploads\/2019\/10\/wholesale-mini-liquor-bottle-wholesale-1.jpg","width":311,"height":350,"caption":"wholesale mini liquor bottle wholesale (1)"},{"@type":"BreadcrumbList","@id":"https:\/\/ruishengglassco.com\/product\/rs068-wholesale-mini-rum-bottles-bulk-for-sale#breadcrumb","itemListElement":[{"@type":"ListItem","position":1,"name":"Home","item":"https:\/\/glassbottlewholesale.com\/"},{"@type":"ListItem","position":2,"name":"Products","item":"https:\/\/glassbottlewholesale.com\/shop\/"},{"@type":"ListItem","position":3,"name":"RS068: Wholesale Mini Rum Bottles Bulk For Sale"}]},{"@type":"WebSite","@id":"https:\/\/glassbottlewholesale.com\/#website","url":"https:\/\/glassbottlewholesale.com\/","name":"Glass Bottle Wholesale","description":"","publisher":{"@id":"https:\/\/glassbottlewholesale.com\/#organization"},"potentialAction":[{"@type":"SearchAction","target":{"@type":"EntryPoint","urlTemplate":"https:\/\/glassbottlewholesale.com\/?s={search_term_string}"},"query-input":{"@type":"PropertyValueSpecification","valueRequired":true,"valueName":"search_term_string"}}],"inLanguage":"fr-FR"},{"@type":"Organization","@id":"https:\/\/glassbottlewholesale.com\/#organization","name":"Glass Bottle Wholesale","url":"https:\/\/glassbottlewholesale.com\/","logo":{"@type":"ImageObject","inLanguage":"fr-FR","@id":"https:\/\/glassbottlewholesale.com\/#\/schema\/logo\/image\/","url":"https:\/\/glassbottlewholesale.com\/wp-content\/uploads\/2023\/12\/ruisheng-logo.webp","contentUrl":"https:\/\/glassbottlewholesale.com\/wp-content\/uploads\/2023\/12\/ruisheng-logo.webp","width":400,"height":233,"caption":"Glass Bottle Wholesale"},"image":{"@id":"https:\/\/glassbottlewholesale.com\/#\/schema\/logo\/image\/"}}]}},"_links":{"self":[{"href":"https:\/\/glassbottlewholesale.com\/fr\/wp-json\/wp\/v2\/product\/733","targetHints":{"allow":["GET"]}}],"collection":[{"href":"https:\/\/glassbottlewholesale.com\/fr\/wp-json\/wp\/v2\/product"}],"about":[{"href":"https:\/\/glassbottlewholesale.com\/fr\/wp-json\/wp\/v2\/types\/product"}],"replies":[{"embeddable":true,"href":"https:\/\/glassbottlewholesale.com\/fr\/wp-json\/wp\/v2\/comments?post=733"}],"wp:featuredmedia":[{"embeddable":true,"href":"https:\/\/glassbottlewholesale.com\/fr\/wp-json\/wp\/v2\/media\/2240"}],"wp:attachment":[{"href":"https:\/\/glassbottlewholesale.com\/fr\/wp-json\/wp\/v2\/media?parent=733"}],"wp:term":[{"taxonomy":"product_brand","embeddable":true,"href":"https:\/\/glassbottlewholesale.com\/fr\/wp-json\/wp\/v2\/product_brand?post=733"},{"taxonomy":"product_cat","embeddable":true,"href":"https:\/\/glassbottlewholesale.com\/fr\/wp-json\/wp\/v2\/product_cat?post=733"},{"taxonomy":"product_tag","embeddable":true,"href":"https:\/\/glassbottlewholesale.com\/fr\/wp-json\/wp\/v2\/product_tag?post=733"}],"curies":[{"name":"wp","href":"https:\/\/api.w.org\/{rel}","templated":true}]}}