{"id":735,"date":"2019-12-18T08:07:32","date_gmt":"2019-12-18T08:07:32","guid":{"rendered":"https:\/\/queenchingglass.com\/?post_type=product&#038;p=735"},"modified":"2025-07-10T03:36:47","modified_gmt":"2025-07-10T03:36:47","slug":"bouteilles-plates-de-500-ml-en-gros","status":"publish","type":"product","link":"https:\/\/glassbottlewholesale.com\/fr\/bouteilles-plates-de-500-ml-en-gros\/","title":{"rendered":"RS047\u00a0: Bouteilles plates de 500 ml en gros pour le rhum"},"content":{"rendered":"<div class=\"wpb-content-wrapper\"><div class=\"vc_row wpb_row vc_row-fluid\"><div class=\"wpb_column vc_column_container vc_col-sm-12\"><div class=\"vc_column-inner\"><div class=\"wpb_wrapper\">\n\t<div class=\"wpb_text_column wpb_content_element\" >\n\t\t<div class=\"wpb_wrapper\">\n\t\t\t<p>Ces bouteilles en verre plat de 500 ml sont vendues en gros par Shandong Yuncheng Ruisheng Glass Co., Ltd. Ruisheng est le plus grand <a href=\"https:\/\/ruishengglassco.com\/glass-liquor-spirit-bottles\">producteur de bouteilles en verre silex<\/a> en Chine. Elle propose non seulement des bouteilles en verre transparent de qualit\u00e9 sup\u00e9rieure, mais \u00e9galement des bouteilles en verre transparent de qualit\u00e9 moyenne et des bouteilles en verre vert.<\/p>\n<p>Cette bouteille en verre plat est la bouteille en verre courante. Ces bouteilles en verre de 500 ml peuvent \u00eatre utilis\u00e9es pour le vin, la vodka, le whisky, le rhum, le gin et d&#039;autres liquides. Ces bouteilles en verre peuvent \u00eatre vendues dans de nombreux pays et r\u00e9gions tels que l&#039;Europe, les \u00c9tats-Unis, l&#039;Australie, l&#039;Am\u00e9rique et bien d&#039;autres.<\/p>\n<p>Ces bouteilles en verre plat transparent sont fabriqu\u00e9es en verre super silex. Ce mat\u00e9riau de bouteille en verre est le mat\u00e9riau de qualit\u00e9 sup\u00e9rieure pour la bouteille en verre. Utilisez ce mat\u00e9riau fabriqu\u00e9 en bouteille en verre qui est tr\u00e8s clair, lisse et tr\u00e8s durable.<\/p>\n<p>Nous pouvons fabriquer ces bouteilles en verre plat transparent de plusieurs tailles si vous en avez besoin. Tels que 375 ml, 500 ml, 700 ml, 750 ml, 1000 ml et autres. D\u00e9sormais, nos bouteilles en verre existantes mesurent 500 ml. Si vous en avez besoin, nous pouvons r\u00e9aliser un nouveau moule pour fabriquer les bouteilles en verre.<\/p>\n<h4>Les d\u00e9tails sur les bouteilles en verre plat de 500 ml en gros pour le rhum<\/h4>\n<ul>\n<li>Marque : Ruisheng(RS)<\/li>\n<li>Capacit\u00e9 : 500 ml\/750 ml\/personnalis\u00e9<\/li>\n<li>Couleur: clair\/transparent<\/li>\n<li>Bouchons : Li\u00e8geFORME BOUTEILLE Carr\u00e9<\/li>\n<li>Poids : 700G<\/li>\n<li>Hauteur\u00a0: 230\u00a0MM \u00b1 2\u00a0MM<\/li>\n<li>Diam\u00e8tre: 90MM \u00b1 2MM<\/li>\n<li><strong>Quantit\u00e9 minimale de commande\u00a0:<\/strong> 1 \u00d7 40HQ (environ 30 000 bouteilles de 500 ml)<\/li>\n<\/ul>\n<p>&nbsp;<\/p>\n<p>Nos bouteilles en verre de cette forme mesurent 500 ml avec un bouchon en li\u00e8ge, et ces bouteilles en verre peuvent changer la finition de leur bouchon en bouchon \u00e0 vis. C&#039;est selon les demandes du client.<\/p>\n<p>Si vous souhaitez acheter des bouteilles en verre silex transparent de 500 ml ou acheter des bouteilles en verre en gros, veuillez nous contacter par e-mail ou par t\u00e9l\u00e9phone. Nous vous r\u00e9pondrons dans les plus brefs d\u00e9lais.<\/p>\n\n\t\t<\/div>\n\t<\/div>\n<\/div><\/div><\/div><\/div>\n<\/div>","protected":false},"excerpt":{"rendered":"<p>Ces bouteilles en verre plat de 500 ml sont fabriqu\u00e9es en verre super silex. Ce mat\u00e9riau de bouteille en verre est le mat\u00e9riau de qualit\u00e9 sup\u00e9rieure pour la bouteille en verre. Utilisez ce mat\u00e9riau fabriqu\u00e9 en bouteille en verre qui est tr\u00e8s clair, lisse et tr\u00e8s durable.<\/p>","protected":false},"featured_media":4787,"comment_status":"open","ping_status":"closed","template":"","meta":[],"product_brand":[],"product_cat":[50,64,65],"product_tag":[],"class_list":{"0":"post-735","1":"product","2":"type-product","3":"status-publish","4":"has-post-thumbnail","6":"product_cat-500ml-glass-bottle","7":"product_cat-gin-bottle","8":"product_cat-rum-bottle","9":"entry","10":"has-media","12":"first","13":"instock","14":"shipping-taxable","15":"product-type-simple"},"yoast_head":"<!-- This site is optimized with the Yoast SEO plugin v27.3 - https:\/\/yoast.com\/product\/yoast-seo-wordpress\/ -->\n<title>500ml Flat Glass Bottles Wholesale | Bulk Old Rum Bottle With Cork<\/title>\n<meta name=\"description\" content=\"Ruidheng, China Best Liquor Bottle Mnaufacturer, Provide 500ml Flat Glass Bottles Wholesale For Rum. Welcome To Bulk Old Rum Bottle With Cork Factory Price.\" \/>\n<meta name=\"robots\" content=\"index, follow, max-snippet:-1, max-image-preview:large, max-video-preview:-1\" \/>\n<link rel=\"canonical\" href=\"https:\/\/ruishengglassco.com\/product\/rs047-flat-500-ml-bottles-manufacturers-for-rum\" \/>\n<meta property=\"og:locale\" content=\"fr_FR\" \/>\n<meta property=\"og:type\" content=\"article\" \/>\n<meta property=\"og:title\" content=\"500ml Flat Glass Bottles Wholesale | Bulk Old Rum Bottle With Cork\" \/>\n<meta property=\"og:description\" content=\"Ruidheng, China Best Liquor Bottle Mnaufacturer, Provide 500ml Flat Glass Bottles Wholesale For Rum. Welcome To Bulk Old Rum Bottle With Cork Factory Price.\" \/>\n<meta property=\"og:url\" content=\"https:\/\/ruishengglassco.com\/product\/rs047-flat-500-ml-bottles-manufacturers-for-rum\" \/>\n<meta property=\"og:site_name\" content=\"Glass Bottle Wholesale\" \/>\n<meta property=\"article:modified_time\" content=\"2025-07-10T03:36:47+00:00\" \/>\n<meta property=\"og:image\" content=\"https:\/\/glassbottlewholesale.com\/wp-content\/uploads\/2024\/04\/glass-bottle-manufacturing-40.png\" \/>\n\t<meta property=\"og:image:width\" content=\"800\" \/>\n\t<meta property=\"og:image:height\" content=\"800\" \/>\n\t<meta property=\"og:image:type\" content=\"image\/png\" \/>\n<meta name=\"twitter:card\" content=\"summary_large_image\" \/>\n<meta name=\"twitter:label1\" content=\"Dur\u00e9e de lecture estim\u00e9e\" \/>\n\t<meta name=\"twitter:data1\" content=\"2 minutes\" \/>\n<script type=\"application\/ld+json\" class=\"yoast-schema-graph\">{\"@context\":\"https:\\\/\\\/schema.org\",\"@graph\":[{\"@type\":\"WebPage\",\"@id\":\"https:\\\/\\\/glassbottlewholesale.com\\\/flat-500-ml-bottles-wholesale\\\/\",\"url\":\"https:\\\/\\\/ruishengglassco.com\\\/product\\\/rs047-flat-500-ml-bottles-manufacturers-for-rum\",\"name\":\"500ml Flat Glass Bottles Wholesale | Bulk Old Rum Bottle With Cork\",\"isPartOf\":{\"@id\":\"https:\\\/\\\/glassbottlewholesale.com\\\/#website\"},\"primaryImageOfPage\":{\"@id\":\"https:\\\/\\\/ruishengglassco.com\\\/product\\\/rs047-flat-500-ml-bottles-manufacturers-for-rum#primaryimage\"},\"image\":{\"@id\":\"https:\\\/\\\/ruishengglassco.com\\\/product\\\/rs047-flat-500-ml-bottles-manufacturers-for-rum#primaryimage\"},\"thumbnailUrl\":\"https:\\\/\\\/glassbottlewholesale.com\\\/wp-content\\\/uploads\\\/2024\\\/04\\\/glass-bottle-manufacturing-40.png\",\"datePublished\":\"2019-12-18T08:07:32+00:00\",\"dateModified\":\"2025-07-10T03:36:47+00:00\",\"description\":\"Ruidheng, China Best Liquor Bottle Mnaufacturer, Provide 500ml Flat Glass Bottles Wholesale For Rum. Welcome To Bulk Old Rum Bottle With Cork Factory Price.\",\"breadcrumb\":{\"@id\":\"https:\\\/\\\/ruishengglassco.com\\\/product\\\/rs047-flat-500-ml-bottles-manufacturers-for-rum#breadcrumb\"},\"inLanguage\":\"fr-FR\",\"potentialAction\":[{\"@type\":\"ReadAction\",\"target\":[\"https:\\\/\\\/ruishengglassco.com\\\/product\\\/rs047-flat-500-ml-bottles-manufacturers-for-rum\"]}]},{\"@type\":\"ImageObject\",\"inLanguage\":\"fr-FR\",\"@id\":\"https:\\\/\\\/ruishengglassco.com\\\/product\\\/rs047-flat-500-ml-bottles-manufacturers-for-rum#primaryimage\",\"url\":\"https:\\\/\\\/glassbottlewholesale.com\\\/wp-content\\\/uploads\\\/2024\\\/04\\\/glass-bottle-manufacturing-40.png\",\"contentUrl\":\"https:\\\/\\\/glassbottlewholesale.com\\\/wp-content\\\/uploads\\\/2024\\\/04\\\/glass-bottle-manufacturing-40.png\",\"width\":800,\"height\":800},{\"@type\":\"BreadcrumbList\",\"@id\":\"https:\\\/\\\/ruishengglassco.com\\\/product\\\/rs047-flat-500-ml-bottles-manufacturers-for-rum#breadcrumb\",\"itemListElement\":[{\"@type\":\"ListItem\",\"position\":1,\"name\":\"Home\",\"item\":\"https:\\\/\\\/glassbottlewholesale.com\\\/\"},{\"@type\":\"ListItem\",\"position\":2,\"name\":\"Products\",\"item\":\"https:\\\/\\\/glassbottlewholesale.com\\\/shop\\\/\"},{\"@type\":\"ListItem\",\"position\":3,\"name\":\"RS047: Flat 500 ml Bottles Wholesale For Rum\"}]},{\"@type\":\"WebSite\",\"@id\":\"https:\\\/\\\/glassbottlewholesale.com\\\/#website\",\"url\":\"https:\\\/\\\/glassbottlewholesale.com\\\/\",\"name\":\"Glass Bottle Wholesale\",\"description\":\"\",\"publisher\":{\"@id\":\"https:\\\/\\\/glassbottlewholesale.com\\\/#organization\"},\"potentialAction\":[{\"@type\":\"SearchAction\",\"target\":{\"@type\":\"EntryPoint\",\"urlTemplate\":\"https:\\\/\\\/glassbottlewholesale.com\\\/?s={search_term_string}\"},\"query-input\":{\"@type\":\"PropertyValueSpecification\",\"valueRequired\":true,\"valueName\":\"search_term_string\"}}],\"inLanguage\":\"fr-FR\"},{\"@type\":\"Organization\",\"@id\":\"https:\\\/\\\/glassbottlewholesale.com\\\/#organization\",\"name\":\"Glass Bottle Wholesale\",\"url\":\"https:\\\/\\\/glassbottlewholesale.com\\\/\",\"logo\":{\"@type\":\"ImageObject\",\"inLanguage\":\"fr-FR\",\"@id\":\"https:\\\/\\\/glassbottlewholesale.com\\\/#\\\/schema\\\/logo\\\/image\\\/\",\"url\":\"https:\\\/\\\/glassbottlewholesale.com\\\/wp-content\\\/uploads\\\/2023\\\/12\\\/ruisheng-logo.webp\",\"contentUrl\":\"https:\\\/\\\/glassbottlewholesale.com\\\/wp-content\\\/uploads\\\/2023\\\/12\\\/ruisheng-logo.webp\",\"width\":400,\"height\":233,\"caption\":\"Glass Bottle Wholesale\"},\"image\":{\"@id\":\"https:\\\/\\\/glassbottlewholesale.com\\\/#\\\/schema\\\/logo\\\/image\\\/\"}}]}<\/script>\n<!-- \/ Yoast SEO plugin. -->","yoast_head_json":{"title":"Bouteilles en verre plat de 500 ml en gros | Bouteille de rhum vieux en vrac avec bouchon en li\u00e8ge","description":"Ruidheng, le meilleur fabricant de bouteilles d&#039;alcool de Chine, fournit en gros des bouteilles en verre plat de 500 ml pour le rhum. Bienvenue dans la bouteille de rhum vieux en vrac avec prix d&#039;usine en li\u00e8ge.","robots":{"index":"index","follow":"follow","max-snippet":"max-snippet:-1","max-image-preview":"max-image-preview:large","max-video-preview":"max-video-preview:-1"},"canonical":"https:\/\/ruishengglassco.com\/product\/rs047-flat-500-ml-bottles-manufacturers-for-rum","og_locale":"fr_FR","og_type":"article","og_title":"500ml Flat Glass Bottles Wholesale | Bulk Old Rum Bottle With Cork","og_description":"Ruidheng, China Best Liquor Bottle Mnaufacturer, Provide 500ml Flat Glass Bottles Wholesale For Rum. Welcome To Bulk Old Rum Bottle With Cork Factory Price.","og_url":"https:\/\/ruishengglassco.com\/product\/rs047-flat-500-ml-bottles-manufacturers-for-rum","og_site_name":"Glass Bottle Wholesale","article_modified_time":"2025-07-10T03:36:47+00:00","og_image":[{"width":800,"height":800,"url":"https:\/\/glassbottlewholesale.com\/wp-content\/uploads\/2024\/04\/glass-bottle-manufacturing-40.png","type":"image\/png"}],"twitter_card":"summary_large_image","twitter_misc":{"Dur\u00e9e de lecture estim\u00e9e":"2 minutes"},"schema":{"@context":"https:\/\/schema.org","@graph":[{"@type":"WebPage","@id":"https:\/\/glassbottlewholesale.com\/flat-500-ml-bottles-wholesale\/","url":"https:\/\/ruishengglassco.com\/product\/rs047-flat-500-ml-bottles-manufacturers-for-rum","name":"Bouteilles en verre plat de 500 ml en gros | Bouteille de rhum vieux en vrac avec bouchon en li\u00e8ge","isPartOf":{"@id":"https:\/\/glassbottlewholesale.com\/#website"},"primaryImageOfPage":{"@id":"https:\/\/ruishengglassco.com\/product\/rs047-flat-500-ml-bottles-manufacturers-for-rum#primaryimage"},"image":{"@id":"https:\/\/ruishengglassco.com\/product\/rs047-flat-500-ml-bottles-manufacturers-for-rum#primaryimage"},"thumbnailUrl":"https:\/\/glassbottlewholesale.com\/wp-content\/uploads\/2024\/04\/glass-bottle-manufacturing-40.png","datePublished":"2019-12-18T08:07:32+00:00","dateModified":"2025-07-10T03:36:47+00:00","description":"Ruidheng, le meilleur fabricant de bouteilles d&#039;alcool de Chine, fournit en gros des bouteilles en verre plat de 500 ml pour le rhum. Bienvenue dans la bouteille de rhum vieux en vrac avec prix d&#039;usine en li\u00e8ge.","breadcrumb":{"@id":"https:\/\/ruishengglassco.com\/product\/rs047-flat-500-ml-bottles-manufacturers-for-rum#breadcrumb"},"inLanguage":"fr-FR","potentialAction":[{"@type":"ReadAction","target":["https:\/\/ruishengglassco.com\/product\/rs047-flat-500-ml-bottles-manufacturers-for-rum"]}]},{"@type":"ImageObject","inLanguage":"fr-FR","@id":"https:\/\/ruishengglassco.com\/product\/rs047-flat-500-ml-bottles-manufacturers-for-rum#primaryimage","url":"https:\/\/glassbottlewholesale.com\/wp-content\/uploads\/2024\/04\/glass-bottle-manufacturing-40.png","contentUrl":"https:\/\/glassbottlewholesale.com\/wp-content\/uploads\/2024\/04\/glass-bottle-manufacturing-40.png","width":800,"height":800},{"@type":"BreadcrumbList","@id":"https:\/\/ruishengglassco.com\/product\/rs047-flat-500-ml-bottles-manufacturers-for-rum#breadcrumb","itemListElement":[{"@type":"ListItem","position":1,"name":"Home","item":"https:\/\/glassbottlewholesale.com\/"},{"@type":"ListItem","position":2,"name":"Products","item":"https:\/\/glassbottlewholesale.com\/shop\/"},{"@type":"ListItem","position":3,"name":"RS047: Flat 500 ml Bottles Wholesale For Rum"}]},{"@type":"WebSite","@id":"https:\/\/glassbottlewholesale.com\/#website","url":"https:\/\/glassbottlewholesale.com\/","name":"Glass Bottle Wholesale","description":"","publisher":{"@id":"https:\/\/glassbottlewholesale.com\/#organization"},"potentialAction":[{"@type":"SearchAction","target":{"@type":"EntryPoint","urlTemplate":"https:\/\/glassbottlewholesale.com\/?s={search_term_string}"},"query-input":{"@type":"PropertyValueSpecification","valueRequired":true,"valueName":"search_term_string"}}],"inLanguage":"fr-FR"},{"@type":"Organization","@id":"https:\/\/glassbottlewholesale.com\/#organization","name":"Glass Bottle Wholesale","url":"https:\/\/glassbottlewholesale.com\/","logo":{"@type":"ImageObject","inLanguage":"fr-FR","@id":"https:\/\/glassbottlewholesale.com\/#\/schema\/logo\/image\/","url":"https:\/\/glassbottlewholesale.com\/wp-content\/uploads\/2023\/12\/ruisheng-logo.webp","contentUrl":"https:\/\/glassbottlewholesale.com\/wp-content\/uploads\/2023\/12\/ruisheng-logo.webp","width":400,"height":233,"caption":"Glass Bottle Wholesale"},"image":{"@id":"https:\/\/glassbottlewholesale.com\/#\/schema\/logo\/image\/"}}]}},"_links":{"self":[{"href":"https:\/\/glassbottlewholesale.com\/fr\/wp-json\/wp\/v2\/product\/735","targetHints":{"allow":["GET"]}}],"collection":[{"href":"https:\/\/glassbottlewholesale.com\/fr\/wp-json\/wp\/v2\/product"}],"about":[{"href":"https:\/\/glassbottlewholesale.com\/fr\/wp-json\/wp\/v2\/types\/product"}],"replies":[{"embeddable":true,"href":"https:\/\/glassbottlewholesale.com\/fr\/wp-json\/wp\/v2\/comments?post=735"}],"wp:featuredmedia":[{"embeddable":true,"href":"https:\/\/glassbottlewholesale.com\/fr\/wp-json\/wp\/v2\/media\/4787"}],"wp:attachment":[{"href":"https:\/\/glassbottlewholesale.com\/fr\/wp-json\/wp\/v2\/media?parent=735"}],"wp:term":[{"taxonomy":"product_brand","embeddable":true,"href":"https:\/\/glassbottlewholesale.com\/fr\/wp-json\/wp\/v2\/product_brand?post=735"},{"taxonomy":"product_cat","embeddable":true,"href":"https:\/\/glassbottlewholesale.com\/fr\/wp-json\/wp\/v2\/product_cat?post=735"},{"taxonomy":"product_tag","embeddable":true,"href":"https:\/\/glassbottlewholesale.com\/fr\/wp-json\/wp\/v2\/product_tag?post=735"}],"curies":[{"name":"wp","href":"https:\/\/api.w.org\/{rel}","templated":true}]}}