{"id":758,"date":"2019-10-18T08:36:43","date_gmt":"2019-10-18T08:36:43","guid":{"rendered":"https:\/\/queenchingglass.com\/?post_type=product&#038;p=758"},"modified":"2025-07-10T01:39:02","modified_gmt":"2025-07-10T01:39:02","slug":"custom-wholesale-small-glass-bottles-250ml","status":"publish","type":"product","link":"https:\/\/glassbottlewholesale.com\/fr\/custom-wholesale-small-glass-bottles-250ml\/","title":{"rendered":"RS0611\u00a0: Petites bouteilles en verre personnalis\u00e9es en gros de 250\u00a0ml"},"content":{"rendered":"<div class=\"wpb-content-wrapper\"><div class=\"vc_row wpb_row vc_row-fluid\"><div class=\"wpb_column vc_column_container vc_col-sm-12\"><div class=\"vc_column-inner\"><div class=\"wpb_wrapper\">\n\t<div class=\"wpb_text_column wpb_content_element\" >\n\t\t<div class=\"wpb_wrapper\">\n\t\t\t<h4>Custom Glass Bottles With Lids<\/h4>\n<p>In addition to producing medium and large liquid glass bottles, our company also custom glass bottles with lids 250ml. Ruisheng small glass bottles, adopting high flint glass material, makes this glass bottles for sale more clear and transparent\u3002<\/p>\n<p>Ces <a href=\"https:\/\/ruishengglassco.com\/\">glass bottles with lids<\/a> can be used for perfumes, freebies or condiments, you can also use it to hold the samples presented. It has a lot of capacity,50ml.100ml.150ml or 200ml. You can also ask for its capacity what you want.<\/p>\n<p>Our company has a lot of these custom printed glass bottles, it has many kinds of shapes, such as tower shape, heart shape, skull shape, and black glass Boston round bottles. We also accept ODM\/OEM order, only you give us a picture or drawing, we can do the same bottle.<\/p>\n<h4>The Information of Custom Glass Bottles With Lids 250ml :<\/h4>\n<ul>\n<li>Mat\u00e9riau principal: verre silex \u00e9lev\u00e9<\/li>\n<li>Bouchon : bouchon \u00e0 vis<\/li>\n<li>Reference: RS061<\/li>\n<li>Quantit\u00e9 minimale de commande\u00a0:\u00a010\u00a0000\u00a0pi\u00e8ces<\/li>\n<li>Capacity: 100ml<\/li>\n<li>Pi\u00e8ces\/carton\u00a0: 24 pi\u00e8ces<\/li>\n<li>Origine du lieu : Shandong, Chine<\/li>\n<li>Caract\u00e9ristique\u00a0:\u00a0\u00e9cologique<\/li>\n<\/ul>\n<p>These custom glass bottles for liquor are made very quickly, and we have some bottles in stock. If you want it urgently, we can arrange delivery for you as soon as possible.<\/p>\n<p>As one of the biggest China spirit bottles manufacturer, Ruisheng can also make spray heads for you with this bottle.<\/p>\n<p>Our main products are top grade clear glass bottles such as vodka bottle, brandy bottle, whiskey bottle, liquor bottle, jam bottle and so on. We also can offer amber glass bottles, green bottles, and water bottles. Our main market is Europe, Russia, Australia, America, etc. And all products enjoy a high reputation for innovation and functionality.<\/p>\n<p>I hope you like these custom small glass bottles wholesale, we can also send you the catalog, you can choose someone you like. We also welcome you to visit our factory and place an order. We hope to cooperate with you for a long time. <span class=\"tran\" data-group=\"0_0\">I hope that<\/span> <span class=\"tran\" data-group=\"1_1\">nous<\/span> <span class=\"tran\" data-group=\"2_2\">can<\/span> <span class=\"tran highlight\" data-group=\"3_3\">cooperate<\/span> <span class=\"tran\" data-group=\"4_4\">happily<\/span>.<\/p>\n<p>If you are interested in bulk glass bottles in factory outlet price. please contact us. We will reply to you within 24hours.<\/p>\n\n\t\t<\/div>\n\t<\/div>\n<\/div><\/div><\/div><\/div>\n<\/div>","protected":false},"excerpt":{"rendered":"<p>.tg {border-collapse:collapse;border-spacing:0;border-color:#ccc;}<br \/>.tg td{font-family:Arial, sans-serif;font-size:14px;padding:10px 5px;border-style:solid;border-width:1px;overflow:hidden;word-break:normal;border-color:#ccc;color:#333;background-color:#fff;}<br \/>.tg th{font-family:Arial, sans-serif;font-size:14px;font-weight:normal;padding:10px 5px;border-style:solid;border-width:1px;overflow:hidden;word-break:normal;border-color:#ccc;color:#333;background-color:#f0f0;}<br \/>.tg .tg-24i8{font-size:24px;vertical-align:top}<br \/>.tg .tg-b7b8{background-color:#f9f9f9;vertical-align:top}<br \/>.tg .tg-yw4l{vertical-align:top}<\/p>\n<table class=\"tg\">\n<tbody>\n<tr>\n<th class=\"tg-24i8\" colspan=\"2\">Custom Small Glass Bottles With Lids<\/th>\n<\/tr>\n<tr>\n<td class=\"tg-b7b8\">R\u00e9f\u00e9rence:<\/td>\n<td class=\"tg-b7b8\">RS061<\/td>\n<\/tr>\n<tr>\n<td class=\"tg-yw4l\">Mat\u00e9riau principal:<\/td>\n<td class=\"tg-yw4l\">Verre \u00e0 haute teneur en silex (ce mat\u00e9riau est \u00e9galement appel\u00e9 verre blanc cristal)<\/td>\n<\/tr>\n<tr>\n<td class=\"tg-b7b8\">Casquette:<\/td>\n<td class=\"tg-b7b8\">Casquette Scrow<\/td>\n<\/tr>\n<tr>\n<td class=\"tg-yw4l\">Capacit\u00e9:<\/td>\n<td class=\"tg-yw4l\">Coutume<\/td>\n<\/tr>\n<tr>\n<td class=\"tg-b7b8\">Fonctionnalit\u00e9:<\/td>\n<td class=\"tg-b7b8\">Respectueux de la nature<\/td>\n<\/tr>\n<tr>\n<td class=\"tg-yw4l\">Quantit\u00e9 minimale de commande\u00a0:<\/td>\n<td class=\"tg-yw4l\">10000 pi\u00e8ces<\/td>\n<\/tr>\n<tr>\n<td class=\"tg-b7b8\">Mani\u00e8re d&#039;emballage\u00a0:<\/td>\n<td class=\"tg-b7b8\">Carton standard d&#039;exportation\/palette\/carton et palette standard d&#039;exportation<\/td>\n<\/tr>\n<tr>\n<td class=\"tg-yw4l\">OEM\/ODM\u00a0:<\/td>\n<td class=\"tg-yw4l\">Accueillir<\/td>\n<\/tr>\n<tr>\n<td class=\"tg-b7b8\">Origine du lieu :<\/td>\n<td class=\"tg-b7b8\">Shandong, Chine<\/td>\n<\/tr>\n<tr>\n<td class=\"tg-yw4l\">Pi\u00e8ces\/ctn\u00a0:<\/td>\n<td class=\"tg-yw4l\">24 pi\u00e8ces ou selon les demandes des clients<\/td>\n<\/tr>\n<\/tbody>\n<\/table>","protected":false},"featured_media":2793,"comment_status":"open","ping_status":"closed","template":"","meta":[],"product_brand":[],"product_cat":[48,55,67],"product_tag":[],"class_list":{"0":"post-758","1":"product","2":"type-product","3":"status-publish","4":"has-post-thumbnail","6":"product_cat-250ml-glass-bottle","7":"product_cat-custom-glass-bottle","8":"product_cat-vodka-bottle","9":"entry","10":"has-media","12":"first","13":"instock","14":"shipping-taxable","15":"product-type-simple"},"yoast_head":"<!-- This site is optimized with the Yoast SEO plugin v27.3 - https:\/\/yoast.com\/product\/yoast-seo-wordpress\/ -->\n<title>250ml Custom Glass Bottles With Lids | China Spirit Bottles Manufacturers<\/title>\n<meta name=\"description\" content=\"Ruisheng, a professional China Spirit Bottle Manufacturer, Wholesale 250ml 250ml Custom Glass Bottles with Lids In Factory Outlet Price.\" \/>\n<meta name=\"robots\" content=\"index, follow, max-snippet:-1, max-image-preview:large, max-video-preview:-1\" \/>\n<link rel=\"canonical\" href=\"https:\/\/ruishengglassco.com\/product\/rs0611-custom-manufacturers-small-glass-bottles-250ml\" \/>\n<meta property=\"og:locale\" content=\"fr_FR\" \/>\n<meta property=\"og:type\" content=\"article\" \/>\n<meta property=\"og:title\" content=\"250ml Custom Glass Bottles With Lids | China Spirit Bottles Manufacturers\" \/>\n<meta property=\"og:description\" content=\"Ruisheng, a professional China Spirit Bottle Manufacturer, Wholesale 250ml 250ml Custom Glass Bottles with Lids In Factory Outlet Price.\" \/>\n<meta property=\"og:url\" content=\"https:\/\/ruishengglassco.com\/product\/rs0611-custom-manufacturers-small-glass-bottles-250ml\" \/>\n<meta property=\"og:site_name\" content=\"Glass Bottle Wholesale\" \/>\n<meta property=\"article:modified_time\" content=\"2025-07-10T01:39:02+00:00\" \/>\n<meta property=\"og:image\" content=\"https:\/\/glassbottlewholesale.com\/wp-content\/uploads\/2021\/05\/R85-glassbottle.jpg\" \/>\n\t<meta property=\"og:image:width\" content=\"800\" \/>\n\t<meta property=\"og:image:height\" content=\"800\" \/>\n\t<meta property=\"og:image:type\" content=\"image\/jpeg\" \/>\n<meta name=\"twitter:card\" content=\"summary_large_image\" \/>\n<meta name=\"twitter:label1\" content=\"Dur\u00e9e de lecture estim\u00e9e\" \/>\n\t<meta name=\"twitter:data1\" content=\"2 minutes\" \/>\n<script type=\"application\/ld+json\" class=\"yoast-schema-graph\">{\"@context\":\"https:\\\/\\\/schema.org\",\"@graph\":[{\"@type\":\"WebPage\",\"@id\":\"https:\\\/\\\/glassbottlewholesale.com\\\/custom-wholesale-small-glass-bottles-250ml\\\/\",\"url\":\"https:\\\/\\\/ruishengglassco.com\\\/product\\\/rs0611-custom-manufacturers-small-glass-bottles-250ml\",\"name\":\"250ml Custom Glass Bottles With Lids | China Spirit Bottles Manufacturers\",\"isPartOf\":{\"@id\":\"https:\\\/\\\/glassbottlewholesale.com\\\/#website\"},\"primaryImageOfPage\":{\"@id\":\"https:\\\/\\\/ruishengglassco.com\\\/product\\\/rs0611-custom-manufacturers-small-glass-bottles-250ml#primaryimage\"},\"image\":{\"@id\":\"https:\\\/\\\/ruishengglassco.com\\\/product\\\/rs0611-custom-manufacturers-small-glass-bottles-250ml#primaryimage\"},\"thumbnailUrl\":\"https:\\\/\\\/glassbottlewholesale.com\\\/wp-content\\\/uploads\\\/2021\\\/05\\\/R85-glassbottle.jpg\",\"datePublished\":\"2019-10-18T08:36:43+00:00\",\"dateModified\":\"2025-07-10T01:39:02+00:00\",\"description\":\"Ruisheng, a professional China Spirit Bottle Manufacturer, Wholesale 250ml 250ml Custom Glass Bottles with Lids In Factory Outlet Price.\",\"breadcrumb\":{\"@id\":\"https:\\\/\\\/ruishengglassco.com\\\/product\\\/rs0611-custom-manufacturers-small-glass-bottles-250ml#breadcrumb\"},\"inLanguage\":\"fr-FR\",\"potentialAction\":[{\"@type\":\"ReadAction\",\"target\":[\"https:\\\/\\\/ruishengglassco.com\\\/product\\\/rs0611-custom-manufacturers-small-glass-bottles-250ml\"]}]},{\"@type\":\"ImageObject\",\"inLanguage\":\"fr-FR\",\"@id\":\"https:\\\/\\\/ruishengglassco.com\\\/product\\\/rs0611-custom-manufacturers-small-glass-bottles-250ml#primaryimage\",\"url\":\"https:\\\/\\\/glassbottlewholesale.com\\\/wp-content\\\/uploads\\\/2021\\\/05\\\/R85-glassbottle.jpg\",\"contentUrl\":\"https:\\\/\\\/glassbottlewholesale.com\\\/wp-content\\\/uploads\\\/2021\\\/05\\\/R85-glassbottle.jpg\",\"width\":800,\"height\":800,\"caption\":\"Custom Wholesale Small Glass Bottles 250ml\"},{\"@type\":\"BreadcrumbList\",\"@id\":\"https:\\\/\\\/ruishengglassco.com\\\/product\\\/rs0611-custom-manufacturers-small-glass-bottles-250ml#breadcrumb\",\"itemListElement\":[{\"@type\":\"ListItem\",\"position\":1,\"name\":\"Home\",\"item\":\"https:\\\/\\\/glassbottlewholesale.com\\\/\"},{\"@type\":\"ListItem\",\"position\":2,\"name\":\"Products\",\"item\":\"https:\\\/\\\/glassbottlewholesale.com\\\/shop\\\/\"},{\"@type\":\"ListItem\",\"position\":3,\"name\":\"RS0611: Custom Wholesale Small Glass Bottles 250ml\"}]},{\"@type\":\"WebSite\",\"@id\":\"https:\\\/\\\/glassbottlewholesale.com\\\/#website\",\"url\":\"https:\\\/\\\/glassbottlewholesale.com\\\/\",\"name\":\"Glass Bottle Wholesale\",\"description\":\"\",\"publisher\":{\"@id\":\"https:\\\/\\\/glassbottlewholesale.com\\\/#organization\"},\"potentialAction\":[{\"@type\":\"SearchAction\",\"target\":{\"@type\":\"EntryPoint\",\"urlTemplate\":\"https:\\\/\\\/glassbottlewholesale.com\\\/?s={search_term_string}\"},\"query-input\":{\"@type\":\"PropertyValueSpecification\",\"valueRequired\":true,\"valueName\":\"search_term_string\"}}],\"inLanguage\":\"fr-FR\"},{\"@type\":\"Organization\",\"@id\":\"https:\\\/\\\/glassbottlewholesale.com\\\/#organization\",\"name\":\"Glass Bottle Wholesale\",\"url\":\"https:\\\/\\\/glassbottlewholesale.com\\\/\",\"logo\":{\"@type\":\"ImageObject\",\"inLanguage\":\"fr-FR\",\"@id\":\"https:\\\/\\\/glassbottlewholesale.com\\\/#\\\/schema\\\/logo\\\/image\\\/\",\"url\":\"https:\\\/\\\/glassbottlewholesale.com\\\/wp-content\\\/uploads\\\/2023\\\/12\\\/ruisheng-logo.webp\",\"contentUrl\":\"https:\\\/\\\/glassbottlewholesale.com\\\/wp-content\\\/uploads\\\/2023\\\/12\\\/ruisheng-logo.webp\",\"width\":400,\"height\":233,\"caption\":\"Glass Bottle Wholesale\"},\"image\":{\"@id\":\"https:\\\/\\\/glassbottlewholesale.com\\\/#\\\/schema\\\/logo\\\/image\\\/\"}}]}<\/script>\n<!-- \/ Yoast SEO plugin. -->","yoast_head_json":{"title":"250ml Custom Glass Bottles With Lids | China Spirit Bottles Manufacturers","description":"Ruisheng, a professional China Spirit Bottle Manufacturer, Wholesale 250ml 250ml Custom Glass Bottles with Lids In Factory Outlet Price.","robots":{"index":"index","follow":"follow","max-snippet":"max-snippet:-1","max-image-preview":"max-image-preview:large","max-video-preview":"max-video-preview:-1"},"canonical":"https:\/\/ruishengglassco.com\/product\/rs0611-custom-manufacturers-small-glass-bottles-250ml","og_locale":"fr_FR","og_type":"article","og_title":"250ml Custom Glass Bottles With Lids | China Spirit Bottles Manufacturers","og_description":"Ruisheng, a professional China Spirit Bottle Manufacturer, Wholesale 250ml 250ml Custom Glass Bottles with Lids In Factory Outlet Price.","og_url":"https:\/\/ruishengglassco.com\/product\/rs0611-custom-manufacturers-small-glass-bottles-250ml","og_site_name":"Glass Bottle Wholesale","article_modified_time":"2025-07-10T01:39:02+00:00","og_image":[{"width":800,"height":800,"url":"https:\/\/glassbottlewholesale.com\/wp-content\/uploads\/2021\/05\/R85-glassbottle.jpg","type":"image\/jpeg"}],"twitter_card":"summary_large_image","twitter_misc":{"Dur\u00e9e de lecture estim\u00e9e":"2 minutes"},"schema":{"@context":"https:\/\/schema.org","@graph":[{"@type":"WebPage","@id":"https:\/\/glassbottlewholesale.com\/custom-wholesale-small-glass-bottles-250ml\/","url":"https:\/\/ruishengglassco.com\/product\/rs0611-custom-manufacturers-small-glass-bottles-250ml","name":"250ml Custom Glass Bottles With Lids | China Spirit Bottles Manufacturers","isPartOf":{"@id":"https:\/\/glassbottlewholesale.com\/#website"},"primaryImageOfPage":{"@id":"https:\/\/ruishengglassco.com\/product\/rs0611-custom-manufacturers-small-glass-bottles-250ml#primaryimage"},"image":{"@id":"https:\/\/ruishengglassco.com\/product\/rs0611-custom-manufacturers-small-glass-bottles-250ml#primaryimage"},"thumbnailUrl":"https:\/\/glassbottlewholesale.com\/wp-content\/uploads\/2021\/05\/R85-glassbottle.jpg","datePublished":"2019-10-18T08:36:43+00:00","dateModified":"2025-07-10T01:39:02+00:00","description":"Ruisheng, a professional China Spirit Bottle Manufacturer, Wholesale 250ml 250ml Custom Glass Bottles with Lids In Factory Outlet Price.","breadcrumb":{"@id":"https:\/\/ruishengglassco.com\/product\/rs0611-custom-manufacturers-small-glass-bottles-250ml#breadcrumb"},"inLanguage":"fr-FR","potentialAction":[{"@type":"ReadAction","target":["https:\/\/ruishengglassco.com\/product\/rs0611-custom-manufacturers-small-glass-bottles-250ml"]}]},{"@type":"ImageObject","inLanguage":"fr-FR","@id":"https:\/\/ruishengglassco.com\/product\/rs0611-custom-manufacturers-small-glass-bottles-250ml#primaryimage","url":"https:\/\/glassbottlewholesale.com\/wp-content\/uploads\/2021\/05\/R85-glassbottle.jpg","contentUrl":"https:\/\/glassbottlewholesale.com\/wp-content\/uploads\/2021\/05\/R85-glassbottle.jpg","width":800,"height":800,"caption":"Custom Wholesale Small Glass Bottles 250ml"},{"@type":"BreadcrumbList","@id":"https:\/\/ruishengglassco.com\/product\/rs0611-custom-manufacturers-small-glass-bottles-250ml#breadcrumb","itemListElement":[{"@type":"ListItem","position":1,"name":"Home","item":"https:\/\/glassbottlewholesale.com\/"},{"@type":"ListItem","position":2,"name":"Products","item":"https:\/\/glassbottlewholesale.com\/shop\/"},{"@type":"ListItem","position":3,"name":"RS0611: Custom Wholesale Small Glass Bottles 250ml"}]},{"@type":"WebSite","@id":"https:\/\/glassbottlewholesale.com\/#website","url":"https:\/\/glassbottlewholesale.com\/","name":"Glass Bottle Wholesale","description":"","publisher":{"@id":"https:\/\/glassbottlewholesale.com\/#organization"},"potentialAction":[{"@type":"SearchAction","target":{"@type":"EntryPoint","urlTemplate":"https:\/\/glassbottlewholesale.com\/?s={search_term_string}"},"query-input":{"@type":"PropertyValueSpecification","valueRequired":true,"valueName":"search_term_string"}}],"inLanguage":"fr-FR"},{"@type":"Organization","@id":"https:\/\/glassbottlewholesale.com\/#organization","name":"Glass Bottle Wholesale","url":"https:\/\/glassbottlewholesale.com\/","logo":{"@type":"ImageObject","inLanguage":"fr-FR","@id":"https:\/\/glassbottlewholesale.com\/#\/schema\/logo\/image\/","url":"https:\/\/glassbottlewholesale.com\/wp-content\/uploads\/2023\/12\/ruisheng-logo.webp","contentUrl":"https:\/\/glassbottlewholesale.com\/wp-content\/uploads\/2023\/12\/ruisheng-logo.webp","width":400,"height":233,"caption":"Glass Bottle Wholesale"},"image":{"@id":"https:\/\/glassbottlewholesale.com\/#\/schema\/logo\/image\/"}}]}},"_links":{"self":[{"href":"https:\/\/glassbottlewholesale.com\/fr\/wp-json\/wp\/v2\/product\/758","targetHints":{"allow":["GET"]}}],"collection":[{"href":"https:\/\/glassbottlewholesale.com\/fr\/wp-json\/wp\/v2\/product"}],"about":[{"href":"https:\/\/glassbottlewholesale.com\/fr\/wp-json\/wp\/v2\/types\/product"}],"replies":[{"embeddable":true,"href":"https:\/\/glassbottlewholesale.com\/fr\/wp-json\/wp\/v2\/comments?post=758"}],"wp:featuredmedia":[{"embeddable":true,"href":"https:\/\/glassbottlewholesale.com\/fr\/wp-json\/wp\/v2\/media\/2793"}],"wp:attachment":[{"href":"https:\/\/glassbottlewholesale.com\/fr\/wp-json\/wp\/v2\/media?parent=758"}],"wp:term":[{"taxonomy":"product_brand","embeddable":true,"href":"https:\/\/glassbottlewholesale.com\/fr\/wp-json\/wp\/v2\/product_brand?post=758"},{"taxonomy":"product_cat","embeddable":true,"href":"https:\/\/glassbottlewholesale.com\/fr\/wp-json\/wp\/v2\/product_cat?post=758"},{"taxonomy":"product_tag","embeddable":true,"href":"https:\/\/glassbottlewholesale.com\/fr\/wp-json\/wp\/v2\/product_tag?post=758"}],"curies":[{"name":"wp","href":"https:\/\/api.w.org\/{rel}","templated":true}]}}