{"id":767,"date":"2019-10-18T08:55:51","date_gmt":"2019-10-18T08:55:51","guid":{"rendered":"https:\/\/queenchingglass.com\/?post_type=product&#038;p=767"},"modified":"2023-12-19T06:30:34","modified_gmt":"2023-12-19T06:30:34","slug":"bouteilles-en-verre-imprimees-personnalisees-en-gros-700-ml","status":"publish","type":"product","link":"https:\/\/glassbottlewholesale.com\/fr\/bouteilles-en-verre-imprimees-personnalisees-en-gros-700-ml\/","title":{"rendered":"RS060\u00a0: Bouteilles d&#039;alcool personnalis\u00e9es en gros 700\u00a0ml"},"content":{"rendered":"<p>Ces bouteilles en verre imprim\u00e9es personnalis\u00e9es en gros pour spiritueux sont fabriqu\u00e9es dans l&#039;un des plus grands fabricants de bouteilles de spiritueux transparents : Shandong Yuncheng Ruisheng Glass Co., Ltd.<\/p>\n<p>Nous utilisons une mati\u00e8re premi\u00e8re en verre \u00e0 haute teneur en silex pour fabriquer ces bouteilles en verre de 700 ml. Nos bouteilles en gros sont plus claires, plus durables et plus lisses que les bouteilles en verre d&#039;autres usines. Ces bouteilles en verre en vrac s&#039;appliquent principalement \u00e0 l&#039;emballage et \u00e0 la conservation de spiritueux, de whisky, de brandy, de rhum, de boissons et de boissons. Il a une bonne \u00e9tanch\u00e9it\u00e9, une bonne transmission de la lumi\u00e8re et une bonne esth\u00e9tique. Il peut non seulement conserver la qualit\u00e9 originale du liquide, mais \u00e9galement am\u00e9liorer la valeur du spiritueux, du whisky, du brandy, du rhum, des boissons et des boissons. Gardez votre liquide r\u00e9el malgr\u00e9 des mois de bapt\u00eame.<\/p>\n<p>Nous effectuons un contr\u00f4le qualit\u00e9 strict pour ces bouteilles d&#039;alcool en verre. Notre entreprise compte plus de 500 employ\u00e9s, environ 30 QC et un groupe d&#039;ing\u00e9nieurs qualifi\u00e9s. Avec une riche exp\u00e9rience, nous avons une bonne r\u00e9putation partout dans le monde.<\/p>\n<h4>Les d\u00e9tails de la bouteille en verre imprim\u00e9e personnalis\u00e9e en gros<\/h4>\n<p>Les informations de la bouteille en verre de 700 ml comme ci-dessous\u00a0:<\/p>\n<ul>\n<li>Mat\u00e9riau principal: verre silex \u00e9lev\u00e9<\/li>\n<li>Bouchon : Li\u00e8ge<\/li>\n<li>R\u00e9f\u00e9rence : RS060<\/li>\n<li>Quantit\u00e9 minimale de commande\u00a0:\u00a010\u00a0000\u00a0pi\u00e8ces<\/li>\n<li>Capacit\u00e9 : 700 ml<\/li>\n<li>Pi\u00e8ces\/carton\u00a0: 24 pi\u00e8ces<\/li>\n<li>Origine du lieu : Shandong, Chine<\/li>\n<li>Caract\u00e9ristique\u00a0:\u00a0\u00e9cologique<\/li>\n<\/ul>\n<p>Comme il existe deux lignes de train de notre ville \u00e0 Qingdao, nous pouvons envoyer les bouteilles en verre transparent au port de Qingdao \u00e0 tout moment. Gr\u00e2ce \u00e0 ces conditions de circulation pratiques, nous pouvons envoyer les bouteilles d&#039;alcool en verre partout dans le monde \u00e0 temps et nous assurer que le client les recevra bient\u00f4t.<\/p>\n<p>Nos principaux produits sont des bouteilles et des pots en gros de qualit\u00e9 sup\u00e9rieure, tels qu&#039;une bouteille de vodka en verre, une bouteille de brandy transparente, une bouteille de whisky fantaisie, une bouteille en verre d&#039;alcool, une bouteille de rhum, etc. Nous pouvons \u00e9galement proposer d&#039;autres bouteilles en verre color\u00e9es personnalis\u00e9es, telles que la bouteille verte, la bouteille vert fonc\u00e9, etc. Notre march\u00e9 principal est l&#039;Europe, les \u00c9tats-Unis, l&#039;Australie, l&#039;Am\u00e9rique, etc. Et tous les produits jouissent d&#039;une grande r\u00e9putation en mati\u00e8re d&#039;innovation et de fonctionnalit\u00e9.<\/p>\n<p>Si vous souhaitez vous renseigner sur notre service de vente en gros de bouteilles en verre imprim\u00e9es personnalis\u00e9es, veuillez nous contacter. Nous vous r\u00e9pondrons dans les 24 heures et ferons de notre mieux pour vous.<\/p>\n<p>Faites-nous confiance et vous obtiendrez les meilleures bouteilles en verre de 700 ml ou des bouteilles en verre de forme personnalis\u00e9e.<\/p>","protected":false},"excerpt":{"rendered":"<style type=\"text\/css\">\n.tg  {border-collapse:collapse;border-spacing:0;border-color:#ccc;}<br \/>.tg td{font-family:Arial, sans-serif;font-size:14px;padding:10px 5px;border-style:solid;border-width:1px;overflow:hidden;word-break:normal;border-color:#ccc;color:#333;background-color:#fff;}<br \/>.tg th{font-family:Arial, sans-serif;font-size:14px;font-weight:normal;padding:10px 5px;border-style:solid;border-width:1px;overflow:hidden;word-break:normal;border-color:#ccc;color:#333;background-color:#f0f0f0;}<br \/>.tg .tg-24i8{font-size:24px;vertical-align:top}<br \/>.tg .tg-b7b8{background-color:#f9f9f9;vertical-align:top}<br \/>.tg .tg-yw4l{vertical-align:top}<br \/><\/style>\n<table class=\"tg\">\n<tbody>\n<tr>\n<th class=\"tg-24i8\" colspan=\"2\">Bouteilles en verre imprim\u00e9es personnalis\u00e9es de 700 ml en gros<\/th>\n<\/tr>\n<tr>\n<td class=\"tg-b7b8\">R\u00e9f\u00e9rence:<\/td>\n<td class=\"tg-b7b8\">RS060<\/td>\n<\/tr>\n<tr>\n<td class=\"tg-yw4l\">Mat\u00e9riau principal:<\/td>\n<td class=\"tg-yw4l\">Verre silex haut<\/td>\n<\/tr>\n<tr>\n<td class=\"tg-b7b8\">Casquette:<\/td>\n<td class=\"tg-b7b8\">Bouchon \u00e0 vis<\/td>\n<\/tr>\n<tr>\n<td class=\"tg-yw4l\">Capacit\u00e9:<\/td>\n<td class=\"tg-yw4l\">700 ml<\/td>\n<\/tr>\n<tr>\n<td class=\"tg-b7b8\">Fonctionnalit\u00e9:<\/td>\n<td class=\"tg-b7b8\">Respectueux de la nature<\/td>\n<\/tr>\n<tr>\n<td class=\"tg-yw4l\"><strong>Quantit\u00e9 minimale de commande\u00a0:<\/strong><\/td>\n<td class=\"tg-yw4l\"><strong>10000 pi\u00e8ces<\/strong><\/td>\n<\/tr>\n<tr>\n<td class=\"tg-b7b8\">Mode d&#039;exp\u00e9dition\u00a0:<\/td>\n<td class=\"tg-b7b8\">Navire, Express<\/td>\n<\/tr>\n<tr>\n<td class=\"tg-yw4l\">Couleur<\/td>\n<td class=\"tg-yw4l\">Clair\/Transparent<\/td>\n<\/tr>\n<tr>\n<td class=\"tg-b7b8\">Hauteur:<\/td>\n<td class=\"tg-b7b8\">230MM \u00b1 2MM<\/td>\n<\/tr>\n<tr>\n<td class=\"tg-yw4l\">Diam\u00e8tre<\/td>\n<td class=\"tg-yw4l\">92MM \u00b1 2MM<\/td>\n<\/tr>\n<\/tbody>\n<\/table>","protected":false},"featured_media":4383,"comment_status":"closed","ping_status":"closed","template":"","meta":[],"product_brand":[],"product_cat":[51,55],"product_tag":[],"class_list":{"0":"post-767","1":"product","2":"type-product","3":"status-publish","4":"has-post-thumbnail","6":"product_cat-700ml-glass-bottle","7":"product_cat-custom-glass-bottle","8":"entry","9":"has-media","11":"first","12":"instock","13":"shipping-taxable","14":"product-type-simple"},"yoast_head":"<!-- This site is optimized with the Yoast SEO plugin v27.3 - https:\/\/yoast.com\/product\/yoast-seo-wordpress\/ -->\n<title>Custom Printed Glass Bottles Wholesale | Clear Spirit Bottle Manufacturer<\/title>\n<meta name=\"description\" content=\"Ruisheng(RS), a top clear spirit bottle manufacturer, provide custom printed glass bottles wholesale service for liquor brands, companiesetc.\" \/>\n<meta name=\"robots\" content=\"index, follow, max-snippet:-1, max-image-preview:large, max-video-preview:-1\" \/>\n<link rel=\"canonical\" href=\"https:\/\/ruishengglassco.com\/product\/rs060-personalized-alcohol-bottles-wholesale-700ml\" \/>\n<meta property=\"og:locale\" content=\"fr_FR\" \/>\n<meta property=\"og:type\" content=\"article\" \/>\n<meta property=\"og:title\" content=\"Custom Printed Glass Bottles Wholesale | Clear Spirit Bottle Manufacturer\" \/>\n<meta property=\"og:description\" content=\"Ruisheng(RS), a top clear spirit bottle manufacturer, provide custom printed glass bottles wholesale service for liquor brands, companiesetc.\" \/>\n<meta property=\"og:url\" content=\"https:\/\/ruishengglassco.com\/product\/rs060-personalized-alcohol-bottles-wholesale-700ml\" \/>\n<meta property=\"og:site_name\" content=\"Glass Bottle Wholesale\" \/>\n<meta property=\"article:modified_time\" content=\"2023-12-19T06:30:34+00:00\" \/>\n<meta property=\"og:image\" content=\"https:\/\/glassbottlewholesale.com\/wp-content\/uploads\/2023\/12\/Personalized-Alcohol-Bottles-Wholesale-700ml-1.jpg\" \/>\n\t<meta property=\"og:image:width\" content=\"800\" \/>\n\t<meta property=\"og:image:height\" content=\"800\" \/>\n\t<meta property=\"og:image:type\" content=\"image\/jpeg\" \/>\n<meta name=\"twitter:card\" content=\"summary_large_image\" \/>\n<meta name=\"twitter:label1\" content=\"Dur\u00e9e de lecture estim\u00e9e\" \/>\n\t<meta name=\"twitter:data1\" content=\"2 minutes\" \/>\n<script type=\"application\/ld+json\" class=\"yoast-schema-graph\">{\"@context\":\"https:\\\/\\\/schema.org\",\"@graph\":[{\"@type\":\"WebPage\",\"@id\":\"https:\\\/\\\/glassbottlewholesale.com\\\/custom-printed-glass-bottles-wholesale-700ml\\\/\",\"url\":\"https:\\\/\\\/ruishengglassco.com\\\/product\\\/rs060-personalized-alcohol-bottles-wholesale-700ml\",\"name\":\"Custom Printed Glass Bottles Wholesale | Clear Spirit Bottle Manufacturer\",\"isPartOf\":{\"@id\":\"https:\\\/\\\/glassbottlewholesale.com\\\/#website\"},\"primaryImageOfPage\":{\"@id\":\"https:\\\/\\\/ruishengglassco.com\\\/product\\\/rs060-personalized-alcohol-bottles-wholesale-700ml#primaryimage\"},\"image\":{\"@id\":\"https:\\\/\\\/ruishengglassco.com\\\/product\\\/rs060-personalized-alcohol-bottles-wholesale-700ml#primaryimage\"},\"thumbnailUrl\":\"https:\\\/\\\/glassbottlewholesale.com\\\/wp-content\\\/uploads\\\/2023\\\/12\\\/Personalized-Alcohol-Bottles-Wholesale-700ml-1.jpg\",\"datePublished\":\"2019-10-18T08:55:51+00:00\",\"dateModified\":\"2023-12-19T06:30:34+00:00\",\"description\":\"Ruisheng(RS), a top clear spirit bottle manufacturer, provide custom printed glass bottles wholesale service for liquor brands, companiesetc.\",\"breadcrumb\":{\"@id\":\"https:\\\/\\\/ruishengglassco.com\\\/product\\\/rs060-personalized-alcohol-bottles-wholesale-700ml#breadcrumb\"},\"inLanguage\":\"fr-FR\",\"potentialAction\":[{\"@type\":\"ReadAction\",\"target\":[\"https:\\\/\\\/ruishengglassco.com\\\/product\\\/rs060-personalized-alcohol-bottles-wholesale-700ml\"]}]},{\"@type\":\"ImageObject\",\"inLanguage\":\"fr-FR\",\"@id\":\"https:\\\/\\\/ruishengglassco.com\\\/product\\\/rs060-personalized-alcohol-bottles-wholesale-700ml#primaryimage\",\"url\":\"https:\\\/\\\/glassbottlewholesale.com\\\/wp-content\\\/uploads\\\/2023\\\/12\\\/Personalized-Alcohol-Bottles-Wholesale-700ml-1.jpg\",\"contentUrl\":\"https:\\\/\\\/glassbottlewholesale.com\\\/wp-content\\\/uploads\\\/2023\\\/12\\\/Personalized-Alcohol-Bottles-Wholesale-700ml-1.jpg\",\"width\":800,\"height\":800,\"caption\":\"Personalized Alcohol Bottles Wholesale\"},{\"@type\":\"BreadcrumbList\",\"@id\":\"https:\\\/\\\/ruishengglassco.com\\\/product\\\/rs060-personalized-alcohol-bottles-wholesale-700ml#breadcrumb\",\"itemListElement\":[{\"@type\":\"ListItem\",\"position\":1,\"name\":\"Home\",\"item\":\"https:\\\/\\\/glassbottlewholesale.com\\\/\"},{\"@type\":\"ListItem\",\"position\":2,\"name\":\"Products\",\"item\":\"https:\\\/\\\/glassbottlewholesale.com\\\/shop\\\/\"},{\"@type\":\"ListItem\",\"position\":3,\"name\":\"RS060: Personalized Alcohol Bottles Wholesale 700ml\"}]},{\"@type\":\"WebSite\",\"@id\":\"https:\\\/\\\/glassbottlewholesale.com\\\/#website\",\"url\":\"https:\\\/\\\/glassbottlewholesale.com\\\/\",\"name\":\"Glass Bottle Wholesale\",\"description\":\"\",\"publisher\":{\"@id\":\"https:\\\/\\\/glassbottlewholesale.com\\\/#organization\"},\"potentialAction\":[{\"@type\":\"SearchAction\",\"target\":{\"@type\":\"EntryPoint\",\"urlTemplate\":\"https:\\\/\\\/glassbottlewholesale.com\\\/?s={search_term_string}\"},\"query-input\":{\"@type\":\"PropertyValueSpecification\",\"valueRequired\":true,\"valueName\":\"search_term_string\"}}],\"inLanguage\":\"fr-FR\"},{\"@type\":\"Organization\",\"@id\":\"https:\\\/\\\/glassbottlewholesale.com\\\/#organization\",\"name\":\"Glass Bottle Wholesale\",\"url\":\"https:\\\/\\\/glassbottlewholesale.com\\\/\",\"logo\":{\"@type\":\"ImageObject\",\"inLanguage\":\"fr-FR\",\"@id\":\"https:\\\/\\\/glassbottlewholesale.com\\\/#\\\/schema\\\/logo\\\/image\\\/\",\"url\":\"https:\\\/\\\/glassbottlewholesale.com\\\/wp-content\\\/uploads\\\/2023\\\/12\\\/ruisheng-logo.webp\",\"contentUrl\":\"https:\\\/\\\/glassbottlewholesale.com\\\/wp-content\\\/uploads\\\/2023\\\/12\\\/ruisheng-logo.webp\",\"width\":400,\"height\":233,\"caption\":\"Glass Bottle Wholesale\"},\"image\":{\"@id\":\"https:\\\/\\\/glassbottlewholesale.com\\\/#\\\/schema\\\/logo\\\/image\\\/\"}}]}<\/script>\n<!-- \/ Yoast SEO plugin. -->","yoast_head_json":{"title":"Vente en gros de bouteilles en verre imprim\u00e9es personnalis\u00e9es | Fabricant de bouteilles de spiritueux transparent","description":"Ruisheng (RS), l&#039;un des principaux fabricants de bouteilles de spiritueux transparents, fournit un service de vente en gros de bouteilles en verre imprim\u00e9es personnalis\u00e9es pour les marques d&#039;alcool, les entreprises, etc.","robots":{"index":"index","follow":"follow","max-snippet":"max-snippet:-1","max-image-preview":"max-image-preview:large","max-video-preview":"max-video-preview:-1"},"canonical":"https:\/\/ruishengglassco.com\/product\/rs060-personalized-alcohol-bottles-wholesale-700ml","og_locale":"fr_FR","og_type":"article","og_title":"Custom Printed Glass Bottles Wholesale | Clear Spirit Bottle Manufacturer","og_description":"Ruisheng(RS), a top clear spirit bottle manufacturer, provide custom printed glass bottles wholesale service for liquor brands, companiesetc.","og_url":"https:\/\/ruishengglassco.com\/product\/rs060-personalized-alcohol-bottles-wholesale-700ml","og_site_name":"Glass Bottle Wholesale","article_modified_time":"2023-12-19T06:30:34+00:00","og_image":[{"width":800,"height":800,"url":"https:\/\/glassbottlewholesale.com\/wp-content\/uploads\/2023\/12\/Personalized-Alcohol-Bottles-Wholesale-700ml-1.jpg","type":"image\/jpeg"}],"twitter_card":"summary_large_image","twitter_misc":{"Dur\u00e9e de lecture estim\u00e9e":"2 minutes"},"schema":{"@context":"https:\/\/schema.org","@graph":[{"@type":"WebPage","@id":"https:\/\/glassbottlewholesale.com\/custom-printed-glass-bottles-wholesale-700ml\/","url":"https:\/\/ruishengglassco.com\/product\/rs060-personalized-alcohol-bottles-wholesale-700ml","name":"Vente en gros de bouteilles en verre imprim\u00e9es personnalis\u00e9es | Fabricant de bouteilles de spiritueux transparent","isPartOf":{"@id":"https:\/\/glassbottlewholesale.com\/#website"},"primaryImageOfPage":{"@id":"https:\/\/ruishengglassco.com\/product\/rs060-personalized-alcohol-bottles-wholesale-700ml#primaryimage"},"image":{"@id":"https:\/\/ruishengglassco.com\/product\/rs060-personalized-alcohol-bottles-wholesale-700ml#primaryimage"},"thumbnailUrl":"https:\/\/glassbottlewholesale.com\/wp-content\/uploads\/2023\/12\/Personalized-Alcohol-Bottles-Wholesale-700ml-1.jpg","datePublished":"2019-10-18T08:55:51+00:00","dateModified":"2023-12-19T06:30:34+00:00","description":"Ruisheng (RS), l&#039;un des principaux fabricants de bouteilles de spiritueux transparents, fournit un service de vente en gros de bouteilles en verre imprim\u00e9es personnalis\u00e9es pour les marques d&#039;alcool, les entreprises, etc.","breadcrumb":{"@id":"https:\/\/ruishengglassco.com\/product\/rs060-personalized-alcohol-bottles-wholesale-700ml#breadcrumb"},"inLanguage":"fr-FR","potentialAction":[{"@type":"ReadAction","target":["https:\/\/ruishengglassco.com\/product\/rs060-personalized-alcohol-bottles-wholesale-700ml"]}]},{"@type":"ImageObject","inLanguage":"fr-FR","@id":"https:\/\/ruishengglassco.com\/product\/rs060-personalized-alcohol-bottles-wholesale-700ml#primaryimage","url":"https:\/\/glassbottlewholesale.com\/wp-content\/uploads\/2023\/12\/Personalized-Alcohol-Bottles-Wholesale-700ml-1.jpg","contentUrl":"https:\/\/glassbottlewholesale.com\/wp-content\/uploads\/2023\/12\/Personalized-Alcohol-Bottles-Wholesale-700ml-1.jpg","width":800,"height":800,"caption":"Personalized Alcohol Bottles Wholesale"},{"@type":"BreadcrumbList","@id":"https:\/\/ruishengglassco.com\/product\/rs060-personalized-alcohol-bottles-wholesale-700ml#breadcrumb","itemListElement":[{"@type":"ListItem","position":1,"name":"Home","item":"https:\/\/glassbottlewholesale.com\/"},{"@type":"ListItem","position":2,"name":"Products","item":"https:\/\/glassbottlewholesale.com\/shop\/"},{"@type":"ListItem","position":3,"name":"RS060: Personalized Alcohol Bottles Wholesale 700ml"}]},{"@type":"WebSite","@id":"https:\/\/glassbottlewholesale.com\/#website","url":"https:\/\/glassbottlewholesale.com\/","name":"Glass Bottle Wholesale","description":"","publisher":{"@id":"https:\/\/glassbottlewholesale.com\/#organization"},"potentialAction":[{"@type":"SearchAction","target":{"@type":"EntryPoint","urlTemplate":"https:\/\/glassbottlewholesale.com\/?s={search_term_string}"},"query-input":{"@type":"PropertyValueSpecification","valueRequired":true,"valueName":"search_term_string"}}],"inLanguage":"fr-FR"},{"@type":"Organization","@id":"https:\/\/glassbottlewholesale.com\/#organization","name":"Glass Bottle Wholesale","url":"https:\/\/glassbottlewholesale.com\/","logo":{"@type":"ImageObject","inLanguage":"fr-FR","@id":"https:\/\/glassbottlewholesale.com\/#\/schema\/logo\/image\/","url":"https:\/\/glassbottlewholesale.com\/wp-content\/uploads\/2023\/12\/ruisheng-logo.webp","contentUrl":"https:\/\/glassbottlewholesale.com\/wp-content\/uploads\/2023\/12\/ruisheng-logo.webp","width":400,"height":233,"caption":"Glass Bottle Wholesale"},"image":{"@id":"https:\/\/glassbottlewholesale.com\/#\/schema\/logo\/image\/"}}]}},"_links":{"self":[{"href":"https:\/\/glassbottlewholesale.com\/fr\/wp-json\/wp\/v2\/product\/767","targetHints":{"allow":["GET"]}}],"collection":[{"href":"https:\/\/glassbottlewholesale.com\/fr\/wp-json\/wp\/v2\/product"}],"about":[{"href":"https:\/\/glassbottlewholesale.com\/fr\/wp-json\/wp\/v2\/types\/product"}],"replies":[{"embeddable":true,"href":"https:\/\/glassbottlewholesale.com\/fr\/wp-json\/wp\/v2\/comments?post=767"}],"wp:featuredmedia":[{"embeddable":true,"href":"https:\/\/glassbottlewholesale.com\/fr\/wp-json\/wp\/v2\/media\/4383"}],"wp:attachment":[{"href":"https:\/\/glassbottlewholesale.com\/fr\/wp-json\/wp\/v2\/media?parent=767"}],"wp:term":[{"taxonomy":"product_brand","embeddable":true,"href":"https:\/\/glassbottlewholesale.com\/fr\/wp-json\/wp\/v2\/product_brand?post=767"},{"taxonomy":"product_cat","embeddable":true,"href":"https:\/\/glassbottlewholesale.com\/fr\/wp-json\/wp\/v2\/product_cat?post=767"},{"taxonomy":"product_tag","embeddable":true,"href":"https:\/\/glassbottlewholesale.com\/fr\/wp-json\/wp\/v2\/product_tag?post=767"}],"curies":[{"name":"wp","href":"https:\/\/api.w.org\/{rel}","templated":true}]}}