{"id":779,"date":"2019-10-18T09:15:15","date_gmt":"2019-10-18T09:15:15","guid":{"rendered":"https:\/\/queenchingglass.com\/?post_type=product&#038;p=779"},"modified":"2025-07-10T01:37:39","modified_gmt":"2025-07-10T01:37:39","slug":"wholesale-spirit-bottle-750ml-700ml-500ml","status":"publish","type":"product","link":"https:\/\/glassbottlewholesale.com\/fr\/wholesale-spirit-bottle-750ml-700ml-500ml\/","title":{"rendered":"RS058\u00a0: Bouteille de spiritueux en gros 750 ml 700 ml 500 ml"},"content":{"rendered":"<div class=\"wpb-content-wrapper\"><div class=\"vc_row wpb_row vc_row-fluid\"><div class=\"wpb_column vc_column_container vc_col-sm-12\"><div class=\"vc_column-inner\"><div class=\"wpb_wrapper\">\n\t<div class=\"wpb_text_column wpb_content_element\" >\n\t\t<div class=\"wpb_wrapper\">\n\t\t\t<p>Les bouteilles de spiritueux en gros 750ml 700ml 500ml sont un projet important de Ruisheng. Ruisheng, le meilleur fabricant de bouteilles en verre bouch\u00e9, propose une large gamme de bouteilles en verre en gros, telles que la bouteille en verre ronde de Boston, la bouteille en verre carr\u00e9e et la bouteille en verre de forme personnalis\u00e9e, ainsi que des bouteilles en verre bouch\u00e9 sp\u00e9ciales pour les spiritueux, le whisky, le brandy, le rhum, la vodka, etc.<\/p>\n<div>Faire plier une marchandise artisanale ou exp\u00e9di\u00e9e aux clients en s\u00e9lectionnant un<a href=\"https:\/\/ruishengglassco.com\/375ml-liquor-glass-bottle-manufacturer\"> petite bouteille en verre<\/a> ou plus grande bouteille en verre en gros. La taille est disponible de 50 ml \u00e0 1500 ml. Les commandes personnalis\u00e9es peuvent \u00eatre accept\u00e9es. La plupart des bouteilles en verre \u00e0 vendre sont fabriqu\u00e9es \u00e0 partir d'un mat\u00e9riau en verre tr\u00e8s fluide qui rend le corps de la bouteille de liqueur plus solide et plus beau. Nous garantissons que toutes les bouteilles en verre transparent avec bouchon sont non toxiques, 100% r\u00e9cup\u00e9rables, r\u00e9utilisables et sans danger pour la plan\u00e8te.<\/div>\n<p>Cette bouteille en verre en gros est principalement con\u00e7ue pour l'emballage de brandy XO de qualit\u00e9 sup\u00e9rieure afin d'afficher l'excellente qualit\u00e9 de votre liqueur.<\/p>\n<h4>Informations sur les bouteilles de spiritueux en gros pour le brandy XO<\/h4>\n<ul>\n<li>Mat\u00e9riau principal: verre silex \u00e9lev\u00e9<\/li>\n<li>Bouchon : bouchon \u00e0 vis<\/li>\n<li>R\u00e9f\u00e9rence : RS058<\/li>\n<li>Quantit\u00e9 minimale de commande\u00a0:\u00a010\u00a0000\u00a0pi\u00e8ces<\/li>\n<li>Capacit\u00e9 : 700 ml<\/li>\n<li>Pi\u00e8ces\/carton\u00a0: 24 pi\u00e8ces<\/li>\n<li>Origine du lieu : Shandong, Chine<\/li>\n<li>Caract\u00e9ristique\u00a0:\u00a0\u00e9cologique<\/li>\n<\/ul>\n<p>La bouteille en verre de Ruisheng a une longue histoire de production de 700 ml. <a href=\"https:\/\/ruishengglassco.com\/700ml-liquor-glass-bottle-manufacturer\">fabrication de bouteilles en verre liquide<\/a>Nous sommes convaincus que nous pouvons fabriquer un produit qui vous satisfera. La bouteille en verre transparent de Ruisheng a \u00e9t\u00e9 bien accueillie en Europe, aux \u00c9tats-Unis, en Australie, en Am\u00e9rique, etc. Tous les produits jouissent d'une excellente r\u00e9putation en mati\u00e8re d'innovation et de fonctionnalit\u00e9.<\/p>\n<p>Ruisheng glass bottle a maintenant \u00e9tendu un nouveau site, et introduit des machines avanc\u00e9es, notre vitesse de production est beaucoup plus \u00e9lev\u00e9e qu'auparavant. Nous produirons donc de bonnes bouteilles \u00e0 la date fix\u00e9e et vous livrerons les marchandises.<\/p>\n<p>Si vous souhaitez acheter en gros des bouteilles de spiritueux en vrac pour XO, Brandy, veuillez cliquer ici. <a href=\"https:\/\/ruishengglassco.com\/contact\">Contactez-nous<\/a>. Nous vous r\u00e9pondrons dans les 24 heures.<\/p>\n<p>J'esp\u00e8re que vous pourrez passer commande.<\/p>\n\n\t\t<\/div>\n\t<\/div>\n<\/div><\/div><\/div><\/div>\n<\/div>","protected":false},"excerpt":{"rendered":"<table style=\"undefined;width: 367px\">\n<colgroup>\n<col style=\"width: 133px\" \/>\n<col style=\"width: 234px\" \/> <\/colgroup>\n<tbody>\n<tr>\n<th colspan=\"2\">Bouteilles de spiritueux en gros pour le brandy XO<\/th>\n<\/tr>\n<tr>\n<td>Mat\u00e9riau principal:<\/td>\n<td>mat\u00e9riau blanc cristallin<\/td>\n<\/tr>\n<tr>\n<td>Casquette:<\/td>\n<td>Bouchon \u00e0 vis<\/td>\n<\/tr>\n<tr>\n<td>Capacit\u00e9:<\/td>\n<td>750 ml<\/td>\n<\/tr>\n<tr>\n<td>Fonctionnalit\u00e9:<\/td>\n<td>Respectueux de la nature<\/td>\n<\/tr>\n<tr>\n<td>Quantit\u00e9 minimale de commande\u00a0:<\/td>\n<td>10000 pi\u00e8ces<\/td>\n<\/tr>\n<tr>\n<td>Mode d&#039;exp\u00e9dition\u00a0:<\/td>\n<td>Navire, Express<\/td>\n<\/tr>\n<tr>\n<td>OEM\/ODM\u00a0:<\/td>\n<td>Accueillir<\/td>\n<\/tr>\n<tr>\n<td>Origine du lieu :<\/td>\n<td>Shandong, Chine<\/td>\n<\/tr>\n<tr>\n<td>Pi\u00e8ces\/ctn\u00a0:<\/td>\n<td>24 pi\u00e8ces<\/td>\n<\/tr>\n<\/tbody>\n<\/table>","protected":false},"featured_media":4385,"comment_status":"open","ping_status":"closed","template":"","meta":[],"product_brand":[],"product_cat":[50,51,52,63,61],"product_tag":[],"class_list":{"0":"post-779","1":"product","2":"type-product","3":"status-publish","4":"has-post-thumbnail","6":"product_cat-500ml-glass-bottle","7":"product_cat-700ml-glass-bottle","8":"product_cat-750ml-glass-bottle","9":"product_cat-liquor-bottle","10":"product_cat-xo-brandy-bottle","11":"entry","12":"has-media","14":"first","15":"instock","16":"shipping-taxable","17":"product-type-simple"},"yoast_head":"<!-- This site is optimized with the Yoast SEO plugin v27.3 - https:\/\/yoast.com\/product\/yoast-seo-wordpress\/ -->\n<title>Wholesale Spirit Bottles Bulk | XO Brandy Bottle Supplier<\/title>\n<meta name=\"description\" content=\"Buy Wholesale Spirit Bottles Bulk From China Glass Bottle Mnaufacturer. Professional Xo Brandy Bottle Supplier, Sales In High Quality&amp;Cheap Price\" \/>\n<meta name=\"robots\" content=\"index, follow, max-snippet:-1, max-image-preview:large, max-video-preview:-1\" \/>\n<link rel=\"canonical\" href=\"https:\/\/ruishengglassco.com\/product\/rs058-spirit-bottle-750ml-700ml-500ml\" \/>\n<meta property=\"og:locale\" content=\"fr_FR\" \/>\n<meta property=\"og:type\" content=\"article\" \/>\n<meta property=\"og:title\" content=\"Wholesale Spirit Bottles Bulk | XO Brandy Bottle Supplier\" \/>\n<meta property=\"og:description\" content=\"Buy Wholesale Spirit Bottles Bulk From China Glass Bottle Mnaufacturer. Professional Xo Brandy Bottle Supplier, Sales In High Quality&amp;Cheap Price\" \/>\n<meta property=\"og:url\" content=\"https:\/\/ruishengglassco.com\/product\/rs058-spirit-bottle-750ml-700ml-500ml\" \/>\n<meta property=\"og:site_name\" content=\"Glass Bottle Wholesale\" \/>\n<meta property=\"article:modified_time\" content=\"2025-07-10T01:37:39+00:00\" \/>\n<meta property=\"og:image\" content=\"https:\/\/glassbottlewholesale.com\/wp-content\/uploads\/2023\/12\/Wholesale-Spirit-Bottle-750ml-700ml-500ml-1.jpg\" \/>\n\t<meta property=\"og:image:width\" content=\"800\" \/>\n\t<meta property=\"og:image:height\" content=\"800\" \/>\n\t<meta property=\"og:image:type\" content=\"image\/jpeg\" \/>\n<meta name=\"twitter:card\" content=\"summary_large_image\" \/>\n<meta name=\"twitter:label1\" content=\"Dur\u00e9e de lecture estim\u00e9e\" \/>\n\t<meta name=\"twitter:data1\" content=\"2 minutes\" \/>\n<script type=\"application\/ld+json\" class=\"yoast-schema-graph\">{\"@context\":\"https:\\\/\\\/schema.org\",\"@graph\":[{\"@type\":\"WebPage\",\"@id\":\"https:\\\/\\\/glassbottlewholesale.com\\\/wholesale-spirit-bottle-750ml-700ml-500ml\\\/\",\"url\":\"https:\\\/\\\/ruishengglassco.com\\\/product\\\/rs058-spirit-bottle-750ml-700ml-500ml\",\"name\":\"Wholesale Spirit Bottles Bulk | XO Brandy Bottle Supplier\",\"isPartOf\":{\"@id\":\"https:\\\/\\\/glassbottlewholesale.com\\\/#website\"},\"primaryImageOfPage\":{\"@id\":\"https:\\\/\\\/ruishengglassco.com\\\/product\\\/rs058-spirit-bottle-750ml-700ml-500ml#primaryimage\"},\"image\":{\"@id\":\"https:\\\/\\\/ruishengglassco.com\\\/product\\\/rs058-spirit-bottle-750ml-700ml-500ml#primaryimage\"},\"thumbnailUrl\":\"https:\\\/\\\/glassbottlewholesale.com\\\/wp-content\\\/uploads\\\/2023\\\/12\\\/Wholesale-Spirit-Bottle-750ml-700ml-500ml-1.jpg\",\"datePublished\":\"2019-10-18T09:15:15+00:00\",\"dateModified\":\"2025-07-10T01:37:39+00:00\",\"description\":\"Buy Wholesale Spirit Bottles Bulk From China Glass Bottle Mnaufacturer. Professional Xo Brandy Bottle Supplier, Sales In High Quality&Cheap Price\",\"breadcrumb\":{\"@id\":\"https:\\\/\\\/ruishengglassco.com\\\/product\\\/rs058-spirit-bottle-750ml-700ml-500ml#breadcrumb\"},\"inLanguage\":\"fr-FR\",\"potentialAction\":[{\"@type\":\"ReadAction\",\"target\":[\"https:\\\/\\\/ruishengglassco.com\\\/product\\\/rs058-spirit-bottle-750ml-700ml-500ml\"]}]},{\"@type\":\"ImageObject\",\"inLanguage\":\"fr-FR\",\"@id\":\"https:\\\/\\\/ruishengglassco.com\\\/product\\\/rs058-spirit-bottle-750ml-700ml-500ml#primaryimage\",\"url\":\"https:\\\/\\\/glassbottlewholesale.com\\\/wp-content\\\/uploads\\\/2023\\\/12\\\/Wholesale-Spirit-Bottle-750ml-700ml-500ml-1.jpg\",\"contentUrl\":\"https:\\\/\\\/glassbottlewholesale.com\\\/wp-content\\\/uploads\\\/2023\\\/12\\\/Wholesale-Spirit-Bottle-750ml-700ml-500ml-1.jpg\",\"width\":800,\"height\":800,\"caption\":\"Wholesale Spirit Bottle 750ml 700ml 500ml (1)\"},{\"@type\":\"BreadcrumbList\",\"@id\":\"https:\\\/\\\/ruishengglassco.com\\\/product\\\/rs058-spirit-bottle-750ml-700ml-500ml#breadcrumb\",\"itemListElement\":[{\"@type\":\"ListItem\",\"position\":1,\"name\":\"Home\",\"item\":\"https:\\\/\\\/glassbottlewholesale.com\\\/\"},{\"@type\":\"ListItem\",\"position\":2,\"name\":\"Products\",\"item\":\"https:\\\/\\\/glassbottlewholesale.com\\\/shop\\\/\"},{\"@type\":\"ListItem\",\"position\":3,\"name\":\"RS058: Wholesale Spirit Bottle 750ml 700ml 500ml\"}]},{\"@type\":\"WebSite\",\"@id\":\"https:\\\/\\\/glassbottlewholesale.com\\\/#website\",\"url\":\"https:\\\/\\\/glassbottlewholesale.com\\\/\",\"name\":\"Glass Bottle Wholesale\",\"description\":\"\",\"publisher\":{\"@id\":\"https:\\\/\\\/glassbottlewholesale.com\\\/#organization\"},\"potentialAction\":[{\"@type\":\"SearchAction\",\"target\":{\"@type\":\"EntryPoint\",\"urlTemplate\":\"https:\\\/\\\/glassbottlewholesale.com\\\/?s={search_term_string}\"},\"query-input\":{\"@type\":\"PropertyValueSpecification\",\"valueRequired\":true,\"valueName\":\"search_term_string\"}}],\"inLanguage\":\"fr-FR\"},{\"@type\":\"Organization\",\"@id\":\"https:\\\/\\\/glassbottlewholesale.com\\\/#organization\",\"name\":\"Glass Bottle Wholesale\",\"url\":\"https:\\\/\\\/glassbottlewholesale.com\\\/\",\"logo\":{\"@type\":\"ImageObject\",\"inLanguage\":\"fr-FR\",\"@id\":\"https:\\\/\\\/glassbottlewholesale.com\\\/#\\\/schema\\\/logo\\\/image\\\/\",\"url\":\"https:\\\/\\\/glassbottlewholesale.com\\\/wp-content\\\/uploads\\\/2023\\\/12\\\/ruisheng-logo.webp\",\"contentUrl\":\"https:\\\/\\\/glassbottlewholesale.com\\\/wp-content\\\/uploads\\\/2023\\\/12\\\/ruisheng-logo.webp\",\"width\":400,\"height\":233,\"caption\":\"Glass Bottle Wholesale\"},\"image\":{\"@id\":\"https:\\\/\\\/glassbottlewholesale.com\\\/#\\\/schema\\\/logo\\\/image\\\/\"}}]}<\/script>\n<!-- \/ Yoast SEO plugin. -->","yoast_head_json":{"title":"Wholesale Spirit Bottles Bulk | XO Brandy Bottle Supplier","description":"Buy Wholesale Spirit Bottles Bulk From China Glass Bottle Mnaufacturer. Professional Xo Brandy Bottle Supplier, Sales In High Quality&Cheap Price","robots":{"index":"index","follow":"follow","max-snippet":"max-snippet:-1","max-image-preview":"max-image-preview:large","max-video-preview":"max-video-preview:-1"},"canonical":"https:\/\/ruishengglassco.com\/product\/rs058-spirit-bottle-750ml-700ml-500ml","og_locale":"fr_FR","og_type":"article","og_title":"Wholesale Spirit Bottles Bulk | XO Brandy Bottle Supplier","og_description":"Buy Wholesale Spirit Bottles Bulk From China Glass Bottle Mnaufacturer. Professional Xo Brandy Bottle Supplier, Sales In High Quality&Cheap Price","og_url":"https:\/\/ruishengglassco.com\/product\/rs058-spirit-bottle-750ml-700ml-500ml","og_site_name":"Glass Bottle Wholesale","article_modified_time":"2025-07-10T01:37:39+00:00","og_image":[{"width":800,"height":800,"url":"https:\/\/glassbottlewholesale.com\/wp-content\/uploads\/2023\/12\/Wholesale-Spirit-Bottle-750ml-700ml-500ml-1.jpg","type":"image\/jpeg"}],"twitter_card":"summary_large_image","twitter_misc":{"Dur\u00e9e de lecture estim\u00e9e":"2 minutes"},"schema":{"@context":"https:\/\/schema.org","@graph":[{"@type":"WebPage","@id":"https:\/\/glassbottlewholesale.com\/wholesale-spirit-bottle-750ml-700ml-500ml\/","url":"https:\/\/ruishengglassco.com\/product\/rs058-spirit-bottle-750ml-700ml-500ml","name":"Wholesale Spirit Bottles Bulk | XO Brandy Bottle Supplier","isPartOf":{"@id":"https:\/\/glassbottlewholesale.com\/#website"},"primaryImageOfPage":{"@id":"https:\/\/ruishengglassco.com\/product\/rs058-spirit-bottle-750ml-700ml-500ml#primaryimage"},"image":{"@id":"https:\/\/ruishengglassco.com\/product\/rs058-spirit-bottle-750ml-700ml-500ml#primaryimage"},"thumbnailUrl":"https:\/\/glassbottlewholesale.com\/wp-content\/uploads\/2023\/12\/Wholesale-Spirit-Bottle-750ml-700ml-500ml-1.jpg","datePublished":"2019-10-18T09:15:15+00:00","dateModified":"2025-07-10T01:37:39+00:00","description":"Buy Wholesale Spirit Bottles Bulk From China Glass Bottle Mnaufacturer. Professional Xo Brandy Bottle Supplier, Sales In High Quality&Cheap Price","breadcrumb":{"@id":"https:\/\/ruishengglassco.com\/product\/rs058-spirit-bottle-750ml-700ml-500ml#breadcrumb"},"inLanguage":"fr-FR","potentialAction":[{"@type":"ReadAction","target":["https:\/\/ruishengglassco.com\/product\/rs058-spirit-bottle-750ml-700ml-500ml"]}]},{"@type":"ImageObject","inLanguage":"fr-FR","@id":"https:\/\/ruishengglassco.com\/product\/rs058-spirit-bottle-750ml-700ml-500ml#primaryimage","url":"https:\/\/glassbottlewholesale.com\/wp-content\/uploads\/2023\/12\/Wholesale-Spirit-Bottle-750ml-700ml-500ml-1.jpg","contentUrl":"https:\/\/glassbottlewholesale.com\/wp-content\/uploads\/2023\/12\/Wholesale-Spirit-Bottle-750ml-700ml-500ml-1.jpg","width":800,"height":800,"caption":"Wholesale Spirit Bottle 750ml 700ml 500ml (1)"},{"@type":"BreadcrumbList","@id":"https:\/\/ruishengglassco.com\/product\/rs058-spirit-bottle-750ml-700ml-500ml#breadcrumb","itemListElement":[{"@type":"ListItem","position":1,"name":"Home","item":"https:\/\/glassbottlewholesale.com\/"},{"@type":"ListItem","position":2,"name":"Products","item":"https:\/\/glassbottlewholesale.com\/shop\/"},{"@type":"ListItem","position":3,"name":"RS058: Wholesale Spirit Bottle 750ml 700ml 500ml"}]},{"@type":"WebSite","@id":"https:\/\/glassbottlewholesale.com\/#website","url":"https:\/\/glassbottlewholesale.com\/","name":"Glass Bottle Wholesale","description":"","publisher":{"@id":"https:\/\/glassbottlewholesale.com\/#organization"},"potentialAction":[{"@type":"SearchAction","target":{"@type":"EntryPoint","urlTemplate":"https:\/\/glassbottlewholesale.com\/?s={search_term_string}"},"query-input":{"@type":"PropertyValueSpecification","valueRequired":true,"valueName":"search_term_string"}}],"inLanguage":"fr-FR"},{"@type":"Organization","@id":"https:\/\/glassbottlewholesale.com\/#organization","name":"Glass Bottle Wholesale","url":"https:\/\/glassbottlewholesale.com\/","logo":{"@type":"ImageObject","inLanguage":"fr-FR","@id":"https:\/\/glassbottlewholesale.com\/#\/schema\/logo\/image\/","url":"https:\/\/glassbottlewholesale.com\/wp-content\/uploads\/2023\/12\/ruisheng-logo.webp","contentUrl":"https:\/\/glassbottlewholesale.com\/wp-content\/uploads\/2023\/12\/ruisheng-logo.webp","width":400,"height":233,"caption":"Glass Bottle Wholesale"},"image":{"@id":"https:\/\/glassbottlewholesale.com\/#\/schema\/logo\/image\/"}}]}},"_links":{"self":[{"href":"https:\/\/glassbottlewholesale.com\/fr\/wp-json\/wp\/v2\/product\/779","targetHints":{"allow":["GET"]}}],"collection":[{"href":"https:\/\/glassbottlewholesale.com\/fr\/wp-json\/wp\/v2\/product"}],"about":[{"href":"https:\/\/glassbottlewholesale.com\/fr\/wp-json\/wp\/v2\/types\/product"}],"replies":[{"embeddable":true,"href":"https:\/\/glassbottlewholesale.com\/fr\/wp-json\/wp\/v2\/comments?post=779"}],"wp:featuredmedia":[{"embeddable":true,"href":"https:\/\/glassbottlewholesale.com\/fr\/wp-json\/wp\/v2\/media\/4385"}],"wp:attachment":[{"href":"https:\/\/glassbottlewholesale.com\/fr\/wp-json\/wp\/v2\/media?parent=779"}],"wp:term":[{"taxonomy":"product_brand","embeddable":true,"href":"https:\/\/glassbottlewholesale.com\/fr\/wp-json\/wp\/v2\/product_brand?post=779"},{"taxonomy":"product_cat","embeddable":true,"href":"https:\/\/glassbottlewholesale.com\/fr\/wp-json\/wp\/v2\/product_cat?post=779"},{"taxonomy":"product_tag","embeddable":true,"href":"https:\/\/glassbottlewholesale.com\/fr\/wp-json\/wp\/v2\/product_tag?post=779"}],"curies":[{"name":"wp","href":"https:\/\/api.w.org\/{rel}","templated":true}]}}