{"id":782,"date":"2019-12-18T09:18:35","date_gmt":"2019-12-18T09:18:35","guid":{"rendered":"https:\/\/queenchingglass.com\/?post_type=product&#038;p=782"},"modified":"2025-07-10T02:26:38","modified_gmt":"2025-07-10T02:26:38","slug":"bouteilles-en-verre-en-vrac-pour-le-brandy","status":"publish","type":"product","link":"https:\/\/glassbottlewholesale.com\/fr\/bouteilles-en-verre-en-vrac-pour-le-brandy\/","title":{"rendered":"RS044\u00a0: Bouteilles en verre en vrac de 70\u00a0cl pour le brandy"},"content":{"rendered":"<div class=\"wpb-content-wrapper\"><div class=\"vc_row wpb_row vc_row-fluid\"><div class=\"wpb_column vc_column_container vc_col-sm-12\"><div class=\"vc_column-inner\"><div class=\"wpb_wrapper\">\n\t<div class=\"wpb_text_column wpb_content_element\" >\n\t\t<div class=\"wpb_wrapper\">\n\t\t\t<p>Une bouteille d&#039;alcool vide et transparente con\u00e7ue pour l&#039;emballage du brandy. Adoptant un mat\u00e9riau en verre cristal extr\u00eamement blanc, ce qui rend notre carafe \u00e0 brandy plus transparente, durable et difficile \u00e0 casser. L&#039;apparence attrayante avec un design en forme d&#039;arc en bas attirera l&#039;attention de votre client pour la premi\u00e8re fois. Une bouteille de cognac vide avec un bouchon en m\u00e9tal prot\u00e9gera le r\u00e9cipient de l&#039;oxyg\u00e8ne.<\/p>\n<h4>D\u00e9tails sur le prix des bouteilles de brandy vides<\/h4>\n<ul>\n<li>R\u00e9f\u00e9rence : RS044<\/li>\n<li>Capacit\u00e9:70cl<\/li>\n<li>Mat\u00e9riau principal: mat\u00e9riau blanc cristallin mat\u00e9riau extr\u00eamement blanc<\/li>\n<li>Bouchon\u00a0:\u00a0Capuchon couronne\/li\u00e8ge<\/li>\n<li>Quantit\u00e9 minimale de commande\u00a0:\u00a010\u00a0000\u00a0pi\u00e8ces<\/li>\n<li>Pi\u00e8ces\/carton\u00a0: 24 pi\u00e8ces<\/li>\n<li>Origine du lieu : Shandong, Chine<\/li>\n<li>Caract\u00e9ristique\u00a0:\u00a0\u00e9cologique<\/li>\n<li>Prix: <a href=\"https:\/\/ruishengglassco.com\/contact\">Obtenir un devis<\/a><\/li>\n<\/ul>\n<p>&nbsp;<\/p>\n<p>Outre la bouteille de brandy, elle peut \u00e9galement \u00eatre utilis\u00e9e comme bouteille de whisky, bouteille de vodka, bouteille de gin, bouteille de tequila, etc. En tant que fabricant professionnel de bouteilles d&#039;alcool en Chine, nous pouvons fournir un service de bouteilles en verre personnalis\u00e9. Nous proposons des centaines de moules en verre parmi lesquels choisir. Si vous n&#039;\u00eates pas satisfait de ces moules, nous pouvons les concevoir selon vos besoins. Vous pouvez demander la taille, la couleur, le motif, le logo, la m\u00e9thode de traitement, l&#039;emballage, etc. de la bouteille en verre. Nous ferons de notre mieux pour r\u00e9aliser vos souhaits.<\/p>\n<p>Notre entreprise est bonne dans ces bouteilles en verre de haute qualit\u00e9, nous garantissons donc que nous pouvons produire la qualit\u00e9 de la bouteille en verre. La production de bouteilles en verre vides de 700 ml \u00e0 vendre a \u00e9t\u00e9 strictement s\u00e9lectionn\u00e9e \u00e0 partir de mat\u00e9riaux, nous apportons des mat\u00e9riaux du pays d&#039;origine et nous utilisons des machines de pointe pour traiter et fabriquer une bouteille en verre.<\/p>\n<p>Si vous \u00eates satisfait de ces bouteilles de brandy vides, veuillez me contacter \u00e0 temps. Si vous ne l&#039;aimez pas, vous pouvez consulter nos autres bouteilles. Ou je vous donne le catalogue, vous pouvez choisir ce que vous aimez. Si vous \u00eates int\u00e9ress\u00e9 par le prix des bouteilles de brandy vides, veuillez <a href=\"https:\/\/ruishengglassco.com\/contact\">Contactez-nous.<\/a> Nous vous r\u00e9pondrons dans les 24 heures.<\/p>\n\n\t\t<\/div>\n\t<\/div>\n<\/div><\/div><\/div><\/div>\n<\/div>","protected":false},"excerpt":{"rendered":"<p>Vous recherchez le magasin d&#039;usine prix bouteille de brandy vide 70cl ? En tant que l&#039;un des principaux fabricants chinois de bouteilles d&#039;alcool avec plus de 10 ans d&#039;exp\u00e9rience, Ruisheng a \u00e9t\u00e9 impliqu\u00e9 dans la fabrication de bouteilles de brandy pour des marques de brandy, des entreprises, des grossistes de bouteilles en verre et des distributeurs. Cette vente en gros de bouteilles de brandy vides est sp\u00e9cialement con\u00e7ue pour les emballages de brandy de premi\u00e8re qualit\u00e9. Les informations de commande sont indiqu\u00e9es ci-dessous\u00a0:<\/p>\n<ul>\n<li><strong><em>MOQ\u00a0: 10\u00a0000\u00a0pi\u00e8ces (environ 11\u00a0000\u00a0pi\u00e8ces)<\/em><\/strong><\/li>\n<li>Capacit\u00e9 : 700 ml\/750 ml\/1000 ml<\/li>\n<li>Couleur: Transparent<\/li>\n<li>Poids : 640g<\/li>\n<li>Hauteur : 211 mm<\/li>\n<li>Diam\u00e8tre: 60mm<\/li>\n<li>Service OEM\/ODM offert<\/li>\n<\/ul>\n<p>Si vous \u00eates int\u00e9ress\u00e9 par le <em>prix d&#039;une bouteille de cognac vide<\/em>, S&#039;il vous pla\u00eet cliquez ici pour nous contacter.<\/p>","protected":false},"featured_media":4384,"comment_status":"open","ping_status":"closed","template":"","meta":[],"product_brand":[],"product_cat":[51,52,60,63],"product_tag":[],"class_list":{"0":"post-782","1":"product","2":"type-product","3":"status-publish","4":"has-post-thumbnail","6":"product_cat-700ml-glass-bottle","7":"product_cat-750ml-glass-bottle","8":"product_cat-brandy-bottle","9":"product_cat-liquor-bottle","10":"entry","11":"has-media","13":"first","14":"instock","15":"shipping-taxable","16":"product-type-simple"},"yoast_head":"<!-- This site is optimized with the Yoast SEO plugin v27.3 - https:\/\/yoast.com\/product\/yoast-seo-wordpress\/ -->\n<title>Empty Brandy Bottle Price | China Liquor Bottle Manufacturers<\/title>\n<meta name=\"description\" content=\"Ruisheng, a professional China liquor bottle manufacturer, provide empty brandy bottle price for brands, companies, and wholesalers. Get Quote Here.\" \/>\n<meta name=\"robots\" content=\"index, follow, max-snippet:-1, max-image-preview:large, max-video-preview:-1\" \/>\n<link rel=\"canonical\" href=\"https:\/\/ruishengglassco.com\/product\/rs044-70cl-bulk-glass-bottles-for-brandy\" \/>\n<meta property=\"og:locale\" content=\"fr_FR\" \/>\n<meta property=\"og:type\" content=\"article\" \/>\n<meta property=\"og:title\" content=\"Empty Brandy Bottle Price | China Liquor Bottle Manufacturers\" \/>\n<meta property=\"og:description\" content=\"Ruisheng, a professional China liquor bottle manufacturer, provide empty brandy bottle price for brands, companies, and wholesalers. Get Quote Here.\" \/>\n<meta property=\"og:url\" content=\"https:\/\/ruishengglassco.com\/product\/rs044-70cl-bulk-glass-bottles-for-brandy\" \/>\n<meta property=\"og:site_name\" content=\"Glass Bottle Wholesale\" \/>\n<meta property=\"article:modified_time\" content=\"2025-07-10T02:26:38+00:00\" \/>\n<meta property=\"og:image\" content=\"https:\/\/glassbottlewholesale.com\/wp-content\/uploads\/2023\/12\/70cl-Bulk-Glass-Bottles-For-Brandy-1.jpg\" \/>\n\t<meta property=\"og:image:width\" content=\"800\" \/>\n\t<meta property=\"og:image:height\" content=\"800\" \/>\n\t<meta property=\"og:image:type\" content=\"image\/jpeg\" \/>\n<meta name=\"twitter:card\" content=\"summary_large_image\" \/>\n<meta name=\"twitter:label1\" content=\"Dur\u00e9e de lecture estim\u00e9e\" \/>\n\t<meta name=\"twitter:data1\" content=\"2 minutes\" \/>\n<script type=\"application\/ld+json\" class=\"yoast-schema-graph\">{\"@context\":\"https:\\\/\\\/schema.org\",\"@graph\":[{\"@type\":\"WebPage\",\"@id\":\"https:\\\/\\\/glassbottlewholesale.com\\\/bulk-glass-bottles-for-brandy\\\/\",\"url\":\"https:\\\/\\\/ruishengglassco.com\\\/product\\\/rs044-70cl-bulk-glass-bottles-for-brandy\",\"name\":\"Empty Brandy Bottle Price | China Liquor Bottle Manufacturers\",\"isPartOf\":{\"@id\":\"https:\\\/\\\/glassbottlewholesale.com\\\/#website\"},\"primaryImageOfPage\":{\"@id\":\"https:\\\/\\\/ruishengglassco.com\\\/product\\\/rs044-70cl-bulk-glass-bottles-for-brandy#primaryimage\"},\"image\":{\"@id\":\"https:\\\/\\\/ruishengglassco.com\\\/product\\\/rs044-70cl-bulk-glass-bottles-for-brandy#primaryimage\"},\"thumbnailUrl\":\"https:\\\/\\\/glassbottlewholesale.com\\\/wp-content\\\/uploads\\\/2023\\\/12\\\/70cl-Bulk-Glass-Bottles-For-Brandy-1.jpg\",\"datePublished\":\"2019-12-18T09:18:35+00:00\",\"dateModified\":\"2025-07-10T02:26:38+00:00\",\"description\":\"Ruisheng, a professional China liquor bottle manufacturer, provide empty brandy bottle price for brands, companies, and wholesalers. Get Quote Here.\",\"breadcrumb\":{\"@id\":\"https:\\\/\\\/ruishengglassco.com\\\/product\\\/rs044-70cl-bulk-glass-bottles-for-brandy#breadcrumb\"},\"inLanguage\":\"fr-FR\",\"potentialAction\":[{\"@type\":\"ReadAction\",\"target\":[\"https:\\\/\\\/ruishengglassco.com\\\/product\\\/rs044-70cl-bulk-glass-bottles-for-brandy\"]}]},{\"@type\":\"ImageObject\",\"inLanguage\":\"fr-FR\",\"@id\":\"https:\\\/\\\/ruishengglassco.com\\\/product\\\/rs044-70cl-bulk-glass-bottles-for-brandy#primaryimage\",\"url\":\"https:\\\/\\\/glassbottlewholesale.com\\\/wp-content\\\/uploads\\\/2023\\\/12\\\/70cl-Bulk-Glass-Bottles-For-Brandy-1.jpg\",\"contentUrl\":\"https:\\\/\\\/glassbottlewholesale.com\\\/wp-content\\\/uploads\\\/2023\\\/12\\\/70cl-Bulk-Glass-Bottles-For-Brandy-1.jpg\",\"width\":800,\"height\":800,\"caption\":\"70cl Bulk Glass Bottles For Brandy\"},{\"@type\":\"BreadcrumbList\",\"@id\":\"https:\\\/\\\/ruishengglassco.com\\\/product\\\/rs044-70cl-bulk-glass-bottles-for-brandy#breadcrumb\",\"itemListElement\":[{\"@type\":\"ListItem\",\"position\":1,\"name\":\"Home\",\"item\":\"https:\\\/\\\/glassbottlewholesale.com\\\/\"},{\"@type\":\"ListItem\",\"position\":2,\"name\":\"Products\",\"item\":\"https:\\\/\\\/glassbottlewholesale.com\\\/shop\\\/\"},{\"@type\":\"ListItem\",\"position\":3,\"name\":\"RS044: 70cl Bulk Glass Bottles For Brandy\"}]},{\"@type\":\"WebSite\",\"@id\":\"https:\\\/\\\/glassbottlewholesale.com\\\/#website\",\"url\":\"https:\\\/\\\/glassbottlewholesale.com\\\/\",\"name\":\"Glass Bottle Wholesale\",\"description\":\"\",\"publisher\":{\"@id\":\"https:\\\/\\\/glassbottlewholesale.com\\\/#organization\"},\"potentialAction\":[{\"@type\":\"SearchAction\",\"target\":{\"@type\":\"EntryPoint\",\"urlTemplate\":\"https:\\\/\\\/glassbottlewholesale.com\\\/?s={search_term_string}\"},\"query-input\":{\"@type\":\"PropertyValueSpecification\",\"valueRequired\":true,\"valueName\":\"search_term_string\"}}],\"inLanguage\":\"fr-FR\"},{\"@type\":\"Organization\",\"@id\":\"https:\\\/\\\/glassbottlewholesale.com\\\/#organization\",\"name\":\"Glass Bottle Wholesale\",\"url\":\"https:\\\/\\\/glassbottlewholesale.com\\\/\",\"logo\":{\"@type\":\"ImageObject\",\"inLanguage\":\"fr-FR\",\"@id\":\"https:\\\/\\\/glassbottlewholesale.com\\\/#\\\/schema\\\/logo\\\/image\\\/\",\"url\":\"https:\\\/\\\/glassbottlewholesale.com\\\/wp-content\\\/uploads\\\/2023\\\/12\\\/ruisheng-logo.webp\",\"contentUrl\":\"https:\\\/\\\/glassbottlewholesale.com\\\/wp-content\\\/uploads\\\/2023\\\/12\\\/ruisheng-logo.webp\",\"width\":400,\"height\":233,\"caption\":\"Glass Bottle Wholesale\"},\"image\":{\"@id\":\"https:\\\/\\\/glassbottlewholesale.com\\\/#\\\/schema\\\/logo\\\/image\\\/\"}}]}<\/script>\n<!-- \/ Yoast SEO plugin. -->","yoast_head_json":{"title":"Prix de la bouteille de brandy vide | Fabricants de bouteilles d&#039;alcool en Chine","description":"Ruisheng, un fabricant professionnel de bouteilles d&#039;alcool en Chine, propose le prix des bouteilles de brandy vides aux marques, aux entreprises et aux grossistes. Obtenez un devis ici.","robots":{"index":"index","follow":"follow","max-snippet":"max-snippet:-1","max-image-preview":"max-image-preview:large","max-video-preview":"max-video-preview:-1"},"canonical":"https:\/\/ruishengglassco.com\/product\/rs044-70cl-bulk-glass-bottles-for-brandy","og_locale":"fr_FR","og_type":"article","og_title":"Empty Brandy Bottle Price | China Liquor Bottle Manufacturers","og_description":"Ruisheng, a professional China liquor bottle manufacturer, provide empty brandy bottle price for brands, companies, and wholesalers. Get Quote Here.","og_url":"https:\/\/ruishengglassco.com\/product\/rs044-70cl-bulk-glass-bottles-for-brandy","og_site_name":"Glass Bottle Wholesale","article_modified_time":"2025-07-10T02:26:38+00:00","og_image":[{"width":800,"height":800,"url":"https:\/\/glassbottlewholesale.com\/wp-content\/uploads\/2023\/12\/70cl-Bulk-Glass-Bottles-For-Brandy-1.jpg","type":"image\/jpeg"}],"twitter_card":"summary_large_image","twitter_misc":{"Dur\u00e9e de lecture estim\u00e9e":"2 minutes"},"schema":{"@context":"https:\/\/schema.org","@graph":[{"@type":"WebPage","@id":"https:\/\/glassbottlewholesale.com\/bulk-glass-bottles-for-brandy\/","url":"https:\/\/ruishengglassco.com\/product\/rs044-70cl-bulk-glass-bottles-for-brandy","name":"Prix de la bouteille de brandy vide | Fabricants de bouteilles d&#039;alcool en Chine","isPartOf":{"@id":"https:\/\/glassbottlewholesale.com\/#website"},"primaryImageOfPage":{"@id":"https:\/\/ruishengglassco.com\/product\/rs044-70cl-bulk-glass-bottles-for-brandy#primaryimage"},"image":{"@id":"https:\/\/ruishengglassco.com\/product\/rs044-70cl-bulk-glass-bottles-for-brandy#primaryimage"},"thumbnailUrl":"https:\/\/glassbottlewholesale.com\/wp-content\/uploads\/2023\/12\/70cl-Bulk-Glass-Bottles-For-Brandy-1.jpg","datePublished":"2019-12-18T09:18:35+00:00","dateModified":"2025-07-10T02:26:38+00:00","description":"Ruisheng, un fabricant professionnel de bouteilles d&#039;alcool en Chine, propose le prix des bouteilles de brandy vides aux marques, aux entreprises et aux grossistes. Obtenez un devis ici.","breadcrumb":{"@id":"https:\/\/ruishengglassco.com\/product\/rs044-70cl-bulk-glass-bottles-for-brandy#breadcrumb"},"inLanguage":"fr-FR","potentialAction":[{"@type":"ReadAction","target":["https:\/\/ruishengglassco.com\/product\/rs044-70cl-bulk-glass-bottles-for-brandy"]}]},{"@type":"ImageObject","inLanguage":"fr-FR","@id":"https:\/\/ruishengglassco.com\/product\/rs044-70cl-bulk-glass-bottles-for-brandy#primaryimage","url":"https:\/\/glassbottlewholesale.com\/wp-content\/uploads\/2023\/12\/70cl-Bulk-Glass-Bottles-For-Brandy-1.jpg","contentUrl":"https:\/\/glassbottlewholesale.com\/wp-content\/uploads\/2023\/12\/70cl-Bulk-Glass-Bottles-For-Brandy-1.jpg","width":800,"height":800,"caption":"70cl Bulk Glass Bottles For Brandy"},{"@type":"BreadcrumbList","@id":"https:\/\/ruishengglassco.com\/product\/rs044-70cl-bulk-glass-bottles-for-brandy#breadcrumb","itemListElement":[{"@type":"ListItem","position":1,"name":"Home","item":"https:\/\/glassbottlewholesale.com\/"},{"@type":"ListItem","position":2,"name":"Products","item":"https:\/\/glassbottlewholesale.com\/shop\/"},{"@type":"ListItem","position":3,"name":"RS044: 70cl Bulk Glass Bottles For Brandy"}]},{"@type":"WebSite","@id":"https:\/\/glassbottlewholesale.com\/#website","url":"https:\/\/glassbottlewholesale.com\/","name":"Glass Bottle Wholesale","description":"","publisher":{"@id":"https:\/\/glassbottlewholesale.com\/#organization"},"potentialAction":[{"@type":"SearchAction","target":{"@type":"EntryPoint","urlTemplate":"https:\/\/glassbottlewholesale.com\/?s={search_term_string}"},"query-input":{"@type":"PropertyValueSpecification","valueRequired":true,"valueName":"search_term_string"}}],"inLanguage":"fr-FR"},{"@type":"Organization","@id":"https:\/\/glassbottlewholesale.com\/#organization","name":"Glass Bottle Wholesale","url":"https:\/\/glassbottlewholesale.com\/","logo":{"@type":"ImageObject","inLanguage":"fr-FR","@id":"https:\/\/glassbottlewholesale.com\/#\/schema\/logo\/image\/","url":"https:\/\/glassbottlewholesale.com\/wp-content\/uploads\/2023\/12\/ruisheng-logo.webp","contentUrl":"https:\/\/glassbottlewholesale.com\/wp-content\/uploads\/2023\/12\/ruisheng-logo.webp","width":400,"height":233,"caption":"Glass Bottle Wholesale"},"image":{"@id":"https:\/\/glassbottlewholesale.com\/#\/schema\/logo\/image\/"}}]}},"_links":{"self":[{"href":"https:\/\/glassbottlewholesale.com\/fr\/wp-json\/wp\/v2\/product\/782","targetHints":{"allow":["GET"]}}],"collection":[{"href":"https:\/\/glassbottlewholesale.com\/fr\/wp-json\/wp\/v2\/product"}],"about":[{"href":"https:\/\/glassbottlewholesale.com\/fr\/wp-json\/wp\/v2\/types\/product"}],"replies":[{"embeddable":true,"href":"https:\/\/glassbottlewholesale.com\/fr\/wp-json\/wp\/v2\/comments?post=782"}],"wp:featuredmedia":[{"embeddable":true,"href":"https:\/\/glassbottlewholesale.com\/fr\/wp-json\/wp\/v2\/media\/4384"}],"wp:attachment":[{"href":"https:\/\/glassbottlewholesale.com\/fr\/wp-json\/wp\/v2\/media?parent=782"}],"wp:term":[{"taxonomy":"product_brand","embeddable":true,"href":"https:\/\/glassbottlewholesale.com\/fr\/wp-json\/wp\/v2\/product_brand?post=782"},{"taxonomy":"product_cat","embeddable":true,"href":"https:\/\/glassbottlewholesale.com\/fr\/wp-json\/wp\/v2\/product_cat?post=782"},{"taxonomy":"product_tag","embeddable":true,"href":"https:\/\/glassbottlewholesale.com\/fr\/wp-json\/wp\/v2\/product_tag?post=782"}],"curies":[{"name":"wp","href":"https:\/\/api.w.org\/{rel}","templated":true}]}}