{"id":1450,"date":"2019-12-25T06:13:22","date_gmt":"2019-12-25T06:13:22","guid":{"rendered":"https:\/\/queenchingglass.com\/?post_type=product&#038;p=1450"},"modified":"2025-07-10T02:25:52","modified_gmt":"2025-07-10T02:25:52","slug":"bottiglie-di-vetro-per-liquori-750ml-allingrosso-produttore-porcellana","status":"publish","type":"product","link":"https:\/\/glassbottlewholesale.com\/it\/bottiglie-di-vetro-per-liquori-750ml-allingrosso-produttore-porcellana\/","title":{"rendered":"RS043:Produttore all&#039;ingrosso di bottiglie di liquore in vetro da 750 ml in Cina"},"content":{"rendered":"<div class=\"wpb-content-wrapper\"><div class=\"vc_row wpb_row vc_row-fluid\"><div class=\"wpb_column vc_column_container vc_col-sm-12\"><div class=\"vc_column-inner\"><div class=\"wpb_wrapper\">\n\t<div class=\"wpb_text_column wpb_content_element\" >\n\t\t<div class=\"wpb_wrapper\">\n\t\t\t<p>Ruisheng, un produttore e fornitore di bottiglie di vetro professionale in Cina, fornisce <em>Bottiglie per liquori in vetro da 750 ml all'ingrosso<\/em> nel prezzo di uscita dalla fabbrica per le marche di liquori, le aziende, i fornitori di bottiglie di vetro, i grossisti, i supermercati e cos\u00ec via.<\/p>\n<p>La nostra azienda \u00e8 brava in queste bottiglie di vetro di alta qualit\u00e0, quindi garantiamo che possiamo produrre la qualit\u00e0 della bottiglia di vetro.<\/p>\n<p>Se vi piace il design di questa bottiglia per liquori da 750 ml, ma non siete soddisfatti della sua capacit\u00e0, possiamo cambiare la capacit\u00e0.<\/p>\n<p>I nostri prodotti principali sono bottiglie di vetro vuote da 750 ml di grado superiore con tappi di sughero, come bottiglie di vodka, bottiglie di brandy, bottiglie di whisky, bottiglie di liquore, bottiglie di marmellata e cos\u00ec via. Possiamo anche offrire bottiglie di vetro ambrato, bottiglie verdi e bottiglie d'acqua. Il nostro mercato principale \u00e8 l'Europa, gli Stati Uniti, l'Australia, l'America, ecc. Tutti i prodotti godono di un'ottima reputazione per innovazione e funzionalit\u00e0.<\/p>\n<p>La produzione di bottiglie di vetro da 750 ml all'ingrosso \u00e8 stata rigorosamente selezionata da materiali, portiamo materiali dal paese di origine, inoltre, usiamo macchine avanzate per elaborare e fare una bottiglia di vetro.<\/p>\n<h4>Le informazioni sulle bottiglie di vetro per liquori da 750 ml all'ingrosso sono riportate di seguito:<\/h4>\n<ul>\n<li>Materiale principale: materiale bianco cristallino estremamente bianco<\/li>\n<li>Tappo: sughero<\/li>\n<li>Riferimento: RS043<\/li>\n<li>MOQ: 10000 PCS (26000pcs-30000pcs)<\/li>\n<li>Capacit\u00e0: 700ml 750ml<\/li>\n<li>Pezzi\/ct: 24 pezzi<\/li>\n<li>Origine del luogo: Shandong, Cina<\/li>\n<li>Caratteristica: ecologico<\/li>\n<\/ul>\n<p>Abbiamo questo flacone in stock, potete riceverlo molto presto se lo ordinate. Possiamo anche apporre il vostro logo su questa bottiglia. Possiamo effettuare elaborazioni su questa bottiglia, come stampa, glassatura, pittura e altro, <span class=\"tran\" data-group=\"0_0\">diamo il benvenuto<\/span> <span class=\"tran\" data-group=\"2_1\">amici<\/span> da tutto il <span class=\"tran\" data-group=\"1_2\">mondo<\/span> <span class=\"tran\" data-group=\"3_3\">a<\/span> <span class=\"tran\" data-group=\"5_4\">visita<\/span> noi! Organizzeremo un ricevimento per voi.<\/p>\n<p>Questa bottiglia di vetro con coperchio, unica nel suo genere, pu\u00f2 essere trasformata in un'altra bottiglia.<\/p>\n<p>Se volete incidere dei motivi, possiamo farlo noi.<\/p>\n<p>Se siete soddisfatti di questo 750ml bottiglie di liquore di vetro all'ingrosso, si prega di contattare me in tempo. Se non ti piace, puoi guardare le nostre altre bottiglie. Oppure vi dar\u00f2 il catalogo, \u00e8 possibile scegliere quello che ti piace. Se siete interessati al nostro prezzo bottiglie di liquore, si prega di<a href=\"https:\/\/ruishengglassco.com\/contact\"> Contattaci<\/a>. Vi risponderemo entro 24 ore.<\/p>\n\n\t\t<\/div>\n\t<\/div>\n<\/div><\/div><\/div><\/div>\n<\/div>","protected":false},"excerpt":{"rendered":"<p>Questa bottiglia di vetro per liquori da 750 ml all'ingrosso \u00e8 uno dei nostri prodotti di vendita caldi. Che adotta un materiale di vetro estremamente bianco, vi dar\u00e0 un effetto visivo chiaro e puro per mostrare il vostro liquore di qualit\u00e0 eccellente. Design del corpo della bottiglia long&amp;round, adatto a tutti i tipi di liquore, come Whisky, Vodka, Brandy, ecc.<\/p>\n<ul>\n<li>MOQ: 10000 PCS (26000pcs-30000pcs)<\/li>\n<li>Capacit\u00e0: 700ml\/750ml\/1000ml<\/li>\n<li>Colore: trasparente<\/li>\n<li>Tappo: Tappi in metallo<\/li>\n<li>Altezza: 230 mm<\/li>\n<li>Peso: 650 g<\/li>\n<li>Diametro: 60 mm<\/li>\n<\/ul>\n<p>Se si desidera ordinare questo 750ml bottiglie di vetro liquore all'ingrosso, si prega di lasciare un messaggio per noi<\/p>","protected":false},"featured_media":4493,"comment_status":"open","ping_status":"closed","template":"","meta":[],"product_brand":[],"product_cat":[51,52,63,67],"product_tag":[],"class_list":{"0":"post-1450","1":"product","2":"type-product","3":"status-publish","4":"has-post-thumbnail","6":"product_cat-700ml-glass-bottle","7":"product_cat-750ml-glass-bottle","8":"product_cat-liquor-bottle","9":"product_cat-vodka-bottle","10":"entry","11":"has-media","13":"first","14":"instock","15":"shipping-taxable","16":"product-type-simple"},"yoast_head":"<!-- This site is optimized with the Yoast SEO plugin v27.3 - https:\/\/yoast.com\/product\/yoast-seo-wordpress\/ -->\n<title>750ml Glass Liquor Bottles Wholesale | Glass Bottle With Corks Suppliers<\/title>\n<meta name=\"description\" content=\"Buy 750ml Glass Liquor Bottles Wholesale All in Lowest Price From China Glass Bottle Manufacturers&amp;Suppliers. Free Sample&amp;5 Years Warranty.\" \/>\n<meta name=\"robots\" content=\"index, follow, max-snippet:-1, max-image-preview:large, max-video-preview:-1\" \/>\n<link rel=\"canonical\" href=\"https:\/\/ruishengglassco.com\/product\/rs043wholesale-750ml-glass-liquor-bottles-manufacturer-china\" \/>\n<meta property=\"og:locale\" content=\"it_IT\" \/>\n<meta property=\"og:type\" content=\"article\" \/>\n<meta property=\"og:title\" content=\"750ml Glass Liquor Bottles Wholesale | Glass Bottle With Corks Suppliers\" \/>\n<meta property=\"og:description\" content=\"Buy 750ml Glass Liquor Bottles Wholesale All in Lowest Price From China Glass Bottle Manufacturers&amp;Suppliers. Free Sample&amp;5 Years Warranty.\" \/>\n<meta property=\"og:url\" content=\"https:\/\/ruishengglassco.com\/product\/rs043wholesale-750ml-glass-liquor-bottles-manufacturer-china\" \/>\n<meta property=\"og:site_name\" content=\"Glass Bottle Wholesale\" \/>\n<meta property=\"article:modified_time\" content=\"2025-07-10T02:25:52+00:00\" \/>\n<meta property=\"og:image\" content=\"https:\/\/glassbottlewholesale.com\/wp-content\/uploads\/2024\/01\/rs043-1.jpg\" \/>\n\t<meta property=\"og:image:width\" content=\"800\" \/>\n\t<meta property=\"og:image:height\" content=\"800\" \/>\n\t<meta property=\"og:image:type\" content=\"image\/jpeg\" \/>\n<meta name=\"twitter:card\" content=\"summary_large_image\" \/>\n<meta name=\"twitter:label1\" content=\"Tempo di lettura stimato\" \/>\n\t<meta name=\"twitter:data1\" content=\"2 minuti\" \/>\n<script type=\"application\/ld+json\" class=\"yoast-schema-graph\">{\"@context\":\"https:\\\/\\\/schema.org\",\"@graph\":[{\"@type\":\"WebPage\",\"@id\":\"https:\\\/\\\/glassbottlewholesale.com\\\/wholesale-750ml-glass-liquor-bottles-manufacturer-china\\\/\",\"url\":\"https:\\\/\\\/ruishengglassco.com\\\/product\\\/rs043wholesale-750ml-glass-liquor-bottles-manufacturer-china\",\"name\":\"750ml Glass Liquor Bottles Wholesale | Glass Bottle With Corks Suppliers\",\"isPartOf\":{\"@id\":\"https:\\\/\\\/glassbottlewholesale.com\\\/#website\"},\"primaryImageOfPage\":{\"@id\":\"https:\\\/\\\/ruishengglassco.com\\\/product\\\/rs043wholesale-750ml-glass-liquor-bottles-manufacturer-china#primaryimage\"},\"image\":{\"@id\":\"https:\\\/\\\/ruishengglassco.com\\\/product\\\/rs043wholesale-750ml-glass-liquor-bottles-manufacturer-china#primaryimage\"},\"thumbnailUrl\":\"https:\\\/\\\/glassbottlewholesale.com\\\/wp-content\\\/uploads\\\/2024\\\/01\\\/rs043-1.jpg\",\"datePublished\":\"2019-12-25T06:13:22+00:00\",\"dateModified\":\"2025-07-10T02:25:52+00:00\",\"description\":\"Buy 750ml Glass Liquor Bottles Wholesale All in Lowest Price From China Glass Bottle Manufacturers&Suppliers. Free Sample&5 Years Warranty.\",\"breadcrumb\":{\"@id\":\"https:\\\/\\\/ruishengglassco.com\\\/product\\\/rs043wholesale-750ml-glass-liquor-bottles-manufacturer-china#breadcrumb\"},\"inLanguage\":\"it-IT\",\"potentialAction\":[{\"@type\":\"ReadAction\",\"target\":[\"https:\\\/\\\/ruishengglassco.com\\\/product\\\/rs043wholesale-750ml-glass-liquor-bottles-manufacturer-china\"]}]},{\"@type\":\"ImageObject\",\"inLanguage\":\"it-IT\",\"@id\":\"https:\\\/\\\/ruishengglassco.com\\\/product\\\/rs043wholesale-750ml-glass-liquor-bottles-manufacturer-china#primaryimage\",\"url\":\"https:\\\/\\\/glassbottlewholesale.com\\\/wp-content\\\/uploads\\\/2024\\\/01\\\/rs043-1.jpg\",\"contentUrl\":\"https:\\\/\\\/glassbottlewholesale.com\\\/wp-content\\\/uploads\\\/2024\\\/01\\\/rs043-1.jpg\",\"width\":800,\"height\":800,\"caption\":\"RS043\uff1aWholesale 750ml Glass Liquor Bottles Manufacturer China\"},{\"@type\":\"BreadcrumbList\",\"@id\":\"https:\\\/\\\/ruishengglassco.com\\\/product\\\/rs043wholesale-750ml-glass-liquor-bottles-manufacturer-china#breadcrumb\",\"itemListElement\":[{\"@type\":\"ListItem\",\"position\":1,\"name\":\"Home\",\"item\":\"https:\\\/\\\/glassbottlewholesale.com\\\/\"},{\"@type\":\"ListItem\",\"position\":2,\"name\":\"Products\",\"item\":\"https:\\\/\\\/glassbottlewholesale.com\\\/shop\\\/\"},{\"@type\":\"ListItem\",\"position\":3,\"name\":\"RS043\uff1aWholesale 750ml Glass Liquor Bottles Manufacturer China\"}]},{\"@type\":\"WebSite\",\"@id\":\"https:\\\/\\\/glassbottlewholesale.com\\\/#website\",\"url\":\"https:\\\/\\\/glassbottlewholesale.com\\\/\",\"name\":\"Glass Bottle Wholesale\",\"description\":\"\",\"publisher\":{\"@id\":\"https:\\\/\\\/glassbottlewholesale.com\\\/#organization\"},\"potentialAction\":[{\"@type\":\"SearchAction\",\"target\":{\"@type\":\"EntryPoint\",\"urlTemplate\":\"https:\\\/\\\/glassbottlewholesale.com\\\/?s={search_term_string}\"},\"query-input\":{\"@type\":\"PropertyValueSpecification\",\"valueRequired\":true,\"valueName\":\"search_term_string\"}}],\"inLanguage\":\"it-IT\"},{\"@type\":\"Organization\",\"@id\":\"https:\\\/\\\/glassbottlewholesale.com\\\/#organization\",\"name\":\"Glass Bottle Wholesale\",\"url\":\"https:\\\/\\\/glassbottlewholesale.com\\\/\",\"logo\":{\"@type\":\"ImageObject\",\"inLanguage\":\"it-IT\",\"@id\":\"https:\\\/\\\/glassbottlewholesale.com\\\/#\\\/schema\\\/logo\\\/image\\\/\",\"url\":\"https:\\\/\\\/glassbottlewholesale.com\\\/wp-content\\\/uploads\\\/2023\\\/12\\\/ruisheng-logo.webp\",\"contentUrl\":\"https:\\\/\\\/glassbottlewholesale.com\\\/wp-content\\\/uploads\\\/2023\\\/12\\\/ruisheng-logo.webp\",\"width\":400,\"height\":233,\"caption\":\"Glass Bottle Wholesale\"},\"image\":{\"@id\":\"https:\\\/\\\/glassbottlewholesale.com\\\/#\\\/schema\\\/logo\\\/image\\\/\"}}]}<\/script>\n<!-- \/ Yoast SEO plugin. -->","yoast_head_json":{"title":"750ml bottiglie di vetro per liquori all'ingrosso | bottiglia di vetro con tappi di sughero fornitori","description":"Acquista 750ml bottiglie di vetro per liquori all'ingrosso tutti in prezzo pi\u00f9 basso dalla Cina bottiglia di vetro produttori e fornitori. Campione gratuito e 5 anni di garanzia.","robots":{"index":"index","follow":"follow","max-snippet":"max-snippet:-1","max-image-preview":"max-image-preview:large","max-video-preview":"max-video-preview:-1"},"canonical":"https:\/\/ruishengglassco.com\/product\/rs043wholesale-750ml-glass-liquor-bottles-manufacturer-china","og_locale":"it_IT","og_type":"article","og_title":"750ml Glass Liquor Bottles Wholesale | Glass Bottle With Corks Suppliers","og_description":"Buy 750ml Glass Liquor Bottles Wholesale All in Lowest Price From China Glass Bottle Manufacturers&Suppliers. Free Sample&5 Years Warranty.","og_url":"https:\/\/ruishengglassco.com\/product\/rs043wholesale-750ml-glass-liquor-bottles-manufacturer-china","og_site_name":"Glass Bottle Wholesale","article_modified_time":"2025-07-10T02:25:52+00:00","og_image":[{"width":800,"height":800,"url":"https:\/\/glassbottlewholesale.com\/wp-content\/uploads\/2024\/01\/rs043-1.jpg","type":"image\/jpeg"}],"twitter_card":"summary_large_image","twitter_misc":{"Tempo di lettura stimato":"2 minuti"},"schema":{"@context":"https:\/\/schema.org","@graph":[{"@type":"WebPage","@id":"https:\/\/glassbottlewholesale.com\/wholesale-750ml-glass-liquor-bottles-manufacturer-china\/","url":"https:\/\/ruishengglassco.com\/product\/rs043wholesale-750ml-glass-liquor-bottles-manufacturer-china","name":"750ml bottiglie di vetro per liquori all'ingrosso | bottiglia di vetro con tappi di sughero fornitori","isPartOf":{"@id":"https:\/\/glassbottlewholesale.com\/#website"},"primaryImageOfPage":{"@id":"https:\/\/ruishengglassco.com\/product\/rs043wholesale-750ml-glass-liquor-bottles-manufacturer-china#primaryimage"},"image":{"@id":"https:\/\/ruishengglassco.com\/product\/rs043wholesale-750ml-glass-liquor-bottles-manufacturer-china#primaryimage"},"thumbnailUrl":"https:\/\/glassbottlewholesale.com\/wp-content\/uploads\/2024\/01\/rs043-1.jpg","datePublished":"2019-12-25T06:13:22+00:00","dateModified":"2025-07-10T02:25:52+00:00","description":"Acquista 750ml bottiglie di vetro per liquori all'ingrosso tutti in prezzo pi\u00f9 basso dalla Cina bottiglia di vetro produttori e fornitori. Campione gratuito e 5 anni di garanzia.","breadcrumb":{"@id":"https:\/\/ruishengglassco.com\/product\/rs043wholesale-750ml-glass-liquor-bottles-manufacturer-china#breadcrumb"},"inLanguage":"it-IT","potentialAction":[{"@type":"ReadAction","target":["https:\/\/ruishengglassco.com\/product\/rs043wholesale-750ml-glass-liquor-bottles-manufacturer-china"]}]},{"@type":"ImageObject","inLanguage":"it-IT","@id":"https:\/\/ruishengglassco.com\/product\/rs043wholesale-750ml-glass-liquor-bottles-manufacturer-china#primaryimage","url":"https:\/\/glassbottlewholesale.com\/wp-content\/uploads\/2024\/01\/rs043-1.jpg","contentUrl":"https:\/\/glassbottlewholesale.com\/wp-content\/uploads\/2024\/01\/rs043-1.jpg","width":800,"height":800,"caption":"RS043\uff1aWholesale 750ml Glass Liquor Bottles Manufacturer China"},{"@type":"BreadcrumbList","@id":"https:\/\/ruishengglassco.com\/product\/rs043wholesale-750ml-glass-liquor-bottles-manufacturer-china#breadcrumb","itemListElement":[{"@type":"ListItem","position":1,"name":"Home","item":"https:\/\/glassbottlewholesale.com\/"},{"@type":"ListItem","position":2,"name":"Products","item":"https:\/\/glassbottlewholesale.com\/shop\/"},{"@type":"ListItem","position":3,"name":"RS043\uff1aWholesale 750ml Glass Liquor Bottles Manufacturer China"}]},{"@type":"WebSite","@id":"https:\/\/glassbottlewholesale.com\/#website","url":"https:\/\/glassbottlewholesale.com\/","name":"Glass Bottle Wholesale","description":"","publisher":{"@id":"https:\/\/glassbottlewholesale.com\/#organization"},"potentialAction":[{"@type":"SearchAction","target":{"@type":"EntryPoint","urlTemplate":"https:\/\/glassbottlewholesale.com\/?s={search_term_string}"},"query-input":{"@type":"PropertyValueSpecification","valueRequired":true,"valueName":"search_term_string"}}],"inLanguage":"it-IT"},{"@type":"Organization","@id":"https:\/\/glassbottlewholesale.com\/#organization","name":"Glass Bottle Wholesale","url":"https:\/\/glassbottlewholesale.com\/","logo":{"@type":"ImageObject","inLanguage":"it-IT","@id":"https:\/\/glassbottlewholesale.com\/#\/schema\/logo\/image\/","url":"https:\/\/glassbottlewholesale.com\/wp-content\/uploads\/2023\/12\/ruisheng-logo.webp","contentUrl":"https:\/\/glassbottlewholesale.com\/wp-content\/uploads\/2023\/12\/ruisheng-logo.webp","width":400,"height":233,"caption":"Glass Bottle Wholesale"},"image":{"@id":"https:\/\/glassbottlewholesale.com\/#\/schema\/logo\/image\/"}}]}},"_links":{"self":[{"href":"https:\/\/glassbottlewholesale.com\/it\/wp-json\/wp\/v2\/product\/1450","targetHints":{"allow":["GET"]}}],"collection":[{"href":"https:\/\/glassbottlewholesale.com\/it\/wp-json\/wp\/v2\/product"}],"about":[{"href":"https:\/\/glassbottlewholesale.com\/it\/wp-json\/wp\/v2\/types\/product"}],"replies":[{"embeddable":true,"href":"https:\/\/glassbottlewholesale.com\/it\/wp-json\/wp\/v2\/comments?post=1450"}],"wp:featuredmedia":[{"embeddable":true,"href":"https:\/\/glassbottlewholesale.com\/it\/wp-json\/wp\/v2\/media\/4493"}],"wp:attachment":[{"href":"https:\/\/glassbottlewholesale.com\/it\/wp-json\/wp\/v2\/media?parent=1450"}],"wp:term":[{"taxonomy":"product_brand","embeddable":true,"href":"https:\/\/glassbottlewholesale.com\/it\/wp-json\/wp\/v2\/product_brand?post=1450"},{"taxonomy":"product_cat","embeddable":true,"href":"https:\/\/glassbottlewholesale.com\/it\/wp-json\/wp\/v2\/product_cat?post=1450"},{"taxonomy":"product_tag","embeddable":true,"href":"https:\/\/glassbottlewholesale.com\/it\/wp-json\/wp\/v2\/product_tag?post=1450"}],"curies":[{"name":"wp","href":"https:\/\/api.w.org\/{rel}","templated":true}]}}