{"id":2465,"date":"2021-02-01T06:40:14","date_gmt":"2021-02-01T06:40:14","guid":{"rendered":"https:\/\/glassbottlewholesale.com\/?post_type=product&#038;p=2465"},"modified":"2025-06-23T09:27:39","modified_gmt":"2025-06-23T09:27:39","slug":"bottiglie-di-vino-da-750-ml-allingrosso","status":"publish","type":"product","link":"https:\/\/glassbottlewholesale.com\/it\/bottiglie-di-vino-da-750-ml-allingrosso\/","title":{"rendered":"RS023 Vendita all&#039;ingrosso di bottiglie di vino da 750 ml"},"content":{"rendered":"<h2>Inizia l'ordine per Bottiglie di vino da 750 ml all'ingrosso<\/h2>\n<p>Questa serie di bottiglie di vino da 750 ml all'ingrosso \u00e8 una delle bottiglie di vetro pi\u00f9 popolari. Il prodotto adotta un materiale di vetro ad alta selce per rendere la bottiglia di vetro pi\u00f9 trasparente, chiara e non facile da rompere.<\/p>\n<p><strong>Caratteristiche<\/strong><\/p>\n<ul>\n<li>Team internazionalizzato e appassionato con un'esperienza media di 10 anni.<\/li>\n<li>Ampia linea di produzione in stock<\/li>\n<li>Design e stampi personalizzati<\/li>\n<li>Lavorare online 24 ore su 24, 7 giorni su 7<\/li>\n<\/ul>\n<p><strong>Cliente preoccupato<\/strong><\/p>\n<ol>\n<li><strong>Qual \u00e8 il MOQ di 750ml bottiglie di vino di vetro all'ingrosso?<\/strong><\/li>\n<\/ol>\n<p>Ruisheng \u00e8 un produttore professionale di bottiglie di vino, forniamo solo bottiglie di vetro all'ingrosso, non al dettaglio. Il <strong>MOQ \u00e8 <span class=\"mceItemHidden\">10000 PCS (circa 10000 pezzi)<\/span><\/strong><\/p>\n<p><strong>2. Come possiamo sapere che sono davvero privi di piombo e di qualit\u00e0 alimentare?<\/strong><\/p>\n<p>Come di consueto per il vetro, abbiamo materiale comune, materiale bianco elevato, materiale bianco cristallino, tutti questi materiali sono adatti per uso alimentare e senza piombo, superiamo il test di qualit\u00e0 alimentare, non c'\u00e8 bisogno di preoccuparsi della sicurezza.<\/p>\n<p>3. <strong data-spm-anchor-id=\"a2700.details.pronpeci14.i1.34cb4892RVk1Fi\">Come posso ottenere un campione per verificare la vostra qualit\u00e0? Offrite campioni gratuiti?<\/strong><\/p>\n<p>S\u00ec, sono disponibili campioni gratuiti, \u00e8 consentito l'ordine diretto di garanzia commerciale. Solo il costo del trasporto \u00e8 a carico del cliente e sar\u00e0 rimborsabile una volta effettuato l'ordine. In alternativa, se disponete di un account per il corriere, possiamo organizzare il ritiro dei campioni.<\/p>\n<p>&nbsp;<\/p>","protected":false},"excerpt":{"rendered":"<p>Ruisheng, produttore professionale di bottiglie di vetro, fornisce bottiglie di vino da 750 ml all'ingrosso per aziende vinicole, marchi e altri. La nostra azienda \u00e8 impegnata nella produzione di bottiglie di vetro da oltre 10 anni. In qualit\u00e0 di fornitore professionale di bottiglie di vetro, forniamo un servizio personalizzato OEM\/ODM per ordini all'ingrosso.<\/p>\n<h4>Informazioni dettagliate sulle bottiglie di vino da 750 ml all'ingrosso<\/h4>\n<ul>\n<li>Nome: 750 ml bottiglie di vino all'ingrosso<\/li>\n<li>Numero di modello: Rs-750<\/li>\n<li>Materiale: Materiale del vetro Super Flint<\/li>\n<li>Tipo di chiusura: Sughero, tappo a vite, tappo in sughero, tappo in vetro, tappo Twist-off, tappo a vite<\/li>\n<li><span style=\"color: #ff6600\"><strong>MOQ: 10000pcs (circa 10000pcs)<\/strong><\/span><\/li>\n<li>Imballaggio: Cartoni con divisorio di cartone, pallet, pallet+cartone, scatola di colore con logo personalizzato<\/li>\n<li>Tempi di consegna: consegna in stock entro 7 giorni. Consegna delle bottiglie personalizzate entro 25-30 giorni.<\/li>\n<\/ul>\n<p>Se si desidera ottenere maggiori dettagli su questo 750 ml bottiglie di vino all'ingrosso, si prega di <a href=\"https:\/\/ruishengglassco.com\/contact\" target=\"_blank\" rel=\"noopener\">clicca qui<\/a> per parlare con le nostre vendite.<\/p>\n<p>&nbsp;<\/p>","protected":false},"featured_media":2456,"comment_status":"open","ping_status":"closed","template":"","meta":[],"product_brand":[],"product_cat":[52],"product_tag":[],"class_list":{"0":"post-2465","1":"product","2":"type-product","3":"status-publish","4":"has-post-thumbnail","6":"product_cat-750ml-glass-bottle","7":"entry","8":"has-media","10":"first","11":"instock","12":"shipping-taxable","13":"product-type-simple"},"yoast_head":"<!-- This site is optimized with the Yoast SEO plugin v27.3 - https:\/\/yoast.com\/product\/yoast-seo-wordpress\/ -->\n<title>750 ml Wine Bottles Wholesale | Red Wine Bottle Manufacturer-Ruisheng<\/title>\n<meta name=\"description\" content=\"Ruisheng, a professional glass bottle manufacturer&amp;supplier, provide 750 ml Wine Bottles Wholesale for wine company, brand, and etc.\" \/>\n<meta name=\"robots\" content=\"index, follow, max-snippet:-1, max-image-preview:large, max-video-preview:-1\" \/>\n<link rel=\"canonical\" href=\"https:\/\/ruishengglassco.com\/product\/rs023-750ml-wine-bottles-manufacturers\" \/>\n<meta property=\"og:locale\" content=\"it_IT\" \/>\n<meta property=\"og:type\" content=\"article\" \/>\n<meta property=\"og:title\" content=\"750 ml Wine Bottles Wholesale | Red Wine Bottle Manufacturer-Ruisheng\" \/>\n<meta property=\"og:description\" content=\"Ruisheng, a professional glass bottle manufacturer&amp;supplier, provide 750 ml Wine Bottles Wholesale for wine company, brand, and etc.\" \/>\n<meta property=\"og:url\" content=\"https:\/\/ruishengglassco.com\/product\/rs023-750ml-wine-bottles-manufacturers\" \/>\n<meta property=\"og:site_name\" content=\"Glass Bottle Wholesale\" \/>\n<meta property=\"article:modified_time\" content=\"2025-06-23T09:27:39+00:00\" \/>\n<meta property=\"og:image\" content=\"https:\/\/glassbottlewholesale.com\/wp-content\/uploads\/2021\/01\/glass-wine-bottle-2-1.jpg\" \/>\n\t<meta property=\"og:image:width\" content=\"1000\" \/>\n\t<meta property=\"og:image:height\" content=\"1000\" \/>\n\t<meta property=\"og:image:type\" content=\"image\/jpeg\" \/>\n<meta name=\"twitter:card\" content=\"summary_large_image\" \/>\n<meta name=\"twitter:label1\" content=\"Tempo di lettura stimato\" \/>\n\t<meta name=\"twitter:data1\" content=\"2 minuti\" \/>\n<script type=\"application\/ld+json\" class=\"yoast-schema-graph\">{\"@context\":\"https:\\\/\\\/schema.org\",\"@graph\":[{\"@type\":\"WebPage\",\"@id\":\"https:\\\/\\\/glassbottlewholesale.com\\\/750-ml-wine-bottles-wholesale\\\/\",\"url\":\"https:\\\/\\\/ruishengglassco.com\\\/product\\\/rs023-750ml-wine-bottles-manufacturers\",\"name\":\"750 ml Wine Bottles Wholesale | Red Wine Bottle Manufacturer-Ruisheng\",\"isPartOf\":{\"@id\":\"https:\\\/\\\/glassbottlewholesale.com\\\/#website\"},\"primaryImageOfPage\":{\"@id\":\"https:\\\/\\\/ruishengglassco.com\\\/product\\\/rs023-750ml-wine-bottles-manufacturers#primaryimage\"},\"image\":{\"@id\":\"https:\\\/\\\/ruishengglassco.com\\\/product\\\/rs023-750ml-wine-bottles-manufacturers#primaryimage\"},\"thumbnailUrl\":\"https:\\\/\\\/glassbottlewholesale.com\\\/wp-content\\\/uploads\\\/2021\\\/01\\\/glass-wine-bottle-2-1.jpg\",\"datePublished\":\"2021-02-01T06:40:14+00:00\",\"dateModified\":\"2025-06-23T09:27:39+00:00\",\"description\":\"Ruisheng, a professional glass bottle manufacturer&supplier, provide 750 ml Wine Bottles Wholesale for wine company, brand, and etc.\",\"breadcrumb\":{\"@id\":\"https:\\\/\\\/ruishengglassco.com\\\/product\\\/rs023-750ml-wine-bottles-manufacturers#breadcrumb\"},\"inLanguage\":\"it-IT\",\"potentialAction\":[{\"@type\":\"ReadAction\",\"target\":[\"https:\\\/\\\/ruishengglassco.com\\\/product\\\/rs023-750ml-wine-bottles-manufacturers\"]}]},{\"@type\":\"ImageObject\",\"inLanguage\":\"it-IT\",\"@id\":\"https:\\\/\\\/ruishengglassco.com\\\/product\\\/rs023-750ml-wine-bottles-manufacturers#primaryimage\",\"url\":\"https:\\\/\\\/glassbottlewholesale.com\\\/wp-content\\\/uploads\\\/2021\\\/01\\\/glass-wine-bottle-2-1.jpg\",\"contentUrl\":\"https:\\\/\\\/glassbottlewholesale.com\\\/wp-content\\\/uploads\\\/2021\\\/01\\\/glass-wine-bottle-2-1.jpg\",\"width\":1000,\"height\":1000,\"caption\":\"ruisheng wine bottle wholesale\"},{\"@type\":\"BreadcrumbList\",\"@id\":\"https:\\\/\\\/ruishengglassco.com\\\/product\\\/rs023-750ml-wine-bottles-manufacturers#breadcrumb\",\"itemListElement\":[{\"@type\":\"ListItem\",\"position\":1,\"name\":\"Home\",\"item\":\"https:\\\/\\\/glassbottlewholesale.com\\\/\"},{\"@type\":\"ListItem\",\"position\":2,\"name\":\"Products\",\"item\":\"https:\\\/\\\/glassbottlewholesale.com\\\/shop\\\/\"},{\"@type\":\"ListItem\",\"position\":3,\"name\":\"RS023 750 ml Wine Bottles Wholesale\"}]},{\"@type\":\"WebSite\",\"@id\":\"https:\\\/\\\/glassbottlewholesale.com\\\/#website\",\"url\":\"https:\\\/\\\/glassbottlewholesale.com\\\/\",\"name\":\"Glass Bottle Wholesale\",\"description\":\"\",\"publisher\":{\"@id\":\"https:\\\/\\\/glassbottlewholesale.com\\\/#organization\"},\"potentialAction\":[{\"@type\":\"SearchAction\",\"target\":{\"@type\":\"EntryPoint\",\"urlTemplate\":\"https:\\\/\\\/glassbottlewholesale.com\\\/?s={search_term_string}\"},\"query-input\":{\"@type\":\"PropertyValueSpecification\",\"valueRequired\":true,\"valueName\":\"search_term_string\"}}],\"inLanguage\":\"it-IT\"},{\"@type\":\"Organization\",\"@id\":\"https:\\\/\\\/glassbottlewholesale.com\\\/#organization\",\"name\":\"Glass Bottle Wholesale\",\"url\":\"https:\\\/\\\/glassbottlewholesale.com\\\/\",\"logo\":{\"@type\":\"ImageObject\",\"inLanguage\":\"it-IT\",\"@id\":\"https:\\\/\\\/glassbottlewholesale.com\\\/#\\\/schema\\\/logo\\\/image\\\/\",\"url\":\"https:\\\/\\\/glassbottlewholesale.com\\\/wp-content\\\/uploads\\\/2023\\\/12\\\/ruisheng-logo.webp\",\"contentUrl\":\"https:\\\/\\\/glassbottlewholesale.com\\\/wp-content\\\/uploads\\\/2023\\\/12\\\/ruisheng-logo.webp\",\"width\":400,\"height\":233,\"caption\":\"Glass Bottle Wholesale\"},\"image\":{\"@id\":\"https:\\\/\\\/glassbottlewholesale.com\\\/#\\\/schema\\\/logo\\\/image\\\/\"}}]}<\/script>\n<!-- \/ Yoast SEO plugin. -->","yoast_head_json":{"title":"750 ml Wine Bottles Wholesale | Red Wine Bottle Manufacturer-Ruisheng","description":"Ruisheng, a professional glass bottle manufacturer&supplier, provide 750 ml Wine Bottles Wholesale for wine company, brand, and etc.","robots":{"index":"index","follow":"follow","max-snippet":"max-snippet:-1","max-image-preview":"max-image-preview:large","max-video-preview":"max-video-preview:-1"},"canonical":"https:\/\/ruishengglassco.com\/product\/rs023-750ml-wine-bottles-manufacturers","og_locale":"it_IT","og_type":"article","og_title":"750 ml Wine Bottles Wholesale | Red Wine Bottle Manufacturer-Ruisheng","og_description":"Ruisheng, a professional glass bottle manufacturer&supplier, provide 750 ml Wine Bottles Wholesale for wine company, brand, and etc.","og_url":"https:\/\/ruishengglassco.com\/product\/rs023-750ml-wine-bottles-manufacturers","og_site_name":"Glass Bottle Wholesale","article_modified_time":"2025-06-23T09:27:39+00:00","og_image":[{"width":1000,"height":1000,"url":"https:\/\/glassbottlewholesale.com\/wp-content\/uploads\/2021\/01\/glass-wine-bottle-2-1.jpg","type":"image\/jpeg"}],"twitter_card":"summary_large_image","twitter_misc":{"Tempo di lettura stimato":"2 minuti"},"schema":{"@context":"https:\/\/schema.org","@graph":[{"@type":"WebPage","@id":"https:\/\/glassbottlewholesale.com\/750-ml-wine-bottles-wholesale\/","url":"https:\/\/ruishengglassco.com\/product\/rs023-750ml-wine-bottles-manufacturers","name":"750 ml Wine Bottles Wholesale | Red Wine Bottle Manufacturer-Ruisheng","isPartOf":{"@id":"https:\/\/glassbottlewholesale.com\/#website"},"primaryImageOfPage":{"@id":"https:\/\/ruishengglassco.com\/product\/rs023-750ml-wine-bottles-manufacturers#primaryimage"},"image":{"@id":"https:\/\/ruishengglassco.com\/product\/rs023-750ml-wine-bottles-manufacturers#primaryimage"},"thumbnailUrl":"https:\/\/glassbottlewholesale.com\/wp-content\/uploads\/2021\/01\/glass-wine-bottle-2-1.jpg","datePublished":"2021-02-01T06:40:14+00:00","dateModified":"2025-06-23T09:27:39+00:00","description":"Ruisheng, a professional glass bottle manufacturer&supplier, provide 750 ml Wine Bottles Wholesale for wine company, brand, and etc.","breadcrumb":{"@id":"https:\/\/ruishengglassco.com\/product\/rs023-750ml-wine-bottles-manufacturers#breadcrumb"},"inLanguage":"it-IT","potentialAction":[{"@type":"ReadAction","target":["https:\/\/ruishengglassco.com\/product\/rs023-750ml-wine-bottles-manufacturers"]}]},{"@type":"ImageObject","inLanguage":"it-IT","@id":"https:\/\/ruishengglassco.com\/product\/rs023-750ml-wine-bottles-manufacturers#primaryimage","url":"https:\/\/glassbottlewholesale.com\/wp-content\/uploads\/2021\/01\/glass-wine-bottle-2-1.jpg","contentUrl":"https:\/\/glassbottlewholesale.com\/wp-content\/uploads\/2021\/01\/glass-wine-bottle-2-1.jpg","width":1000,"height":1000,"caption":"ruisheng wine bottle wholesale"},{"@type":"BreadcrumbList","@id":"https:\/\/ruishengglassco.com\/product\/rs023-750ml-wine-bottles-manufacturers#breadcrumb","itemListElement":[{"@type":"ListItem","position":1,"name":"Home","item":"https:\/\/glassbottlewholesale.com\/"},{"@type":"ListItem","position":2,"name":"Products","item":"https:\/\/glassbottlewholesale.com\/shop\/"},{"@type":"ListItem","position":3,"name":"RS023 750 ml Wine Bottles Wholesale"}]},{"@type":"WebSite","@id":"https:\/\/glassbottlewholesale.com\/#website","url":"https:\/\/glassbottlewholesale.com\/","name":"Glass Bottle Wholesale","description":"","publisher":{"@id":"https:\/\/glassbottlewholesale.com\/#organization"},"potentialAction":[{"@type":"SearchAction","target":{"@type":"EntryPoint","urlTemplate":"https:\/\/glassbottlewholesale.com\/?s={search_term_string}"},"query-input":{"@type":"PropertyValueSpecification","valueRequired":true,"valueName":"search_term_string"}}],"inLanguage":"it-IT"},{"@type":"Organization","@id":"https:\/\/glassbottlewholesale.com\/#organization","name":"Glass Bottle Wholesale","url":"https:\/\/glassbottlewholesale.com\/","logo":{"@type":"ImageObject","inLanguage":"it-IT","@id":"https:\/\/glassbottlewholesale.com\/#\/schema\/logo\/image\/","url":"https:\/\/glassbottlewholesale.com\/wp-content\/uploads\/2023\/12\/ruisheng-logo.webp","contentUrl":"https:\/\/glassbottlewholesale.com\/wp-content\/uploads\/2023\/12\/ruisheng-logo.webp","width":400,"height":233,"caption":"Glass Bottle Wholesale"},"image":{"@id":"https:\/\/glassbottlewholesale.com\/#\/schema\/logo\/image\/"}}]}},"_links":{"self":[{"href":"https:\/\/glassbottlewholesale.com\/it\/wp-json\/wp\/v2\/product\/2465","targetHints":{"allow":["GET"]}}],"collection":[{"href":"https:\/\/glassbottlewholesale.com\/it\/wp-json\/wp\/v2\/product"}],"about":[{"href":"https:\/\/glassbottlewholesale.com\/it\/wp-json\/wp\/v2\/types\/product"}],"replies":[{"embeddable":true,"href":"https:\/\/glassbottlewholesale.com\/it\/wp-json\/wp\/v2\/comments?post=2465"}],"wp:featuredmedia":[{"embeddable":true,"href":"https:\/\/glassbottlewholesale.com\/it\/wp-json\/wp\/v2\/media\/2456"}],"wp:attachment":[{"href":"https:\/\/glassbottlewholesale.com\/it\/wp-json\/wp\/v2\/media?parent=2465"}],"wp:term":[{"taxonomy":"product_brand","embeddable":true,"href":"https:\/\/glassbottlewholesale.com\/it\/wp-json\/wp\/v2\/product_brand?post=2465"},{"taxonomy":"product_cat","embeddable":true,"href":"https:\/\/glassbottlewholesale.com\/it\/wp-json\/wp\/v2\/product_cat?post=2465"},{"taxonomy":"product_tag","embeddable":true,"href":"https:\/\/glassbottlewholesale.com\/it\/wp-json\/wp\/v2\/product_tag?post=2465"}],"curies":[{"name":"wp","href":"https:\/\/api.w.org\/{rel}","templated":true}]}}