{"id":2467,"date":"2021-02-20T09:23:16","date_gmt":"2021-02-20T09:23:16","guid":{"rendered":"https:\/\/glassbottlewholesale.com\/?post_type=product&#038;p=2467"},"modified":"2025-06-23T09:24:32","modified_gmt":"2025-06-23T09:24:32","slug":"bottiglia-di-vetro-personalizzata-da-750-ml-per-whisky-xo-brandy","status":"publish","type":"product","link":"https:\/\/glassbottlewholesale.com\/it\/bottiglia-di-vetro-personalizzata-da-750-ml-per-whisky-xo-brandy\/","title":{"rendered":"RS022 Bottiglia di vetro personalizzata da 750 ml per XO\/Brandy\/Whisky"},"content":{"rendered":"<h2>Informazioni dettagliate sulla bottiglia di vetro personalizzata da 750 ml per XO\/Brandy\/Whisky<\/h2>\n<p>Questa serie di bottiglie di vetro personalizzate da 750 ml \u00e8 principalmente per XO\/Brandy\/Whisky. Bottiglia di vetro personalizzata disegnata dal capo designer Giugiaro della Royal Belgian Academy. Il design unico fa s\u00ec che le persone che lo vedono ne siano attratte per la prima volta.<\/p>\n<p>La bottiglia di vetro personalizzata da 750 ml \u00e8 prodotta utilizzando il processo di produzione automatizzato di bottiglie di vetro pi\u00f9 avanzato al mondo. \u00c8 stato realizzato con materiale di vetro ad alta selce per dimostrare il temperamento nobile del marchio.<\/p>\n<p>In qualit\u00e0 di produttore e fabbrica professionale di bottiglie di liquore, la nostra azienda fornisce anche servizi OEM\/ODM per marchi e aziende di liquori. Forniamo ai clienti stampi per bottiglie di vetro gratuiti tra cui scegliere. Pu\u00f2 anche essere prodotto secondo i disegni forniti dall&#039;utente.<\/p>\n<h4>Preoccupazioni dei clienti<\/h4>\n<ol>\n<li><strong>Il MOQ della bottiglia di vetro personalizzata da 750 ml\u00a0<\/strong><\/li>\n<\/ol>\n<p>In qualit\u00e0 di produttore professionale di bottiglie di whisky, forniamo solo il servizio all&#039;ingrosso di bottiglie di vetro personalizzate da 750 ml, non al dettaglio. In considerazione della nostra base di clienti, dell&#039;imballaggio, della spedizione e di altri fattori, il nostro <strong>MOQ \u00e8\u00a0<span class=\"mceItemHidden\">10000 pezzi (circa 20000 pezzi)<\/span><\/strong><\/p>\n<p><strong>2. Informazioni sull&#039;imballaggio<\/strong><\/p>\n<p>Come tutti sappiamo, le bottiglie di vetro sono merci fragili, quindi bisogna prestare attenzione all&#039;imballaggio. Utilizziamo imballaggi sicuri, come imballaggi sfusi con scatole interne\/scatola dei colori\/scatola bianca\/scatola di presentazione\/pallet standard per l&#039;esportazione su richiesta del cliente.<\/p>\n<p><strong>3. Informazioni sui tempi di consegna<\/strong><\/p>\n<ul>\n<li>Per stock pronto: 7 giorni dalla ricezione del pagamento.<\/li>\n<li>Per prodotti esauriti: 25 ~ 40 giorni dalla ricezione del pagamento.<\/li>\n<\/ul>","protected":false},"excerpt":{"rendered":"<p>Bottiglia di vetro personalizzata da 750 ml per XO, brandy, whisky dal principale produttore cinese di bottiglie di liquore - Ruisheng. Ruisheng, un produttore professionale di bottiglie di vetro con oltre 10 anni di esperienza nella progettazione e produzione di bottiglie di vetro. Il nostro commercio all&#039;ingrosso di bottiglie di vetro da 750 ml \u00e8 progettato principalmente per imballaggi di liquori, whisky, brandy, XO, cognac e tequila.<\/p>\n<p>Informazioni sull&#039;ordine sulla bottiglia di vetro personalizzata da 750 ml per XO, brandy, whisky<\/p>\n<ul>\n<li><strong>MOQ: 10000 PC (circa 20000 pezzi)<\/strong><\/li>\n<li>Capacit\u00e0: 750 ml (servizio personalizzato disponibile)<\/li>\n<li>Colore: trasparente<\/li>\n<li>Servizio personalizzato offerto: dimensioni, capacit\u00e0, modello, colore, tappo, logo, stampa, ecc.<\/li>\n<\/ul>\n<p>Se desideri una bottiglia di vetro personalizzata per il tuo marchio, non esitare a farlo <a href=\"https:\/\/ruishengglassco.com\/contact\" target=\"_blank\" rel=\"noopener\">Contattaci.<\/a><\/p>","protected":false},"featured_media":0,"comment_status":"open","ping_status":"closed","template":"","meta":[],"product_brand":[],"product_cat":[52,68,61],"product_tag":[],"class_list":{"0":"post-2467","1":"product","2":"type-product","3":"status-publish","5":"product_cat-750ml-glass-bottle","6":"product_cat-whiskey-bottle","7":"product_cat-xo-brandy-bottle","8":"entry","9":"no-media","11":"first","12":"instock","13":"shipping-taxable","14":"product-type-simple"},"yoast_head":"<!-- This site is optimized with the Yoast SEO plugin v27.3 - https:\/\/yoast.com\/product\/yoast-seo-wordpress\/ -->\n<title>RS022 Custom 750ml Glass Bottle For XO\/Brandy\/Whisky - Glass Bottle Wholesale<\/title>\n<meta name=\"description\" content=\"Custom 750ml Glass Bottle For XO\/Brandy\/Whisky From China Top Glass Bottle Manufacturer. Factory Outlet&amp;Free Sample Offered.\" \/>\n<meta name=\"robots\" content=\"index, follow, max-snippet:-1, max-image-preview:large, max-video-preview:-1\" \/>\n<link rel=\"canonical\" href=\"https:\/\/ruishengglassco.com\/product\/rs022-custom-750ml-glass-bottle-for-xo-brandy-whisky\" \/>\n<meta property=\"og:locale\" content=\"it_IT\" \/>\n<meta property=\"og:type\" content=\"article\" \/>\n<meta property=\"og:title\" content=\"RS022 Custom 750ml Glass Bottle For XO\/Brandy\/Whisky - Glass Bottle Wholesale\" \/>\n<meta property=\"og:description\" content=\"Custom 750ml Glass Bottle For XO\/Brandy\/Whisky From China Top Glass Bottle Manufacturer. Factory Outlet&amp;Free Sample Offered.\" \/>\n<meta property=\"og:url\" content=\"https:\/\/ruishengglassco.com\/product\/rs022-custom-750ml-glass-bottle-for-xo-brandy-whisky\" \/>\n<meta property=\"og:site_name\" content=\"Glass Bottle Wholesale\" \/>\n<meta property=\"article:modified_time\" content=\"2025-06-23T09:24:32+00:00\" \/>\n<meta name=\"twitter:card\" content=\"summary_large_image\" \/>\n<meta name=\"twitter:label1\" content=\"Tempo di lettura stimato\" \/>\n\t<meta name=\"twitter:data1\" content=\"2 minuti\" \/>\n<script type=\"application\/ld+json\" class=\"yoast-schema-graph\">{\"@context\":\"https:\\\/\\\/schema.org\",\"@graph\":[{\"@type\":\"WebPage\",\"@id\":\"https:\\\/\\\/glassbottlewholesale.com\\\/custom-750ml-glass-bottle-for-xo-brandy-whisky\\\/\",\"url\":\"https:\\\/\\\/ruishengglassco.com\\\/product\\\/rs022-custom-750ml-glass-bottle-for-xo-brandy-whisky\",\"name\":\"RS022 Custom 750ml Glass Bottle For XO\\\/Brandy\\\/Whisky - Glass Bottle Wholesale\",\"isPartOf\":{\"@id\":\"https:\\\/\\\/glassbottlewholesale.com\\\/#website\"},\"datePublished\":\"2021-02-20T09:23:16+00:00\",\"dateModified\":\"2025-06-23T09:24:32+00:00\",\"description\":\"Custom 750ml Glass Bottle For XO\\\/Brandy\\\/Whisky From China Top Glass Bottle Manufacturer. Factory Outlet&Free Sample Offered.\",\"breadcrumb\":{\"@id\":\"https:\\\/\\\/ruishengglassco.com\\\/product\\\/rs022-custom-750ml-glass-bottle-for-xo-brandy-whisky#breadcrumb\"},\"inLanguage\":\"it-IT\",\"potentialAction\":[{\"@type\":\"ReadAction\",\"target\":[\"https:\\\/\\\/ruishengglassco.com\\\/product\\\/rs022-custom-750ml-glass-bottle-for-xo-brandy-whisky\"]}]},{\"@type\":\"BreadcrumbList\",\"@id\":\"https:\\\/\\\/ruishengglassco.com\\\/product\\\/rs022-custom-750ml-glass-bottle-for-xo-brandy-whisky#breadcrumb\",\"itemListElement\":[{\"@type\":\"ListItem\",\"position\":1,\"name\":\"Home\",\"item\":\"https:\\\/\\\/glassbottlewholesale.com\\\/\"},{\"@type\":\"ListItem\",\"position\":2,\"name\":\"Products\",\"item\":\"https:\\\/\\\/glassbottlewholesale.com\\\/shop\\\/\"},{\"@type\":\"ListItem\",\"position\":3,\"name\":\"RS022 Custom 750ml Glass Bottle For XO\\\/Brandy\\\/Whisky\"}]},{\"@type\":\"WebSite\",\"@id\":\"https:\\\/\\\/glassbottlewholesale.com\\\/#website\",\"url\":\"https:\\\/\\\/glassbottlewholesale.com\\\/\",\"name\":\"Glass Bottle Wholesale\",\"description\":\"\",\"publisher\":{\"@id\":\"https:\\\/\\\/glassbottlewholesale.com\\\/#organization\"},\"potentialAction\":[{\"@type\":\"SearchAction\",\"target\":{\"@type\":\"EntryPoint\",\"urlTemplate\":\"https:\\\/\\\/glassbottlewholesale.com\\\/?s={search_term_string}\"},\"query-input\":{\"@type\":\"PropertyValueSpecification\",\"valueRequired\":true,\"valueName\":\"search_term_string\"}}],\"inLanguage\":\"it-IT\"},{\"@type\":\"Organization\",\"@id\":\"https:\\\/\\\/glassbottlewholesale.com\\\/#organization\",\"name\":\"Glass Bottle Wholesale\",\"url\":\"https:\\\/\\\/glassbottlewholesale.com\\\/\",\"logo\":{\"@type\":\"ImageObject\",\"inLanguage\":\"it-IT\",\"@id\":\"https:\\\/\\\/glassbottlewholesale.com\\\/#\\\/schema\\\/logo\\\/image\\\/\",\"url\":\"https:\\\/\\\/glassbottlewholesale.com\\\/wp-content\\\/uploads\\\/2023\\\/12\\\/ruisheng-logo.webp\",\"contentUrl\":\"https:\\\/\\\/glassbottlewholesale.com\\\/wp-content\\\/uploads\\\/2023\\\/12\\\/ruisheng-logo.webp\",\"width\":400,\"height\":233,\"caption\":\"Glass Bottle Wholesale\"},\"image\":{\"@id\":\"https:\\\/\\\/glassbottlewholesale.com\\\/#\\\/schema\\\/logo\\\/image\\\/\"}}]}<\/script>\n<!-- \/ Yoast SEO plugin. -->","yoast_head_json":{"title":"RS022 Custom 750ml Glass Bottle For XO\/Brandy\/Whisky - Glass Bottle Wholesale","description":"Bottiglia di vetro personalizzata da 750 ml per XO\/Brandy\/Whisky dal principale produttore cinese di bottiglie di vetro. Outlet di fabbrica e campione gratuito offerto.","robots":{"index":"index","follow":"follow","max-snippet":"max-snippet:-1","max-image-preview":"max-image-preview:large","max-video-preview":"max-video-preview:-1"},"canonical":"https:\/\/ruishengglassco.com\/product\/rs022-custom-750ml-glass-bottle-for-xo-brandy-whisky","og_locale":"it_IT","og_type":"article","og_title":"RS022 Custom 750ml Glass Bottle For XO\/Brandy\/Whisky - Glass Bottle Wholesale","og_description":"Custom 750ml Glass Bottle For XO\/Brandy\/Whisky From China Top Glass Bottle Manufacturer. Factory Outlet&Free Sample Offered.","og_url":"https:\/\/ruishengglassco.com\/product\/rs022-custom-750ml-glass-bottle-for-xo-brandy-whisky","og_site_name":"Glass Bottle Wholesale","article_modified_time":"2025-06-23T09:24:32+00:00","twitter_card":"summary_large_image","twitter_misc":{"Tempo di lettura stimato":"2 minuti"},"schema":{"@context":"https:\/\/schema.org","@graph":[{"@type":"WebPage","@id":"https:\/\/glassbottlewholesale.com\/custom-750ml-glass-bottle-for-xo-brandy-whisky\/","url":"https:\/\/ruishengglassco.com\/product\/rs022-custom-750ml-glass-bottle-for-xo-brandy-whisky","name":"RS022 Custom 750ml Glass Bottle For XO\/Brandy\/Whisky - Glass Bottle Wholesale","isPartOf":{"@id":"https:\/\/glassbottlewholesale.com\/#website"},"datePublished":"2021-02-20T09:23:16+00:00","dateModified":"2025-06-23T09:24:32+00:00","description":"Bottiglia di vetro personalizzata da 750 ml per XO\/Brandy\/Whisky dal principale produttore cinese di bottiglie di vetro. Outlet di fabbrica e campione gratuito offerto.","breadcrumb":{"@id":"https:\/\/ruishengglassco.com\/product\/rs022-custom-750ml-glass-bottle-for-xo-brandy-whisky#breadcrumb"},"inLanguage":"it-IT","potentialAction":[{"@type":"ReadAction","target":["https:\/\/ruishengglassco.com\/product\/rs022-custom-750ml-glass-bottle-for-xo-brandy-whisky"]}]},{"@type":"BreadcrumbList","@id":"https:\/\/ruishengglassco.com\/product\/rs022-custom-750ml-glass-bottle-for-xo-brandy-whisky#breadcrumb","itemListElement":[{"@type":"ListItem","position":1,"name":"Home","item":"https:\/\/glassbottlewholesale.com\/"},{"@type":"ListItem","position":2,"name":"Products","item":"https:\/\/glassbottlewholesale.com\/shop\/"},{"@type":"ListItem","position":3,"name":"RS022 Custom 750ml Glass Bottle For XO\/Brandy\/Whisky"}]},{"@type":"WebSite","@id":"https:\/\/glassbottlewholesale.com\/#website","url":"https:\/\/glassbottlewholesale.com\/","name":"Glass Bottle Wholesale","description":"","publisher":{"@id":"https:\/\/glassbottlewholesale.com\/#organization"},"potentialAction":[{"@type":"SearchAction","target":{"@type":"EntryPoint","urlTemplate":"https:\/\/glassbottlewholesale.com\/?s={search_term_string}"},"query-input":{"@type":"PropertyValueSpecification","valueRequired":true,"valueName":"search_term_string"}}],"inLanguage":"it-IT"},{"@type":"Organization","@id":"https:\/\/glassbottlewholesale.com\/#organization","name":"Glass Bottle Wholesale","url":"https:\/\/glassbottlewholesale.com\/","logo":{"@type":"ImageObject","inLanguage":"it-IT","@id":"https:\/\/glassbottlewholesale.com\/#\/schema\/logo\/image\/","url":"https:\/\/glassbottlewholesale.com\/wp-content\/uploads\/2023\/12\/ruisheng-logo.webp","contentUrl":"https:\/\/glassbottlewholesale.com\/wp-content\/uploads\/2023\/12\/ruisheng-logo.webp","width":400,"height":233,"caption":"Glass Bottle Wholesale"},"image":{"@id":"https:\/\/glassbottlewholesale.com\/#\/schema\/logo\/image\/"}}]}},"_links":{"self":[{"href":"https:\/\/glassbottlewholesale.com\/it\/wp-json\/wp\/v2\/product\/2467","targetHints":{"allow":["GET"]}}],"collection":[{"href":"https:\/\/glassbottlewholesale.com\/it\/wp-json\/wp\/v2\/product"}],"about":[{"href":"https:\/\/glassbottlewholesale.com\/it\/wp-json\/wp\/v2\/types\/product"}],"replies":[{"embeddable":true,"href":"https:\/\/glassbottlewholesale.com\/it\/wp-json\/wp\/v2\/comments?post=2467"}],"wp:attachment":[{"href":"https:\/\/glassbottlewholesale.com\/it\/wp-json\/wp\/v2\/media?parent=2467"}],"wp:term":[{"taxonomy":"product_brand","embeddable":true,"href":"https:\/\/glassbottlewholesale.com\/it\/wp-json\/wp\/v2\/product_brand?post=2467"},{"taxonomy":"product_cat","embeddable":true,"href":"https:\/\/glassbottlewholesale.com\/it\/wp-json\/wp\/v2\/product_cat?post=2467"},{"taxonomy":"product_tag","embeddable":true,"href":"https:\/\/glassbottlewholesale.com\/it\/wp-json\/wp\/v2\/product_tag?post=2467"}],"curies":[{"name":"wp","href":"https:\/\/api.w.org\/{rel}","templated":true}]}}