{"id":2550,"date":"2021-03-17T03:19:03","date_gmt":"2021-03-17T03:19:03","guid":{"rendered":"https:\/\/glassbottlewholesale.com\/?post_type=product&#038;p=2550"},"modified":"2025-02-21T17:56:30","modified_gmt":"2025-02-21T17:56:30","slug":"vendita-allingrosso-di-bottiglie-di-liquore-in-vetro-da-1000-ml-750-ml-700-ml-375-ml","status":"publish","type":"product","link":"https:\/\/glassbottlewholesale.com\/it\/vendita-allingrosso-di-bottiglie-di-liquore-in-vetro-da-1000-ml-750-ml-700-ml-375-ml\/","title":{"rendered":"RS013: Bottiglia di liquore in vetro da 1000 ml\/750 ml\/700 ml\/375 ml all&#039;ingrosso"},"content":{"rendered":"<h2>Informazioni dettagliate sulla bottiglia di liquore in vetro da 1000 ml\/750 ml\/700 ml\/375 ml all&#039;ingrosso<\/h2>\n<p>Ruisheng glass, un produttore professionale di bottiglie di alcolici in vetro, fornisce all&#039;ingrosso bottiglie di liquore da 375 ml per imballaggi di bottiglie di vino, liquori, whisky, brandy, vodka, gin e tequila.<\/p>\n<ul>\n<li>Nome del modello: bottiglia di liquore in vetro da 375 ml all&#039;ingrosso<\/li>\n<li>Numero di modello: RS013<\/li>\n<li>Marchio: RUISHENG<\/li>\n<li><strong>MOQ: 10000 pezzi<\/strong><\/li>\n<li>Capacit\u00e0: 375 ml\/500 ml\/700 ml\/750 ml\/personalizzato<\/li>\n<li>Manipolazione della superficie: stampa a caldo, gelo, decalcomania, rilievo, serigrafia<\/li>\n<li>Materiale: vetro super Flint<\/li>\n<li>Materiale del collare: bottiglia di vetro trasparente<\/li>\n<li>Tipo di chiusura: tappo a vite, tappo in sughero, tappo in vetro, tappo twist-off<\/li>\n<li>Utilizzo: bottiglia di rum\/gin\/whisky\/vodka\/brandy<\/li>\n<li>Luogo di origine: Shandong, Cina<\/li>\n<li>pacchetto: cartoni e pallet standard dell&#039;esportazione<\/li>\n<li>Servizio: servizio OEM\/ODM<\/li>\n<\/ul>\n<p>La vendita all&#039;ingrosso di bottiglie di liquore in vetro mostrata nell&#039;immagine \u00e8 appositamente personalizzata dal cliente per confezionare il brandy. La bottiglia di vetro \u00e8 progettata con pi\u00f9 bordi e angoli, che possono riflettere la qualit\u00e0 e il colore del prodotto da diverse angolazioni. Il prodotto \u00e8 realizzato in materiale di vetro ultra trasparente di alta qualit\u00e0, che rende la bottiglia pi\u00f9 trasparente, bella ed elegante. Generalmente, i clienti sceglieranno bottiglie da 750 ml o 700 ml, perch\u00e9 queste due dimensioni sono la capacit\u00e0 accettata a livello internazionale. Naturalmente possiamo produrre anche bottiglie di diversa capacit\u00e0 a seconda delle esigenze del cliente. Inoltre, forniamo una variet\u00e0 di tappi di bottiglia tra cui i clienti possono scegliere.<\/p>\n<p><img decoding=\"async\" class=\"aligncenter wp-image-2420 size-full\" src=\"https:\/\/glassbottlewholesale.com\/wp-content\/uploads\/2020\/12\/WX20201229-154422.png\" alt=\"Tappi di bottiglia\" width=\"752\" height=\"452\" srcset=\"https:\/\/glassbottlewholesale.com\/wp-content\/uploads\/2020\/12\/WX20201229-154422.png 752w, https:\/\/glassbottlewholesale.com\/wp-content\/uploads\/2020\/12\/WX20201229-154422-300x180.png 300w, https:\/\/glassbottlewholesale.com\/wp-content\/uploads\/2020\/12\/WX20201229-154422-600x361.png 600w\" sizes=\"(max-width: 752px) 100vw, 752px\" \/><\/p>\n<p>&nbsp;<\/p>\n<p>&nbsp;<\/p>","protected":false},"excerpt":{"rendered":"<p>Fondata nel 2009, Ruisheng Glass Co, Ltd, un produttore di bottiglie di liquori in vetro che \u00e8 molto specializzato in tutti i tipi di progettazione e produzione di bottiglie di vetro, fornisce un servizio di vendita all&#039;ingrosso di bottiglie di liquore da 375 ml. Ruisheng Glass \u00e8 un rarissimo fornitore congiunto di bottiglie di vetro in grado di combinare diverse gamme di tecniche per realizzare bicchieri sia in bottiglie di vetro su misura che in design standard a un costo equo. Forniamo ai clienti prodotti di qualit\u00e0 che soddisfano pienamente le loro esigenze in tempo.<\/p>\n<div><strong><span class=\"mceItemHidden\"><span class=\"hiddenSpellError\">\u2013<\/span><span class=\"hiddenSpellError\">MOQ<\/span>: 10000 PZ (Circa 10000-30000<span class=\"hiddenSpellError\">pz<\/span>)<\/span><\/strong><\/div>\n<div><span class=\"mceItemHidden\"><span class=\"hiddenSpellError\">-Gratuito<\/span>\u00a0Campione offerto.<\/span><\/div>\n<div><span class=\"mceItemHidden\"><span class=\"hiddenSpellError\">-Globale<\/span>\u00a0Consegna entro 30 giorni.<\/span><\/div>\n<div><\/div>","protected":false},"featured_media":4769,"comment_status":"open","ping_status":"closed","template":"","meta":[],"product_brand":[],"product_cat":[53,49,51,52,63],"product_tag":[],"class_list":{"0":"post-2550","1":"product","2":"type-product","3":"status-publish","4":"has-post-thumbnail","6":"product_cat-1000ml-glass-bottle","7":"product_cat-375ml-glass-bottle","8":"product_cat-700ml-glass-bottle","9":"product_cat-750ml-glass-bottle","10":"product_cat-liquor-bottle","11":"entry","12":"has-media","14":"first","15":"instock","16":"shipping-taxable","17":"product-type-simple"},"yoast_head":"<!-- This site is optimized with the Yoast SEO plugin v27.3 - https:\/\/yoast.com\/product\/yoast-seo-wordpress\/ -->\n<title>375ml Liquor Bottle Wholesale | Glass Spirit Bottle Manufacturers<\/title>\n<meta name=\"description\" content=\"Ruisheng Glass Co, Ltd, a professional glass spirit bottle manufacturers in China, provide 375ml liquor bottle wholesale at factory outlet price.\" \/>\n<meta name=\"robots\" content=\"index, follow, max-snippet:-1, max-image-preview:large, max-video-preview:-1\" \/>\n<link rel=\"canonical\" href=\"https:\/\/ruishengglassco.com\/product\/rs013-1000ml-750ml-700ml-375ml-glass-liquor-bottle-wholesale\" \/>\n<meta property=\"og:locale\" content=\"it_IT\" \/>\n<meta property=\"og:type\" content=\"article\" \/>\n<meta property=\"og:title\" content=\"375ml Liquor Bottle Wholesale | Glass Spirit Bottle Manufacturers\" \/>\n<meta property=\"og:description\" content=\"Ruisheng Glass Co, Ltd, a professional glass spirit bottle manufacturers in China, provide 375ml liquor bottle wholesale at factory outlet price.\" \/>\n<meta property=\"og:url\" content=\"https:\/\/ruishengglassco.com\/product\/rs013-1000ml-750ml-700ml-375ml-glass-liquor-bottle-wholesale\" \/>\n<meta property=\"og:site_name\" content=\"Glass Bottle Wholesale\" \/>\n<meta property=\"article:modified_time\" content=\"2025-02-21T17:56:30+00:00\" \/>\n<meta property=\"og:image\" content=\"https:\/\/glassbottlewholesale.com\/wp-content\/uploads\/2024\/04\/glass-bottle-manufacturing20.png\" \/>\n\t<meta property=\"og:image:width\" content=\"800\" \/>\n\t<meta property=\"og:image:height\" content=\"800\" \/>\n\t<meta property=\"og:image:type\" content=\"image\/png\" \/>\n<meta name=\"twitter:card\" content=\"summary_large_image\" \/>\n<meta name=\"twitter:label1\" content=\"Tempo di lettura stimato\" \/>\n\t<meta name=\"twitter:data1\" content=\"2 minuti\" \/>\n<script type=\"application\/ld+json\" class=\"yoast-schema-graph\">{\"@context\":\"https:\\\/\\\/schema.org\",\"@graph\":[{\"@type\":\"WebPage\",\"@id\":\"https:\\\/\\\/glassbottlewholesale.com\\\/1000ml-750ml-700ml-375ml-glass-liquor-bottle-wholesale\\\/\",\"url\":\"https:\\\/\\\/ruishengglassco.com\\\/product\\\/rs013-1000ml-750ml-700ml-375ml-glass-liquor-bottle-wholesale\",\"name\":\"375ml Liquor Bottle Wholesale | Glass Spirit Bottle Manufacturers\",\"isPartOf\":{\"@id\":\"https:\\\/\\\/glassbottlewholesale.com\\\/#website\"},\"primaryImageOfPage\":{\"@id\":\"https:\\\/\\\/ruishengglassco.com\\\/product\\\/rs013-1000ml-750ml-700ml-375ml-glass-liquor-bottle-wholesale#primaryimage\"},\"image\":{\"@id\":\"https:\\\/\\\/ruishengglassco.com\\\/product\\\/rs013-1000ml-750ml-700ml-375ml-glass-liquor-bottle-wholesale#primaryimage\"},\"thumbnailUrl\":\"https:\\\/\\\/glassbottlewholesale.com\\\/wp-content\\\/uploads\\\/2024\\\/04\\\/glass-bottle-manufacturing20.png\",\"datePublished\":\"2021-03-17T03:19:03+00:00\",\"dateModified\":\"2025-02-21T17:56:30+00:00\",\"description\":\"Ruisheng Glass Co, Ltd, a professional glass spirit bottle manufacturers in China, provide 375ml liquor bottle wholesale at factory outlet price.\",\"breadcrumb\":{\"@id\":\"https:\\\/\\\/ruishengglassco.com\\\/product\\\/rs013-1000ml-750ml-700ml-375ml-glass-liquor-bottle-wholesale#breadcrumb\"},\"inLanguage\":\"it-IT\",\"potentialAction\":[{\"@type\":\"ReadAction\",\"target\":[\"https:\\\/\\\/ruishengglassco.com\\\/product\\\/rs013-1000ml-750ml-700ml-375ml-glass-liquor-bottle-wholesale\"]}]},{\"@type\":\"ImageObject\",\"inLanguage\":\"it-IT\",\"@id\":\"https:\\\/\\\/ruishengglassco.com\\\/product\\\/rs013-1000ml-750ml-700ml-375ml-glass-liquor-bottle-wholesale#primaryimage\",\"url\":\"https:\\\/\\\/glassbottlewholesale.com\\\/wp-content\\\/uploads\\\/2024\\\/04\\\/glass-bottle-manufacturing20.png\",\"contentUrl\":\"https:\\\/\\\/glassbottlewholesale.com\\\/wp-content\\\/uploads\\\/2024\\\/04\\\/glass-bottle-manufacturing20.png\",\"width\":800,\"height\":800,\"caption\":\"RS013: 1000ml\\\/750ml\\\/700ml\\\/375ml Glass Liquor Bottle Wholesale\"},{\"@type\":\"BreadcrumbList\",\"@id\":\"https:\\\/\\\/ruishengglassco.com\\\/product\\\/rs013-1000ml-750ml-700ml-375ml-glass-liquor-bottle-wholesale#breadcrumb\",\"itemListElement\":[{\"@type\":\"ListItem\",\"position\":1,\"name\":\"Home\",\"item\":\"https:\\\/\\\/glassbottlewholesale.com\\\/\"},{\"@type\":\"ListItem\",\"position\":2,\"name\":\"Products\",\"item\":\"https:\\\/\\\/glassbottlewholesale.com\\\/shop\\\/\"},{\"@type\":\"ListItem\",\"position\":3,\"name\":\"RS013: 1000ml\\\/750ml\\\/700ml\\\/375ml Glass Liquor Bottle Wholesale\"}]},{\"@type\":\"WebSite\",\"@id\":\"https:\\\/\\\/glassbottlewholesale.com\\\/#website\",\"url\":\"https:\\\/\\\/glassbottlewholesale.com\\\/\",\"name\":\"Glass Bottle Wholesale\",\"description\":\"\",\"publisher\":{\"@id\":\"https:\\\/\\\/glassbottlewholesale.com\\\/#organization\"},\"potentialAction\":[{\"@type\":\"SearchAction\",\"target\":{\"@type\":\"EntryPoint\",\"urlTemplate\":\"https:\\\/\\\/glassbottlewholesale.com\\\/?s={search_term_string}\"},\"query-input\":{\"@type\":\"PropertyValueSpecification\",\"valueRequired\":true,\"valueName\":\"search_term_string\"}}],\"inLanguage\":\"it-IT\"},{\"@type\":\"Organization\",\"@id\":\"https:\\\/\\\/glassbottlewholesale.com\\\/#organization\",\"name\":\"Glass Bottle Wholesale\",\"url\":\"https:\\\/\\\/glassbottlewholesale.com\\\/\",\"logo\":{\"@type\":\"ImageObject\",\"inLanguage\":\"it-IT\",\"@id\":\"https:\\\/\\\/glassbottlewholesale.com\\\/#\\\/schema\\\/logo\\\/image\\\/\",\"url\":\"https:\\\/\\\/glassbottlewholesale.com\\\/wp-content\\\/uploads\\\/2023\\\/12\\\/ruisheng-logo.webp\",\"contentUrl\":\"https:\\\/\\\/glassbottlewholesale.com\\\/wp-content\\\/uploads\\\/2023\\\/12\\\/ruisheng-logo.webp\",\"width\":400,\"height\":233,\"caption\":\"Glass Bottle Wholesale\"},\"image\":{\"@id\":\"https:\\\/\\\/glassbottlewholesale.com\\\/#\\\/schema\\\/logo\\\/image\\\/\"}}]}<\/script>\n<!-- \/ Yoast SEO plugin. -->","yoast_head_json":{"title":"Bottiglia di liquore da 375 ml all&#039;ingrosso | Produttori di bottiglie di liquori in vetro","description":"Ruisheng Glass Co, Ltd, un produttore professionale di bottiglie di alcolici in vetro in Cina, fornisce bottiglie di liquore da 375 ml all&#039;ingrosso al prezzo di fabbrica.","robots":{"index":"index","follow":"follow","max-snippet":"max-snippet:-1","max-image-preview":"max-image-preview:large","max-video-preview":"max-video-preview:-1"},"canonical":"https:\/\/ruishengglassco.com\/product\/rs013-1000ml-750ml-700ml-375ml-glass-liquor-bottle-wholesale","og_locale":"it_IT","og_type":"article","og_title":"375ml Liquor Bottle Wholesale | Glass Spirit Bottle Manufacturers","og_description":"Ruisheng Glass Co, Ltd, a professional glass spirit bottle manufacturers in China, provide 375ml liquor bottle wholesale at factory outlet price.","og_url":"https:\/\/ruishengglassco.com\/product\/rs013-1000ml-750ml-700ml-375ml-glass-liquor-bottle-wholesale","og_site_name":"Glass Bottle Wholesale","article_modified_time":"2025-02-21T17:56:30+00:00","og_image":[{"width":800,"height":800,"url":"https:\/\/glassbottlewholesale.com\/wp-content\/uploads\/2024\/04\/glass-bottle-manufacturing20.png","type":"image\/png"}],"twitter_card":"summary_large_image","twitter_misc":{"Tempo di lettura stimato":"2 minuti"},"schema":{"@context":"https:\/\/schema.org","@graph":[{"@type":"WebPage","@id":"https:\/\/glassbottlewholesale.com\/1000ml-750ml-700ml-375ml-glass-liquor-bottle-wholesale\/","url":"https:\/\/ruishengglassco.com\/product\/rs013-1000ml-750ml-700ml-375ml-glass-liquor-bottle-wholesale","name":"Bottiglia di liquore da 375 ml all&#039;ingrosso | Produttori di bottiglie di liquori in vetro","isPartOf":{"@id":"https:\/\/glassbottlewholesale.com\/#website"},"primaryImageOfPage":{"@id":"https:\/\/ruishengglassco.com\/product\/rs013-1000ml-750ml-700ml-375ml-glass-liquor-bottle-wholesale#primaryimage"},"image":{"@id":"https:\/\/ruishengglassco.com\/product\/rs013-1000ml-750ml-700ml-375ml-glass-liquor-bottle-wholesale#primaryimage"},"thumbnailUrl":"https:\/\/glassbottlewholesale.com\/wp-content\/uploads\/2024\/04\/glass-bottle-manufacturing20.png","datePublished":"2021-03-17T03:19:03+00:00","dateModified":"2025-02-21T17:56:30+00:00","description":"Ruisheng Glass Co, Ltd, un produttore professionale di bottiglie di alcolici in vetro in Cina, fornisce bottiglie di liquore da 375 ml all&#039;ingrosso al prezzo di fabbrica.","breadcrumb":{"@id":"https:\/\/ruishengglassco.com\/product\/rs013-1000ml-750ml-700ml-375ml-glass-liquor-bottle-wholesale#breadcrumb"},"inLanguage":"it-IT","potentialAction":[{"@type":"ReadAction","target":["https:\/\/ruishengglassco.com\/product\/rs013-1000ml-750ml-700ml-375ml-glass-liquor-bottle-wholesale"]}]},{"@type":"ImageObject","inLanguage":"it-IT","@id":"https:\/\/ruishengglassco.com\/product\/rs013-1000ml-750ml-700ml-375ml-glass-liquor-bottle-wholesale#primaryimage","url":"https:\/\/glassbottlewholesale.com\/wp-content\/uploads\/2024\/04\/glass-bottle-manufacturing20.png","contentUrl":"https:\/\/glassbottlewholesale.com\/wp-content\/uploads\/2024\/04\/glass-bottle-manufacturing20.png","width":800,"height":800,"caption":"RS013: 1000ml\/750ml\/700ml\/375ml Glass Liquor Bottle Wholesale"},{"@type":"BreadcrumbList","@id":"https:\/\/ruishengglassco.com\/product\/rs013-1000ml-750ml-700ml-375ml-glass-liquor-bottle-wholesale#breadcrumb","itemListElement":[{"@type":"ListItem","position":1,"name":"Home","item":"https:\/\/glassbottlewholesale.com\/"},{"@type":"ListItem","position":2,"name":"Products","item":"https:\/\/glassbottlewholesale.com\/shop\/"},{"@type":"ListItem","position":3,"name":"RS013: 1000ml\/750ml\/700ml\/375ml Glass Liquor Bottle Wholesale"}]},{"@type":"WebSite","@id":"https:\/\/glassbottlewholesale.com\/#website","url":"https:\/\/glassbottlewholesale.com\/","name":"Glass Bottle Wholesale","description":"","publisher":{"@id":"https:\/\/glassbottlewholesale.com\/#organization"},"potentialAction":[{"@type":"SearchAction","target":{"@type":"EntryPoint","urlTemplate":"https:\/\/glassbottlewholesale.com\/?s={search_term_string}"},"query-input":{"@type":"PropertyValueSpecification","valueRequired":true,"valueName":"search_term_string"}}],"inLanguage":"it-IT"},{"@type":"Organization","@id":"https:\/\/glassbottlewholesale.com\/#organization","name":"Glass Bottle Wholesale","url":"https:\/\/glassbottlewholesale.com\/","logo":{"@type":"ImageObject","inLanguage":"it-IT","@id":"https:\/\/glassbottlewholesale.com\/#\/schema\/logo\/image\/","url":"https:\/\/glassbottlewholesale.com\/wp-content\/uploads\/2023\/12\/ruisheng-logo.webp","contentUrl":"https:\/\/glassbottlewholesale.com\/wp-content\/uploads\/2023\/12\/ruisheng-logo.webp","width":400,"height":233,"caption":"Glass Bottle Wholesale"},"image":{"@id":"https:\/\/glassbottlewholesale.com\/#\/schema\/logo\/image\/"}}]}},"_links":{"self":[{"href":"https:\/\/glassbottlewholesale.com\/it\/wp-json\/wp\/v2\/product\/2550","targetHints":{"allow":["GET"]}}],"collection":[{"href":"https:\/\/glassbottlewholesale.com\/it\/wp-json\/wp\/v2\/product"}],"about":[{"href":"https:\/\/glassbottlewholesale.com\/it\/wp-json\/wp\/v2\/types\/product"}],"replies":[{"embeddable":true,"href":"https:\/\/glassbottlewholesale.com\/it\/wp-json\/wp\/v2\/comments?post=2550"}],"wp:featuredmedia":[{"embeddable":true,"href":"https:\/\/glassbottlewholesale.com\/it\/wp-json\/wp\/v2\/media\/4769"}],"wp:attachment":[{"href":"https:\/\/glassbottlewholesale.com\/it\/wp-json\/wp\/v2\/media?parent=2550"}],"wp:term":[{"taxonomy":"product_brand","embeddable":true,"href":"https:\/\/glassbottlewholesale.com\/it\/wp-json\/wp\/v2\/product_brand?post=2550"},{"taxonomy":"product_cat","embeddable":true,"href":"https:\/\/glassbottlewholesale.com\/it\/wp-json\/wp\/v2\/product_cat?post=2550"},{"taxonomy":"product_tag","embeddable":true,"href":"https:\/\/glassbottlewholesale.com\/it\/wp-json\/wp\/v2\/product_tag?post=2550"}],"curies":[{"name":"wp","href":"https:\/\/api.w.org\/{rel}","templated":true}]}}