{"id":2603,"date":"2021-03-23T02:42:43","date_gmt":"2021-03-23T02:42:43","guid":{"rendered":"https:\/\/glassbottlewholesale.com\/?post_type=product&#038;p=2603"},"modified":"2025-06-23T08:42:46","modified_gmt":"2025-06-23T08:42:46","slug":"produttore-di-bottiglie-di-vino-standard-bordeaux","status":"publish","type":"product","link":"https:\/\/glassbottlewholesale.com\/it\/produttore-di-bottiglie-di-vino-standard-bordeaux\/","title":{"rendered":"RS009 Bottiglia di vino in vetro bordolese standard da 750 ml Citazioni"},"content":{"rendered":"<h4>Informazioni dettagliate sulla bottiglia bordolese standard da 750 ml all'ingrosso<\/h4>\n<ul>\n<li>Articolo: Bottiglia bordolese standard da 750 ml<\/li>\n<li>Produttore: Bottiglia di vetro Ruisheng<\/li>\n<li>Numero: RS009<\/li>\n<li>Capacit\u00e0: 50ml, 200ml, 300ml, 700ml, 750ml, 1000ml, 2L e servizio di bottiglie di vino personalizzato<\/li>\n<li>Tipo di tenuta: Top a vite<\/li>\n<li>Materiale: Materiale di vetro di selce eccellente, materiale di vetro bianco di cristallo, materiale di vetro bianco costoso<\/li>\n<li>Utilizzo: Bottiglia di vetro per vino<\/li>\n<li>Superficie: Gelo, decalcomania, pittura, stampa a caldo, rilievo, stampa, oro, serigrafia<\/li>\n<li>Logo: Logo del cliente accettabile<\/li>\n<li>Campione:\n<ul>\n<li>Costruzione di stampi<\/li>\n<li>Libero da muffe esistenti<\/li>\n<li>Come parole o come disegno<\/li>\n<\/ul>\n<\/li>\n<li>Pacchetto: Cartone standard per l'esportazione; o imballaggio del pallet; imballaggio della scatola di FGC<\/li>\n<li>Tempi di consegna: 20-30 giorni dopo la conferma dell'ordine<\/li>\n<\/ul>\n<p>Questa serie di bottiglie bordolesi da 750 ml all'ingrosso sono elaborate e prodotte a partire da pi\u00f9 di 10 tipi di materie prime, come sabbia silicea, carbonato di sodio, calcare, dolomite, feldspato, borace, bario, ecc. E vengono elaborati attraverso 8 processi produttivi: test delle materie prime, miscelazione, produzione di bottiglie di vetro, raffreddamento, creazione di etichette, glassatura, asciugatura e controllo.<\/p>\n<p><img decoding=\"async\" class=\"aligncenter wp-image-1556 size-full\" src=\"https:\/\/glassbottlewholesale.com\/wp-content\/uploads\/2019\/11\/custom-glass-bottle-manufacturing.png\" alt=\"processo di produzione delle bottiglie di vetro\" width=\"863\" height=\"881\" srcset=\"https:\/\/glassbottlewholesale.com\/wp-content\/uploads\/2019\/11\/custom-glass-bottle-manufacturing.png 863w, https:\/\/glassbottlewholesale.com\/wp-content\/uploads\/2019\/11\/custom-glass-bottle-manufacturing-294x300.png 294w, https:\/\/glassbottlewholesale.com\/wp-content\/uploads\/2019\/11\/custom-glass-bottle-manufacturing-768x784.png 768w, https:\/\/glassbottlewholesale.com\/wp-content\/uploads\/2019\/11\/custom-glass-bottle-manufacturing-600x613.png 600w\" sizes=\"(max-width: 863px) 100vw, 863px\" \/><\/p>\n<p>In qualit\u00e0 di produttore professionale di bottiglie bordolesi standard, la nostra azienda fornisce un servizio di bottiglie di vetro OEM\/ODM\/personalizzate. \u00c8 possibile scegliere lo stampo gratuito che esiste nella nostra azienda, ma anche inviarci bozze di design o foto.<\/p>\n<p>Se desiderate ottenere maggiori informazioni sulle bottiglie bordolesi standard all'ingrosso, vi invitiamo a <a href=\"https:\/\/ruishengglassco.com\/contact\" target=\"_blank\" rel=\"noopener\">Contattaci<\/a> qui.<\/p>\n<p>&nbsp;<\/p>","protected":false},"excerpt":{"rendered":"<p>Volete acquistare bottiglie di vino all'ingrosso? Le nostre bottiglie di vino standard da 750 ml all'ingrosso soddisfano le vostre esigenze!<\/p>\n<p>In qualit\u00e0 di produttore professionale di bottiglie bordolesi in vetro, Ruisheng Glass si occupa da oltre 10 anni di progettazione e produzione di bottiglie di vino. Inoltre, forniamo un servizio di bottiglie di vetro OEM\/ODM\/personalizzate per i nostri clienti.<\/p>\n<p>La Bordeaux \u00e8 la bottiglia pi\u00f9 comune per il confezionamento del vino. \u00c8 molto popolare in tutto il mondo. Ha i lati dritti e le spalle alte e distintive e pu\u00f2 essere trovata in una variet\u00e0 di colori. I vini rossi sono tipicamente imbottigliati in vetro verde scuro o marrone per proteggersi dal sole durante l'invecchiamento.<\/p>\n<p>Ecco alcune informazioni relative al vostro ordine di acquisto di bottiglie di vino all'ingrosso presso la nostra azienda:<\/p>\n<div><strong><span class=\"mceItemHidden\"><span class=\"hiddenSpellError\">\u2013<\/span><span style=\"color: #ff6600\"><span class=\"hiddenSpellError\">MOQ<\/span>: 10000 PZ (Circa 10000\u00a0<span class=\"hiddenSpellError\">pz<\/span>)<\/span><\/span><\/strong><\/div>\n<div><span class=\"mceItemHidden\"><span class=\"hiddenSpellError\">-Gratuito<\/span>\u00a0Campione offerto. OEM\/ODM disponibili<\/span><\/div>\n<div><span class=\"mceItemHidden\"><span class=\"hiddenSpellError\">-Consegna gratuita del campione entro 7 giorni; consegna dell'ordine in blocco entro 30 giorni dalla conferma dell'ordine.<\/span><\/span><\/div>","protected":false},"featured_media":4459,"comment_status":"open","ping_status":"closed","template":"","meta":[],"product_brand":[],"product_cat":[52,74],"product_tag":[],"class_list":{"0":"post-2603","1":"product","2":"type-product","3":"status-publish","4":"has-post-thumbnail","6":"product_cat-750ml-glass-bottle","7":"product_cat-wine-bottle","8":"entry","9":"has-media","11":"first","12":"instock","13":"shipping-taxable","14":"product-type-simple"},"yoast_head":"<!-- This site is optimized with the Yoast SEO plugin v27.3 - https:\/\/yoast.com\/product\/yoast-seo-wordpress\/ -->\n<title>Buy Wine Bottles in Bulk | Standard Bordeaux Bottle Manufacturer<\/title>\n<meta name=\"description\" content=\"Want to buy wine bottles in bulk? Click here to get 750ml wine bottles wholesale from Standard Bordeaux Bottle Manufacturer.\" \/>\n<meta name=\"robots\" content=\"index, follow, max-snippet:-1, max-image-preview:large, max-video-preview:-1\" \/>\n<link rel=\"canonical\" href=\"https:\/\/ruishengglassco.com\/product\/rs009-standard-750ml-bordeaux-glass-wine-bottle-quotes\" \/>\n<meta property=\"og:locale\" content=\"it_IT\" \/>\n<meta property=\"og:type\" content=\"article\" \/>\n<meta property=\"og:title\" content=\"Buy Wine Bottles in Bulk | Standard Bordeaux Bottle Manufacturer\" \/>\n<meta property=\"og:description\" content=\"Want to buy wine bottles in bulk? Click here to get 750ml wine bottles wholesale from Standard Bordeaux Bottle Manufacturer.\" \/>\n<meta property=\"og:url\" content=\"https:\/\/ruishengglassco.com\/product\/rs009-standard-750ml-bordeaux-glass-wine-bottle-quotes\" \/>\n<meta property=\"og:site_name\" content=\"Glass Bottle Wholesale\" \/>\n<meta property=\"article:modified_time\" content=\"2025-06-23T08:42:46+00:00\" \/>\n<meta property=\"og:image\" content=\"https:\/\/glassbottlewholesale.com\/wp-content\/uploads\/2023\/12\/Standard-Bordeaux-Bottle.png\" \/>\n\t<meta property=\"og:image:width\" content=\"500\" \/>\n\t<meta property=\"og:image:height\" content=\"500\" \/>\n\t<meta property=\"og:image:type\" content=\"image\/png\" \/>\n<meta name=\"twitter:card\" content=\"summary_large_image\" \/>\n<meta name=\"twitter:label1\" content=\"Tempo di lettura stimato\" \/>\n\t<meta name=\"twitter:data1\" content=\"2 minuti\" \/>\n<script type=\"application\/ld+json\" class=\"yoast-schema-graph\">{\"@context\":\"https:\\\/\\\/schema.org\",\"@graph\":[{\"@type\":\"WebPage\",\"@id\":\"https:\\\/\\\/glassbottlewholesale.com\\\/standard-bordeaux-bottle-wine-bottle-manufacturer\\\/\",\"url\":\"https:\\\/\\\/ruishengglassco.com\\\/product\\\/rs009-standard-750ml-bordeaux-glass-wine-bottle-quotes\",\"name\":\"Buy Wine Bottles in Bulk | Standard Bordeaux Bottle Manufacturer\",\"isPartOf\":{\"@id\":\"https:\\\/\\\/glassbottlewholesale.com\\\/#website\"},\"primaryImageOfPage\":{\"@id\":\"https:\\\/\\\/ruishengglassco.com\\\/product\\\/rs009-standard-750ml-bordeaux-glass-wine-bottle-quotes#primaryimage\"},\"image\":{\"@id\":\"https:\\\/\\\/ruishengglassco.com\\\/product\\\/rs009-standard-750ml-bordeaux-glass-wine-bottle-quotes#primaryimage\"},\"thumbnailUrl\":\"https:\\\/\\\/glassbottlewholesale.com\\\/wp-content\\\/uploads\\\/2023\\\/12\\\/Standard-Bordeaux-Bottle.png\",\"datePublished\":\"2021-03-23T02:42:43+00:00\",\"dateModified\":\"2025-06-23T08:42:46+00:00\",\"description\":\"Want to buy wine bottles in bulk? Click here to get 750ml wine bottles wholesale from Standard Bordeaux Bottle Manufacturer.\",\"breadcrumb\":{\"@id\":\"https:\\\/\\\/ruishengglassco.com\\\/product\\\/rs009-standard-750ml-bordeaux-glass-wine-bottle-quotes#breadcrumb\"},\"inLanguage\":\"it-IT\",\"potentialAction\":[{\"@type\":\"ReadAction\",\"target\":[\"https:\\\/\\\/ruishengglassco.com\\\/product\\\/rs009-standard-750ml-bordeaux-glass-wine-bottle-quotes\"]}]},{\"@type\":\"ImageObject\",\"inLanguage\":\"it-IT\",\"@id\":\"https:\\\/\\\/ruishengglassco.com\\\/product\\\/rs009-standard-750ml-bordeaux-glass-wine-bottle-quotes#primaryimage\",\"url\":\"https:\\\/\\\/glassbottlewholesale.com\\\/wp-content\\\/uploads\\\/2023\\\/12\\\/Standard-Bordeaux-Bottle.png\",\"contentUrl\":\"https:\\\/\\\/glassbottlewholesale.com\\\/wp-content\\\/uploads\\\/2023\\\/12\\\/Standard-Bordeaux-Bottle.png\",\"width\":500,\"height\":500,\"caption\":\"Standard Bordeaux Bottle\"},{\"@type\":\"BreadcrumbList\",\"@id\":\"https:\\\/\\\/ruishengglassco.com\\\/product\\\/rs009-standard-750ml-bordeaux-glass-wine-bottle-quotes#breadcrumb\",\"itemListElement\":[{\"@type\":\"ListItem\",\"position\":1,\"name\":\"Home\",\"item\":\"https:\\\/\\\/glassbottlewholesale.com\\\/\"},{\"@type\":\"ListItem\",\"position\":2,\"name\":\"Products\",\"item\":\"https:\\\/\\\/glassbottlewholesale.com\\\/shop\\\/\"},{\"@type\":\"ListItem\",\"position\":3,\"name\":\"RS009 Standard 750ml Bordeaux Glass Wine Bottle Quotes\"}]},{\"@type\":\"WebSite\",\"@id\":\"https:\\\/\\\/glassbottlewholesale.com\\\/#website\",\"url\":\"https:\\\/\\\/glassbottlewholesale.com\\\/\",\"name\":\"Glass Bottle Wholesale\",\"description\":\"\",\"publisher\":{\"@id\":\"https:\\\/\\\/glassbottlewholesale.com\\\/#organization\"},\"potentialAction\":[{\"@type\":\"SearchAction\",\"target\":{\"@type\":\"EntryPoint\",\"urlTemplate\":\"https:\\\/\\\/glassbottlewholesale.com\\\/?s={search_term_string}\"},\"query-input\":{\"@type\":\"PropertyValueSpecification\",\"valueRequired\":true,\"valueName\":\"search_term_string\"}}],\"inLanguage\":\"it-IT\"},{\"@type\":\"Organization\",\"@id\":\"https:\\\/\\\/glassbottlewholesale.com\\\/#organization\",\"name\":\"Glass Bottle Wholesale\",\"url\":\"https:\\\/\\\/glassbottlewholesale.com\\\/\",\"logo\":{\"@type\":\"ImageObject\",\"inLanguage\":\"it-IT\",\"@id\":\"https:\\\/\\\/glassbottlewholesale.com\\\/#\\\/schema\\\/logo\\\/image\\\/\",\"url\":\"https:\\\/\\\/glassbottlewholesale.com\\\/wp-content\\\/uploads\\\/2023\\\/12\\\/ruisheng-logo.webp\",\"contentUrl\":\"https:\\\/\\\/glassbottlewholesale.com\\\/wp-content\\\/uploads\\\/2023\\\/12\\\/ruisheng-logo.webp\",\"width\":400,\"height\":233,\"caption\":\"Glass Bottle Wholesale\"},\"image\":{\"@id\":\"https:\\\/\\\/glassbottlewholesale.com\\\/#\\\/schema\\\/logo\\\/image\\\/\"}}]}<\/script>\n<!-- \/ Yoast SEO plugin. -->","yoast_head_json":{"title":"Comprare bottiglie di vino alla rinfusa | Produttore di bottiglie bordolesi standard","description":"Volete acquistare bottiglie di vino all'ingrosso? Cliccate qui per ottenere bottiglie di vino da 750 ml all'ingrosso da Standard Bordeaux Bottle Manufacturer.","robots":{"index":"index","follow":"follow","max-snippet":"max-snippet:-1","max-image-preview":"max-image-preview:large","max-video-preview":"max-video-preview:-1"},"canonical":"https:\/\/ruishengglassco.com\/product\/rs009-standard-750ml-bordeaux-glass-wine-bottle-quotes","og_locale":"it_IT","og_type":"article","og_title":"Buy Wine Bottles in Bulk | Standard Bordeaux Bottle Manufacturer","og_description":"Want to buy wine bottles in bulk? Click here to get 750ml wine bottles wholesale from Standard Bordeaux Bottle Manufacturer.","og_url":"https:\/\/ruishengglassco.com\/product\/rs009-standard-750ml-bordeaux-glass-wine-bottle-quotes","og_site_name":"Glass Bottle Wholesale","article_modified_time":"2025-06-23T08:42:46+00:00","og_image":[{"width":500,"height":500,"url":"https:\/\/glassbottlewholesale.com\/wp-content\/uploads\/2023\/12\/Standard-Bordeaux-Bottle.png","type":"image\/png"}],"twitter_card":"summary_large_image","twitter_misc":{"Tempo di lettura stimato":"2 minuti"},"schema":{"@context":"https:\/\/schema.org","@graph":[{"@type":"WebPage","@id":"https:\/\/glassbottlewholesale.com\/standard-bordeaux-bottle-wine-bottle-manufacturer\/","url":"https:\/\/ruishengglassco.com\/product\/rs009-standard-750ml-bordeaux-glass-wine-bottle-quotes","name":"Comprare bottiglie di vino alla rinfusa | Produttore di bottiglie bordolesi standard","isPartOf":{"@id":"https:\/\/glassbottlewholesale.com\/#website"},"primaryImageOfPage":{"@id":"https:\/\/ruishengglassco.com\/product\/rs009-standard-750ml-bordeaux-glass-wine-bottle-quotes#primaryimage"},"image":{"@id":"https:\/\/ruishengglassco.com\/product\/rs009-standard-750ml-bordeaux-glass-wine-bottle-quotes#primaryimage"},"thumbnailUrl":"https:\/\/glassbottlewholesale.com\/wp-content\/uploads\/2023\/12\/Standard-Bordeaux-Bottle.png","datePublished":"2021-03-23T02:42:43+00:00","dateModified":"2025-06-23T08:42:46+00:00","description":"Volete acquistare bottiglie di vino all'ingrosso? Cliccate qui per ottenere bottiglie di vino da 750 ml all'ingrosso da Standard Bordeaux Bottle Manufacturer.","breadcrumb":{"@id":"https:\/\/ruishengglassco.com\/product\/rs009-standard-750ml-bordeaux-glass-wine-bottle-quotes#breadcrumb"},"inLanguage":"it-IT","potentialAction":[{"@type":"ReadAction","target":["https:\/\/ruishengglassco.com\/product\/rs009-standard-750ml-bordeaux-glass-wine-bottle-quotes"]}]},{"@type":"ImageObject","inLanguage":"it-IT","@id":"https:\/\/ruishengglassco.com\/product\/rs009-standard-750ml-bordeaux-glass-wine-bottle-quotes#primaryimage","url":"https:\/\/glassbottlewholesale.com\/wp-content\/uploads\/2023\/12\/Standard-Bordeaux-Bottle.png","contentUrl":"https:\/\/glassbottlewholesale.com\/wp-content\/uploads\/2023\/12\/Standard-Bordeaux-Bottle.png","width":500,"height":500,"caption":"Standard Bordeaux Bottle"},{"@type":"BreadcrumbList","@id":"https:\/\/ruishengglassco.com\/product\/rs009-standard-750ml-bordeaux-glass-wine-bottle-quotes#breadcrumb","itemListElement":[{"@type":"ListItem","position":1,"name":"Home","item":"https:\/\/glassbottlewholesale.com\/"},{"@type":"ListItem","position":2,"name":"Products","item":"https:\/\/glassbottlewholesale.com\/shop\/"},{"@type":"ListItem","position":3,"name":"RS009 Standard 750ml Bordeaux Glass Wine Bottle Quotes"}]},{"@type":"WebSite","@id":"https:\/\/glassbottlewholesale.com\/#website","url":"https:\/\/glassbottlewholesale.com\/","name":"Glass Bottle Wholesale","description":"","publisher":{"@id":"https:\/\/glassbottlewholesale.com\/#organization"},"potentialAction":[{"@type":"SearchAction","target":{"@type":"EntryPoint","urlTemplate":"https:\/\/glassbottlewholesale.com\/?s={search_term_string}"},"query-input":{"@type":"PropertyValueSpecification","valueRequired":true,"valueName":"search_term_string"}}],"inLanguage":"it-IT"},{"@type":"Organization","@id":"https:\/\/glassbottlewholesale.com\/#organization","name":"Glass Bottle Wholesale","url":"https:\/\/glassbottlewholesale.com\/","logo":{"@type":"ImageObject","inLanguage":"it-IT","@id":"https:\/\/glassbottlewholesale.com\/#\/schema\/logo\/image\/","url":"https:\/\/glassbottlewholesale.com\/wp-content\/uploads\/2023\/12\/ruisheng-logo.webp","contentUrl":"https:\/\/glassbottlewholesale.com\/wp-content\/uploads\/2023\/12\/ruisheng-logo.webp","width":400,"height":233,"caption":"Glass Bottle Wholesale"},"image":{"@id":"https:\/\/glassbottlewholesale.com\/#\/schema\/logo\/image\/"}}]}},"_links":{"self":[{"href":"https:\/\/glassbottlewholesale.com\/it\/wp-json\/wp\/v2\/product\/2603","targetHints":{"allow":["GET"]}}],"collection":[{"href":"https:\/\/glassbottlewholesale.com\/it\/wp-json\/wp\/v2\/product"}],"about":[{"href":"https:\/\/glassbottlewholesale.com\/it\/wp-json\/wp\/v2\/types\/product"}],"replies":[{"embeddable":true,"href":"https:\/\/glassbottlewholesale.com\/it\/wp-json\/wp\/v2\/comments?post=2603"}],"wp:featuredmedia":[{"embeddable":true,"href":"https:\/\/glassbottlewholesale.com\/it\/wp-json\/wp\/v2\/media\/4459"}],"wp:attachment":[{"href":"https:\/\/glassbottlewholesale.com\/it\/wp-json\/wp\/v2\/media?parent=2603"}],"wp:term":[{"taxonomy":"product_brand","embeddable":true,"href":"https:\/\/glassbottlewholesale.com\/it\/wp-json\/wp\/v2\/product_brand?post=2603"},{"taxonomy":"product_cat","embeddable":true,"href":"https:\/\/glassbottlewholesale.com\/it\/wp-json\/wp\/v2\/product_cat?post=2603"},{"taxonomy":"product_tag","embeddable":true,"href":"https:\/\/glassbottlewholesale.com\/it\/wp-json\/wp\/v2\/product_tag?post=2603"}],"curies":[{"name":"wp","href":"https:\/\/api.w.org\/{rel}","templated":true}]}}