{"id":2792,"date":"2021-05-28T09:17:33","date_gmt":"2021-05-28T09:17:33","guid":{"rendered":"https:\/\/glassbottlewholesale.com\/?post_type=product&#038;p=2792"},"modified":"2025-06-23T07:02:30","modified_gmt":"2025-06-23T07:02:30","slug":"bottiglie-in-vetro-da-250-ml-con-tappo-in-sughero-allingrosso","status":"publish","type":"product","link":"https:\/\/glassbottlewholesale.com\/it\/bottiglie-in-vetro-da-250-ml-con-tappo-in-sughero-allingrosso\/","title":{"rendered":"RS003: Bottiglie di vetro da 250 ml con tappo in sughero all&#039;ingrosso"},"content":{"rendered":"<h2 style=\"text-align: left\">Informazioni dettagliate sulle bottiglie di vetro da 250 ml con tappo in sughero all&#039;ingrosso<\/h2>\n<p>Questa serie<strong> Bottiglie in vetro da 250 ml con tappo in sughero all&#039;ingrosso<\/strong> adottare materiale in vetro flint di cristallo per rendere la nostra bottiglia di vetro con buona trasparenza e luminosit\u00e0. Il corpo rotondo \u00e8 arrotondato con trame irregolari. La superficie del prodotto adotta una variet\u00e0 di tecniche di lavorazione: goffratura, decalcomania, verniciatura, satinata, stampa a caldo, galvanica ecc.<\/p>\n<p>Questa serie di bottiglie rotonde per liquori pu\u00f2 essere utilizzata per il confezionamento di liquori, vodka, brandy, tequila e altre bevande alcoliche. In qualit\u00e0 di produttore con oltre 20 anni di esperienza nella produzione di bottiglie di liquori, offriamo servizi personalizzati ai nostri clienti. Se hai requisiti per forma, colore, dimensione, imballaggio esterno e logo delle bottiglie di vetro, possiamo produrli in base alle tue esigenze.<\/p>\n<ul>\n<li>Gestione della superficie: decalcomania<\/li>\n<li>Uso industriale: bevande<\/li>\n<li>Materiale di base: vetro selce<\/li>\n<li>Materiale del corpo: vetro flint<\/li>\n<li>Materiale del collare: vetro flint<\/li>\n<li>Tipo di chiusura: sughero, sughero, tappo in vetro, tappo twist-off, tappo a vite<\/li>\n<li>Utilizzo: Liquore, Brandy, Vodka, Tequila<\/li>\n<li>Luogo di origine: Cina<\/li>\n<li>Numero di modello: RS003<\/li>\n<li>Marchio: vetro Ruisheng<\/li>\n<li>Materiale della bottiglia: bicchieri<\/li>\n<li>Utilizzo: Olio\/spirito\/liquore\/vino\/bevanda<\/li>\n<li>Capacit\u00e0: 50 ml~2 litri<\/li>\n<li>OEM\/ODM: disponibile<\/li>\n<li>Certificato: SGS, TUV, ISO9001, ISO14001<\/li>\n<li>Colore: trasparente, verniciato, gelo<\/li>\n<li>Lavorazione della superficie: serigrafia, stampa, decalcomania, spray, gelo<\/li>\n<\/ul>\n<p>Se vuoi sapere come imballiamo e spediamo il prodotto nel tuo paese, clicca qui per vedere: <a href=\"https:\/\/glassbottlewholesale.com\/it\/how-to-pack-and-ship-glass-bottles\/\">Come imballare e spedire bottiglie di vetro?<\/a><\/p>\n<p>Se desideri saperne di pi\u00f9 sulle nostre bottiglie di vetro da 250 ml con tappo in sughero all&#039;ingrosso e altre informazioni, non esitare a contattarci<a href=\"https:\/\/glassbottlewholesale.com\/it\/contact\/\"> contattaci qui<\/a>.<\/p>","protected":false},"excerpt":{"rendered":"<p>Ruisheng, uno stabilimento di produzione di bottiglie di vetro con oltre 10 anni di storia, fornisce bottiglie di vetro da 250 ml con tappo in sughero all&#039;ingrosso per il confezionamento di liquori, in particolare per whisky, brandy, vodka e rum. Le nostre bottiglie di vetro trasparente non solo hanno una buona funzione di conservazione, ma rendono anche i tuoi prodotti pi\u00f9 lussuosi.<\/p>\n<p>Ecco elencate le domande che forse ti interessano:<\/p>\n<div class=\"\" data-block=\"true\" data-editor=\"59obe\" data-offset-key=\"fdife-0-0\">\n<div class=\"public-DraftStyleDefault-block public-DraftStyleDefault-ltr\" data-offset-key=\"fdife-0-0\"><strong>-MOQ: 10000 PZ\u00a0<\/strong><\/div>\n<\/div>\n<div class=\"\" data-block=\"true\" data-editor=\"59obe\" data-offset-key=\"18ibb-0-0\">\n<div class=\"public-DraftStyleDefault-block public-DraftStyleDefault-ltr\" data-offset-key=\"18ibb-0-0\">-Servizio personalizzato con campione gratuito offerto<\/div>\n<\/div>\n<div class=\"\" data-block=\"true\" data-editor=\"59obe\" data-offset-key=\"c6ce0-0-0\">\n<div class=\"public-DraftStyleDefault-block public-DraftStyleDefault-ltr\" data-offset-key=\"c6ce0-0-0\">-Spedizione globale+consegna entro 30 giorni<\/div>\n<div data-offset-key=\"c6ce0-0-0\"><\/div>\n<div data-offset-key=\"c6ce0-0-0\">Se vuoi avviare la tua attivit\u00e0 di vendita all&#039;ingrosso di bottiglie di vetro da 250 ml con tappo in sughero, per favore<a href=\"https:\/\/ruishengglassco.com\/contact\" target=\"_blank\" rel=\"noopener\">\u00a0Contattaci<\/a> Ora.<\/div>\n<\/div>\n<p>&nbsp;<\/p>","protected":false},"featured_media":2795,"comment_status":"open","ping_status":"closed","template":"","meta":[],"product_brand":[],"product_cat":[48,63],"product_tag":[],"class_list":{"0":"post-2792","1":"product","2":"type-product","3":"status-publish","4":"has-post-thumbnail","6":"product_cat-250ml-glass-bottle","7":"product_cat-liquor-bottle","8":"entry","9":"has-media","11":"first","12":"instock","13":"shipping-taxable","14":"product-type-simple"},"yoast_head":"<!-- This site is optimized with the Yoast SEO plugin v27.3 - https:\/\/yoast.com\/product\/yoast-seo-wordpress\/ -->\n<title>250ml Glass Bottles With Cork Wholesale | Ruisheng Glass Co., Ltd<\/title>\n<meta name=\"description\" content=\"Find 250ml Glass Bottles With Cork Wholesale in Ruisheng Glass Co., Ltd. Liquor Bottle Manufacturer and Factory. Global Shipping Service.\" \/>\n<meta name=\"robots\" content=\"index, follow, max-snippet:-1, max-image-preview:large, max-video-preview:-1\" \/>\n<link rel=\"canonical\" href=\"https:\/\/ruishengglassco.com\/product\/rs003250ml-glass-bottles-with-cork-wholesale\" \/>\n<meta property=\"og:locale\" content=\"it_IT\" \/>\n<meta property=\"og:type\" content=\"article\" \/>\n<meta property=\"og:title\" content=\"250ml Glass Bottles With Cork Wholesale | Ruisheng Glass Co., Ltd\" \/>\n<meta property=\"og:description\" content=\"Find 250ml Glass Bottles With Cork Wholesale in Ruisheng Glass Co., Ltd. Liquor Bottle Manufacturer and Factory. Global Shipping Service.\" \/>\n<meta property=\"og:url\" content=\"https:\/\/ruishengglassco.com\/product\/rs003250ml-glass-bottles-with-cork-wholesale\" \/>\n<meta property=\"og:site_name\" content=\"Glass Bottle Wholesale\" \/>\n<meta property=\"article:modified_time\" content=\"2025-06-23T07:02:30+00:00\" \/>\n<meta property=\"og:image\" content=\"https:\/\/glassbottlewholesale.com\/wp-content\/uploads\/2021\/05\/3-1.jpg\" \/>\n\t<meta property=\"og:image:width\" content=\"800\" \/>\n\t<meta property=\"og:image:height\" content=\"800\" \/>\n\t<meta property=\"og:image:type\" content=\"image\/jpeg\" \/>\n<meta name=\"twitter:card\" content=\"summary_large_image\" \/>\n<meta name=\"twitter:label1\" content=\"Tempo di lettura stimato\" \/>\n\t<meta name=\"twitter:data1\" content=\"2 minuti\" \/>\n<script type=\"application\/ld+json\" class=\"yoast-schema-graph\">{\"@context\":\"https:\\\/\\\/schema.org\",\"@graph\":[{\"@type\":\"WebPage\",\"@id\":\"https:\\\/\\\/glassbottlewholesale.com\\\/250ml-glass-bottles-with-cork-wholesale\\\/\",\"url\":\"https:\\\/\\\/ruishengglassco.com\\\/product\\\/rs003250ml-glass-bottles-with-cork-wholesale\",\"name\":\"250ml Glass Bottles With Cork Wholesale | Ruisheng Glass Co., Ltd\",\"isPartOf\":{\"@id\":\"https:\\\/\\\/glassbottlewholesale.com\\\/#website\"},\"primaryImageOfPage\":{\"@id\":\"https:\\\/\\\/ruishengglassco.com\\\/product\\\/rs003250ml-glass-bottles-with-cork-wholesale#primaryimage\"},\"image\":{\"@id\":\"https:\\\/\\\/ruishengglassco.com\\\/product\\\/rs003250ml-glass-bottles-with-cork-wholesale#primaryimage\"},\"thumbnailUrl\":\"https:\\\/\\\/glassbottlewholesale.com\\\/wp-content\\\/uploads\\\/2021\\\/05\\\/3-1.jpg\",\"datePublished\":\"2021-05-28T09:17:33+00:00\",\"dateModified\":\"2025-06-23T07:02:30+00:00\",\"description\":\"Find 250ml Glass Bottles With Cork Wholesale in Ruisheng Glass Co., Ltd. Liquor Bottle Manufacturer and Factory. Global Shipping Service.\",\"breadcrumb\":{\"@id\":\"https:\\\/\\\/ruishengglassco.com\\\/product\\\/rs003250ml-glass-bottles-with-cork-wholesale#breadcrumb\"},\"inLanguage\":\"it-IT\",\"potentialAction\":[{\"@type\":\"ReadAction\",\"target\":[\"https:\\\/\\\/ruishengglassco.com\\\/product\\\/rs003250ml-glass-bottles-with-cork-wholesale\"]}]},{\"@type\":\"ImageObject\",\"inLanguage\":\"it-IT\",\"@id\":\"https:\\\/\\\/ruishengglassco.com\\\/product\\\/rs003250ml-glass-bottles-with-cork-wholesale#primaryimage\",\"url\":\"https:\\\/\\\/glassbottlewholesale.com\\\/wp-content\\\/uploads\\\/2021\\\/05\\\/3-1.jpg\",\"contentUrl\":\"https:\\\/\\\/glassbottlewholesale.com\\\/wp-content\\\/uploads\\\/2021\\\/05\\\/3-1.jpg\",\"width\":800,\"height\":800,\"caption\":\"250ml glass bottles with cork wholesale\"},{\"@type\":\"BreadcrumbList\",\"@id\":\"https:\\\/\\\/ruishengglassco.com\\\/product\\\/rs003250ml-glass-bottles-with-cork-wholesale#breadcrumb\",\"itemListElement\":[{\"@type\":\"ListItem\",\"position\":1,\"name\":\"Home\",\"item\":\"https:\\\/\\\/glassbottlewholesale.com\\\/\"},{\"@type\":\"ListItem\",\"position\":2,\"name\":\"Products\",\"item\":\"https:\\\/\\\/glassbottlewholesale.com\\\/shop\\\/\"},{\"@type\":\"ListItem\",\"position\":3,\"name\":\"RS003:250ml Glass Bottles With Cork Wholesale\"}]},{\"@type\":\"WebSite\",\"@id\":\"https:\\\/\\\/glassbottlewholesale.com\\\/#website\",\"url\":\"https:\\\/\\\/glassbottlewholesale.com\\\/\",\"name\":\"Glass Bottle Wholesale\",\"description\":\"\",\"publisher\":{\"@id\":\"https:\\\/\\\/glassbottlewholesale.com\\\/#organization\"},\"potentialAction\":[{\"@type\":\"SearchAction\",\"target\":{\"@type\":\"EntryPoint\",\"urlTemplate\":\"https:\\\/\\\/glassbottlewholesale.com\\\/?s={search_term_string}\"},\"query-input\":{\"@type\":\"PropertyValueSpecification\",\"valueRequired\":true,\"valueName\":\"search_term_string\"}}],\"inLanguage\":\"it-IT\"},{\"@type\":\"Organization\",\"@id\":\"https:\\\/\\\/glassbottlewholesale.com\\\/#organization\",\"name\":\"Glass Bottle Wholesale\",\"url\":\"https:\\\/\\\/glassbottlewholesale.com\\\/\",\"logo\":{\"@type\":\"ImageObject\",\"inLanguage\":\"it-IT\",\"@id\":\"https:\\\/\\\/glassbottlewholesale.com\\\/#\\\/schema\\\/logo\\\/image\\\/\",\"url\":\"https:\\\/\\\/glassbottlewholesale.com\\\/wp-content\\\/uploads\\\/2023\\\/12\\\/ruisheng-logo.webp\",\"contentUrl\":\"https:\\\/\\\/glassbottlewholesale.com\\\/wp-content\\\/uploads\\\/2023\\\/12\\\/ruisheng-logo.webp\",\"width\":400,\"height\":233,\"caption\":\"Glass Bottle Wholesale\"},\"image\":{\"@id\":\"https:\\\/\\\/glassbottlewholesale.com\\\/#\\\/schema\\\/logo\\\/image\\\/\"}}]}<\/script>\n<!-- \/ Yoast SEO plugin. -->","yoast_head_json":{"title":"Bottiglie di vetro da 250 ml con tappo in sughero all&#039;ingrosso | Ruisheng Vetro Co., Ltd","description":"Trova bottiglie di vetro da 250 ml con tappo in sughero all&#039;ingrosso in Ruisheng Glass Co., Ltd. Produttore e fabbrica di bottiglie di liquore. Servizio di spedizione globale.","robots":{"index":"index","follow":"follow","max-snippet":"max-snippet:-1","max-image-preview":"max-image-preview:large","max-video-preview":"max-video-preview:-1"},"canonical":"https:\/\/ruishengglassco.com\/product\/rs003250ml-glass-bottles-with-cork-wholesale","og_locale":"it_IT","og_type":"article","og_title":"250ml Glass Bottles With Cork Wholesale | Ruisheng Glass Co., Ltd","og_description":"Find 250ml Glass Bottles With Cork Wholesale in Ruisheng Glass Co., Ltd. Liquor Bottle Manufacturer and Factory. Global Shipping Service.","og_url":"https:\/\/ruishengglassco.com\/product\/rs003250ml-glass-bottles-with-cork-wholesale","og_site_name":"Glass Bottle Wholesale","article_modified_time":"2025-06-23T07:02:30+00:00","og_image":[{"width":800,"height":800,"url":"https:\/\/glassbottlewholesale.com\/wp-content\/uploads\/2021\/05\/3-1.jpg","type":"image\/jpeg"}],"twitter_card":"summary_large_image","twitter_misc":{"Tempo di lettura stimato":"2 minuti"},"schema":{"@context":"https:\/\/schema.org","@graph":[{"@type":"WebPage","@id":"https:\/\/glassbottlewholesale.com\/250ml-glass-bottles-with-cork-wholesale\/","url":"https:\/\/ruishengglassco.com\/product\/rs003250ml-glass-bottles-with-cork-wholesale","name":"Bottiglie di vetro da 250 ml con tappo in sughero all&#039;ingrosso | Ruisheng Vetro Co., Ltd","isPartOf":{"@id":"https:\/\/glassbottlewholesale.com\/#website"},"primaryImageOfPage":{"@id":"https:\/\/ruishengglassco.com\/product\/rs003250ml-glass-bottles-with-cork-wholesale#primaryimage"},"image":{"@id":"https:\/\/ruishengglassco.com\/product\/rs003250ml-glass-bottles-with-cork-wholesale#primaryimage"},"thumbnailUrl":"https:\/\/glassbottlewholesale.com\/wp-content\/uploads\/2021\/05\/3-1.jpg","datePublished":"2021-05-28T09:17:33+00:00","dateModified":"2025-06-23T07:02:30+00:00","description":"Trova bottiglie di vetro da 250 ml con tappo in sughero all&#039;ingrosso in Ruisheng Glass Co., Ltd. Produttore e fabbrica di bottiglie di liquore. Servizio di spedizione globale.","breadcrumb":{"@id":"https:\/\/ruishengglassco.com\/product\/rs003250ml-glass-bottles-with-cork-wholesale#breadcrumb"},"inLanguage":"it-IT","potentialAction":[{"@type":"ReadAction","target":["https:\/\/ruishengglassco.com\/product\/rs003250ml-glass-bottles-with-cork-wholesale"]}]},{"@type":"ImageObject","inLanguage":"it-IT","@id":"https:\/\/ruishengglassco.com\/product\/rs003250ml-glass-bottles-with-cork-wholesale#primaryimage","url":"https:\/\/glassbottlewholesale.com\/wp-content\/uploads\/2021\/05\/3-1.jpg","contentUrl":"https:\/\/glassbottlewholesale.com\/wp-content\/uploads\/2021\/05\/3-1.jpg","width":800,"height":800,"caption":"250ml glass bottles with cork wholesale"},{"@type":"BreadcrumbList","@id":"https:\/\/ruishengglassco.com\/product\/rs003250ml-glass-bottles-with-cork-wholesale#breadcrumb","itemListElement":[{"@type":"ListItem","position":1,"name":"Home","item":"https:\/\/glassbottlewholesale.com\/"},{"@type":"ListItem","position":2,"name":"Products","item":"https:\/\/glassbottlewholesale.com\/shop\/"},{"@type":"ListItem","position":3,"name":"RS003:250ml Glass Bottles With Cork Wholesale"}]},{"@type":"WebSite","@id":"https:\/\/glassbottlewholesale.com\/#website","url":"https:\/\/glassbottlewholesale.com\/","name":"Glass Bottle Wholesale","description":"","publisher":{"@id":"https:\/\/glassbottlewholesale.com\/#organization"},"potentialAction":[{"@type":"SearchAction","target":{"@type":"EntryPoint","urlTemplate":"https:\/\/glassbottlewholesale.com\/?s={search_term_string}"},"query-input":{"@type":"PropertyValueSpecification","valueRequired":true,"valueName":"search_term_string"}}],"inLanguage":"it-IT"},{"@type":"Organization","@id":"https:\/\/glassbottlewholesale.com\/#organization","name":"Glass Bottle Wholesale","url":"https:\/\/glassbottlewholesale.com\/","logo":{"@type":"ImageObject","inLanguage":"it-IT","@id":"https:\/\/glassbottlewholesale.com\/#\/schema\/logo\/image\/","url":"https:\/\/glassbottlewholesale.com\/wp-content\/uploads\/2023\/12\/ruisheng-logo.webp","contentUrl":"https:\/\/glassbottlewholesale.com\/wp-content\/uploads\/2023\/12\/ruisheng-logo.webp","width":400,"height":233,"caption":"Glass Bottle Wholesale"},"image":{"@id":"https:\/\/glassbottlewholesale.com\/#\/schema\/logo\/image\/"}}]}},"_links":{"self":[{"href":"https:\/\/glassbottlewholesale.com\/it\/wp-json\/wp\/v2\/product\/2792","targetHints":{"allow":["GET"]}}],"collection":[{"href":"https:\/\/glassbottlewholesale.com\/it\/wp-json\/wp\/v2\/product"}],"about":[{"href":"https:\/\/glassbottlewholesale.com\/it\/wp-json\/wp\/v2\/types\/product"}],"replies":[{"embeddable":true,"href":"https:\/\/glassbottlewholesale.com\/it\/wp-json\/wp\/v2\/comments?post=2792"}],"wp:featuredmedia":[{"embeddable":true,"href":"https:\/\/glassbottlewholesale.com\/it\/wp-json\/wp\/v2\/media\/2795"}],"wp:attachment":[{"href":"https:\/\/glassbottlewholesale.com\/it\/wp-json\/wp\/v2\/media?parent=2792"}],"wp:term":[{"taxonomy":"product_brand","embeddable":true,"href":"https:\/\/glassbottlewholesale.com\/it\/wp-json\/wp\/v2\/product_brand?post=2792"},{"taxonomy":"product_cat","embeddable":true,"href":"https:\/\/glassbottlewholesale.com\/it\/wp-json\/wp\/v2\/product_cat?post=2792"},{"taxonomy":"product_tag","embeddable":true,"href":"https:\/\/glassbottlewholesale.com\/it\/wp-json\/wp\/v2\/product_tag?post=2792"}],"curies":[{"name":"wp","href":"https:\/\/api.w.org\/{rel}","templated":true}]}}