{"id":424,"date":"2019-10-12T13:34:20","date_gmt":"2019-10-12T13:34:20","guid":{"rendered":"https:\/\/queenchingglass.com\/?post_type=product&#038;p=424"},"modified":"2025-07-10T03:02:47","modified_gmt":"2025-07-10T03:02:47","slug":"buy-glass-bottle-in-bulk-with-lids","status":"publish","type":"product","link":"https:\/\/glassbottlewholesale.com\/it\/buy-glass-bottle-in-bulk-with-lids\/","title":{"rendered":"RS137: Acquistare bottiglie di vetro alla rinfusa con coperchi"},"content":{"rendered":"<div class=\"wpb-content-wrapper\"><div class=\"vc_row wpb_row vc_row-fluid\"><div class=\"wpb_column vc_column_container vc_col-sm-12\"><div class=\"vc_column-inner\"><div class=\"wpb_wrapper\">\n\t<div class=\"wpb_text_column wpb_content_element\" >\n\t\t<div class=\"wpb_wrapper\">\n\t\t\t<p>The 750ml clear glass bottle for liquor is made in Shandong Yuncheng Ruisheng Glass Co., Ltd. Our company is one of the biggest super flint<a href=\"https:\/\/ruishengglassco.com\/glass-liquor-spirit-bottles\">\u00a0produzione di bottiglie di vetro per liquori<\/a>\u00a0in Cina. La nostra azienda ha pi\u00f9 di 500 dipendenti e un gruppo di ingegneri specializzati. Con una ricca esperienza, abbiamo ottenuto una buona reputazione in tutto il mondo.<\/p>\n<p>La bottiglia per liquori all'ingrosso da 750 ml con tappi di sughero \u00e8 realizzata con materiale di vetro ad alta resistenza che rende la bottiglia di vetro pi\u00f9 chiara, pi\u00f9 resistente e pi\u00f9 liscia.  \u00c8 adatta alla confezione di liquori, vodka, brandy, whisky, marmellata e cos\u00ec via.<\/p>\n<p>As a top\u00a0wholesale spirit\u00a0bottle with croks\u00a0manufacturer, Ruisheng focuses on top grade glass bottle manufacturing such as vodka bottle, brandy bottle, whiskey bottle, liquor bottle, jam bottle and so on. We also can offer different color spirit bottle wholesale such as amber glass bottle, green bottle, white glass bottle, transparent\u00a0glass bottle, etc. Our main market in UK, USA, Australia, Canada, and many other counties. And all products enjoy a high reputation for innovation and functionality.<\/p>\n<p>E come scegliere le bottiglie di vetro per e-liquid? Per scegliere la giusta bottiglia di vetro trasparente per liquori, la prima \u00e8 la qualit\u00e0 delle bottiglie di liquido,\u00a0<a href=\"https:\/\/ruishengglassco.com\/\">bottiglia di vetro di alta qualit\u00e0<\/a>\u00a0\u00e8 in grado di garantire la qualit\u00e0 dei liquori e di migliorarne il valore. Inoltre, i clienti devono anche prestare attenzione alla qualit\u00e0 dei prodotti alcolici, al sapore del liquore e alla propaganda culturale per selezionare la bottiglia di vetro per liquidi. Inoltre, per scegliere e acquistare il prodotto bottiglia di liquore, \u00e8 necessario scegliere un produttore regolare di bottiglie di liquore, per assicurare la qualit\u00e0 e il prezzo delle bottiglie di alcol.<\/p>\n<p>If you are interested in our this 750ml Clear Glass Bottle for Liquor, please contact with us. We will reply you within 24hours.<\/p>\n\n\t\t<\/div>\n\t<\/div>\n<\/div><\/div><\/div><\/div>\n<\/div>","protected":false},"excerpt":{"rendered":"<div class=\"col col-sm-6 col-xs-12\">\n<div id=\"slider-3128-product-image-carosel\" class=\"rt-carousel carousel-holder clearfix product-image-carosel rt-image-carousel\" data-item-width=\"1\" data-nav=\"true\" data-dots=\"false\" data-margin=\"15\" data-autoplay=\"true\" data-timeout=\"7500\" data-loop=\"false\" data-tablet-item-width=\"\" data-mobile-item-width=\"1\">\n<div class=\"owl-carousel owl-loaded owl-drag\">\n<div class=\"owl-nav\">\n<div class=\"owl-next disabled\"><\/div>\n<\/div>\n<\/div>\n<\/div>\n<\/div>\n<div class=\"col col-sm-6 col-xs-12\">\n<p>Glass round shape 750ml clear glass bottle for liquor. The beautiful color of the spirit shows through the super-flint glass, works for Whiskey, Brandy, Vodka, etc. Cork\/Scrow cap Available.<\/p>\n<p>Personalizzato 750ml Spirito bottiglia di vetro all'ingrosso Dettagli:<\/p>\n<ul>\n<li>Reference: RS137<\/li>\n<li><strong>OEM\/ODM Service offered. MOQ:10000pcs<\/strong><\/li>\n<li>Tappo: tappo a vite\/sughero<\/li>\n<li>Materiale: Vetro ad alta selce<\/li>\n<li>Consegna: Campione gratuito offerto entro 3-7 giorni. Ordine in blocco entro 30 giorni.<\/li>\n<li>Caratteristica: ecologico<\/li>\n<\/ul>\n<\/div>","protected":false},"featured_media":425,"comment_status":"open","ping_status":"closed","template":"","meta":[],"product_brand":[],"product_cat":[52,60,63],"product_tag":[],"class_list":{"0":"post-424","1":"product","2":"type-product","3":"status-publish","4":"has-post-thumbnail","6":"product_cat-750ml-glass-bottle","7":"product_cat-brandy-bottle","8":"product_cat-liquor-bottle","9":"entry","10":"has-media","12":"first","13":"instock","14":"shipping-taxable","15":"product-type-simple"},"yoast_head":"<!-- This site is optimized with the Yoast SEO plugin v27.3 - https:\/\/yoast.com\/product\/yoast-seo-wordpress\/ -->\n<title>RS137: Buy Glass Bottle In Bulk With Lids - Glass Bottle Wholesale<\/title>\n<meta name=\"robots\" content=\"index, follow, max-snippet:-1, max-image-preview:large, max-video-preview:-1\" \/>\n<link rel=\"canonical\" href=\"https:\/\/ruishengglassco.com\/product\/rs137-buy-glass-bottle-with-lids\" \/>\n<meta property=\"og:locale\" content=\"it_IT\" \/>\n<meta property=\"og:type\" content=\"article\" \/>\n<meta property=\"og:title\" content=\"RS137: Buy Glass Bottle In Bulk With Lids - Glass Bottle Wholesale\" \/>\n<meta property=\"og:description\" content=\"Glass round shape 750ml clear glass bottle for liquor. The beautiful color of the spirit shows through the super-flint glass, works for Whiskey, Brandy, Vodka, etc. Cork\/Scrow cap Available.  Custom 750ml Spirit Glass Bottle Wholesale Details:   Reference: RS137  OEM\/ODM Service offered. MOQ:10000pcs  Cap: Screw cap\/Cork  Material: High Flint Glass  Delivery: Free Sample Offered Within 3-7 Days. Bulk Order Within 30 Days.  Feature: Eco-friendly\" \/>\n<meta property=\"og:url\" content=\"https:\/\/ruishengglassco.com\/product\/rs137-buy-glass-bottle-with-lids\" \/>\n<meta property=\"og:site_name\" content=\"Glass Bottle Wholesale\" \/>\n<meta property=\"article:modified_time\" content=\"2025-07-10T03:02:47+00:00\" \/>\n<meta property=\"og:image\" content=\"https:\/\/glassbottlewholesale.com\/wp-content\/uploads\/2019\/10\/\u767d\u5170\u57304l.jpg\" \/>\n\t<meta property=\"og:image:width\" content=\"400\" \/>\n\t<meta property=\"og:image:height\" content=\"400\" \/>\n\t<meta property=\"og:image:type\" content=\"image\/jpeg\" \/>\n<meta name=\"twitter:card\" content=\"summary_large_image\" \/>\n<meta name=\"twitter:label1\" content=\"Tempo di lettura stimato\" \/>\n\t<meta name=\"twitter:data1\" content=\"2 minuti\" \/>\n<script type=\"application\/ld+json\" class=\"yoast-schema-graph\">{\"@context\":\"https:\\\/\\\/schema.org\",\"@graph\":[{\"@type\":\"WebPage\",\"@id\":\"https:\\\/\\\/glassbottlewholesale.com\\\/buy-glass-bottle-in-bulk-with-lids\\\/\",\"url\":\"https:\\\/\\\/ruishengglassco.com\\\/product\\\/rs137-buy-glass-bottle-with-lids\",\"name\":\"RS137: Buy Glass Bottle In Bulk With Lids - Glass Bottle Wholesale\",\"isPartOf\":{\"@id\":\"https:\\\/\\\/glassbottlewholesale.com\\\/#website\"},\"primaryImageOfPage\":{\"@id\":\"https:\\\/\\\/ruishengglassco.com\\\/product\\\/rs137-buy-glass-bottle-with-lids#primaryimage\"},\"image\":{\"@id\":\"https:\\\/\\\/ruishengglassco.com\\\/product\\\/rs137-buy-glass-bottle-with-lids#primaryimage\"},\"thumbnailUrl\":\"https:\\\/\\\/glassbottlewholesale.com\\\/wp-content\\\/uploads\\\/2019\\\/10\\\/\u767d\u5170\u57304l.jpg\",\"datePublished\":\"2019-10-12T13:34:20+00:00\",\"dateModified\":\"2025-07-10T03:02:47+00:00\",\"breadcrumb\":{\"@id\":\"https:\\\/\\\/ruishengglassco.com\\\/product\\\/rs137-buy-glass-bottle-with-lids#breadcrumb\"},\"inLanguage\":\"it-IT\",\"potentialAction\":[{\"@type\":\"ReadAction\",\"target\":[\"https:\\\/\\\/ruishengglassco.com\\\/product\\\/rs137-buy-glass-bottle-with-lids\"]}]},{\"@type\":\"ImageObject\",\"inLanguage\":\"it-IT\",\"@id\":\"https:\\\/\\\/ruishengglassco.com\\\/product\\\/rs137-buy-glass-bottle-with-lids#primaryimage\",\"url\":\"https:\\\/\\\/glassbottlewholesale.com\\\/wp-content\\\/uploads\\\/2019\\\/10\\\/\u767d\u5170\u57304l.jpg\",\"contentUrl\":\"https:\\\/\\\/glassbottlewholesale.com\\\/wp-content\\\/uploads\\\/2019\\\/10\\\/\u767d\u5170\u57304l.jpg\",\"width\":400,\"height\":400},{\"@type\":\"BreadcrumbList\",\"@id\":\"https:\\\/\\\/ruishengglassco.com\\\/product\\\/rs137-buy-glass-bottle-with-lids#breadcrumb\",\"itemListElement\":[{\"@type\":\"ListItem\",\"position\":1,\"name\":\"Home\",\"item\":\"https:\\\/\\\/glassbottlewholesale.com\\\/\"},{\"@type\":\"ListItem\",\"position\":2,\"name\":\"Products\",\"item\":\"https:\\\/\\\/glassbottlewholesale.com\\\/shop\\\/\"},{\"@type\":\"ListItem\",\"position\":3,\"name\":\"RS137: Buy Glass Bottle In Bulk With Lids\"}]},{\"@type\":\"WebSite\",\"@id\":\"https:\\\/\\\/glassbottlewholesale.com\\\/#website\",\"url\":\"https:\\\/\\\/glassbottlewholesale.com\\\/\",\"name\":\"Glass Bottle Wholesale\",\"description\":\"\",\"publisher\":{\"@id\":\"https:\\\/\\\/glassbottlewholesale.com\\\/#organization\"},\"potentialAction\":[{\"@type\":\"SearchAction\",\"target\":{\"@type\":\"EntryPoint\",\"urlTemplate\":\"https:\\\/\\\/glassbottlewholesale.com\\\/?s={search_term_string}\"},\"query-input\":{\"@type\":\"PropertyValueSpecification\",\"valueRequired\":true,\"valueName\":\"search_term_string\"}}],\"inLanguage\":\"it-IT\"},{\"@type\":\"Organization\",\"@id\":\"https:\\\/\\\/glassbottlewholesale.com\\\/#organization\",\"name\":\"Glass Bottle Wholesale\",\"url\":\"https:\\\/\\\/glassbottlewholesale.com\\\/\",\"logo\":{\"@type\":\"ImageObject\",\"inLanguage\":\"it-IT\",\"@id\":\"https:\\\/\\\/glassbottlewholesale.com\\\/#\\\/schema\\\/logo\\\/image\\\/\",\"url\":\"https:\\\/\\\/glassbottlewholesale.com\\\/wp-content\\\/uploads\\\/2023\\\/12\\\/ruisheng-logo.webp\",\"contentUrl\":\"https:\\\/\\\/glassbottlewholesale.com\\\/wp-content\\\/uploads\\\/2023\\\/12\\\/ruisheng-logo.webp\",\"width\":400,\"height\":233,\"caption\":\"Glass Bottle Wholesale\"},\"image\":{\"@id\":\"https:\\\/\\\/glassbottlewholesale.com\\\/#\\\/schema\\\/logo\\\/image\\\/\"}}]}<\/script>\n<!-- \/ Yoast SEO plugin. -->","yoast_head_json":{"title":"RS137: Buy Glass Bottle In Bulk With Lids - Glass Bottle Wholesale","robots":{"index":"index","follow":"follow","max-snippet":"max-snippet:-1","max-image-preview":"max-image-preview:large","max-video-preview":"max-video-preview:-1"},"canonical":"https:\/\/ruishengglassco.com\/product\/rs137-buy-glass-bottle-with-lids","og_locale":"it_IT","og_type":"article","og_title":"RS137: Buy Glass Bottle In Bulk With Lids - Glass Bottle Wholesale","og_description":"Glass round shape 750ml clear glass bottle for liquor. The beautiful color of the spirit shows through the super-flint glass, works for Whiskey, Brandy, Vodka, etc. Cork\/Scrow cap Available.  Custom 750ml Spirit Glass Bottle Wholesale Details:   Reference: RS137  OEM\/ODM Service offered. MOQ:10000pcs  Cap: Screw cap\/Cork  Material: High Flint Glass  Delivery: Free Sample Offered Within 3-7 Days. Bulk Order Within 30 Days.  Feature: Eco-friendly","og_url":"https:\/\/ruishengglassco.com\/product\/rs137-buy-glass-bottle-with-lids","og_site_name":"Glass Bottle Wholesale","article_modified_time":"2025-07-10T03:02:47+00:00","og_image":[{"width":400,"height":400,"url":"https:\/\/glassbottlewholesale.com\/wp-content\/uploads\/2019\/10\/\u767d\u5170\u57304l.jpg","type":"image\/jpeg"}],"twitter_card":"summary_large_image","twitter_misc":{"Tempo di lettura stimato":"2 minuti"},"schema":{"@context":"https:\/\/schema.org","@graph":[{"@type":"WebPage","@id":"https:\/\/glassbottlewholesale.com\/buy-glass-bottle-in-bulk-with-lids\/","url":"https:\/\/ruishengglassco.com\/product\/rs137-buy-glass-bottle-with-lids","name":"RS137: Buy Glass Bottle In Bulk With Lids - Glass Bottle Wholesale","isPartOf":{"@id":"https:\/\/glassbottlewholesale.com\/#website"},"primaryImageOfPage":{"@id":"https:\/\/ruishengglassco.com\/product\/rs137-buy-glass-bottle-with-lids#primaryimage"},"image":{"@id":"https:\/\/ruishengglassco.com\/product\/rs137-buy-glass-bottle-with-lids#primaryimage"},"thumbnailUrl":"https:\/\/glassbottlewholesale.com\/wp-content\/uploads\/2019\/10\/\u767d\u5170\u57304l.jpg","datePublished":"2019-10-12T13:34:20+00:00","dateModified":"2025-07-10T03:02:47+00:00","breadcrumb":{"@id":"https:\/\/ruishengglassco.com\/product\/rs137-buy-glass-bottle-with-lids#breadcrumb"},"inLanguage":"it-IT","potentialAction":[{"@type":"ReadAction","target":["https:\/\/ruishengglassco.com\/product\/rs137-buy-glass-bottle-with-lids"]}]},{"@type":"ImageObject","inLanguage":"it-IT","@id":"https:\/\/ruishengglassco.com\/product\/rs137-buy-glass-bottle-with-lids#primaryimage","url":"https:\/\/glassbottlewholesale.com\/wp-content\/uploads\/2019\/10\/\u767d\u5170\u57304l.jpg","contentUrl":"https:\/\/glassbottlewholesale.com\/wp-content\/uploads\/2019\/10\/\u767d\u5170\u57304l.jpg","width":400,"height":400},{"@type":"BreadcrumbList","@id":"https:\/\/ruishengglassco.com\/product\/rs137-buy-glass-bottle-with-lids#breadcrumb","itemListElement":[{"@type":"ListItem","position":1,"name":"Home","item":"https:\/\/glassbottlewholesale.com\/"},{"@type":"ListItem","position":2,"name":"Products","item":"https:\/\/glassbottlewholesale.com\/shop\/"},{"@type":"ListItem","position":3,"name":"RS137: Buy Glass Bottle In Bulk With Lids"}]},{"@type":"WebSite","@id":"https:\/\/glassbottlewholesale.com\/#website","url":"https:\/\/glassbottlewholesale.com\/","name":"Glass Bottle Wholesale","description":"","publisher":{"@id":"https:\/\/glassbottlewholesale.com\/#organization"},"potentialAction":[{"@type":"SearchAction","target":{"@type":"EntryPoint","urlTemplate":"https:\/\/glassbottlewholesale.com\/?s={search_term_string}"},"query-input":{"@type":"PropertyValueSpecification","valueRequired":true,"valueName":"search_term_string"}}],"inLanguage":"it-IT"},{"@type":"Organization","@id":"https:\/\/glassbottlewholesale.com\/#organization","name":"Glass Bottle Wholesale","url":"https:\/\/glassbottlewholesale.com\/","logo":{"@type":"ImageObject","inLanguage":"it-IT","@id":"https:\/\/glassbottlewholesale.com\/#\/schema\/logo\/image\/","url":"https:\/\/glassbottlewholesale.com\/wp-content\/uploads\/2023\/12\/ruisheng-logo.webp","contentUrl":"https:\/\/glassbottlewholesale.com\/wp-content\/uploads\/2023\/12\/ruisheng-logo.webp","width":400,"height":233,"caption":"Glass Bottle Wholesale"},"image":{"@id":"https:\/\/glassbottlewholesale.com\/#\/schema\/logo\/image\/"}}]}},"_links":{"self":[{"href":"https:\/\/glassbottlewholesale.com\/it\/wp-json\/wp\/v2\/product\/424","targetHints":{"allow":["GET"]}}],"collection":[{"href":"https:\/\/glassbottlewholesale.com\/it\/wp-json\/wp\/v2\/product"}],"about":[{"href":"https:\/\/glassbottlewholesale.com\/it\/wp-json\/wp\/v2\/types\/product"}],"replies":[{"embeddable":true,"href":"https:\/\/glassbottlewholesale.com\/it\/wp-json\/wp\/v2\/comments?post=424"}],"wp:featuredmedia":[{"embeddable":true,"href":"https:\/\/glassbottlewholesale.com\/it\/wp-json\/wp\/v2\/media\/425"}],"wp:attachment":[{"href":"https:\/\/glassbottlewholesale.com\/it\/wp-json\/wp\/v2\/media?parent=424"}],"wp:term":[{"taxonomy":"product_brand","embeddable":true,"href":"https:\/\/glassbottlewholesale.com\/it\/wp-json\/wp\/v2\/product_brand?post=424"},{"taxonomy":"product_cat","embeddable":true,"href":"https:\/\/glassbottlewholesale.com\/it\/wp-json\/wp\/v2\/product_cat?post=424"},{"taxonomy":"product_tag","embeddable":true,"href":"https:\/\/glassbottlewholesale.com\/it\/wp-json\/wp\/v2\/product_tag?post=424"}],"curies":[{"name":"wp","href":"https:\/\/api.w.org\/{rel}","templated":true}]}}