{"id":432,"date":"2019-10-12T13:44:04","date_gmt":"2019-10-12T13:44:04","guid":{"rendered":"https:\/\/queenchingglass.com\/?post_type=product&#038;p=432"},"modified":"2025-07-10T00:43:06","modified_gmt":"2025-07-10T00:43:06","slug":"bottiglie-di-vetro-riciclate-da-50cl-produttore-allingrosso","status":"publish","type":"product","link":"https:\/\/glassbottlewholesale.com\/it\/bottiglie-di-vetro-riciclate-da-50cl-produttore-allingrosso\/","title":{"rendered":"RS134: Bottiglie di vetro riciclate da 50cl Fornitore all'ingrosso"},"content":{"rendered":"<div class=\"wpb-content-wrapper\"><div class=\"vc_row wpb_row vc_row-fluid\"><div class=\"wpb_column vc_column_container vc_col-sm-12\"><div class=\"vc_column-inner\"><div class=\"wpb_wrapper\">\n\t<div class=\"wpb_text_column wpb_content_element\" >\n\t\t<div class=\"wpb_wrapper\">\n\t\t\t<p>Le bottiglie di liquore riciclate alla rinfusa sono uno dei nostri prodotti pi\u00f9 venduti. Questa bottiglia di vetro in vendita ha una forma comune, ma il suo utilizzo \u00e8 molto ampio. Questa bottiglia vuota per liquori pu\u00f2 essere utilizzata per contenere vodka, whisky, brandy, olio d'oliva, acqua e altri liquidi.<\/p>\n<p>Questa bottiglia di vetro riciclato \u00e8 realizzata in vetro bianco cristallino. \u00c8 molto chiaro e liscio sulla superficie della bottiglia di vetro. Questa bottiglia di vetro da 50cl all'ingrosso \u00e8 molto resistente. Il tasso di rottura \u00e8 il pi\u00f9 basso rispetto ad altre bottiglie di vetro durante il trasporto.<\/p>\n<h4>I dettagli di questo 50cl riciclato bottiglie di liquore alla rinfusa<\/h4>\n<p>Le bottiglie vuote riciclate per liquori all'ingrosso hanno un peso di 580 g. Con un fondo pesante, le bottiglie di vetro hanno un aspetto di alta qualit\u00e0 e renderanno anche il vostro prodotto di alta qualit\u00e0.<\/p>\n<p>Le dimensioni della bottiglia di vetro recuperabile sono 71,2x 250 mm. Il diametro della chiusura \u00e8 di 19,2 mm. Questo collo di bottiglia in vetro riciclato \u00e8 adatto al tappo a T da 18,5 mm.<\/p>\n<p>La modalit\u00e0 di imballaggio comune per questa bottiglia di vetro per liquori \u00e8 il cartone standard per l'esportazione. Di solito ci sono 24 pezzi per cartone, 20 pezzi per cartone, 12 pezzi per cartone o 6 pezzi per cartone se il cliente vuole fare una scatola colorata personalizzata.<\/p>\n<p>Se volete risparmiare tempo e manodopera, possiamo utilizzare il pallet per imballare le bottiglie di vetro. Il nostro pallet non \u00e8 soggetto a fumigazione e le sue dimensioni sono di circa 100 x 120 cm.  L'altezza del pallet dipende dall'altezza della bottiglia di vetro e del contenitore.<\/p>\n<p>Possiamo imballare la bottiglia di vetro trasparente solo con il pallet, ma anche con il cartone e il pallet. Questo in base alla richiesta del cliente.<\/p>\n<p>Poich\u00e9 ci sono molti designer nella nostra fabbrica, possiamo anche accettare l'ordine OEM. Potete dirci la vostra idea o il disegno delle bottiglie di vetro riciclate da 50 cl, possiamo progettarlo e realizzarlo per voi.<\/p>\n<p>Se siete interessati al nostro prezzo di questa bottiglia di liquore riciclata da 50cl o volete fare il <a href=\"https:\/\/ruishengglassco.com\/about\">bottiglia di vetro personalizzata<\/a>, si prega di contattarci.<\/p>\n\n\t\t<\/div>\n\t<\/div>\n<\/div><\/div><\/div><\/div>\n<\/div>","protected":false},"excerpt":{"rendered":"<table class=\"tg\">\n<tbody>\n<tr>\n<th class=\"tg-yw4l\" colspan=\"2\">Bottiglie di vetro riciclate da 50cl all'ingrosso<\/th>\n<\/tr>\n<tr>\n<td class=\"tg-b7b8\">Riferimento:<\/td>\n<td class=\"tg-b7b8\">RS134<\/td>\n<\/tr>\n<tr>\n<td class=\"tg-yw4l\">Materiale principale:<\/td>\n<td class=\"tg-yw4l\">Vetro selce alto (questo materiale \u00e8 anche chiamato vetro bianco cristallo)<\/td>\n<\/tr>\n<tr>\n<td class=\"tg-b7b8\">Tappo:<\/td>\n<td class=\"tg-b7b8\">Tappo di sughero\/corvo<\/td>\n<\/tr>\n<tr>\n<td class=\"tg-yw4l\">Capacit\u00e0:<\/td>\n<td class=\"tg-yw4l\">700 ml<\/td>\n<\/tr>\n<tr>\n<td class=\"tg-b7b8\">Caratteristica:<\/td>\n<td class=\"tg-b7b8\">Ecologico<\/td>\n<\/tr>\n<tr>\n<td class=\"tg-yw4l\">MOQ:<\/td>\n<td class=\"tg-yw4l\">10000 PZ<\/td>\n<\/tr>\n<tr>\n<td class=\"tg-b7b8\">Modo dell&#039;imballaggio:<\/td>\n<td class=\"tg-b7b8\">Esporta cartone standard\/pallet\/esporta cartone e pallet standard<\/td>\n<\/tr>\n<tr>\n<td class=\"tg-yw4l\">OEM\/ODM:<\/td>\n<td class=\"tg-yw4l\">Benvenuto<\/td>\n<\/tr>\n<tr>\n<td class=\"tg-b7b8\">Origine del luogo:<\/td>\n<td class=\"tg-b7b8\">Shandong, Cina<\/td>\n<\/tr>\n<tr>\n<td class=\"tg-yw4l\">Pezzi\/Cont.:<\/td>\n<td class=\"tg-yw4l\">24 pezzi o secondo le richieste del cliente<\/td>\n<\/tr>\n<\/tbody>\n<\/table>","protected":false},"featured_media":433,"comment_status":"open","ping_status":"closed","template":"","meta":[],"product_brand":[],"product_cat":[50,60],"product_tag":[],"class_list":{"0":"post-432","1":"product","2":"type-product","3":"status-publish","4":"has-post-thumbnail","6":"product_cat-500ml-glass-bottle","7":"product_cat-brandy-bottle","8":"entry","9":"has-media","11":"first","12":"instock","13":"shipping-taxable","14":"product-type-simple"},"yoast_head":"<!-- This site is optimized with the Yoast SEO plugin v27.3 - https:\/\/yoast.com\/product\/yoast-seo-wordpress\/ -->\n<title>50cl Recycled Liquor Bottles Bulk | Empty Glass Bottles Manufacturer<\/title>\n<meta name=\"description\" content=\"Do you want to buy 50cl Recycled Liquor Bottles Bulk from China Empty Glass Bottles Manufacturer? Factory Outlet&amp;Wholesale Price. Get Quote Now.\" \/>\n<meta name=\"robots\" content=\"index, follow, max-snippet:-1, max-image-preview:large, max-video-preview:-1\" \/>\n<link rel=\"canonical\" href=\"https:\/\/ruishengglassco.com\/product\/rs134-recycled-50cl-glass-bottles-manufacturer\" \/>\n<meta property=\"og:locale\" content=\"it_IT\" \/>\n<meta property=\"og:type\" content=\"article\" \/>\n<meta property=\"og:title\" content=\"50cl Recycled Liquor Bottles Bulk | Empty Glass Bottles Manufacturer\" \/>\n<meta property=\"og:description\" content=\"Do you want to buy 50cl Recycled Liquor Bottles Bulk from China Empty Glass Bottles Manufacturer? Factory Outlet&amp;Wholesale Price. Get Quote Now.\" \/>\n<meta property=\"og:url\" content=\"https:\/\/ruishengglassco.com\/product\/rs134-recycled-50cl-glass-bottles-manufacturer\" \/>\n<meta property=\"og:site_name\" content=\"Glass Bottle Wholesale\" \/>\n<meta property=\"article:modified_time\" content=\"2025-07-10T00:43:06+00:00\" \/>\n<meta property=\"og:image\" content=\"https:\/\/glassbottlewholesale.com\/wp-content\/uploads\/2019\/10\/\u767d\u5170\u57308.jpg\" \/>\n\t<meta property=\"og:image:width\" content=\"400\" \/>\n\t<meta property=\"og:image:height\" content=\"400\" \/>\n\t<meta property=\"og:image:type\" content=\"image\/jpeg\" \/>\n<meta name=\"twitter:card\" content=\"summary_large_image\" \/>\n<meta name=\"twitter:label1\" content=\"Tempo di lettura stimato\" \/>\n\t<meta name=\"twitter:data1\" content=\"2 minuti\" \/>\n<script type=\"application\/ld+json\" class=\"yoast-schema-graph\">{\"@context\":\"https:\\\/\\\/schema.org\",\"@graph\":[{\"@type\":\"WebPage\",\"@id\":\"https:\\\/\\\/glassbottlewholesale.com\\\/recycled-50cl-glass-bottles-wholesale-manufacturer\\\/\",\"url\":\"https:\\\/\\\/ruishengglassco.com\\\/product\\\/rs134-recycled-50cl-glass-bottles-manufacturer\",\"name\":\"50cl Recycled Liquor Bottles Bulk | Empty Glass Bottles Manufacturer\",\"isPartOf\":{\"@id\":\"https:\\\/\\\/glassbottlewholesale.com\\\/#website\"},\"primaryImageOfPage\":{\"@id\":\"https:\\\/\\\/ruishengglassco.com\\\/product\\\/rs134-recycled-50cl-glass-bottles-manufacturer#primaryimage\"},\"image\":{\"@id\":\"https:\\\/\\\/ruishengglassco.com\\\/product\\\/rs134-recycled-50cl-glass-bottles-manufacturer#primaryimage\"},\"thumbnailUrl\":\"https:\\\/\\\/glassbottlewholesale.com\\\/wp-content\\\/uploads\\\/2019\\\/10\\\/\u767d\u5170\u57308.jpg\",\"datePublished\":\"2019-10-12T13:44:04+00:00\",\"dateModified\":\"2025-07-10T00:43:06+00:00\",\"description\":\"Do you want to buy 50cl Recycled Liquor Bottles Bulk from China Empty Glass Bottles Manufacturer? Factory Outlet&Wholesale Price. Get Quote Now.\",\"breadcrumb\":{\"@id\":\"https:\\\/\\\/ruishengglassco.com\\\/product\\\/rs134-recycled-50cl-glass-bottles-manufacturer#breadcrumb\"},\"inLanguage\":\"it-IT\",\"potentialAction\":[{\"@type\":\"ReadAction\",\"target\":[\"https:\\\/\\\/ruishengglassco.com\\\/product\\\/rs134-recycled-50cl-glass-bottles-manufacturer\"]}]},{\"@type\":\"ImageObject\",\"inLanguage\":\"it-IT\",\"@id\":\"https:\\\/\\\/ruishengglassco.com\\\/product\\\/rs134-recycled-50cl-glass-bottles-manufacturer#primaryimage\",\"url\":\"https:\\\/\\\/glassbottlewholesale.com\\\/wp-content\\\/uploads\\\/2019\\\/10\\\/\u767d\u5170\u57308.jpg\",\"contentUrl\":\"https:\\\/\\\/glassbottlewholesale.com\\\/wp-content\\\/uploads\\\/2019\\\/10\\\/\u767d\u5170\u57308.jpg\",\"width\":400,\"height\":400,\"caption\":\"Recycled Liquor Bottles\"},{\"@type\":\"BreadcrumbList\",\"@id\":\"https:\\\/\\\/ruishengglassco.com\\\/product\\\/rs134-recycled-50cl-glass-bottles-manufacturer#breadcrumb\",\"itemListElement\":[{\"@type\":\"ListItem\",\"position\":1,\"name\":\"Home\",\"item\":\"https:\\\/\\\/glassbottlewholesale.com\\\/\"},{\"@type\":\"ListItem\",\"position\":2,\"name\":\"Products\",\"item\":\"https:\\\/\\\/glassbottlewholesale.com\\\/shop\\\/\"},{\"@type\":\"ListItem\",\"position\":3,\"name\":\"RS134: Recycled 50cl Glass Bottles Wholesale Manufacturer\"}]},{\"@type\":\"WebSite\",\"@id\":\"https:\\\/\\\/glassbottlewholesale.com\\\/#website\",\"url\":\"https:\\\/\\\/glassbottlewholesale.com\\\/\",\"name\":\"Glass Bottle Wholesale\",\"description\":\"\",\"publisher\":{\"@id\":\"https:\\\/\\\/glassbottlewholesale.com\\\/#organization\"},\"potentialAction\":[{\"@type\":\"SearchAction\",\"target\":{\"@type\":\"EntryPoint\",\"urlTemplate\":\"https:\\\/\\\/glassbottlewholesale.com\\\/?s={search_term_string}\"},\"query-input\":{\"@type\":\"PropertyValueSpecification\",\"valueRequired\":true,\"valueName\":\"search_term_string\"}}],\"inLanguage\":\"it-IT\"},{\"@type\":\"Organization\",\"@id\":\"https:\\\/\\\/glassbottlewholesale.com\\\/#organization\",\"name\":\"Glass Bottle Wholesale\",\"url\":\"https:\\\/\\\/glassbottlewholesale.com\\\/\",\"logo\":{\"@type\":\"ImageObject\",\"inLanguage\":\"it-IT\",\"@id\":\"https:\\\/\\\/glassbottlewholesale.com\\\/#\\\/schema\\\/logo\\\/image\\\/\",\"url\":\"https:\\\/\\\/glassbottlewholesale.com\\\/wp-content\\\/uploads\\\/2023\\\/12\\\/ruisheng-logo.webp\",\"contentUrl\":\"https:\\\/\\\/glassbottlewholesale.com\\\/wp-content\\\/uploads\\\/2023\\\/12\\\/ruisheng-logo.webp\",\"width\":400,\"height\":233,\"caption\":\"Glass Bottle Wholesale\"},\"image\":{\"@id\":\"https:\\\/\\\/glassbottlewholesale.com\\\/#\\\/schema\\\/logo\\\/image\\\/\"}}]}<\/script>\n<!-- \/ Yoast SEO plugin. -->","yoast_head_json":{"title":"Bottiglie di liquore riciclate da 50cl alla rinfusa | Bottiglie di vetro vuote Produttore","description":"Vuoi acquistare 50cl bottiglie di liquore riciclate alla rinfusa da Cina bottiglie di vetro vuote Fornitore? Fabbrica Outlet&amp;Prezzo all'ingrosso. Richiedi ora un preventivo.","robots":{"index":"index","follow":"follow","max-snippet":"max-snippet:-1","max-image-preview":"max-image-preview:large","max-video-preview":"max-video-preview:-1"},"canonical":"https:\/\/ruishengglassco.com\/product\/rs134-recycled-50cl-glass-bottles-manufacturer","og_locale":"it_IT","og_type":"article","og_title":"50cl Recycled Liquor Bottles Bulk | Empty Glass Bottles Manufacturer","og_description":"Do you want to buy 50cl Recycled Liquor Bottles Bulk from China Empty Glass Bottles Manufacturer? Factory Outlet&Wholesale Price. Get Quote Now.","og_url":"https:\/\/ruishengglassco.com\/product\/rs134-recycled-50cl-glass-bottles-manufacturer","og_site_name":"Glass Bottle Wholesale","article_modified_time":"2025-07-10T00:43:06+00:00","og_image":[{"width":400,"height":400,"url":"https:\/\/glassbottlewholesale.com\/wp-content\/uploads\/2019\/10\/\u767d\u5170\u57308.jpg","type":"image\/jpeg"}],"twitter_card":"summary_large_image","twitter_misc":{"Tempo di lettura stimato":"2 minuti"},"schema":{"@context":"https:\/\/schema.org","@graph":[{"@type":"WebPage","@id":"https:\/\/glassbottlewholesale.com\/recycled-50cl-glass-bottles-wholesale-manufacturer\/","url":"https:\/\/ruishengglassco.com\/product\/rs134-recycled-50cl-glass-bottles-manufacturer","name":"Bottiglie di liquore riciclate da 50cl alla rinfusa | Bottiglie di vetro vuote Produttore","isPartOf":{"@id":"https:\/\/glassbottlewholesale.com\/#website"},"primaryImageOfPage":{"@id":"https:\/\/ruishengglassco.com\/product\/rs134-recycled-50cl-glass-bottles-manufacturer#primaryimage"},"image":{"@id":"https:\/\/ruishengglassco.com\/product\/rs134-recycled-50cl-glass-bottles-manufacturer#primaryimage"},"thumbnailUrl":"https:\/\/glassbottlewholesale.com\/wp-content\/uploads\/2019\/10\/\u767d\u5170\u57308.jpg","datePublished":"2019-10-12T13:44:04+00:00","dateModified":"2025-07-10T00:43:06+00:00","description":"Vuoi acquistare 50cl bottiglie di liquore riciclate alla rinfusa da Cina bottiglie di vetro vuote Fornitore? Fabbrica Outlet&amp;Prezzo all'ingrosso. Richiedi ora un preventivo.","breadcrumb":{"@id":"https:\/\/ruishengglassco.com\/product\/rs134-recycled-50cl-glass-bottles-manufacturer#breadcrumb"},"inLanguage":"it-IT","potentialAction":[{"@type":"ReadAction","target":["https:\/\/ruishengglassco.com\/product\/rs134-recycled-50cl-glass-bottles-manufacturer"]}]},{"@type":"ImageObject","inLanguage":"it-IT","@id":"https:\/\/ruishengglassco.com\/product\/rs134-recycled-50cl-glass-bottles-manufacturer#primaryimage","url":"https:\/\/glassbottlewholesale.com\/wp-content\/uploads\/2019\/10\/\u767d\u5170\u57308.jpg","contentUrl":"https:\/\/glassbottlewholesale.com\/wp-content\/uploads\/2019\/10\/\u767d\u5170\u57308.jpg","width":400,"height":400,"caption":"Recycled Liquor Bottles"},{"@type":"BreadcrumbList","@id":"https:\/\/ruishengglassco.com\/product\/rs134-recycled-50cl-glass-bottles-manufacturer#breadcrumb","itemListElement":[{"@type":"ListItem","position":1,"name":"Home","item":"https:\/\/glassbottlewholesale.com\/"},{"@type":"ListItem","position":2,"name":"Products","item":"https:\/\/glassbottlewholesale.com\/shop\/"},{"@type":"ListItem","position":3,"name":"RS134: Recycled 50cl Glass Bottles Wholesale Manufacturer"}]},{"@type":"WebSite","@id":"https:\/\/glassbottlewholesale.com\/#website","url":"https:\/\/glassbottlewholesale.com\/","name":"Glass Bottle Wholesale","description":"","publisher":{"@id":"https:\/\/glassbottlewholesale.com\/#organization"},"potentialAction":[{"@type":"SearchAction","target":{"@type":"EntryPoint","urlTemplate":"https:\/\/glassbottlewholesale.com\/?s={search_term_string}"},"query-input":{"@type":"PropertyValueSpecification","valueRequired":true,"valueName":"search_term_string"}}],"inLanguage":"it-IT"},{"@type":"Organization","@id":"https:\/\/glassbottlewholesale.com\/#organization","name":"Glass Bottle Wholesale","url":"https:\/\/glassbottlewholesale.com\/","logo":{"@type":"ImageObject","inLanguage":"it-IT","@id":"https:\/\/glassbottlewholesale.com\/#\/schema\/logo\/image\/","url":"https:\/\/glassbottlewholesale.com\/wp-content\/uploads\/2023\/12\/ruisheng-logo.webp","contentUrl":"https:\/\/glassbottlewholesale.com\/wp-content\/uploads\/2023\/12\/ruisheng-logo.webp","width":400,"height":233,"caption":"Glass Bottle Wholesale"},"image":{"@id":"https:\/\/glassbottlewholesale.com\/#\/schema\/logo\/image\/"}}]}},"_links":{"self":[{"href":"https:\/\/glassbottlewholesale.com\/it\/wp-json\/wp\/v2\/product\/432","targetHints":{"allow":["GET"]}}],"collection":[{"href":"https:\/\/glassbottlewholesale.com\/it\/wp-json\/wp\/v2\/product"}],"about":[{"href":"https:\/\/glassbottlewholesale.com\/it\/wp-json\/wp\/v2\/types\/product"}],"replies":[{"embeddable":true,"href":"https:\/\/glassbottlewholesale.com\/it\/wp-json\/wp\/v2\/comments?post=432"}],"wp:featuredmedia":[{"embeddable":true,"href":"https:\/\/glassbottlewholesale.com\/it\/wp-json\/wp\/v2\/media\/433"}],"wp:attachment":[{"href":"https:\/\/glassbottlewholesale.com\/it\/wp-json\/wp\/v2\/media?parent=432"}],"wp:term":[{"taxonomy":"product_brand","embeddable":true,"href":"https:\/\/glassbottlewholesale.com\/it\/wp-json\/wp\/v2\/product_brand?post=432"},{"taxonomy":"product_cat","embeddable":true,"href":"https:\/\/glassbottlewholesale.com\/it\/wp-json\/wp\/v2\/product_cat?post=432"},{"taxonomy":"product_tag","embeddable":true,"href":"https:\/\/glassbottlewholesale.com\/it\/wp-json\/wp\/v2\/product_tag?post=432"}],"curies":[{"name":"wp","href":"https:\/\/api.w.org\/{rel}","templated":true}]}}