{"id":4582,"date":"2024-03-12T08:42:07","date_gmt":"2024-03-12T08:42:07","guid":{"rendered":"https:\/\/glassbottlewholesale.com\/?post_type=product&#038;p=4582"},"modified":"2025-06-12T01:27:09","modified_gmt":"2025-06-12T01:27:09","slug":"rs153-cina-trasparente-bottiglia-di-whisky-produzione","status":"publish","type":"product","link":"https:\/\/glassbottlewholesale.com\/it\/rs153-cina-trasparente-bottiglia-di-whisky-produzione\/","title":{"rendered":"RS153 Produzione di bottiglie di whisky trasparenti in Cina"},"content":{"rendered":"<div class=\"wpb-content-wrapper\"><h4 data-spm-anchor-id=\"a2700.details.0.i82.67a53c122iOfKz\">Specifiche<\/h4>\n<div class=\"attribute-list\">\n<div class=\"attribute-item\">\n<ul>\n<li class=\"left\">Movimentazione della superficie: <span style=\"color: var(--wpex-text-2);\">Incisione interna<\/span><\/li>\n<li class=\"left\">Uso industriale: <span style=\"color: var(--wpex-text-2);\">Bevanda<\/span><\/li>\n<li class=\"left\">Tipo di tenuta: <span style=\"color: var(--wpex-text-2);\">TAPPO A VITE\/Sughero<\/span><\/li>\n<li class=\"left\">Luogo d&#039;origine: <span style=\"color: var(--wpex-text-2);\">Shandong, Cina<\/span><\/li>\n<li class=\"left\">Materiale di base: S<span style=\"color: var(--wpex-text-2);\">vetro selce superiore<\/span><\/li>\n<li class=\"left\">Materiale corporeo: <span style=\"color: var(--wpex-text-2);\">Vetro super flint<\/span><\/li>\n<li class=\"left\">Numero di modello: <span style=\"color: var(--wpex-text-2);\">RS-160<\/span><\/li>\n<li class=\"left\">Marchio: <span style=\"color: var(--wpex-text-2);\">RUISHENG<\/span><\/li>\n<li class=\"left\">Utilizzo: <span style=\"color: var(--wpex-text-2);\">Alcool\/liquori\/superalcolici\/vodka\/whisky\/brandy\/rum\/gin<\/span><\/li>\n<li class=\"left\">Imballaggio: <span style=\"color: var(--wpex-text-2);\">Imballaggio personalizzato accettabile<\/span><\/li>\n<li class=\"left\">Capacit\u00e0: <span style=\"color: var(--wpex-text-2);\">200ml\/300ml\/500ml\/700\/750ml\/1000ml<\/span><\/li>\n<li class=\"left\">Forma: <span style=\"color: var(--wpex-text-2);\">Forma personalizzata<\/span><\/li>\n<li class=\"left\">Logo: <span style=\"color: var(--wpex-text-2);\">Logo del cliente accettabile<\/span><\/li>\n<li class=\"left\">Servizio: <span style=\"color: var(--wpex-text-2);\">OEM\/ODM<\/span><\/li>\n<li class=\"left\">Campione: <span style=\"color: var(--wpex-text-2);\">Fornito gratuitamente<\/span><\/li>\n<li class=\"left\">Stampa del logo: <span style=\"color: var(--wpex-text-2);\">Accetta la stampa del logo del cliente<\/span><\/li>\n<li class=\"left\">Tempi di consegna: <span style=\"color: var(--wpex-text-2);\">30-45 giorni<\/span><\/li>\n<li class=\"left\">Confezione: <span style=\"font-family: var(--wpex-heading-font-family); font-style: var(--wpex-heading-font-style); letter-spacing: var(--wpex-heading-letter-spacing); text-transform: var(--wpex-heading-text-transform); color: var(--wpex-text-2);\" data-spm-anchor-id=\"a2700.details.0.i77.67a53c122iOfKz\">Scatola standard dell&#039;esportazione\/<\/span><span style=\"color: var(--wpex-text-2);\">Pallet\/<\/span><span style=\"color: var(--wpex-text-2);\">Imballaggio personalizzato<\/span><\/li>\n<li class=\"left\">Porta: <span style=\"color: var(--wpex-text-2);\">Qingdao<\/span><\/li>\n<\/ul>\n<\/div>\n<\/div>\n<div class=\"attribute-list\">\n<div class=\"attribute-item\">\n<div class=\"right\">\n<div class=\"vc_row wpb_row vc_row-fluid\"><div class=\"wpb_column vc_column_container vc_col-sm-6\"><div class=\"vc_column-inner\"><div class=\"wpb_wrapper\">\n\t<div  class=\"wpb_single_image wpb_content_element vc_align_ wpb_content_element\">\n\t\t\n\t\t<figure class=\"wpb_wrapper vc_figure\">\n\t\t\t<div class=\"vc_single_image-wrapper   vc_box_border_grey\"><img width=\"741\" height=\"417\" src=\"https:\/\/glassbottlewholesale.com\/wp-content\/uploads\/2021\/07\/ruisheng-glass-bottle-1.jpeg\" class=\"vc_single_image-img attachment-full\" alt=\"bottiglia di vetro ruisheng\" title=\"bottiglia di vetro ruisheng (1)\" srcset=\"https:\/\/glassbottlewholesale.com\/wp-content\/uploads\/2021\/07\/ruisheng-glass-bottle-1.jpeg 741w, https:\/\/glassbottlewholesale.com\/wp-content\/uploads\/2021\/07\/ruisheng-glass-bottle-1-300x169.jpeg 300w, https:\/\/glassbottlewholesale.com\/wp-content\/uploads\/2021\/07\/ruisheng-glass-bottle-1-600x338.jpeg 600w\" sizes=\"(max-width: 741px) 100vw, 741px\" \/><\/div>\n\t\t<\/figure>\n\t<\/div>\n<\/div><\/div><\/div><div class=\"wpb_column vc_column_container vc_col-sm-6\"><div class=\"vc_column-inner\"><div class=\"wpb_wrapper\"><h2 class=\"vcex-heading vcex-heading-plain vcex-module wpex-heading wpex-text-2xl\"><span class=\"vcex-heading-inner wpex-inline-block\">Fabbrica di vetro Ruisheng nello Shandong, Cina<\/span><\/h2><div class=\"vc_separator wpb_content_element vc_separator_align_center vc_sep_width_30 vc_sep_border_width_2 vc_sep_pos_align_left vc_separator_no_text vc_custom_1626068292507 wpb_content_element  vc_custom_1626068292507 wpb_content_element\" ><span class=\"vc_sep_holder vc_sep_holder_l\"><span style=\"border-color:#c6b20a;\" class=\"vc_sep_line\"><\/span><\/span><span class=\"vc_sep_holder vc_sep_holder_r\"><span style=\"border-color:#c6b20a;\" class=\"vc_sep_line\"><\/span><\/span>\n<\/div><div class=\"vcex-spacing wpex-w-100 wpex-clear\" style=\"height:20px;\"><\/div>\n\t<div class=\"wpb_text_column wpb_content_element\" >\n\t\t<div class=\"wpb_wrapper\">\n\t\t\t<p>Dal 2009, il nostro moderno impianto di produzione di bottiglie di vetro e il nostro centro di ricerca e sviluppo ben attrezzato operano su un&#039;area di 5.000.000 di piedi quadrati. La fabbrica si concentra sulla produzione di bottiglie di vetro di alta qualit\u00e0 per liquori, liquori, whisky, vodka, brandy e altre bevande alcoliche.<\/p>\n\n\t\t<\/div>\n\t<\/div>\n<\/div><\/div><\/div><\/div><div class=\"vc_row wpb_row vc_row-fluid\"><div class=\"wpb_column vc_column_container vc_col-sm-12\"><div class=\"vc_column-inner\"><div class=\"wpb_wrapper\">\n\t<div class=\"wpb_text_column wpb_content_element\" >\n\t\t<div class=\"wpb_wrapper\">\n\t\t\t<h3>Piena capacit\u00e0 della nostra fabbrica di produzione di bottiglie di vetro per liquori:<\/h3>\n\n\t\t<\/div>\n\t<\/div>\n<div class=\"vcex-spacing wpex-w-100 wpex-clear\" style=\"height:20px;\"><\/div><div class=\"vc_row wpb_row vc_inner vc_row-fluid\"><div class=\"wpb_column vc_column_container vc_col-sm-3\"><div class=\"vc_column-inner\"><div class=\"wpb_wrapper\"><style>.vcex-heading.vcex_69f1e3c5b1d85{color:#c6b20a;font-size:50px;font-weight:900;text-transform:capitalize;}<\/style><h2 class=\"vcex-heading vcex-heading-plain vcex-module wpex-heading wpex-text-2xl wpex-text-center vcex_69f1e3c5b1d85\"><span class=\"vcex-heading-inner wpex-inline-block\">12<\/span><\/h2>\n\t<div class=\"wpb_text_column wpb_content_element\" >\n\t\t<div class=\"wpb_wrapper\">\n\t\t\t<p style=\"text-align: center;\"><strong>-Linea di produzione-<\/strong><\/p>\n\n\t\t<\/div>\n\t<\/div>\n\n\t<div class=\"wpb_text_column wpb_content_element\" >\n\t\t<div class=\"wpb_wrapper\">\n\t\t\t<p>Linea di produzione semiautomatica di bottiglie di vetro ad alta efficienza. Pu\u00f2 produrre bottiglie di vetro con diversi processi di trattamento contemporaneamente.<\/p>\n\n\t\t<\/div>\n\t<\/div>\n<\/div><\/div><\/div><div class=\"wpb_column vc_column_container vc_col-sm-3\"><div class=\"vc_column-inner\"><div class=\"wpb_wrapper\"><style>.vcex-heading.vcex_69f1e3c5b2712{color:#c6b20a;font-size:50px;font-weight:900;text-transform:capitalize;}<\/style><h2 class=\"vcex-heading vcex-heading-plain vcex-module wpex-heading wpex-text-2xl wpex-text-center vcex_69f1e3c5b2712\"><span class=\"vcex-heading-inner wpex-inline-block\">500+<\/span><\/h2>\n\t<div class=\"wpb_text_column wpb_content_element\" >\n\t\t<div class=\"wpb_wrapper\">\n\t\t\t<p style=\"text-align: center;\"><strong>-Roba di lavoro-<\/strong><\/p>\n\n\t\t<\/div>\n\t<\/div>\n\n\t<div class=\"wpb_text_column wpb_content_element\" >\n\t\t<div class=\"wpb_wrapper\">\n\t\t\t<p style=\"text-align: center;\">La nostra azienda ha pi\u00f9 di 500 dipendenti, tra cui 15 designer industriali, 35 ispettori della qualit\u00e0 del prodotto e altri addetti alla produzione, personale di vendita e marketing, ecc.<\/p>\n\n\t\t<\/div>\n\t<\/div>\n<\/div><\/div><\/div><div class=\"wpb_column vc_column_container vc_col-sm-3\"><div class=\"vc_column-inner\"><div class=\"wpb_wrapper\"><style>.vcex-heading.vcex_69f1e3c5b2ec8{color:#c6b20a;font-size:50px;font-weight:900;text-transform:capitalize;}<\/style><h2 class=\"vcex-heading vcex-heading-plain vcex-module wpex-heading wpex-text-2xl wpex-text-center vcex_69f1e3c5b2ec8\"><span class=\"vcex-heading-inner wpex-inline-block\">8000+<\/span><\/h2>\n\t<div class=\"wpb_text_column wpb_content_element\" >\n\t\t<div class=\"wpb_wrapper\">\n\t\t\t<p style=\"text-align: center;\"><strong>-Stampo di progettazione-<\/strong><\/p>\n\n\t\t<\/div>\n\t<\/div>\n\n\t<div class=\"wpb_text_column wpb_content_element\" >\n\t\t<div class=\"wpb_wrapper\">\n\t\t\t<p style=\"text-align: center;\">il vantaggio principale di immagazzinare internamente un&#039;enorme quantit\u00e0 di stampi \u00e8 la flessibilit\u00e0. Difficilmente una fabbrica pu\u00f2 soddisfare tutte le vostre esigenze.<\/p>\n\n\t\t<\/div>\n\t<\/div>\n<\/div><\/div><\/div><div class=\"wpb_column vc_column_container vc_col-sm-3\"><div class=\"vc_column-inner\"><div class=\"wpb_wrapper\"><style>.vcex-heading.vcex_69f1e3c5b361e{color:#c6b20a;font-size:50px;font-weight:900;text-transform:capitalize;}<\/style><h2 class=\"vcex-heading vcex-heading-plain vcex-module wpex-heading wpex-text-2xl wpex-text-center vcex_69f1e3c5b361e\"><span class=\"vcex-heading-inner wpex-inline-block\">120,000+<\/span><\/h2>\n\t<div class=\"wpb_text_column wpb_content_element\" >\n\t\t<div class=\"wpb_wrapper\">\n\t\t\t<p style=\"text-align: center;\"><strong>-Uscita giornaliera-<\/strong><\/p>\n\n\t\t<\/div>\n\t<\/div>\n\n\t<div class=\"wpb_text_column wpb_content_element\" >\n\t\t<div class=\"wpb_wrapper\">\n\t\t\t<p style=\"text-align: center;\">Reagire rapidamente al mercato. La nostra produzione in serie consente alle aziende di passare attraverso le fasi di produzione in modo rapido e semplice.<\/p>\n\n\t\t<\/div>\n\t<\/div>\n<\/div><\/div><\/div><\/div><\/div><\/div><\/div><\/div><div class=\"vc_row wpb_row vc_row-fluid\"><div class=\"wpb_column vc_column_container vc_col-sm-12\"><div class=\"vc_column-inner\"><div class=\"wpb_wrapper\"><h2 class=\"vcex-heading vcex-heading-plain vcex-module wpex-heading wpex-text-2xl\"><span class=\"vcex-heading-inner wpex-inline-block\">Come ordinare il vetro Ruisheng<\/span><\/h2><div class=\"vcex-spacing wpex-w-100 wpex-clear\" style=\"height:20px;\"><\/div>\n\t<div  class=\"wpb_single_image wpb_content_element vc_align_center wpb_content_element\">\n\t\t\n\t\t<figure class=\"wpb_wrapper vc_figure\">\n\t\t\t<div class=\"vc_single_image-wrapper   vc_box_border_grey\"><img width=\"564\" height=\"795\" src=\"https:\/\/glassbottlewholesale.com\/wp-content\/uploads\/2021\/07\/WX20210712-153708.png\" class=\"vc_single_image-img attachment-full\" alt=\"Come ordinare una bottiglia di vetro da Ruisheng\" title=\"Come ordinare una bottiglia di vetro da Ruisheng\" srcset=\"https:\/\/glassbottlewholesale.com\/wp-content\/uploads\/2021\/07\/WX20210712-153708.png 564w, https:\/\/glassbottlewholesale.com\/wp-content\/uploads\/2021\/07\/WX20210712-153708-213x300.png 213w\" sizes=\"(max-width: 564px) 100vw, 564px\" \/><\/div>\n\t\t<\/figure>\n\t<\/div>\n<\/div><\/div><\/div><\/div>\n<\/div>\n<\/div>\n<\/div>\n<\/div>","protected":false},"excerpt":{"rendered":"<p>Specifiche tecniche Manipolazione della superficie: Incisione interna Uso industriale: bevande Tipo di tenuta: Tappo a vite\/Sughero Luogo di origine: Shandong, Cina Materiale di base: Vetro super flint Materiale del corpo: Vetro super flint Numero di modello: RS-160 Nome di marca: RUISHENG Utilizzo: Alcool\/liquore\/spiriti\/vodka\/whisky\/brandy\/rum\/gin Imballaggio: Imballaggio personalizzato Accettabile Capacit\u00e0: 200ml\/300ml\/500ml\/700\/750ml\/1000ml Forma: Forma personalizzata Logo: Logo del cliente accettabile Servizio: OEM \/ODM Campione: Fornito liberamente Logo...<\/p>","protected":false},"featured_media":4571,"comment_status":"open","ping_status":"closed","template":"","meta":[],"product_brand":[],"product_cat":[68],"product_tag":[],"class_list":{"0":"post-4582","1":"product","2":"type-product","3":"status-publish","4":"has-post-thumbnail","6":"product_cat-whiskey-bottle","7":"entry","8":"has-media","10":"first","11":"instock","12":"shipping-taxable","13":"product-type-simple"},"yoast_head":"<!-- This site is optimized with the Yoast SEO plugin v27.3 - https:\/\/yoast.com\/product\/yoast-seo-wordpress\/ -->\n<title>RS153 China Transparent Whiskey Bottle Production - Glass Bottle Wholesale<\/title>\n<meta name=\"robots\" content=\"index, follow, max-snippet:-1, max-image-preview:large, max-video-preview:-1\" \/>\n<link rel=\"canonical\" href=\"https:\/\/ruishengglassco.com\/product\/rs153-china-transparent-whiskey-bottle-production\" \/>\n<meta property=\"og:locale\" content=\"it_IT\" \/>\n<meta property=\"og:type\" content=\"article\" \/>\n<meta property=\"og:title\" content=\"RS153 China Transparent Whiskey Bottle Production - Glass Bottle Wholesale\" \/>\n<meta property=\"og:description\" content=\"Specifications Surface Handling: Inside Engraving Industrial Use: Beverage Sealing Type: SCREW CAP\/Cork Place of Origin: Shandong, China Base Material: Super flint glass Body Material: Super flint glass Model Number: RS-160 Brand Name: RUISHENG Usage: Alcohol\/liquor\/spirits\/vodka\/whisky\/brandy\/rum\/gin Packing: Custom Packing Acceptable Capacity: 200ml\/300ml\/500ml\/700\/750ml\/1000ml Shape: Customized Shape Logo: Acceptable Customer&#8217;s Logo Service: OEM \/ODM Sample: Provided Freely Logo&hellip;\" \/>\n<meta property=\"og:url\" content=\"https:\/\/ruishengglassco.com\/product\/rs153-china-transparent-whiskey-bottle-production\" \/>\n<meta property=\"og:site_name\" content=\"Glass Bottle Wholesale\" \/>\n<meta property=\"article:modified_time\" content=\"2025-06-12T01:27:09+00:00\" \/>\n<meta property=\"og:image\" content=\"https:\/\/glassbottlewholesale.com\/wp-content\/uploads\/2024\/03\/wholesale-whiskey-bottle-manufacturer3.png\" \/>\n\t<meta property=\"og:image:width\" content=\"800\" \/>\n\t<meta property=\"og:image:height\" content=\"800\" \/>\n\t<meta property=\"og:image:type\" content=\"image\/png\" \/>\n<meta name=\"twitter:card\" content=\"summary_large_image\" \/>\n<meta name=\"twitter:label1\" content=\"Tempo di lettura stimato\" \/>\n\t<meta name=\"twitter:data1\" content=\"2 minuti\" \/>\n<script type=\"application\/ld+json\" class=\"yoast-schema-graph\">{\"@context\":\"https:\\\/\\\/schema.org\",\"@graph\":[{\"@type\":\"WebPage\",\"@id\":\"https:\\\/\\\/glassbottlewholesale.com\\\/rs153-china-transparent-whiskey-bottle-production\\\/\",\"url\":\"https:\\\/\\\/ruishengglassco.com\\\/product\\\/rs153-china-transparent-whiskey-bottle-production\",\"name\":\"RS153 China Transparent Whiskey Bottle Production - Glass Bottle Wholesale\",\"isPartOf\":{\"@id\":\"https:\\\/\\\/glassbottlewholesale.com\\\/#website\"},\"primaryImageOfPage\":{\"@id\":\"https:\\\/\\\/ruishengglassco.com\\\/product\\\/rs153-china-transparent-whiskey-bottle-production#primaryimage\"},\"image\":{\"@id\":\"https:\\\/\\\/ruishengglassco.com\\\/product\\\/rs153-china-transparent-whiskey-bottle-production#primaryimage\"},\"thumbnailUrl\":\"https:\\\/\\\/glassbottlewholesale.com\\\/wp-content\\\/uploads\\\/2024\\\/03\\\/wholesale-whiskey-bottle-manufacturer3.png\",\"datePublished\":\"2024-03-12T08:42:07+00:00\",\"dateModified\":\"2025-06-12T01:27:09+00:00\",\"breadcrumb\":{\"@id\":\"https:\\\/\\\/ruishengglassco.com\\\/product\\\/rs153-china-transparent-whiskey-bottle-production#breadcrumb\"},\"inLanguage\":\"it-IT\",\"potentialAction\":[{\"@type\":\"ReadAction\",\"target\":[\"https:\\\/\\\/ruishengglassco.com\\\/product\\\/rs153-china-transparent-whiskey-bottle-production\"]}]},{\"@type\":\"ImageObject\",\"inLanguage\":\"it-IT\",\"@id\":\"https:\\\/\\\/ruishengglassco.com\\\/product\\\/rs153-china-transparent-whiskey-bottle-production#primaryimage\",\"url\":\"https:\\\/\\\/glassbottlewholesale.com\\\/wp-content\\\/uploads\\\/2024\\\/03\\\/wholesale-whiskey-bottle-manufacturer3.png\",\"contentUrl\":\"https:\\\/\\\/glassbottlewholesale.com\\\/wp-content\\\/uploads\\\/2024\\\/03\\\/wholesale-whiskey-bottle-manufacturer3.png\",\"width\":800,\"height\":800,\"caption\":\"china transparent whiskey bottle\"},{\"@type\":\"BreadcrumbList\",\"@id\":\"https:\\\/\\\/ruishengglassco.com\\\/product\\\/rs153-china-transparent-whiskey-bottle-production#breadcrumb\",\"itemListElement\":[{\"@type\":\"ListItem\",\"position\":1,\"name\":\"Home\",\"item\":\"https:\\\/\\\/glassbottlewholesale.com\\\/\"},{\"@type\":\"ListItem\",\"position\":2,\"name\":\"Products\",\"item\":\"https:\\\/\\\/glassbottlewholesale.com\\\/shop\\\/\"},{\"@type\":\"ListItem\",\"position\":3,\"name\":\"RS153 China Transparent Whiskey Bottle Production\"}]},{\"@type\":\"WebSite\",\"@id\":\"https:\\\/\\\/glassbottlewholesale.com\\\/#website\",\"url\":\"https:\\\/\\\/glassbottlewholesale.com\\\/\",\"name\":\"Glass Bottle Wholesale\",\"description\":\"\",\"publisher\":{\"@id\":\"https:\\\/\\\/glassbottlewholesale.com\\\/#organization\"},\"potentialAction\":[{\"@type\":\"SearchAction\",\"target\":{\"@type\":\"EntryPoint\",\"urlTemplate\":\"https:\\\/\\\/glassbottlewholesale.com\\\/?s={search_term_string}\"},\"query-input\":{\"@type\":\"PropertyValueSpecification\",\"valueRequired\":true,\"valueName\":\"search_term_string\"}}],\"inLanguage\":\"it-IT\"},{\"@type\":\"Organization\",\"@id\":\"https:\\\/\\\/glassbottlewholesale.com\\\/#organization\",\"name\":\"Glass Bottle Wholesale\",\"url\":\"https:\\\/\\\/glassbottlewholesale.com\\\/\",\"logo\":{\"@type\":\"ImageObject\",\"inLanguage\":\"it-IT\",\"@id\":\"https:\\\/\\\/glassbottlewholesale.com\\\/#\\\/schema\\\/logo\\\/image\\\/\",\"url\":\"https:\\\/\\\/glassbottlewholesale.com\\\/wp-content\\\/uploads\\\/2023\\\/12\\\/ruisheng-logo.webp\",\"contentUrl\":\"https:\\\/\\\/glassbottlewholesale.com\\\/wp-content\\\/uploads\\\/2023\\\/12\\\/ruisheng-logo.webp\",\"width\":400,\"height\":233,\"caption\":\"Glass Bottle Wholesale\"},\"image\":{\"@id\":\"https:\\\/\\\/glassbottlewholesale.com\\\/#\\\/schema\\\/logo\\\/image\\\/\"}}]}<\/script>\n<!-- \/ Yoast SEO plugin. -->","yoast_head_json":{"title":"RS153 China Transparent Whiskey Bottle Production - Glass Bottle Wholesale","robots":{"index":"index","follow":"follow","max-snippet":"max-snippet:-1","max-image-preview":"max-image-preview:large","max-video-preview":"max-video-preview:-1"},"canonical":"https:\/\/ruishengglassco.com\/product\/rs153-china-transparent-whiskey-bottle-production","og_locale":"it_IT","og_type":"article","og_title":"RS153 China Transparent Whiskey Bottle Production - Glass Bottle Wholesale","og_description":"Specifications Surface Handling: Inside Engraving Industrial Use: Beverage Sealing Type: SCREW CAP\/Cork Place of Origin: Shandong, China Base Material: Super flint glass Body Material: Super flint glass Model Number: RS-160 Brand Name: RUISHENG Usage: Alcohol\/liquor\/spirits\/vodka\/whisky\/brandy\/rum\/gin Packing: Custom Packing Acceptable Capacity: 200ml\/300ml\/500ml\/700\/750ml\/1000ml Shape: Customized Shape Logo: Acceptable Customer&#8217;s Logo Service: OEM \/ODM Sample: Provided Freely Logo&hellip;","og_url":"https:\/\/ruishengglassco.com\/product\/rs153-china-transparent-whiskey-bottle-production","og_site_name":"Glass Bottle Wholesale","article_modified_time":"2025-06-12T01:27:09+00:00","og_image":[{"width":800,"height":800,"url":"https:\/\/glassbottlewholesale.com\/wp-content\/uploads\/2024\/03\/wholesale-whiskey-bottle-manufacturer3.png","type":"image\/png"}],"twitter_card":"summary_large_image","twitter_misc":{"Tempo di lettura stimato":"2 minuti"},"schema":{"@context":"https:\/\/schema.org","@graph":[{"@type":"WebPage","@id":"https:\/\/glassbottlewholesale.com\/rs153-china-transparent-whiskey-bottle-production\/","url":"https:\/\/ruishengglassco.com\/product\/rs153-china-transparent-whiskey-bottle-production","name":"RS153 China Transparent Whiskey Bottle Production - Glass Bottle Wholesale","isPartOf":{"@id":"https:\/\/glassbottlewholesale.com\/#website"},"primaryImageOfPage":{"@id":"https:\/\/ruishengglassco.com\/product\/rs153-china-transparent-whiskey-bottle-production#primaryimage"},"image":{"@id":"https:\/\/ruishengglassco.com\/product\/rs153-china-transparent-whiskey-bottle-production#primaryimage"},"thumbnailUrl":"https:\/\/glassbottlewholesale.com\/wp-content\/uploads\/2024\/03\/wholesale-whiskey-bottle-manufacturer3.png","datePublished":"2024-03-12T08:42:07+00:00","dateModified":"2025-06-12T01:27:09+00:00","breadcrumb":{"@id":"https:\/\/ruishengglassco.com\/product\/rs153-china-transparent-whiskey-bottle-production#breadcrumb"},"inLanguage":"it-IT","potentialAction":[{"@type":"ReadAction","target":["https:\/\/ruishengglassco.com\/product\/rs153-china-transparent-whiskey-bottle-production"]}]},{"@type":"ImageObject","inLanguage":"it-IT","@id":"https:\/\/ruishengglassco.com\/product\/rs153-china-transparent-whiskey-bottle-production#primaryimage","url":"https:\/\/glassbottlewholesale.com\/wp-content\/uploads\/2024\/03\/wholesale-whiskey-bottle-manufacturer3.png","contentUrl":"https:\/\/glassbottlewholesale.com\/wp-content\/uploads\/2024\/03\/wholesale-whiskey-bottle-manufacturer3.png","width":800,"height":800,"caption":"china transparent whiskey bottle"},{"@type":"BreadcrumbList","@id":"https:\/\/ruishengglassco.com\/product\/rs153-china-transparent-whiskey-bottle-production#breadcrumb","itemListElement":[{"@type":"ListItem","position":1,"name":"Home","item":"https:\/\/glassbottlewholesale.com\/"},{"@type":"ListItem","position":2,"name":"Products","item":"https:\/\/glassbottlewholesale.com\/shop\/"},{"@type":"ListItem","position":3,"name":"RS153 China Transparent Whiskey Bottle Production"}]},{"@type":"WebSite","@id":"https:\/\/glassbottlewholesale.com\/#website","url":"https:\/\/glassbottlewholesale.com\/","name":"Glass Bottle Wholesale","description":"","publisher":{"@id":"https:\/\/glassbottlewholesale.com\/#organization"},"potentialAction":[{"@type":"SearchAction","target":{"@type":"EntryPoint","urlTemplate":"https:\/\/glassbottlewholesale.com\/?s={search_term_string}"},"query-input":{"@type":"PropertyValueSpecification","valueRequired":true,"valueName":"search_term_string"}}],"inLanguage":"it-IT"},{"@type":"Organization","@id":"https:\/\/glassbottlewholesale.com\/#organization","name":"Glass Bottle Wholesale","url":"https:\/\/glassbottlewholesale.com\/","logo":{"@type":"ImageObject","inLanguage":"it-IT","@id":"https:\/\/glassbottlewholesale.com\/#\/schema\/logo\/image\/","url":"https:\/\/glassbottlewholesale.com\/wp-content\/uploads\/2023\/12\/ruisheng-logo.webp","contentUrl":"https:\/\/glassbottlewholesale.com\/wp-content\/uploads\/2023\/12\/ruisheng-logo.webp","width":400,"height":233,"caption":"Glass Bottle Wholesale"},"image":{"@id":"https:\/\/glassbottlewholesale.com\/#\/schema\/logo\/image\/"}}]}},"_links":{"self":[{"href":"https:\/\/glassbottlewholesale.com\/it\/wp-json\/wp\/v2\/product\/4582","targetHints":{"allow":["GET"]}}],"collection":[{"href":"https:\/\/glassbottlewholesale.com\/it\/wp-json\/wp\/v2\/product"}],"about":[{"href":"https:\/\/glassbottlewholesale.com\/it\/wp-json\/wp\/v2\/types\/product"}],"replies":[{"embeddable":true,"href":"https:\/\/glassbottlewholesale.com\/it\/wp-json\/wp\/v2\/comments?post=4582"}],"wp:featuredmedia":[{"embeddable":true,"href":"https:\/\/glassbottlewholesale.com\/it\/wp-json\/wp\/v2\/media\/4571"}],"wp:attachment":[{"href":"https:\/\/glassbottlewholesale.com\/it\/wp-json\/wp\/v2\/media?parent=4582"}],"wp:term":[{"taxonomy":"product_brand","embeddable":true,"href":"https:\/\/glassbottlewholesale.com\/it\/wp-json\/wp\/v2\/product_brand?post=4582"},{"taxonomy":"product_cat","embeddable":true,"href":"https:\/\/glassbottlewholesale.com\/it\/wp-json\/wp\/v2\/product_cat?post=4582"},{"taxonomy":"product_tag","embeddable":true,"href":"https:\/\/glassbottlewholesale.com\/it\/wp-json\/wp\/v2\/product_tag?post=4582"}],"curies":[{"name":"wp","href":"https:\/\/api.w.org\/{rel}","templated":true}]}}