{"id":4591,"date":"2024-03-12T09:06:20","date_gmt":"2024-03-12T09:06:20","guid":{"rendered":"https:\/\/glassbottlewholesale.com\/?post_type=product&#038;p=4591"},"modified":"2025-03-20T08:43:18","modified_gmt":"2025-03-20T08:43:18","slug":"fabbrica-di-bottiglie-di-whisky-di-lusso-della-porcellana-rs160","status":"publish","type":"product","link":"https:\/\/glassbottlewholesale.com\/it\/fabbrica-di-bottiglie-di-whisky-di-lusso-della-porcellana-rs160\/","title":{"rendered":"RS160 Fabbrica cinese di bottiglie di whisky di lusso"},"content":{"rendered":"<div class=\"wpb-content-wrapper\"><h2 data-spm-anchor-id=\"a2700.details.0.i82.67a53c122iOfKz\">Dettagli di RS160 Cina bottiglia di whisky di lusso<\/h2>\n<p>Acquista una bottiglia di whisky di lusso cinese di alta qualit\u00e0 da Shandong Ruisheng Glass, una delle principali fabbriche di bottiglie di whisky di lusso. Progettata per marchi di whisky, distillerie, fornitori di bottiglie di vetro, grossisti, commercianti di liquori e distributori, ogni bottiglia racchiude il ricco patrimonio della produzione di whisky con un tocco moderno.<\/p>\n<p>Le nostre bottiglie di whisky di lusso all'ingrosso sono meticolosamente realizzate in vetro super flint di alta qualit\u00e0, che offre una chiarezza e una brillantezza senza pari. Il robusto spessore del vetro garantisce la durata nel tempo, mentre gli intricati dettagli del design aggiungono un livello di raffinatezza e fascino ineguagliabile. La silhouette elegante e i contorni raffinati della bottiglia sono completati da un tappo dal design personalizzato, che sigilla l'essenza del vostro whisky con eleganza.<\/p>\n<p>Sia che si tratti di un marchio che desidera presentare il proprio whisky di qualit\u00e0 superiore in un contenitore degno di nota, sia che si tratti di un appassionato che desidera aggiungere un tocco di lusso alla propria collezione, la nostra bottiglia di whisky di lusso Premium China \u00e8 un simbolo di qualit\u00e0 e prestigio. L'impegno della nostra fabbrica per l'eccellenza e l'innovazione si riflette in ogni bottiglia, rendendola non solo un contenitore, ma un'opera d'arte che migliora l'esperienza del bere whisky.<\/p>\n<p>Scegliete la nostra bottiglia di whisky di lusso Premium China Whiskey Bottle Wholesale per il vostro spirito e lasciate che parli della raffinatezza e della qualit\u00e0 che rappresentate. Non si tratta di una semplice bottiglia, ma di una dichiarazione di lusso ed esclusivit\u00e0.<\/p>\n<h4 data-spm-anchor-id=\"a2700.details.0.i82.67a53c122iOfKz\">Specifiche della bottiglia di whisky di lusso RS160<\/h4>\n<div class=\"attribute-list\">\n<div class=\"attribute-item\">\n<ul>\n<li class=\"left\">Movimentazione della superficie: <span style=\"color: var(--wpex-text-2);\">Incisione interna<\/span><\/li>\n<li class=\"left\">Uso industriale: <span style=\"color: var(--wpex-text-2);\">Bevanda<\/span><\/li>\n<li class=\"left\">Tipo di tenuta: <span style=\"color: var(--wpex-text-2);\">TAPPO A VITE\/Sughero<\/span><\/li>\n<li class=\"left\">Luogo d&#039;origine: <span style=\"color: var(--wpex-text-2);\">Shandong, Cina<\/span><\/li>\n<li class=\"left\">Materiale di base: S<span style=\"color: var(--wpex-text-2);\">vetro selce superiore<\/span><\/li>\n<li class=\"left\">Materiale corporeo: <span style=\"color: var(--wpex-text-2);\">Vetro super flint<\/span><\/li>\n<li class=\"left\">Numero di modello: <span style=\"color: var(--wpex-text-2);\">RS-160<\/span><\/li>\n<li class=\"left\">Marchio: <span style=\"color: var(--wpex-text-2);\">RUISHENG<\/span><\/li>\n<li class=\"left\">Utilizzo: <span style=\"color: var(--wpex-text-2);\">Alcool\/liquori\/superalcolici\/vodka\/whisky\/brandy\/rum\/gin<\/span><\/li>\n<li class=\"left\">Imballaggio: <span style=\"color: var(--wpex-text-2);\">Imballaggio personalizzato accettabile<\/span><\/li>\n<li class=\"left\">Capacit\u00e0: <span style=\"color: var(--wpex-text-2);\">200ml\/300ml\/500ml\/700\/750ml\/1000ml<\/span><\/li>\n<li class=\"left\">Forma: <span style=\"color: var(--wpex-text-2);\">Forma personalizzata<\/span><\/li>\n<li class=\"left\">Logo: <span style=\"color: var(--wpex-text-2);\">Logo del cliente accettabile<\/span><\/li>\n<li class=\"left\">Servizio: <span style=\"color: var(--wpex-text-2);\">OEM\/ODM<\/span><\/li>\n<li class=\"left\">Campione: <span style=\"color: var(--wpex-text-2);\">Fornito gratuitamente<\/span><\/li>\n<li class=\"left\">Stampa del logo: <span style=\"color: var(--wpex-text-2);\">Accetta la stampa del logo del cliente<\/span><\/li>\n<li class=\"left\">Tempi di consegna: <span style=\"color: var(--wpex-text-2);\">30-45 giorni<\/span><\/li>\n<li class=\"left\">Confezione: <span style=\"font-family: var(--wpex-heading-font-family); font-style: var(--wpex-heading-font-style); letter-spacing: var(--wpex-heading-letter-spacing); text-transform: var(--wpex-heading-text-transform); color: var(--wpex-text-2);\" data-spm-anchor-id=\"a2700.details.0.i77.67a53c122iOfKz\">Scatola standard dell&#039;esportazione\/<\/span><span style=\"color: var(--wpex-text-2);\">Pallet\/<\/span><span style=\"color: var(--wpex-text-2);\">Imballaggio personalizzato<\/span><\/li>\n<li class=\"left\">Porta: <span style=\"color: var(--wpex-text-2);\">Qingdao<\/span><\/li>\n<\/ul>\n<\/div>\n<\/div>\n<div class=\"attribute-list\">\n<div class=\"attribute-item\">\n<div class=\"right\">\n<div class=\"vc_row wpb_row vc_row-fluid\"><div class=\"wpb_column vc_column_container vc_col-sm-6\"><div class=\"vc_column-inner\"><div class=\"wpb_wrapper\">\n\t<div  class=\"wpb_single_image wpb_content_element vc_align_ wpb_content_element\">\n\t\t\n\t\t<figure class=\"wpb_wrapper vc_figure\">\n\t\t\t<div class=\"vc_single_image-wrapper   vc_box_border_grey\"><img width=\"741\" height=\"417\" src=\"https:\/\/glassbottlewholesale.com\/wp-content\/uploads\/2021\/07\/ruisheng-glass-bottle-1.jpeg\" class=\"vc_single_image-img attachment-full\" alt=\"bottiglia di vetro ruisheng\" title=\"bottiglia di vetro ruisheng (1)\" srcset=\"https:\/\/glassbottlewholesale.com\/wp-content\/uploads\/2021\/07\/ruisheng-glass-bottle-1.jpeg 741w, https:\/\/glassbottlewholesale.com\/wp-content\/uploads\/2021\/07\/ruisheng-glass-bottle-1-300x169.jpeg 300w, https:\/\/glassbottlewholesale.com\/wp-content\/uploads\/2021\/07\/ruisheng-glass-bottle-1-600x338.jpeg 600w\" sizes=\"(max-width: 741px) 100vw, 741px\" \/><\/div>\n\t\t<\/figure>\n\t<\/div>\n<\/div><\/div><\/div><div class=\"wpb_column vc_column_container vc_col-sm-6\"><div class=\"vc_column-inner\"><div class=\"wpb_wrapper\"><h2 class=\"vcex-heading vcex-heading-plain vcex-module wpex-heading wpex-text-2xl\"><span class=\"vcex-heading-inner wpex-inline-block\">Fabbrica di vetro Ruisheng nello Shandong, Cina<\/span><\/h2><div class=\"vc_separator wpb_content_element vc_separator_align_center vc_sep_width_30 vc_sep_border_width_2 vc_sep_pos_align_left vc_separator_no_text vc_custom_1626068292507 wpb_content_element  vc_custom_1626068292507 wpb_content_element\" ><span class=\"vc_sep_holder vc_sep_holder_l\"><span style=\"border-color:#c6b20a;\" class=\"vc_sep_line\"><\/span><\/span><span class=\"vc_sep_holder vc_sep_holder_r\"><span style=\"border-color:#c6b20a;\" class=\"vc_sep_line\"><\/span><\/span>\n<\/div><div class=\"vcex-spacing wpex-w-100 wpex-clear\" style=\"height:20px;\"><\/div>\n\t<div class=\"wpb_text_column wpb_content_element\" >\n\t\t<div class=\"wpb_wrapper\">\n\t\t\t<p>Dal 2009, il nostro moderno impianto di produzione di bottiglie di vetro e il nostro centro di ricerca e sviluppo ben attrezzato operano su un&#039;area di 5.000.000 di piedi quadrati. La fabbrica si concentra sulla produzione di bottiglie di vetro di alta qualit\u00e0 per liquori, liquori, whisky, vodka, brandy e altre bevande alcoliche.<\/p>\n\n\t\t<\/div>\n\t<\/div>\n<\/div><\/div><\/div><\/div><div class=\"vc_row wpb_row vc_row-fluid\"><div class=\"wpb_column vc_column_container vc_col-sm-12\"><div class=\"vc_column-inner\"><div class=\"wpb_wrapper\">\n\t<div class=\"wpb_text_column wpb_content_element\" >\n\t\t<div class=\"wpb_wrapper\">\n\t\t\t<h3>Piena capacit\u00e0 della nostra fabbrica di produzione di bottiglie di vetro per liquori:<\/h3>\n\n\t\t<\/div>\n\t<\/div>\n<div class=\"vcex-spacing wpex-w-100 wpex-clear\" style=\"height:20px;\"><\/div><div class=\"vc_row wpb_row vc_inner vc_row-fluid\"><div class=\"wpb_column vc_column_container vc_col-sm-3\"><div class=\"vc_column-inner\"><div class=\"wpb_wrapper\"><style>.vcex-heading.vcex_69f4d4d111cfe{color:#c6b20a;font-size:50px;font-weight:900;text-transform:capitalize;}<\/style><h2 class=\"vcex-heading vcex-heading-plain vcex-module wpex-heading wpex-text-2xl wpex-text-center vcex_69f4d4d111cfe\"><span class=\"vcex-heading-inner wpex-inline-block\">12<\/span><\/h2>\n\t<div class=\"wpb_text_column wpb_content_element\" >\n\t\t<div class=\"wpb_wrapper\">\n\t\t\t<p style=\"text-align: center;\"><strong>-Linea di produzione-<\/strong><\/p>\n\n\t\t<\/div>\n\t<\/div>\n\n\t<div class=\"wpb_text_column wpb_content_element\" >\n\t\t<div class=\"wpb_wrapper\">\n\t\t\t<p>Linea di produzione semiautomatica di bottiglie di vetro ad alta efficienza. Pu\u00f2 produrre bottiglie di vetro con diversi processi di trattamento contemporaneamente.<\/p>\n\n\t\t<\/div>\n\t<\/div>\n<\/div><\/div><\/div><div class=\"wpb_column vc_column_container vc_col-sm-3\"><div class=\"vc_column-inner\"><div class=\"wpb_wrapper\"><style>.vcex-heading.vcex_69f4d4d1124f1{color:#c6b20a;font-size:50px;font-weight:900;text-transform:capitalize;}<\/style><h2 class=\"vcex-heading vcex-heading-plain vcex-module wpex-heading wpex-text-2xl wpex-text-center vcex_69f4d4d1124f1\"><span class=\"vcex-heading-inner wpex-inline-block\">500+<\/span><\/h2>\n\t<div class=\"wpb_text_column wpb_content_element\" >\n\t\t<div class=\"wpb_wrapper\">\n\t\t\t<p style=\"text-align: center;\"><strong>-Roba di lavoro-<\/strong><\/p>\n\n\t\t<\/div>\n\t<\/div>\n\n\t<div class=\"wpb_text_column wpb_content_element\" >\n\t\t<div class=\"wpb_wrapper\">\n\t\t\t<p style=\"text-align: center;\">La nostra azienda ha pi\u00f9 di 500 dipendenti, tra cui 15 designer industriali, 35 ispettori della qualit\u00e0 del prodotto e altri addetti alla produzione, personale di vendita e marketing, ecc.<\/p>\n\n\t\t<\/div>\n\t<\/div>\n<\/div><\/div><\/div><div class=\"wpb_column vc_column_container vc_col-sm-3\"><div class=\"vc_column-inner\"><div class=\"wpb_wrapper\"><style>.vcex-heading.vcex_69f4d4d112c4e{color:#c6b20a;font-size:50px;font-weight:900;text-transform:capitalize;}<\/style><h2 class=\"vcex-heading vcex-heading-plain vcex-module wpex-heading wpex-text-2xl wpex-text-center vcex_69f4d4d112c4e\"><span class=\"vcex-heading-inner wpex-inline-block\">8000+<\/span><\/h2>\n\t<div class=\"wpb_text_column wpb_content_element\" >\n\t\t<div class=\"wpb_wrapper\">\n\t\t\t<p style=\"text-align: center;\"><strong>-Stampo di progettazione-<\/strong><\/p>\n\n\t\t<\/div>\n\t<\/div>\n\n\t<div class=\"wpb_text_column wpb_content_element\" >\n\t\t<div class=\"wpb_wrapper\">\n\t\t\t<p style=\"text-align: center;\">il vantaggio principale di immagazzinare internamente un&#039;enorme quantit\u00e0 di stampi \u00e8 la flessibilit\u00e0. Difficilmente una fabbrica pu\u00f2 soddisfare tutte le vostre esigenze.<\/p>\n\n\t\t<\/div>\n\t<\/div>\n<\/div><\/div><\/div><div class=\"wpb_column vc_column_container vc_col-sm-3\"><div class=\"vc_column-inner\"><div class=\"wpb_wrapper\"><style>.vcex-heading.vcex_69f4d4d113397{color:#c6b20a;font-size:50px;font-weight:900;text-transform:capitalize;}<\/style><h2 class=\"vcex-heading vcex-heading-plain vcex-module wpex-heading wpex-text-2xl wpex-text-center vcex_69f4d4d113397\"><span class=\"vcex-heading-inner wpex-inline-block\">120,000+<\/span><\/h2>\n\t<div class=\"wpb_text_column wpb_content_element\" >\n\t\t<div class=\"wpb_wrapper\">\n\t\t\t<p style=\"text-align: center;\"><strong>-Uscita giornaliera-<\/strong><\/p>\n\n\t\t<\/div>\n\t<\/div>\n\n\t<div class=\"wpb_text_column wpb_content_element\" >\n\t\t<div class=\"wpb_wrapper\">\n\t\t\t<p style=\"text-align: center;\">Reagire rapidamente al mercato. La nostra produzione in serie consente alle aziende di passare attraverso le fasi di produzione in modo rapido e semplice.<\/p>\n\n\t\t<\/div>\n\t<\/div>\n<\/div><\/div><\/div><\/div><\/div><\/div><\/div><\/div><div class=\"vc_row wpb_row vc_row-fluid\"><div class=\"wpb_column vc_column_container vc_col-sm-12\"><div class=\"vc_column-inner\"><div class=\"wpb_wrapper\"><h2 class=\"vcex-heading vcex-heading-plain vcex-module wpex-heading wpex-text-2xl\"><span class=\"vcex-heading-inner wpex-inline-block\">Come ordinare il vetro Ruisheng<\/span><\/h2><div class=\"vcex-spacing wpex-w-100 wpex-clear\" style=\"height:20px;\"><\/div>\n\t<div  class=\"wpb_single_image wpb_content_element vc_align_center wpb_content_element\">\n\t\t\n\t\t<figure class=\"wpb_wrapper vc_figure\">\n\t\t\t<div class=\"vc_single_image-wrapper   vc_box_border_grey\"><img width=\"564\" height=\"795\" src=\"https:\/\/glassbottlewholesale.com\/wp-content\/uploads\/2021\/07\/WX20210712-153708.png\" class=\"vc_single_image-img attachment-full\" alt=\"Come ordinare una bottiglia di vetro da Ruisheng\" title=\"Come ordinare una bottiglia di vetro da Ruisheng\" srcset=\"https:\/\/glassbottlewholesale.com\/wp-content\/uploads\/2021\/07\/WX20210712-153708.png 564w, https:\/\/glassbottlewholesale.com\/wp-content\/uploads\/2021\/07\/WX20210712-153708-213x300.png 213w\" sizes=\"(max-width: 564px) 100vw, 564px\" \/><\/div>\n\t\t<\/figure>\n\t<\/div>\n<\/div><\/div><\/div><\/div>\n<p>&nbsp;<\/p>\n<\/div>\n<\/div>\n<\/div>\n<\/div>","protected":false},"excerpt":{"rendered":"<p>Shandong Yuncheng Ruisheng Glass Co., Ltd, una fabbrica di bottiglie di whisky di lusso in Cina dal 2009, fornisce un servizio di produzione di bottiglie di whisky di lusso per marchi di whisky, distillerie, fornitori di bottiglie di vetro, grossisti, commercianti di liquori e distributori, ecc.<\/p>\n<table class=\"aliDataTable\">\n<tbody>\n<tr align=\"left\">\n<td valign=\"center\">Prodotti<\/td>\n<td valign=\"center\">RS160 Cina Bottiglia di lusso per whisky<\/td>\n<\/tr>\n<tr align=\"left\">\n<td valign=\"center\">Marchio<\/td>\n<td valign=\"center\">RUISHENG<\/td>\n<\/tr>\n<tr align=\"left\">\n<td valign=\"center\">Materiale<\/td>\n<td valign=\"center\">Materiale bianco cristallino, materiale estremamente bianco<\/td>\n<\/tr>\n<tr align=\"left\">\n<td valign=\"center\">Tappi per bottiglie<\/td>\n<td valign=\"center\">Sughero: Sughero sintetico, Sughero polimerico, Sughero di legno, Sughero naturale<\/p>\n<p>Cappuccio in metallo: Tappo a vite in alluminio, tappo in ossido di alluminio<\/p>\n<p>Tappo in plastica: Tappi antimanomissione<\/td>\n<\/tr>\n<tr align=\"left\">\n<td valign=\"center\">Specifiche<\/td>\n<td valign=\"center\">500ml\/650ml\/700ml\/750ml\/800ml\/Custom<\/td>\n<\/tr>\n<tr align=\"left\">\n<td valign=\"center\">Caratteristica<\/td>\n<td valign=\"center\">Alta qualit\u00e0, pi\u00f9 trasparente, infrangibile, riciclabile<\/td>\n<\/tr>\n<tr align=\"left\">\n<td valign=\"center\">Campione<\/td>\n<td valign=\"center\">Gratuito se si utilizza lo stampo esistente.<\/td>\n<\/tr>\n<tr align=\"left\">\n<td valign=\"center\">Standard<\/td>\n<td valign=\"center\">ISO9001: 2008, ISO14001: 2004, SGS, TUV ed altro che volete<\/td>\n<\/tr>\n<tr align=\"left\">\n<td valign=\"center\">Metodo di imballaggio<\/td>\n<td valign=\"center\">Imballaggio standard per l'esportazione o imballaggio personalizzato<\/td>\n<\/tr>\n<tr align=\"left\">\n<td valign=\"center\">Termine di pagamento<\/td>\n<td valign=\"center\">T\/T, L\/C, Western Union, Paypal.<\/td>\n<\/tr>\n<tr align=\"left\">\n<td valign=\"center\">Tempi di consegna<\/td>\n<td valign=\"center\">\n<p data-spm-anchor-id=\"a2700.details.0.i63.67a5f0eb03DAos\">Entro 20-30 giorni in base alle dimensioni e alla quantit\u00e0 richieste.<\/p>\n<\/td>\n<\/tr>\n<\/tbody>\n<\/table>","protected":false},"featured_media":4590,"comment_status":"open","ping_status":"closed","template":"","meta":[],"product_brand":[],"product_cat":[68],"product_tag":[],"class_list":{"0":"post-4591","1":"product","2":"type-product","3":"status-publish","4":"has-post-thumbnail","6":"product_cat-whiskey-bottle","7":"entry","8":"has-media","10":"first","11":"instock","12":"shipping-taxable","13":"product-type-simple"},"yoast_head":"<!-- This site is optimized with the Yoast SEO plugin v27.3 - https:\/\/yoast.com\/product\/yoast-seo-wordpress\/ -->\n<title>Premium China Luxury Whiskey Bottle Factory-Ruisheng Glass<\/title>\n<meta name=\"description\" content=\"Discover the epitome of elegance with our Premium China Luxury Whiskey Bottles, crafted by the leading Luxury Whiskey Bottle Factory.\" \/>\n<meta name=\"robots\" content=\"index, follow, max-snippet:-1, max-image-preview:large, max-video-preview:-1\" \/>\n<link rel=\"canonical\" href=\"https:\/\/ruishengglassco.com\/product\/rs160-china-luxury-whiskey-bottle-factory\" \/>\n<meta property=\"og:locale\" content=\"it_IT\" \/>\n<meta property=\"og:type\" content=\"article\" \/>\n<meta property=\"og:title\" content=\"Premium China Luxury Whiskey Bottle Factory-Ruisheng Glass\" \/>\n<meta property=\"og:description\" content=\"Discover the epitome of elegance with our Premium China Luxury Whiskey Bottles, crafted by the leading Luxury Whiskey Bottle Factory.\" \/>\n<meta property=\"og:url\" content=\"https:\/\/ruishengglassco.com\/product\/rs160-china-luxury-whiskey-bottle-factory\" \/>\n<meta property=\"og:site_name\" content=\"Glass Bottle Wholesale\" \/>\n<meta property=\"article:modified_time\" content=\"2025-03-20T08:43:18+00:00\" \/>\n<meta property=\"og:image\" content=\"https:\/\/glassbottlewholesale.com\/wp-content\/uploads\/2024\/03\/wholesale-whiskey-bottle-manufacturer13-1.png\" \/>\n\t<meta property=\"og:image:width\" content=\"800\" \/>\n\t<meta property=\"og:image:height\" content=\"800\" \/>\n\t<meta property=\"og:image:type\" content=\"image\/png\" \/>\n<meta name=\"twitter:card\" content=\"summary_large_image\" \/>\n<meta name=\"twitter:label1\" content=\"Tempo di lettura stimato\" \/>\n\t<meta name=\"twitter:data1\" content=\"3 minuti\" \/>\n<script type=\"application\/ld+json\" class=\"yoast-schema-graph\">{\"@context\":\"https:\\\/\\\/schema.org\",\"@graph\":[{\"@type\":\"WebPage\",\"@id\":\"https:\\\/\\\/glassbottlewholesale.com\\\/rs160-china-luxury-whiskey-bottle-factory\\\/\",\"url\":\"https:\\\/\\\/ruishengglassco.com\\\/product\\\/rs160-china-luxury-whiskey-bottle-factory\",\"name\":\"Premium China Luxury Whiskey Bottle Factory-Ruisheng Glass\",\"isPartOf\":{\"@id\":\"https:\\\/\\\/glassbottlewholesale.com\\\/#website\"},\"primaryImageOfPage\":{\"@id\":\"https:\\\/\\\/ruishengglassco.com\\\/product\\\/rs160-china-luxury-whiskey-bottle-factory#primaryimage\"},\"image\":{\"@id\":\"https:\\\/\\\/ruishengglassco.com\\\/product\\\/rs160-china-luxury-whiskey-bottle-factory#primaryimage\"},\"thumbnailUrl\":\"https:\\\/\\\/glassbottlewholesale.com\\\/wp-content\\\/uploads\\\/2024\\\/03\\\/wholesale-whiskey-bottle-manufacturer13-1.png\",\"datePublished\":\"2024-03-12T09:06:20+00:00\",\"dateModified\":\"2025-03-20T08:43:18+00:00\",\"description\":\"Discover the epitome of elegance with our Premium China Luxury Whiskey Bottles, crafted by the leading Luxury Whiskey Bottle Factory.\",\"breadcrumb\":{\"@id\":\"https:\\\/\\\/ruishengglassco.com\\\/product\\\/rs160-china-luxury-whiskey-bottle-factory#breadcrumb\"},\"inLanguage\":\"it-IT\",\"potentialAction\":[{\"@type\":\"ReadAction\",\"target\":[\"https:\\\/\\\/ruishengglassco.com\\\/product\\\/rs160-china-luxury-whiskey-bottle-factory\"]}]},{\"@type\":\"ImageObject\",\"inLanguage\":\"it-IT\",\"@id\":\"https:\\\/\\\/ruishengglassco.com\\\/product\\\/rs160-china-luxury-whiskey-bottle-factory#primaryimage\",\"url\":\"https:\\\/\\\/glassbottlewholesale.com\\\/wp-content\\\/uploads\\\/2024\\\/03\\\/wholesale-whiskey-bottle-manufacturer13-1.png\",\"contentUrl\":\"https:\\\/\\\/glassbottlewholesale.com\\\/wp-content\\\/uploads\\\/2024\\\/03\\\/wholesale-whiskey-bottle-manufacturer13-1.png\",\"width\":800,\"height\":800,\"caption\":\"China luxury whiskey bottle factory\"},{\"@type\":\"BreadcrumbList\",\"@id\":\"https:\\\/\\\/ruishengglassco.com\\\/product\\\/rs160-china-luxury-whiskey-bottle-factory#breadcrumb\",\"itemListElement\":[{\"@type\":\"ListItem\",\"position\":1,\"name\":\"Home\",\"item\":\"https:\\\/\\\/glassbottlewholesale.com\\\/\"},{\"@type\":\"ListItem\",\"position\":2,\"name\":\"Products\",\"item\":\"https:\\\/\\\/glassbottlewholesale.com\\\/shop\\\/\"},{\"@type\":\"ListItem\",\"position\":3,\"name\":\"RS160 China Luxury Whiskey Bottle Factory\"}]},{\"@type\":\"WebSite\",\"@id\":\"https:\\\/\\\/glassbottlewholesale.com\\\/#website\",\"url\":\"https:\\\/\\\/glassbottlewholesale.com\\\/\",\"name\":\"Glass Bottle Wholesale\",\"description\":\"\",\"publisher\":{\"@id\":\"https:\\\/\\\/glassbottlewholesale.com\\\/#organization\"},\"potentialAction\":[{\"@type\":\"SearchAction\",\"target\":{\"@type\":\"EntryPoint\",\"urlTemplate\":\"https:\\\/\\\/glassbottlewholesale.com\\\/?s={search_term_string}\"},\"query-input\":{\"@type\":\"PropertyValueSpecification\",\"valueRequired\":true,\"valueName\":\"search_term_string\"}}],\"inLanguage\":\"it-IT\"},{\"@type\":\"Organization\",\"@id\":\"https:\\\/\\\/glassbottlewholesale.com\\\/#organization\",\"name\":\"Glass Bottle Wholesale\",\"url\":\"https:\\\/\\\/glassbottlewholesale.com\\\/\",\"logo\":{\"@type\":\"ImageObject\",\"inLanguage\":\"it-IT\",\"@id\":\"https:\\\/\\\/glassbottlewholesale.com\\\/#\\\/schema\\\/logo\\\/image\\\/\",\"url\":\"https:\\\/\\\/glassbottlewholesale.com\\\/wp-content\\\/uploads\\\/2023\\\/12\\\/ruisheng-logo.webp\",\"contentUrl\":\"https:\\\/\\\/glassbottlewholesale.com\\\/wp-content\\\/uploads\\\/2023\\\/12\\\/ruisheng-logo.webp\",\"width\":400,\"height\":233,\"caption\":\"Glass Bottle Wholesale\"},\"image\":{\"@id\":\"https:\\\/\\\/glassbottlewholesale.com\\\/#\\\/schema\\\/logo\\\/image\\\/\"}}]}<\/script>\n<!-- \/ Yoast SEO plugin. -->","yoast_head_json":{"title":"Premium China Luxury Whiskey Bottle Factory-Ruisheng Glass","description":"Discover the epitome of elegance with our Premium China Luxury Whiskey Bottles, crafted by the leading Luxury Whiskey Bottle Factory.","robots":{"index":"index","follow":"follow","max-snippet":"max-snippet:-1","max-image-preview":"max-image-preview:large","max-video-preview":"max-video-preview:-1"},"canonical":"https:\/\/ruishengglassco.com\/product\/rs160-china-luxury-whiskey-bottle-factory","og_locale":"it_IT","og_type":"article","og_title":"Premium China Luxury Whiskey Bottle Factory-Ruisheng Glass","og_description":"Discover the epitome of elegance with our Premium China Luxury Whiskey Bottles, crafted by the leading Luxury Whiskey Bottle Factory.","og_url":"https:\/\/ruishengglassco.com\/product\/rs160-china-luxury-whiskey-bottle-factory","og_site_name":"Glass Bottle Wholesale","article_modified_time":"2025-03-20T08:43:18+00:00","og_image":[{"width":800,"height":800,"url":"https:\/\/glassbottlewholesale.com\/wp-content\/uploads\/2024\/03\/wholesale-whiskey-bottle-manufacturer13-1.png","type":"image\/png"}],"twitter_card":"summary_large_image","twitter_misc":{"Tempo di lettura stimato":"3 minuti"},"schema":{"@context":"https:\/\/schema.org","@graph":[{"@type":"WebPage","@id":"https:\/\/glassbottlewholesale.com\/rs160-china-luxury-whiskey-bottle-factory\/","url":"https:\/\/ruishengglassco.com\/product\/rs160-china-luxury-whiskey-bottle-factory","name":"Premium China Luxury Whiskey Bottle Factory-Ruisheng Glass","isPartOf":{"@id":"https:\/\/glassbottlewholesale.com\/#website"},"primaryImageOfPage":{"@id":"https:\/\/ruishengglassco.com\/product\/rs160-china-luxury-whiskey-bottle-factory#primaryimage"},"image":{"@id":"https:\/\/ruishengglassco.com\/product\/rs160-china-luxury-whiskey-bottle-factory#primaryimage"},"thumbnailUrl":"https:\/\/glassbottlewholesale.com\/wp-content\/uploads\/2024\/03\/wholesale-whiskey-bottle-manufacturer13-1.png","datePublished":"2024-03-12T09:06:20+00:00","dateModified":"2025-03-20T08:43:18+00:00","description":"Discover the epitome of elegance with our Premium China Luxury Whiskey Bottles, crafted by the leading Luxury Whiskey Bottle Factory.","breadcrumb":{"@id":"https:\/\/ruishengglassco.com\/product\/rs160-china-luxury-whiskey-bottle-factory#breadcrumb"},"inLanguage":"it-IT","potentialAction":[{"@type":"ReadAction","target":["https:\/\/ruishengglassco.com\/product\/rs160-china-luxury-whiskey-bottle-factory"]}]},{"@type":"ImageObject","inLanguage":"it-IT","@id":"https:\/\/ruishengglassco.com\/product\/rs160-china-luxury-whiskey-bottle-factory#primaryimage","url":"https:\/\/glassbottlewholesale.com\/wp-content\/uploads\/2024\/03\/wholesale-whiskey-bottle-manufacturer13-1.png","contentUrl":"https:\/\/glassbottlewholesale.com\/wp-content\/uploads\/2024\/03\/wholesale-whiskey-bottle-manufacturer13-1.png","width":800,"height":800,"caption":"China luxury whiskey bottle factory"},{"@type":"BreadcrumbList","@id":"https:\/\/ruishengglassco.com\/product\/rs160-china-luxury-whiskey-bottle-factory#breadcrumb","itemListElement":[{"@type":"ListItem","position":1,"name":"Home","item":"https:\/\/glassbottlewholesale.com\/"},{"@type":"ListItem","position":2,"name":"Products","item":"https:\/\/glassbottlewholesale.com\/shop\/"},{"@type":"ListItem","position":3,"name":"RS160 China Luxury Whiskey Bottle Factory"}]},{"@type":"WebSite","@id":"https:\/\/glassbottlewholesale.com\/#website","url":"https:\/\/glassbottlewholesale.com\/","name":"Glass Bottle Wholesale","description":"","publisher":{"@id":"https:\/\/glassbottlewholesale.com\/#organization"},"potentialAction":[{"@type":"SearchAction","target":{"@type":"EntryPoint","urlTemplate":"https:\/\/glassbottlewholesale.com\/?s={search_term_string}"},"query-input":{"@type":"PropertyValueSpecification","valueRequired":true,"valueName":"search_term_string"}}],"inLanguage":"it-IT"},{"@type":"Organization","@id":"https:\/\/glassbottlewholesale.com\/#organization","name":"Glass Bottle Wholesale","url":"https:\/\/glassbottlewholesale.com\/","logo":{"@type":"ImageObject","inLanguage":"it-IT","@id":"https:\/\/glassbottlewholesale.com\/#\/schema\/logo\/image\/","url":"https:\/\/glassbottlewholesale.com\/wp-content\/uploads\/2023\/12\/ruisheng-logo.webp","contentUrl":"https:\/\/glassbottlewholesale.com\/wp-content\/uploads\/2023\/12\/ruisheng-logo.webp","width":400,"height":233,"caption":"Glass Bottle Wholesale"},"image":{"@id":"https:\/\/glassbottlewholesale.com\/#\/schema\/logo\/image\/"}}]}},"_links":{"self":[{"href":"https:\/\/glassbottlewholesale.com\/it\/wp-json\/wp\/v2\/product\/4591","targetHints":{"allow":["GET"]}}],"collection":[{"href":"https:\/\/glassbottlewholesale.com\/it\/wp-json\/wp\/v2\/product"}],"about":[{"href":"https:\/\/glassbottlewholesale.com\/it\/wp-json\/wp\/v2\/types\/product"}],"replies":[{"embeddable":true,"href":"https:\/\/glassbottlewholesale.com\/it\/wp-json\/wp\/v2\/comments?post=4591"}],"wp:featuredmedia":[{"embeddable":true,"href":"https:\/\/glassbottlewholesale.com\/it\/wp-json\/wp\/v2\/media\/4590"}],"wp:attachment":[{"href":"https:\/\/glassbottlewholesale.com\/it\/wp-json\/wp\/v2\/media?parent=4591"}],"wp:term":[{"taxonomy":"product_brand","embeddable":true,"href":"https:\/\/glassbottlewholesale.com\/it\/wp-json\/wp\/v2\/product_brand?post=4591"},{"taxonomy":"product_cat","embeddable":true,"href":"https:\/\/glassbottlewholesale.com\/it\/wp-json\/wp\/v2\/product_cat?post=4591"},{"taxonomy":"product_tag","embeddable":true,"href":"https:\/\/glassbottlewholesale.com\/it\/wp-json\/wp\/v2\/product_tag?post=4591"}],"curies":[{"name":"wp","href":"https:\/\/api.w.org\/{rel}","templated":true}]}}