{"id":476,"date":"2019-10-14T14:31:53","date_gmt":"2019-10-14T14:31:53","guid":{"rendered":"https:\/\/queenchingglass.com\/?post_type=product&#038;p=476"},"modified":"2025-07-10T00:54:26","modified_gmt":"2025-07-10T00:54:26","slug":"fornitori-di-bottiglie-di-vetro-per-liquori-personalizzate-da-50cl","status":"publish","type":"product","link":"https:\/\/glassbottlewholesale.com\/it\/fornitori-di-bottiglie-di-vetro-per-liquori-personalizzate-da-50cl\/","title":{"rendered":"RS111: Fornitori di bottiglie di vetro per liquori personalizzati da 50cl"},"content":{"rendered":"<div class=\"wpb-content-wrapper\"><div class=\"vc_row wpb_row vc_row-fluid\"><div class=\"wpb_column vc_column_container vc_col-sm-12\"><div class=\"vc_column-inner\"><div class=\"wpb_wrapper\">\n\t<div class=\"wpb_text_column wpb_content_element\" >\n\t\t<div class=\"wpb_wrapper\">\n\t\t\t<p>Ruisheng Glass Company \u00e8 uno dei fornitori di bottiglie di vetro per liquori personalizzate da 50cl. Questa azienda fornisce una variet\u00e0 di bottiglie di vetro per liquori. La maggior parte\u00a0<a href=\"https:\/\/glassbottlewholesale.com\/it\/dettagli-del-prodotto\/700ml-1000ml-glass-liquor-bottle-suppliers\/\">bottiglie di vetro per alcolici<\/a> sono disponibili in verde o trasparente (selce). Le dimensioni delle bottiglie di vetro sono disponibili da 50 ml a 3 litri. Il vetro offre un'eccellente resistenza, otto e compatibilit\u00e0 per i materiali che non possono essere conservati in contenitori di plastica. Le bottiglie di vetro sono atossiche, 100% riciclabili, riutilizzabili e sicure per il pianeta.<\/p>\n<p>Questo\u00a0<a href=\"https:\/\/ruishengglassco.com\/500ml-liquor-glass-bottle-manufacturer\">Bottiglia di vetro per liquori personalizzata da 50cl<\/a> \u00e8 realizzata con materiale di vetro ad alta resistenza. Grazie allo spessore, queste bottiglie di vetro rendono la compatibilit\u00e0 con una sensazione di maggiore qualit\u00e0. Il tipo di chiusura di queste bottiglie di vetro \u00e8 il tappo guala. Questa bottiglia di vetro ha una forma quadrata.<\/p>\n<p>La societ\u00e0 Ruisheng Glass si dedica alla produzione di bottiglie di vetro per liquori di alta qualit\u00e0. Nella nostra fabbrica sono presenti numerose forme. Come la forma rotonda, la forma oblata, la forma quadrata e altre forme personalizzate. La dimensione della nostra bottiglia di vetro \u00e8 50ml, 100ml, 125ml, 250ml, 375ml, 500ml, 700ml, 750ml, 1000ml, 3000ml e altre dimensioni personalizzate come 187ml. Tutti i nostri prodotti sono disponibili a prezzi all'ingrosso e all'ingrosso.<\/p>\n<h5>I dettagli della bottiglia di vetro per liquori personalizzata da 50cl<\/h5>\n<p>Questa bottiglia di vetro per liquori personalizzata da 50cl pesa 580 g. La bottiglia ha un fondo pesante. Il fondo ha una forma ad arco. La bottiglia assomiglia a un muro di una citt\u00e0 antica e la spalla esterna \u00e8 pi\u00f9 bassa di quella interna. Il tipo di chiusura di questa bottiglia \u00e8 il tappo guala, possiamo offrire tappi guala in plastica e tappi guala in alluminio, secondo le richieste dei clienti.<\/p>\n<p>Poich\u00e9 siamo un produttore di bottiglie di vetro e c'\u00e8 un gruppo di designer esperti, accettiamo l'ordine OEM. Potete darci il vostro campione o la vostra idea circa la bottiglia di vetro su ordinazione del liquore 50cl, noi progetterebbe e farebbe le vostre bottiglie di vetro su ordinazione. Offriamo anche servizi personalizzati one-stop.<\/p>\n\n\t\t<\/div>\n\t<\/div>\n<\/div><\/div><\/div><\/div>\n<\/div>","protected":false},"excerpt":{"rendered":"<p>Ruisheng Glass Company \u00e8 uno dei fornitori di bottiglie di vetro per liquori personalizzate da 50cl. Questa azienda fornisce una variet\u00e0 di bottiglie di vetro per liquori. La maggior parte delle bottiglie di vetro per liquori \u00e8 disponibile in verde o trasparente (selce). Le dimensioni delle bottiglie di vetro sono disponibili da 50 ml a 3 litri. Il vetro offre un'eccellente resistenza, otto e compatibilit\u00e0 per i materiali che non possono essere conservati in contenitori di plastica. Le bottiglie di vetro sono atossiche, 100% riciclabili, riutilizzabili e sicure per il pianeta.<\/p>","protected":false},"featured_media":477,"comment_status":"open","ping_status":"closed","template":"","meta":[],"product_brand":[],"product_cat":[50,63],"product_tag":[],"class_list":{"0":"post-476","1":"product","2":"type-product","3":"status-publish","4":"has-post-thumbnail","6":"product_cat-500ml-glass-bottle","7":"product_cat-liquor-bottle","8":"entry","9":"has-media","11":"first","12":"instock","13":"shipping-taxable","14":"product-type-simple"},"yoast_head":"<!-- This site is optimized with the Yoast SEO plugin v27.3 - https:\/\/yoast.com\/product\/yoast-seo-wordpress\/ -->\n<title>Custom Liquor Bottle Suppliers | Engraved Alcohol Bottles Wholesale<\/title>\n<meta name=\"description\" content=\"Custom Liquor Bottle From China Glass Bottle Manufacturer&amp;Supplier. Engraved Alcohol Bottles Wholesale With Factory Outlet Price.\" \/>\n<meta name=\"robots\" content=\"index, follow, max-snippet:-1, max-image-preview:large, max-video-preview:-1\" \/>\n<link rel=\"canonical\" href=\"https:\/\/ruishengglassco.com\/product\/rs111-50cl-custom-liquor-glass-bottle-suppliers\" \/>\n<meta property=\"og:locale\" content=\"it_IT\" \/>\n<meta property=\"og:type\" content=\"article\" \/>\n<meta property=\"og:title\" content=\"Custom Liquor Bottle Suppliers | Engraved Alcohol Bottles Wholesale\" \/>\n<meta property=\"og:description\" content=\"Custom Liquor Bottle From China Glass Bottle Manufacturer&amp;Supplier. Engraved Alcohol Bottles Wholesale With Factory Outlet Price.\" \/>\n<meta property=\"og:url\" content=\"https:\/\/ruishengglassco.com\/product\/rs111-50cl-custom-liquor-glass-bottle-suppliers\" \/>\n<meta property=\"og:site_name\" content=\"Glass Bottle Wholesale\" \/>\n<meta property=\"article:modified_time\" content=\"2025-07-10T00:54:26+00:00\" \/>\n<meta property=\"og:image\" content=\"https:\/\/glassbottlewholesale.com\/wp-content\/uploads\/2019\/10\/\u767d\u91527.jpg\" \/>\n\t<meta property=\"og:image:width\" content=\"400\" \/>\n\t<meta property=\"og:image:height\" content=\"400\" \/>\n\t<meta property=\"og:image:type\" content=\"image\/jpeg\" \/>\n<meta name=\"twitter:card\" content=\"summary_large_image\" \/>\n<meta name=\"twitter:label1\" content=\"Tempo di lettura stimato\" \/>\n\t<meta name=\"twitter:data1\" content=\"2 minuti\" \/>\n<script type=\"application\/ld+json\" class=\"yoast-schema-graph\">{\"@context\":\"https:\\\/\\\/schema.org\",\"@graph\":[{\"@type\":\"WebPage\",\"@id\":\"https:\\\/\\\/glassbottlewholesale.com\\\/50cl-custom-liquor-glass-bottle-suppliers\\\/\",\"url\":\"https:\\\/\\\/ruishengglassco.com\\\/product\\\/rs111-50cl-custom-liquor-glass-bottle-suppliers\",\"name\":\"Custom Liquor Bottle Suppliers | Engraved Alcohol Bottles Wholesale\",\"isPartOf\":{\"@id\":\"https:\\\/\\\/glassbottlewholesale.com\\\/#website\"},\"primaryImageOfPage\":{\"@id\":\"https:\\\/\\\/ruishengglassco.com\\\/product\\\/rs111-50cl-custom-liquor-glass-bottle-suppliers#primaryimage\"},\"image\":{\"@id\":\"https:\\\/\\\/ruishengglassco.com\\\/product\\\/rs111-50cl-custom-liquor-glass-bottle-suppliers#primaryimage\"},\"thumbnailUrl\":\"https:\\\/\\\/glassbottlewholesale.com\\\/wp-content\\\/uploads\\\/2019\\\/10\\\/\u767d\u91527.jpg\",\"datePublished\":\"2019-10-14T14:31:53+00:00\",\"dateModified\":\"2025-07-10T00:54:26+00:00\",\"description\":\"Custom Liquor Bottle From China Glass Bottle Manufacturer&Supplier. Engraved Alcohol Bottles Wholesale With Factory Outlet Price.\",\"breadcrumb\":{\"@id\":\"https:\\\/\\\/ruishengglassco.com\\\/product\\\/rs111-50cl-custom-liquor-glass-bottle-suppliers#breadcrumb\"},\"inLanguage\":\"it-IT\",\"potentialAction\":[{\"@type\":\"ReadAction\",\"target\":[\"https:\\\/\\\/ruishengglassco.com\\\/product\\\/rs111-50cl-custom-liquor-glass-bottle-suppliers\"]}]},{\"@type\":\"ImageObject\",\"inLanguage\":\"it-IT\",\"@id\":\"https:\\\/\\\/ruishengglassco.com\\\/product\\\/rs111-50cl-custom-liquor-glass-bottle-suppliers#primaryimage\",\"url\":\"https:\\\/\\\/glassbottlewholesale.com\\\/wp-content\\\/uploads\\\/2019\\\/10\\\/\u767d\u91527.jpg\",\"contentUrl\":\"https:\\\/\\\/glassbottlewholesale.com\\\/wp-content\\\/uploads\\\/2019\\\/10\\\/\u767d\u91527.jpg\",\"width\":400,\"height\":400,\"caption\":\"50cl Custom Liquor Glass Bottle Suppliers\"},{\"@type\":\"BreadcrumbList\",\"@id\":\"https:\\\/\\\/ruishengglassco.com\\\/product\\\/rs111-50cl-custom-liquor-glass-bottle-suppliers#breadcrumb\",\"itemListElement\":[{\"@type\":\"ListItem\",\"position\":1,\"name\":\"Home\",\"item\":\"https:\\\/\\\/glassbottlewholesale.com\\\/\"},{\"@type\":\"ListItem\",\"position\":2,\"name\":\"Products\",\"item\":\"https:\\\/\\\/glassbottlewholesale.com\\\/shop\\\/\"},{\"@type\":\"ListItem\",\"position\":3,\"name\":\"RS111: 50cl Custom Liquor Glass Bottle Suppliers\"}]},{\"@type\":\"WebSite\",\"@id\":\"https:\\\/\\\/glassbottlewholesale.com\\\/#website\",\"url\":\"https:\\\/\\\/glassbottlewholesale.com\\\/\",\"name\":\"Glass Bottle Wholesale\",\"description\":\"\",\"publisher\":{\"@id\":\"https:\\\/\\\/glassbottlewholesale.com\\\/#organization\"},\"potentialAction\":[{\"@type\":\"SearchAction\",\"target\":{\"@type\":\"EntryPoint\",\"urlTemplate\":\"https:\\\/\\\/glassbottlewholesale.com\\\/?s={search_term_string}\"},\"query-input\":{\"@type\":\"PropertyValueSpecification\",\"valueRequired\":true,\"valueName\":\"search_term_string\"}}],\"inLanguage\":\"it-IT\"},{\"@type\":\"Organization\",\"@id\":\"https:\\\/\\\/glassbottlewholesale.com\\\/#organization\",\"name\":\"Glass Bottle Wholesale\",\"url\":\"https:\\\/\\\/glassbottlewholesale.com\\\/\",\"logo\":{\"@type\":\"ImageObject\",\"inLanguage\":\"it-IT\",\"@id\":\"https:\\\/\\\/glassbottlewholesale.com\\\/#\\\/schema\\\/logo\\\/image\\\/\",\"url\":\"https:\\\/\\\/glassbottlewholesale.com\\\/wp-content\\\/uploads\\\/2023\\\/12\\\/ruisheng-logo.webp\",\"contentUrl\":\"https:\\\/\\\/glassbottlewholesale.com\\\/wp-content\\\/uploads\\\/2023\\\/12\\\/ruisheng-logo.webp\",\"width\":400,\"height\":233,\"caption\":\"Glass Bottle Wholesale\"},\"image\":{\"@id\":\"https:\\\/\\\/glassbottlewholesale.com\\\/#\\\/schema\\\/logo\\\/image\\\/\"}}]}<\/script>\n<!-- \/ Yoast SEO plugin. -->","yoast_head_json":{"title":"Fornitori di bottiglie di liquore personalizzate | Bottiglie di alcol incise all'ingrosso","description":"Bottiglia di liquore personalizzata dalla Cina bottiglia di vetro produttore e fornitore. Bottiglie di alcol incise all'ingrosso con prezzo di uscita dalla fabbrica.","robots":{"index":"index","follow":"follow","max-snippet":"max-snippet:-1","max-image-preview":"max-image-preview:large","max-video-preview":"max-video-preview:-1"},"canonical":"https:\/\/ruishengglassco.com\/product\/rs111-50cl-custom-liquor-glass-bottle-suppliers","og_locale":"it_IT","og_type":"article","og_title":"Custom Liquor Bottle Suppliers | Engraved Alcohol Bottles Wholesale","og_description":"Custom Liquor Bottle From China Glass Bottle Manufacturer&Supplier. Engraved Alcohol Bottles Wholesale With Factory Outlet Price.","og_url":"https:\/\/ruishengglassco.com\/product\/rs111-50cl-custom-liquor-glass-bottle-suppliers","og_site_name":"Glass Bottle Wholesale","article_modified_time":"2025-07-10T00:54:26+00:00","og_image":[{"width":400,"height":400,"url":"https:\/\/glassbottlewholesale.com\/wp-content\/uploads\/2019\/10\/\u767d\u91527.jpg","type":"image\/jpeg"}],"twitter_card":"summary_large_image","twitter_misc":{"Tempo di lettura stimato":"2 minuti"},"schema":{"@context":"https:\/\/schema.org","@graph":[{"@type":"WebPage","@id":"https:\/\/glassbottlewholesale.com\/50cl-custom-liquor-glass-bottle-suppliers\/","url":"https:\/\/ruishengglassco.com\/product\/rs111-50cl-custom-liquor-glass-bottle-suppliers","name":"Fornitori di bottiglie di liquore personalizzate | Bottiglie di alcol incise all'ingrosso","isPartOf":{"@id":"https:\/\/glassbottlewholesale.com\/#website"},"primaryImageOfPage":{"@id":"https:\/\/ruishengglassco.com\/product\/rs111-50cl-custom-liquor-glass-bottle-suppliers#primaryimage"},"image":{"@id":"https:\/\/ruishengglassco.com\/product\/rs111-50cl-custom-liquor-glass-bottle-suppliers#primaryimage"},"thumbnailUrl":"https:\/\/glassbottlewholesale.com\/wp-content\/uploads\/2019\/10\/\u767d\u91527.jpg","datePublished":"2019-10-14T14:31:53+00:00","dateModified":"2025-07-10T00:54:26+00:00","description":"Bottiglia di liquore personalizzata dalla Cina bottiglia di vetro produttore e fornitore. Bottiglie di alcol incise all'ingrosso con prezzo di uscita dalla fabbrica.","breadcrumb":{"@id":"https:\/\/ruishengglassco.com\/product\/rs111-50cl-custom-liquor-glass-bottle-suppliers#breadcrumb"},"inLanguage":"it-IT","potentialAction":[{"@type":"ReadAction","target":["https:\/\/ruishengglassco.com\/product\/rs111-50cl-custom-liquor-glass-bottle-suppliers"]}]},{"@type":"ImageObject","inLanguage":"it-IT","@id":"https:\/\/ruishengglassco.com\/product\/rs111-50cl-custom-liquor-glass-bottle-suppliers#primaryimage","url":"https:\/\/glassbottlewholesale.com\/wp-content\/uploads\/2019\/10\/\u767d\u91527.jpg","contentUrl":"https:\/\/glassbottlewholesale.com\/wp-content\/uploads\/2019\/10\/\u767d\u91527.jpg","width":400,"height":400,"caption":"50cl Custom Liquor Glass Bottle Suppliers"},{"@type":"BreadcrumbList","@id":"https:\/\/ruishengglassco.com\/product\/rs111-50cl-custom-liquor-glass-bottle-suppliers#breadcrumb","itemListElement":[{"@type":"ListItem","position":1,"name":"Home","item":"https:\/\/glassbottlewholesale.com\/"},{"@type":"ListItem","position":2,"name":"Products","item":"https:\/\/glassbottlewholesale.com\/shop\/"},{"@type":"ListItem","position":3,"name":"RS111: 50cl Custom Liquor Glass Bottle Suppliers"}]},{"@type":"WebSite","@id":"https:\/\/glassbottlewholesale.com\/#website","url":"https:\/\/glassbottlewholesale.com\/","name":"Glass Bottle Wholesale","description":"","publisher":{"@id":"https:\/\/glassbottlewholesale.com\/#organization"},"potentialAction":[{"@type":"SearchAction","target":{"@type":"EntryPoint","urlTemplate":"https:\/\/glassbottlewholesale.com\/?s={search_term_string}"},"query-input":{"@type":"PropertyValueSpecification","valueRequired":true,"valueName":"search_term_string"}}],"inLanguage":"it-IT"},{"@type":"Organization","@id":"https:\/\/glassbottlewholesale.com\/#organization","name":"Glass Bottle Wholesale","url":"https:\/\/glassbottlewholesale.com\/","logo":{"@type":"ImageObject","inLanguage":"it-IT","@id":"https:\/\/glassbottlewholesale.com\/#\/schema\/logo\/image\/","url":"https:\/\/glassbottlewholesale.com\/wp-content\/uploads\/2023\/12\/ruisheng-logo.webp","contentUrl":"https:\/\/glassbottlewholesale.com\/wp-content\/uploads\/2023\/12\/ruisheng-logo.webp","width":400,"height":233,"caption":"Glass Bottle Wholesale"},"image":{"@id":"https:\/\/glassbottlewholesale.com\/#\/schema\/logo\/image\/"}}]}},"_links":{"self":[{"href":"https:\/\/glassbottlewholesale.com\/it\/wp-json\/wp\/v2\/product\/476","targetHints":{"allow":["GET"]}}],"collection":[{"href":"https:\/\/glassbottlewholesale.com\/it\/wp-json\/wp\/v2\/product"}],"about":[{"href":"https:\/\/glassbottlewholesale.com\/it\/wp-json\/wp\/v2\/types\/product"}],"replies":[{"embeddable":true,"href":"https:\/\/glassbottlewholesale.com\/it\/wp-json\/wp\/v2\/comments?post=476"}],"wp:featuredmedia":[{"embeddable":true,"href":"https:\/\/glassbottlewholesale.com\/it\/wp-json\/wp\/v2\/media\/477"}],"wp:attachment":[{"href":"https:\/\/glassbottlewholesale.com\/it\/wp-json\/wp\/v2\/media?parent=476"}],"wp:term":[{"taxonomy":"product_brand","embeddable":true,"href":"https:\/\/glassbottlewholesale.com\/it\/wp-json\/wp\/v2\/product_brand?post=476"},{"taxonomy":"product_cat","embeddable":true,"href":"https:\/\/glassbottlewholesale.com\/it\/wp-json\/wp\/v2\/product_cat?post=476"},{"taxonomy":"product_tag","embeddable":true,"href":"https:\/\/glassbottlewholesale.com\/it\/wp-json\/wp\/v2\/product_tag?post=476"}],"curies":[{"name":"wp","href":"https:\/\/api.w.org\/{rel}","templated":true}]}}