{"id":485,"date":"2019-10-15T12:31:02","date_gmt":"2019-10-15T12:31:02","guid":{"rendered":"https:\/\/queenchingglass.com\/?post_type=product&#038;p=485"},"modified":"2025-07-10T00:48:54","modified_gmt":"2025-07-10T00:48:54","slug":"bottiglie-di-vetro-sfuse-con-coperchi-allingrosso","status":"publish","type":"product","link":"https:\/\/glassbottlewholesale.com\/it\/bottiglie-di-vetro-sfuse-con-coperchi-allingrosso\/","title":{"rendered":"RS107: vendita all&#039;ingrosso di bottiglie di vetro sfuse con coperchio"},"content":{"rendered":"<div class=\"wpb-content-wrapper\"><div class=\"vc_row wpb_row vc_row-fluid\"><div class=\"wpb_column vc_column_container vc_col-sm-12\"><div class=\"vc_column-inner\"><div class=\"wpb_wrapper\">\n\t<div class=\"wpb_text_column wpb_content_element\" >\n\t\t<div class=\"wpb_wrapper\">\n\t\t\t<p>Do you want to bulk empty liquor bottles for sale? Ruisheng, the top corked glass bottles manufacturer, offers wide series of wholesale glass bottles with lids such as Boston round glass bottle, square glass bottle and custom shaped glass bottle, and special corked glass bottles for spirit, whiskey, brandy, rum, vodka, and etc.<\/p>\n<div>Fare un'attivit\u00e0 artigianale o spedire merce piegata ai clienti selezionando una<a href=\"https:\/\/ruishengglassco.com\/375ml-liquor-glass-bottle-manufacturer\">\u00a0bottiglia di vetro pi\u00f9 piccola<\/a> or larger wholesale glass bottle. Size is available from 50ml up to 1500ml. Custom orders can be accepted.\u00a0 Most glass\u00a0bottles for sale\u00a0are made by high fluent glass material that makes the body of liquor bottle more strong and beautiful. We guarantee that all of the clear glass bottles with caps are non-toxic, 100% recoverable, reusable, and safe for the earth.<\/div>\n<p>This 750ml\u00a0glass bottles wholesale has a unique shape, the top is wide and the bottom is thin, and he has a pattern on the side. We can also customize the bottles according to the drawings you provided, we can make any bottle you want.<\/p>\n<h4>The Information of Bulk Empty Liquor Bottles For Sale:<\/h4>\n<ul>\n<li>Materiale principale: vetro ad alta selce<\/li>\n<li>Tappo: tappo a vite<\/li>\n<li>Reference: RS107<\/li>\n<li>MOQ: 10000 PZ<\/li>\n<li>Capacit\u00e0: 700ml 750ml<\/li>\n<li>Pezzi\/ct: 24 pezzi<\/li>\n<li>Origine del luogo: Shandong, Cina<\/li>\n<li>Caratteristica: ecologico<\/li>\n<\/ul>\n<p>Ruisheng glass bottle has a long production history of 700ml\u00a0<a href=\"https:\/\/ruishengglassco.com\/glass-liquor-spirit-bottles\">produzione di bottiglie in vetro liquido<\/a>, all of the people involved are very experienced, we are very confident that we can make the product that you are satisfied. Ruisheng transparent glass bottle have been welcomed in Europe, the USA, Australia, America, etc. And all products enjoy a high reputation for innovation and functionality.<\/p>\n<p>Ruisheng bottiglia di vetro ha ora esteso un nuovo sito, e introdurre macchine avanzate, la nostra velocit\u00e0 di produzione \u00e8 molto pi\u00f9 alto di prima. Quindi faremo buone bottiglie alla data stabilita e consegneremo le merci a voi.<\/p>\n<p>If you want to buy bulk empty liquor bottles for sale, please\u00a0<a href=\"https:\/\/glassbottlewholesale.com\/it\/contact-us\/\">Contattaci<\/a>. We will reply you within 24hours.<\/p>\n<p>Hope you can place an order.<\/p>\n\n\t\t<\/div>\n\t<\/div>\n<\/div><\/div><\/div><\/div>\n<\/div>","protected":false},"excerpt":{"rendered":"<table class=\"tg\">\n<tbody>\n<tr>\n<th class=\"tg-24i8\" colspan=\"2\">700ml Glass Bottles and 750ml Clear Glass Bottles<\/th>\n<\/tr>\n<tr>\n<td class=\"tg-b7b8\">Materiale principale:<\/td>\n<td class=\"tg-b7b8\">Vetro selce alto<\/td>\n<\/tr>\n<tr>\n<td class=\"tg-yw4l\">Tappo:<\/td>\n<td class=\"tg-yw4l\">Tappo a vite<\/td>\n<\/tr>\n<tr>\n<td class=\"tg-b7b8\">Capacit\u00e0:<\/td>\n<td class=\"tg-b7b8\">700ml 750ml<\/td>\n<\/tr>\n<tr>\n<td class=\"tg-yw4l\">Caratteristica:<\/td>\n<td class=\"tg-yw4l\">Ecologico<\/td>\n<\/tr>\n<tr>\n<td class=\"tg-b7b8\">MOQ:<\/td>\n<td class=\"tg-b7b8\">10000 PZ<\/td>\n<\/tr>\n<tr>\n<td class=\"tg-yw4l\">Origine del luogo:<\/td>\n<td class=\"tg-yw4l\">Shandong, Cina<\/td>\n<\/tr>\n<tr>\n<td class=\"tg-b7b8\">Pezzi\/Cont.:<\/td>\n<td class=\"tg-b7b8\">24 pezzi<\/td>\n<\/tr>\n<tr>\n<td class=\"tg-yw4l\">Riferimento:<\/td>\n<td class=\"tg-yw4l\">RS107<\/td>\n<\/tr>\n<tr>\n<td class=\"tg-b7b8\">Modo di spedizione:<\/td>\n<td class=\"tg-b7b8\">Nave, espresso<\/td>\n<\/tr>\n<tr>\n<td class=\"tg-yw4l\">OEM\/ODM:<\/td>\n<td class=\"tg-yw4l\">All<\/td>\n<\/tr>\n<\/tbody>\n<\/table>","protected":false},"featured_media":4386,"comment_status":"open","ping_status":"closed","template":"","meta":[],"product_brand":[],"product_cat":[51,52,63],"product_tag":[],"class_list":{"0":"post-485","1":"product","2":"type-product","3":"status-publish","4":"has-post-thumbnail","6":"product_cat-700ml-glass-bottle","7":"product_cat-750ml-glass-bottle","8":"product_cat-liquor-bottle","9":"entry","10":"has-media","12":"first","13":"instock","14":"shipping-taxable","15":"product-type-simple"},"yoast_head":"<!-- This site is optimized with the Yoast SEO plugin v27.3 - https:\/\/yoast.com\/product\/yoast-seo-wordpress\/ -->\n<title>Bulk Empty Liquor Bottles For Sale | Wholesale Glass Bottles With Lids<\/title>\n<meta name=\"description\" content=\"Do you want to bulk empty liquor ottles for sale? Click here to wholesale glass bottles with lids for spirit. Factory Outlet Price&amp;Free Sample.\" \/>\n<meta name=\"robots\" content=\"index, follow, max-snippet:-1, max-image-preview:large, max-video-preview:-1\" \/>\n<link rel=\"canonical\" href=\"https:\/\/ruishengglassco.com\/product\/rs107-bulk-glass-bottles-with-lids-manufacturers\" \/>\n<meta property=\"og:locale\" content=\"it_IT\" \/>\n<meta property=\"og:type\" content=\"article\" \/>\n<meta property=\"og:title\" content=\"Bulk Empty Liquor Bottles For Sale | Wholesale Glass Bottles With Lids\" \/>\n<meta property=\"og:description\" content=\"Do you want to bulk empty liquor ottles for sale? Click here to wholesale glass bottles with lids for spirit. Factory Outlet Price&amp;Free Sample.\" \/>\n<meta property=\"og:url\" content=\"https:\/\/ruishengglassco.com\/product\/rs107-bulk-glass-bottles-with-lids-manufacturers\" \/>\n<meta property=\"og:site_name\" content=\"Glass Bottle Wholesale\" \/>\n<meta property=\"article:modified_time\" content=\"2025-07-10T00:48:54+00:00\" \/>\n<meta property=\"og:image\" content=\"https:\/\/glassbottlewholesale.com\/wp-content\/uploads\/2023\/12\/Bulk-Glass-Bottles-With-Lids-Wholesale.jpg\" \/>\n\t<meta property=\"og:image:width\" content=\"800\" \/>\n\t<meta property=\"og:image:height\" content=\"800\" \/>\n\t<meta property=\"og:image:type\" content=\"image\/jpeg\" \/>\n<meta name=\"twitter:card\" content=\"summary_large_image\" \/>\n<meta name=\"twitter:label1\" content=\"Tempo di lettura stimato\" \/>\n\t<meta name=\"twitter:data1\" content=\"2 minuti\" \/>\n<script type=\"application\/ld+json\" class=\"yoast-schema-graph\">{\"@context\":\"https:\\\/\\\/schema.org\",\"@graph\":[{\"@type\":\"WebPage\",\"@id\":\"https:\\\/\\\/glassbottlewholesale.com\\\/bulk-glass-bottles-with-lids-wholesale\\\/\",\"url\":\"https:\\\/\\\/ruishengglassco.com\\\/product\\\/rs107-bulk-glass-bottles-with-lids-manufacturers\",\"name\":\"Bulk Empty Liquor Bottles For Sale | Wholesale Glass Bottles With Lids\",\"isPartOf\":{\"@id\":\"https:\\\/\\\/glassbottlewholesale.com\\\/#website\"},\"primaryImageOfPage\":{\"@id\":\"https:\\\/\\\/ruishengglassco.com\\\/product\\\/rs107-bulk-glass-bottles-with-lids-manufacturers#primaryimage\"},\"image\":{\"@id\":\"https:\\\/\\\/ruishengglassco.com\\\/product\\\/rs107-bulk-glass-bottles-with-lids-manufacturers#primaryimage\"},\"thumbnailUrl\":\"https:\\\/\\\/glassbottlewholesale.com\\\/wp-content\\\/uploads\\\/2023\\\/12\\\/Bulk-Glass-Bottles-With-Lids-Wholesale.jpg\",\"datePublished\":\"2019-10-15T12:31:02+00:00\",\"dateModified\":\"2025-07-10T00:48:54+00:00\",\"description\":\"Do you want to bulk empty liquor ottles for sale? Click here to wholesale glass bottles with lids for spirit. Factory Outlet Price&Free Sample.\",\"breadcrumb\":{\"@id\":\"https:\\\/\\\/ruishengglassco.com\\\/product\\\/rs107-bulk-glass-bottles-with-lids-manufacturers#breadcrumb\"},\"inLanguage\":\"it-IT\",\"potentialAction\":[{\"@type\":\"ReadAction\",\"target\":[\"https:\\\/\\\/ruishengglassco.com\\\/product\\\/rs107-bulk-glass-bottles-with-lids-manufacturers\"]}]},{\"@type\":\"ImageObject\",\"inLanguage\":\"it-IT\",\"@id\":\"https:\\\/\\\/ruishengglassco.com\\\/product\\\/rs107-bulk-glass-bottles-with-lids-manufacturers#primaryimage\",\"url\":\"https:\\\/\\\/glassbottlewholesale.com\\\/wp-content\\\/uploads\\\/2023\\\/12\\\/Bulk-Glass-Bottles-With-Lids-Wholesale.jpg\",\"contentUrl\":\"https:\\\/\\\/glassbottlewholesale.com\\\/wp-content\\\/uploads\\\/2023\\\/12\\\/Bulk-Glass-Bottles-With-Lids-Wholesale.jpg\",\"width\":800,\"height\":800,\"caption\":\"Bulk Glass Bottles With Lids Wholesale\"},{\"@type\":\"BreadcrumbList\",\"@id\":\"https:\\\/\\\/ruishengglassco.com\\\/product\\\/rs107-bulk-glass-bottles-with-lids-manufacturers#breadcrumb\",\"itemListElement\":[{\"@type\":\"ListItem\",\"position\":1,\"name\":\"Home\",\"item\":\"https:\\\/\\\/glassbottlewholesale.com\\\/\"},{\"@type\":\"ListItem\",\"position\":2,\"name\":\"Products\",\"item\":\"https:\\\/\\\/glassbottlewholesale.com\\\/shop\\\/\"},{\"@type\":\"ListItem\",\"position\":3,\"name\":\"RS107: Bulk Glass Bottles With Lids Wholesale\"}]},{\"@type\":\"WebSite\",\"@id\":\"https:\\\/\\\/glassbottlewholesale.com\\\/#website\",\"url\":\"https:\\\/\\\/glassbottlewholesale.com\\\/\",\"name\":\"Glass Bottle Wholesale\",\"description\":\"\",\"publisher\":{\"@id\":\"https:\\\/\\\/glassbottlewholesale.com\\\/#organization\"},\"potentialAction\":[{\"@type\":\"SearchAction\",\"target\":{\"@type\":\"EntryPoint\",\"urlTemplate\":\"https:\\\/\\\/glassbottlewholesale.com\\\/?s={search_term_string}\"},\"query-input\":{\"@type\":\"PropertyValueSpecification\",\"valueRequired\":true,\"valueName\":\"search_term_string\"}}],\"inLanguage\":\"it-IT\"},{\"@type\":\"Organization\",\"@id\":\"https:\\\/\\\/glassbottlewholesale.com\\\/#organization\",\"name\":\"Glass Bottle Wholesale\",\"url\":\"https:\\\/\\\/glassbottlewholesale.com\\\/\",\"logo\":{\"@type\":\"ImageObject\",\"inLanguage\":\"it-IT\",\"@id\":\"https:\\\/\\\/glassbottlewholesale.com\\\/#\\\/schema\\\/logo\\\/image\\\/\",\"url\":\"https:\\\/\\\/glassbottlewholesale.com\\\/wp-content\\\/uploads\\\/2023\\\/12\\\/ruisheng-logo.webp\",\"contentUrl\":\"https:\\\/\\\/glassbottlewholesale.com\\\/wp-content\\\/uploads\\\/2023\\\/12\\\/ruisheng-logo.webp\",\"width\":400,\"height\":233,\"caption\":\"Glass Bottle Wholesale\"},\"image\":{\"@id\":\"https:\\\/\\\/glassbottlewholesale.com\\\/#\\\/schema\\\/logo\\\/image\\\/\"}}]}<\/script>\n<!-- \/ Yoast SEO plugin. -->","yoast_head_json":{"title":"Bulk Empty Liquor Bottles For Sale | Wholesale Glass Bottles With Lids","description":"Do you want to bulk empty liquor ottles for sale? Click here to wholesale glass bottles with lids for spirit. Factory Outlet Price&Free Sample.","robots":{"index":"index","follow":"follow","max-snippet":"max-snippet:-1","max-image-preview":"max-image-preview:large","max-video-preview":"max-video-preview:-1"},"canonical":"https:\/\/ruishengglassco.com\/product\/rs107-bulk-glass-bottles-with-lids-manufacturers","og_locale":"it_IT","og_type":"article","og_title":"Bulk Empty Liquor Bottles For Sale | Wholesale Glass Bottles With Lids","og_description":"Do you want to bulk empty liquor ottles for sale? Click here to wholesale glass bottles with lids for spirit. Factory Outlet Price&Free Sample.","og_url":"https:\/\/ruishengglassco.com\/product\/rs107-bulk-glass-bottles-with-lids-manufacturers","og_site_name":"Glass Bottle Wholesale","article_modified_time":"2025-07-10T00:48:54+00:00","og_image":[{"width":800,"height":800,"url":"https:\/\/glassbottlewholesale.com\/wp-content\/uploads\/2023\/12\/Bulk-Glass-Bottles-With-Lids-Wholesale.jpg","type":"image\/jpeg"}],"twitter_card":"summary_large_image","twitter_misc":{"Tempo di lettura stimato":"2 minuti"},"schema":{"@context":"https:\/\/schema.org","@graph":[{"@type":"WebPage","@id":"https:\/\/glassbottlewholesale.com\/bulk-glass-bottles-with-lids-wholesale\/","url":"https:\/\/ruishengglassco.com\/product\/rs107-bulk-glass-bottles-with-lids-manufacturers","name":"Bulk Empty Liquor Bottles For Sale | Wholesale Glass Bottles With Lids","isPartOf":{"@id":"https:\/\/glassbottlewholesale.com\/#website"},"primaryImageOfPage":{"@id":"https:\/\/ruishengglassco.com\/product\/rs107-bulk-glass-bottles-with-lids-manufacturers#primaryimage"},"image":{"@id":"https:\/\/ruishengglassco.com\/product\/rs107-bulk-glass-bottles-with-lids-manufacturers#primaryimage"},"thumbnailUrl":"https:\/\/glassbottlewholesale.com\/wp-content\/uploads\/2023\/12\/Bulk-Glass-Bottles-With-Lids-Wholesale.jpg","datePublished":"2019-10-15T12:31:02+00:00","dateModified":"2025-07-10T00:48:54+00:00","description":"Do you want to bulk empty liquor ottles for sale? Click here to wholesale glass bottles with lids for spirit. Factory Outlet Price&Free Sample.","breadcrumb":{"@id":"https:\/\/ruishengglassco.com\/product\/rs107-bulk-glass-bottles-with-lids-manufacturers#breadcrumb"},"inLanguage":"it-IT","potentialAction":[{"@type":"ReadAction","target":["https:\/\/ruishengglassco.com\/product\/rs107-bulk-glass-bottles-with-lids-manufacturers"]}]},{"@type":"ImageObject","inLanguage":"it-IT","@id":"https:\/\/ruishengglassco.com\/product\/rs107-bulk-glass-bottles-with-lids-manufacturers#primaryimage","url":"https:\/\/glassbottlewholesale.com\/wp-content\/uploads\/2023\/12\/Bulk-Glass-Bottles-With-Lids-Wholesale.jpg","contentUrl":"https:\/\/glassbottlewholesale.com\/wp-content\/uploads\/2023\/12\/Bulk-Glass-Bottles-With-Lids-Wholesale.jpg","width":800,"height":800,"caption":"Bulk Glass Bottles With Lids Wholesale"},{"@type":"BreadcrumbList","@id":"https:\/\/ruishengglassco.com\/product\/rs107-bulk-glass-bottles-with-lids-manufacturers#breadcrumb","itemListElement":[{"@type":"ListItem","position":1,"name":"Home","item":"https:\/\/glassbottlewholesale.com\/"},{"@type":"ListItem","position":2,"name":"Products","item":"https:\/\/glassbottlewholesale.com\/shop\/"},{"@type":"ListItem","position":3,"name":"RS107: Bulk Glass Bottles With Lids Wholesale"}]},{"@type":"WebSite","@id":"https:\/\/glassbottlewholesale.com\/#website","url":"https:\/\/glassbottlewholesale.com\/","name":"Glass Bottle Wholesale","description":"","publisher":{"@id":"https:\/\/glassbottlewholesale.com\/#organization"},"potentialAction":[{"@type":"SearchAction","target":{"@type":"EntryPoint","urlTemplate":"https:\/\/glassbottlewholesale.com\/?s={search_term_string}"},"query-input":{"@type":"PropertyValueSpecification","valueRequired":true,"valueName":"search_term_string"}}],"inLanguage":"it-IT"},{"@type":"Organization","@id":"https:\/\/glassbottlewholesale.com\/#organization","name":"Glass Bottle Wholesale","url":"https:\/\/glassbottlewholesale.com\/","logo":{"@type":"ImageObject","inLanguage":"it-IT","@id":"https:\/\/glassbottlewholesale.com\/#\/schema\/logo\/image\/","url":"https:\/\/glassbottlewholesale.com\/wp-content\/uploads\/2023\/12\/ruisheng-logo.webp","contentUrl":"https:\/\/glassbottlewholesale.com\/wp-content\/uploads\/2023\/12\/ruisheng-logo.webp","width":400,"height":233,"caption":"Glass Bottle Wholesale"},"image":{"@id":"https:\/\/glassbottlewholesale.com\/#\/schema\/logo\/image\/"}}]}},"_links":{"self":[{"href":"https:\/\/glassbottlewholesale.com\/it\/wp-json\/wp\/v2\/product\/485","targetHints":{"allow":["GET"]}}],"collection":[{"href":"https:\/\/glassbottlewholesale.com\/it\/wp-json\/wp\/v2\/product"}],"about":[{"href":"https:\/\/glassbottlewholesale.com\/it\/wp-json\/wp\/v2\/types\/product"}],"replies":[{"embeddable":true,"href":"https:\/\/glassbottlewholesale.com\/it\/wp-json\/wp\/v2\/comments?post=485"}],"wp:featuredmedia":[{"embeddable":true,"href":"https:\/\/glassbottlewholesale.com\/it\/wp-json\/wp\/v2\/media\/4386"}],"wp:attachment":[{"href":"https:\/\/glassbottlewholesale.com\/it\/wp-json\/wp\/v2\/media?parent=485"}],"wp:term":[{"taxonomy":"product_brand","embeddable":true,"href":"https:\/\/glassbottlewholesale.com\/it\/wp-json\/wp\/v2\/product_brand?post=485"},{"taxonomy":"product_cat","embeddable":true,"href":"https:\/\/glassbottlewholesale.com\/it\/wp-json\/wp\/v2\/product_cat?post=485"},{"taxonomy":"product_tag","embeddable":true,"href":"https:\/\/glassbottlewholesale.com\/it\/wp-json\/wp\/v2\/product_tag?post=485"}],"curies":[{"name":"wp","href":"https:\/\/api.w.org\/{rel}","templated":true}]}}