{"id":497,"date":"2019-10-15T12:38:52","date_gmt":"2019-10-15T12:38:52","guid":{"rendered":"https:\/\/queenchingglass.com\/?post_type=product&#038;p=497"},"modified":"2023-12-06T01:20:02","modified_gmt":"2023-12-06T01:20:02","slug":"acquistare-mini-bottiglie-di-vetro-sfuse","status":"publish","type":"product","link":"https:\/\/glassbottlewholesale.com\/it\/acquistare-mini-bottiglie-di-vetro-sfuse\/","title":{"rendered":"RS102: Acquista mini bottiglie di liquore sfuse"},"content":{"rendered":"<p>Volete acquistare mini bottiglie di vetro per liquori da un produttore affidabile di bottiglie per liquori in Cina? Ruisheng Glass Ltd. \u00e8 uno dei maggiori produttori di bottiglie per liquori in Cina. La nostra fabbrica produce principalmente bottiglie di vetro per liquori di grado superiore e medio, come le bottiglie di vetro bianco cristallo e le bottiglie di vetro bianco alto.<\/p>\n<p>Questa chiara bottiglia di vetro rotonda all'ingrosso \u00e8 uno dei principali volumi di bottiglie di vetro nella nostra fabbrica. Possiamo offrire diverse forme di bottiglie di vetro vuote come bottiglie di vetro a cilindro, bottiglie di vetro quadrate, bottiglie di vetro a piastra e bottiglie di vetro di forma personalizzata. E possiamo fare bottiglie di vetro per liquori di volume diverso come 100ml, 125ml, 250ml, 375ml, 500ml. 700ml, 750ml, 1000ml, 1750ml, 3000ml e altre bottiglie di vetro di volume personalizzato.<\/p>\n<h4>Informazioni sull'acquisto di mini bottiglie di liquore sfuse<\/h4>\n<ul>\n<li>Capacit\u00e0: 50 ml<\/li>\n<li>Forma: Rotondo<\/li>\n<li>Larghezza: 80 mm<\/li>\n<li>Lunghezza: 190 mm<\/li>\n<li>Tappo: A vite<\/li>\n<li>Colore: chiaro, trasparente<\/li>\n<li>Servizio: OEM\/ODM<\/li>\n<\/ul>\n<p>Abbiamo tre modi di confezionare le bottiglie di vetro rotonde chiare all'ingrosso e possiamo anche confezionare le bottiglie di vetro secondo la richiesta del cliente.<\/p>\n<p>La prima modalit\u00e0 di imballaggio delle bottiglie di vetro \u00e8 il cartone. Il cartone \u00e8 un cartone standard per l'esportazione. Se volete realizzare una scatola di imballaggio personalizzata, possiamo farlo anche per voi.<\/p>\n<p>La seconda modalit\u00e0 di confezionamento delle bottiglie di vetro per liquori \u00e8 l'imballaggio su pallet. Il pallet \u00e8 esente da fumigazione. Le dimensioni del pallet sono 100 x 120 cm.<\/p>\n<p>La terza modalit\u00e0 di imballaggio \u00e8 quella del cartone e del pallet. Il cartone \u00e8 un cartone standard per l'esportazione o una scatola di colore personalizzata, mentre il pallet \u00e8 privo di fumigazione.<\/p>\n<p>Se siete soddisfatti di questa bottiglia di vetro trasparente, vi prego di contattarmi in tempo. Se non vi piace, potete guardare le nostre altre bottiglie. Oppure vi dar\u00f2 il catalogo, potete scegliere quello che vi piace. Se siete interessati alle nostre bottiglie ermetiche di alcol, si prega di contattare con noi. Vi risponderemo entro 24 ore.<\/p>","protected":false},"excerpt":{"rendered":"<div class=\"col col-sm-6 col-xs-12\">\n<div id=\"slider-4582-product-image-carosel\" class=\"rt-carousel carousel-holder clearfix product-image-carosel rt-image-carousel\" data-item-width=\"1\" data-nav=\"true\" data-dots=\"false\" data-margin=\"15\" data-autoplay=\"true\" data-timeout=\"7500\" data-loop=\"false\" data-tablet-item-width=\"\" data-mobile-item-width=\"1\">\n<div class=\"owl-carousel owl-loaded owl-drag\">\n<div class=\"owl-nav\">\n<div class=\"owl-next disabled\">Le bottiglie di vetro trasparente Top Grade 50ml sono uno dei principali volumi di bottiglie di vetro della nostra fabbrica. Possiamo offrire diverse forme di bottiglie di vetro vuote come bottiglie di vetro a cilindro, bottiglie di vetro quadrate, bottiglie di vetro a piastra e bottiglie di vetro di forma personalizzata. E possiamo fare bottiglie di vetro per liquori di volume diverso come 100ml, 125ml, 250ml, 375ml, 500ml. 700ml, 750ml, 1000ml, 1750ml, 3000ml e altre bottiglie di vetro di volume personalizzato.<\/div>\n<\/div>\n<\/div>\n<\/div>\n<\/div>","protected":false},"featured_media":2120,"comment_status":"open","ping_status":"closed","template":"","meta":[],"product_brand":[],"product_cat":[58,63],"product_tag":[],"class_list":{"0":"post-497","1":"product","2":"type-product","3":"status-publish","4":"has-post-thumbnail","6":"product_cat-50ml-glass-bottle","7":"product_cat-liquor-bottle","8":"entry","9":"has-media","11":"first","12":"instock","13":"shipping-taxable","14":"product-type-simple"},"yoast_head":"<!-- This site is optimized with the Yoast SEO plugin v27.3 - https:\/\/yoast.com\/product\/yoast-seo-wordpress\/ -->\n<title>Buy Bulk Mini Liquor Bottles | Clear Round Glass Bottle Wholesale<\/title>\n<meta name=\"description\" content=\"Buy Bulk Mini Liquor Bottles Bulk From China Spirit Bottle Manufacturer. Factory Outlet&amp;Cheap Clear Round Glass Bottle Wholesale. Get Quote Now.\" \/>\n<meta name=\"robots\" content=\"index, follow, max-snippet:-1, max-image-preview:large, max-video-preview:-1\" \/>\n<link rel=\"canonical\" href=\"https:\/\/ruishengglassco.com\/product\/rs102buy-bulk-mini-liquor-bottles\" \/>\n<meta property=\"og:locale\" content=\"it_IT\" \/>\n<meta property=\"og:type\" content=\"article\" \/>\n<meta property=\"og:title\" content=\"Buy Bulk Mini Liquor Bottles | Clear Round Glass Bottle Wholesale\" \/>\n<meta property=\"og:description\" content=\"Buy Bulk Mini Liquor Bottles Bulk From China Spirit Bottle Manufacturer. Factory Outlet&amp;Cheap Clear Round Glass Bottle Wholesale. Get Quote Now.\" \/>\n<meta property=\"og:url\" content=\"https:\/\/ruishengglassco.com\/product\/rs102buy-bulk-mini-liquor-bottles\" \/>\n<meta property=\"og:site_name\" content=\"Glass Bottle Wholesale\" \/>\n<meta property=\"article:modified_time\" content=\"2023-12-06T01:20:02+00:00\" \/>\n<meta property=\"og:image\" content=\"https:\/\/glassbottlewholesale.com\/wp-content\/uploads\/2019\/10\/E7_99_BD_E9_85_9217_c79fbe74210dfca01a387fdec5bd86e5.jpg\" \/>\n\t<meta property=\"og:image:width\" content=\"640\" \/>\n\t<meta property=\"og:image:height\" content=\"640\" \/>\n\t<meta property=\"og:image:type\" content=\"image\/jpeg\" \/>\n<meta name=\"twitter:card\" content=\"summary_large_image\" \/>\n<meta name=\"twitter:label1\" content=\"Tempo di lettura stimato\" \/>\n\t<meta name=\"twitter:data1\" content=\"2 minuti\" \/>\n<script type=\"application\/ld+json\" class=\"yoast-schema-graph\">{\"@context\":\"https:\\\/\\\/schema.org\",\"@graph\":[{\"@type\":\"WebPage\",\"@id\":\"https:\\\/\\\/glassbottlewholesale.com\\\/buy-bulk-mini-glass-bottles\\\/\",\"url\":\"https:\\\/\\\/ruishengglassco.com\\\/product\\\/rs102buy-bulk-mini-liquor-bottles\",\"name\":\"Buy Bulk Mini Liquor Bottles | Clear Round Glass Bottle Wholesale\",\"isPartOf\":{\"@id\":\"https:\\\/\\\/glassbottlewholesale.com\\\/#website\"},\"primaryImageOfPage\":{\"@id\":\"https:\\\/\\\/ruishengglassco.com\\\/product\\\/rs102buy-bulk-mini-liquor-bottles#primaryimage\"},\"image\":{\"@id\":\"https:\\\/\\\/ruishengglassco.com\\\/product\\\/rs102buy-bulk-mini-liquor-bottles#primaryimage\"},\"thumbnailUrl\":\"https:\\\/\\\/glassbottlewholesale.com\\\/wp-content\\\/uploads\\\/2019\\\/10\\\/E7_99_BD_E9_85_9217_c79fbe74210dfca01a387fdec5bd86e5.jpg\",\"datePublished\":\"2019-10-15T12:38:52+00:00\",\"dateModified\":\"2023-12-06T01:20:02+00:00\",\"description\":\"Buy Bulk Mini Liquor Bottles Bulk From China Spirit Bottle Manufacturer. Factory Outlet&Cheap Clear Round Glass Bottle Wholesale. Get Quote Now.\",\"breadcrumb\":{\"@id\":\"https:\\\/\\\/ruishengglassco.com\\\/product\\\/rs102buy-bulk-mini-liquor-bottles#breadcrumb\"},\"inLanguage\":\"it-IT\",\"potentialAction\":[{\"@type\":\"ReadAction\",\"target\":[\"https:\\\/\\\/ruishengglassco.com\\\/product\\\/rs102buy-bulk-mini-liquor-bottles\"]}]},{\"@type\":\"ImageObject\",\"inLanguage\":\"it-IT\",\"@id\":\"https:\\\/\\\/ruishengglassco.com\\\/product\\\/rs102buy-bulk-mini-liquor-bottles#primaryimage\",\"url\":\"https:\\\/\\\/glassbottlewholesale.com\\\/wp-content\\\/uploads\\\/2019\\\/10\\\/E7_99_BD_E9_85_9217_c79fbe74210dfca01a387fdec5bd86e5.jpg\",\"contentUrl\":\"https:\\\/\\\/glassbottlewholesale.com\\\/wp-content\\\/uploads\\\/2019\\\/10\\\/E7_99_BD_E9_85_9217_c79fbe74210dfca01a387fdec5bd86e5.jpg\",\"width\":640,\"height\":640,\"caption\":\"Buy Bulk Mini Glass Bottles\"},{\"@type\":\"BreadcrumbList\",\"@id\":\"https:\\\/\\\/ruishengglassco.com\\\/product\\\/rs102buy-bulk-mini-liquor-bottles#breadcrumb\",\"itemListElement\":[{\"@type\":\"ListItem\",\"position\":1,\"name\":\"Home\",\"item\":\"https:\\\/\\\/glassbottlewholesale.com\\\/\"},{\"@type\":\"ListItem\",\"position\":2,\"name\":\"Products\",\"item\":\"https:\\\/\\\/glassbottlewholesale.com\\\/shop\\\/\"},{\"@type\":\"ListItem\",\"position\":3,\"name\":\"RS102:Buy Bulk Mini Liquor Bottles\"}]},{\"@type\":\"WebSite\",\"@id\":\"https:\\\/\\\/glassbottlewholesale.com\\\/#website\",\"url\":\"https:\\\/\\\/glassbottlewholesale.com\\\/\",\"name\":\"Glass Bottle Wholesale\",\"description\":\"\",\"publisher\":{\"@id\":\"https:\\\/\\\/glassbottlewholesale.com\\\/#organization\"},\"potentialAction\":[{\"@type\":\"SearchAction\",\"target\":{\"@type\":\"EntryPoint\",\"urlTemplate\":\"https:\\\/\\\/glassbottlewholesale.com\\\/?s={search_term_string}\"},\"query-input\":{\"@type\":\"PropertyValueSpecification\",\"valueRequired\":true,\"valueName\":\"search_term_string\"}}],\"inLanguage\":\"it-IT\"},{\"@type\":\"Organization\",\"@id\":\"https:\\\/\\\/glassbottlewholesale.com\\\/#organization\",\"name\":\"Glass Bottle Wholesale\",\"url\":\"https:\\\/\\\/glassbottlewholesale.com\\\/\",\"logo\":{\"@type\":\"ImageObject\",\"inLanguage\":\"it-IT\",\"@id\":\"https:\\\/\\\/glassbottlewholesale.com\\\/#\\\/schema\\\/logo\\\/image\\\/\",\"url\":\"https:\\\/\\\/glassbottlewholesale.com\\\/wp-content\\\/uploads\\\/2023\\\/12\\\/ruisheng-logo.webp\",\"contentUrl\":\"https:\\\/\\\/glassbottlewholesale.com\\\/wp-content\\\/uploads\\\/2023\\\/12\\\/ruisheng-logo.webp\",\"width\":400,\"height\":233,\"caption\":\"Glass Bottle Wholesale\"},\"image\":{\"@id\":\"https:\\\/\\\/glassbottlewholesale.com\\\/#\\\/schema\\\/logo\\\/image\\\/\"}}]}<\/script>\n<!-- \/ Yoast SEO plugin. -->","yoast_head_json":{"title":"Acquista mini bottiglie di liquore sfuse | Commercio all&#039;ingrosso di bottiglie di vetro rotonde trasparenti","description":"Acquista bottiglie di liquore mini sfuse sfuse dal produttore cinese di bottiglie di liquori. Outlet di fabbrica e bottiglia di vetro trasparente rotonda economica all&#039;ingrosso. Ottieni un preventivo adesso.","robots":{"index":"index","follow":"follow","max-snippet":"max-snippet:-1","max-image-preview":"max-image-preview:large","max-video-preview":"max-video-preview:-1"},"canonical":"https:\/\/ruishengglassco.com\/product\/rs102buy-bulk-mini-liquor-bottles","og_locale":"it_IT","og_type":"article","og_title":"Buy Bulk Mini Liquor Bottles | Clear Round Glass Bottle Wholesale","og_description":"Buy Bulk Mini Liquor Bottles Bulk From China Spirit Bottle Manufacturer. Factory Outlet&Cheap Clear Round Glass Bottle Wholesale. Get Quote Now.","og_url":"https:\/\/ruishengglassco.com\/product\/rs102buy-bulk-mini-liquor-bottles","og_site_name":"Glass Bottle Wholesale","article_modified_time":"2023-12-06T01:20:02+00:00","og_image":[{"width":640,"height":640,"url":"https:\/\/glassbottlewholesale.com\/wp-content\/uploads\/2019\/10\/E7_99_BD_E9_85_9217_c79fbe74210dfca01a387fdec5bd86e5.jpg","type":"image\/jpeg"}],"twitter_card":"summary_large_image","twitter_misc":{"Tempo di lettura stimato":"2 minuti"},"schema":{"@context":"https:\/\/schema.org","@graph":[{"@type":"WebPage","@id":"https:\/\/glassbottlewholesale.com\/buy-bulk-mini-glass-bottles\/","url":"https:\/\/ruishengglassco.com\/product\/rs102buy-bulk-mini-liquor-bottles","name":"Acquista mini bottiglie di liquore sfuse | Commercio all&#039;ingrosso di bottiglie di vetro rotonde trasparenti","isPartOf":{"@id":"https:\/\/glassbottlewholesale.com\/#website"},"primaryImageOfPage":{"@id":"https:\/\/ruishengglassco.com\/product\/rs102buy-bulk-mini-liquor-bottles#primaryimage"},"image":{"@id":"https:\/\/ruishengglassco.com\/product\/rs102buy-bulk-mini-liquor-bottles#primaryimage"},"thumbnailUrl":"https:\/\/glassbottlewholesale.com\/wp-content\/uploads\/2019\/10\/E7_99_BD_E9_85_9217_c79fbe74210dfca01a387fdec5bd86e5.jpg","datePublished":"2019-10-15T12:38:52+00:00","dateModified":"2023-12-06T01:20:02+00:00","description":"Acquista bottiglie di liquore mini sfuse sfuse dal produttore cinese di bottiglie di liquori. Outlet di fabbrica e bottiglia di vetro trasparente rotonda economica all&#039;ingrosso. Ottieni un preventivo adesso.","breadcrumb":{"@id":"https:\/\/ruishengglassco.com\/product\/rs102buy-bulk-mini-liquor-bottles#breadcrumb"},"inLanguage":"it-IT","potentialAction":[{"@type":"ReadAction","target":["https:\/\/ruishengglassco.com\/product\/rs102buy-bulk-mini-liquor-bottles"]}]},{"@type":"ImageObject","inLanguage":"it-IT","@id":"https:\/\/ruishengglassco.com\/product\/rs102buy-bulk-mini-liquor-bottles#primaryimage","url":"https:\/\/glassbottlewholesale.com\/wp-content\/uploads\/2019\/10\/E7_99_BD_E9_85_9217_c79fbe74210dfca01a387fdec5bd86e5.jpg","contentUrl":"https:\/\/glassbottlewholesale.com\/wp-content\/uploads\/2019\/10\/E7_99_BD_E9_85_9217_c79fbe74210dfca01a387fdec5bd86e5.jpg","width":640,"height":640,"caption":"Buy Bulk Mini Glass Bottles"},{"@type":"BreadcrumbList","@id":"https:\/\/ruishengglassco.com\/product\/rs102buy-bulk-mini-liquor-bottles#breadcrumb","itemListElement":[{"@type":"ListItem","position":1,"name":"Home","item":"https:\/\/glassbottlewholesale.com\/"},{"@type":"ListItem","position":2,"name":"Products","item":"https:\/\/glassbottlewholesale.com\/shop\/"},{"@type":"ListItem","position":3,"name":"RS102:Buy Bulk Mini Liquor Bottles"}]},{"@type":"WebSite","@id":"https:\/\/glassbottlewholesale.com\/#website","url":"https:\/\/glassbottlewholesale.com\/","name":"Glass Bottle Wholesale","description":"","publisher":{"@id":"https:\/\/glassbottlewholesale.com\/#organization"},"potentialAction":[{"@type":"SearchAction","target":{"@type":"EntryPoint","urlTemplate":"https:\/\/glassbottlewholesale.com\/?s={search_term_string}"},"query-input":{"@type":"PropertyValueSpecification","valueRequired":true,"valueName":"search_term_string"}}],"inLanguage":"it-IT"},{"@type":"Organization","@id":"https:\/\/glassbottlewholesale.com\/#organization","name":"Glass Bottle Wholesale","url":"https:\/\/glassbottlewholesale.com\/","logo":{"@type":"ImageObject","inLanguage":"it-IT","@id":"https:\/\/glassbottlewholesale.com\/#\/schema\/logo\/image\/","url":"https:\/\/glassbottlewholesale.com\/wp-content\/uploads\/2023\/12\/ruisheng-logo.webp","contentUrl":"https:\/\/glassbottlewholesale.com\/wp-content\/uploads\/2023\/12\/ruisheng-logo.webp","width":400,"height":233,"caption":"Glass Bottle Wholesale"},"image":{"@id":"https:\/\/glassbottlewholesale.com\/#\/schema\/logo\/image\/"}}]}},"_links":{"self":[{"href":"https:\/\/glassbottlewholesale.com\/it\/wp-json\/wp\/v2\/product\/497","targetHints":{"allow":["GET"]}}],"collection":[{"href":"https:\/\/glassbottlewholesale.com\/it\/wp-json\/wp\/v2\/product"}],"about":[{"href":"https:\/\/glassbottlewholesale.com\/it\/wp-json\/wp\/v2\/types\/product"}],"replies":[{"embeddable":true,"href":"https:\/\/glassbottlewholesale.com\/it\/wp-json\/wp\/v2\/comments?post=497"}],"wp:featuredmedia":[{"embeddable":true,"href":"https:\/\/glassbottlewholesale.com\/it\/wp-json\/wp\/v2\/media\/2120"}],"wp:attachment":[{"href":"https:\/\/glassbottlewholesale.com\/it\/wp-json\/wp\/v2\/media?parent=497"}],"wp:term":[{"taxonomy":"product_brand","embeddable":true,"href":"https:\/\/glassbottlewholesale.com\/it\/wp-json\/wp\/v2\/product_brand?post=497"},{"taxonomy":"product_cat","embeddable":true,"href":"https:\/\/glassbottlewholesale.com\/it\/wp-json\/wp\/v2\/product_cat?post=497"},{"taxonomy":"product_tag","embeddable":true,"href":"https:\/\/glassbottlewholesale.com\/it\/wp-json\/wp\/v2\/product_tag?post=497"}],"curies":[{"name":"wp","href":"https:\/\/api.w.org\/{rel}","templated":true}]}}