{"id":511,"date":"2019-10-15T12:49:01","date_gmt":"2019-10-15T12:49:01","guid":{"rendered":"https:\/\/queenchingglass.com\/?post_type=product&#038;p=511"},"modified":"2025-07-10T03:22:46","modified_gmt":"2025-07-10T03:22:46","slug":"bottiglie-di-vetro-rotonde-50cl-boston-allingrosso","status":"publish","type":"product","link":"https:\/\/glassbottlewholesale.com\/it\/bottiglie-di-vetro-rotonde-50cl-boston-allingrosso\/","title":{"rendered":"RS098: Vendita all&#039;ingrosso di bottiglie di vetro rotonde Boston da 50 cl"},"content":{"rendered":"<div class=\"wpb-content-wrapper\"><div class=\"vc_row wpb_row vc_row-fluid\"><div class=\"wpb_column vc_column_container vc_col-sm-12\"><div class=\"vc_column-inner\"><div class=\"wpb_wrapper\">\n\t<div class=\"wpb_text_column wpb_content_element\" >\n\t\t<div class=\"wpb_wrapper\">\n\t\t\t<p>Le bottiglie di vetro rotonde Boston da 50cl all'ingrosso sono realizzate con materiale di qualit\u00e0 superiore proveniente dalla Cina. Queste bottiglie di liquore a buon mercato all'ingrosso \u00e8 utilizzato per contenere vodka, whisky, liquori, bevande e altri liquidi.<\/p>\n<p>La nostra fabbrica -\u00a0<a href=\"https:\/\/ruishengglassco.com\/about\">Shandong Yuncheng Ruisheng Glass Co., Ltd.<\/a> si trova nella contea di Yuncheng, famosa per la produzione di imballaggi per liquori. La nostra fabbrica pu\u00f2 offrire l'ordine da una bottiglia di vetro trasparente a un'elaborazione profonda delle bottiglie.<\/p>\n<p>Nella nostra fabbrica ci sono 12 linee di produzione per le bottiglie di vetro, sia macchine completamente automatiche che semiautomatiche. La nostra produzione giornaliera \u00e8 di circa 120.000 pezzi. Non importa quanti <a href=\"https:\/\/ruishengglassco.com\/glass-liquor-spirit-bottles\">bottiglie di vetro per liquori<\/a> che ordinate, siamo tutti in grado di finirlo in tempo. La nostra fabbrica ha pi\u00f9 di 500 dipendenti e un gruppo di esperti QC e designer. Possiamo progettare e realizzare le bottiglie di vetro personalizzate dopo aver ottenuto la vostra foto o idea.<\/p>\n<h4>I dettagli delle bottiglie rotonde in vetro Boston da 50cl<\/h4>\n<p>Questo 50cl Boston bottiglie di vetro rotonde all'ingrosso \u00e8 fatto dal materiale di vetro alto selce. Questo materiale \u00e8 il grado superiore per le bottiglie di vetro di uso quotidiano. Il peso della bottiglia di vetro \u00e8 di 580 \u00b1 10 g e la sua capacit\u00e0 \u00e8 di 520 \u00b1 10 ml. Le dimensioni della bottiglia di vetro sono 84,2x 192,2 mm. Il diametro \u00e8 di 84,2 mm e l'altezza di 192,2 mm. Lo spessore del fondo \u00e8 di 19\u00b1 2 mm.<\/p>\n<h4>Il tempo di consegna di queste bottiglie di liquore a buon mercato all'ingrosso<\/h4>\n<p>Bottiglie di vetro in stock<\/p>\n<p>Possiamo spedirli immediatamente. Il tempo di arrivo dipende dal tempo di transito verso la destinazione finale.<\/p>\n<p>Le bottiglie di vetro con stampo esistente<\/p>\n<p>Queste bottiglie di vetro saranno spedite entro 20-30 giorni. Il tempo di arrivo dipende dal tempo di transito verso la destinazione finale.<\/p>\n<p>Le bottiglie di vetro personalizzate<\/p>\n<p>Il tempo di stampaggio \u00e8 di circa 15-20 giorni e il tempo di consegna per la produzione di massa \u00e8 di circa 20-30 giorni, in base al nostro programma di produzione. Il tempo di arrivo dipende dal tempo di transito verso la destinazione finale.<\/p>\n<p>Se si desidera acquistare bottiglie di vetro rotonde Boston da 50cl, oppure<a href=\"https:\/\/ruishengglassco.com\/\">\u00a0bottiglie di vetro all'ingrosso<\/a>, si prega di contattarci tramite il nostro sito web di contatto, vi contatteremo il pi\u00f9 presto possibile.<\/p>\n\n\t\t<\/div>\n\t<\/div>\n<\/div><\/div><\/div><\/div>\n<\/div>","protected":false},"excerpt":{"rendered":"<p>Se siete interessati a questo 500ml bottiglie di vetro Boston, si prega di contattare con noi. Vi risponderemo entro 24 ore.<\/p>","protected":false},"featured_media":2140,"comment_status":"open","ping_status":"closed","template":"","meta":[],"product_brand":[],"product_cat":[50,64],"product_tag":[],"class_list":{"0":"post-511","1":"product","2":"type-product","3":"status-publish","4":"has-post-thumbnail","6":"product_cat-500ml-glass-bottle","7":"product_cat-gin-bottle","8":"entry","9":"has-media","11":"first","12":"instock","13":"shipping-taxable","14":"product-type-simple"},"yoast_head":"<!-- This site is optimized with the Yoast SEO plugin v27.3 - https:\/\/yoast.com\/product\/yoast-seo-wordpress\/ -->\n<title>Cheap Liquor Bottles Wholesale | 50cl Boston Round Glass Bottles Bulk<\/title>\n<meta name=\"description\" content=\"Want To Buy Cheap Liquor Bottles Wholesale? Click here to know 50cl Boston Round Glass Bottles Bulk From China Liquor Bottle Manufacturing Factory.\" \/>\n<meta name=\"robots\" content=\"index, follow, max-snippet:-1, max-image-preview:large, max-video-preview:-1\" \/>\n<link rel=\"canonical\" href=\"https:\/\/ruishengglassco.com\/product\/rs09850cl-boston-round-glass-bottles-wholesale\" \/>\n<meta property=\"og:locale\" content=\"it_IT\" \/>\n<meta property=\"og:type\" content=\"article\" \/>\n<meta property=\"og:title\" content=\"Cheap Liquor Bottles Wholesale | 50cl Boston Round Glass Bottles Bulk\" \/>\n<meta property=\"og:description\" content=\"Want To Buy Cheap Liquor Bottles Wholesale? Click here to know 50cl Boston Round Glass Bottles Bulk From China Liquor Bottle Manufacturing Factory.\" \/>\n<meta property=\"og:url\" content=\"https:\/\/ruishengglassco.com\/product\/rs09850cl-boston-round-glass-bottles-wholesale\" \/>\n<meta property=\"og:site_name\" content=\"Glass Bottle Wholesale\" \/>\n<meta property=\"article:modified_time\" content=\"2025-07-10T03:22:46+00:00\" \/>\n<meta property=\"og:image\" content=\"https:\/\/glassbottlewholesale.com\/wp-content\/uploads\/2019\/10\/E6_9D_9C_E6_9D_BE_E5_AD_902_6f895d2c4b90e8542569142af75a7d62.jpg\" \/>\n\t<meta property=\"og:image:width\" content=\"400\" \/>\n\t<meta property=\"og:image:height\" content=\"400\" \/>\n\t<meta property=\"og:image:type\" content=\"image\/jpeg\" \/>\n<meta name=\"twitter:card\" content=\"summary_large_image\" \/>\n<meta name=\"twitter:label1\" content=\"Tempo di lettura stimato\" \/>\n\t<meta name=\"twitter:data1\" content=\"2 minuti\" \/>\n<script type=\"application\/ld+json\" class=\"yoast-schema-graph\">{\"@context\":\"https:\\\/\\\/schema.org\",\"@graph\":[{\"@type\":\"WebPage\",\"@id\":\"https:\\\/\\\/glassbottlewholesale.com\\\/50cl-boston-round-glass-bottles-wholesale\\\/\",\"url\":\"https:\\\/\\\/ruishengglassco.com\\\/product\\\/rs09850cl-boston-round-glass-bottles-wholesale\",\"name\":\"Cheap Liquor Bottles Wholesale | 50cl Boston Round Glass Bottles Bulk\",\"isPartOf\":{\"@id\":\"https:\\\/\\\/glassbottlewholesale.com\\\/#website\"},\"primaryImageOfPage\":{\"@id\":\"https:\\\/\\\/ruishengglassco.com\\\/product\\\/rs09850cl-boston-round-glass-bottles-wholesale#primaryimage\"},\"image\":{\"@id\":\"https:\\\/\\\/ruishengglassco.com\\\/product\\\/rs09850cl-boston-round-glass-bottles-wholesale#primaryimage\"},\"thumbnailUrl\":\"https:\\\/\\\/glassbottlewholesale.com\\\/wp-content\\\/uploads\\\/2019\\\/10\\\/E6_9D_9C_E6_9D_BE_E5_AD_902_6f895d2c4b90e8542569142af75a7d62.jpg\",\"datePublished\":\"2019-10-15T12:49:01+00:00\",\"dateModified\":\"2025-07-10T03:22:46+00:00\",\"description\":\"Want To Buy Cheap Liquor Bottles Wholesale? Click here to know 50cl Boston Round Glass Bottles Bulk From China Liquor Bottle Manufacturing Factory.\",\"breadcrumb\":{\"@id\":\"https:\\\/\\\/ruishengglassco.com\\\/product\\\/rs09850cl-boston-round-glass-bottles-wholesale#breadcrumb\"},\"inLanguage\":\"it-IT\",\"potentialAction\":[{\"@type\":\"ReadAction\",\"target\":[\"https:\\\/\\\/ruishengglassco.com\\\/product\\\/rs09850cl-boston-round-glass-bottles-wholesale\"]}]},{\"@type\":\"ImageObject\",\"inLanguage\":\"it-IT\",\"@id\":\"https:\\\/\\\/ruishengglassco.com\\\/product\\\/rs09850cl-boston-round-glass-bottles-wholesale#primaryimage\",\"url\":\"https:\\\/\\\/glassbottlewholesale.com\\\/wp-content\\\/uploads\\\/2019\\\/10\\\/E6_9D_9C_E6_9D_BE_E5_AD_902_6f895d2c4b90e8542569142af75a7d62.jpg\",\"contentUrl\":\"https:\\\/\\\/glassbottlewholesale.com\\\/wp-content\\\/uploads\\\/2019\\\/10\\\/E6_9D_9C_E6_9D_BE_E5_AD_902_6f895d2c4b90e8542569142af75a7d62.jpg\",\"width\":400,\"height\":400,\"caption\":\"50cl Boston Round Glass Bottles Wholesale\"},{\"@type\":\"BreadcrumbList\",\"@id\":\"https:\\\/\\\/ruishengglassco.com\\\/product\\\/rs09850cl-boston-round-glass-bottles-wholesale#breadcrumb\",\"itemListElement\":[{\"@type\":\"ListItem\",\"position\":1,\"name\":\"Home\",\"item\":\"https:\\\/\\\/glassbottlewholesale.com\\\/\"},{\"@type\":\"ListItem\",\"position\":2,\"name\":\"Products\",\"item\":\"https:\\\/\\\/glassbottlewholesale.com\\\/shop\\\/\"},{\"@type\":\"ListItem\",\"position\":3,\"name\":\"RS098:50cl Boston Round Glass Bottles Wholesale\"}]},{\"@type\":\"WebSite\",\"@id\":\"https:\\\/\\\/glassbottlewholesale.com\\\/#website\",\"url\":\"https:\\\/\\\/glassbottlewholesale.com\\\/\",\"name\":\"Glass Bottle Wholesale\",\"description\":\"\",\"publisher\":{\"@id\":\"https:\\\/\\\/glassbottlewholesale.com\\\/#organization\"},\"potentialAction\":[{\"@type\":\"SearchAction\",\"target\":{\"@type\":\"EntryPoint\",\"urlTemplate\":\"https:\\\/\\\/glassbottlewholesale.com\\\/?s={search_term_string}\"},\"query-input\":{\"@type\":\"PropertyValueSpecification\",\"valueRequired\":true,\"valueName\":\"search_term_string\"}}],\"inLanguage\":\"it-IT\"},{\"@type\":\"Organization\",\"@id\":\"https:\\\/\\\/glassbottlewholesale.com\\\/#organization\",\"name\":\"Glass Bottle Wholesale\",\"url\":\"https:\\\/\\\/glassbottlewholesale.com\\\/\",\"logo\":{\"@type\":\"ImageObject\",\"inLanguage\":\"it-IT\",\"@id\":\"https:\\\/\\\/glassbottlewholesale.com\\\/#\\\/schema\\\/logo\\\/image\\\/\",\"url\":\"https:\\\/\\\/glassbottlewholesale.com\\\/wp-content\\\/uploads\\\/2023\\\/12\\\/ruisheng-logo.webp\",\"contentUrl\":\"https:\\\/\\\/glassbottlewholesale.com\\\/wp-content\\\/uploads\\\/2023\\\/12\\\/ruisheng-logo.webp\",\"width\":400,\"height\":233,\"caption\":\"Glass Bottle Wholesale\"},\"image\":{\"@id\":\"https:\\\/\\\/glassbottlewholesale.com\\\/#\\\/schema\\\/logo\\\/image\\\/\"}}]}<\/script>\n<!-- \/ Yoast SEO plugin. -->","yoast_head_json":{"title":"Bottiglie di liquore a buon mercato all'ingrosso | 50cl Boston bottiglie di vetro rotonde Bulk","description":"Vuoi acquistare bottiglie di liquore a buon mercato all'ingrosso? Clicca qui per conoscere le bottiglie di vetro rotonde Boston da 50cl alla rinfusa dalla fabbrica di produzione di bottiglie di liquore in Cina.","robots":{"index":"index","follow":"follow","max-snippet":"max-snippet:-1","max-image-preview":"max-image-preview:large","max-video-preview":"max-video-preview:-1"},"canonical":"https:\/\/ruishengglassco.com\/product\/rs09850cl-boston-round-glass-bottles-wholesale","og_locale":"it_IT","og_type":"article","og_title":"Cheap Liquor Bottles Wholesale | 50cl Boston Round Glass Bottles Bulk","og_description":"Want To Buy Cheap Liquor Bottles Wholesale? Click here to know 50cl Boston Round Glass Bottles Bulk From China Liquor Bottle Manufacturing Factory.","og_url":"https:\/\/ruishengglassco.com\/product\/rs09850cl-boston-round-glass-bottles-wholesale","og_site_name":"Glass Bottle Wholesale","article_modified_time":"2025-07-10T03:22:46+00:00","og_image":[{"width":400,"height":400,"url":"https:\/\/glassbottlewholesale.com\/wp-content\/uploads\/2019\/10\/E6_9D_9C_E6_9D_BE_E5_AD_902_6f895d2c4b90e8542569142af75a7d62.jpg","type":"image\/jpeg"}],"twitter_card":"summary_large_image","twitter_misc":{"Tempo di lettura stimato":"2 minuti"},"schema":{"@context":"https:\/\/schema.org","@graph":[{"@type":"WebPage","@id":"https:\/\/glassbottlewholesale.com\/50cl-boston-round-glass-bottles-wholesale\/","url":"https:\/\/ruishengglassco.com\/product\/rs09850cl-boston-round-glass-bottles-wholesale","name":"Bottiglie di liquore a buon mercato all'ingrosso | 50cl Boston bottiglie di vetro rotonde Bulk","isPartOf":{"@id":"https:\/\/glassbottlewholesale.com\/#website"},"primaryImageOfPage":{"@id":"https:\/\/ruishengglassco.com\/product\/rs09850cl-boston-round-glass-bottles-wholesale#primaryimage"},"image":{"@id":"https:\/\/ruishengglassco.com\/product\/rs09850cl-boston-round-glass-bottles-wholesale#primaryimage"},"thumbnailUrl":"https:\/\/glassbottlewholesale.com\/wp-content\/uploads\/2019\/10\/E6_9D_9C_E6_9D_BE_E5_AD_902_6f895d2c4b90e8542569142af75a7d62.jpg","datePublished":"2019-10-15T12:49:01+00:00","dateModified":"2025-07-10T03:22:46+00:00","description":"Vuoi acquistare bottiglie di liquore a buon mercato all'ingrosso? Clicca qui per conoscere le bottiglie di vetro rotonde Boston da 50cl alla rinfusa dalla fabbrica di produzione di bottiglie di liquore in Cina.","breadcrumb":{"@id":"https:\/\/ruishengglassco.com\/product\/rs09850cl-boston-round-glass-bottles-wholesale#breadcrumb"},"inLanguage":"it-IT","potentialAction":[{"@type":"ReadAction","target":["https:\/\/ruishengglassco.com\/product\/rs09850cl-boston-round-glass-bottles-wholesale"]}]},{"@type":"ImageObject","inLanguage":"it-IT","@id":"https:\/\/ruishengglassco.com\/product\/rs09850cl-boston-round-glass-bottles-wholesale#primaryimage","url":"https:\/\/glassbottlewholesale.com\/wp-content\/uploads\/2019\/10\/E6_9D_9C_E6_9D_BE_E5_AD_902_6f895d2c4b90e8542569142af75a7d62.jpg","contentUrl":"https:\/\/glassbottlewholesale.com\/wp-content\/uploads\/2019\/10\/E6_9D_9C_E6_9D_BE_E5_AD_902_6f895d2c4b90e8542569142af75a7d62.jpg","width":400,"height":400,"caption":"50cl Boston Round Glass Bottles Wholesale"},{"@type":"BreadcrumbList","@id":"https:\/\/ruishengglassco.com\/product\/rs09850cl-boston-round-glass-bottles-wholesale#breadcrumb","itemListElement":[{"@type":"ListItem","position":1,"name":"Home","item":"https:\/\/glassbottlewholesale.com\/"},{"@type":"ListItem","position":2,"name":"Products","item":"https:\/\/glassbottlewholesale.com\/shop\/"},{"@type":"ListItem","position":3,"name":"RS098:50cl Boston Round Glass Bottles Wholesale"}]},{"@type":"WebSite","@id":"https:\/\/glassbottlewholesale.com\/#website","url":"https:\/\/glassbottlewholesale.com\/","name":"Glass Bottle Wholesale","description":"","publisher":{"@id":"https:\/\/glassbottlewholesale.com\/#organization"},"potentialAction":[{"@type":"SearchAction","target":{"@type":"EntryPoint","urlTemplate":"https:\/\/glassbottlewholesale.com\/?s={search_term_string}"},"query-input":{"@type":"PropertyValueSpecification","valueRequired":true,"valueName":"search_term_string"}}],"inLanguage":"it-IT"},{"@type":"Organization","@id":"https:\/\/glassbottlewholesale.com\/#organization","name":"Glass Bottle Wholesale","url":"https:\/\/glassbottlewholesale.com\/","logo":{"@type":"ImageObject","inLanguage":"it-IT","@id":"https:\/\/glassbottlewholesale.com\/#\/schema\/logo\/image\/","url":"https:\/\/glassbottlewholesale.com\/wp-content\/uploads\/2023\/12\/ruisheng-logo.webp","contentUrl":"https:\/\/glassbottlewholesale.com\/wp-content\/uploads\/2023\/12\/ruisheng-logo.webp","width":400,"height":233,"caption":"Glass Bottle Wholesale"},"image":{"@id":"https:\/\/glassbottlewholesale.com\/#\/schema\/logo\/image\/"}}]}},"_links":{"self":[{"href":"https:\/\/glassbottlewholesale.com\/it\/wp-json\/wp\/v2\/product\/511","targetHints":{"allow":["GET"]}}],"collection":[{"href":"https:\/\/glassbottlewholesale.com\/it\/wp-json\/wp\/v2\/product"}],"about":[{"href":"https:\/\/glassbottlewholesale.com\/it\/wp-json\/wp\/v2\/types\/product"}],"replies":[{"embeddable":true,"href":"https:\/\/glassbottlewholesale.com\/it\/wp-json\/wp\/v2\/comments?post=511"}],"wp:featuredmedia":[{"embeddable":true,"href":"https:\/\/glassbottlewholesale.com\/it\/wp-json\/wp\/v2\/media\/2140"}],"wp:attachment":[{"href":"https:\/\/glassbottlewholesale.com\/it\/wp-json\/wp\/v2\/media?parent=511"}],"wp:term":[{"taxonomy":"product_brand","embeddable":true,"href":"https:\/\/glassbottlewholesale.com\/it\/wp-json\/wp\/v2\/product_brand?post=511"},{"taxonomy":"product_cat","embeddable":true,"href":"https:\/\/glassbottlewholesale.com\/it\/wp-json\/wp\/v2\/product_cat?post=511"},{"taxonomy":"product_tag","embeddable":true,"href":"https:\/\/glassbottlewholesale.com\/it\/wp-json\/wp\/v2\/product_tag?post=511"}],"curies":[{"name":"wp","href":"https:\/\/api.w.org\/{rel}","templated":true}]}}